{"id":26516,"date":"2026-02-20T05:25:06","date_gmt":"2026-02-20T05:25:06","guid":{"rendered":"https:\/\/comprasyconsejos.store\/product\/rc-drone-battery-quadcopter-drone-battery-replacement-3-7v-1800mah-lithium-ion-battery-replacement-for-uav-drone-for-e88-e88pro-e88max-e525-e99-e99pro-p1-p5pro-k3-s1-p8\/"},"modified":"2026-02-20T05:25:13","modified_gmt":"2026-02-20T05:25:13","slug":"rc-drone-battery-quadcopter-drone-battery-replacement-3-7v-1800mah-lithium-ion-battery-replacement-for-uav-drone-for-e88-e88pro-e88max-e525-e99-e99pro-p1-p5pro-k3-s1-p8","status":"publish","type":"product","link":"https:\/\/comprasyconsejos.store\/en\/product\/rc-drone-battery-quadcopter-drone-battery-replacement-3-7v-1800mah-lithium-ion-battery-replacement-for-uav-drone-for-e88-e88pro-e88max-e525-e99-e99pro-p1-p5pro-k3-s1-p8\/","title":{"rendered":"RC Drone Battery Quadcopter Drone Battery Replacement, 3.7V 1800mAh Lithium Ion Battery Replacement for UAV Drone for E88 E88PRO E88MAX E525 E99 E99PRO P1 P5PRO K3 S1 P8"},"content":{"rendered":"<p>Price: <span style=\"color:#b12704\">\u20ac10.99<\/span><br \/><i><small>(as of Feb 20, 2026 05:25:06 UTC &#8211; <span class=\"wp_automatic_amazon_disclaimer\" title=\"Product prices and availability are accurate as of the date\/time indicated and are subject to change. Any price and availability information displayed on [relevant Amazon Site(s), as applicable] at the time of purchase will apply to the purchase of this product.\">Details<\/span>)<\/small><\/i><\/p>\n<p><a href=\"https:\/\/amazon.es\/dp\/B0BS8J161L?tag=man008-21\"><img decoding=\"async\" src=\"https:\/\/valvepress.s3.amazonaws.com\/imgs\/buy_now.png\"><\/a><br \/>\n<\/p>\n<p>                                             Product Description   <\/p>\n<p>                                                                             <img decoding=\"async\" alt=\"2610220379011-1\" src=\"https:\/\/images-na.ssl-images-amazon.com\/images\/G\/01\/x-locale\/common\/grey-pixel.gif\" class=\"a-spacing-base a-lazy-loaded\" data-src=\"https:\/\/m.media-amazon.com\/images\/S\/aplus-media-library-service-media\/b353d818-1ddb-497b-a4e7-3e2b8faf71f4.__CR0,0,970,600_PT0_SX970_V1___.jpg\"><img decoding=\"async\" alt=\"2610220379011-1\" src=\"https:\/\/m.media-amazon.com\/images\/S\/aplus-media-library-service-media\/b353d818-1ddb-497b-a4e7-3e2b8faf71f4.__CR0,0,970,600_PT0_SX970_V1___.jpg\">                                         <\/p>\n<h3 class=\"a-spacing-mini\"> Batterie de Rechange pour Drone, 3.7V 1800mAh Li-ION, Compatible avec E88 E88PRO E88MAX E525 E99 E99PRO P1 P5PRO K3 S1 P8 Quadricopt\u00e8re UAV <\/h3>\n<p>                                                  <img decoding=\"async\" alt=\"YT\" src=\"https:\/\/images-na.ssl-images-amazon.com\/images\/G\/01\/x-locale\/common\/grey-pixel.gif\" class=\"a-lazy-loaded\" data-src=\"https:\/\/m.media-amazon.com\/images\/S\/aplus-media-library-service-media\/030a06b3-03ec-479f-abbf-b9f5fb7930aa.__CR0,0,300,300_PT0_SX300_V1___.jpg\"><img decoding=\"async\" alt=\"YT\" src=\"https:\/\/m.media-amazon.com\/images\/S\/aplus-media-library-service-media\/030a06b3-03ec-479f-abbf-b9f5fb7930aa.__CR0,0,300,300_PT0_SX300_V1___.jpg\">  <\/p>\n<p>Batterie de drone RC pratique : il s&#8217;agit d&#8217;une batterie de remplacement de drone quadricopt\u00e8re \u00e0 batterie RC assez pratique, elle adopte une batterie Li Ion qui a des performances stables, prend en charge une tension de 3,7 V et a une capacit\u00e9 de 1800 mAh, une faible perte d&#8217;\u00e9nergie, suffisante pour jouer pendant une longue p\u00e9riode. moment o\u00f9 il est compl\u00e8tement charg\u00e9 <\/p>\n<p>Installation et utilisation simples : il est assez simple et pratique d&#8217;utiliser ce remplacement de batterie Li Ion 3,7 V 1800 mAh pour drone, il est fabriqu\u00e9 sur la base de la norme d&#8217;usine d&#8217;origine, a une taille et une forme pr\u00e9cises, peut parfaitement s&#8217;adapter et remplacer directement les anciens ou cass\u00e9s. batterie, la conception de verrouillage de clip lui permet d&#8217;\u00eatre fermement fix\u00e9 sur le drone difficile \u00e0 tomber, beaucoup plus s\u00fbr pour l&#8217;utilisation <\/p>\n<p>satisfaisante : nous sommes une entreprise orient\u00e9e client qui se consacre \u00e0 fournir le meilleur produit et un service rapide. Si vous rencontrez des probl\u00e8mes avec ce produit, vous pouvez et nous vous aiderons \u00e0 r\u00e9soudre le probl\u00e8me d\u00e8s que possible. <\/p>\n<p class=\"apm-text-center\">\n                                                      <img decoding=\"async\" alt=\"1\" src=\"https:\/\/images-na.ssl-images-amazon.com\/images\/G\/01\/x-locale\/common\/grey-pixel.gif\" class=\"a-spacing-mini a-lazy-loaded\" data-src=\"https:\/\/m.media-amazon.com\/images\/S\/aplus-media-library-service-media\/296d8687-9078-4bba-863b-90b211c589f4.__CR0,0,300,300_PT0_SX300_V1___.jpg\"><img decoding=\"async\" alt=\"1\" src=\"https:\/\/m.media-amazon.com\/images\/S\/aplus-media-library-service-media\/296d8687-9078-4bba-863b-90b211c589f4.__CR0,0,300,300_PT0_SX300_V1___.jpg\">  <\/p>\n<p class=\"apm-text-center\">\n                                                      <img decoding=\"async\" alt=\"2610220379011-2\" src=\"https:\/\/images-na.ssl-images-amazon.com\/images\/G\/01\/x-locale\/common\/grey-pixel.gif\" class=\"a-spacing-mini a-lazy-loaded\" data-src=\"https:\/\/m.media-amazon.com\/images\/S\/aplus-media-library-service-media\/5c662598-d685-4394-8e81-ad0652724a41.__CR0,0,300,300_PT0_SX300_V1___.jpg\"><img decoding=\"async\" alt=\"2610220379011-2\" src=\"https:\/\/m.media-amazon.com\/images\/S\/aplus-media-library-service-media\/5c662598-d685-4394-8e81-ad0652724a41.__CR0,0,300,300_PT0_SX300_V1___.jpg\">  <\/p>\n<p class=\"apm-text-center\">\n                                                      <img decoding=\"async\" alt=\"2610220379011-3\" src=\"https:\/\/images-na.ssl-images-amazon.com\/images\/G\/01\/x-locale\/common\/grey-pixel.gif\" class=\"a-spacing-mini a-lazy-loaded\" data-src=\"https:\/\/m.media-amazon.com\/images\/S\/aplus-media-library-service-media\/1b7d79d6-85ac-47d4-ae54-a3b74e049ac5.__CR0,0,300,300_PT0_SX300_V1___.jpg\"><img decoding=\"async\" alt=\"2610220379011-3\" src=\"https:\/\/m.media-amazon.com\/images\/S\/aplus-media-library-service-media\/1b7d79d6-85ac-47d4-ae54-a3b74e049ac5.__CR0,0,300,300_PT0_SX300_V1___.jpg\">  <\/p>\n<p class=\"apm-text-center\">\n                                                      <img decoding=\"async\" alt=\"1\" src=\"https:\/\/images-na.ssl-images-amazon.com\/images\/G\/01\/x-locale\/common\/grey-pixel.gif\" class=\"a-spacing-mini a-lazy-loaded\" data-src=\"https:\/\/m.media-amazon.com\/images\/S\/aplus-media-library-service-media\/ab08d57d-155d-4d82-8873-83af2e602d37.__CR0,0,300,300_PT0_SX300_V1___.jpg\"><img decoding=\"async\" alt=\"1\" src=\"https:\/\/m.media-amazon.com\/images\/S\/aplus-media-library-service-media\/ab08d57d-155d-4d82-8873-83af2e602d37.__CR0,0,300,300_PT0_SX300_V1___.jpg\">  <\/p>\n<p class=\"apm-text-center\">\n                                                      <img decoding=\"async\" alt=\"2610220379011-2\" src=\"https:\/\/images-na.ssl-images-amazon.com\/images\/G\/01\/x-locale\/common\/grey-pixel.gif\" class=\"a-spacing-mini a-lazy-loaded\" data-src=\"https:\/\/m.media-amazon.com\/images\/S\/aplus-media-library-service-media\/d8757b60-c091-42ac-80f3-24ee8a765eed.__CR0,0,300,300_PT0_SX300_V1___.jpg\"><img decoding=\"async\" alt=\"2610220379011-2\" src=\"https:\/\/m.media-amazon.com\/images\/S\/aplus-media-library-service-media\/d8757b60-c091-42ac-80f3-24ee8a765eed.__CR0,0,300,300_PT0_SX300_V1___.jpg\">  <\/p>\n<p class=\"apm-text-center\">\n                                                      <img decoding=\"async\" alt=\"2610220379011-3\" src=\"https:\/\/images-na.ssl-images-amazon.com\/images\/G\/01\/x-locale\/common\/grey-pixel.gif\" class=\"a-spacing-mini a-lazy-loaded\" data-src=\"https:\/\/m.media-amazon.com\/images\/S\/aplus-media-library-service-media\/5cb7ad6a-f51a-4a9c-a408-81ccdb1a4177.__CR0,0,300,300_PT0_SX300_V1___.jpg\"><img decoding=\"async\" alt=\"2610220379011-3\" src=\"https:\/\/m.media-amazon.com\/images\/S\/aplus-media-library-service-media\/5cb7ad6a-f51a-4a9c-a408-81ccdb1a4177.__CR0,0,300,300_PT0_SX300_V1___.jpg\">  <\/p>\n<p>Caract\u00e9ristiques: <\/p>\n<p> Mod\u00e8les compatibles: batterie de drone RC, compatible avec le drone E88 E88PRO E88MAX E525 E99 E99PRO P1 P5PRO K3 S1 P8. <\/p>\n<p>Longue dur\u00e9e de vie de la batterie: batterie de drone t\u00e9l\u00e9command\u00e9e d&#8217;une capacit\u00e9 de 1800mAh et longue dur\u00e9e de vie pour fournir une alimentation continue \u00e0 votre drone. <\/p>\n<p>Compact et portable : la batterie de rechange pour drone a un design compact et l\u00e9ger qui est pratique \u00e0 transporter. <\/p>\n<p>Mat\u00e9riau de qualit\u00e9 sup\u00e9rieure : batterie de drone avec plastique ABS. bo\u00eetier, durable, robuste et stable \u00e0 utiliser, peut prot\u00e9ger la batterie. <\/p>\n<p>Pi\u00e8ces de rechange : accessoire de batterie professionnel RC UAV, facile \u00e0 installer et \u00e0 utiliser, peut am\u00e9liorer les performances de votre drone. <\/p>\n<p>  <\/p>\n<p> Sp\u00e9cification: <\/p>\n<p>Type d&#8217;article: batterie pour drone RC <\/p>\n<p>Mat\u00e9riel: ABS <\/p>\n<p>Tension: 3,7V <\/p>\n<p>Capacit\u00e9 de la batterie: batterie Li-ion 1800mAh (int\u00e9gr\u00e9e) <\/p>\n<p>Mod\u00e8les applicables: pour E88 E88PRO E88MAX E525 E99 E99PRO P1 P5PRO K3 S1 P8 <\/p>\n<p>  <\/p>\n<p>Liste des colis: <\/p>\n<p>1 x batterie de drone RC <\/p>\n<p>  <\/p>\n<p> Batteries                                            \u200f                                            :                                            \u200e                                            1 Lithium Ion batteries required.   <br \/> Package Dimensions                                            \u200f                                            :                                            \u200e                                            12.8 x 8.71 x 2.79 cm; 32 g   <br \/> ASIN                                            \u200f                                            :                                            \u200e                                            B0BS8J161L   <br \/> Item model number                                            \u200f                                            :                                            \u200e                                            Yosoo Health Gearrwzm2ysbtk   <br \/> Country\/Region of Origin                                            \u200f                                            :                                            \u200e                                            China   <br \/> Guaranteed software updates until                                            \u200f                                            :                                            \u200e                                            unknown   <br \/>  Customer reviews:                                                                                            3.8               3.8 out of 5 stars                                  (20)                                              var dpAcrHasRegisteredArcLinkClickAction;                    P.when(&#8216;A&#8217;, &#8216;ready&#8217;).execute(function(A) {                        if (dpAcrHasRegisteredArcLinkClickAction !== true) {                            dpAcrHasRegisteredArcLinkClickAction = true;                            A.declarative(                                &#8216;acrLink-click-metrics&#8217;, &#8216;click&#8217;,                                { \u00aballowLinkDefault\u00bb: true },                                function (event) {                                    if (window.ue) {                                        ue.count(\u00abacrLinkClickCount\u00bb, (ue.count(\u00abacrLinkClickCount\u00bb) || 0) + 1);                                    }                                }                            );                        }                    });                                             P.when(&#8216;A&#8217;, &#8216;cf&#8217;).execute(function(A) {                A.declarative(&#8216;acrStarsLink-click-metrics&#8217;, &#8216;click&#8217;, { \u00aballowLinkDefault\u00bb : true },  function(event){                    if(window.ue) {                        ue.count(\u00abacrStarsLinkWithPopoverClickCount\u00bb, (ue.count(\u00abacrStarsLinkWithPopoverClickCount\u00bb) || 0) + 1);                    }                });            });                          <\/p>\n<p>[Practical RC Drone Battery] This is a fairly practical RC drone battery quadcopter replacement battery, adopts lithium-ion battery which has stable performance, supports 3.7V voltage, and has a capacity of 1800mAh, low power loss, enough to play for a long time time when it is fully charged<br \/>[Simple Installation and Use]:It is quite simple and convenient to use this 3.7V 1800mAh lithium-ion battery replacement for Drone, it is made according to the original factory standard, has a precise size and shape, can fit perfectly and directly replace old or broken battery, the clip lock design allows it to be firmly fixed on the drone hard to fall, much safer to use<br \/>[Reliable Quality]:This Quadcopter drones replacement battery is made of quality thickened ABS plastic and electronic components, it has high hardness and strength, great resistance against impact and shock, hard to break or damage, has quite stable performance and difficult to error, durable and reliable to be used for a long life<br \/>[Wide Application] This is a great practical lithium ion drone battery replacement that has stable performance and sufficient capacity, simple and convenient to use, ideal replacement parts, can be widely used for E88 E88PRO E88MAX E525 E99 E99PRO P1 P5PRO K3 S1 P8 drones<br \/>[Satisfactory Guarantee]: We are a customer-oriented company that is dedicated to providing the best product and prompt service. If you have any problems with this product, you can contact us and we will help you solve the problem as soon as possible.<\/p>\n\n","protected":false},"excerpt":{"rendered":"<p> Product Description Batterie de Rechange pour Drone, 3.7V 1800mAh Li-ION, Compatible avec E88 E88PRO E88MAX<\/p>","protected":false},"featured_media":26517,"comment_status":"open","ping_status":"closed","template":"","meta":[],"product_brand":[],"product_cat":[98],"product_tag":[7798,3266,292,2845,2854,2852,2855,2853,2842,2844,2848,2846,2850,2838,2849,7801,6655,7800,6656,7802,7803,2839,2840,2843,6795,1255,2851,7804,2841,2847,2878,7799],"class_list":{"0":"post-26516","1":"product","2":"type-product","3":"status-publish","4":"has-post-thumbnail","6":"product_cat-drones","7":"product_tag-1800mah","8":"product_tag-3-7v","9":"product_tag-battery","10":"product_tag-beginner-drone","11":"product_tag-dji-drone","12":"product_tag-dji-mavic","13":"product_tag-dji-mini-2","14":"product_tag-drone","15":"product_tag-drone-accessories","16":"product_tag-drone-battery","17":"product_tag-drone-gimbal","18":"product_tag-drone-propellers","19":"product_tag-drone-spare-parts","20":"product_tag-drone-with-camera","21":"product_tag-drones-under-200","22":"product_tag-e525","23":"product_tag-e88","24":"product_tag-e88max","25":"product_tag-e88pro","26":"product_tag-e99","27":"product_tag-e99pro","28":"product_tag-foldable-drone","29":"product_tag-fpv-drone","30":"product_tag-hd-drone","31":"product_tag-ion","32":"product_tag-lithium","33":"product_tag-mini-drone","34":"product_tag-p5pro","35":"product_tag-quadcopter","36":"product_tag-remote-control-drone","37":"product_tag-replacement","38":"product_tag-uav","40":"first","41":"instock","42":"shipping-taxable","43":"product-type-external"},"_links":{"self":[{"href":"https:\/\/comprasyconsejos.store\/en\/wp-json\/wp\/v2\/product\/26516","targetHints":{"allow":["GET"]}}],"collection":[{"href":"https:\/\/comprasyconsejos.store\/en\/wp-json\/wp\/v2\/product"}],"about":[{"href":"https:\/\/comprasyconsejos.store\/en\/wp-json\/wp\/v2\/types\/product"}],"replies":[{"embeddable":true,"href":"https:\/\/comprasyconsejos.store\/en\/wp-json\/wp\/v2\/comments?post=26516"}],"version-history":[{"count":0,"href":"https:\/\/comprasyconsejos.store\/en\/wp-json\/wp\/v2\/product\/26516\/revisions"}],"wp:featuredmedia":[{"embeddable":true,"href":"https:\/\/comprasyconsejos.store\/en\/wp-json\/wp\/v2\/media\/26517"}],"wp:attachment":[{"href":"https:\/\/comprasyconsejos.store\/en\/wp-json\/wp\/v2\/media?parent=26516"}],"wp:term":[{"taxonomy":"product_brand","embeddable":true,"href":"https:\/\/comprasyconsejos.store\/en\/wp-json\/wp\/v2\/product_brand?post=26516"},{"taxonomy":"product_cat","embeddable":true,"href":"https:\/\/comprasyconsejos.store\/en\/wp-json\/wp\/v2\/product_cat?post=26516"},{"taxonomy":"product_tag","embeddable":true,"href":"https:\/\/comprasyconsejos.store\/en\/wp-json\/wp\/v2\/product_tag?post=26516"}],"curies":[{"name":"wp","href":"https:\/\/api.w.org\/{rel}","templated":true}]}}