{"id":26531,"date":"2026-02-20T05:39:40","date_gmt":"2026-02-20T05:39:40","guid":{"rendered":"https:\/\/comprasyconsejos.store\/product\/fritzbox-7530-ax-international-wifi-6-router-dual-band-1800-mbps-5-ghz-and-600-mbps-2-4-ghz-mesh-4-x-gigabit-lan-1-x-usb-3-0-spanish-interface\/"},"modified":"2026-02-20T05:39:43","modified_gmt":"2026-02-20T05:39:43","slug":"fritzbox-7530-ax-international-wifi-6-router-dual-band-1800-mbps-5-ghz-and-600-mbps-2-4-ghz-mesh-4-x-gigabit-lan-1-x-usb-3-0-spanish-interface","status":"publish","type":"product","link":"https:\/\/comprasyconsejos.store\/en\/product\/fritzbox-7530-ax-international-wifi-6-router-dual-band-1800-mbps-5-ghz-and-600-mbps-2-4-ghz-mesh-4-x-gigabit-lan-1-x-usb-3-0-spanish-interface\/","title":{"rendered":"Fritz!Box 7530 AX International WiFi 6 Router, Dual Band (1800 Mbps 5 GHz and 600 Mbps 2.4 GHz), Mesh, 4 x Gigabit LAN, 1 x USB 3.0, Spanish Interface"},"content":{"rendered":"<p>Price: <span style=\"color:#b12704\"><del>\u20ac199.99<\/del> - \u20ac162.31<\/span><br \/><i><small>(as of Feb 20, 2026 05:39:40 UTC &#8211; <span class=\"wp_automatic_amazon_disclaimer\" title=\"Product prices and availability are accurate as of the date\/time indicated and are subject to change. Any price and availability information displayed on [relevant Amazon Site(s), as applicable] at the time of purchase will apply to the purchase of this product.\">Details<\/span>)<\/small><\/i><\/p>\n<p><a href=\"https:\/\/amazon.es\/dp\/B09969QRJ5?tag=man008-21\"><img decoding=\"async\" src=\"https:\/\/valvepress.s3.amazonaws.com\/imgs\/buy_now.png\"><\/a><br \/>\n<\/p>\n<p>                                             From the brand   <\/p>\n<p>                                              <img decoding=\"async\" alt=\"ES_Brand_Story\" src=\"https:\/\/images-na.ssl-images-amazon.com\/images\/G\/01\/x-locale\/common\/grey-pixel.gif\" class=\"a-lazy-loaded\" data-src=\"https:\/\/m.media-amazon.com\/images\/S\/aplus-media-library-service-media\/6b4fc9d6-3542-4e1a-a048-33a68de481ab.__CR0,0,1464,625_PT0_SX1464_V1___.jpg\"><img decoding=\"async\" alt=\"ES_Brand_Story\" src=\"https:\/\/m.media-amazon.com\/images\/S\/aplus-media-library-service-media\/6b4fc9d6-3542-4e1a-a048-33a68de481ab.__CR0,0,1464,625_PT0_SX1464_V1___.jpg\">  <\/p>\n<p>                                              <img decoding=\"async\" alt=\"\" src=\"https:\/\/images-na.ssl-images-amazon.com\/images\/G\/01\/x-locale\/common\/grey-pixel.gif\" class=\"a-lazy-loaded\" data-src=\"https:\/\/m.media-amazon.com\/images\/S\/aplus-media-library-service-media\/53fdbaee-583d-4a5c-90b2-4fd8cc3b12f1.__CR53,0,1358,625_PT0_SX315_V1___.jpg\"><img decoding=\"async\" alt=\"\" src=\"https:\/\/m.media-amazon.com\/images\/S\/aplus-media-library-service-media\/53fdbaee-583d-4a5c-90b2-4fd8cc3b12f1.__CR53,0,1358,625_PT0_SX315_V1___.jpg\">  <\/p>\n<p> La empresa AVM se fund\u00f3 en 1986 en Berl\u00edn y desde entonces se ha centrado en el desarrollo propio de dispositivos de red seguros e innovadores, de gama alta. <\/p>\n<p> Nuestra marca FRITZ! es el aliado perfecto para tu red dom\u00e9stica. La pieza central es el FRITZ!Box. Repetidores Wi-Fi, adaptadores Powerline, tel\u00e9fonos, enchufes inteligentes y sticks Wi-Fi completan el amplio porfolio. Todos los productos se pueden combinar f\u00e1cilmente seg\u00fan sus necesidades. <\/p>\n<p>                                              <img decoding=\"async\" alt=\"\" src=\"https:\/\/images-na.ssl-images-amazon.com\/images\/G\/01\/x-locale\/common\/grey-pixel.gif\" class=\"a-lazy-loaded\" data-src=\"https:\/\/m.media-amazon.com\/images\/S\/aplus-media-library-service-media\/98ba57bb-a324-4811-a4af-10fd7f4c49c0.__CR0,0,630,290_PT0_SX315_V1___.jpg\"><img decoding=\"async\" alt=\"\" src=\"https:\/\/m.media-amazon.com\/images\/S\/aplus-media-library-service-media\/98ba57bb-a324-4811-a4af-10fd7f4c49c0.__CR0,0,630,290_PT0_SX315_V1___.jpg\">  <\/p>\n<p> Innovaci\u00f3n y ecosistema <\/p>\n<p> La \u00faltima tecnolog\u00eda de vanguardia, software y hardware de alto rendimiento, perfectamente coordinado y muy f\u00e1cil de instalar <\/p>\n<p> Durabilidad y seguridad <\/p>\n<p> Prestaciones de alta calidad, actualizaciones gratuitas y los mejores protocolos de seguridad Proximidad y soporte al cliente <\/p>\n<p> Apoyo y asesoramiento a trav\u00e9s del servicio on-line y del equipo de asistencia, laboratorio con opciones de evaluaci\u00f3n <\/p>\n<p>                                              <img decoding=\"async\" alt=\"\" src=\"https:\/\/images-na.ssl-images-amazon.com\/images\/G\/01\/x-locale\/common\/grey-pixel.gif\" class=\"a-lazy-loaded\" data-src=\"https:\/\/m.media-amazon.com\/images\/S\/aplus-media-library-service-media\/883eae23-087c-4d7d-b546-3dd3415e6156.__CR0,0,630,290_PT0_SX315_V1___.jpg\"><img decoding=\"async\" alt=\"\" src=\"https:\/\/m.media-amazon.com\/images\/S\/aplus-media-library-service-media\/883eae23-087c-4d7d-b546-3dd3415e6156.__CR0,0,630,290_PT0_SX315_V1___.jpg\">  <\/p>\n<p> FRITZ!Box &#8211; El centro de control de su red dom\u00e9stica <\/p>\n<\/p>\n<p>Como n\u00facleo del hogar inteligente, combina a la perfecci\u00f3n todos los dispositivos y permite controlarlos c\u00f3modamente a trav\u00e9s de una aplicaci\u00f3n m\u00f3vil         <\/p>\n<p>Como central telef\u00f3nica, ofrece una calidad de voz n\u00edtida y m\u00faltiples funciones         <\/p>\n<p>Gracias a su sistema Master Mesh, garantiza cobertura Wi-Fi en toda la casa     <\/p>\n<p>                                              <img decoding=\"async\" alt=\"\" src=\"https:\/\/images-na.ssl-images-amazon.com\/images\/G\/01\/x-locale\/common\/grey-pixel.gif\" class=\"a-lazy-loaded\" data-src=\"https:\/\/m.media-amazon.com\/images\/S\/aplus-media-library-service-media\/d03d01aa-0da4-49e2-b870-f315e2d75e31.__CR0,0,315,145_PT0_SX315_V1___.jpg\"><img decoding=\"async\" alt=\"\" src=\"https:\/\/m.media-amazon.com\/images\/S\/aplus-media-library-service-media\/d03d01aa-0da4-49e2-b870-f315e2d75e31.__CR0,0,315,145_PT0_SX315_V1___.jpg\">  <\/p>\n<p> El standard Wi-Fi 6 tiene en cuenta el n\u00famero, cada vez mayor, de dispositivos Wi-Fi como smartphones, tablets, PCs y muchos m\u00e1s. <\/p>\n<p> Garantiza una mejor distribuci\u00f3n del ancho de banda disponible y ofrece un Wi-Fi m\u00e1s estable, mejores velocidades, bajos tiempos de latencia, m\u00e1xima seguridad en los datos a trav\u00e9s de WPA3 y mayor duraci\u00f3n de la bater\u00eda de los dispositivos Wi-Fi. <\/p>\n<p>                                              <img decoding=\"async\" alt=\"\" src=\"https:\/\/images-na.ssl-images-amazon.com\/images\/G\/01\/x-locale\/common\/grey-pixel.gif\" class=\"a-lazy-loaded\" data-src=\"https:\/\/m.media-amazon.com\/images\/S\/aplus-media-library-service-media\/3784e50a-5124-4b5b-8598-df9f58fe9eb6.__CR7,0,552,254_PT0_SX315_V1___.jpg\"><img decoding=\"async\" alt=\"\" src=\"https:\/\/m.media-amazon.com\/images\/S\/aplus-media-library-service-media\/3784e50a-5124-4b5b-8598-df9f58fe9eb6.__CR7,0,552,254_PT0_SX315_V1___.jpg\">  <\/p>\n<p> Mesh \u2013 \u00a1Ya incluido con FRITZ! <\/p>\n<p> Con Wi-Fi Mesh, varios dispositivos Wi-Fi se comunican entre s\u00ed y forman una gran red Wi-Fi que cubre todas las estancias de su casa con Internet de alta velocidad. <\/p>\n<p> El FRITZ!Box es el centro de la red Wi-Fi Mesh y puede ampliarse seg\u00fan sus necesidades con cualquiera de los FRITZ!Repeaters &#8211; para un Wi-Fi tal y como se merece. <\/p>\n<p>                                              <img decoding=\"async\" alt=\"\" src=\"https:\/\/images-na.ssl-images-amazon.com\/images\/G\/01\/x-locale\/common\/grey-pixel.gif\" class=\"a-lazy-loaded\" data-src=\"https:\/\/m.media-amazon.com\/images\/S\/aplus-media-library-service-media\/6b8aa1a3-fe75-41d8-8db0-0f2aa0f57722.__CR0,0,315,145_PT0_SX315_V1___.jpg\"><img decoding=\"async\" alt=\"\" src=\"https:\/\/m.media-amazon.com\/images\/S\/aplus-media-library-service-media\/6b8aa1a3-fe75-41d8-8db0-0f2aa0f57722.__CR0,0,315,145_PT0_SX315_V1___.jpg\">  <\/p>\n<p> Equipate para ganar <\/p>\n<p> Con FRITZ! podr\u00e1s jugar sin que se interrumpa la conexi\u00f3n y sin ning\u00fan tipo de lag. Porque, si tienes un FRITZ!Box, estar\u00e1s equipado con el hardware   perfecto y un software potente y de alto redimiento. <\/p>\n<p> \u00a1Arranca motores y bate tus propios r\u00e9cords! <\/p>\n<h3> Conectividad para cada ocasi\u00f3n <\/h3>\n<p class=\"apm-brand-story-stores-link\">\n<p> Is discontinued by manufacturer                                            \u200f                                            :                                            \u200e                                            No   <br \/> Language                                            \u200f                                            :                                            \u200e                                            English, English, English   <br \/> Product Dimensions                                            \u200f                                            :                                            \u200e                                            20 x 15 x 4 cm; 318 g   <br \/> Manufacturer                                            \u200f                                            :                                            \u200e                                            AVM   <br \/> ASIN                                            \u200f                                            :                                            \u200e                                            B09969QRJ5   <br \/> Item model number                                            \u200f                                            :                                            \u200e                                            20002944   <br \/> Guaranteed software updates until                                            \u200f                                            :                                            \u200e                                            unknown   <br \/>  Customer reviews:                                                                                            4.5               4.5 out of 5 stars                                  (2,321)                                              var dpAcrHasRegisteredArcLinkClickAction;                    P.when(&#8216;A&#8217;, &#8216;ready&#8217;).execute(function(A) {                        if (dpAcrHasRegisteredArcLinkClickAction !== true) {                            dpAcrHasRegisteredArcLinkClickAction = true;                            A.declarative(                                &#8216;acrLink-click-metrics&#8217;, &#8216;click&#8217;,                                { \u00aballowLinkDefault\u00bb: true },                                function (event) {                                    if (window.ue) {                                        ue.count(\u00abacrLinkClickCount\u00bb, (ue.count(\u00abacrLinkClickCount\u00bb) || 0) + 1);                                    }                                }                            );                        }                    });                                             P.when(&#8216;A&#8217;, &#8216;cf&#8217;).execute(function(A) {                A.declarative(&#8216;acrStarsLink-click-metrics&#8217;, &#8216;click&#8217;, { \u00aballowLinkDefault\u00bb : true },  function(event){                    if(window.ue) {                        ue.count(\u00abacrStarsLinkWithPopoverClickCount\u00bb, (ue.count(\u00abacrStarsLinkWithPopoverClickCount\u00bb) || 0) + 1);                    }                });            });                          <\/p>\n<p>WiFi 6 (Wi-Fi AX) Dual-Band Router (1800Mbps 5GHz and 600Mbps 2.4GHz), Mesh, fast and stable data flow for demanding network with multiple Wi-Fi connected devices<br \/>Integrated multimedia server (USB, NAS) Play music, videos and photos, e.g. on Smart TV, tablet, hi-fi systems, etc. 4 x Gigabit LAN for connecting computers and game consoles, 1 x USB 3.0<br \/>Control unit for IP (VoIP) and\/or fixed telephony, with 5 answering machines (Voice to Mail) and Fax. Integrated DECT base for up to 6 cordless phones as well as for FRITZ!DECT switchable power outlets, 1 port for analog phone<br \/>Configurable parental control, with free periodic updates, Wi-Fi Mesh: automatic combination of FRITZ products! on a single smart Wi-Fi network with optimal performance, user interface in Spanish<br \/>Contents: FRITZ!Box 7530 AX, 4 m DSL connection cable, 1.5 m LAN cable, power supply, quick installation guide in Spanish<\/p>\n\n","protected":false},"excerpt":{"rendered":"<p> From the brand La empresa AVM se fund\u00f3 en 1986 en Berl\u00edn y desde entonces<\/p>","protected":false},"featured_media":26532,"comment_status":"open","ping_status":"closed","template":"","meta":[],"product_brand":[],"product_cat":[71],"product_tag":[2080,2217,2084,298,2078,7175,2079,818,1092,2081,2083,3121,3371,791,4511,2449,2082,2088,2085,5273,133,543,2076,2077],"class_list":{"0":"post-26531","1":"product","2":"type-product","3":"status-publish","4":"has-post-thumbnail","6":"product_cat-wifi-routers","7":"product_tag-5ghz-router","8":"product_tag-band","9":"product_tag-best-wifi-router","10":"product_tag-dual","11":"product_tag-dual-band-router","12":"product_tag-fritzbox","13":"product_tag-gaming-wifi-router","14":"product_tag-ghz","15":"product_tag-gigabit","16":"product_tag-high-speed-router","17":"product_tag-home-wifi-router","18":"product_tag-interface","19":"product_tag-international","20":"product_tag-lan","21":"product_tag-mbps","22":"product_tag-mesh","23":"product_tag-mesh-wifi-router","24":"product_tag-router","25":"product_tag-router-price","26":"product_tag-spanish","27":"product_tag-usb","28":"product_tag-wifi","29":"product_tag-wifi-router","30":"product_tag-wireless-router","32":"first","33":"instock","34":"sale","35":"shipping-taxable","36":"product-type-external"},"_links":{"self":[{"href":"https:\/\/comprasyconsejos.store\/en\/wp-json\/wp\/v2\/product\/26531","targetHints":{"allow":["GET"]}}],"collection":[{"href":"https:\/\/comprasyconsejos.store\/en\/wp-json\/wp\/v2\/product"}],"about":[{"href":"https:\/\/comprasyconsejos.store\/en\/wp-json\/wp\/v2\/types\/product"}],"replies":[{"embeddable":true,"href":"https:\/\/comprasyconsejos.store\/en\/wp-json\/wp\/v2\/comments?post=26531"}],"version-history":[{"count":0,"href":"https:\/\/comprasyconsejos.store\/en\/wp-json\/wp\/v2\/product\/26531\/revisions"}],"wp:featuredmedia":[{"embeddable":true,"href":"https:\/\/comprasyconsejos.store\/en\/wp-json\/wp\/v2\/media\/26532"}],"wp:attachment":[{"href":"https:\/\/comprasyconsejos.store\/en\/wp-json\/wp\/v2\/media?parent=26531"}],"wp:term":[{"taxonomy":"product_brand","embeddable":true,"href":"https:\/\/comprasyconsejos.store\/en\/wp-json\/wp\/v2\/product_brand?post=26531"},{"taxonomy":"product_cat","embeddable":true,"href":"https:\/\/comprasyconsejos.store\/en\/wp-json\/wp\/v2\/product_cat?post=26531"},{"taxonomy":"product_tag","embeddable":true,"href":"https:\/\/comprasyconsejos.store\/en\/wp-json\/wp\/v2\/product_tag?post=26531"}],"curies":[{"name":"wp","href":"https:\/\/api.w.org\/{rel}","templated":true}]}}