{"id":26537,"date":"2026-02-20T05:46:03","date_gmt":"2026-02-20T05:46:03","guid":{"rendered":"https:\/\/comprasyconsejos.store\/product\/cable-matters-270-degree-90-degree-hdmi-adapter-combo-bundle-right-angle-hdmi-adapter-with-4k-hdr-and-3d-support\/"},"modified":"2026-02-20T05:46:05","modified_gmt":"2026-02-20T05:46:05","slug":"cable-matters-270-degree-90-degree-hdmi-adapter-combo-bundle-right-angle-hdmi-adapter-with-4k-hdr-and-3d-support","status":"publish","type":"product","link":"https:\/\/comprasyconsejos.store\/en\/product\/cable-matters-270-degree-90-degree-hdmi-adapter-combo-bundle-right-angle-hdmi-adapter-with-4k-hdr-and-3d-support\/","title":{"rendered":"Cable Matters 270 Degree 90 Degree HDMI Adapter Combo Bundle (Right Angle HDMI Adapter) with 4K, HDR and 3D Support"},"content":{"rendered":"<p>Price: <span style=\"color:#b12704\">\u20ac8.99<\/span><br \/><i><small>(as of Feb 20, 2026 05:46:03 UTC &#8211; <span class=\"wp_automatic_amazon_disclaimer\" title=\"Product prices and availability are accurate as of the date\/time indicated and are subject to change. Any price and availability information displayed on [relevant Amazon Site(s), as applicable] at the time of purchase will apply to the purchase of this product.\">Details<\/span>)<\/small><\/i><\/p>\n<p><a href=\"https:\/\/amazon.es\/dp\/B00CF4G7JC?tag=man008-21\"><img decoding=\"async\" src=\"https:\/\/valvepress.s3.amazonaws.com\/imgs\/buy_now.png\"><\/a><br \/>\n<\/p>\n<p>                                             Product Description   <\/p>\n<p>                                                                             <img decoding=\"async\" alt=\"270 Degree and 90 Degree HDMI Adapter \" src=\"https:\/\/images-na.ssl-images-amazon.com\/images\/G\/01\/x-locale\/common\/grey-pixel.gif\" class=\"a-spacing-base a-lazy-loaded\" data-src=\"https:\/\/m.media-amazon.com\/images\/S\/aplus-seller-content-images-us-east-1\/A1RKKUPIHCS9HS\/A2HI77ZYQGGRR3\/1c5c1b3e-879d-4f43-83e2-6684eb6d0b30._CR0,0,970,600_PT0_SX970__.jpg\"><img decoding=\"async\" alt=\"270 Degree and 90 Degree HDMI Adapter \" src=\"https:\/\/m.media-amazon.com\/images\/S\/aplus-seller-content-images-us-east-1\/A1RKKUPIHCS9HS\/A2HI77ZYQGGRR3\/1c5c1b3e-879d-4f43-83e2-6684eb6d0b30._CR0,0,970,600_PT0_SX970__.jpg\">                                                                     <\/p>\n<p class=\"a-spacing-base\"> Encontrar el \u00c1ngulo Recto <\/p>\n<p class=\"a-spacing-base\"> Cable Matters Adaptadores HDMI de 90 grados y 270 grados son una soluci\u00f3n indispensable para una pantalla o computador en un espacio reducido con poco espacio libre. Conecta un cable HDMI a un proyector montado en el techo o un televisor montado en la pared en un espacio reducido. <\/p>\n<p class=\"a-spacing-base\"> Ahorrador de Puerto HDMI <\/p>\n<p class=\"a-spacing-base\"> Protege los puertos de su valioso equipo y limita la flexi\u00f3n excesiva de su cable HDMI. <\/p>\n<p class=\"a-spacing-base\"> Soporte de Resoluci\u00f3n 4K en un Paquete Combinado <\/p>\n<p class=\"a-spacing-base\"> Experimenta el video vibrante y el audio aut\u00e9ntico compatibles con estos adaptadores HDMI. La elecci\u00f3n de adaptadores de 90 o 270 grados proporciona una opci\u00f3n para diferentes orientaciones de puertos HDMI. <\/p>\n<p class=\"a-spacing-base\"> Notas Importantes <\/p>\n<p class=\"a-spacing-base\">\n<p>El soporte de video 4K requiere una pantalla equipada con 4K de fuente y la de salida Conectar un cable HDMI de m\u00e1s de 25 pies quiz\u00e1s no transmite una se\u00f1al confiable     <\/p>\n<p>                                                  <img decoding=\"async\" alt=\"270 Degree and 90 Degree HDMI Adapter \" src=\"https:\/\/images-na.ssl-images-amazon.com\/images\/G\/01\/x-locale\/common\/grey-pixel.gif\" class=\"a-lazy-loaded\" data-src=\"https:\/\/m.media-amazon.com\/images\/S\/aplus-seller-content-images-us-east-1\/A1RKKUPIHCS9HS\/A2HI77ZYQGGRR3\/5d72dc6e-d237-4f2b-a601-fe78e7634e7b._CR0,0,300,300_PT0_SX300__.jpg\"><img decoding=\"async\" alt=\"270 Degree and 90 Degree HDMI Adapter \" src=\"https:\/\/m.media-amazon.com\/images\/S\/aplus-seller-content-images-us-east-1\/A1RKKUPIHCS9HS\/A2HI77ZYQGGRR3\/5d72dc6e-d237-4f2b-a601-fe78e7634e7b._CR0,0,300,300_PT0_SX300__.jpg\">  <\/p>\n<h3 class=\"a-spacing-mini\"> 4K HDMI Compatible <\/h3>\n<\/p>\n<p>Soporte de resoluci\u00f3n de video 4K que incluye 3840&#215;2160, 2560&#215;1600, 2560&#215;1440, 1920&#215;1200 y 1080p Audio Return Channel (ARC) y HDMI Ethernet Channel (HEC) Colores vibrantes con soporte para profundidades de color de 48 bits. Soporte de audio aut\u00e9ntico para sonido envolvente 5.1 y 7.1.     <\/p>\n<p class=\"apm-text-center\">\n                                                      <img decoding=\"async\" alt=\"270 Degree and 90 Degree HDMI Adapter \" src=\"https:\/\/images-na.ssl-images-amazon.com\/images\/G\/01\/x-locale\/common\/grey-pixel.gif\" class=\"a-spacing-mini a-lazy-loaded\" data-src=\"https:\/\/m.media-amazon.com\/images\/S\/aplus-seller-content-images-us-east-1\/A1RKKUPIHCS9HS\/A2HI77ZYQGGRR3\/a17b86f0-a228-48ca-a946-2ac3b4d9585a._CR0,0,300,300_PT0_SX300__.jpg\"><img decoding=\"async\" alt=\"270 Degree and 90 Degree HDMI Adapter \" src=\"https:\/\/m.media-amazon.com\/images\/S\/aplus-seller-content-images-us-east-1\/A1RKKUPIHCS9HS\/A2HI77ZYQGGRR3\/a17b86f0-a228-48ca-a946-2ac3b4d9585a._CR0,0,300,300_PT0_SX300__.jpg\">  <\/p>\n<p>                                                    Adaptador de Ahorro de Puerto                                          <\/p>\n<p>Verifique la orientaci\u00f3n de su puerto HDMI Busque puertos en la parte posterior, lateral o inferior     <\/p>\n<p class=\"apm-text-center\">\n                                                      <img decoding=\"async\" alt=\"270 Degree and 90 Degree HDMI Adapter \" src=\"https:\/\/images-na.ssl-images-amazon.com\/images\/G\/01\/x-locale\/common\/grey-pixel.gif\" class=\"a-spacing-mini a-lazy-loaded\" data-src=\"https:\/\/m.media-amazon.com\/images\/S\/aplus-media-library-service-media\/5f9a2c4f-bd83-46c6-b053-4a9c82edeb04.__CR0,0,300,300_PT0_SX300_V1___.png\"><img decoding=\"async\" alt=\"270 Degree and 90 Degree HDMI Adapter \" src=\"https:\/\/m.media-amazon.com\/images\/S\/aplus-media-library-service-media\/5f9a2c4f-bd83-46c6-b053-4a9c82edeb04.__CR0,0,300,300_PT0_SX300_V1___.png\">  <\/p>\n<p>                                                    Conector Compacto                                       <\/p>\n<p>Se extiende a menos de 1 pulgada (2,5 cm) del puerto Adaptador resistente que soporta el peso del cable     <\/p>\n<p class=\"apm-text-center\">\n                                                      <img decoding=\"async\" alt=\"270 Degree and 90 Degree HDMI Adapter \" src=\"https:\/\/images-na.ssl-images-amazon.com\/images\/G\/01\/x-locale\/common\/grey-pixel.gif\" class=\"a-spacing-mini a-lazy-loaded\" data-src=\"https:\/\/m.media-amazon.com\/images\/S\/aplus-seller-content-images-us-east-1\/A1RKKUPIHCS9HS\/A2HI77ZYQGGRR3\/957c223e-b702-4b0a-8769-7b7c64f83d33._CR0,0,300,300_PT0_SX300__.jpg\"><img decoding=\"async\" alt=\"270 Degree and 90 Degree HDMI Adapter \" src=\"https:\/\/m.media-amazon.com\/images\/S\/aplus-seller-content-images-us-east-1\/A1RKKUPIHCS9HS\/A2HI77ZYQGGRR3\/957c223e-b702-4b0a-8769-7b7c64f83d33._CR0,0,300,300_PT0_SX300__.jpg\">  <\/p>\n<p>                                                    Adaptador Lleno de Funciones                                       <\/p>\n<p>Conectores HDMI chapados en oroCarcasa de f\u00e1cil agarre     <\/p>\n<p>                         Add To Basket  <\/p>\n<p>                             Customer Reviews  <\/p>\n<p>                    4.2 out of 5 stars  310  <\/p>\n<p>                    4.6 out of 5 stars  9,442  <\/p>\n<p>                             Price  <\/p>\n<p>                                            \u2014 no data<br \/>\n                                                       \u20ac20.99\u20ac20.99                    <\/p>\n<p>                             Soporte HDR  <\/p>\n<p>                                              \u2713<\/p>\n<p>                                              \u2713<\/p>\n<p>                             Resoluci\u00f3n M\u00e1xima<br \/>\n                                8K@120Hz               8K@120Hz                    <\/p>\n<p>                             N\u00famero de modelo<br \/>\n                                300026               300029                    <\/p>\n<p> Is discontinued by manufacturer                                            \u200f                                            :                                            \u200e                                            No   <br \/> Package Dimensions                                            \u200f                                            :                                            \u200e                                            11.7 x 11.1 x 1.9 cm; 28.35 g   <br \/> Manufacturer                                            \u200f                                            :                                            \u200e                                            Cable Matters   <br \/> ASIN                                            \u200f                                            :                                            \u200e                                            B00CF4G7JC   <br \/> Item model number                                            \u200f                                            :                                            \u200e                                            113008_113009   <br \/> Country\/Region of Origin                                            \u200f                                            :                                            \u200e                                            China   <br \/> Guaranteed software updates until                                            \u200f                                            :                                            \u200e                                            unknown   <br \/>  Customer reviews:                                                                                            4.6               4.6 out of 5 stars                                  (5,571)                                              var dpAcrHasRegisteredArcLinkClickAction;                    P.when(&#8216;A&#8217;, &#8216;ready&#8217;).execute(function(A) {                        if (dpAcrHasRegisteredArcLinkClickAction !== true) {                            dpAcrHasRegisteredArcLinkClickAction = true;                            A.declarative(                                &#8216;acrLink-click-metrics&#8217;, &#8216;click&#8217;,                                { \u00aballowLinkDefault\u00bb: true },                                function (event) {                                    if (window.ue) {                                        ue.count(\u00abacrLinkClickCount\u00bb, (ue.count(\u00abacrLinkClickCount\u00bb) || 0) + 1);                                    }                                }                            );                        }                    });                                             P.when(&#8216;A&#8217;, &#8216;cf&#8217;).execute(function(A) {                A.declarative(&#8216;acrStarsLink-click-metrics&#8217;, &#8216;click&#8217;, { \u00aballowLinkDefault\u00bb : true },  function(event){                    if(window.ue) {                        ue.count(\u00abacrStarsLinkWithPopoverClickCount\u00bb, (ue.count(\u00abacrStarsLinkWithPopoverClickCount\u00bb) || 0) + 1);                    }                });            });                          <\/p>\n<p>RIGHT ANGLE HDMI ADAPTER connects an HDMI cable to a computer, media streaming device, Blu-ray player, wall mount UHD TV, monitor or projector with HDMI input; Connect to an HDMI port with little space behind your screen<br \/>FIND THE RIGHT ANGLE with 90-degree and 270-degree HDMI adapters; Directs the cable up or down based on the orientation of your computer&#8217;s HDMI port; Right-angle HDMI adapter extends less than 1 inch from the HDMI port to connect a wall mount TV<br \/>FULL UP TO 4K VIDEO RESOLUTION SUPPORT including 4096&#215;2160, 3840&#215;2160, 2560&#215;1600, 2560&#215;1440, 1920&#215;1200 and 1080p; HDMI 2.0 supports HDMI support for Audio Return Channel (ARC), HDMI Ethernet Channel (HECEC) ), color depths 48-bit, 32-channel audio, Dolby True HD 7.1 audio, and 3D video; HDCP support for viewing content-protected videos<br \/>PORT SAVER COMBO PACK reduces strain on the HDMI port of equipment or displays such as a computer, monitor or TV; Easily connect a FireTV device to your TV with this lightweight HDMI angle adapter<br \/>SUPERIOR CONSTRUCTION of 90 degree and 270 angle adapters combines gold-plated connectors with an easy-grip surface for reliable signal transmission and easy installation; A lifetime warranty is included with these HDMI 90 elbow adapters for peace of mind when purchasing<\/p>\n\n","protected":false},"excerpt":{"rendered":"<p> Product Description Encontrar el \u00c1ngulo Recto Cable Matters Adaptadores HDMI de 90 grados y 270<\/p>","protected":false},"featured_media":26538,"comment_status":"open","ping_status":"closed","template":"","meta":[],"product_brand":[],"product_cat":[69],"product_tag":[144,593,2319,182,2047,1003,7809,2044,544,2052,2037,1813,7808,2054,2046,2049,1098,2050,2042,2040],"class_list":{"0":"post-26537","1":"product","2":"type-product","3":"status-publish","4":"has-post-thumbnail","6":"product_cat-cables-adapters","7":"product_tag-adapter","8":"product_tag-angle","9":"product_tag-bundle","10":"product_tag-cable","11":"product_tag-charging-cable","12":"product_tag-combo","13":"product_tag-degree","14":"product_tag-displayport-cable","15":"product_tag-hdmi","16":"product_tag-hdmi-adapter","17":"product_tag-hdmi-cable","18":"product_tag-hdr","19":"product_tag-matters","20":"product_tag-multiport-adapter","21":"product_tag-network-cable","22":"product_tag-power-cable","23":"product_tag-support","24":"product_tag-usb-adapter","25":"product_tag-usb-c-cable","26":"product_tag-usb-cable","28":"first","29":"instock","30":"shipping-taxable","31":"product-type-external"},"_links":{"self":[{"href":"https:\/\/comprasyconsejos.store\/en\/wp-json\/wp\/v2\/product\/26537","targetHints":{"allow":["GET"]}}],"collection":[{"href":"https:\/\/comprasyconsejos.store\/en\/wp-json\/wp\/v2\/product"}],"about":[{"href":"https:\/\/comprasyconsejos.store\/en\/wp-json\/wp\/v2\/types\/product"}],"replies":[{"embeddable":true,"href":"https:\/\/comprasyconsejos.store\/en\/wp-json\/wp\/v2\/comments?post=26537"}],"version-history":[{"count":0,"href":"https:\/\/comprasyconsejos.store\/en\/wp-json\/wp\/v2\/product\/26537\/revisions"}],"wp:featuredmedia":[{"embeddable":true,"href":"https:\/\/comprasyconsejos.store\/en\/wp-json\/wp\/v2\/media\/26538"}],"wp:attachment":[{"href":"https:\/\/comprasyconsejos.store\/en\/wp-json\/wp\/v2\/media?parent=26537"}],"wp:term":[{"taxonomy":"product_brand","embeddable":true,"href":"https:\/\/comprasyconsejos.store\/en\/wp-json\/wp\/v2\/product_brand?post=26537"},{"taxonomy":"product_cat","embeddable":true,"href":"https:\/\/comprasyconsejos.store\/en\/wp-json\/wp\/v2\/product_cat?post=26537"},{"taxonomy":"product_tag","embeddable":true,"href":"https:\/\/comprasyconsejos.store\/en\/wp-json\/wp\/v2\/product_tag?post=26537"}],"curies":[{"name":"wp","href":"https:\/\/api.w.org\/{rel}","templated":true}]}}