{"id":26542,"date":"2026-02-20T05:48:30","date_gmt":"2026-02-20T05:48:30","guid":{"rendered":"https:\/\/comprasyconsejos.store\/product\/arctic-p14-pro-pst-co-powerful-premium-case-fan-continuous-operation-case-fan-pwm-140mm-y-cable-splitter-400-2500rpm-0rpm\/"},"modified":"2026-02-20T05:48:39","modified_gmt":"2026-02-20T05:48:39","slug":"arctic-p14-pro-pst-co-powerful-premium-case-fan-continuous-operation-case-fan-pwm-140mm-y-cable-splitter-400-2500rpm-0rpm","status":"publish","type":"product","link":"https:\/\/comprasyconsejos.store\/en\/product\/arctic-p14-pro-pst-co-powerful-premium-case-fan-continuous-operation-case-fan-pwm-140mm-y-cable-splitter-400-2500rpm-0rpm\/","title":{"rendered":"ARCTIC P14 Pro PST CO &#8211; Powerful Premium Case Fan, Continuous Operation, Case Fan PWM 140mm, Y-Cable Splitter, 400\u20132500rpm, 0rpm"},"content":{"rendered":"<p>Price: <span style=\"color:#b12704\"><del>\u20ac14.99<\/del> - \u20ac13.99<\/span><br \/><i><small>(as of Feb 20, 2026 05:48:30 UTC &#8211; <span class=\"wp_automatic_amazon_disclaimer\" title=\"Product prices and availability are accurate as of the date\/time indicated and are subject to change. Any price and availability information displayed on [relevant Amazon Site(s), as applicable] at the time of purchase will apply to the purchase of this product.\">Details<\/span>)<\/small><\/i><\/p>\n<p><a href=\"https:\/\/amazon.es\/dp\/B0DPX4TWW7?tag=man008-21\"><img decoding=\"async\" src=\"https:\/\/valvepress.s3.amazonaws.com\/imgs\/buy_now.png\"><\/a><br \/>\n<\/p>\n<p>                                             Product Description   <\/p>\n<p>                                                                                                       <img decoding=\"async\" alt=\"aplus content image\" src=\"https:\/\/images-na.ssl-images-amazon.com\/images\/G\/01\/x-locale\/common\/grey-pixel.gif\" class=\"a-lazy-loaded\" data-src=\"https:\/\/m.media-amazon.com\/images\/S\/aplus-media-library-service-media\/1f38bf0d-0f64-48e8-868e-862dca719c3e.__CR0,0,1464,600_PT0_SX1464_V1___.jpg\"><img decoding=\"async\" alt=\"aplus content image\" src=\"https:\/\/m.media-amazon.com\/images\/S\/aplus-media-library-service-media\/1f38bf0d-0f64-48e8-868e-862dca719c3e.__CR0,0,1464,600_PT0_SX1464_V1___.jpg\">                                         <\/p>\n<p class=\"aplus-description aplus-container-3 aplus-p1\"> La presi\u00f3n est\u00e1tica hace que los ventiladores Pro Fans sean ideales para usar en radiadores, ya que permiten mover el aire de manera efectiva a trav\u00e9s de espacios reducidos. Los ventiladores tambi\u00e9n son muy adecuados para su uso con paneles perforados y de malla, que crean una resistencia adicional. <\/p>\n<p>                                                                                              <img decoding=\"async\" alt=\"aplus content image\" src=\"https:\/\/images-na.ssl-images-amazon.com\/images\/G\/01\/x-locale\/common\/grey-pixel.gif\" class=\"a-lazy-loaded\" data-src=\"https:\/\/m.media-amazon.com\/images\/S\/aplus-media-library-service-media\/8941e8db-1f88-4eed-a337-95f61484b9b6.__CR0,0,650,350_PT0_SX650_V1___.jpg\"><img decoding=\"async\" alt=\"aplus content image\" src=\"https:\/\/m.media-amazon.com\/images\/S\/aplus-media-library-service-media\/8941e8db-1f88-4eed-a337-95f61484b9b6.__CR0,0,650,350_PT0_SX650_V1___.jpg\">                                            M\u00e1ximo rendimiento, redefinido                                         <\/p>\n<p class=\"aplus-p3\"> Dise\u00f1o de aspas de ventilador revisado para un equilibrio \u00f3ptimo entre rendimiento y funcionamiento libre de problemas. <\/p>\n<p>                                           <img decoding=\"async\" alt=\"Vista de cerca de tres ventiladores de refrigeraci\u00f3n o componentes de ventilaci\u00f3n negros, posiblemente hardware de computadora, dispuestos en fila sobre un fondo oscuro.\" src=\"https:\/\/images-na.ssl-images-amazon.com\/images\/G\/01\/x-locale\/common\/grey-pixel.gif\" class=\"a-lazy-loaded\" data-src=\"https:\/\/m.media-amazon.com\/images\/S\/aplus-media-library-service-media\/92aa7848-05eb-4a04-af8c-686e73588bda.__CR0,0,650,350_PT0_SX650_V1___.jpg\"><img decoding=\"async\" alt=\"Vista de cerca de tres ventiladores de refrigeraci\u00f3n o componentes de ventilaci\u00f3n negros, posiblemente hardware de computadora, dispuestos en fila sobre un fondo oscuro.\" src=\"https:\/\/m.media-amazon.com\/images\/S\/aplus-media-library-service-media\/92aa7848-05eb-4a04-af8c-686e73588bda.__CR0,0,650,350_PT0_SX650_V1___.jpg\">                                            PST &#8211; gesti\u00f3n de cables probada                                         <\/p>\n<p class=\"aplus-p3\"> Gracias al conector PWM adicional, el P14 Pro PST CO se puede conectar directamente a otros ventiladores. Esto permite conectar varios ventiladores en serie y controlarlos de forma sincr\u00f3nica a trav\u00e9s de una \u00fanica conexi\u00f3n. <\/p>\n<p>                                                                <img decoding=\"async\" alt=\"\" src=\"https:\/\/images-na.ssl-images-amazon.com\/images\/G\/01\/x-locale\/common\/grey-pixel.gif\" class=\"a-lazy-loaded\" data-src=\"https:\/\/m.media-amazon.com\/images\/S\/aplus-media-library-service-media\/50221fac-1d69-4d0d-b171-4f1918a4b3e7.__CR0,0,1464,600_PT0_SX1464_V1___.jpg\"><img decoding=\"async\" alt=\"\" src=\"https:\/\/m.media-amazon.com\/images\/S\/aplus-media-library-service-media\/50221fac-1d69-4d0d-b171-4f1918a4b3e7.__CR0,0,1464,600_PT0_SX1464_V1___.jpg\">        <\/p>\n<p>                                                                                              <img decoding=\"async\" alt=\"aplus content image\" src=\"https:\/\/images-na.ssl-images-amazon.com\/images\/G\/01\/x-locale\/common\/grey-pixel.gif\" class=\"a-lazy-loaded\" data-src=\"https:\/\/m.media-amazon.com\/images\/S\/aplus-media-library-service-media\/a6bf59f4-221a-4450-8002-be6da33b7d6e.__CR0,0,650,350_PT0_SX650_V1___.jpg\"><img decoding=\"async\" alt=\"aplus content image\" src=\"https:\/\/m.media-amazon.com\/images\/S\/aplus-media-library-service-media\/a6bf59f4-221a-4450-8002-be6da33b7d6e.__CR0,0,650,350_PT0_SX650_V1___.jpg\">                                            Microcontrolador SOTA                                         <\/p>\n<p class=\"aplus-p3\"> Reduce el ruido del motor y compensa autom\u00e1ticamente las ca\u00eddas de velocidad debidas al aumento de la resistencia. Los mecanismos de protecci\u00f3n integrados limitan los picos de corriente de entrada y protegen de manera fiable contra da\u00f1os causados \u200b\u200bpor polaridad inversa. <\/p>\n<p>                                           <img decoding=\"async\" alt=\"aplus content image\" src=\"https:\/\/images-na.ssl-images-amazon.com\/images\/G\/01\/x-locale\/common\/grey-pixel.gif\" class=\"a-lazy-loaded\" data-src=\"https:\/\/m.media-amazon.com\/images\/S\/aplus-media-library-service-media\/f8265e48-9690-4558-ac24-c435677519b5.__CR0,0,650,350_PT0_SX650_V1___.jpg\"><img decoding=\"async\" alt=\"aplus content image\" src=\"https:\/\/m.media-amazon.com\/images\/S\/aplus-media-library-service-media\/f8265e48-9690-4558-ac24-c435677519b5.__CR0,0,650,350_PT0_SX650_V1___.jpg\">                                            Holguras m\u00ednimas para una m\u00e1xima eficiencia                                         <\/p>\n<p class=\"aplus-p3\"> Las tolerancias de fabricaci\u00f3n y las holguras reducidas permiten que el ventilador trabaje de manera m\u00e1s eficaz contra la resistencia, maximizando la presi\u00f3n est\u00e1tica y la eficiencia del flujo de aire. <\/p>\n<h3 class=\"aplus-h1 aplus-module-1-heading a-text-bold\"> M\u00e1s potencia, menos ruido <\/h3>\n<p class=\"aplus-p2 aplus-module-1-description\"> El ventilador destaca por su aumento significativo de rendimiento, incluso en rangos de baja velocidad. Normalizado a 25 dB(A), el ventilador ofrece un mayor flujo de aire y una mayor presi\u00f3n est\u00e1tica, ideal para un enfriamiento silencioso y potente. <\/p>\n<p>                                           <img decoding=\"async\" alt=\"El texto dice: \u00abComparaci\u00f3n de curvas P\/Q de 25 dB (A) normalizada\u00bb, \u00abP14 Pro\u00bb, \u00abP14 PWM PST\u00bb. El gr\u00e1fico muestra las curvas de rendimiento comparando dos modelos de la l\u00ednea P14 Pro, que muestran un rendimiento superior al del P14 PWM PST.\" src=\"https:\/\/images-na.ssl-images-amazon.com\/images\/G\/01\/x-locale\/common\/grey-pixel.gif\" class=\"a-lazy-loaded\" data-src=\"https:\/\/m.media-amazon.com\/images\/S\/aplus-media-library-service-media\/310c9e35-0b99-4e76-9a13-6c32322b79bb.__CR0,0,800,600_PT0_SX800_V1___.jpg\"><img decoding=\"async\" alt=\"El texto dice: \u00abComparaci\u00f3n de curvas P\/Q de 25 dB (A) normalizada\u00bb, \u00abP14 Pro\u00bb, \u00abP14 PWM PST\u00bb. El gr\u00e1fico muestra las curvas de rendimiento comparando dos modelos de la l\u00ednea P14 Pro, que muestran un rendimiento superior al del P14 PWM PST.\" src=\"https:\/\/m.media-amazon.com\/images\/S\/aplus-media-library-service-media\/310c9e35-0b99-4e76-9a13-6c32322b79bb.__CR0,0,800,600_PT0_SX800_V1___.jpg\">          <\/p>\n<h3 class=\"a-size-extra-large a-spacing-base a-text-center\"> Datos t\u00e9cnicos <\/h3>\n<p>                                                        Velocidad                                    400\u20132500 rpm (controlada por PWM), 0 rpm por debajo de 5 % PWM                                        Caudal de aire                                    110 cfm | 186 m\u00b3\/h                                        Presi\u00f3n est\u00e1tica                                    5,2 mmH\u2082O                                        Rodamiento del ventilador                                    Rodamiento Doble de Bolas                                        Tensi\u00f3n t\u00edpica                                    12 V CC                                        Tensi\u00f3n de arranque                                    5 V CC                                        Corriente                                    0,35 A                                        Longitud del cable                                    400 mm + 80 mm Daisy-Chain Cable                                        Conexi\u00f3n                                    Conector del ventilador de 4 polos + toma de 4 polos                                        Temp. ambiente funcionamiento                                    0\u201340 \u00b0C                                        Promesa                                    6 a\u00f1os                                        Dimensiones                                    140 (L) x 140 (A) x 27 (Al) mm                                        Peso                                    242 g                  <\/p>\n<h3 class=\"a-text-center aplus-h1 a-text-bold\"> Comparaci\u00f3n de la serie P14 Pro <\/h3>\n<p>                         Add To Basket  <\/p>\n<p>                         Add To Basket  <\/p>\n<p>                         Add To Basket  <\/p>\n<p>                         Add To Basket  <\/p>\n<p>                         Add To Basket  <\/p>\n<p>                         Add To Basket  <\/p>\n<p>                         Add To Basket  <\/p>\n<p>                                     Customer Reviews  <\/p>\n<p>                    4.5 out of 5 stars  508  <\/p>\n<p>                    4.6 out of 5 stars  3,613  <\/p>\n<p>                    4.5 out of 5 stars  314  <\/p>\n<p>                    4.5 out of 5 stars  582  <\/p>\n<p>                    4.6 out of 5 stars  731  <\/p>\n<p>                    4.7 out of 5 stars  411  <\/p>\n<p>                    4.5 out of 5 stars  26  <\/p>\n<p>                                     Price  <\/p>\n<p>                                                        \u20ac13.99\u20ac13.99     <\/p>\n<p>                                                        \u20ac10.49\u20ac10.49     <\/p>\n<p>                                                        \u20ac12.49\u20ac12.49     <\/p>\n<p>                                                        \u20ac11.99\u20ac11.99     <\/p>\n<p>                                                        \u20ac15.99\u20ac15.99     <\/p>\n<p>                                                        \u20ac16.99\u20ac16.99     <\/p>\n<p>                                                        \u20ac11.99\u20ac11.99     <\/p>\n<p>                                     Velocidad  <\/p>\n<p>                                                400\u20132500 rpm (Controlada PWM)    <\/p>\n<p>                                                400\u20132500 rpm (Controlada PWM)    <\/p>\n<p>                                                400\u20132500 rpm (Controlada PWM)    <\/p>\n<p>                                                400\u20132500 rpm (Controlada PWM)    <\/p>\n<p>                                                400\u20132500 rpm (Controlada PWM)    <\/p>\n<p>                                                400\u20132500 rpm (Controlada PWM)    <\/p>\n<p>                                                400\u20132650 rpm (Controlada PWM)    <\/p>\n<p>                                     Flujo de aire  <\/p>\n<p>                                                110 cfm | 186 m\u00b3\/h    <\/p>\n<p>                                                110 cfm | 186 m\u00b3\/h    <\/p>\n<p>                                                110 cfm | 186 m\u00b3\/h    <\/p>\n<p>                                                110 cfm | 186 m\u00b3\/h    <\/p>\n<p>                                                110 cfm | 186 m\u00b3\/h    <\/p>\n<p>                                                110 cfm | 186 m\u00b3\/h    <\/p>\n<p>                                                98 cfm | 166,5 m\u00b3\/h    <\/p>\n<p>                                     Rodamiento  <\/p>\n<p>                                                Rodamiento Doble de Bolas    <\/p>\n<p>                                                Rodamiento Din\u00e1mico de Fluido    <\/p>\n<p>                                                Rodamiento Din\u00e1mico de Fluido    <\/p>\n<p>                                                Rodamiento Din\u00e1mico de Fluido    <\/p>\n<p>                                                Rodamiento Din\u00e1mico de Fluido    <\/p>\n<p>                                                Rodamiento Din\u00e1mico de Fluido    <\/p>\n<p>                                                Rodamiento Din\u00e1mico de Fluido    <\/p>\n<p>                                     Presi\u00f3n est\u00e1tica  <\/p>\n<p>                                                5,2 mmH\u2082O    <\/p>\n<p>                                                5,2 mmH\u2082O    <\/p>\n<p>                                                5,2 mmH\u2082O    <\/p>\n<p>                                                5,2 mmH\u2082O    <\/p>\n<p>                                                5,2 mmH\u2082O    <\/p>\n<p>                                                5,2 mmH\u2082O    <\/p>\n<p>                                                5,1 mmH\u2082O    <\/p>\n<p>                                     Longitud del cable  <\/p>\n<p>                                                400mm + 80mm Daisy-Chain    <\/p>\n<p>                                                400mm + 80mm Daisy-Chain    <\/p>\n<p>                                                400mm + 80mm Daisy-Chain    <\/p>\n<p>                                                400mm    <\/p>\n<p>                                                400mm + 80mm Daisy-Chain    <\/p>\n<p>                                                400mm + 80mm Daisy-Chain    <\/p>\n<p>                                                400mm + 80mm Daisy-Chain    <\/p>\n<p>                                     Conexi\u00f3n  <\/p>\n<p>                                                Conector de 4 clavijas    <\/p>\n<p>                                                Conector de 4 clavijas    <\/p>\n<p>                                                Conector de 4 clavijas    <\/p>\n<p>                                                Conector de 4 clavijas    <\/p>\n<p>                                                Conector de 4 clavijas    <\/p>\n<p>                                                Conector de 4 clavijas    <\/p>\n<p>                                                Conector de 4 clavijas    <\/p>\n<p>                                     LED A-RGB  <\/p>\n<p>                                                \/    <\/p>\n<p>                                                \/    <\/p>\n<p>                                                \/    <\/p>\n<p>                                                \/    <\/p>\n<p>                                                12x A-RGB Gen2 LEDs    <\/p>\n<p>                                                12x A-RGB Gen2 LEDs    <\/p>\n<p>                                                \/    <\/p>\n<p>                                     Conexi\u00f3n RGB  <\/p>\n<p>                                                \/    <\/p>\n<p>                                                \/    <\/p>\n<p>                                                \/    <\/p>\n<p>                                                \/    <\/p>\n<p>                                                Conector RGB A de 3 patillas    <\/p>\n<p>                                                Conector RGB A de 3 patillas    <\/p>\n<p>                                                \/    <\/p>\n<p>                                     Dimensiones (L x An x Al)  <\/p>\n<p>                                                140 x 140 x 27 mm    <\/p>\n<p>                                                140 x 140 x 27 mm    <\/p>\n<p>                                                140 x 140 x 27 mm    <\/p>\n<p>                                                140 x 140 x 27 mm    <\/p>\n<p>                                                140 x 140 x 27 mm    <\/p>\n<p>                                                140 x 140 x 27 mm    <\/p>\n<p>                                                140 x 140 x 30 mm    <\/p>\n<p>                                     Peso  <\/p>\n<p>                                                242 g    <\/p>\n<p>                                                242 g    <\/p>\n<p>                                                242 g    <\/p>\n<p>                                                240 g    <\/p>\n<p>                                                237 g    <\/p>\n<p>                                                237 g    <\/p>\n<p>                                                248 g    <\/p>\n<p> Product Dimensions                                            \u200f                                            :                                            \u200e                                            14 x 14 x 2.7 cm; 242 g   <br \/> Date First Available                                            \u200f                                            :                                            \u200e                                            30 Dec. 2024   <br \/> Manufacturer                                            \u200f                                            :                                            \u200e                                            ARCTIC   <br \/> ASIN                                            \u200f                                            :                                            \u200e                                            B0DPX4TWW7   <br \/> Item model number                                            \u200f                                            :                                            \u200e                                            ACFAN00316A   <br \/> Country of origin                                            \u200f                                            :                                            \u200e                                            China   <br \/>       Best Sellers Rank:  2,376 in Computers (See Top 100 in Computers)    85 in Computer Case Fans      <br \/>  Customer reviews:                                                                                            4.5               4.5 out of 5 stars                                  (508)                                              var dpAcrHasRegisteredArcLinkClickAction;                    P.when(&#8216;A&#8217;, &#8216;ready&#8217;).execute(function(A) {                        if (dpAcrHasRegisteredArcLinkClickAction !== true) {                            dpAcrHasRegisteredArcLinkClickAction = true;                            A.declarative(                                &#8216;acrLink-click-metrics&#8217;, &#8216;click&#8217;,                                { \u00aballowLinkDefault\u00bb: true },                                function (event) {                                    if (window.ue) {                                        ue.count(\u00abacrLinkClickCount\u00bb, (ue.count(\u00abacrLinkClickCount\u00bb) || 0) + 1);                                    }                                }                            );                        }                    });                                             P.when(&#8216;A&#8217;, &#8216;cf&#8217;).execute(function(A) {                A.declarative(&#8216;acrStarsLink-click-metrics&#8217;, &#8216;click&#8217;, { \u00aballowLinkDefault\u00bb : true },  function(event){                    if(window.ue) {                        ue.count(\u00abacrStarsLinkWithPopoverClickCount\u00bb, (ue.count(\u00abacrStarsLinkWithPopoverClickCount\u00bb) || 0) + 1);                    }                });            });                          <\/p>\n<p>HIGH STATIC PRESSURE: Efficient even with resistance, the generated airflow easily penetrates dense radiators, narrow perforated panels and mesh structures and ensures reliable cooling<br \/>PWM CONTROL WITH WIDE SPEED RANGE: Speed can be adjusted progressively up to 2500 rpm via 4-pin PWM connection; fan stops completely with less than 5% PWM<br \/>PRECISE MANUFACTURE FOR COMPLETELY SMOOTH OPERATION: Minimal clearances, automatic balancing and high-precision measurement significantly reduce vibrations for quiet, efficient and durable operationov<br \/>DUAL BALL BEARING (DBB): Durable bearing with extended shaft ensures high load capacity in continuous operation: ideal for demanding environments and high speeds<br \/>NEW FAN BLADES DESIGN FOR HIGHER PERFORMANCE: Redesigned rotor blades offer an optimal balance between performance and low sound, especially effective at low speeds<\/p>\n\n","protected":false},"excerpt":{"rendered":"<p> Product Description La presi\u00f3n est\u00e1tica hace que los ventiladores Pro Fans sean ideales para usar<\/p>","protected":false},"featured_media":26543,"comment_status":"open","ping_status":"closed","template":"","meta":[],"product_brand":[],"product_cat":[67],"product_tag":[7812,2461,7811,2880,2039,994,3649,2045,2034,910,2043,2038,2892,5016,2545,1035,163,4625,2023,2252,2035,2036,2033,2041,2048,7810],"class_list":{"0":"post-26542","1":"product","2":"type-product","3":"status-publish","4":"has-post-thumbnail","6":"product_cat-thermal-paste","7":"product_tag-0rpm","8":"product_tag-140mm","9":"product_tag-4002500rpm","10":"product_tag-arctic","11":"product_tag-best-thermal-paste","12":"product_tag-case","13":"product_tag-continuous","14":"product_tag-cpu-cooling-paste","15":"product_tag-cpu-thermal-paste","16":"product_tag-fan","17":"product_tag-heat-sink-paste","18":"product_tag-high-performance-thermal-paste","19":"product_tag-operation","20":"product_tag-p14","21":"product_tag-powerful","22":"product_tag-premium","23":"product_tag-pro","24":"product_tag-pst","25":"product_tag-pwm","26":"product_tag-splitter","27":"product_tag-thermal-compound","28":"product_tag-thermal-grease","29":"product_tag-thermal-paste","30":"product_tag-thermal-paste-for-gaming-pc","31":"product_tag-thermal-paste-price","32":"product_tag-ycable","34":"first","35":"instock","36":"sale","37":"shipping-taxable","38":"product-type-external"},"_links":{"self":[{"href":"https:\/\/comprasyconsejos.store\/en\/wp-json\/wp\/v2\/product\/26542","targetHints":{"allow":["GET"]}}],"collection":[{"href":"https:\/\/comprasyconsejos.store\/en\/wp-json\/wp\/v2\/product"}],"about":[{"href":"https:\/\/comprasyconsejos.store\/en\/wp-json\/wp\/v2\/types\/product"}],"replies":[{"embeddable":true,"href":"https:\/\/comprasyconsejos.store\/en\/wp-json\/wp\/v2\/comments?post=26542"}],"version-history":[{"count":0,"href":"https:\/\/comprasyconsejos.store\/en\/wp-json\/wp\/v2\/product\/26542\/revisions"}],"wp:featuredmedia":[{"embeddable":true,"href":"https:\/\/comprasyconsejos.store\/en\/wp-json\/wp\/v2\/media\/26543"}],"wp:attachment":[{"href":"https:\/\/comprasyconsejos.store\/en\/wp-json\/wp\/v2\/media?parent=26542"}],"wp:term":[{"taxonomy":"product_brand","embeddable":true,"href":"https:\/\/comprasyconsejos.store\/en\/wp-json\/wp\/v2\/product_brand?post=26542"},{"taxonomy":"product_cat","embeddable":true,"href":"https:\/\/comprasyconsejos.store\/en\/wp-json\/wp\/v2\/product_cat?post=26542"},{"taxonomy":"product_tag","embeddable":true,"href":"https:\/\/comprasyconsejos.store\/en\/wp-json\/wp\/v2\/product_tag?post=26542"}],"curies":[{"name":"wp","href":"https:\/\/api.w.org\/{rel}","templated":true}]}}