{"id":26559,"date":"2026-02-20T05:56:15","date_gmt":"2026-02-20T05:56:15","guid":{"rendered":"https:\/\/comprasyconsejos.store\/product\/thermalright-peerless-assassin-120-se-argb-cpu-air-cooler-6-heat-pipes-cpu-cooler-dual-120mm-tl-c12c-s-pwm-fan-aluminum-heatsink-cover-aghp-technology-for-amd-am4-am5-intel-1700-1150-1200\/"},"modified":"2026-02-20T05:56:17","modified_gmt":"2026-02-20T05:56:17","slug":"thermalright-peerless-assassin-120-se-argb-cpu-air-cooler-6-heat-pipes-cpu-cooler-dual-120mm-tl-c12c-s-pwm-fan-aluminum-heatsink-cover-aghp-technology-for-amd-am4-am5-intel-1700-1150-1200","status":"publish","type":"product","link":"https:\/\/comprasyconsejos.store\/en\/product\/thermalright-peerless-assassin-120-se-argb-cpu-air-cooler-6-heat-pipes-cpu-cooler-dual-120mm-tl-c12c-s-pwm-fan-aluminum-heatsink-cover-aghp-technology-for-amd-am4-am5-intel-1700-1150-1200\/","title":{"rendered":"Thermalright Peerless Assassin 120 SE ARGB CPU Air Cooler, 6 Heat Pipes Cpu Cooler, Dual 120mm TL-C12C-S PWM Fan, Aluminum Heatsink Cover, AGHP Technology, for AMD AM4\/AM5 Intel 1700\/1150\/1200"},"content":{"rendered":"<p>Price: <span style=\"color:#b12704\">\u20ac38.00<\/span><br \/><i><small>(as of Feb 20, 2026 05:56:15 UTC &#8211; <span class=\"wp_automatic_amazon_disclaimer\" title=\"Product prices and availability are accurate as of the date\/time indicated and are subject to change. Any price and availability information displayed on [relevant Amazon Site(s), as applicable] at the time of purchase will apply to the purchase of this product.\">Details<\/span>)<\/small><\/i><\/p>\n<p><a href=\"https:\/\/amazon.es\/dp\/B0B53FMMZ6?tag=man008-21\"><img decoding=\"async\" src=\"https:\/\/valvepress.s3.amazonaws.com\/imgs\/buy_now.png\"><\/a><br \/>\n<\/p>\n<p>                                             Product Description   <\/p>\n<p>                                                  <img decoding=\"async\" alt=\"11\" src=\"https:\/\/images-na.ssl-images-amazon.com\/images\/G\/01\/x-locale\/common\/grey-pixel.gif\" class=\"a-lazy-loaded\" data-src=\"https:\/\/m.media-amazon.com\/images\/S\/aplus-media-library-service-media\/d2986737-fcd1-4cc4-9d84-5402fa3a12be.__CR0,0,970,300_PT0_SX970_V1___.jpg\"><img decoding=\"async\" alt=\"11\" src=\"https:\/\/m.media-amazon.com\/images\/S\/aplus-media-library-service-media\/d2986737-fcd1-4cc4-9d84-5402fa3a12be.__CR0,0,970,300_PT0_SX970_V1___.jpg\">  <\/p>\n<p>                                                                             <img decoding=\"async\" alt=\"11\" src=\"https:\/\/images-na.ssl-images-amazon.com\/images\/G\/01\/x-locale\/common\/grey-pixel.gif\" class=\"a-spacing-base a-lazy-loaded\" data-src=\"https:\/\/m.media-amazon.com\/images\/S\/aplus-media-library-service-media\/09599b41-f293-4b98-bd02-1ec493c69888.__CR0,0,970,600_PT0_SX970_V1___.jpg\"><img decoding=\"async\" alt=\"11\" src=\"https:\/\/m.media-amazon.com\/images\/S\/aplus-media-library-service-media\/09599b41-f293-4b98-bd02-1ec493c69888.__CR0,0,970,600_PT0_SX970_V1___.jpg\">                                                                    <\/p>\n<p class=\"apm-text-center\">\n                                                      <img decoding=\"async\" alt=\"11\" src=\"https:\/\/images-na.ssl-images-amazon.com\/images\/G\/01\/x-locale\/common\/grey-pixel.gif\" class=\"a-spacing-mini a-lazy-loaded\" data-src=\"https:\/\/m.media-amazon.com\/images\/S\/aplus-media-library-service-media\/64fe506e-34b4-45ff-a04f-7c5562db9a9f.__CR0,0,300,300_PT0_SX300_V1___.jpg\"><img decoding=\"async\" alt=\"11\" src=\"https:\/\/m.media-amazon.com\/images\/S\/aplus-media-library-service-media\/64fe506e-34b4-45ff-a04f-7c5562db9a9f.__CR0,0,300,300_PT0_SX300_V1___.jpg\">  <\/p>\n<p>                                                    EXPERIENCIA DE USUARIO DE EXCELENCIA                                       <\/p>\n<p> La pasta t\u00e9rmica premium THERMALRIGHT TF-7 tambi\u00e9n se incluye con el enfriador de CPU para obtener el mejor rendimiento listo para usar. El sistema de montaje Thermalright SS2 redise\u00f1ado ofrece un proceso de instalaci\u00f3n f\u00e1cil y una presi\u00f3n de montaje \u00f3ptima. <\/p>\n<p class=\"apm-text-center\">\n                                                      <img decoding=\"async\" alt=\"11\" src=\"https:\/\/images-na.ssl-images-amazon.com\/images\/G\/01\/x-locale\/common\/grey-pixel.gif\" class=\"a-spacing-mini a-lazy-loaded\" data-src=\"https:\/\/m.media-amazon.com\/images\/S\/aplus-media-library-service-media\/0fe74785-0d60-41b1-9ea6-85bcd87bd208.__CR0,0,300,300_PT0_SX300_V1___.jpg\"><img decoding=\"async\" alt=\"11\" src=\"https:\/\/m.media-amazon.com\/images\/S\/aplus-media-library-service-media\/0fe74785-0d60-41b1-9ea6-85bcd87bd208.__CR0,0,300,300_PT0_SX300_V1___.jpg\">  <\/p>\n<p>                                                    6 TUBOS DE CALOR DE TECNOLOG\u00cdA AGHP (ANTI-GRAVITY HEAT PIPE)                                       <\/p>\n<p> Los tubos de calor comunes dependen en gran medida de la gravedad para lograr un rendimiento \u00f3ptimo. <\/p>\n<p> Disipador t\u00e9rmico equipado con THERMALRIGHT Dise\u00f1o especial AGHP Heat Pipes no se ve afectado por la direcci\u00f3n de montaje. Esto garantiza una experiencia m\u00e1s fresca del usuario en diferentes dise\u00f1os de cajas de computadora. <\/p>\n<p class=\"apm-text-center\">\n                                                      <img decoding=\"async\" alt=\"11\" src=\"https:\/\/images-na.ssl-images-amazon.com\/images\/G\/01\/x-locale\/common\/grey-pixel.gif\" class=\"a-spacing-mini a-lazy-loaded\" data-src=\"https:\/\/m.media-amazon.com\/images\/S\/aplus-media-library-service-media\/63f1fdb8-d43f-4c44-9339-25675f5d28b6.__CR0,0,300,300_PT0_SX300_V1___.jpg\"><img decoding=\"async\" alt=\"11\" src=\"https:\/\/m.media-amazon.com\/images\/S\/aplus-media-library-service-media\/63f1fdb8-d43f-4c44-9339-25675f5d28b6.__CR0,0,300,300_PT0_SX300_V1___.jpg\">  <\/p>\n<p>                                                    VENTILADOR TL-C12C-S DE DOBLE EQUILIBRIO                                       <\/p>\n<p> Basado en el dise\u00f1o del ventilador TL-C12, la serie de ventiladores TL-C12C-S logra un equilibrio \u00f3ptimo entre el rendimiento y la salida de ruido, por lo tanto, son ventiladores completos para escenarios de uso de disipadores t\u00e9rmicos o radiadores. El motor est\u00e1 equipado con un rodamiento S-FDB para un funcionamiento suave y una larga vida \u00fatil. <\/p>\n<p>                                                  <img decoding=\"async\" alt=\"11\" src=\"https:\/\/images-na.ssl-images-amazon.com\/images\/G\/01\/x-locale\/common\/grey-pixel.gif\" class=\"a-lazy-loaded\" data-src=\"https:\/\/m.media-amazon.com\/images\/S\/aplus-media-library-service-media\/955d2281-3180-49ae-91d5-892829bae6c9.__CR0,0,970,300_PT0_SX970_V1___.jpg\"><img decoding=\"async\" alt=\"11\" src=\"https:\/\/m.media-amazon.com\/images\/S\/aplus-media-library-service-media\/955d2281-3180-49ae-91d5-892829bae6c9.__CR0,0,970,300_PT0_SX970_V1___.jpg\">  <\/p>\n<p> Product Dimensions                                            \u200f                                            :                                            \u200e                                            12.7 x 10.16 x 15.24 cm; 1.43 kg   <br \/> Date First Available                                            \u200f                                            :                                            \u200e                                            5 Oct. 2022   <br \/> Manufacturer                                            \u200f                                            :                                            \u200e                                            Thermalright   <br \/> ASIN                                            \u200f                                            :                                            \u200e                                            B0B53FMMZ6   <br \/> Manufacturer reference                                            \u200f                                            :                                            \u200e                                            PA120 SE ARGB-D6-DE   <br \/> Country of origin                                            \u200f                                            :                                            \u200e                                            China   <br \/>       Best Sellers Rank:  4,934 in Computers (See Top 100 in Computers)    136 in CPU Fans      <br \/>  Customer reviews:                                                                                            4.8               4.8 out of 5 stars                                  (779)                                              var dpAcrHasRegisteredArcLinkClickAction;                    P.when(&#8216;A&#8217;, &#8216;ready&#8217;).execute(function(A) {                        if (dpAcrHasRegisteredArcLinkClickAction !== true) {                            dpAcrHasRegisteredArcLinkClickAction = true;                            A.declarative(                                &#8216;acrLink-click-metrics&#8217;, &#8216;click&#8217;,                                { \u00aballowLinkDefault\u00bb: true },                                function (event) {                                    if (window.ue) {                                        ue.count(\u00abacrLinkClickCount\u00bb, (ue.count(\u00abacrLinkClickCount\u00bb) || 0) + 1);                                    }                                }                            );                        }                    });                                             P.when(&#8216;A&#8217;, &#8216;cf&#8217;).execute(function(A) {                A.declarative(&#8216;acrStarsLink-click-metrics&#8217;, &#8216;click&#8217;, { \u00aballowLinkDefault\u00bb : true },  function(event){                    if(window.ue) {                        ue.count(\u00abacrStarsLinkWithPopoverClickCount\u00bb, (ue.count(\u00abacrStarsLinkWithPopoverClickCount\u00bb) || 0) + 1);                    }                });            });                          <\/p>\n<p>\u3010Brand Overview\u3011Thermalright is a brand from Taiwan with more than 20 years of development. It has some popularity in domestic and foreign markets and has a fundamental influence on the player market. We have focused on research and development of computer accessories. CPU cooler and case fan are the main products.<br \/>\u3010Product Specifications\u3011Thermalright PA120 SE ARGB White; CPU Cooler Dimensions:125(L)x135(W)x155(H)mm(4.92&#215;5.31&#215;6.1 inches); Heat sink material: aluminum, CPU cooler is equipped with metal fasteners of Intel and AMD platform to achieve better installation, dual tower cooling is strongest<br \/>\u30102 PWM Fans\u3011Model: TL-C12CW-S; Colorful and beautiful ARGB light effects; Standard size PWM fan: 120x120x25mm (4.72&#215;4.72&#215;0.98 inch); Product weight: 0.97 kg (2.1 lb); Fan speed(RPM): 15 50rpm \u00b1 10%; Power port: 4 pins; Voltage: 12V; Airflow: 66.17CFM (MAX); Noise level\u226425.6dB(A), leave room for the memory chip (RAM), so that the installation of the ice cooler CPU is not restricted<br \/>\u3010AGHP Technique\u30116\u00d76mm heat pipes apply AGHP technique. Solve the reverse gravity effect caused by vertical\/horizontal orientation, the TDP of CPU cooler is 120-265W. 6 pure copper sintered heat pipes and PWM fan and pure copper base and full electroplating reflow welding process. When the CPU cooler works, aim for extreme CPU cooling performance<br \/>\u3010Compatibility\u3011The CPU cooler socket supports: Intel: 115X \/ 1200\/1700 \/ 17XX AMD: AM4:AM5; For different CPU socket platforms, the corresponding mounting plate or fixing parts are provided<\/p>\n\n","protected":false},"excerpt":{"rendered":"<p> Product Description EXPERIENCIA DE USUARIO DE EXCELENCIA La pasta t\u00e9rmica premium THERMALRIGHT TF-7 tambi\u00e9n se<\/p>","protected":false},"featured_media":26560,"comment_status":"open","ping_status":"closed","template":"","meta":[],"product_brand":[],"product_cat":[66],"product_tag":[1381,2024,216,435,2200,530,2008,1568,2020,2010,1668,1016,598,2002,2014,1997,2016,298,910,1123,1301,562,2006,2019,2022,1999,2023,2012,2004,385,2017,2293],"class_list":{"0":"post-26559","1":"product","2":"type-product","3":"status-publish","4":"has-post-thumbnail","6":"product_cat-cpu-fan","7":"product_tag-120mm","8":"product_tag-aghp","9":"product_tag-air","10":"product_tag-aluminum","11":"product_tag-am4am5","12":"product_tag-amd","13":"product_tag-amd-cpu-cooler","14":"product_tag-argb","15":"product_tag-assassin","16":"product_tag-best-cpu-fan","17":"product_tag-cooler","18":"product_tag-cover","19":"product_tag-cpu","20":"product_tag-cpu-air-cooler","21":"product_tag-cpu-cooling-fan","22":"product_tag-cpu-fan","23":"product_tag-cpu-fan-price","24":"product_tag-dual","25":"product_tag-fan","26":"product_tag-heat","27":"product_tag-heatsink","28":"product_tag-intel","29":"product_tag-intel-cpu-fan","30":"product_tag-peerless","31":"product_tag-pipes","32":"product_tag-processor-fan","33":"product_tag-pwm","34":"product_tag-quiet-cpu-cooler","35":"product_tag-rgb-cpu-cooler","36":"product_tag-technology","37":"product_tag-thermalright","38":"product_tag-tlc12cs","40":"first","41":"instock","42":"shipping-taxable","43":"product-type-external"},"_links":{"self":[{"href":"https:\/\/comprasyconsejos.store\/en\/wp-json\/wp\/v2\/product\/26559","targetHints":{"allow":["GET"]}}],"collection":[{"href":"https:\/\/comprasyconsejos.store\/en\/wp-json\/wp\/v2\/product"}],"about":[{"href":"https:\/\/comprasyconsejos.store\/en\/wp-json\/wp\/v2\/types\/product"}],"replies":[{"embeddable":true,"href":"https:\/\/comprasyconsejos.store\/en\/wp-json\/wp\/v2\/comments?post=26559"}],"version-history":[{"count":0,"href":"https:\/\/comprasyconsejos.store\/en\/wp-json\/wp\/v2\/product\/26559\/revisions"}],"wp:featuredmedia":[{"embeddable":true,"href":"https:\/\/comprasyconsejos.store\/en\/wp-json\/wp\/v2\/media\/26560"}],"wp:attachment":[{"href":"https:\/\/comprasyconsejos.store\/en\/wp-json\/wp\/v2\/media?parent=26559"}],"wp:term":[{"taxonomy":"product_brand","embeddable":true,"href":"https:\/\/comprasyconsejos.store\/en\/wp-json\/wp\/v2\/product_brand?post=26559"},{"taxonomy":"product_cat","embeddable":true,"href":"https:\/\/comprasyconsejos.store\/en\/wp-json\/wp\/v2\/product_cat?post=26559"},{"taxonomy":"product_tag","embeddable":true,"href":"https:\/\/comprasyconsejos.store\/en\/wp-json\/wp\/v2\/product_tag?post=26559"}],"curies":[{"name":"wp","href":"https:\/\/api.w.org\/{rel}","templated":true}]}}