{"id":26569,"date":"2026-02-20T05:58:58","date_gmt":"2026-02-20T05:58:58","guid":{"rendered":"https:\/\/comprasyconsejos.store\/product\/hp-smart-tank-5108-wi-fi-multifunction-ink-printer-with-refillable-reservoir-includes-ink-for-printing-up-to-3-years\/"},"modified":"2026-02-20T05:59:00","modified_gmt":"2026-02-20T05:59:00","slug":"hp-smart-tank-5108-wi-fi-multifunction-ink-printer-with-refillable-reservoir-includes-ink-for-printing-up-to-3-years","status":"publish","type":"product","link":"https:\/\/comprasyconsejos.store\/en\/product\/hp-smart-tank-5108-wi-fi-multifunction-ink-printer-with-refillable-reservoir-includes-ink-for-printing-up-to-3-years\/","title":{"rendered":"HP Smart Tank 5108 Wi-Fi Multifunction Ink Printer, with Refillable Reservoir, Includes Ink for Printing up to 3 Years"},"content":{"rendered":"<p>Price: <span style=\"color:#b12704\"><del>\u20ac179.00<\/del> - \u20ac169.00<\/span><br \/><i><small>(as of Feb 20, 2026 05:58:58 UTC &#8211; <span class=\"wp_automatic_amazon_disclaimer\" title=\"Product prices and availability are accurate as of the date\/time indicated and are subject to change. Any price and availability information displayed on [relevant Amazon Site(s), as applicable] at the time of purchase will apply to the purchase of this product.\">Details<\/span>)<\/small><\/i><\/p>\n<p><a href=\"https:\/\/amazon.es\/dp\/B0DCKX9X8S?tag=man008-21\"><img decoding=\"async\" src=\"https:\/\/valvepress.s3.amazonaws.com\/imgs\/buy_now.png\"><\/a><br \/>\n<\/p>\n<p>                                             From the brand   <\/p>\n<p>                                              <img decoding=\"async\" alt=\"El texto dice \u00abHP\u00bb. Logotipo de HP azul y blanco sobre fondo blanco con elementos de dise\u00f1o angular estilizados.\" src=\"https:\/\/images-na.ssl-images-amazon.com\/images\/G\/01\/x-locale\/common\/grey-pixel.gif\" class=\"a-lazy-loaded\" data-src=\"https:\/\/m.media-amazon.com\/images\/S\/aplus-media-library-service-media\/a4d7b21e-3399-45ba-a9db-9497cea608eb.__CR0,0,1464,625_PT0_SX1464_V1___.jpg\"><img decoding=\"async\" alt=\"El texto dice \u00abHP\u00bb. Logotipo de HP azul y blanco sobre fondo blanco con elementos de dise\u00f1o angular estilizados.\" src=\"https:\/\/m.media-amazon.com\/images\/S\/aplus-media-library-service-media\/a4d7b21e-3399-45ba-a9db-9497cea608eb.__CR0,0,1464,625_PT0_SX1464_V1___.jpg\">  <\/p>\n<p>                                              <img decoding=\"async\" alt=\"El texto dice \u00abHP Smart Tank\u00bb, \u00abimpresi\u00f3n f\u00e1cil\u00bb, \u00abvibrante\u00bb, \u00abHasta 3 a\u00f1os de\u00bb. Serie de im\u00e1genes de productos que muestran las actividades de impresi\u00f3n e impresi\u00f3n en el hogar\/oficina.\" src=\"https:\/\/images-na.ssl-images-amazon.com\/images\/G\/01\/x-locale\/common\/grey-pixel.gif\" class=\"a-lazy-loaded\" data-src=\"https:\/\/m.media-amazon.com\/images\/S\/aplus-media-library-service-media\/c0a6c284-20d4-4754-aeee-3009606bbed1.__CR0,0,362,453_PT0_SX362_V1___.jpg\"><img decoding=\"async\" alt=\"El texto dice \u00abHP Smart Tank\u00bb, \u00abimpresi\u00f3n f\u00e1cil\u00bb, \u00abvibrante\u00bb, \u00abHasta 3 a\u00f1os de\u00bb. Serie de im\u00e1genes de productos que muestran las actividades de impresi\u00f3n e impresi\u00f3n en el hogar\/oficina.\" src=\"https:\/\/m.media-amazon.com\/images\/S\/aplus-media-library-service-media\/c0a6c284-20d4-4754-aeee-3009606bbed1.__CR0,0,362,453_PT0_SX362_V1___.jpg\">  <\/p>\n<p>                                              <img decoding=\"async\" alt=\"El texto dice \u00abTinta Original HP\u00bb y \u00abCalidad de la\u00bb. Visualizaci\u00f3n de los cartuchos de tinta de impresora HP en varios colores con el embalaje del producto.\" src=\"https:\/\/images-na.ssl-images-amazon.com\/images\/G\/01\/x-locale\/common\/grey-pixel.gif\" class=\"a-lazy-loaded\" data-src=\"https:\/\/m.media-amazon.com\/images\/S\/aplus-media-library-service-media\/53706fcf-7c1f-4829-b3af-6ab7c7c351ea.__CR0,0,362,453_PT0_SX362_V1___.jpg\"><img decoding=\"async\" alt=\"El texto dice \u00abTinta Original HP\u00bb y \u00abCalidad de la\u00bb. Visualizaci\u00f3n de los cartuchos de tinta de impresora HP en varios colores con el embalaje del producto.\" src=\"https:\/\/m.media-amazon.com\/images\/S\/aplus-media-library-service-media\/53706fcf-7c1f-4829-b3af-6ab7c7c351ea.__CR0,0,362,453_PT0_SX362_V1___.jpg\">  <\/p>\n<p>                                              <img decoding=\"async\" alt=\"El texto dice \u00abRecarga sencilla y sin derrames\u00bb y \u00abHP Smart Tank\u00bb. Demostraci\u00f3n del proceso de recarga de tinta de una impresora con las manos llenando el cartucho de la impresora.\" src=\"https:\/\/images-na.ssl-images-amazon.com\/images\/G\/01\/x-locale\/common\/grey-pixel.gif\" class=\"a-lazy-loaded\" data-src=\"https:\/\/m.media-amazon.com\/images\/S\/aplus-media-library-service-media\/2e9faf5a-cb23-410e-8f90-4306b2cfe404.__CR0,0,362,453_PT0_SX362_V1___.jpg\"><img decoding=\"async\" alt=\"El texto dice \u00abRecarga sencilla y sin derrames\u00bb y \u00abHP Smart Tank\u00bb. Demostraci\u00f3n del proceso de recarga de tinta de una impresora con las manos llenando el cartucho de la impresora.\" src=\"https:\/\/m.media-amazon.com\/images\/S\/aplus-media-library-service-media\/2e9faf5a-cb23-410e-8f90-4306b2cfe404.__CR0,0,362,453_PT0_SX362_V1___.jpg\">  <\/p>\n<p> Product Dimensions                                            \u200f                                            :                                            \u200e                                            36.15 x 43.47 x 15.73 cm; 5.03 kg   <br \/> Manufacturer                                            \u200f                                            :                                            \u200e                                            HP   <br \/> ASIN                                            \u200f                                            :                                            \u200e                                            B0DCKX9X8S   <br \/> Item model number                                            \u200f                                            :                                            \u200e                                            5D1B3A   <br \/> Country of origin                                            \u200f                                            :                                            \u200e                                            China   <br \/> Guaranteed software updates until                                            \u200f                                            :                                            \u200e                                            unknown   <br \/>  Customer reviews:                                                                                            4.4               4.4 out of 5 stars                                  (373)                                              var dpAcrHasRegisteredArcLinkClickAction;                    P.when(&#8216;A&#8217;, &#8216;ready&#8217;).execute(function(A) {                        if (dpAcrHasRegisteredArcLinkClickAction !== true) {                            dpAcrHasRegisteredArcLinkClickAction = true;                            A.declarative(                                &#8216;acrLink-click-metrics&#8217;, &#8216;click&#8217;,                                { \u00aballowLinkDefault\u00bb: true },                                function (event) {                                    if (window.ue) {                                        ue.count(\u00abacrLinkClickCount\u00bb, (ue.count(\u00abacrLinkClickCount\u00bb) || 0) + 1);                                    }                                }                            );                        }                    });                                             P.when(&#8216;A&#8217;, &#8216;cf&#8217;).execute(function(A) {                A.declarative(&#8216;acrStarsLink-click-metrics&#8217;, &#8216;click&#8217;, { \u00aballowLinkDefault\u00bb : true },  function(event){                    if(window.ue) {                        ue.count(\u00abacrStarsLinkWithPopoverClickCount\u00bb, (ue.count(\u00abacrStarsLinkWithPopoverClickCount\u00bb) || 0) + 1);                    }                });            });                          <\/p>\n<p>Print, copy and scan with high-quality results with a maximum print speed of up to 22 ppm in black and white and up to 16 ppm in colour, with a print resolution of 1200 x 1200 dpi and colour up to 4,800 x 1,200 dpi<br \/>Print at extraordinarily low cost with up to three years of Original HP Ink included in the printer<br \/>Spill-free ink reservoir system: Printer with low ink level sensors and easy refills<br \/>Features reliable connectivity thanks to the built-in 2.4G Wi-Fi connection with automatic recovery capabilities, Wi-Fi Direct, Bluetooth low energy, 1 high-speed USB 2.0<br \/>This printer is compatible with the original HP ink bottles, 1VU27AE Original ink bottle HP 31 magenta 70ml, 1VU28AE Original ink bottle HP 31 yellow 70ml, 1VV24AE Original ink bottle HP 32XL black 135ml, M0H50A Original printhead HP black, 6ZA11 8AE Head Original print HP tricolor<\/p>\n\n","protected":false},"excerpt":{"rendered":"<p> From the brand Product Dimensions \u200f : \u200e 36.15 x 43.47 x 15.73 cm; 5.03<\/p>","protected":false},"featured_media":26570,"comment_status":"open","ping_status":"closed","template":"","meta":[],"product_brand":[],"product_cat":[58],"product_tag":[1973,1967,1975,1968,1972,1971,1196,1980,1964,1974,2189,1970,1962,2276,2321,5077,1593,2274,543,1969,2277],"class_list":{"0":"post-26569","1":"product","2":"type-product","3":"status-publish","4":"has-post-thumbnail","6":"product_cat-laser-printers","7":"product_tag-best-laser-printer","8":"product_tag-black-and-white-laser-printer","9":"product_tag-business-laser-printer","10":"product_tag-color-laser-printer","11":"product_tag-duplex-laser-printer","12":"product_tag-fast-laser-printer","13":"product_tag-includes","14":"product_tag-ink","15":"product_tag-laser-printer","16":"product_tag-laser-printer-price","17":"product_tag-multifunction","18":"product_tag-office-laser-printer","19":"product_tag-printer","20":"product_tag-printing","21":"product_tag-refillable","22":"product_tag-reservoir","23":"product_tag-smart","24":"product_tag-tank","25":"product_tag-wifi","26":"product_tag-wireless-laser-printer","27":"product_tag-years","29":"first","30":"instock","31":"sale","32":"shipping-taxable","33":"product-type-external"},"_links":{"self":[{"href":"https:\/\/comprasyconsejos.store\/en\/wp-json\/wp\/v2\/product\/26569","targetHints":{"allow":["GET"]}}],"collection":[{"href":"https:\/\/comprasyconsejos.store\/en\/wp-json\/wp\/v2\/product"}],"about":[{"href":"https:\/\/comprasyconsejos.store\/en\/wp-json\/wp\/v2\/types\/product"}],"replies":[{"embeddable":true,"href":"https:\/\/comprasyconsejos.store\/en\/wp-json\/wp\/v2\/comments?post=26569"}],"version-history":[{"count":0,"href":"https:\/\/comprasyconsejos.store\/en\/wp-json\/wp\/v2\/product\/26569\/revisions"}],"wp:featuredmedia":[{"embeddable":true,"href":"https:\/\/comprasyconsejos.store\/en\/wp-json\/wp\/v2\/media\/26570"}],"wp:attachment":[{"href":"https:\/\/comprasyconsejos.store\/en\/wp-json\/wp\/v2\/media?parent=26569"}],"wp:term":[{"taxonomy":"product_brand","embeddable":true,"href":"https:\/\/comprasyconsejos.store\/en\/wp-json\/wp\/v2\/product_brand?post=26569"},{"taxonomy":"product_cat","embeddable":true,"href":"https:\/\/comprasyconsejos.store\/en\/wp-json\/wp\/v2\/product_cat?post=26569"},{"taxonomy":"product_tag","embeddable":true,"href":"https:\/\/comprasyconsejos.store\/en\/wp-json\/wp\/v2\/product_tag?post=26569"}],"curies":[{"name":"wp","href":"https:\/\/api.w.org\/{rel}","templated":true}]}}