{"id":26584,"date":"2026-02-20T06:05:59","date_gmt":"2026-02-20T06:05:59","guid":{"rendered":"https:\/\/comprasyconsejos.store\/product\/canon-maxify-mb5150-4-in-1-multifunction-compact-printer-inkjet-system-wifi-touch-lcd-display-50-sheet-adf-high-speed-printing-300-sheet-capacity-black\/"},"modified":"2026-02-20T06:06:02","modified_gmt":"2026-02-20T06:06:02","slug":"canon-maxify-mb5150-4-in-1-multifunction-compact-printer-inkjet-system-wifi-touch-lcd-display-50-sheet-adf-high-speed-printing-300-sheet-capacity-black","status":"publish","type":"product","link":"https:\/\/comprasyconsejos.store\/en\/product\/canon-maxify-mb5150-4-in-1-multifunction-compact-printer-inkjet-system-wifi-touch-lcd-display-50-sheet-adf-high-speed-printing-300-sheet-capacity-black\/","title":{"rendered":"Canon Maxify MB5150 4-in-1 Multifunction Compact Printer, Inkjet System, WiFi, Touch LCD Display, 50-Sheet ADF, High Speed Printing, 300 Sheet Capacity, Black"},"content":{"rendered":"<p>Price: <span style=\"color:#b12704\"><del>\u20ac199.00<\/del> - \u20ac152.90<\/span><br \/><i><small>(as of Feb 20, 2026 06:05:59 UTC &#8211; <span class=\"wp_automatic_amazon_disclaimer\" title=\"Product prices and availability are accurate as of the date\/time indicated and are subject to change. Any price and availability information displayed on [relevant Amazon Site(s), as applicable] at the time of purchase will apply to the purchase of this product.\">Details<\/span>)<\/small><\/i><\/p>\n<p><a href=\"https:\/\/amazon.es\/dp\/B01GZ1QA2E?tag=man008-21\"><img decoding=\"async\" src=\"https:\/\/valvepress.s3.amazonaws.com\/imgs\/buy_now.png\"><\/a><br \/>\n<\/p>\n<p>                                             From the manufacturer   <\/p>\n<h3 class=\"a-spacing-mini\"> Canon Maxify MB5150 &#8211; Multifunci\u00f3n de inyecci\u00f3n de tinta 4 en 1 <\/h3>\n<p> Un potente sistema multifunci\u00f3n de inyecci\u00f3n de tinta de color para imprimir, escanear, copiar y enviar faxes. Ofrece compatibilidad con dispositivos m\u00f3viles, velocidades de impresi\u00f3n en blanco y negro de hasta 24 p\u00e1ginas ISO\/minuto (SW) y numerosas funciones de integraci\u00f3n de red. <\/p>\n<p class=\"apm-text-center\">\n<p>                                                    Peque\u00f1a oficina \u2013 gran productividad                                       <\/p>\n<p> La impresora, esc\u00e1ner y fotocopiadora completa incluye fax est\u00e1 dise\u00f1ada espec\u00edficamente para la oficina en casa, donde se necesita una alta calidad de impresi\u00f3n en color y blanco y negro con un bajo costo de p\u00e1gina. Las tintas DRHD resistentes a la abrasi\u00f3n proporcionan negros profundos, colores vivos y texto n\u00edtido. La velocidad de impresi\u00f3n A4 de los modelos Canon Maxify MB5150 es de hasta 24 p\u00e1ginas ISO en blanco y negro y 15,5 p\u00e1ginas ISO en color, con la primera p\u00e1gina despu\u00e9s de solo aprox. seis segundos (FCOT) en la bandeja de salida. El escaneo a doble cara permite un escaneo a\u00fan m\u00e1s r\u00e1pido de las plantillas. <\/p>\n<p class=\"apm-text-center\">\n<p>                                                    Alta rentabilidad                                       <\/p>\n<p> Tanto el bajo consumo de energ\u00eda de solo aprox. 0,2 kWh (TEC) y los tanques de tinta intercambiables individualmente hacen que este modelo Maxify sea especialmente econ\u00f3mico y econ\u00f3mico. La tinta negra permite imprimir hasta 2.500 p\u00e1ginas ISO y las tintas de color de hasta 1.500 p\u00e1ginas, lo que significa que el trabajo de sustituci\u00f3n de tinta se debe interrumpir con mucha menos frecuencia. El multipack opcional de cuatro colores hace que la impresi\u00f3n sea a\u00fan m\u00e1s rentable. <\/p>\n<p class=\"apm-text-center\">\n<p>                                                    Alta productividad y facilidad de uso                                       <\/p>\n<p> La pantalla t\u00e1ctil en color TFT de 8,8 cm (3,5&#8243;) de Canon Maxify MB5150 permite un uso intuitivo de las funciones de impresi\u00f3n, escaneo, copia y fax. Adem\u00e1s de una gran capacidad de papel de hasta 250 p\u00e1ginas y un alimentador de documentos de hasta 50 hojas, el sistema multifunci\u00f3n ofrece impresi\u00f3n autom\u00e1tica a doble cara y soporte para una amplia gama de soportes de impresi\u00f3n, desde papel normal A4 hasta sobres y papel fotogr\u00e1fico hasta copias de tarjetas de visita impresas por ambas caras, para que todos los trabajos de impresi\u00f3n de la oficina sean r\u00e1pidos y f\u00e1ciles. <\/p>\n<p class=\"apm-text-center\">\n<p>                                                    Preparado para todo: M\u00f3vil, nube, productividad                                       <\/p>\n<p> La compatibilidad con Google Cloud Print, Apple AirPrint (iOS), Mopria y la aplicaci\u00f3n Canon Print permite imprimir y escanear f\u00e1cilmente desde dispositivos m\u00f3viles. Puede imprimir directamente desde la nube y almacenar documentos escaneados directamente en un servicio en la nube como Google Drive, Dropbox, Evernote, OneNote, OneDrive y Concur. El modo de punto de acceso permite conectar un dispositivo m\u00f3vil directamente al sistema multifunci\u00f3n sin necesidad de una red inal\u00e1mbrica. <\/p>\n<p class=\"apm-text-center\">\n<p>                                                    Amplias funciones de monitoreo y mantenimiento del sistema                                       <\/p>\n<p> El filtrado de direcciones IP permite restringir el n\u00famero de usuarios para funciones espec\u00edficas y el soporte de correo electr\u00f3nico SMTP permite un escaneo seguro a correo electr\u00f3nico. El administrador del sistema puede configurar el sistema multifunci\u00f3n de forma r\u00e1pida y sencilla y limitar el uso de ciertas funciones, como el escaneo a USB. <\/p>\n<p class=\"apm-text-center\">\n<p>                                                    Integraci\u00f3n de red sencilla                                       <\/p>\n<p> La compatibilidad con el protocolo simple de administraci\u00f3n de redes (SSNMP) hace que sea especialmente f\u00e1cil integrar el sistema multifunci\u00f3n en una red existente. El est\u00e1ndar SNMP tambi\u00e9n permite funciones de monitoreo, incluyendo niveles de tinta, mensajes de error y contadores de p\u00e1gina. <\/p>\n<p>                         Add To Basket  <\/p>\n<p>                         Add To Basket  <\/p>\n<p>                             Customer Reviews  <\/p>\n<p>                    4.2 out of 5 stars  1,300  <\/p>\n<p>                    3.4 out of 5 stars  24  <\/p>\n<p>                    4.2 out of 5 stars  1,300  <\/p>\n<p>                    4.2 out of 5 stars  1,300  <\/p>\n<p>                             Price  <\/p>\n<p>                                            \u2014 no data<\/p>\n<p>                                            \u2014 no data<br \/>\n                                                       \u20ac152.90\u20ac152.90                  \u20ac199.00\u20ac199.00        <\/p>\n<p>                             Funciones<br \/>\n                                Imprimir, copiar, escanear, fax + Cloud Link               Imprimir + Cloud Link               Imprimir, copiar, escanear, fax + Cloud Link               Imprimir, copiar, escanear, fax + Cloud Link        <\/p>\n<p>                             Velocidad de impresi\u00f3n (S\/W, A4 ISO)<br \/>\n                                24 p\u00e1ginas ISO\/minuto               24 p\u00e1ginas ISO\/minuto               24 p\u00e1ginas ISO\/minuto               24 p\u00e1ginas ISO\/minuto        <\/p>\n<p>                             Velocidad de impresi\u00f3n (color, A4 ISO)<br \/>\n                                15,5 p\u00e1ginas\/minuto ISO               15,5 p\u00e1ginas\/minuto ISO               15,5 p\u00e1ginas\/minuto ISO               15,5 p\u00e1ginas\/minuto ISO        <\/p>\n<p>                             Stock de papel<br \/>\n                                Cartucho superior: hasta 250 hojas de cartucho inferior: hasta 250 hojas               Cartucho superior: hasta 250 hojas de cartucho inferior: hasta 250 hojas               Cassette: hasta 250 hojas               Cartucho superior: hasta 250 hojas de cartucho inferior: hasta 250 hojas        <\/p>\n<p>                             Tipo de esc\u00e1ner<br \/>\n                                Cama plana y ADF para hasta 50 hojas               &#8211;  no data<br \/>\n                                                            Cama plana y DADF para hasta 50 hojas (ambos lados)               Cama plana y DADF para hasta 50 hojas (ambos lados)        <\/p>\n<p>                             Velocidad de copia (color a trav\u00e9s de ADF)<br \/>\n                                11,5 p\u00e1ginas\/minuto ISO               &#8211;  no data<br \/>\n                                                            11,5 p\u00e1ginas\/minuto ISO               11,5 p\u00e1ginas\/minuto ISO        <\/p>\n<p>                             Wifi<br \/>\n                                S\u00ed               S\u00ed               S\u00ed               S\u00ed        <\/p>\n<p>                             LAN<br \/>\n                                S\u00ed               S\u00ed               S\u00ed               S\u00ed        <\/p>\n<p>                             Interfaz para memoria USB<br \/>\n                                S\u00ed               No               S\u00ed               S\u00ed        <\/p>\n<p>                             Pantalla<br \/>\n                                Pantalla t\u00e1ctil a color de 7,5 cm               Pantalla LCD de alta resoluci\u00f3n               Pantalla t\u00e1ctil a color de 8,8 cm               Pantalla t\u00e1ctil a color de 8,8 cm        <\/p>\n<p> Batteries                                            \u200f                                            :                                            \u200e                                            AA batteries required.   <br \/> Is discontinued by manufacturer                                            \u200f                                            :                                            \u200e                                            No   <br \/> Product Dimensions                                            \u200f                                            :                                            \u200e                                            39.4 x 46.3 x 29.1 cm; 11.4 kg   <br \/> Manufacturer                                            \u200f                                            :                                            \u200e                                            Canon   <br \/> ASIN                                            \u200f                                            :                                            \u200e                                            B01GZ1QA2E   <br \/> Item model number                                            \u200f                                            :                                            \u200e                                            MB5150   <br \/> Country of origin                                            \u200f                                            :                                            \u200e                                            Thailand   <br \/> Guaranteed software updates until                                            \u200f                                            :                                            \u200e                                            unknown   <br \/>  Customer reviews:                                                                                            4.2               4.2 out of 5 stars                                  (1,300)                                              var dpAcrHasRegisteredArcLinkClickAction;                    P.when(&#8216;A&#8217;, &#8216;ready&#8217;).execute(function(A) {                        if (dpAcrHasRegisteredArcLinkClickAction !== true) {                            dpAcrHasRegisteredArcLinkClickAction = true;                            A.declarative(                                &#8216;acrLink-click-metrics&#8217;, &#8216;click&#8217;,                                { \u00aballowLinkDefault\u00bb: true },                                function (event) {                                    if (window.ue) {                                        ue.count(\u00abacrLinkClickCount\u00bb, (ue.count(\u00abacrLinkClickCount\u00bb) || 0) + 1);                                    }                                }                            );                        }                    });                                             P.when(&#8216;A&#8217;, &#8216;cf&#8217;).execute(function(A) {                A.declarative(&#8216;acrStarsLink-click-metrics&#8217;, &#8216;click&#8217;, { \u00aballowLinkDefault\u00bb : true },  function(event){                    if(window.ue) {                        ue.count(\u00abacrStarsLinkWithPopoverClickCount\u00bb, (ue.count(\u00abacrStarsLinkWithPopoverClickCount\u00bb) || 0) + 1);                    }                });            });                          <\/p>\n<p>Multifunction Printer &#8211; This printer allows you to print, scan, copy and fax.<br \/>Great home yield: up to 2,500 black and white and 1,500 color pages.<br \/>Enjoy fast printing: 24 images per minute (ipm) in black and white and 15.5 ipm in color.<br \/>Convenience and efficiency: 250-sheet capacity tray and a 50-sheet duplex automatic document feeder (ADF).<br \/>Connected printer: print wirelessly from your smartphone or tablet.<\/p>\n\n","protected":false},"excerpt":{"rendered":"<p> From the manufacturer Canon Maxify MB5150 &#8211; Multifunci\u00f3n de inyecci\u00f3n de tinta 4 en 1<\/p>","protected":false},"featured_media":26585,"comment_status":"open","ping_status":"closed","template":"","meta":[],"product_brand":[],"product_cat":[59],"product_tag":[1585,5650,5078,1946,1954,307,2184,2700,1004,561,197,1951,1953,1961,1186,5860,7822,2189,1948,1950,1962,1955,1949,2276,5862,198,1578,515,543,1952,1947],"class_list":{"0":"post-26584","1":"product","2":"type-product","3":"status-publish","4":"has-post-thumbnail","6":"product_cat-printers-all-in-one","7":"product_tag-4in1","8":"product_tag-50sheet","9":"product_tag-adf","10":"product_tag-all-in-one-printer","11":"product_tag-best-all-in-one-printer","12":"product_tag-black","13":"product_tag-canon","14":"product_tag-capacity","15":"product_tag-compact","16":"product_tag-display","17":"product_tag-high","18":"product_tag-home-printer","19":"product_tag-ink-tank-printer","20":"product_tag-inkjet","21":"product_tag-lcd","22":"product_tag-maxify","23":"product_tag-mb5150","24":"product_tag-multifunction","25":"product_tag-multifunction-printer","26":"product_tag-office-printer","27":"product_tag-printer","28":"product_tag-printer-price","29":"product_tag-printer-scanner-copier","30":"product_tag-printing","31":"product_tag-sheet","32":"product_tag-speed","33":"product_tag-system","34":"product_tag-touch","35":"product_tag-wifi","36":"product_tag-wifi-printer","37":"product_tag-wireless-printer","39":"first","40":"instock","41":"sale","42":"shipping-taxable","43":"product-type-external"},"_links":{"self":[{"href":"https:\/\/comprasyconsejos.store\/en\/wp-json\/wp\/v2\/product\/26584","targetHints":{"allow":["GET"]}}],"collection":[{"href":"https:\/\/comprasyconsejos.store\/en\/wp-json\/wp\/v2\/product"}],"about":[{"href":"https:\/\/comprasyconsejos.store\/en\/wp-json\/wp\/v2\/types\/product"}],"replies":[{"embeddable":true,"href":"https:\/\/comprasyconsejos.store\/en\/wp-json\/wp\/v2\/comments?post=26584"}],"version-history":[{"count":0,"href":"https:\/\/comprasyconsejos.store\/en\/wp-json\/wp\/v2\/product\/26584\/revisions"}],"wp:featuredmedia":[{"embeddable":true,"href":"https:\/\/comprasyconsejos.store\/en\/wp-json\/wp\/v2\/media\/26585"}],"wp:attachment":[{"href":"https:\/\/comprasyconsejos.store\/en\/wp-json\/wp\/v2\/media?parent=26584"}],"wp:term":[{"taxonomy":"product_brand","embeddable":true,"href":"https:\/\/comprasyconsejos.store\/en\/wp-json\/wp\/v2\/product_brand?post=26584"},{"taxonomy":"product_cat","embeddable":true,"href":"https:\/\/comprasyconsejos.store\/en\/wp-json\/wp\/v2\/product_cat?post=26584"},{"taxonomy":"product_tag","embeddable":true,"href":"https:\/\/comprasyconsejos.store\/en\/wp-json\/wp\/v2\/product_tag?post=26584"}],"curies":[{"name":"wp","href":"https:\/\/api.w.org\/{rel}","templated":true}]}}