{"id":26597,"date":"2026-02-20T06:20:11","date_gmt":"2026-02-20T06:20:11","guid":{"rendered":"https:\/\/comprasyconsejos.store\/product\/philips-monitors-499p9h-49-curved-1800r-superwide-70hz-va-adaptivesync-5120x1440-450cd-m-hdmi-2x2-0-displayport-1x1-4-black\/"},"modified":"2026-02-20T06:20:13","modified_gmt":"2026-02-20T06:20:13","slug":"philips-monitors-499p9h-49-curved-1800r-superwide-70hz-va-adaptivesync-5120x1440-450cd-m-hdmi-2x2-0-displayport-1x1-4-black","status":"publish","type":"product","link":"https:\/\/comprasyconsejos.store\/en\/product\/philips-monitors-499p9h-49-curved-1800r-superwide-70hz-va-adaptivesync-5120x1440-450cd-m-hdmi-2x2-0-displayport-1x1-4-black\/","title":{"rendered":"Philips Monitors 499P9H, 49&#8243;, Curved 1800R, SuperWide, 70Hz, VA, AdaptiveSync (5120&#215;1440, 450cd\/m, HDMI 2&#215;2.0, Displayport 1&#215;1.4), Black"},"content":{"rendered":"<p>Price: <span style=\"color:#b12704\">\u20ac759.03<\/span><br \/><i><small>(as of Feb 20, 2026 06:20:12 UTC &#8211; <span class=\"wp_automatic_amazon_disclaimer\" title=\"Product prices and availability are accurate as of the date\/time indicated and are subject to change. Any price and availability information displayed on [relevant Amazon Site(s), as applicable] at the time of purchase will apply to the purchase of this product.\">Details<\/span>)<\/small><\/i><\/p>\n<p><a href=\"https:\/\/amazon.es\/dp\/B07MY2DXPH?tag=man008-21\"><img decoding=\"async\" src=\"https:\/\/valvepress.s3.amazonaws.com\/imgs\/buy_now.png\"><\/a><br \/>\n<\/p>\n<p>                                             From the manufacturer   <\/p>\n<p>                                                  <img decoding=\"async\" alt=\"image_1\" src=\"https:\/\/images-na.ssl-images-amazon.com\/images\/G\/01\/x-locale\/common\/grey-pixel.gif\" class=\"a-lazy-loaded\" data-src=\"https:\/\/m.media-amazon.com\/images\/S\/aplus-media\/sota\/3cb618d4-dcbd-4081-bf5e-dc31ce7b01fc.__CR15,0,914,914_PT0_SX300_V1___.jpg\"><img decoding=\"async\" alt=\"image_1\" src=\"https:\/\/m.media-amazon.com\/images\/S\/aplus-media\/sota\/3cb618d4-dcbd-4081-bf5e-dc31ce7b01fc.__CR15,0,914,914_PT0_SX300_V1___.jpg\">  <\/p>\n<h3 class=\"a-spacing-mini\"> 439P9H\/00 <\/h3>\n<p> Philips 32:10 SuperWide de 43&#8243; pulgadas es como dos monitores de tama\u00f1o completo y alto rendimiento. Las funciones de mejora de la productividad incluyen USB-C y una webcam emergente con Windows Hello para proporcionarte el rendimiento y la comodidad que esperas. <\/p>\n<p>                                                  <img decoding=\"async\" alt=\"Image_2\" src=\"https:\/\/images-na.ssl-images-amazon.com\/images\/G\/01\/x-locale\/common\/grey-pixel.gif\" class=\"a-spacing-mini a-lazy-loaded\" data-src=\"https:\/\/m.media-amazon.com\/images\/S\/aplus-media\/sota\/1187f278-ad69-446a-b412-0380521a0285.__CR6,0,833,833_PT0_SX300_V1___.jpg\"><img decoding=\"async\" alt=\"Image_2\" src=\"https:\/\/m.media-amazon.com\/images\/S\/aplus-media\/sota\/1187f278-ad69-446a-b412-0380521a0285.__CR6,0,833,833_PT0_SX300_V1___.jpg\">  <\/p>\n<h3 class=\"a-spacing-mini\"> Webcam de emergente de Windows Hello <\/h3>\n<p> La innovadora webcam segura de Phillips se activa cuando la necesitas y vuelve a desactivarse cuando no est\u00e1 en uso. Adem\u00e1s, la webcam tambi\u00e9n est\u00e1 equipada con sensores avanzados para el reconocimiento facial de Windows Hello, lo que permite que inicies sesi\u00f3n en tus dispositivos Windows con total comodidad y en menos de dos segundos, tres veces m\u00e1s r\u00e1pido que con una contrase\u00f1a. <\/p>\n<p>                                                  <img decoding=\"async\" alt=\"Image_3\" src=\"https:\/\/images-na.ssl-images-amazon.com\/images\/G\/01\/x-locale\/common\/grey-pixel.gif\" class=\"a-lazy-loaded\" data-src=\"https:\/\/m.media-amazon.com\/images\/S\/aplus-media\/sota\/762bd01e-e0dd-4d09-acb2-6c285975c380.__CR35,66,695,695_PT0_SX300_V1___.jpg\"><img decoding=\"async\" alt=\"Image_3\" src=\"https:\/\/m.media-amazon.com\/images\/S\/aplus-media\/sota\/762bd01e-e0dd-4d09-acb2-6c285975c380.__CR35,66,695,695_PT0_SX300_V1___.jpg\">  <\/p>\n<h3 class=\"a-spacing-mini\"> DisplayHDR 400 <\/h3>\n<p> DisplayHDR 400 con certificado VESA constituye una mejora significativa de las pantallas SDR est\u00e1ndar. A diferencia de otras pantallas \u00abcompatibles con HDR\u00bb, DisplayHDR 400 cuenta con un brillo, un contraste y colores espectaculares. Gracias a la ayuda de la atenuaci\u00f3n local y el nivel de iluminaci\u00f3n superior de hasta 400 nits, las im\u00e1genes cobran vida con zonas de brillo m\u00e1s definidas y tonos oscuros m\u00e1s profundos y repletos de matices. La paleta resultante es m\u00e1s completa con colores nuevos y ricos que har\u00e1n que la experiencia visual atrape tus sentidos. <\/p>\n<p>                                                  <img decoding=\"async\" alt=\"Image_4\" src=\"https:\/\/images-na.ssl-images-amazon.com\/images\/G\/01\/x-locale\/common\/grey-pixel.gif\" class=\"a-lazy-loaded\" data-src=\"https:\/\/m.media-amazon.com\/images\/S\/aplus-media\/sota\/ab0914b9-dbd6-4a27-ae87-380da4bee873.__CR13,48,473,473_PT0_SX300_V1___.jpg\"><img decoding=\"async\" alt=\"Image_4\" src=\"https:\/\/m.media-amazon.com\/images\/S\/aplus-media\/sota\/ab0914b9-dbd6-4a27-ae87-380da4bee873.__CR13,48,473,473_PT0_SX300_V1___.jpg\">  <\/p>\n<h3 class=\"a-spacing-mini\"> 32:10 SuperWide <\/h3>\n<p> La pantalla 32:10 SuperWide de 43&#8243;, con resoluci\u00f3n 3840 x 1200, est\u00e1 dise\u00f1ada para sustituir las configuraciones multipantalla a fin de lograr una amplia vista panor\u00e1mica, es como tener en paralelo dos pantallas de 16:10. Los monitores SuperWide ofrecen el \u00e1rea de pantalla de dos monitores sin una configuraci\u00f3n compleja. <\/p>\n<p> Batteries                                            \u200f                                            :                                            \u200e                                            AA batteries required.   <br \/> Is discontinued by manufacturer                                            \u200f                                            :                                            \u200e                                            No   <br \/> Product Dimensions                                            \u200f                                            :                                            \u200e                                            119.4 x 56.8 x 30.3 cm; 11 kg   <br \/> Manufacturer                                            \u200f                                            :                                            \u200e                                            Philips   <br \/> ASIN                                            \u200f                                            :                                            \u200e                                            B07MY2DXPH   <br \/> Item model number                                            \u200f                                            :                                            \u200e                                            499P9H-00   <br \/> Country of origin                                            \u200f                                            :                                            \u200e                                            Spain   <br \/> Guaranteed software updates until                                            \u200f                                            :                                            \u200e                                            unknown   <br \/>  Customer reviews:                                                                                            4.2               4.2 out of 5 stars                                  (391)                                              var dpAcrHasRegisteredArcLinkClickAction;                    P.when(&#8216;A&#8217;, &#8216;ready&#8217;).execute(function(A) {                        if (dpAcrHasRegisteredArcLinkClickAction !== true) {                            dpAcrHasRegisteredArcLinkClickAction = true;                            A.declarative(                                &#8216;acrLink-click-metrics&#8217;, &#8216;click&#8217;,                                { \u00aballowLinkDefault\u00bb: true },                                function (event) {                                    if (window.ue) {                                        ue.count(\u00abacrLinkClickCount\u00bb, (ue.count(\u00abacrLinkClickCount\u00bb) || 0) + 1);                                    }                                }                            );                        }                    });                                             P.when(&#8216;A&#8217;, &#8216;cf&#8217;).execute(function(A) {                A.declarative(&#8216;acrStarsLink-click-metrics&#8217;, &#8216;click&#8217;, { \u00aballowLinkDefault\u00bb : true },  function(event){                    if(window.ue) {                        ue.count(\u00abacrStarsLinkWithPopoverClickCount\u00bb, (ue.count(\u00abacrStarsLinkWithPopoverClickCount\u00bb) || 0) + 1);                    }                });            });                          <\/p>\n<p>Philips Brilliance Curved SuperWide LCD display in 32:9 format with features like USB-C and pop-up webcam with Windows Hello feature<br \/>VA Panel with 5ms Response Time, 1800mm Curvature, Matte Display, Height Adjustable 130mm, 2 x 5W Speakers, Headphone Output, Compatible with VESA 100&#215;100 Wall Mount, Removable Stand, FlickerFree<br \/>Low Blue Light Technology, Brightness\/Contrast: 450 cd\/m\u00b2 3000:1, Connections: 1x DP 1.4, 2x HDMI 2.0, 1x USB-C 3.1 Gen 2, 1x USB Upstream, 3x USB Downstream, RJ45 Ethernet LAN, Webcam<br \/>Box contents: Philips 27E1N5500LA\/00 computer screen, 68.5 cm (27 inches), power cable, HDMI\/Audio, CD with drivers<\/p>\n\n","protected":false},"excerpt":{"rendered":"<p> From the manufacturer 439P9H\/00 Philips 32:10 SuperWide de 43&#8243; pulgadas es como dos monitores de<\/p>","protected":false},"featured_media":26598,"comment_status":"open","ping_status":"closed","template":"","meta":[],"product_brand":[],"product_cat":[54],"product_tag":[1791,3859,7830,7829,7828,7824,7827,7826,3623,1789,307,754,1787,1788,1792,1784,1786,1783,1790,1099,544,848,7195,7825,1785],"class_list":{"0":"post-26597","1":"product","2":"type-product","3":"status-publish","4":"has-post-thumbnail","6":"product_cat-curved-monitors","7":"product_tag-144hz-curved-monitor","8":"product_tag-1800r","9":"product_tag-1x1-4","10":"product_tag-2x2-0","11":"product_tag-450cdm","12":"product_tag-499p9h","13":"product_tag-5120x1440","14":"product_tag-70hz","15":"product_tag-adaptivesync","16":"product_tag-best-curved-monitor","17":"product_tag-black","18":"product_tag-curved","19":"product_tag-curved-27-inch-monitor","20":"product_tag-curved-32-inch-monitor","21":"product_tag-curved-computer-monitor","22":"product_tag-curved-gaming-monitor","23":"product_tag-curved-led-monitor","24":"product_tag-curved-monitor","25":"product_tag-curved-monitor-price","26":"product_tag-displayport","27":"product_tag-hdmi","28":"product_tag-monitors","29":"product_tag-philips","30":"product_tag-superwide","31":"product_tag-ultrawide-curved-monitor","33":"first","34":"instock","35":"shipping-taxable","36":"product-type-external"},"_links":{"self":[{"href":"https:\/\/comprasyconsejos.store\/en\/wp-json\/wp\/v2\/product\/26597","targetHints":{"allow":["GET"]}}],"collection":[{"href":"https:\/\/comprasyconsejos.store\/en\/wp-json\/wp\/v2\/product"}],"about":[{"href":"https:\/\/comprasyconsejos.store\/en\/wp-json\/wp\/v2\/types\/product"}],"replies":[{"embeddable":true,"href":"https:\/\/comprasyconsejos.store\/en\/wp-json\/wp\/v2\/comments?post=26597"}],"version-history":[{"count":0,"href":"https:\/\/comprasyconsejos.store\/en\/wp-json\/wp\/v2\/product\/26597\/revisions"}],"wp:featuredmedia":[{"embeddable":true,"href":"https:\/\/comprasyconsejos.store\/en\/wp-json\/wp\/v2\/media\/26598"}],"wp:attachment":[{"href":"https:\/\/comprasyconsejos.store\/en\/wp-json\/wp\/v2\/media?parent=26597"}],"wp:term":[{"taxonomy":"product_brand","embeddable":true,"href":"https:\/\/comprasyconsejos.store\/en\/wp-json\/wp\/v2\/product_brand?post=26597"},{"taxonomy":"product_cat","embeddable":true,"href":"https:\/\/comprasyconsejos.store\/en\/wp-json\/wp\/v2\/product_cat?post=26597"},{"taxonomy":"product_tag","embeddable":true,"href":"https:\/\/comprasyconsejos.store\/en\/wp-json\/wp\/v2\/product_tag?post=26597"}],"curies":[{"name":"wp","href":"https:\/\/api.w.org\/{rel}","templated":true}]}}