{"id":26615,"date":"2026-02-20T06:26:58","date_gmt":"2026-02-20T06:26:58","guid":{"rendered":"https:\/\/comprasyconsejos.store\/product\/kabeldirekt-vesa-certified-8k-displayport-cable-with-a-i-s-shielding-1m-for-dp-1-4-gaming-pcs-laptops-graphics-cards-monitors-with-8k60hz-4k120hz-and-144hz-165hz-240hz\/"},"modified":"2026-02-20T06:27:07","modified_gmt":"2026-02-20T06:27:07","slug":"kabeldirekt-vesa-certified-8k-displayport-cable-with-a-i-s-shielding-1m-for-dp-1-4-gaming-pcs-laptops-graphics-cards-monitors-with-8k60hz-4k120hz-and-144hz-165hz-240hz","status":"publish","type":"product","link":"https:\/\/comprasyconsejos.store\/en\/product\/kabeldirekt-vesa-certified-8k-displayport-cable-with-a-i-s-shielding-1m-for-dp-1-4-gaming-pcs-laptops-graphics-cards-monitors-with-8k60hz-4k120hz-and-144hz-165hz-240hz\/","title":{"rendered":"KabelDirekt VESA Certified 8K DisplayPort Cable with A.I.S. Shielding &#8211; 1m (for DP 1.4 Gaming PCs\/Laptops\/Graphics Cards\/Monitors with 8K@60Hz, 4K@120Hz and 144Hz\/165Hz\/240Hz)"},"content":{"rendered":"<p>Price: <span style=\"color:#b12704\">\u20ac16.89<\/span><br \/><i><small>(as of Feb 20, 2026 06:26:58 UTC &#8211; <span class=\"wp_automatic_amazon_disclaimer\" title=\"Product prices and availability are accurate as of the date\/time indicated and are subject to change. Any price and availability information displayed on [relevant Amazon Site(s), as applicable] at the time of purchase will apply to the purchase of this product.\">Details<\/span>)<\/small><\/i><\/p>\n<p><a href=\"https:\/\/amazon.es\/dp\/B07HL7RXKM?tag=man008-21\"><img decoding=\"async\" src=\"https:\/\/valvepress.s3.amazonaws.com\/imgs\/buy_now.png\"><\/a><br \/>\n<\/p>\n<p>                                             Product Description   <\/p>\n<p class=\"a-spacing-none aplus-accent1 title a-text-bold\"> Cable DisplayPort de KabelDirekt <\/p>\n<h3 class=\"aplus-h1 a-text-bold\"> Millones de clientes conf\u00edan en KabelDirekt <\/h3>\n<p><\/p>\n<p class=\"aplus-p2\"> El cable DisplayPort con certificaci\u00f3n VESA de KabelDirekt combina una compatibilidad completa y rendimiento superior con la m\u00e1xima calidad de material y procesamiento. Cada cable se somete a m\u00faltiples pruebas de funcionamiento antes de empaquetarse. <\/p>\n<p>The video showcases the product in use.The video guides you through product setup.The video compares multiple products.The video shows the product being unpacked.<\/p>\n<p>                                                                <img decoding=\"async\" alt=\"\" src=\"https:\/\/images-na.ssl-images-amazon.com\/images\/G\/01\/x-locale\/common\/grey-pixel.gif\" class=\"a-lazy-loaded\" data-src=\"https:\/\/m.media-amazon.com\/images\/S\/aplus-media-library-service-media\/a15b0cf6-995b-4914-8674-6160e46e4631.__CR0,0,2196,900_PT0_SX1464_V1___.png\"><img decoding=\"async\" alt=\"\" src=\"https:\/\/m.media-amazon.com\/images\/S\/aplus-media-library-service-media\/a15b0cf6-995b-4914-8674-6160e46e4631.__CR0,0,2196,900_PT0_SX1464_V1___.png\">        <\/p>\n<p>                                                                                  <img decoding=\"async\" alt=\"vesa displayport\" src=\"https:\/\/m.media-amazon.com\/images\/S\/aplus-media-library-service-media\/b6e28f29-c071-4706-8f1b-31a370afcee3.__CR0,0,2196,900_PT0_SX1464_V1___.jpg\">       <\/p>\n<p>                                                                                  <img decoding=\"async\" alt=\"vesa displayport\" src=\"https:\/\/m.media-amazon.com\/images\/S\/aplus-media-library-service-media\/c70818c2-3bdf-4e1b-9f51-90399051ddce.__CR0,0,2196,900_PT0_SX1464_V1___.jpg\">       <\/p>\n<p>                                                                                  <img decoding=\"async\" alt=\"vesa displayport\" src=\"https:\/\/m.media-amazon.com\/images\/S\/aplus-media-library-service-media\/574465c1-b1ea-4771-b938-420a199f3269.__CR0,0,2196,900_PT0_SX1464_V1___.jpg\">       <\/p>\n<p>                                                                                  <img decoding=\"async\" alt=\"vesa displayport\" src=\"https:\/\/m.media-amazon.com\/images\/S\/aplus-media-library-service-media\/c5b49857-c56c-4a36-83b5-0e3a6ffb8692.__CR0,0,2196,900_PT0_SX1464_V1___.jpg\">       <\/p>\n<p>                                                                                                       <img decoding=\"async\" alt=\"vesa displayport\" src=\"https:\/\/images-na.ssl-images-amazon.com\/images\/G\/01\/x-locale\/common\/grey-pixel.gif\" class=\"a-lazy-loaded\" data-src=\"https:\/\/m.media-amazon.com\/images\/S\/aplus-media-library-service-media\/fddf4b24-45a7-40c6-831f-a59f3d167ca2.__CR0,0,1464,600_PT0_SX1464_V1___.png\"><img decoding=\"async\" alt=\"vesa displayport\" src=\"https:\/\/m.media-amazon.com\/images\/S\/aplus-media-library-service-media\/fddf4b24-45a7-40c6-831f-a59f3d167ca2.__CR0,0,1464,600_PT0_SX1464_V1___.png\">                                               <\/p>\n<h3 class=\"a-text-center aplus-h1 a-text-bold\"> Productos DisplayPort de KabelDirekt <\/h3>\n<p>                         Add To Basket  <\/p>\n<p>                         Add To Basket  <\/p>\n<p>                         Add To Basket  <\/p>\n<p>                         Add To Basket  <\/p>\n<p>                                     Customer Reviews  <\/p>\n<p>                    4.7 out of 5 stars  9,901  <\/p>\n<p>                    4.7 out of 5 stars  3,588  <\/p>\n<p>                    4.6 out of 5 stars  717  <\/p>\n<p>                    4.5 out of 5 stars  1,735  <\/p>\n<p>                                     Price  <\/p>\n<p>                                                        \u20ac19.99\u20ac19.99     <\/p>\n<p>                                                        \u20ac15.49\u20ac15.49     <\/p>\n<p>                                                        \u20ac17.99\u20ac17.99     <\/p>\n<p>                                                        \u20ac13.49\u20ac13.49     <\/p>\n<p>                                     Conector 1  <\/p>\n<p>                                                DisplayPort    <\/p>\n<p>                                                DisplayPort    <\/p>\n<p>                                                DisplayPort    <\/p>\n<p>                                                DisplayPort    <\/p>\n<p>                                     Conector 2  <\/p>\n<p>                                                DisplayPort    <\/p>\n<p>                                                DisplayPort    <\/p>\n<p>                                                DisplayPort    <\/p>\n<p>                                                Mini DisplayPort    <\/p>\n<p>                                     Resoluci\u00f3n  <\/p>\n<p>                                                8K a 60 Hz    <\/p>\n<p>                                                8K a 60 Hz    <\/p>\n<p>                                                8K a 60 Hz    <\/p>\n<p>                                                4K a 60 Hz    <\/p>\n<p>                                     Color Conector \/ Cable  <\/p>\n<p>                                                Negro    <\/p>\n<p>                                                Negro    <\/p>\n<p>                                                Negro    <\/p>\n<p>                                                Negro    <\/p>\n<p>                                     Tama\u00f1o  <\/p>\n<p>                                                1 &#8211; 5 m    <\/p>\n<p>                                                1 &#8211; 5 m    <\/p>\n<p>                                                1 &#8211; 5 m    <\/p>\n<p>                                                1 &#8211; 5 m    <\/p>\n<p>                                     VESA  <\/p>\n<p>                                                    \u2714       <\/p>\n<p>                                                    \u2718      <\/p>\n<p>                                                    \u2718      <\/p>\n<p>                                                    \u2718      <\/p>\n<p> Is discontinued by manufacturer                                            \u200f                                            :                                            \u200e                                            No   <br \/> Product Dimensions                                            \u200f                                            :                                            \u200e                                            100 x 1 x 1 cm; 79 g   <br \/> Date First Available                                            \u200f                                            :                                            \u200e                                            26 Nov. 2018   <br \/> Manufacturer                                            \u200f                                            :                                            \u200e                                            KabelDirekt   <br \/> ASIN                                            \u200f                                            :                                            \u200e                                            B07HL7RXKM   <br \/> Item model number                                            \u200f                                            :                                            \u200e                                            1119   <br \/> Country of origin                                            \u200f                                            :                                            \u200e                                            China   <br \/>       Best Sellers Rank:  141 in DisplayPort Cables       <br \/>  Customer reviews:                                                                                            4.7               4.7 out of 5 stars                                  (9,901)                                              var dpAcrHasRegisteredArcLinkClickAction;                    P.when(&#8216;A&#8217;, &#8216;ready&#8217;).execute(function(A) {                        if (dpAcrHasRegisteredArcLinkClickAction !== true) {                            dpAcrHasRegisteredArcLinkClickAction = true;                            A.declarative(                                &#8216;acrLink-click-metrics&#8217;, &#8216;click&#8217;,                                { \u00aballowLinkDefault\u00bb: true },                                function (event) {                                    if (window.ue) {                                        ue.count(\u00abacrLinkClickCount\u00bb, (ue.count(\u00abacrLinkClickCount\u00bb) || 0) + 1);                                    }                                }                            );                        }                    });                                             P.when(&#8216;A&#8217;, &#8216;cf&#8217;).execute(function(A) {                A.declarative(&#8216;acrStarsLink-click-metrics&#8217;, &#8216;click&#8217;, { \u00aballowLinkDefault\u00bb : true },  function(event){                    if(window.ue) {                        ue.count(\u00abacrStarsLinkWithPopoverClickCount\u00bb, (ue.count(\u00abacrStarsLinkWithPopoverClickCount\u00bb) || 0) + 1);                    }                });            });                          <\/p>\n<p>This VESA certified DisplayPort 1.4 cable features anti-interference shielding (A.I.S. ), a multi-layer metal shield on the connector and a coating on the copper conductors to ensure protection against interference<br \/>With a bandwidth of 32.4 Gbit\/s (HBR3), this DisplayPort cable supports UHD (Ultra HD) resolutions up to 8K (7680\u00d74320), gaming frequencies up to 144Hz, 165Hz or 240Hz at 1440p, HDR10 video, and 7.1 surround audio signals<br \/>As an official VESA member, we have manufactured and tested this VESA compliant cable so pin 20 is not connected to prevent damage from short circuits. With their locking mechanism, the connectors provide a solid connection<br \/>RISK FREE &#8211; 36 months manufacturer warranty<br \/>This DisplayPort (male to male) cable works bi-directionally with PCs, laptops, monitors, and projectors. Thanks to support G-Sync\/FreeSync, the refresh rate is synchronized with the video signal of the graphics card<\/p>\n\n","protected":false},"excerpt":{"rendered":"<p> Product Description Cable DisplayPort de KabelDirekt Millones de clientes conf\u00edan en KabelDirekt El cable DisplayPort<\/p>","protected":false},"featured_media":26616,"comment_status":"open","ping_status":"closed","template":"","meta":[],"product_brand":[],"product_cat":[52,54],"product_tag":[1817,1822,7356,1819,1821,1816,1824,2064,2063,7352,1823,182,7355,186,1825,1099,617,1820,7351,7354,1818,7353,2342],"class_list":{"0":"post-26615","1":"product","2":"type-product","3":"status-publish","4":"has-post-thumbnail","6":"product_cat-2k-monitors","7":"product_cat-curved-monitors","8":"product_tag-1440p-monitor","9":"product_tag-144hz-2k-monitor","10":"product_tag-144hz165hz240hz","11":"product_tag-27-inch-2k-monitor","12":"product_tag-2k-gaming-monitor","13":"product_tag-2k-monitor","14":"product_tag-2k-monitor-price","15":"product_tag-4k120hz","16":"product_tag-8k60hz","17":"product_tag-a-i-s","18":"product_tag-best-2k-monitor","19":"product_tag-cable","20":"product_tag-cardsmonitors","21":"product_tag-certified","22":"product_tag-curved-2k-monitor","23":"product_tag-displayport","24":"product_tag-gaming","25":"product_tag-ips-2k-monitor","26":"product_tag-kabeldirekt","27":"product_tag-pcslaptopsgraphics","28":"product_tag-qhd-monitor","29":"product_tag-shielding","30":"product_tag-vesa","32":"first","33":"instock","34":"shipping-taxable","35":"product-type-external"},"_links":{"self":[{"href":"https:\/\/comprasyconsejos.store\/en\/wp-json\/wp\/v2\/product\/26615","targetHints":{"allow":["GET"]}}],"collection":[{"href":"https:\/\/comprasyconsejos.store\/en\/wp-json\/wp\/v2\/product"}],"about":[{"href":"https:\/\/comprasyconsejos.store\/en\/wp-json\/wp\/v2\/types\/product"}],"replies":[{"embeddable":true,"href":"https:\/\/comprasyconsejos.store\/en\/wp-json\/wp\/v2\/comments?post=26615"}],"version-history":[{"count":0,"href":"https:\/\/comprasyconsejos.store\/en\/wp-json\/wp\/v2\/product\/26615\/revisions"}],"wp:featuredmedia":[{"embeddable":true,"href":"https:\/\/comprasyconsejos.store\/en\/wp-json\/wp\/v2\/media\/26616"}],"wp:attachment":[{"href":"https:\/\/comprasyconsejos.store\/en\/wp-json\/wp\/v2\/media?parent=26615"}],"wp:term":[{"taxonomy":"product_brand","embeddable":true,"href":"https:\/\/comprasyconsejos.store\/en\/wp-json\/wp\/v2\/product_brand?post=26615"},{"taxonomy":"product_cat","embeddable":true,"href":"https:\/\/comprasyconsejos.store\/en\/wp-json\/wp\/v2\/product_cat?post=26615"},{"taxonomy":"product_tag","embeddable":true,"href":"https:\/\/comprasyconsejos.store\/en\/wp-json\/wp\/v2\/product_tag?post=26615"}],"curies":[{"name":"wp","href":"https:\/\/api.w.org\/{rel}","templated":true}]}}