{"id":26660,"date":"2026-02-20T06:48:31","date_gmt":"2026-02-20T06:48:31","guid":{"rendered":"https:\/\/comprasyconsejos.store\/product\/nvme-pcie-x4-x8-x16-adapter-with-heatsink-6amlifestyle-m-2-nvme-or-ahci-ssd-to-pcie-3-0-4-0-adapter-card-for-key-m-2230-2242-2260-2280\/"},"modified":"2026-02-20T06:48:33","modified_gmt":"2026-02-20T06:48:33","slug":"nvme-pcie-x4-x8-x16-adapter-with-heatsink-6amlifestyle-m-2-nvme-or-ahci-ssd-to-pcie-3-0-4-0-adapter-card-for-key-m-2230-2242-2260-2280","status":"publish","type":"product","link":"https:\/\/comprasyconsejos.store\/en\/product\/nvme-pcie-x4-x8-x16-adapter-with-heatsink-6amlifestyle-m-2-nvme-or-ahci-ssd-to-pcie-3-0-4-0-adapter-card-for-key-m-2230-2242-2260-2280\/","title":{"rendered":"NVME PCIe x4 x8 x16 Adapter with Heatsink, 6amLifestyle M.2 NVME or AHCI SSD to PCIE 3.0 | 4.0 Adapter Card for Key M 2230, 2242, 2260, 2280"},"content":{"rendered":"<p>Price: <span style=\"color:#b12704\">\u20ac15.99<\/span><br \/><i><small>(as of Feb 20, 2026 06:48:31 UTC &#8211; <span class=\"wp_automatic_amazon_disclaimer\" title=\"Product prices and availability are accurate as of the date\/time indicated and are subject to change. Any price and availability information displayed on [relevant Amazon Site(s), as applicable] at the time of purchase will apply to the purchase of this product.\">Details<\/span>)<\/small><\/i><\/p>\n<p><a href=\"https:\/\/amazon.es\/dp\/B07RZZ3TJG?tag=man008-21\"><img decoding=\"async\" src=\"https:\/\/valvepress.s3.amazonaws.com\/imgs\/buy_now.png\"><\/a><br \/>\n<\/p>\n<p>                                             Product Description   <\/p>\n<p>                                                                             <img decoding=\"async\" alt=\"el nuevo adaptador de PCB para PCB\" src=\"https:\/\/images-na.ssl-images-amazon.com\/images\/G\/01\/x-locale\/common\/grey-pixel.gif\" class=\"a-spacing-base a-lazy-loaded\" data-src=\"https:\/\/m.media-amazon.com\/images\/S\/aplus-media-library-service-media\/4281cefa-b105-4d01-8bbd-f9bd6b5bbc02.__CR0,0,970,600_PT0_SX970_V1___.png\"><img decoding=\"async\" alt=\"el nuevo adaptador de PCB para PCB\" src=\"https:\/\/m.media-amazon.com\/images\/S\/aplus-media-library-service-media\/4281cefa-b105-4d01-8bbd-f9bd6b5bbc02.__CR0,0,970,600_PT0_SX970_V1___.png\">                                                                     <\/p>\n<p class=\"a-spacing-base\"> La tarjeta adaptadora 6amLifestyle NVMe se aplica a todo tipo de M.2 NVMe \/ AHCI SSD y un M.2 NVME SSD para su PC sin ranura M2 en la placa base. Viene con un disipador de calor que ofrece un dise\u00f1o \u00fanico shell-ranura, aumenta el \u00e1rea de enfriamiento y puede aprovechar al m\u00e1ximo el potente rendimiento de la SSD &#8230; <\/p>\n<p class=\"a-spacing-base\"> Consejos caliente: <\/p>\n<p class=\"a-spacing-base\"> &#8211; S\u00f3lo funciona con el bot\u00f3n M M.2 PCIe SSD. No es compatible con el bot\u00f3n B M.2 PCIe x2 SSD o el bot\u00f3n B M.2 SATA SSD.-. <\/p>\n<p class=\"a-spacing-base\"> Funciona para ranura PCIe x16 \/ x8 \/ x4. No apto para ranura PCIe x1.-. <\/p>\n<p class=\"a-spacing-base\"> Soporta Windows 7\/8\/10 OS, no requiere unidad. (Nota: Los usuarios de Windows 7 y Windows Server 2008 R2 deben descargar primero el controlador nativo NVMe de Microsoft Knowledge Base KB2990941, de lo contrario es posible que no pueda utilizar esta tarjeta con \u00e9xito). <\/p>\n<p class=\"a-spacing-base\"> &#8211; Para los modelos Mac Pro 2009, 2010 y 2012 s\u00f3lo admite SSD PCIe-AHCI. <\/p>\n<p class=\"a-spacing-base\"> FAQ : <\/p>\n<p class=\"a-spacing-base\"> &#8211; Si su SSD NVME puede ser reconocida por el sistema, pero no puede ser reconocida por la BIOS, probablemente se deba a que su placa base es demasiado antigua para soportar NVME. Es necesario descargar el firmware NVME del sitio web de la placa base, o puede utilizar una herramienta para modificar la BIOS (esto es arriesgado). P\u00f3ngase en contacto con su fabricante de placas base o SSD para obtener m\u00e1s ayuda. <\/p>\n<p>                                                  <img decoding=\"async\" alt=\"un ordenador con pantalla azul y verde.\" src=\"https:\/\/images-na.ssl-images-amazon.com\/images\/G\/01\/x-locale\/common\/grey-pixel.gif\" class=\"a-lazy-loaded\" data-src=\"https:\/\/m.media-amazon.com\/images\/S\/aplus-media-library-service-media\/f9cc6012-4006-46be-a6e9-2d8da197d5d6.__CR0,0,970,300_PT0_SX970_V1___.png\"><img decoding=\"async\" alt=\"un ordenador con pantalla azul y verde.\" src=\"https:\/\/m.media-amazon.com\/images\/S\/aplus-media-library-service-media\/f9cc6012-4006-46be-a6e9-2d8da197d5d6.__CR0,0,970,300_PT0_SX970_V1___.png\">  <\/p>\n<p>                                                      <img decoding=\"async\" alt=\"Componentes de hardware de computadora dispuestos sobre fondo blanco. Incluye placa de circuito, cables, conectores y un destornillador peque\u00f1o. El embalaje del producto es visible con las especificaciones t\u00e9cnicas\" src=\"https:\/\/images-na.ssl-images-amazon.com\/images\/G\/01\/x-locale\/common\/grey-pixel.gif\" class=\"a-spacing-mini a-lazy-loaded\" data-src=\"https:\/\/m.media-amazon.com\/images\/S\/aplus-media-library-service-media\/e03a25ee-a326-4dbe-86aa-03ae9da53747.__CR8,0,477,477_PT0_SX300_V1___.png\"><img decoding=\"async\" alt=\"Componentes de hardware de computadora dispuestos sobre fondo blanco. Incluye placa de circuito, cables, conectores y un destornillador peque\u00f1o. El embalaje del producto es visible con las especificaciones t\u00e9cnicas\" src=\"https:\/\/m.media-amazon.com\/images\/S\/aplus-media-library-service-media\/e03a25ee-a326-4dbe-86aa-03ae9da53747.__CR8,0,477,477_PT0_SX300_V1___.png\">  <\/p>\n<h3 class=\"a-spacing-mini\"> Especificaciones del producto: <\/h3>\n<p class=\"a-spacing-base\"> Tama\u00f1o del producto: 10,3 * 4,5 cm <\/p>\n<p class=\"a-spacing-base\"> Tama\u00f1o SSD compatible: 2230, 2242, 2260, 2280 mm <\/p>\n<p class=\"a-spacing-base\"> Interfaz de entrada: M.2 NVME Key-M <\/p>\n<p class=\"a-spacing-base\"> Interfaz de salida: PCIE X16 X8 X4 <\/p>\n<p class=\"a-spacing-base\"> Sistema soportado: Windows 7\/8\/10 \/ Linux. No soporta Windows XP. <\/p>\n<p class=\"a-spacing-base\"> POR FAVOR HAGA UNA COPIA DE SEGURIDAD DE SU SSD SI TIENE DATOS IMPORTANTES !!! <\/p>\n<p>                                                         Contenido del paquete:                                        1 x Tarjeta adaptadora M.2 a PCI Express       1 x Disipador de calor de aluminio       2 x almohadilla de silicona       2 x goma el\u00e1stica       1 x Destornillador       <\/p>\n<p class=\"apm-text-center\">\n                                                      <img decoding=\"async\" alt=\"un primer plano del ventilador de la CPU.\" src=\"https:\/\/images-na.ssl-images-amazon.com\/images\/G\/01\/x-locale\/common\/grey-pixel.gif\" class=\"a-spacing-mini a-lazy-loaded\" data-src=\"https:\/\/m.media-amazon.com\/images\/S\/aplus-media-library-service-media\/20dd5c73-363c-4d84-a6d5-340d96450610.__CR0,0,300,300_PT0_SX300_V1___.jpg\"><img decoding=\"async\" alt=\"un primer plano del ventilador de la CPU.\" src=\"https:\/\/m.media-amazon.com\/images\/S\/aplus-media-library-service-media\/20dd5c73-363c-4d84-a6d5-340d96450610.__CR0,0,300,300_PT0_SX300_V1___.jpg\">  <\/p>\n<p>                                                    Funci\u00f3n avanzada de disipaci\u00f3n de calor.                                       <\/p>\n<p> La exclusiva carcasa de aluminio con almohadilla de silicona aumenta el \u00e1rea de refrigeraci\u00f3n, facilita al m\u00e1ximo la disipaci\u00f3n del calor del disco duro durante el funcionamiento y permite aprovechar al m\u00e1ximo el potente rendimiento del disco duro. <\/p>\n<p class=\"apm-text-center\">\n                                                      <img decoding=\"async\" alt=\"la mejor manera de usar una nueva tarjeta de memoria es imprimir los gr\u00e1ficos.\" src=\"https:\/\/images-na.ssl-images-amazon.com\/images\/G\/01\/x-locale\/common\/grey-pixel.gif\" class=\"a-spacing-mini a-lazy-loaded\" data-src=\"https:\/\/m.media-amazon.com\/images\/S\/aplus-media-library-service-media\/c4a5fe7d-8567-4148-acff-5d660cca8714.__CR0,0,1600,1600_PT0_SX300_V1___.png\"><img decoding=\"async\" alt=\"la mejor manera de usar una nueva tarjeta de memoria es imprimir los gr\u00e1ficos.\" src=\"https:\/\/m.media-amazon.com\/images\/S\/aplus-media-library-service-media\/c4a5fe7d-8567-4148-acff-5d660cca8714.__CR0,0,1600,1600_PT0_SX300_V1___.png\">  <\/p>\n<p>                                                    Compatible con NVME o AHC                                       <\/p>\n<p> Soporta tanto PCIe-NVMe como PCIe-AHCI. <\/p>\n<p> Nota: Este adaptador s\u00f3lo est\u00e1 pensado para SSD M.2 PCIe con bot\u00f3n M, como la SSD Samsung XP941. No es compatible con una SSD M.2 PCIe x2 con bot\u00f3n B o una SSD M.2 SATA con bot\u00f3n B. <\/p>\n<p class=\"apm-text-center\">\n                                                      <img decoding=\"async\" alt=\"Placa base de computadora con ranuras de RAM visibles, condensadores y otros componentes electr\u00f3nicos. Placa de circuito verde con herrajes plateados y negros.\" src=\"https:\/\/images-na.ssl-images-amazon.com\/images\/G\/01\/x-locale\/common\/grey-pixel.gif\" class=\"a-spacing-mini a-lazy-loaded\" data-src=\"https:\/\/m.media-amazon.com\/images\/S\/aplus-media-library-service-media\/8307ec4a-9cfb-4a01-a2d8-e5864226cc31.__CR0,0,300,300_PT0_SX300_V1___.jpg\"><img decoding=\"async\" alt=\"Placa base de computadora con ranuras de RAM visibles, condensadores y otros componentes electr\u00f3nicos. Placa de circuito verde con herrajes plateados y negros.\" src=\"https:\/\/m.media-amazon.com\/images\/S\/aplus-media-library-service-media\/8307ec4a-9cfb-4a01-a2d8-e5864226cc31.__CR0,0,300,300_PT0_SX300_V1___.jpg\">  <\/p>\n<p>                                                    Buen rendimiento.                                       <\/p>\n<p> Transferencia de alta velocidad, m\u00e1s estable, no requiere soporte de perfil bajo, una soluci\u00f3n avanzada perfecta para PC <\/p>\n<p> Product Dimensions                                            \u200f                                            :                                            \u200e                                            5 x 13.5 x 1.8 cm; 50 g   <br \/> Manufacturer                                            \u200f                                            :                                            \u200e                                            6amLifestyle   <br \/> ASIN                                            \u200f                                            :                                            \u200e                                            B07RZZ3TJG   <br \/> Item model number                                            \u200f                                            :                                            \u200e                                            DG-PCIE-16B   <br \/> Country\/Region of Origin                                            \u200f                                            :                                            \u200e                                            China   <br \/> Guaranteed software updates until                                            \u200f                                            :                                            \u200e                                            unknown   <br \/>  Customer reviews:                                                                                            4.5               4.5 out of 5 stars                                  (2,207)                                              var dpAcrHasRegisteredArcLinkClickAction;                    P.when(&#8216;A&#8217;, &#8216;ready&#8217;).execute(function(A) {                        if (dpAcrHasRegisteredArcLinkClickAction !== true) {                            dpAcrHasRegisteredArcLinkClickAction = true;                            A.declarative(                                &#8216;acrLink-click-metrics&#8217;, &#8216;click&#8217;,                                { \u00aballowLinkDefault\u00bb: true },                                function (event) {                                    if (window.ue) {                                        ue.count(\u00abacrLinkClickCount\u00bb, (ue.count(\u00abacrLinkClickCount\u00bb) || 0) + 1);                                    }                                }                            );                        }                    });                                             P.when(&#8216;A&#8217;, &#8216;cf&#8217;).execute(function(A) {                A.declarative(&#8216;acrStarsLink-click-metrics&#8217;, &#8216;click&#8217;, { \u00aballowLinkDefault\u00bb : true },  function(event){                    if(window.ue) {                        ue.count(\u00abacrStarsLinkWithPopoverClickCount\u00bb, (ue.count(\u00abacrStarsLinkWithPopoverClickCount\u00bb) || 0) + 1);                    }                });            });                          <\/p>\n<p>\u2705 \u2b50[Compatibility]: Supports Windows XP \/ 7\/8\/10, no driver required. Note:Support M.2 M-key, NVMe or AHCI protocol, PCIe-based SSD only, NOT support SATA based M.2 SSD.<br \/>\u2705 [Powerful Heat Dissipation Effect &#8211; Aluminum + Wavy Design]: With the aluminum wave shell and silicone heating pad, the potential for heat dissipation can be fully exploited. Ensures long and fast transmission<br \/>\u2705 [PCIe 3.0 &#8211; Recover Maximum Transfer Speed]: Converts an M.2 interface (M button) into a PCIe x16 interface. PCIe x4 interface has higher bandwidth and faster transfer speed.<br \/>\u2705 [PACKAGE CONTENTS]: 1x M2 PCIe NVMe Adapter (with aluminum housing for heat sink). 2 x silicone pad; 1 x screwdriver; 2 x black elastic rubber.<br \/>\u2705 [Wonderful Shopping Experience]: We guarantee the high quality of our 6amlifestyle PCI EAdapter. Our store offers after-sales service, you have 30 days to return without giving any reason if you don&#8217;t like the product. If you have any questions about the product, please contact us without hesitation!!<\/p>\n\n","protected":false},"excerpt":{"rendered":"<p> Product Description La tarjeta adaptadora 6amLifestyle NVMe se aplica a todo tipo de M.2 NVMe<\/p>","protected":false},"featured_media":26661,"comment_status":"open","ping_status":"closed","template":"","meta":[],"product_brand":[],"product_cat":[76],"product_tag":[1515,1516,7841,144,7842,1420,1519,1517,1514,1513,1522,1301,1518,984,1520,1119,822,624,513,1521,4664],"class_list":{"0":"post-26660","1":"product","2":"type-product","3":"status-publish","4":"has-post-thumbnail","6":"product_cat-hdd-drive","7":"product_tag-1tb-hard-drive","8":"product_tag-2tb-hdd","9":"product_tag-6amlifestyle","10":"product_tag-adapter","11":"product_tag-ahci","12":"product_tag-card","13":"product_tag-desktop-hdd","14":"product_tag-external-hard-drive","15":"product_tag-hard-drive","16":"product_tag-hdd","17":"product_tag-hdd-price","18":"product_tag-heatsink","19":"product_tag-internal-hard-drive","20":"product_tag-key","21":"product_tag-laptop-hdd","22":"product_tag-m-2","23":"product_tag-nvme","24":"product_tag-pcie","25":"product_tag-ssd","26":"product_tag-storage-hard-drive","27":"product_tag-x16","29":"first","30":"instock","31":"shipping-taxable","32":"product-type-external"},"_links":{"self":[{"href":"https:\/\/comprasyconsejos.store\/en\/wp-json\/wp\/v2\/product\/26660","targetHints":{"allow":["GET"]}}],"collection":[{"href":"https:\/\/comprasyconsejos.store\/en\/wp-json\/wp\/v2\/product"}],"about":[{"href":"https:\/\/comprasyconsejos.store\/en\/wp-json\/wp\/v2\/types\/product"}],"replies":[{"embeddable":true,"href":"https:\/\/comprasyconsejos.store\/en\/wp-json\/wp\/v2\/comments?post=26660"}],"version-history":[{"count":0,"href":"https:\/\/comprasyconsejos.store\/en\/wp-json\/wp\/v2\/product\/26660\/revisions"}],"wp:featuredmedia":[{"embeddable":true,"href":"https:\/\/comprasyconsejos.store\/en\/wp-json\/wp\/v2\/media\/26661"}],"wp:attachment":[{"href":"https:\/\/comprasyconsejos.store\/en\/wp-json\/wp\/v2\/media?parent=26660"}],"wp:term":[{"taxonomy":"product_brand","embeddable":true,"href":"https:\/\/comprasyconsejos.store\/en\/wp-json\/wp\/v2\/product_brand?post=26660"},{"taxonomy":"product_cat","embeddable":true,"href":"https:\/\/comprasyconsejos.store\/en\/wp-json\/wp\/v2\/product_cat?post=26660"},{"taxonomy":"product_tag","embeddable":true,"href":"https:\/\/comprasyconsejos.store\/en\/wp-json\/wp\/v2\/product_tag?post=26660"}],"curies":[{"name":"wp","href":"https:\/\/api.w.org\/{rel}","templated":true}]}}