{"id":26671,"date":"2026-02-20T07:03:57","date_gmt":"2026-02-20T07:03:57","guid":{"rendered":"https:\/\/comprasyconsejos.store\/product\/mars-gaming-mpb650si-atx-650w-power-supply-7-years-warranty-80plus-bronze-230v-90-efficiency-si-extreme-silence-fan-with-copper-core-ai2-rpm-dc-dc-and-smd-technologies-black\/"},"modified":"2026-02-20T07:04:03","modified_gmt":"2026-02-20T07:04:03","slug":"mars-gaming-mpb650si-atx-650w-power-supply-7-years-warranty-80plus-bronze-230v-90-efficiency-si-extreme-silence-fan-with-copper-core-ai2-rpm-dc-dc-and-smd-technologies-black","status":"publish","type":"product","link":"https:\/\/comprasyconsejos.store\/en\/product\/mars-gaming-mpb650si-atx-650w-power-supply-7-years-warranty-80plus-bronze-230v-90-efficiency-si-extreme-silence-fan-with-copper-core-ai2-rpm-dc-dc-and-smd-technologies-black\/","title":{"rendered":"Mars Gaming MPB650SI, ATX 650W Power Supply, 7 Years Warranty, 80Plus Bronze 230V, 90% Efficiency, SI Extreme Silence Fan with Copper Core, AI2-RPM, DC-DC and SMD Technologies, Black"},"content":{"rendered":"<p>Price: <span style=\"color:#b12704\"><del>\u20ac46.90<\/del> - \u20ac44.90<\/span><br \/><i><small>(as of Feb 20, 2026 07:03:57 UTC &#8211; <span class=\"wp_automatic_amazon_disclaimer\" title=\"Product prices and availability are accurate as of the date\/time indicated and are subject to change. Any price and availability information displayed on [relevant Amazon Site(s), as applicable] at the time of purchase will apply to the purchase of this product.\">Details<\/span>)<\/small><\/i><\/p>\n<p><a href=\"https:\/\/amazon.es\/dp\/B0DM224ZCS?tag=man008-21\"><img decoding=\"async\" src=\"https:\/\/valvepress.s3.amazonaws.com\/imgs\/buy_now.png\"><\/a><br \/>\n<\/p>\n<p>                                             From the manufacturer   <\/p>\n<p>                                                                             <img decoding=\"async\" alt=\"aplus content image\" src=\"https:\/\/images-na.ssl-images-amazon.com\/images\/G\/01\/x-locale\/common\/grey-pixel.gif\" class=\"a-spacing-base a-lazy-loaded\" data-src=\"https:\/\/m.media-amazon.com\/images\/S\/aplus-media-library-service-media\/e9818eaa-96f9-416c-801a-d4c67b24e222.__CR0,0,1940,1200_PT0_SX970_V1___.jpg\"><img decoding=\"async\" alt=\"aplus content image\" src=\"https:\/\/m.media-amazon.com\/images\/S\/aplus-media-library-service-media\/e9818eaa-96f9-416c-801a-d4c67b24e222.__CR0,0,1940,1200_PT0_SX970_V1___.jpg\">                                                                       <\/p>\n<p>                                                  <img decoding=\"async\" alt=\"Fuente de alimentaci\u00f3n para computadora negra con ventilaci\u00f3n de malla y ventilador de refrigeraci\u00f3n visible. Presenta un dise\u00f1o industrial con especificaciones de alimentaci\u00f3n visibles en el panel lateral.\" src=\"https:\/\/images-na.ssl-images-amazon.com\/images\/G\/01\/x-locale\/common\/grey-pixel.gif\" class=\"a-lazy-loaded\" data-src=\"https:\/\/m.media-amazon.com\/images\/S\/aplus-media-library-service-media\/f5139b1f-4b03-4fee-9165-5ba3dd7d8747.__CR0,0,2000,2000_PT0_SX300_V1___.jpg\"><img decoding=\"async\" alt=\"Fuente de alimentaci\u00f3n para computadora negra con ventilaci\u00f3n de malla y ventilador de refrigeraci\u00f3n visible. Presenta un dise\u00f1o industrial con especificaciones de alimentaci\u00f3n visibles en el panel lateral.\" src=\"https:\/\/m.media-amazon.com\/images\/S\/aplus-media-library-service-media\/f5139b1f-4b03-4fee-9165-5ba3dd7d8747.__CR0,0,2000,2000_PT0_SX300_V1___.jpg\">  <\/p>\n<h3 class=\"a-spacing-mini\"> Fuente de Alimentaci\u00f3n Extreme Silence MPB650SI <\/h3>\n<\/p>\n<p>Experimente el poder del silencio extremo.650W de potencia.Ventilador SI Extreme Silence con n\u00facleo de cobre.Certificado 80 Plus Bronze 230V EU.Tecnolog\u00edas AI2-RPM, DC-DC y SMD.7 A\u00f1os de compromiso total.     <\/p>\n<p class=\"apm-text-center\">\n                                                      <img decoding=\"async\" alt=\"aplus content image\" src=\"https:\/\/images-na.ssl-images-amazon.com\/images\/G\/01\/x-locale\/common\/grey-pixel.gif\" class=\"a-lazy-loaded\" data-src=\"https:\/\/m.media-amazon.com\/images\/S\/aplus-media-library-service-media\/a6c9dd5c-0406-4a8c-9fd7-1eb9b94de7e4.__CR0,0,2000,2000_PT0_SX220_V1___.jpg\"><img decoding=\"async\" alt=\"aplus content image\" src=\"https:\/\/m.media-amazon.com\/images\/S\/aplus-media-library-service-media\/a6c9dd5c-0406-4a8c-9fd7-1eb9b94de7e4.__CR0,0,2000,2000_PT0_SX220_V1___.jpg\">  <\/p>\n<p>                                                    SILENCIO EXTREMO CON TECNOLOG\u00cdA AVANZADA                                     <\/p>\n<p class=\"a-size-small\"> Experimenta el poder del silencio absoluto con la fuente de alimentaci\u00f3n MPB650SI con 650w de potencia, dise\u00f1ada para brindar un rendimiento excepcional sin distracciones. <\/p>\n<p class=\"a-size-small\"> El ventilador SI de n\u00facleo avanzado de cobre y rodamientos FDB de \u00faltima generaci\u00f3n, minimiza la fricci\u00f3n y prolonga la vida \u00fatil, asegurando una operaci\u00f3n ultrasilenciosa y estable incluso en escenarios de alta exigencia. <\/p>\n<p class=\"a-size-small\"> La estructura de marco avanzado del ventilador y sus canales de aceleraci\u00f3n del flujo garantizan una disipaci\u00f3n de calor \u00f3ptima y un flujo de aire continuo que mantiene la temperatura bajo control para maximizar la eficiencia en todo momento. <\/p>\n<p class=\"apm-text-center\">\n                                                      <img decoding=\"async\" alt=\"fuente de alimentaci\u00f3n pc 750w fuente de alimentaci\u00f3n pc 850w fuente de alimentaci\u00f3n pc fuente atx\" src=\"https:\/\/images-na.ssl-images-amazon.com\/images\/G\/01\/x-locale\/common\/grey-pixel.gif\" class=\"a-lazy-loaded\" data-src=\"https:\/\/m.media-amazon.com\/images\/S\/aplus-media-library-service-media\/bb684a15-3e21-4093-86ee-fe16f3cb4c76.__CR0,0,2000,2000_PT0_SX220_V1___.jpg\"><img decoding=\"async\" alt=\"fuente de alimentaci\u00f3n pc 750w fuente de alimentaci\u00f3n pc 850w fuente de alimentaci\u00f3n pc fuente atx\" src=\"https:\/\/m.media-amazon.com\/images\/S\/aplus-media-library-service-media\/bb684a15-3e21-4093-86ee-fe16f3cb4c76.__CR0,0,2000,2000_PT0_SX220_V1___.jpg\">  <\/p>\n<p>                                                    CONTROL Y REFRIGERACI\u00d3N INTELIGENTE AI2- RPM                                     <\/p>\n<p class=\"a-size-small\"> La tecnolog\u00eda AI2-RPM emplea machine learning e inteligencia artificial para adaptar en tiempo real la velocidad del ventilador seg\u00fan la carga del sistema. <\/p>\n<p class=\"a-size-small\"> Esto no solo garantiza un silencio excepcional, sino tambi\u00e9n una eficiencia m\u00e1xima. <\/p>\n<p class=\"a-size-small\"> Este ajuste inteligente permite que la MPB650SI ofrezca un rendimiento \u00f3ptimo sin ruido innecesario, adapt\u00e1ndose de manera personalizada a cada momento y manteniendo siempre el equilibrio entre potencia y silencio. <\/p>\n<p class=\"apm-text-center\">\n                                                      <img decoding=\"async\" alt=\"M\u00faltiples \u00e1ngulos de una fuente de alimentaci\u00f3n de computadora negra o dispositivo electr\u00f3nico similar con rejillas de ventilaci\u00f3n y carcasa met\u00e1lica.\" src=\"https:\/\/images-na.ssl-images-amazon.com\/images\/G\/01\/x-locale\/common\/grey-pixel.gif\" class=\"a-lazy-loaded\" data-src=\"https:\/\/m.media-amazon.com\/images\/S\/aplus-media-library-service-media\/7740bc8a-b353-4b6f-8ad4-440611097f33.__CR0,0,2000,2000_PT0_SX220_V1___.jpg\"><img decoding=\"async\" alt=\"M\u00faltiples \u00e1ngulos de una fuente de alimentaci\u00f3n de computadora negra o dispositivo electr\u00f3nico similar con rejillas de ventilaci\u00f3n y carcasa met\u00e1lica.\" src=\"https:\/\/m.media-amazon.com\/images\/S\/aplus-media-library-service-media\/7740bc8a-b353-4b6f-8ad4-440611097f33.__CR0,0,2000,2000_PT0_SX220_V1___.jpg\">  <\/p>\n<p>                                                    CERTIFICADO 80 PLUS BRONZE                                     <\/p>\n<p class=\"a-size-small\"> Con certificaci\u00f3n 80 Plus Bronze 230V EU, la MPB650SI asegura una eficiencia superior al 90%, permiti\u00e9ndote ahorrar energ\u00eda y reducir tu huella ambiental. <\/p>\n<p class=\"a-size-small\"> Esta alta eficiencia contribuye a mantener tu sistema refrigerado manteniendo un funcionamiento silencioso, logrando el equilibrio perfecto entre potencia, sostenibilidad y rendimiento. <\/p>\n<p class=\"apm-text-center\">\n                                                      <img decoding=\"async\" alt=\"fuente de alimentaci\u00f3n pc 750w fuente de alimentaci\u00f3n pc 850w fuente de alimentaci\u00f3n pc fuente atx\" src=\"https:\/\/images-na.ssl-images-amazon.com\/images\/G\/01\/x-locale\/common\/grey-pixel.gif\" class=\"a-lazy-loaded\" data-src=\"https:\/\/m.media-amazon.com\/images\/S\/aplus-media-library-service-media\/9ca4dc66-b1b7-4dc2-bd8c-77e1d9c73f9a.__CR0,0,2000,2000_PT0_SX220_V1___.jpg\"><img decoding=\"async\" alt=\"fuente de alimentaci\u00f3n pc 750w fuente de alimentaci\u00f3n pc 850w fuente de alimentaci\u00f3n pc fuente atx\" src=\"https:\/\/m.media-amazon.com\/images\/S\/aplus-media-library-service-media\/9ca4dc66-b1b7-4dc2-bd8c-77e1d9c73f9a.__CR0,0,2000,2000_PT0_SX220_V1___.jpg\">  <\/p>\n<p>                                                    TECNOLOG\u00cdAS AVANZADAS: DC-DC Y SMD                                     <\/p>\n<p class=\"a-size-small\"> La MPB650SI incorpora tecnolog\u00eda avanzada de conversi\u00f3n DC-DC que proporciona estabilidad y eficiencia energ\u00e9tica sin precedentes. <\/p>\n<p class=\"a-size-small\"> Con un potente ra\u00edl de 12V, soporta tarjetas gr\u00e1ficas de alto consumo, ideal para plataformas de alto rendimiento. <\/p>\n<p class=\"a-size-small\"> La tecnolog\u00eda SMD mejora la durabilidad de la fuente, asegurando un funcionamiento fiable a largo plazo. <\/p>\n<p class=\"a-size-small\"> Adem\u00e1s, contribuye a la sostenibilidad con una reducci\u00f3n en el consumo energ\u00e9tico de hasta un 20%, lo que garantiza una regulaci\u00f3n de voltaje precisa, protegiendo los componentes m\u00e1s sensibles bajo cualquier condici\u00f3n de carga. <\/p>\n<p>                                                  <img decoding=\"async\" alt=\"refrigeraci\u00f3n l\u00edquida pc regrigeraci\u00f3n gaming refrigeraci\u00f3n ordenador profesional mars gaming\" src=\"https:\/\/images-na.ssl-images-amazon.com\/images\/G\/01\/x-locale\/common\/grey-pixel.gif\" class=\"a-lazy-loaded\" data-src=\"https:\/\/m.media-amazon.com\/images\/S\/aplus-media-library-service-media\/9f1edb56-cf51-4a37-bb57-b3c37b469e56.__CR0,0,1940,600_PT0_SX970_V1___.png\"><img decoding=\"async\" alt=\"refrigeraci\u00f3n l\u00edquida pc regrigeraci\u00f3n gaming refrigeraci\u00f3n ordenador profesional mars gaming\" src=\"https:\/\/m.media-amazon.com\/images\/S\/aplus-media-library-service-media\/9f1edb56-cf51-4a37-bb57-b3c37b469e56.__CR0,0,1940,600_PT0_SX970_V1___.png\">  <\/p>\n<p> Batteries                                            \u200f                                            :                                            \u200e                                            1 AAAA batteries required. (included)   <br \/> Product Dimensions                                            \u200f                                            :                                            \u200e                                            15 x 14.5 x 8.5 cm; 1.5 kg   <br \/> Manufacturer                                            \u200f                                            :                                            \u200e                                            Mars Gaming   <br \/> ASIN                                            \u200f                                            :                                            \u200e                                            B0DM224ZCS   <br \/> Item model number                                            \u200f                                            :                                            \u200e                                            MPB650SI   <br \/> Country of origin                                            \u200f                                            :                                            \u200e                                            Spain   <br \/> Guaranteed software updates until                                            \u200f                                            :                                            \u200e                                            unknown   <br \/>  Customer reviews:                                                                                            4.5               4.5 out of 5 stars                                  (177)                                              var dpAcrHasRegisteredArcLinkClickAction;                    P.when(&#8216;A&#8217;, &#8216;ready&#8217;).execute(function(A) {                        if (dpAcrHasRegisteredArcLinkClickAction !== true) {                            dpAcrHasRegisteredArcLinkClickAction = true;                            A.declarative(                                &#8216;acrLink-click-metrics&#8217;, &#8216;click&#8217;,                                { \u00aballowLinkDefault\u00bb: true },                                function (event) {                                    if (window.ue) {                                        ue.count(\u00abacrLinkClickCount\u00bb, (ue.count(\u00abacrLinkClickCount\u00bb) || 0) + 1);                                    }                                }                            );                        }                    });                                             P.when(&#8216;A&#8217;, &#8216;cf&#8217;).execute(function(A) {                A.declarative(&#8216;acrStarsLink-click-metrics&#8217;, &#8216;click&#8217;, { \u00aballowLinkDefault\u00bb : true },  function(event){                    if(window.ue) {                        ue.count(\u00abacrStarsLinkWithPopoverClickCount\u00bb, (ue.count(\u00abacrStarsLinkWithPopoverClickCount\u00bb) || 0) + 1);                    }                });            });                          <\/p>\n<p>EXTREME SILENCE: ATX MPB650SI source incorporates advanced copper core SI fan and FDB bearings, minimizing friction, prolonging its service life and ensuring ultra-quiet and stable operation; Advanced fan frame structure and acceleration channels, ensure optimal heat dissipation and continuous airflow<br \/>7 YEARS WARRANTY: The MPB650SI PC source offers an extended warranty of 7 years; In addition, it has the electronic protection and security systems: OPP, OVP, UVP, SCP and OCP; Developed in Europe<br \/>AI2-RPM INTELLIGENT CONTROL: The MPB650SI source AI2-RPM technology employs machine learning and artificial intelligence to adapt the fan speed in real time according to the system load, ensuring total silence and maximum efficiency, while delivering optimal performance<br \/>DC-DC AND SMD TECHNOLOGIES: The 80 Plus Bronze MPB650SI power supply incorporates DC-DC technology to support demanding graphics cards with a powerful 12V rail and SMD technology, designed to extend source durability and reduce power consumption by 20%, protecting the most sensitive components<br \/>80 PLUS BRONZE AND PREMIUM WIRING: With 80 Plus Bronze 230V EU certification, the MPB650SI source ensures an efficiency greater than 90%, achieving the perfect balance between power, sustainability and performance; In addition, its extra-long black flat cables, offer a clean and professional aesthetic, facilitating its mounting in any type of box and includes the connectors: 1x ATX MB 24 PIN , 1 x EPS + 12V 4+4 PIN, 2x PCIe 6+2 PIN, 5x SATA, 3x Molex 4 PIN<\/p>\n\n","protected":false},"excerpt":{"rendered":"<p> From the manufacturer Fuente de Alimentaci\u00f3n Extreme Silence MPB650SI Experimente el poder del silencio extremo.650W<\/p>","protected":false},"featured_media":26672,"comment_status":"open","ping_status":"closed","template":"","meta":[],"product_brand":[],"product_cat":[79],"product_tag":[6075,823,1488,1490,1495,5993,6077,1458,1499,307,1536,1500,3312,698,6078,1509,1470,910,617,1494,5574,1492,7844,1498,143,1485,824,6076,6079,1505,6080,725,2277],"class_list":{"0":"post-26671","1":"product","2":"type-product","3":"status-publish","4":"has-post-thumbnail","6":"product_cat-pc-power-supply-unit","7":"product_tag-230v","8":"product_tag-650w","9":"product_tag-650w-psu","10":"product_tag-750w-psu","11":"product_tag-80-plus-gold-psu","12":"product_tag-80plus","13":"product_tag-ai2rpm","14":"product_tag-atx","15":"product_tag-best-psu","16":"product_tag-black","17":"product_tag-bronze","18":"product_tag-computer-power-unit","19":"product_tag-copper","20":"product_tag-core","21":"product_tag-dcdc","22":"product_tag-efficiency","23":"product_tag-extreme","24":"product_tag-fan","25":"product_tag-gaming","26":"product_tag-gaming-power-supply","27":"product_tag-mars","28":"product_tag-modular-psu","29":"product_tag-mpb650si","30":"product_tag-pc-power-supply-price","31":"product_tag-power","32":"product_tag-power-supply","33":"product_tag-psu","34":"product_tag-silence","35":"product_tag-smd","36":"product_tag-supply","37":"product_tag-technologies","38":"product_tag-warranty","39":"product_tag-years","41":"first","42":"instock","43":"sale","44":"shipping-taxable","45":"product-type-external"},"_links":{"self":[{"href":"https:\/\/comprasyconsejos.store\/en\/wp-json\/wp\/v2\/product\/26671","targetHints":{"allow":["GET"]}}],"collection":[{"href":"https:\/\/comprasyconsejos.store\/en\/wp-json\/wp\/v2\/product"}],"about":[{"href":"https:\/\/comprasyconsejos.store\/en\/wp-json\/wp\/v2\/types\/product"}],"replies":[{"embeddable":true,"href":"https:\/\/comprasyconsejos.store\/en\/wp-json\/wp\/v2\/comments?post=26671"}],"version-history":[{"count":0,"href":"https:\/\/comprasyconsejos.store\/en\/wp-json\/wp\/v2\/product\/26671\/revisions"}],"wp:featuredmedia":[{"embeddable":true,"href":"https:\/\/comprasyconsejos.store\/en\/wp-json\/wp\/v2\/media\/26672"}],"wp:attachment":[{"href":"https:\/\/comprasyconsejos.store\/en\/wp-json\/wp\/v2\/media?parent=26671"}],"wp:term":[{"taxonomy":"product_brand","embeddable":true,"href":"https:\/\/comprasyconsejos.store\/en\/wp-json\/wp\/v2\/product_brand?post=26671"},{"taxonomy":"product_cat","embeddable":true,"href":"https:\/\/comprasyconsejos.store\/en\/wp-json\/wp\/v2\/product_cat?post=26671"},{"taxonomy":"product_tag","embeddable":true,"href":"https:\/\/comprasyconsejos.store\/en\/wp-json\/wp\/v2\/product_tag?post=26671"}],"curies":[{"name":"wp","href":"https:\/\/api.w.org\/{rel}","templated":true}]}}