{"id":26693,"date":"2026-02-20T07:13:29","date_gmt":"2026-02-20T07:13:29","guid":{"rendered":"https:\/\/comprasyconsejos.store\/product\/nitropc-nitro-plus-v2-pack-full-gaming-pc-amd-ryzen-7-9800x3d-4-7-5-2ghz-rtx-5080-16gb-ram-32gb-rgb-m2-2tb-w11-pro-wifi-27-curved-monitor-keyboard-mouse-helmets\/"},"modified":"2026-02-20T07:13:40","modified_gmt":"2026-02-20T07:13:40","slug":"nitropc-nitro-plus-v2-pack-full-gaming-pc-amd-ryzen-7-9800x3d-4-7-5-2ghz-rtx-5080-16gb-ram-32gb-rgb-m2-2tb-w11-pro-wifi-27-curved-monitor-keyboard-mouse-helmets","status":"publish","type":"product","link":"https:\/\/comprasyconsejos.store\/en\/product\/nitropc-nitro-plus-v2-pack-full-gaming-pc-amd-ryzen-7-9800x3d-4-7-5-2ghz-rtx-5080-16gb-ram-32gb-rgb-m2-2tb-w11-pro-wifi-27-curved-monitor-keyboard-mouse-helmets\/","title":{"rendered":"NitroPC &#8211; Nitro Plus v2 Pack | Full Gaming PC (AMD Ryzen 7 9800X3D 4.7\/5.2GHz, RTX 5080 16GB, RAM 32GB RGB, M2 2TB, W11 Pro | WiFi, 27&#8243; Curved Monitor, Keyboard, Mouse, Helmets)"},"content":{"rendered":"<p>Price: <span style=\"color:#b12704\">\u20ac4,299.99<\/span><br \/><i><small>(as of Feb 20, 2026 07:13:30 UTC &#8211; <span class=\"wp_automatic_amazon_disclaimer\" title=\"Product prices and availability are accurate as of the date\/time indicated and are subject to change. Any price and availability information displayed on [relevant Amazon Site(s), as applicable] at the time of purchase will apply to the purchase of this product.\">Details<\/span>)<\/small><\/i><\/p>\n<p><a href=\"https:\/\/amazon.es\/dp\/B0DLWT35KH?tag=man008-21\"><img decoding=\"async\" src=\"https:\/\/valvepress.s3.amazonaws.com\/imgs\/buy_now.png\"><\/a><br \/>\n<\/p>\n<p>                                             Product Description   <\/p>\n<p>                                                                                                       <img decoding=\"async\" alt=\"aplus content image\" src=\"https:\/\/images-na.ssl-images-amazon.com\/images\/G\/01\/x-locale\/common\/grey-pixel.gif\" class=\"a-lazy-loaded\" data-src=\"https:\/\/m.media-amazon.com\/images\/S\/aplus-media-library-service-media\/50a2f7d0-7000-47b2-8560-5b1850ac1e19.__CR0,0,1464,600_PT0_SX1464_V1___.png\"><img decoding=\"async\" alt=\"aplus content image\" src=\"https:\/\/m.media-amazon.com\/images\/S\/aplus-media-library-service-media\/50a2f7d0-7000-47b2-8560-5b1850ac1e19.__CR0,0,1464,600_PT0_SX1464_V1___.png\">                                               <\/p>\n<p>                                                                                                                  <img decoding=\"async\" alt=\"una persona jugando un juego en una computadora.\" src=\"https:\/\/m.media-amazon.com\/images\/S\/aplus-media-library-service-media\/c87a0556-6700-436a-9418-8f675056100d.__CR0,0,1464,600_PT0_SX1464_V1___.jpg\">                                                    <img decoding=\"async\" alt=\"una imagen de un ordenador con una superposici\u00f3n de texto que dice:\" src=\"https:\/\/m.media-amazon.com\/images\/S\/aplus-media-library-service-media\/cdc24637-c78f-44c5-a2a5-c03c77c5cd9c.__CR0,0,1464,600_PT0_SX1464_V1___.jpg\">                                                    <img decoding=\"async\" alt=\"aplus content image\" src=\"https:\/\/m.media-amazon.com\/images\/S\/aplus-media-library-service-media\/ddf852c4-7fc8-404b-a51c-d73d1c3a220a.__CR0,0,2013,825_PT0_SX1464_V1___.png\">                                                    <img decoding=\"async\" alt=\"aplus content image\" src=\"https:\/\/m.media-amazon.com\/images\/S\/aplus-media-library-service-media\/949543d1-cd65-4d16-8d12-5461cb71cf50.__CR0,0,1464,600_PT0_SX1464_V1___.png\"><br \/>\n                            1 Plug &amp; Play <\/p>\n<p>                            2 Mejora tu experiencia <\/p>\n<p>                            3 Procesador <\/p>\n<p>                            4 Tarjeta gr\u00e1fica <\/p>\n<p>                                                                <img decoding=\"async\" alt=\"\" src=\"https:\/\/images-na.ssl-images-amazon.com\/images\/G\/01\/x-locale\/common\/grey-pixel.gif\" class=\"a-lazy-loaded\" data-src=\"https:\/\/m.media-amazon.com\/images\/S\/aplus-media-library-service-media\/b048464a-5a14-4266-ae74-e23a34e44c76.__CR0,0,3660,1500_PT0_SX1464_V1___.png\"><img decoding=\"async\" alt=\"\" src=\"https:\/\/m.media-amazon.com\/images\/S\/aplus-media-library-service-media\/b048464a-5a14-4266-ae74-e23a34e44c76.__CR0,0,3660,1500_PT0_SX1464_V1___.png\">        <\/p>\n<p>                                                                <img decoding=\"async\" alt=\"pc ordenador de sobremesa gaming gamer pc completo barato ofertas ps5 trendingpc nitropc\" src=\"https:\/\/images-na.ssl-images-amazon.com\/images\/G\/01\/x-locale\/common\/grey-pixel.gif\" class=\"a-lazy-loaded\" data-src=\"https:\/\/m.media-amazon.com\/images\/S\/aplus-media-library-service-media\/94b44b05-4c94-4f30-8ffb-a721d5e1a7be.__CR0,0,800,600_PT0_SX800_V1___.jpg\"><img decoding=\"async\" alt=\"pc ordenador de sobremesa gaming gamer pc completo barato ofertas ps5 trendingpc nitropc\" src=\"https:\/\/m.media-amazon.com\/images\/S\/aplus-media-library-service-media\/94b44b05-4c94-4f30-8ffb-a721d5e1a7be.__CR0,0,800,600_PT0_SX800_V1___.jpg\">                                                                          <\/p>\n<h3 class=\"aplus-h1 aplus-module-1-heading a-text-bold\"> Descubre nuestros PC Gamer <\/h3>\n<p class=\"aplus-p2 aplus-module-1-description\"> En Nitropc puedes comprar ordenadores de gran potencia y rendimiento para que saques el m\u00e1ximo partido a tus juegos. Tanto si buscas un PC gaming completo como si buscas complementar tu set up actual, en nuestra tienda vas a encontrar una gran variedad de equipos inform\u00e1ticos y accesorios. <\/p>\n<p class=\"aplus-p2 aplus-module-1-description\"> Tan s\u00f3lo tendr\u00e1s que elegir el ordenador o accesorios gaming que mejor se adapte a tus necesidades y podr\u00e1s disfrutar de tu PC sobremesa gaming ideal muy pronto. <\/p>\n<p> Package Dimensions                                            \u200f                                            :                                            \u200e                                            69.4 x 69.3 x 46 cm; 36 kg   <br \/> Manufacturer                                            \u200f                                            :                                            \u200e                                            Nitropc   <br \/> ASIN                                            \u200f                                            :                                            \u200e                                            B0DLWT35KH   <br \/> Item model number                                            \u200f                                            :                                            \u200e                                            AMZ-PA-NI-Pv2   <br \/> Country of origin                                            \u200f                                            :                                            \u200e                                            Spain   <br \/> Guaranteed software updates until                                            \u200f                                            :                                            \u200e                                            unknown   <\/p>\n<p>CPU: AMD Ryzen 9 7950X3D (16 cores, up to 5.70GHz) | Motherboard: X870 chip | RGB liquid cooling (360mm radiator)<br \/>Graphics: NVIDIA GeForce RTX 5080 16GB GDDR7<br \/>RAM: 32GB (16GB\u00d72) 6000MHz DDR5 RGB | STORAGE: M.2 2TB NVMe 7400Mbps<br \/>ACCESSORIES: Curved Monitor 27&#8243;2K 165Hz | RGB Gaming Keyboard and Mouse, Headphones and Mat 90x30cm | WiFi 6 Antenna<br \/>SYSTEM: Windows PRO 11 activated | 100% tested | 3 years free premium warranty<br \/>This Christmas, when you buy your NitroPC, get four free AAA digital games, valued at more than \u20ac270. Choose from great titles such as Red Dead Redemption 2, Elden Ring, Cyberpunk 2077, Forza Horizon 5, Planet Zoo, NBA 2K26, TEKKEN 8, Silent Hill 2 or It Takes Two, among others. After your purchase, Nitropc will contact you to select your favorite games. Promotion valid only during the holiday season and subject to availability.<\/p>\n\n","protected":false},"excerpt":{"rendered":"<p> Product Description 1 Plug &amp; Play 2 Mejora tu experiencia 3 Procesador 4 Tarjeta gr\u00e1fica<\/p>","protected":false},"featured_media":26694,"comment_status":"open","ping_status":"closed","template":"","meta":[],"product_brand":[],"product_cat":[80],"product_tag":[509,909,902,7852,3669,530,1390,1397,1396,754,560,617,1391,7853,1392,1393,1389,518,844,767,1189,7851,178,163,565,587,885,621,531,1394,1395,1214,543],"class_list":{"0":"post-26693","1":"product","2":"type-product","3":"status-publish","4":"has-post-thumbnail","6":"product_cat-processors","7":"product_tag-16gb","8":"product_tag-2tb","9":"product_tag-32gb","10":"product_tag-4-75-2ghz","11":"product_tag-9800x3d","12":"product_tag-amd","13":"product_tag-amd-ryzen-processor","14":"product_tag-best-processor","15":"product_tag-cpu-price","16":"product_tag-curved","17":"product_tag-full","18":"product_tag-gaming","19":"product_tag-gaming-cpu","20":"product_tag-helmets","21":"product_tag-i7-processor","22":"product_tag-i9-processor","23":"product_tag-intel-processor","24":"product_tag-keyboard","25":"product_tag-monitor","26":"product_tag-mouse","27":"product_tag-nitro","28":"product_tag-nitropc","29":"product_tag-pack","30":"product_tag-pro","31":"product_tag-processor","32":"product_tag-ram","33":"product_tag-rgb","34":"product_tag-rtx","35":"product_tag-ryzen","36":"product_tag-ryzen-7","37":"product_tag-ryzen-9","38":"product_tag-w11","39":"product_tag-wifi","41":"first","42":"instock","43":"shipping-taxable","44":"product-type-external"},"_links":{"self":[{"href":"https:\/\/comprasyconsejos.store\/en\/wp-json\/wp\/v2\/product\/26693","targetHints":{"allow":["GET"]}}],"collection":[{"href":"https:\/\/comprasyconsejos.store\/en\/wp-json\/wp\/v2\/product"}],"about":[{"href":"https:\/\/comprasyconsejos.store\/en\/wp-json\/wp\/v2\/types\/product"}],"replies":[{"embeddable":true,"href":"https:\/\/comprasyconsejos.store\/en\/wp-json\/wp\/v2\/comments?post=26693"}],"version-history":[{"count":0,"href":"https:\/\/comprasyconsejos.store\/en\/wp-json\/wp\/v2\/product\/26693\/revisions"}],"wp:featuredmedia":[{"embeddable":true,"href":"https:\/\/comprasyconsejos.store\/en\/wp-json\/wp\/v2\/media\/26694"}],"wp:attachment":[{"href":"https:\/\/comprasyconsejos.store\/en\/wp-json\/wp\/v2\/media?parent=26693"}],"wp:term":[{"taxonomy":"product_brand","embeddable":true,"href":"https:\/\/comprasyconsejos.store\/en\/wp-json\/wp\/v2\/product_brand?post=26693"},{"taxonomy":"product_cat","embeddable":true,"href":"https:\/\/comprasyconsejos.store\/en\/wp-json\/wp\/v2\/product_cat?post=26693"},{"taxonomy":"product_tag","embeddable":true,"href":"https:\/\/comprasyconsejos.store\/en\/wp-json\/wp\/v2\/product_tag?post=26693"}],"curies":[{"name":"wp","href":"https:\/\/api.w.org\/{rel}","templated":true}]}}