{"id":26731,"date":"2026-02-20T07:50:41","date_gmt":"2026-02-20T07:50:41","guid":{"rendered":"https:\/\/comprasyconsejos.store\/product\/pccom-ultimate-ryzen-9-7900x-nvidia-geforce-rtx-4080-desktop-pc-32gb-ram-2tb-ssd\/"},"modified":"2026-02-20T07:50:41","modified_gmt":"2026-02-20T07:50:41","slug":"pccom-ultimate-ryzen-9-7900x-nvidia-geforce-rtx-4080-desktop-pc-32gb-ram-2tb-ssd","status":"publish","type":"product","link":"https:\/\/comprasyconsejos.store\/en\/product\/pccom-ultimate-ryzen-9-7900x-nvidia-geforce-rtx-4080-desktop-pc-32gb-ram-2tb-ssd\/","title":{"rendered":"PcCom Ultimate Ryzen 9 7900X NVIDIA GeForce RTX 4080 Desktop PC 32GB RAM 2TB SSD"},"content":{"rendered":"<p>Price: <span style=\"color:#b12704\">\u20ac4,309.74<\/span><br \/><i><small>(as of Feb 20, 2026 07:50:41 UTC &#8211; <span class=\"wp_automatic_amazon_disclaimer\" title=\"Product prices and availability are accurate as of the date\/time indicated and are subject to change. Any price and availability information displayed on [relevant Amazon Site(s), as applicable] at the time of purchase will apply to the purchase of this product.\">Details<\/span>)<\/small><\/i><\/p>\n<p><a href=\"https:\/\/amazon.es\/dp\/B0CT921FZ6?tag=man008-21\"><img decoding=\"async\" src=\"https:\/\/valvepress.s3.amazonaws.com\/imgs\/buy_now.png\"><\/a><br \/>\n<\/p>\n<p>                                             From the brand   <\/p>\n<p>                                              <img decoding=\"async\" alt=\"\" src=\"https:\/\/images-na.ssl-images-amazon.com\/images\/G\/01\/x-locale\/common\/grey-pixel.gif\" class=\"a-lazy-loaded\" data-src=\"https:\/\/m.media-amazon.com\/images\/S\/aplus-media-library-service-media\/a9639d84-728f-4fcb-9a07-c0a15b8912b6.__CR1,0,1464,625_PT0_SX1464_V1___.jpg\"><img decoding=\"async\" alt=\"\" src=\"https:\/\/m.media-amazon.com\/images\/S\/aplus-media-library-service-media\/a9639d84-728f-4fcb-9a07-c0a15b8912b6.__CR1,0,1464,625_PT0_SX1464_V1___.jpg\">  <\/p>\n<h3> PcCom <\/h3>\n<p> Ordenadores montados por expertos en tecnolog\u00eda. Consigue el PC de tus sue\u00f1os con componentes de marcas TOP. <\/p>\n<h3> Recomendados <\/h3>\n<p>                                              <img decoding=\"async\" alt=\"\" src=\"https:\/\/images-na.ssl-images-amazon.com\/images\/G\/01\/x-locale\/common\/grey-pixel.gif\" class=\"a-lazy-loaded\" data-src=\"https:\/\/m.media-amazon.com\/images\/S\/aplus-media-library-service-media\/bc4ab6ff-4b3b-495d-8033-e964267185f1.__CR0,0,315,145_PT0_SX315_V1___.jpg\"><img decoding=\"async\" alt=\"\" src=\"https:\/\/m.media-amazon.com\/images\/S\/aplus-media-library-service-media\/bc4ab6ff-4b3b-495d-8033-e964267185f1.__CR0,0,315,145_PT0_SX315_V1___.jpg\">  <\/p>\n<p> Respaldados por m\u00e1s de 18 a\u00f1os de experiencia, estos equipos son configurados y probados por nuestros expertos en Espa\u00f1a listos para que juegues desde el primer d\u00eda. Los PcCom est\u00e1n totalmente construidos para obtener un gran rendimiento. Sus componentes han sido elegidos, comprobados y testeados por nuestros t\u00e9cnicos para conseguir la configuraci\u00f3n m\u00e1s \u00f3ptima para cada perfil de usuario. <\/p>\n<p>                                                         \u00bfQu\u00e9 convierte a nuestros productos en \u00fanicos?                                       <\/p>\n<p> Si hay algo que caracteriza a PcComponentes es su constante evoluci\u00f3n e innovaci\u00f3n. Llevamos nuestra filosof\u00eda a las distintas configuraciones contando con tus necesidades. <\/p>\n<p>                                                         \u00bfPor qu\u00e9 nos gusta lo que hacemos?                                       <\/p>\n<p> Los equipos de PcComponentes est\u00e1n impregnados de nuestra filosof\u00eda y es esencial para nosotros que as\u00ed lo transmitan a nuestros usuarios. <\/p>\n<p>                                                         \u00bfNuestros productos son de alta calidad?                                       <\/p>\n<p> Nuestras configuraciones han sido revisadas por expertos con amplia experiencia en el sector, y adem\u00e1s, han sido exhaustivamente testadas en nuestro laboratorio t\u00e9cnico. <\/p>\n<p> Product Dimensions                                            \u200f                                            :                                            \u200e                                            46.97 x 34.66 x 29.94 cm; 7 kg   <br \/> Manufacturer                                            \u200f                                            :                                            \u200e                                            PcCom   <br \/> ASIN                                            \u200f                                            :                                            \u200e                                            B0CT921FZ6   <br \/> Item model number                                            \u200f                                            :                                            \u200e                                            S7829588   <br \/> Country of origin                                            \u200f                                            :                                            \u200e                                            Spain   <br \/> Guaranteed software updates until                                            \u200f                                            :                                            \u200e                                            unknown   <br \/>  Customer reviews:                                                                                            1.0               1.0 out of 5 stars                                  (1)                                              var dpAcrHasRegisteredArcLinkClickAction;                    P.when(&#8216;A&#8217;, &#8216;ready&#8217;).execute(function(A) {                        if (dpAcrHasRegisteredArcLinkClickAction !== true) {                            dpAcrHasRegisteredArcLinkClickAction = true;                            A.declarative(                                &#8216;acrLink-click-metrics&#8217;, &#8216;click&#8217;,                                { \u00aballowLinkDefault\u00bb: true },                                function (event) {                                    if (window.ue) {                                        ue.count(\u00abacrLinkClickCount\u00bb, (ue.count(\u00abacrLinkClickCount\u00bb) || 0) + 1);                                    }                                }                            );                        }                    });                                             P.when(&#8216;A&#8217;, &#8216;cf&#8217;).execute(function(A) {                A.declarative(&#8216;acrStarsLink-click-metrics&#8217;, &#8216;click&#8217;, { \u00aballowLinkDefault\u00bb : true },  function(event){                    if(window.ue) {                        ue.count(\u00abacrStarsLinkWithPopoverClickCount\u00bb, (ue.count(\u00abacrStarsLinkWithPopoverClickCount\u00bb) || 0) + 1);                    }                });            });                          <\/p>\n<p>Brand Desktop PC PcCom<br \/>Color: Multicolor<br \/>Dimensions: 47 x 34.5 x 30 cm<br \/>Reference: S7829588<br \/>If what you want is quality at the best price do not keep looking!<\/p>\n\n","protected":false},"excerpt":{"rendered":"<p> From the brand PcCom Ordenadores montados por expertos en tecnolog\u00eda. Consigue el PC de tus<\/p>","protected":false},"featured_media":26732,"comment_status":"open","ping_status":"closed","template":"","meta":[],"product_brand":[],"product_cat":[90],"product_tag":[909,902,4322,613,611,787,607,604,609,606,612,620,608,821,7877,605,587,610,621,531,513,2882],"class_list":{"0":"post-26731","1":"product","2":"type-product","3":"status-publish","4":"has-post-thumbnail","6":"product_cat-gaming-pcs","7":"product_tag-2tb","8":"product_tag-32gb","9":"product_tag-7900x","10":"product_tag-best-gaming-pc","11":"product_tag-custom-gaming-pc","12":"product_tag-desktop","13":"product_tag-gaming-desktop","14":"product_tag-gaming-pc","15":"product_tag-gaming-pc-16gb-ram","16":"product_tag-gaming-pc-rtx","17":"product_tag-gaming-pc-ssd","18":"product_tag-geforce","19":"product_tag-high-end-gaming-pc","20":"product_tag-nvidia","21":"product_tag-pccom","22":"product_tag-prebuilt-gaming-pc","23":"product_tag-ram","24":"product_tag-rgb-gaming-pc","25":"product_tag-rtx","26":"product_tag-ryzen","27":"product_tag-ssd","28":"product_tag-ultimate","30":"first","31":"instock","32":"shipping-taxable","33":"product-type-external"},"_links":{"self":[{"href":"https:\/\/comprasyconsejos.store\/en\/wp-json\/wp\/v2\/product\/26731","targetHints":{"allow":["GET"]}}],"collection":[{"href":"https:\/\/comprasyconsejos.store\/en\/wp-json\/wp\/v2\/product"}],"about":[{"href":"https:\/\/comprasyconsejos.store\/en\/wp-json\/wp\/v2\/types\/product"}],"replies":[{"embeddable":true,"href":"https:\/\/comprasyconsejos.store\/en\/wp-json\/wp\/v2\/comments?post=26731"}],"version-history":[{"count":0,"href":"https:\/\/comprasyconsejos.store\/en\/wp-json\/wp\/v2\/product\/26731\/revisions"}],"wp:featuredmedia":[{"embeddable":true,"href":"https:\/\/comprasyconsejos.store\/en\/wp-json\/wp\/v2\/media\/26732"}],"wp:attachment":[{"href":"https:\/\/comprasyconsejos.store\/en\/wp-json\/wp\/v2\/media?parent=26731"}],"wp:term":[{"taxonomy":"product_brand","embeddable":true,"href":"https:\/\/comprasyconsejos.store\/en\/wp-json\/wp\/v2\/product_brand?post=26731"},{"taxonomy":"product_cat","embeddable":true,"href":"https:\/\/comprasyconsejos.store\/en\/wp-json\/wp\/v2\/product_cat?post=26731"},{"taxonomy":"product_tag","embeddable":true,"href":"https:\/\/comprasyconsejos.store\/en\/wp-json\/wp\/v2\/product_tag?post=26731"}],"curies":[{"name":"wp","href":"https:\/\/api.w.org\/{rel}","templated":true}]}}