{"id":26738,"date":"2026-02-20T08:01:54","date_gmt":"2026-02-20T08:01:54","guid":{"rendered":"https:\/\/comprasyconsejos.store\/product\/10-inch-android-tablet-15-30gb-ram128gb-2tb-tf-octa-core-gemini-ai-widevine-l1-5gwifi6-8000mah-5mp8mp-tablets-with-keyboard-case-mousegrey\/"},"modified":"2026-02-20T08:02:02","modified_gmt":"2026-02-20T08:02:02","slug":"10-inch-android-tablet-15-30gb-ram128gb-2tb-tf-octa-core-gemini-ai-widevine-l1-5gwifi6-8000mah-5mp8mp-tablets-with-keyboard-case-mousegrey","status":"publish","type":"product","link":"https:\/\/comprasyconsejos.store\/en\/product\/10-inch-android-tablet-15-30gb-ram128gb-2tb-tf-octa-core-gemini-ai-widevine-l1-5gwifi6-8000mah-5mp8mp-tablets-with-keyboard-case-mousegrey\/","title":{"rendered":"10 Inch Android Tablet 15, 30GB RAM+128GB (2TB TF) Octa-Core\/Gemini AI\/Widevine L1\/5GWiFi6\/8000mAh\/5MP+8MP\/Tablets with Keyboard &#038; Case &#038; Mouse,Grey"},"content":{"rendered":"<p>Price: <span style=\"color:#b12704\">\u20ac109.99<\/span><br \/><i><small>(as of Feb 20, 2026 08:01:54 UTC &#8211; <span class=\"wp_automatic_amazon_disclaimer\" title=\"Product prices and availability are accurate as of the date\/time indicated and are subject to change. Any price and availability information displayed on [relevant Amazon Site(s), as applicable] at the time of purchase will apply to the purchase of this product.\">Details<\/span>)<\/small><\/i><\/p>\n<p><a href=\"https:\/\/amazon.es\/dp\/B0G823XCFL?tag=man008-21\"><img decoding=\"async\" src=\"https:\/\/valvepress.s3.amazonaws.com\/imgs\/buy_now.png\"><\/a><br \/>\n<\/p>\n<p>                                             Product Description   <\/p>\n<p>                                                                                                       <img decoding=\"async\" alt=\"aplus content image\" src=\"https:\/\/images-na.ssl-images-amazon.com\/images\/G\/01\/x-locale\/common\/grey-pixel.gif\" class=\"a-lazy-loaded\" data-src=\"https:\/\/m.media-amazon.com\/images\/S\/aplus-media-library-service-media\/94e88c1d-738b-49b3-83c0-fef3b1aafe35.__CR0,0,1464,600_PT0_SX1464_V1___.jpg\"><img decoding=\"async\" alt=\"aplus content image\" src=\"https:\/\/m.media-amazon.com\/images\/S\/aplus-media-library-service-media\/94e88c1d-738b-49b3-83c0-fef3b1aafe35.__CR0,0,1464,600_PT0_SX1464_V1___.jpg\">                                               <\/p>\n<p>                                                                                                       <img decoding=\"async\" alt=\"El texto dice \u00abDisfruta al m\u00e1ximo\u00bb, \u00abGPS\u00bb, \u00abAndroid 15\u00bb, \u00ab8000 mAh\u00bb. La interfaz del dispositivo de juego muestra las especificaciones con iconos para las funciones de juego, la capacidad de la bater\u00eda y la versi\u00f3n del sistema operativo.\" src=\"https:\/\/images-na.ssl-images-amazon.com\/images\/G\/01\/x-locale\/common\/grey-pixel.gif\" class=\"a-lazy-loaded\" data-src=\"https:\/\/m.media-amazon.com\/images\/S\/aplus-media-library-service-media\/bd9c386a-78a2-41df-9987-560aa4044525.__CR0,0,1464,600_PT0_SX1464_V1___.jpg\"><img decoding=\"async\" alt=\"El texto dice \u00abDisfruta al m\u00e1ximo\u00bb, \u00abGPS\u00bb, \u00abAndroid 15\u00bb, \u00ab8000 mAh\u00bb. La interfaz del dispositivo de juego muestra las especificaciones con iconos para las funciones de juego, la capacidad de la bater\u00eda y la versi\u00f3n del sistema operativo.\" src=\"https:\/\/m.media-amazon.com\/images\/S\/aplus-media-library-service-media\/bd9c386a-78a2-41df-9987-560aa4044525.__CR0,0,1464,600_PT0_SX1464_V1___.jpg\">                                               <\/p>\n<p>                                                                                                       <img decoding=\"async\" alt=\"El texto dice la infograf\u00eda \u00abComparaci\u00f3n de almacenamiento de 128 GB\u00bb que muestra varias capacidades de almacenamiento y tipos de datos en coloridas barras horizontales con \u00edconos.\" src=\"https:\/\/images-na.ssl-images-amazon.com\/images\/G\/01\/x-locale\/common\/grey-pixel.gif\" class=\"a-lazy-loaded\" data-src=\"https:\/\/m.media-amazon.com\/images\/S\/aplus-media-library-service-media\/fbe7bacd-195c-4753-a534-571b1583411f.__CR0,0,1464,600_PT0_SX1464_V1___.jpg\"><img decoding=\"async\" alt=\"El texto dice la infograf\u00eda \u00abComparaci\u00f3n de almacenamiento de 128 GB\u00bb que muestra varias capacidades de almacenamiento y tipos de datos en coloridas barras horizontales con \u00edconos.\" src=\"https:\/\/m.media-amazon.com\/images\/S\/aplus-media-library-service-media\/fbe7bacd-195c-4753-a534-571b1583411f.__CR0,0,1464,600_PT0_SX1464_V1___.jpg\">                                               <\/p>\n<p>                                                                                                       <img decoding=\"async\" alt=\"aplus content image\" src=\"https:\/\/images-na.ssl-images-amazon.com\/images\/G\/01\/x-locale\/common\/grey-pixel.gif\" class=\"a-lazy-loaded\" data-src=\"https:\/\/m.media-amazon.com\/images\/S\/aplus-media-library-service-media\/21cf1c45-cae9-4b2a-83f7-fcfeb4f245b0.__CR0,0,1464,600_PT0_SX1464_V1___.png\"><img decoding=\"async\" alt=\"aplus content image\" src=\"https:\/\/m.media-amazon.com\/images\/S\/aplus-media-library-service-media\/21cf1c45-cae9-4b2a-83f7-fcfeb4f245b0.__CR0,0,1464,600_PT0_SX1464_V1___.png\">                                               <\/p>\n<p>                                                                                  <img decoding=\"async\" alt=\"El texto dice \u00ab8MP\u00bb, \u00abLa camera risalta cattura un migliore\u00bb. Varios paneles muestran fotograf\u00edas de paisajes y capturas de pantalla de videollamadas que muestran las capacidades de la c\u00e1mara.\" src=\"https:\/\/m.media-amazon.com\/images\/S\/aplus-media-library-service-media\/29840b71-815e-4228-ac15-5d7bd3c0310b.__CR0,0,1464,600_PT0_SX1464_V1___.png\">                                                    <img decoding=\"async\" alt=\"aplus content image\" src=\"https:\/\/m.media-amazon.com\/images\/S\/aplus-media-library-service-media\/b8a506e7-5f2e-4644-a005-838b1f922c9e.__CR0,0,1464,600_PT0_SX1464_V1___.jpg\">                                                    <img decoding=\"async\" alt=\"aplus content image\" src=\"https:\/\/m.media-amazon.com\/images\/S\/aplus-media-library-service-media\/874d61e8-be1f-41d2-8bdd-e1cf7100c083.__CR0,0,1464,600_PT0_SX1464_V1___.png\">                                                    <img decoding=\"async\" alt=\"El texto dice \u00abTecnolog\u00eda Lightning Fast WiFi 6\u00bb y \u00abConexi\u00f3n r\u00e1pida\u00bb. Banner azul de tem\u00e1tica tecnol\u00f3gica con im\u00e1genes de juegos y redes y s\u00edmbolos WiFi.\" src=\"https:\/\/m.media-amazon.com\/images\/S\/aplus-media-library-service-media\/666ecddd-3c59-41b0-9934-5c21078cee79.__CR0,0,1464,600_PT0_SX1464_V1___.jpg\">                                                    <img decoding=\"async\" alt=\"aplus content image\" src=\"https:\/\/m.media-amazon.com\/images\/S\/aplus-media-library-service-media\/45119fa6-adf4-4c59-846f-dc54ceb50c02.__CR0,0,1464,600_PT0_SX1464_V1___.jpg\">               <\/p>\n<p>                       1 5 MP+8 MP          2 8000mAh          3 Oeta-Core          4 WiFi          5 Android 15             <\/p>\n<p>                                                                                                                  <img decoding=\"async\" alt=\"aplus content image\" src=\"https:\/\/m.media-amazon.com\/images\/S\/aplus-media-library-service-media\/d8754112-0e34-4498-9301-e42ff2665d95.__CR0,0,1464,600_PT0_SX1464_V1___.png\">                                                    <img decoding=\"async\" alt=\"aplus content image\" src=\"https:\/\/m.media-amazon.com\/images\/S\/aplus-media-library-service-media\/b345bed4-061a-45af-b2e9-0aaf4ffcfdc5.__CR0,0,1464,600_PT0_SX1464_V1___.jpg\">                                                    <img decoding=\"async\" alt=\"aplus content image\" src=\"https:\/\/m.media-amazon.com\/images\/S\/aplus-media-library-service-media\/713f63d3-c15d-4aa9-a90a-4924a26bf4e1.__CR0,0,1464,600_PT0_SX1464_V1___.jpg\">                                                    <img decoding=\"async\" alt=\"aplus content image\" src=\"https:\/\/m.media-amazon.com\/images\/S\/aplus-media-library-service-media\/d765b58e-dfb3-4990-aba5-2b1e195c3f28.__CR0,0,1464,600_PT0_SX1464_V1___.png\"><br \/>\n                            1 10.1&#8243; <\/p>\n<p>                            2 Reproductor <\/p>\n<p>                            3 Posicionamiento <\/p>\n<p>                            4 Reconocimiento facial <\/p>\n<p>                                                                <img decoding=\"async\" alt=\"\" src=\"https:\/\/images-na.ssl-images-amazon.com\/images\/G\/01\/x-locale\/common\/grey-pixel.gif\" class=\"a-lazy-loaded\" data-src=\"https:\/\/m.media-amazon.com\/images\/S\/aplus-media-library-service-media\/7626aa15-0eb5-46e8-8be7-c3db7881e736.__CR0,0,1464,600_PT0_SX1464_V1___.jpg\"><img decoding=\"async\" alt=\"\" src=\"https:\/\/m.media-amazon.com\/images\/S\/aplus-media-library-service-media\/7626aa15-0eb5-46e8-8be7-c3db7881e736.__CR0,0,1464,600_PT0_SX1464_V1___.jpg\">        <\/p>\n<p> Batteries                                            \u200f                                            :                                            \u200e                                            1 A batteries required. (included)   <br \/> Package Dimensions                                            \u200f                                            :                                            \u200e                                            33.4 x 18.3 x 4.4 cm; 1.34 kg   <br \/> Manufacturer                                            \u200f                                            :                                            \u200e                                            fezawio   <br \/> ASIN                                            \u200f                                            :                                            \u200e                                            B0G823XCFL   <br \/> Item model number                                            \u200f                                            :                                            \u200e                                            F12   <br \/> Country of origin                                            \u200f                                            :                                            \u200e                                            China   <br \/> Guaranteed software updates until                                            \u200f                                            :                                            \u200e                                            unknown   <br \/>  Customer reviews:                                                                                            4.4               4.4 out of 5 stars                                  (130)                                              var dpAcrHasRegisteredArcLinkClickAction;                    P.when(&#8216;A&#8217;, &#8216;ready&#8217;).execute(function(A) {                        if (dpAcrHasRegisteredArcLinkClickAction !== true) {                            dpAcrHasRegisteredArcLinkClickAction = true;                            A.declarative(                                &#8216;acrLink-click-metrics&#8217;, &#8216;click&#8217;,                                { \u00aballowLinkDefault\u00bb: true },                                function (event) {                                    if (window.ue) {                                        ue.count(\u00abacrLinkClickCount\u00bb, (ue.count(\u00abacrLinkClickCount\u00bb) || 0) + 1);                                    }                                }                            );                        }                    });                                             P.when(&#8216;A&#8217;, &#8216;cf&#8217;).execute(function(A) {                A.declarative(&#8216;acrStarsLink-click-metrics&#8217;, &#8216;click&#8217;, { \u00aballowLinkDefault\u00bb : true },  function(event){                    if(window.ue) {                        ue.count(\u00abacrStarsLinkWithPopoverClickCount\u00bb, (ue.count(\u00abacrStarsLinkWithPopoverClickCount\u00bb) || 0) + 1);                    }                });            });                          <\/p>\n<p>\u3010Gemini AI + Android 15 Tablet\u3011 &#8211; Smarter, faster, intuitive The table works on the latest Android 15 tablet, which with Gemini AI the user experience has been expanded. Enjoy real-time linguistic translation, intelligent task management and a highly responsive interface. ensures smooth multitasking and faster application startup speed. By eliminating delays and outages, it is the ideal choice as a reliable device for work, study or entertainment.<br \/>\u301030GB RAM + 128GB ROM + 2TB Expandable\u3011 Tablet has 30GB RAM expandable memory) to ensure smooth operation, and 128GB high-speed ROM memory to store large games and multimedia content. You can enjoy stable performance and your favorite applications. Tablet supports TF cards up to 2TB to store a large number of photos, movies, documents and books, Note: Does not include SD cards.<br \/>\u301010 inch + Widevine L1\u3011 &#8211; Equipped with a 1280\u00d7800 LCD display and Widevine L1 certification, which offers the highest level of security thanks to effective hardware protection against raw data leaks. L1 certified devices can spread high-quality content. This android tablet allows you to play Netflix, YouTube, Prime Video and more in HD quality. Enjoy a clear, immersive visual experience with vivid colors and crisp details.<br \/>\u30108000mAh Battery + 5G WiFi 6\u3011Built-in a large 8000mAh battery along with energy-saving technologies, which ensures a long life even on a compact screen. Whether it&#8217;s for travel meetings, office work, home series or gaming, it will exceed your expectations.It offers up to 40% faster connection speed than 5GWIFI, ensuring smoother streaming and faster downloads.<br \/>\u3010Rich Tablet Accessories + Multifunctional Needs\u3011fezawio F12 tablet purchase includes wireless mouse, bluetooth keyboard, protective case, type-c data line, European standard charger, Spanish User Manual. And we have a professional technical team and customer service, if you need our help, please contact us<\/p>\n\n","protected":false},"excerpt":{"rendered":"<p> Product Description 1 5 MP+8 MP 2 8000mAh 3 Oeta-Core 4 WiFi 5 Android 15<\/p>","protected":false},"featured_media":26739,"comment_status":"open","ping_status":"closed","template":"","meta":[],"product_brand":[],"product_cat":[93],"product_tag":[651,909,6426,7881,391,646,648,650,994,655,584,518,7882,7883,7880,2424,647,157,652,653,649,654],"class_list":{"0":"post-26738","1":"product","2":"type-product","3":"status-publish","4":"has-post-thumbnail","6":"product_cat-android-tablets","7":"product_tag-10-inch-tablet","8":"product_tag-2tb","9":"product_tag-30gb","10":"product_tag-aiwidevine","11":"product_tag-android","12":"product_tag-android-tablet","13":"product_tag-best-android-tablet","14":"product_tag-budget-android-tablet","15":"product_tag-case","16":"product_tag-gaming-tablet","17":"product_tag-inch","18":"product_tag-keyboard","19":"product_tag-l15gwifi68000mah5mp8mptablets","20":"product_tag-mousegrey","21":"product_tag-octacoregemini","22":"product_tag-ram128gb","23":"product_tag-samsung-android-tablet","24":"product_tag-tablet","25":"product_tag-tablet-for-kids","26":"product_tag-tablet-for-study","27":"product_tag-tablet-with-sim","28":"product_tag-tablet-with-stylus","30":"first","31":"instock","32":"shipping-taxable","33":"product-type-external"},"_links":{"self":[{"href":"https:\/\/comprasyconsejos.store\/en\/wp-json\/wp\/v2\/product\/26738","targetHints":{"allow":["GET"]}}],"collection":[{"href":"https:\/\/comprasyconsejos.store\/en\/wp-json\/wp\/v2\/product"}],"about":[{"href":"https:\/\/comprasyconsejos.store\/en\/wp-json\/wp\/v2\/types\/product"}],"replies":[{"embeddable":true,"href":"https:\/\/comprasyconsejos.store\/en\/wp-json\/wp\/v2\/comments?post=26738"}],"version-history":[{"count":0,"href":"https:\/\/comprasyconsejos.store\/en\/wp-json\/wp\/v2\/product\/26738\/revisions"}],"wp:featuredmedia":[{"embeddable":true,"href":"https:\/\/comprasyconsejos.store\/en\/wp-json\/wp\/v2\/media\/26739"}],"wp:attachment":[{"href":"https:\/\/comprasyconsejos.store\/en\/wp-json\/wp\/v2\/media?parent=26738"}],"wp:term":[{"taxonomy":"product_brand","embeddable":true,"href":"https:\/\/comprasyconsejos.store\/en\/wp-json\/wp\/v2\/product_brand?post=26738"},{"taxonomy":"product_cat","embeddable":true,"href":"https:\/\/comprasyconsejos.store\/en\/wp-json\/wp\/v2\/product_cat?post=26738"},{"taxonomy":"product_tag","embeddable":true,"href":"https:\/\/comprasyconsejos.store\/en\/wp-json\/wp\/v2\/product_tag?post=26738"}],"curies":[{"name":"wp","href":"https:\/\/api.w.org\/{rel}","templated":true}]}}