{"id":26800,"date":"2026-02-20T08:45:16","date_gmt":"2026-02-20T08:45:16","guid":{"rendered":"https:\/\/comprasyconsejos.store\/product\/netac-120gb-internal-ssd-2-5-sataiii-solid-state-drive-3d-nand-up-to-510mb-s-for-laptop-tablet-desktop-pc\/"},"modified":"2026-02-20T08:45:18","modified_gmt":"2026-02-20T08:45:18","slug":"netac-120gb-internal-ssd-2-5-sataiii-solid-state-drive-3d-nand-up-to-510mb-s-for-laptop-tablet-desktop-pc","status":"publish","type":"product","link":"https:\/\/comprasyconsejos.store\/en\/product\/netac-120gb-internal-ssd-2-5-sataiii-solid-state-drive-3d-nand-up-to-510mb-s-for-laptop-tablet-desktop-pc\/","title":{"rendered":"Netac 120GB Internal SSD 2.5\u00bb SATAIII Solid State Drive 3D NAND up to 510MB\/s for Laptop, Tablet, Desktop, PC"},"content":{"rendered":"<p>Price: <span style=\"color:#b12704\">\u20ac29.99<\/span><br \/><i><small>(as of Feb 20, 2026 08:45:16 UTC &#8211; <span class=\"wp_automatic_amazon_disclaimer\" title=\"Product prices and availability are accurate as of the date\/time indicated and are subject to change. Any price and availability information displayed on [relevant Amazon Site(s), as applicable] at the time of purchase will apply to the purchase of this product.\">Details<\/span>)<\/small><\/i><\/p>\n<p><a href=\"https:\/\/amazon.es\/dp\/B08BCPJKY8?tag=man008-21\"><img decoding=\"async\" src=\"https:\/\/valvepress.s3.amazonaws.com\/imgs\/buy_now.png\"><\/a><br \/>\n<\/p>\n<p>                                             From the brand   <\/p>\n<p>                                              <img decoding=\"async\" alt=\"Escena de alpinismo invernal que muestra a un escalador con un traje de color naranja brillante ascendiendo por un pico nevado contra un espectacular tel\u00f3n de fondo monta\u00f1oso azul.\" src=\"https:\/\/images-na.ssl-images-amazon.com\/images\/G\/01\/x-locale\/common\/grey-pixel.gif\" class=\"a-lazy-loaded\" data-src=\"https:\/\/m.media-amazon.com\/images\/S\/aplus-media-library-service-media\/6ba3c8ba-c9a6-4cb4-ad75-c16e45778fbc.__CR0,0,1464,625_PT0_SX1464_V1___.jpg\"><img decoding=\"async\" alt=\"Escena de alpinismo invernal que muestra a un escalador con un traje de color naranja brillante ascendiendo por un pico nevado contra un espectacular tel\u00f3n de fondo monta\u00f1oso azul.\" src=\"https:\/\/m.media-amazon.com\/images\/S\/aplus-media-library-service-media\/6ba3c8ba-c9a6-4cb4-ad75-c16e45778fbc.__CR0,0,1464,625_PT0_SX1464_V1___.jpg\">  <\/p>\n<p>                                              <img decoding=\"async\" alt=\"\" src=\"https:\/\/images-na.ssl-images-amazon.com\/images\/G\/01\/x-locale\/common\/grey-pixel.gif\" class=\"a-lazy-loaded\" data-src=\"https:\/\/m.media-amazon.com\/images\/S\/aplus-media-library-service-media\/894d5e45-b554-4718-9cbd-2dd446102738.__CR0,0,315,145_PT0_SX315_V1___.jpg\"><img decoding=\"async\" alt=\"\" src=\"https:\/\/m.media-amazon.com\/images\/S\/aplus-media-library-service-media\/894d5e45-b554-4718-9cbd-2dd446102738.__CR0,0,315,145_PT0_SX315_V1___.jpg\">  <\/p>\n<h3> Acerca de Netac <\/h3>\n<p>                                              <img decoding=\"async\" alt=\"\" src=\"https:\/\/images-na.ssl-images-amazon.com\/images\/G\/01\/x-locale\/common\/grey-pixel.gif\" class=\"a-lazy-loaded\" data-src=\"https:\/\/m.media-amazon.com\/images\/S\/aplus-media-library-service-media\/7b539b60-e452-48d7-a80e-4a91685f3cfc.__CR0,0,362,453_PT0_SX362_V1___.jpg\"><img decoding=\"async\" alt=\"\" src=\"https:\/\/m.media-amazon.com\/images\/S\/aplus-media-library-service-media\/7b539b60-e452-48d7-a80e-4a91685f3cfc.__CR0,0,362,453_PT0_SX362_V1___.jpg\">  <\/p>\n<h3> Serie Netac SSD <\/h3>\n<p> Diferentes interfaces dan como resultado diferentes velocidades. Si tiene alguna pregunta, no dude en hacernos saber. <\/p>\n<h3> Serie Netac SSD <\/h3>\n<p>                                                          \u00bfQu\u00e9 es una unidad de estado s\u00f3lido?                                       <\/p>\n<p> La unidad de estado s\u00f3lido (SSD) es un dispositivo de almacenamiento basado en una matriz de chips de almacenamiento electr\u00f3nico de estado s\u00f3lido, que almacena datos a trav\u00e9s de circuitos integrados como memoria flash NAND o DRAM, y no tiene componentes mec\u00e1nicos en absoluto. Sus componentes principales incluyen un controlador, cach\u00e9 y chips de memoria flash, y su principio de funcionamiento se basa en se\u00f1ales electr\u00f3nicas en lugar de cabezales y discos f\u00edsicos de lectura \/ escritura. <\/p>\n<p> Product Dimensions                                            \u200f                                            :                                            \u200e                                            10 x 7 x 0.7 cm; 50 g   <br \/> Manufacturer                                            \u200f                                            :                                            \u200e                                            Netac   <br \/> ASIN                                            \u200f                                            :                                            \u200e                                            B08BCPJKY8   <br \/> Item model number                                            \u200f                                            :                                            \u200e                                            N530S   <br \/> Country of origin                                            \u200f                                            :                                            \u200e                                            China   <br \/> Guaranteed software updates until                                            \u200f                                            :                                            \u200e                                            unknown   <br \/>  Customer reviews:                                                                                            4.5               4.5 out of 5 stars                                  (3,475)                                              var dpAcrHasRegisteredArcLinkClickAction;                    P.when(&#8216;A&#8217;, &#8216;ready&#8217;).execute(function(A) {                        if (dpAcrHasRegisteredArcLinkClickAction !== true) {                            dpAcrHasRegisteredArcLinkClickAction = true;                            A.declarative(                                &#8216;acrLink-click-metrics&#8217;, &#8216;click&#8217;,                                { \u00aballowLinkDefault\u00bb: true },                                function (event) {                                    if (window.ue) {                                        ue.count(\u00abacrLinkClickCount\u00bb, (ue.count(\u00abacrLinkClickCount\u00bb) || 0) + 1);                                    }                                }                            );                        }                    });                                             P.when(&#8216;A&#8217;, &#8216;cf&#8217;).execute(function(A) {                A.declarative(&#8216;acrStarsLink-click-metrics&#8217;, &#8216;click&#8217;, { \u00aballowLinkDefault\u00bb : true },  function(event){                    if(window.ue) {                        ue.count(\u00abacrStarsLinkWithPopoverClickCount\u00bb, (ue.count(\u00abacrStarsLinkWithPopoverClickCount\u00bb) || 0) + 1);                    }                });            });                          <\/p>\n<p>Sequential reads\/writes up to 510\/400 MB\/s on all file types.<br \/>Load archi vos faster, improve overall system responsiveness.<br \/>For high-end computing applications such as gaming, HD multimedia playback or creative software.<br \/>Designed for conventional PCs and laptops for personal, gaming and commercial use.<br \/>It is more convenient than standard hard drives, it starts faster and is quieter.<\/p>\n\n","protected":false},"excerpt":{"rendered":"<p> From the brand Acerca de Netac Serie Netac SSD Diferentes interfaces dan como resultado diferentes<\/p>","protected":false},"featured_media":26801,"comment_status":"open","ping_status":"closed","template":"","meta":[],"product_brand":[],"product_cat":[70],"product_tag":[6510,7889,2109,787,2117,795,2119,2111,2105,2101,2113,1120,159,1644,3506,2107,7888,812,513,813,157,2115,2103],"class_list":{"0":"post-26800","1":"product","2":"type-product","3":"status-publish","4":"has-post-thumbnail","6":"product_cat-disc-drives","7":"product_tag-120gb","8":"product_tag-510mbs","9":"product_tag-blu-ray-drive","10":"product_tag-desktop","11":"product_tag-disc-drive-for-laptop","12":"product_tag-drive","13":"product_tag-dvd-drive-price","14":"product_tag-dvd-writer","15":"product_tag-external-cd-drive","16":"product_tag-external-dvd-drive","17":"product_tag-external-optical-drive","18":"product_tag-internal","19":"product_tag-laptop","20":"product_tag-nand","21":"product_tag-netac","22":"product_tag-portable-disc-drive","23":"product_tag-sataiii","24":"product_tag-solid","25":"product_tag-ssd","26":"product_tag-state","27":"product_tag-tablet","28":"product_tag-usb-cd-writer","29":"product_tag-usb-dvd-drive","31":"first","32":"instock","33":"shipping-taxable","34":"product-type-external"},"_links":{"self":[{"href":"https:\/\/comprasyconsejos.store\/en\/wp-json\/wp\/v2\/product\/26800","targetHints":{"allow":["GET"]}}],"collection":[{"href":"https:\/\/comprasyconsejos.store\/en\/wp-json\/wp\/v2\/product"}],"about":[{"href":"https:\/\/comprasyconsejos.store\/en\/wp-json\/wp\/v2\/types\/product"}],"replies":[{"embeddable":true,"href":"https:\/\/comprasyconsejos.store\/en\/wp-json\/wp\/v2\/comments?post=26800"}],"version-history":[{"count":0,"href":"https:\/\/comprasyconsejos.store\/en\/wp-json\/wp\/v2\/product\/26800\/revisions"}],"wp:featuredmedia":[{"embeddable":true,"href":"https:\/\/comprasyconsejos.store\/en\/wp-json\/wp\/v2\/media\/26801"}],"wp:attachment":[{"href":"https:\/\/comprasyconsejos.store\/en\/wp-json\/wp\/v2\/media?parent=26800"}],"wp:term":[{"taxonomy":"product_brand","embeddable":true,"href":"https:\/\/comprasyconsejos.store\/en\/wp-json\/wp\/v2\/product_brand?post=26800"},{"taxonomy":"product_cat","embeddable":true,"href":"https:\/\/comprasyconsejos.store\/en\/wp-json\/wp\/v2\/product_cat?post=26800"},{"taxonomy":"product_tag","embeddable":true,"href":"https:\/\/comprasyconsejos.store\/en\/wp-json\/wp\/v2\/product_tag?post=26800"}],"curies":[{"name":"wp","href":"https:\/\/api.w.org\/{rel}","templated":true}]}}