{"id":26804,"date":"2026-02-20T08:51:20","date_gmt":"2026-02-20T08:51:20","guid":{"rendered":"https:\/\/comprasyconsejos.store\/product\/brostrend-ax900-mini-usb-wifi-6-linux-adaptador-wifi-usb-linux-para-pc-y-raspberry-pi-2-wi-fi-dongle-para-ubuntu-debian-mint-zorin-windows-7-10-11-etc-doble-banda-5ghz-600mbps-y-2-4ghz-286mbps\/"},"modified":"2026-02-20T08:51:21","modified_gmt":"2026-02-20T08:51:21","slug":"brostrend-ax900-mini-usb-wifi-6-linux-adaptador-wifi-usb-linux-para-pc-y-raspberry-pi-2-wi-fi-dongle-para-ubuntu-debian-mint-zorin-windows-7-10-11-etc-doble-banda-5ghz-600mbps-y-2-4ghz-286mbps","status":"publish","type":"product","link":"https:\/\/comprasyconsejos.store\/en\/product\/brostrend-ax900-mini-usb-wifi-6-linux-adaptador-wifi-usb-linux-para-pc-y-raspberry-pi-2-wi-fi-dongle-para-ubuntu-debian-mint-zorin-windows-7-10-11-etc-doble-banda-5ghz-600mbps-y-2-4ghz-286mbps\/","title":{"rendered":"BrosTrend AX900 Mini USB WiFi 6 Linux, Adaptador WiFi USB Linux para PC y Raspberry Pi 2+, Wi-Fi Dongle para Ubuntu, Debian, Mint, Zorin, Windows 7\/10\/11 etc. Doble Banda 5GHz 600Mbps y 2.4GHz 286Mbps"},"content":{"rendered":"<p>Price: <span style=\"color:#b12704\">\u20ac24.99<\/span><br \/><i><small>(as of Feb 20, 2026 08:51:20 UTC &#8211; <span class=\"wp_automatic_amazon_disclaimer\" title=\"Product prices and availability are accurate as of the date\/time indicated and are subject to change. Any price and availability information displayed on [relevant Amazon Site(s), as applicable] at the time of purchase will apply to the purchase of this product.\">Details<\/span>)<\/small><\/i><\/p>\n<p><a href=\"https:\/\/amazon.es\/dp\/B0F6N1H84N?tag=man008-21\"><img decoding=\"async\" src=\"https:\/\/valvepress.s3.amazonaws.com\/imgs\/buy_now.png\"><\/a><br \/>\n<\/p>\n<p>                                             Product Description   <\/p>\n<p>The video showcases the product in use.The video guides you through product setup.The video compares multiple products.The video shows the product being unpacked. BrosTrend AX900 Linux Adaptador WiFi 6 USB Merchant video<\/p>\n<p>                                                                                                       <img decoding=\"async\" alt=\"aplus content image\" src=\"https:\/\/images-na.ssl-images-amazon.com\/images\/G\/01\/x-locale\/common\/grey-pixel.gif\" class=\"a-lazy-loaded\" data-src=\"https:\/\/m.media-amazon.com\/images\/S\/aplus-media-library-service-media\/21c39d27-3985-44a7-8973-4fe26cad2850.__CR0,0,1464,600_PT0_SX1464_V1___.jpg\"><img decoding=\"async\" alt=\"aplus content image\" src=\"https:\/\/m.media-amazon.com\/images\/S\/aplus-media-library-service-media\/21c39d27-3985-44a7-8973-4fe26cad2850.__CR0,0,1464,600_PT0_SX1464_V1___.jpg\">                                                                                    WiFi 6 R\u00e1pido, Compatible con Linux, Dise\u00f1o Compacto.                                        <\/p>\n<p class=\"aplus-p2 aplus-module-2-description\"> Dise\u00f1ado para usuarios de Linux, este AX900 Linux WiFi 6 USB es compatible con sistemas basados en Debian y ofrece un rendimiento inal\u00e1mbrico estable en un dise\u00f1o compacto, lo que permite un manejo eficiente de los datos y una conectividad fiable para el uso diario del sistema. <\/p>\n<p>                                                                     Amplia Compatibilidad con Linux.                                            <img decoding=\"async\" alt=\"aplus content image\" src=\"https:\/\/images-na.ssl-images-amazon.com\/images\/G\/01\/x-locale\/common\/grey-pixel.gif\" class=\"a-lazy-loaded\" data-src=\"https:\/\/m.media-amazon.com\/images\/S\/aplus-media-library-service-media\/ea7cd396-f384-4fca-b498-814775c17458.__CR0,0,1464,600_PT0_SX1464_V1___.jpg\"><img decoding=\"async\" alt=\"aplus content image\" src=\"https:\/\/m.media-amazon.com\/images\/S\/aplus-media-library-service-media\/ea7cd396-f384-4fca-b498-814775c17458.__CR0,0,1464,600_PT0_SX1464_V1___.jpg\">                                               <\/p>\n<p>                                                                                                                    <img decoding=\"async\" alt=\"aplus content image\" src=\"https:\/\/m.media-amazon.com\/images\/S\/aplus-media-library-service-media\/7ae70684-ebe4-416b-b072-f0331c0d4171.__CR0,0,1464,600_PT0_SX1464_V1___.jpg\">                                                                                           Rendimiento Estable en el Que Puede Confiar.                                       <\/p>\n<p class=\"description aplus-p1\"> Un chipset Wi-Fi 6 ofrece velocidades constantes y baja latencia para el uso diario del sistema. <\/p>\n<p>                                                      <img decoding=\"async\" alt=\"Interfaz oscura que muestra m\u00faltiples iconos de redes sociales o aplicaciones de mensajer\u00eda dispuestos horizontalmente sobre un fondo azul marino.\" src=\"https:\/\/m.media-amazon.com\/images\/S\/aplus-media-library-service-media\/c63d3178-b6e5-40e2-a9bd-620030b78be3.__CR0,0,1464,600_PT0_SX1464_V1___.jpg\">                                                                                           Flujo de Datos M\u00e1s Fluido Bajo Carga                                       <\/p>\n<p class=\"description aplus-p1\"> OFDMA mejora la programaci\u00f3n de datos, reduce retrasos y mantiene conexiones responsivas. <\/p>\n<p>                                                      <img decoding=\"async\" alt=\"aplus content image\" src=\"https:\/\/m.media-amazon.com\/images\/S\/aplus-media-library-service-media\/422d6b94-4abc-487f-a51d-a9713c1ba3ed.__CR0,0,1464,600_PT0_SX1464_V1___.jpg\">                                                                                           Mayor Seguridad de la Red                                       <\/p>\n<p class=\"description aplus-p1\"> El cifrado WPA3 mejora la protecci\u00f3n de la transferencia de datos en redes Wi-Fi p\u00fablicas y privadas <\/p>\n<p>                                                      <img decoding=\"async\" alt=\"Primeros planos de la pantalla digital del salpicadero de un autom\u00f3vil que muestra indicadores iluminados en azul y elementos de interfaz sobre un fondo oscuro.\" src=\"https:\/\/m.media-amazon.com\/images\/S\/aplus-media-library-service-media\/b1546523-82aa-4212-a6d1-c6c8fcbb557e.__CR0,0,1464,600_PT0_SX1464_V1___.jpg\">                                                                                           Se\u00f1al Fiable                                       <\/p>\n<p class=\"description aplus-p1\"> Mantiene una calidad se\u00f1al fiable sin ocupar espacio adicional ni bloquear los puertos USB cercanos <\/p>\n<p>                                                      <img decoding=\"async\" alt=\"Varias im\u00e1genes en tonos oscuros que muestran lo que parece ser una computadora o un equipo electr\u00f3nico en condiciones de poca luz con iluminaci\u00f3n de acento azul.\" src=\"https:\/\/m.media-amazon.com\/images\/S\/aplus-media-library-service-media\/8c2ba8e0-e9af-4ad9-b142-2bf532d25fa7.__CR0,0,1464,600_PT0_SX1464_V1___.jpg\">                                                                                           Vista a Tama\u00f1o Real                                       <\/p>\n<p class=\"description aplus-p1\"> La demostraci\u00f3n visual muestra tama\u00f1o real del adaptador cuando se conecta a un ordenador port\u00e1til <\/p>\n<p>                            1 Chip Avanzado. <\/p>\n<p>                            2 Wi-Fi 6 OFDMA <\/p>\n<p>                            3 Cifrado WPA3 <\/p>\n<p>                            4 Antena PIFA Interna <\/p>\n<p>                            5 V\u00e9alo en Uso <\/p>\n<p>                                                                                                       <img decoding=\"async\" alt=\"El texto dice \u00abConsejos para la Instalaci\u00f3n del Controlador Linux\u00bb seguido de vi\u00f1etas con instrucciones de instalaci\u00f3n en espa\u00f1ol.\" src=\"https:\/\/images-na.ssl-images-amazon.com\/images\/G\/01\/x-locale\/common\/grey-pixel.gif\" class=\"a-lazy-loaded\" data-src=\"https:\/\/m.media-amazon.com\/images\/S\/aplus-media-library-service-media\/047d5060-bf7d-4776-b72d-a4c9f0ae0f98.__CR0,0,1464,600_PT0_SX1464_V1___.jpg\"><img decoding=\"async\" alt=\"El texto dice \u00abConsejos para la Instalaci\u00f3n del Controlador Linux\u00bb seguido de vi\u00f1etas con instrucciones de instalaci\u00f3n en espa\u00f1ol.\" src=\"https:\/\/m.media-amazon.com\/images\/S\/aplus-media-library-service-media\/047d5060-bf7d-4776-b72d-a4c9f0ae0f98.__CR0,0,1464,600_PT0_SX1464_V1___.jpg\">                                               <\/p>\n<h3>\n<p class=\"aplus-question aplus-p1\"> \u00bfEste adaptador WiFi USB para Linux es compatible con el kernel 6.17? <\/p>\n<\/h3>\n<p class=\"aplus-answer aplus-p2\"> S\u00ed, es compatible con kernels hasta la versi\u00f3n 6.17. La informaci\u00f3n anterior est\u00e1 sujeta a cambios sin previo aviso. <\/p>\n<h3>\n<p class=\"aplus-question aplus-p1\"> \u00bfCon qu\u00e9 sistemas operativos es compatible este adaptador WiFi USB para Linux? <\/p>\n<\/h3>\n<p class=\"aplus-answer aplus-p2\"> Funciona con la mayor\u00eda de las distribuciones de Linux derivadas de Debian. NO es compatible con Kali, Arch, Fedora, Manjaro, deepin, Pop! OS, antiX, RHEL, CentOS, openSUSE Leap, OpenWrt, Guix, Puppy, Tails, Endless OS, LibreELEC, OSMC, SteamOS. <\/p>\n<h3>\n<p class=\"aplus-question aplus-p1\"> \u00bfQu\u00e9 sistemas operativos se han probado para funcionar con este adaptador WiFi USB para Linux? <\/p>\n<\/h3>\n<p class=\"aplus-answer aplus-p2\"> Ubuntu 25.10~16.04 (todas las versiones: Kubuntu, Lubuntu, Xubuntu, MATE, GNOME, Budgie, Kylin, Studio, Unity, Cinnamon), Raspberry Pi OS 13~8, Debian 13~8, Linux Mint 22~18, LMDE 7~1, Zorin 16~11, elementary OS 6.1~0.4.1 y M\u00c1S. <\/p>\n<h3>\n<p class=\"aplus-question aplus-p1\"> \u00bfCon qu\u00e9 hardware funciona? <\/p>\n<\/h3>\n<p class=\"aplus-answer aplus-p2\"> Hardware compatible incluido: x86_64\/x86_32 (PC&#8230;), aarch64\/armhf (Raspberry Pi 2+&#8230;) <\/p>\n<h3>\n<p class=\"aplus-question aplus-p1\"> Si mi sistema operativo no aparece en la lista anterior, \u00bfc\u00f3mo puedo obtener m\u00e1s detalles? <\/p>\n<\/h3>\n<p class=\"aplus-answer aplus-p2\"> P\u00f3ngase en contacto con el equipo de asistencia de BrosTrend para obtener m\u00e1s detalles. <\/p>\n<h3 class=\"a-text-center aplus-h1 a-text-bold\"> Elija su Adaptador WiFi USB Linux Adecuado <\/h3>\n<p>                         Add To Basket  <\/p>\n<p>                         Add To Basket  <\/p>\n<p>                         Add To Basket  <\/p>\n<p>                         Add To Basket  <\/p>\n<p>                         Add To Basket  <\/p>\n<p>                         Add To Basket  <\/p>\n<p>                         Add To Basket  <\/p>\n<p>                                     Customer Reviews  <\/p>\n<p>                    4.0 out of 5 stars  76  <\/p>\n<p>                    4.3 out of 5 stars  2,127  <\/p>\n<p>                    4.2 out of 5 stars  166  <\/p>\n<p>                    4.7 out of 5 stars  208  <\/p>\n<p>                    4.3 out of 5 stars  391  <\/p>\n<p>                    4.1 out of 5 stars  1,719  <\/p>\n<p>                    4.3 out of 5 stars  2,021  <\/p>\n<p>                                     Price  <\/p>\n<p>                                                        \u20ac24.99\u20ac24.99     <\/p>\n<p>                                                        \u20ac27.99\u20ac27.99     <\/p>\n<p>                                                        \u20ac35.99\u20ac35.99     <\/p>\n<p>                                                        \u20ac39.99\u20ac39.99     <\/p>\n<p>                                                        \u20ac42.99\u20ac42.99     <\/p>\n<p>                                                        \u20ac39.99\u20ac39.99     <\/p>\n<p>                                                        \u20ac19.99\u20ac19.99     <\/p>\n<p>                                     WiFi Est\u00e1ndar  <\/p>\n<p>                                                WiFi 6, Doble Banda 802.11ax    <\/p>\n<p>                                                WiFi 5, Doble Banda 802.11ac    <\/p>\n<p>                                                WiFi 6, Doble Banda 802.11ax    <\/p>\n<p>                                                WiFi 6E, Tribanda 802.11ax    <\/p>\n<p>                                                WiFi 6, Doble Banda 802.11ax    <\/p>\n<p>                                                WiFi 5, Doble Banda 802.11ac    <\/p>\n<p>                                                WiFi 5, Doble Banda 802.11ac    <\/p>\n<p>                                     Velocidad de 6 GHz  <\/p>\n<p>                                                &#8211;    <\/p>\n<p>                                                &#8211;    <\/p>\n<p>                                                &#8211;    <\/p>\n<p>                                                6GHz 1201Mbps    <\/p>\n<p>                                                &#8211;    <\/p>\n<p>                                                &#8211;    <\/p>\n<p>                                                &#8211;    <\/p>\n<p>                                     Velocidad de 5 GHz  <\/p>\n<p>                                                5GHz 600Mbps    <\/p>\n<p>                                                5GHz 867Mbps    <\/p>\n<p>                                                5GHz 1201Mbps    <\/p>\n<p>                                                5GHz 1201Mbps    <\/p>\n<p>                                                5GHz 1201Mbps    <\/p>\n<p>                                                5GHz 867Mbps    <\/p>\n<p>                                                5GHz 433Mbps    <\/p>\n<p>                                     Velocidad de 2.4 GHz  <\/p>\n<p>                                                2.4GHz 286Mbps    <\/p>\n<p>                                                2.4GHz 300Mbps    <\/p>\n<p>                                                2.4GHz 574Mbps    <\/p>\n<p>                                                2.4GHz 574Mbps    <\/p>\n<p>                                                2.4GHz 574Mbps    <\/p>\n<p>                                                2.4GHz 300Mbps    <\/p>\n<p>                                                2.4GHz 200Mbps    <\/p>\n<p>                                     Rendimiento de Largo Alcance  <\/p>\n<p>                                                Bueno, con Beamforming    <\/p>\n<p>                                                Mejor    <\/p>\n<p>                                                Mejor, con Beamforming    <\/p>\n<p>                                                Lo Mejor, con Beamforming    <\/p>\n<p>                                                Lo mejor, con Beamforming    <\/p>\n<p>                                                Lo mejor    <\/p>\n<p>                                                Bueno    <\/p>\n<p>                                     Cantidad de Antena  <\/p>\n<p>                                                1 X Antena Interna    <\/p>\n<p>                                                2 X Antenas Internas    <\/p>\n<p>                                                2 X Antenas Internas    <\/p>\n<p>                                                2 X Antenas Externas    <\/p>\n<p>                                                2 X Antenas Externas    <\/p>\n<p>                                                2 X Antenas Externas    <\/p>\n<p>                                                1 X Antena Externa    <\/p>\n<p>                                     Tipo de Antena y Ganancia  <\/p>\n<p>                                                Interior, A Bordo, 2dBi    <\/p>\n<p>                                                Interior, A Bordo, 2dBi    <\/p>\n<p>                                                Interior, A Bordo, 2dBi    <\/p>\n<p>                                                Fijo, 3dBi    <\/p>\n<p>                                                Fijo, Alta Ganancia 5dBi    <\/p>\n<p>                                                Retirable, Alta Ganancia 5dBi    <\/p>\n<p>                                                Fijo, Alta Ganancia 5dBi    <\/p>\n<p>                                     Tipo de USB  <\/p>\n<p>                                                USB 2.0    <\/p>\n<p>                                                USB 3.0    <\/p>\n<p>                                                USB 3.0    <\/p>\n<p>                                                USB 3.0    <\/p>\n<p>                                                USB 3.0    <\/p>\n<p>                                                USB 3.0    <\/p>\n<p>                                                USB 2.0    <\/p>\n<p>                                     Extensi\u00f3n USB 3.0  <\/p>\n<p>                                                &#8211;    <\/p>\n<p>                                                &#8211;    <\/p>\n<p>                                                &#8211;    <\/p>\n<p>                                                &#8211;    <\/p>\n<p>                                                Cable de extensi\u00f3n USB de 1m    <\/p>\n<p>                                                Cable de extensi\u00f3n USB de 1.5m    <\/p>\n<p>                                                &#8211;    <\/p>\n<p>                                     Compatibilidad con Windows  <\/p>\n<p>                                                Windows 11 \/ 10 \/ 7    <\/p>\n<p>                                                Windows 11 \/ 10 \/ 8.1 \/ 8 \/ 7    <\/p>\n<p>                                                Windows 11 \/ 10    <\/p>\n<p>                                                Windows 11 \/ 10    <\/p>\n<p>                                                Windows 11 \/ 10    <\/p>\n<p>                                                Windows 11 \/ 10 \/ 8.1 \/ 8 \/ 7    <\/p>\n<p>                                                Windows 11 \/ 10 \/ 8.1 \/ 8 \/ 7    <\/p>\n<p>                                     Compatibilidad con Linux  <\/p>\n<p>                                                SO basados en Debian    <\/p>\n<p>                                                Todas las Distribuciones    <\/p>\n<p>                                                SO basados en Debian    <\/p>\n<p>                                                Todas las Distribuciones    <\/p>\n<p>                                                SO basados en Debian    <\/p>\n<p>                                                Todas las Distribuciones    <\/p>\n<p>                                                Todas las Distribuciones    <\/p>\n<p>                                     Soporte del Kernel  <\/p>\n<p>                                                Kernel \u22646.17, Driver Incluido    <\/p>\n<p>                                                Plug&amp;Play, Kernel \u22656.2    <\/p>\n<p>                                                Kernel \u22646.17, Driver Incluido    <\/p>\n<p>                                                Plug&amp;Play, Kernel \u22655.18    <\/p>\n<p>                                                Kernel \u22646.17, Driver Incluido    <\/p>\n<p>                                                Plug&amp;Play, Kernel \u22656.2    <\/p>\n<p>                                                Plug&amp;Play, Kernel \u22656.2    <\/p>\n<p> Product Dimensions                                            \u200f                                            :                                            \u200e                                            3.6 x 1.8 x 0.8 cm; 4.4 g   <br \/> Manufacturer                                            \u200f                                            :                                            \u200e                                            BrosTrend Technology LLC   <br \/> ASIN                                            \u200f                                            :                                            \u200e                                            B0F6N1H84N   <br \/> Item model number                                            \u200f                                            :                                            \u200e                                            BrosTrend AX900 Linux WiFi 6 USB Adapter   <br \/> Country\/Region of Origin                                            \u200f                                            :                                            \u200e                                            China   <br \/> Guaranteed software updates until                                            \u200f                                            :                                            \u200e                                            unknown   <br \/>  Customer reviews:                                                                                            4.0               4.0 out of 5 stars                                  (76)                                              var dpAcrHasRegisteredArcLinkClickAction;                    P.when(&#8216;A&#8217;, &#8216;ready&#8217;).execute(function(A) {                        if (dpAcrHasRegisteredArcLinkClickAction !== true) {                            dpAcrHasRegisteredArcLinkClickAction = true;                            A.declarative(                                &#8216;acrLink-click-metrics&#8217;, &#8216;click&#8217;,                                { \u00aballowLinkDefault\u00bb: true },                                function (event) {                                    if (window.ue) {                                        ue.count(\u00abacrLinkClickCount\u00bb, (ue.count(\u00abacrLinkClickCount\u00bb) || 0) + 1);                                    }                                }                            );                        }                    });                                             P.when(&#8216;A&#8217;, &#8216;cf&#8217;).execute(function(A) {                A.declarative(&#8216;acrStarsLink-click-metrics&#8217;, &#8216;click&#8217;, { \u00aballowLinkDefault\u00bb : true },  function(event){                    if(window.ue) {                        ue.count(\u00abacrStarsLinkWithPopoverClickCount\u00bb, (ue.count(\u00abacrStarsLinkWithPopoverClickCount\u00bb) || 0) + 1);                    }                });            });                          <\/p>\n<p>WiFi 6 para Linux: actualiza tu ordenador port\u00e1til o de sobremesa Linux con este AX900 mini USB WiFi 6 Linux . Cuenta con 1024-QAM, MU-MIMO y BSS Color para un rendimiento inal\u00e1mbrico m\u00e1s r\u00e1pido y estable.<br \/>Funciona con sistemas operativos basados en Debian: compatible con kernels hasta 6.17, Ubuntu 25.10-16.04 (todas las versiones), Raspberry Pi OS 13-8, Debian 13-8, Linux Mint 22-18, LMDE 7-1, Zorin OS, MX Linux, Linux Lite, elementary OS y m\u00e1s. A continuaci\u00f3n se enumeran otros sistemas operativos compatibles con este adaptador WiFi USB Linux.<br \/>Velocidades r\u00e1pidas de doble banda AX900: alcanza hasta 600 Mbps en 5 GHz o 286 Mbps en 2,4 GHz. Este WiFi 6 dongle ofrece una codificaci\u00f3n estable, videollamadas fluidas y una navegaci\u00f3n \u00e1gil para disfrutar de una experiencia Linux fiable.<br \/>Compacto y apto para dispositivos m\u00f3viles: con unas dimensiones de tan solo 3,6 \u00d7 1,8 \u00d7 0,8 cm, este mini adaptador WiFi se adapta a los dispositivos Linux sin bloquear los puertos cercanos. Discreto y f\u00e1cil de transportar, es ideal para trabajar con Linux en dispositivos m\u00f3viles y configuraciones flexibles.<br \/>WiFi m\u00e1s fiable con Beamforming: este USB WiFi adaptador es compatible con Beamforming y funciona con routers compatibles para mejorar la estabilidad de la conexi\u00f3n WiFi, lo que ayuda a mantener conexiones inal\u00e1mbricas consistentes y fiables.<br \/>Hardware compatible: x86_64\/x86_32 (PC&#8230;), aarch64\/armhf (Raspberry Pi 2+&#8230;). Viene con USB 2.0, compatible con puertos USB 3.0.<br \/>Recordatorio importante para la instalaci\u00f3n: instale el controlador Linux antes de conectar el adaptador. Se requiere conexi\u00f3n a Internet.<br \/>Distribuciones no compatibles: actualmente NO es compatible con Arch Linux, Fedora Workstation, Kali Linux, deepin, Pop! OS, antiX, Manjaro, RHEL, CentOS, openSUSE Leap, OpenWrt, Guix, Puppy, Tails, Endless OS, LibreELEC, OSMC, SteamOS.<\/p>\n\n","protected":false},"excerpt":{"rendered":"<p> Product Description The video showcases the product in use.The video guides you through product setup.The<\/p>","protected":false},"featured_media":26805,"comment_status":"open","ping_status":"closed","template":"","meta":[],"product_brand":[],"product_cat":[72],"product_tag":[889,2431,2141,2430,4152,2429,4153,2122,5142,4111,2127,2110,2116,2114,2138,215,2118,5141,3954,2112,5145,5140,133,2108,543,2104,2120,2102,537,2106,5144],"class_list":{"0":"post-26804","1":"product","2":"type-product","3":"status-publish","4":"has-post-thumbnail","6":"product_cat-wifi-sticks","7":"product_tag-2-4ghz","8":"product_tag-286mbps","9":"product_tag-5ghz","10":"product_tag-600mbps","11":"product_tag-adaptador","12":"product_tag-ax900","13":"product_tag-banda","14":"product_tag-brostrend","15":"product_tag-debian","16":"product_tag-doble","17":"product_tag-dongle","18":"product_tag-dual-band-wifi-adapter","19":"product_tag-high-speed-wifi-usb","20":"product_tag-laptop-wifi-adapter","21":"product_tag-linux","22":"product_tag-mini","23":"product_tag-mini-wifi-adapter","24":"product_tag-mint","25":"product_tag-para","26":"product_tag-pc-wifi-adapter","27":"product_tag-raspberry","28":"product_tag-ubuntu","29":"product_tag-usb","30":"product_tag-usb-wifi-dongle","31":"product_tag-wifi","32":"product_tag-wifi-stick","33":"product_tag-wifi-stick-price","34":"product_tag-wifi-usb-adapter","35":"product_tag-windows","36":"product_tag-wireless-usb-adapter","37":"product_tag-zorin","39":"first","40":"instock","41":"shipping-taxable","42":"product-type-external"},"_links":{"self":[{"href":"https:\/\/comprasyconsejos.store\/en\/wp-json\/wp\/v2\/product\/26804","targetHints":{"allow":["GET"]}}],"collection":[{"href":"https:\/\/comprasyconsejos.store\/en\/wp-json\/wp\/v2\/product"}],"about":[{"href":"https:\/\/comprasyconsejos.store\/en\/wp-json\/wp\/v2\/types\/product"}],"replies":[{"embeddable":true,"href":"https:\/\/comprasyconsejos.store\/en\/wp-json\/wp\/v2\/comments?post=26804"}],"version-history":[{"count":0,"href":"https:\/\/comprasyconsejos.store\/en\/wp-json\/wp\/v2\/product\/26804\/revisions"}],"wp:featuredmedia":[{"embeddable":true,"href":"https:\/\/comprasyconsejos.store\/en\/wp-json\/wp\/v2\/media\/26805"}],"wp:attachment":[{"href":"https:\/\/comprasyconsejos.store\/en\/wp-json\/wp\/v2\/media?parent=26804"}],"wp:term":[{"taxonomy":"product_brand","embeddable":true,"href":"https:\/\/comprasyconsejos.store\/en\/wp-json\/wp\/v2\/product_brand?post=26804"},{"taxonomy":"product_cat","embeddable":true,"href":"https:\/\/comprasyconsejos.store\/en\/wp-json\/wp\/v2\/product_cat?post=26804"},{"taxonomy":"product_tag","embeddable":true,"href":"https:\/\/comprasyconsejos.store\/en\/wp-json\/wp\/v2\/product_tag?post=26804"}],"curies":[{"name":"wp","href":"https:\/\/api.w.org\/{rel}","templated":true}]}}