{"id":26814,"date":"2026-02-20T09:03:45","date_gmt":"2026-02-20T09:03:45","guid":{"rendered":"https:\/\/comprasyconsejos.store\/product\/powerbear-hdmi-cable-4k-1m-high-speed-nylon-braided-and-gold-connectors-4k60hz-ultra-hd-2k-1080p-arc-and-cl3-rated-for-laptop-monitor-ps5-xbox-one-and-more\/"},"modified":"2026-02-20T09:03:47","modified_gmt":"2026-02-20T09:03:47","slug":"powerbear-hdmi-cable-4k-1m-high-speed-nylon-braided-and-gold-connectors-4k60hz-ultra-hd-2k-1080p-arc-and-cl3-rated-for-laptop-monitor-ps5-xbox-one-and-more","status":"publish","type":"product","link":"https:\/\/comprasyconsejos.store\/en\/product\/powerbear-hdmi-cable-4k-1m-high-speed-nylon-braided-and-gold-connectors-4k60hz-ultra-hd-2k-1080p-arc-and-cl3-rated-for-laptop-monitor-ps5-xbox-one-and-more\/","title":{"rendered":"PowerBear HDMI Cable 4K 1m | High Speed Nylon Braided and Gold Connectors | 4K@60Hz, Ultra HD, 2K, 1080P, ARC and CL3 Rated | for Laptop, Monitor, PS5, Xbox One and More"},"content":{"rendered":"<p>Price: <span style=\"color:#b12704\">\u20ac7.99<\/span><br \/><i><small>(as of Feb 20, 2026 09:03:45 UTC &#8211; <span class=\"wp_automatic_amazon_disclaimer\" title=\"Product prices and availability are accurate as of the date\/time indicated and are subject to change. Any price and availability information displayed on [relevant Amazon Site(s), as applicable] at the time of purchase will apply to the purchase of this product.\">Details<\/span>)<\/small><\/i><\/p>\n<p><a href=\"https:\/\/amazon.es\/dp\/B01LXXEXDK?tag=man008-21\"><img decoding=\"async\" src=\"https:\/\/valvepress.s3.amazonaws.com\/imgs\/buy_now.png\"><\/a><br \/>\n<\/p>\n<p>                                             Product Description   <\/p>\n<p>The video showcases the product in use.The video guides you through product setup.The video compares multiple products.The video shows the product being unpacked.<\/p>\n<p>                                                                                              <img decoding=\"async\" alt=\"1\" src=\"https:\/\/images-na.ssl-images-amazon.com\/images\/G\/01\/x-locale\/common\/grey-pixel.gif\" class=\"a-lazy-loaded\" data-src=\"https:\/\/m.media-amazon.com\/images\/S\/aplus-media-library-service-media\/0ae19d6a-817d-4905-80b2-b6a8bbb6f3aa.__CR0,0,300,225_PT0_SX300_V1___.jpg\"><img decoding=\"async\" alt=\"1\" src=\"https:\/\/m.media-amazon.com\/images\/S\/aplus-media-library-service-media\/0ae19d6a-817d-4905-80b2-b6a8bbb6f3aa.__CR0,0,300,225_PT0_SX300_V1___.jpg\">                                                                                                                 <img decoding=\"async\" alt=\"60\" src=\"https:\/\/images-na.ssl-images-amazon.com\/images\/G\/01\/x-locale\/common\/grey-pixel.gif\" class=\"a-lazy-loaded\" data-src=\"https:\/\/m.media-amazon.com\/images\/S\/aplus-media-library-service-media\/b41b36fb-3fb4-4596-b011-17a1e09e06aa.__CR0,0,300,225_PT0_SX300_V1___.jpg\"><img decoding=\"async\" alt=\"60\" src=\"https:\/\/m.media-amazon.com\/images\/S\/aplus-media-library-service-media\/b41b36fb-3fb4-4596-b011-17a1e09e06aa.__CR0,0,300,225_PT0_SX300_V1___.jpg\">                                                                                                                 <img decoding=\"async\" alt=\"48\" src=\"https:\/\/images-na.ssl-images-amazon.com\/images\/G\/01\/x-locale\/common\/grey-pixel.gif\" class=\"a-lazy-loaded\" data-src=\"https:\/\/m.media-amazon.com\/images\/S\/aplus-media-library-service-media\/4566a04e-8ed0-4fb7-a986-b60c51442315.__CR0,0,300,225_PT0_SX300_V1___.jpg\"><img decoding=\"async\" alt=\"48\" src=\"https:\/\/m.media-amazon.com\/images\/S\/aplus-media-library-service-media\/4566a04e-8ed0-4fb7-a986-b60c51442315.__CR0,0,300,225_PT0_SX300_V1___.jpg\">                                                                                                                 <img decoding=\"async\" alt=\"4K\" src=\"https:\/\/images-na.ssl-images-amazon.com\/images\/G\/01\/x-locale\/common\/grey-pixel.gif\" class=\"a-lazy-loaded\" data-src=\"https:\/\/m.media-amazon.com\/images\/S\/aplus-media-library-service-media\/04833d99-041f-4e13-9da0-27776f6b83b4.__CR0,0,300,225_PT0_SX300_V1___.jpg\"><img decoding=\"async\" alt=\"4K\" src=\"https:\/\/m.media-amazon.com\/images\/S\/aplus-media-library-service-media\/04833d99-041f-4e13-9da0-27776f6b83b4.__CR0,0,300,225_PT0_SX300_V1___.jpg\">                                                                                  <\/p>\n<p>                                                                                                                <img decoding=\"async\" alt=\"Double Braided Nylon\" src=\"https:\/\/m.media-amazon.com\/images\/S\/aplus-media-library-service-media\/19523a41-59e1-4439-b757-b1c7d60f0fd6.__CR0,0,1464,600_PT0_SX1464_V1___.jpg\">                                                                                           Nylon doblemente trenzado                                       <\/p>\n<p class=\"description aplus-p1\"> El nylon doblemente trenzado proporciona una incre\u00edble resistencia. <\/p>\n<p>                                                      <img decoding=\"async\" alt=\"1\" src=\"https:\/\/m.media-amazon.com\/images\/S\/aplus-media-library-service-media\/3953e93d-5d9e-47a3-92e8-9a2f73e1cc16.__CR0,0,1464,600_PT0_SX1464_V1___.jpg\">                                                                                           Datos de alta velocidad                                       <\/p>\n<p class=\"description aplus-p1\"> Conectores chapados en oro <\/p>\n<p>                                                      <img decoding=\"async\" alt=\"4K\" src=\"https:\/\/m.media-amazon.com\/images\/S\/aplus-media-library-service-media\/8698d933-8f14-4a09-8871-930e4f0e85cf.__CR0,0,1464,600_PT0_SX1464_V1___.jpg\">                                                                                           Resoluci\u00f3n hasta 4K                                       <\/p>\n<p class=\"description aplus-p1\"> Profundidad de color HDR n\u00edtida <\/p>\n<p>                            1 Nylon doblemente trenzado <\/p>\n<p>                            2 Datos de alta velocidad <\/p>\n<p>                            3 Resoluci\u00f3n hasta 4K <\/p>\n<h3>\n<p class=\"aplus-question aplus-p1\"> \u00bfQu\u00e9 es el 4K Ultra HD? <\/p>\n<\/h3>\n<p class=\"aplus-answer aplus-p2\"> El cable HDMI de alta velocidad 4K Ultra de PowerBear admite una transferencia de 18 Gbps y es compatible con versiones anteriores de cables HDMI (1.3\/1.4\/2.0\/2.0a). <\/p>\n<h3>\n<p class=\"aplus-question aplus-p1\"> \u00bfEste cable HDMI es compatible con pantallas de baja resoluci\u00f3n (por ejemplo, 1080p)? <\/p>\n<\/h3>\n<p class=\"aplus-answer aplus-p2\"> S\u00ed, sin importar a qu\u00e9 lo conectes, si tiene un puerto HDMI. <\/p>\n<h3>\n<p class=\"aplus-question aplus-p1\"> \u00bfEste cable admite HDCP 2.2? <\/p>\n<\/h3>\n<p class=\"aplus-answer aplus-p2\"> S\u00ed. El cable HDMI de PowerBear admite el est\u00e1ndar HDCP 2.2 4K. Si conectas este cable a un puerto HDMI 2.0 con HDCP 2.2, funcionar\u00e1. <\/p>\n<h3>\n<p class=\"aplus-question aplus-p1\"> \u00bfEste cable funciona para una TV Samsung o Roku? <\/p>\n<\/h3>\n<p class=\"aplus-answer aplus-p2\"> \u00a1S\u00ed, nuestro cable es compatible universalmente! <\/p>\n<h3>\n<p class=\"aplus-question aplus-p1\"> \u00bfEste cable admite HDR? <\/p>\n<\/h3>\n<p class=\"aplus-answer aplus-p2\"> S\u00ed. El cable HDMI Ultra HD 4K de PowerBear ofrece im\u00e1genes m\u00e1s n\u00edtidas, mientras que el Alto Rango Din\u00e1mico (HDR) proporciona colores m\u00e1s brillantes, realistas y mayor detalle. <\/p>\n<p>                                                                <img decoding=\"async\" alt=\"2\" src=\"https:\/\/images-na.ssl-images-amazon.com\/images\/G\/01\/x-locale\/common\/grey-pixel.gif\" class=\"a-lazy-loaded\" data-src=\"https:\/\/m.media-amazon.com\/images\/S\/aplus-media-library-service-media\/6b5d250e-1e28-4c75-925f-dd785a815bf4.__CR0,0,800,600_PT0_SX800_V1___.jpg\"><img decoding=\"async\" alt=\"2\" src=\"https:\/\/m.media-amazon.com\/images\/S\/aplus-media-library-service-media\/6b5d250e-1e28-4c75-925f-dd785a815bf4.__CR0,0,800,600_PT0_SX800_V1___.jpg\">                                                                          <\/p>\n<h3 class=\"aplus-h1 aplus-module-1-heading a-text-bold\"> El Cable HDMI 4K de PowerBear. <\/h3>\n<p class=\"aplus-p2 aplus-module-1-description\"> El cable HDMI de PowerBear ofrece una resoluci\u00f3n 4K a 60 Hz, adem\u00e1s de ser compatible con resoluciones 2K y 1080P. <\/p>\n<p class=\"aplus-p2 aplus-module-1-description\"> Los conectores ba\u00f1ados en oro proporcionan un ancho de banda de alta velocidad para una calidad de video y sonido sorprendentes. <\/p>\n<p class=\"aplus-p2 aplus-module-1-description\"> El nylon trenzado mantiene tus cables seguros y les otorga una vida \u00fatil prolongada. <\/p>\n<p class=\"aplus-p2 aplus-module-1-description\"> Totalmente compatible con cualquier dispositivo HDMI, como reproductores de Blu-Ray, consolas de juegos, Fire TV, Apple TV, computadoras, proyectores y m\u00e1s. <\/p>\n<h3 class=\"a-text-center aplus-h1 a-text-bold\"> Tabla de comparaci\u00f3n de cables HDMI 4K de PowerBear <\/h3>\n<p>                         Add To Basket  <\/p>\n<p>                         Add To Basket  <\/p>\n<p>                         Add To Basket  <\/p>\n<p>                         Add To Basket  <\/p>\n<p>                         Add To Basket  <\/p>\n<p>                         Add To Basket  <\/p>\n<p>                                     Customer Reviews  <\/p>\n<p>                    4.6 out of 5 stars  82,076  <\/p>\n<p>                    4.6 out of 5 stars  82,076  <\/p>\n<p>                    4.6 out of 5 stars  82,076  <\/p>\n<p>                    4.6 out of 5 stars  82,076  <\/p>\n<p>                    4.6 out of 5 stars  82,076  <\/p>\n<p>                    4.6 out of 5 stars  82,076  <\/p>\n<p>                    4.6 out of 5 stars  778  <\/p>\n<p>                                     Price  <\/p>\n<p>                                                        \u20ac7.99\u20ac7.99     <\/p>\n<p>                                                        \u20ac6.99\u20ac6.99     <\/p>\n<p>                                                        \u20ac7.29\u20ac7.29     <\/p>\n<p>                                                        \u20ac11.99\u20ac11.99     <\/p>\n<p>                                                        \u20ac14.99\u20ac14.99     <\/p>\n<p>                                                        \u20ac16.67\u20ac16.67     <\/p>\n<p>                                                        \u2014    <\/p>\n<p>                                     Longitud  <\/p>\n<p>                                                1 m    <\/p>\n<p>                                                0,3 m    <\/p>\n<p>                                                2 m(6ft)    <\/p>\n<p>                                                3 m    <\/p>\n<p>                                                5 m    <\/p>\n<p>                                                6 m    <\/p>\n<p>                                                2 m(6ft)    <\/p>\n<p>                                     Cantidad de cables  <\/p>\n<p>                                                1 paquete    <\/p>\n<p>                                                1 paquete    <\/p>\n<p>                                                1 paquete    <\/p>\n<p>                                                1 paquete    <\/p>\n<p>                                                1 paquete    <\/p>\n<p>                                                1 paquete    <\/p>\n<p>                                                1 paquete    <\/p>\n<p>                                     Conector ba\u00f1ado en oro  <\/p>\n<p>                                                    \u2714       <\/p>\n<p>                                                    \u2714       <\/p>\n<p>                                                    \u2714       <\/p>\n<p>                                                    \u2714       <\/p>\n<p>                                                    \u2714       <\/p>\n<p>                                                    \u2714       <\/p>\n<p>                                                    \u2714       <\/p>\n<p>                                     Velocidad de conexi\u00f3n  <\/p>\n<p>                                                18 Gbps    <\/p>\n<p>                                                18 Gbps    <\/p>\n<p>                                                18 Gbps    <\/p>\n<p>                                                18 Gbps    <\/p>\n<p>                                                18 Gbps    <\/p>\n<p>                                                18 Gbps    <\/p>\n<p>                                                48 Gbps    <\/p>\n<p>                                     Resoluciones compatibles  <\/p>\n<p>                                                4K UHD \/ 2K QHD \/ 1080 HD    <\/p>\n<p>                                                4K UHD \/ 2K QHD \/ 1080 HD    <\/p>\n<p>                                                4K UHD \/ 2K QHD \/ 1080 HD    <\/p>\n<p>                                                4K UHD \/ 2K QHD \/ 1080 HD    <\/p>\n<p>                                                4K UHD \/ 2K QHD \/ 1080 HD    <\/p>\n<p>                                                4K UHD \/ 2K QHD \/ 1080 HD    <\/p>\n<p>                                                8K @ 60Hz \/ 4K \/ 2K \/ 1080 HD    <\/p>\n<p>                                     Nylon trenzado  <\/p>\n<p>                                                    \u2714       <\/p>\n<p>                                                    \u2714       <\/p>\n<p>                                                    \u2714       <\/p>\n<p>                                                    \u2714       <\/p>\n<p>                                                    \u2714       <\/p>\n<p>                                                    \u2714       <\/p>\n<p>                                                    \u2714       <\/p>\n<p>                                                                                                       <img decoding=\"async\" alt=\"1\" src=\"https:\/\/images-na.ssl-images-amazon.com\/images\/G\/01\/x-locale\/common\/grey-pixel.gif\" class=\"a-lazy-loaded\" data-src=\"https:\/\/m.media-amazon.com\/images\/S\/aplus-media-library-service-media\/89a17382-2ded-47c6-b36e-4089bc670d5f.__CR0,0,1464,600_PT0_SX1464_V1___.jpg\"><img decoding=\"async\" alt=\"1\" src=\"https:\/\/m.media-amazon.com\/images\/S\/aplus-media-library-service-media\/89a17382-2ded-47c6-b36e-4089bc670d5f.__CR0,0,1464,600_PT0_SX1464_V1___.jpg\">                                               <\/p>\n<p> Package Dimensions                                            \u200f                                            :                                            \u200e                                            14.1 x 14 x 1.4 cm; 70 g   <br \/> Date First Available                                            \u200f                                            :                                            \u200e                                            5 Dec. 2019   <br \/> Manufacturer                                            \u200f                                            :                                            \u200e                                            PowerBear   <br \/> ASIN                                            \u200f                                            :                                            \u200e                                            B01LXXEXDK   <br \/> Item model number                                            \u200f                                            :                                            \u200e                                            1 m-4K-1 paquet   <br \/> Country of origin                                            \u200f                                            :                                            \u200e                                            China   <br \/>       Best Sellers Rank:  15 in HDMI Cables       <br \/>  Customer reviews:                                                                                            4.6               4.6 out of 5 stars                                  (82,076)                                              var dpAcrHasRegisteredArcLinkClickAction;                    P.when(&#8216;A&#8217;, &#8216;ready&#8217;).execute(function(A) {                        if (dpAcrHasRegisteredArcLinkClickAction !== true) {                            dpAcrHasRegisteredArcLinkClickAction = true;                            A.declarative(                                &#8216;acrLink-click-metrics&#8217;, &#8216;click&#8217;,                                { \u00aballowLinkDefault\u00bb: true },                                function (event) {                                    if (window.ue) {                                        ue.count(\u00abacrLinkClickCount\u00bb, (ue.count(\u00abacrLinkClickCount\u00bb) || 0) + 1);                                    }                                }                            );                        }                    });                                             P.when(&#8216;A&#8217;, &#8216;cf&#8217;).execute(function(A) {                A.declarative(&#8216;acrStarsLink-click-metrics&#8217;, &#8216;click&#8217;, { \u00aballowLinkDefault\u00bb : true },  function(event){                    if(window.ue) {                        ue.count(\u00abacrStarsLinkWithPopoverClickCount\u00bb, (ue.count(\u00abacrStarsLinkWithPopoverClickCount\u00bb) || 0) + 1);                    }                });            });                          <\/p>\n<p>4K HDMI Cable: HDMI male to male cable supports 4K@60Hz video, 2K, 1080P, 48bit\/px color depth HDR, TrueHD 7.1, Audio Return Channel (ARC) &#038; Ethernet<br \/>Premium HDMI Cable: This HDMI cable has 30WG copper wire, triple shielded tin in a premium double-braided nylon with corrosion-resistant gold-plated connectors for guaranteed top-notch image and sound<br \/>Full Compatibility: Ultra High Speed 4K HDMI cable supports 18Gbps transfer and is backward compatible with previous versions of HDMI cable (1.3\/1.4\/2.0\/2.0a) NOT for 8K<br \/>Universal HDMI Cable: Works with all your HDMI devices. Compatible with Blu-ray players, Fire TV, Apple TV, PS5, PS4, XBox One, Nintendo Switch, computer, laptop, monitor, projector and more. An essential HDMI cable for all your home and office devices<br \/>1 Pack 1m Cable: One 6mm thick (0.24 inch) HDMI cable<\/p>\n\n","protected":false},"excerpt":{"rendered":"<p> Product Description The video showcases the product in use.The video guides you through product setup.The<\/p>","protected":false},"featured_media":26815,"comment_status":"open","ping_status":"closed","template":"","meta":[],"product_brand":[],"product_cat":[69],"product_tag":[705,1220,4201,220,182,2047,7893,3774,2044,401,544,2052,2037,197,159,844,2054,2046,219,2049,7892,2469,1032,198,222,2050,2042,2040,1079],"class_list":{"0":"post-26814","1":"product","2":"type-product","3":"status-publish","4":"has-post-thumbnail","6":"product_cat-cables-adapters","7":"product_tag-1080p","8":"product_tag-4k60hz","9":"product_tag-arc","10":"product_tag-braided","11":"product_tag-cable","12":"product_tag-charging-cable","13":"product_tag-cl3","14":"product_tag-connectors","15":"product_tag-displayport-cable","16":"product_tag-gold","17":"product_tag-hdmi","18":"product_tag-hdmi-adapter","19":"product_tag-hdmi-cable","20":"product_tag-high","21":"product_tag-laptop","22":"product_tag-monitor","23":"product_tag-multiport-adapter","24":"product_tag-network-cable","25":"product_tag-nylon","26":"product_tag-power-cable","27":"product_tag-powerbear","28":"product_tag-ps5","29":"product_tag-rated","30":"product_tag-speed","31":"product_tag-ultra","32":"product_tag-usb-adapter","33":"product_tag-usb-c-cable","34":"product_tag-usb-cable","35":"product_tag-xbox","37":"first","38":"instock","39":"shipping-taxable","40":"product-type-external"},"_links":{"self":[{"href":"https:\/\/comprasyconsejos.store\/en\/wp-json\/wp\/v2\/product\/26814","targetHints":{"allow":["GET"]}}],"collection":[{"href":"https:\/\/comprasyconsejos.store\/en\/wp-json\/wp\/v2\/product"}],"about":[{"href":"https:\/\/comprasyconsejos.store\/en\/wp-json\/wp\/v2\/types\/product"}],"replies":[{"embeddable":true,"href":"https:\/\/comprasyconsejos.store\/en\/wp-json\/wp\/v2\/comments?post=26814"}],"version-history":[{"count":0,"href":"https:\/\/comprasyconsejos.store\/en\/wp-json\/wp\/v2\/product\/26814\/revisions"}],"wp:featuredmedia":[{"embeddable":true,"href":"https:\/\/comprasyconsejos.store\/en\/wp-json\/wp\/v2\/media\/26815"}],"wp:attachment":[{"href":"https:\/\/comprasyconsejos.store\/en\/wp-json\/wp\/v2\/media?parent=26814"}],"wp:term":[{"taxonomy":"product_brand","embeddable":true,"href":"https:\/\/comprasyconsejos.store\/en\/wp-json\/wp\/v2\/product_brand?post=26814"},{"taxonomy":"product_cat","embeddable":true,"href":"https:\/\/comprasyconsejos.store\/en\/wp-json\/wp\/v2\/product_cat?post=26814"},{"taxonomy":"product_tag","embeddable":true,"href":"https:\/\/comprasyconsejos.store\/en\/wp-json\/wp\/v2\/product_tag?post=26814"}],"curies":[{"name":"wp","href":"https:\/\/api.w.org\/{rel}","templated":true}]}}