{"id":26832,"date":"2026-02-20T09:24:11","date_gmt":"2026-02-20T09:24:11","guid":{"rendered":"https:\/\/comprasyconsejos.store\/product\/be-quiet-pure-rock-pro-3-black-air-cooler-impressively-high-cooling-capacity-6-high-performance-heat-pipes-2-pure-wings-3-120mm-pwm-optimized-fans\/"},"modified":"2026-02-20T09:24:19","modified_gmt":"2026-02-20T09:24:19","slug":"be-quiet-pure-rock-pro-3-black-air-cooler-impressively-high-cooling-capacity-6-high-performance-heat-pipes-2-pure-wings-3-120mm-pwm-optimized-fans","status":"publish","type":"product","link":"https:\/\/comprasyconsejos.store\/en\/product\/be-quiet-pure-rock-pro-3-black-air-cooler-impressively-high-cooling-capacity-6-high-performance-heat-pipes-2-pure-wings-3-120mm-pwm-optimized-fans\/","title":{"rendered":"be quiet! Pure Rock Pro 3 Black Air Cooler, Impressively High Cooling Capacity, 6 High Performance Heat Pipes, 2 Pure Wings 3 120mm PWM Optimized Fans"},"content":{"rendered":"<p>Price: <span style=\"color:#b12704\"><del>\u20ac69.90<\/del> - \u20ac53.55<\/span><br \/><i><small>(as of Feb 20, 2026 09:24:11 UTC &#8211; <span class=\"wp_automatic_amazon_disclaimer\" title=\"Product prices and availability are accurate as of the date\/time indicated and are subject to change. Any price and availability information displayed on [relevant Amazon Site(s), as applicable] at the time of purchase will apply to the purchase of this product.\">Details<\/span>)<\/small><\/i><\/p>\n<p><a href=\"https:\/\/amazon.es\/dp\/B0DWZF7K1Y?tag=man008-21\"><img decoding=\"async\" src=\"https:\/\/valvepress.s3.amazonaws.com\/imgs\/buy_now.png\"><\/a><br \/>\n<\/p>\n<p>                                             From the brand   <\/p>\n<p>                                              <img decoding=\"async\" alt=\"\" src=\"https:\/\/images-na.ssl-images-amazon.com\/images\/G\/01\/x-locale\/common\/grey-pixel.gif\" class=\"a-lazy-loaded\" data-src=\"https:\/\/m.media-amazon.com\/images\/S\/aplus-media-library-service-media\/fb1dc7e4-7ce2-4eea-a790-5700edb552c5.__CR0,0,2928,1250_PT0_SX1464_V1___.png\"><img decoding=\"async\" alt=\"\" src=\"https:\/\/m.media-amazon.com\/images\/S\/aplus-media-library-service-media\/fb1dc7e4-7ce2-4eea-a790-5700edb552c5.__CR0,0,2928,1250_PT0_SX1464_V1___.png\">  <\/p>\n<p>                                              <img decoding=\"async\" alt=\"El texto dice: \u00ab\u00a1Bienvenidos a be quiet!\u00bb seguido de un texto en espa\u00f1ol que describe be quiet! como fabricante alem\u00e1n premium de componentes de hardware silenciosos desde 2001, especializado en perif\u00e9ricos para juegos y estaciones de trabajo.\" src=\"https:\/\/images-na.ssl-images-amazon.com\/images\/G\/01\/x-locale\/common\/grey-pixel.gif\" class=\"a-lazy-loaded\" data-src=\"https:\/\/m.media-amazon.com\/images\/S\/aplus-media-library-service-media\/ab2ebdea-c828-430f-8f4d-a45ed0b03db4.__CR0,0,724,906_PT0_SX362_V1___.png\"><img decoding=\"async\" alt=\"El texto dice: \u00ab\u00a1Bienvenidos a be quiet!\u00bb seguido de un texto en espa\u00f1ol que describe be quiet! como fabricante alem\u00e1n premium de componentes de hardware silenciosos desde 2001, especializado en perif\u00e9ricos para juegos y estaciones de trabajo.\" src=\"https:\/\/m.media-amazon.com\/images\/S\/aplus-media-library-service-media\/ab2ebdea-c828-430f-8f4d-a45ed0b03db4.__CR0,0,724,906_PT0_SX362_V1___.png\">  <\/p>\n<p>                                              <img decoding=\"async\" alt=\"Decantador de cristal con forma de caballo desde un \u00e1ngulo lateral, que presenta intrincados detalles de vidrio y contenido de color \u00e1mbar.\" src=\"https:\/\/images-na.ssl-images-amazon.com\/images\/G\/01\/x-locale\/common\/grey-pixel.gif\" class=\"a-lazy-loaded\" data-src=\"https:\/\/m.media-amazon.com\/images\/S\/aplus-media-library-service-media\/373057ee-8630-44be-85cf-577aa625e25c.__CR0,0,724,906_PT0_SX362_V1___.png\"><img decoding=\"async\" alt=\"Decantador de cristal con forma de caballo desde un \u00e1ngulo lateral, que presenta intrincados detalles de vidrio y contenido de color \u00e1mbar.\" src=\"https:\/\/m.media-amazon.com\/images\/S\/aplus-media-library-service-media\/373057ee-8630-44be-85cf-577aa625e25c.__CR0,0,724,906_PT0_SX362_V1___.png\">  <\/p>\n<h3> Gaming Componentes silenciosos <\/h3>\n<p class=\"apm-brand-story-stores-link\">\n<p>                                              <img decoding=\"async\" alt=\"El texto dice \u00abDESARROLLADO EN ALEMANIA\u00bb. Varias carcasas o torres de ordenadores se muestran con efectos de iluminaci\u00f3n RGB y una est\u00e9tica de juego en un entorno oscuro.\" src=\"https:\/\/images-na.ssl-images-amazon.com\/images\/G\/01\/x-locale\/common\/grey-pixel.gif\" class=\"a-lazy-loaded\" data-src=\"https:\/\/m.media-amazon.com\/images\/S\/aplus-media-library-service-media\/b1a27ce2-1ed7-45ef-9a4d-9bef5f7d4c19.__CR0,23,463,579_PT0_SX362_V1___.jpg\"><img decoding=\"async\" alt=\"El texto dice \u00abDESARROLLADO EN ALEMANIA\u00bb. Varias carcasas o torres de ordenadores se muestran con efectos de iluminaci\u00f3n RGB y una est\u00e9tica de juego en un entorno oscuro.\" src=\"https:\/\/m.media-amazon.com\/images\/S\/aplus-media-library-service-media\/b1a27ce2-1ed7-45ef-9a4d-9bef5f7d4c19.__CR0,23,463,579_PT0_SX362_V1___.jpg\">  <\/p>\n<h3> Gaming Componentes silenciosos <\/h3>\n<p class=\"apm-brand-story-stores-link\">\n<p>                                              <img decoding=\"async\" alt=\"El texto dice \u00ab\u00a1S\u00e9 silencioso, la revoluci\u00f3n de los juegos!\u00bb Foto del producto que muestra teclados y ratones para videojuegos sobre un fondo oscuro con iluminaci\u00f3n de acento naranja.\" src=\"https:\/\/images-na.ssl-images-amazon.com\/images\/G\/01\/x-locale\/common\/grey-pixel.gif\" class=\"a-lazy-loaded\" data-src=\"https:\/\/m.media-amazon.com\/images\/S\/aplus-media-library-service-media\/a6e26ffa-3643-481a-a609-f683636c2aed.__CR0,23,463,579_PT0_SX362_V1___.jpg\"><img decoding=\"async\" alt=\"El texto dice \u00ab\u00a1S\u00e9 silencioso, la revoluci\u00f3n de los juegos!\u00bb Foto del producto que muestra teclados y ratones para videojuegos sobre un fondo oscuro con iluminaci\u00f3n de acento naranja.\" src=\"https:\/\/m.media-amazon.com\/images\/S\/aplus-media-library-service-media\/a6e26ffa-3643-481a-a609-f683636c2aed.__CR0,23,463,579_PT0_SX362_V1___.jpg\">  <\/p>\n<p>                                              <img decoding=\"async\" alt=\"aplus content image\" src=\"https:\/\/images-na.ssl-images-amazon.com\/images\/G\/01\/x-locale\/common\/grey-pixel.gif\" class=\"a-lazy-loaded\" data-src=\"https:\/\/m.media-amazon.com\/images\/S\/aplus-media-library-service-media\/f02ea32a-7387-4c6d-ae63-38bbcd88dae5.__CR0,23,463,579_PT0_SX362_V1___.jpg\"><img decoding=\"async\" alt=\"aplus content image\" src=\"https:\/\/m.media-amazon.com\/images\/S\/aplus-media-library-service-media\/f02ea32a-7387-4c6d-ae63-38bbcd88dae5.__CR0,23,463,579_PT0_SX362_V1___.jpg\">  <\/p>\n<p>                                              <img decoding=\"async\" alt=\"El texto dice \u00abKERAMIKKLINGE\u00bb. Im\u00e1genes en primer plano de la hoja de un cuchillo de cer\u00e1mica blanca mostradas desde varios \u00e1ngulos sobre un fondo texturizado de color beige.\" src=\"https:\/\/images-na.ssl-images-amazon.com\/images\/G\/01\/x-locale\/common\/grey-pixel.gif\" class=\"a-lazy-loaded\" data-src=\"https:\/\/m.media-amazon.com\/images\/S\/aplus-media-library-service-media\/da3529c2-6c0a-4793-b160-1379bdfd5979.__CR0,23,463,579_PT0_SX362_V1___.jpg\"><img decoding=\"async\" alt=\"El texto dice \u00abKERAMIKKLINGE\u00bb. Im\u00e1genes en primer plano de la hoja de un cuchillo de cer\u00e1mica blanca mostradas desde varios \u00e1ngulos sobre un fondo texturizado de color beige.\" src=\"https:\/\/m.media-amazon.com\/images\/S\/aplus-media-library-service-media\/da3529c2-6c0a-4793-b160-1379bdfd5979.__CR0,23,463,579_PT0_SX362_V1___.jpg\">  <\/p>\n<p>                                              <img decoding=\"async\" alt=\"Interfaz o pantalla oscura y de aspecto t\u00e9cnico con elementos azules brillantes y patrones de l\u00edneas geom\u00e9tricas.\" src=\"https:\/\/images-na.ssl-images-amazon.com\/images\/G\/01\/x-locale\/common\/grey-pixel.gif\" class=\"a-lazy-loaded\" data-src=\"https:\/\/m.media-amazon.com\/images\/S\/aplus-media-library-service-media\/20879721-8f12-42b6-8a58-304a868101ee.__CR0,23,463,579_PT0_SX362_V1___.jpg\"><img decoding=\"async\" alt=\"Interfaz o pantalla oscura y de aspecto t\u00e9cnico con elementos azules brillantes y patrones de l\u00edneas geom\u00e9tricas.\" src=\"https:\/\/m.media-amazon.com\/images\/S\/aplus-media-library-service-media\/20879721-8f12-42b6-8a58-304a868101ee.__CR0,23,463,579_PT0_SX362_V1___.jpg\">  <\/p>\n<p>                                              <img decoding=\"async\" alt=\"aplus content image\" src=\"https:\/\/images-na.ssl-images-amazon.com\/images\/G\/01\/x-locale\/common\/grey-pixel.gif\" class=\"a-lazy-loaded\" data-src=\"https:\/\/m.media-amazon.com\/images\/S\/aplus-media-library-service-media\/d68cb44a-d302-42a7-9a49-3c5dd15c44f0.__CR0,23,463,579_PT0_SX362_V1___.jpg\"><img decoding=\"async\" alt=\"aplus content image\" src=\"https:\/\/m.media-amazon.com\/images\/S\/aplus-media-library-service-media\/d68cb44a-d302-42a7-9a49-3c5dd15c44f0.__CR0,23,463,579_PT0_SX362_V1___.jpg\">  <\/p>\n<p>                                              <img decoding=\"async\" alt=\"El texto dice \u00abConstruye tu PC silencioso ideal\u00bb. La imagen del producto muestra los componentes RGB de un PC, incluida una carcasa negra para ordenador con ventiladores LED tipo arco\u00edris, una fuente de alimentaci\u00f3n y ventiladores de refrigeraci\u00f3n adicionales con iluminaci\u00f3n RGB.\" src=\"https:\/\/images-na.ssl-images-amazon.com\/images\/G\/01\/x-locale\/common\/grey-pixel.gif\" class=\"a-lazy-loaded\" data-src=\"https:\/\/m.media-amazon.com\/images\/S\/aplus-media-library-service-media\/084b83c7-c9e8-42f9-8f0d-1fa60f26df86.__CR0,0,724,906_PT0_SX362_V1___.png\"><img decoding=\"async\" alt=\"El texto dice \u00abConstruye tu PC silencioso ideal\u00bb. La imagen del producto muestra los componentes RGB de un PC, incluida una carcasa negra para ordenador con ventiladores LED tipo arco\u00edris, una fuente de alimentaci\u00f3n y ventiladores de refrigeraci\u00f3n adicionales con iluminaci\u00f3n RGB.\" src=\"https:\/\/m.media-amazon.com\/images\/S\/aplus-media-library-service-media\/084b83c7-c9e8-42f9-8f0d-1fa60f26df86.__CR0,0,724,906_PT0_SX362_V1___.png\">  <\/p>\n<p> Product Dimensions                                            \u200f                                            :                                            \u200e                                            13.89 x 12.4 x 15.49 cm; 1.4 kg   <br \/> Manufacturer                                            \u200f                                            :                                            \u200e                                            be quiet!   <br \/> ASIN                                            \u200f                                            :                                            \u200e                                            B0DWZF7K1Y   <br \/> Item model number                                            \u200f                                            :                                            \u200e                                            BK042   <br \/> Guaranteed software updates until                                            \u200f                                            :                                            \u200e                                            unknown   <br \/>  Customer reviews:                                                                                            4.6               4.6 out of 5 stars                                  (2,046)                                              var dpAcrHasRegisteredArcLinkClickAction;                    P.when(&#8216;A&#8217;, &#8216;ready&#8217;).execute(function(A) {                        if (dpAcrHasRegisteredArcLinkClickAction !== true) {                            dpAcrHasRegisteredArcLinkClickAction = true;                            A.declarative(                                &#8216;acrLink-click-metrics&#8217;, &#8216;click&#8217;,                                { \u00aballowLinkDefault\u00bb: true },                                function (event) {                                    if (window.ue) {                                        ue.count(\u00abacrLinkClickCount\u00bb, (ue.count(\u00abacrLinkClickCount\u00bb) || 0) + 1);                                    }                                }                            );                        }                    });                                             P.when(&#8216;A&#8217;, &#8216;cf&#8217;).execute(function(A) {                A.declarative(&#8216;acrStarsLink-click-metrics&#8217;, &#8216;click&#8217;, { \u00aballowLinkDefault\u00bb : true },  function(event){                    if(window.ue) {                        ue.count(\u00abacrStarsLinkWithPopoverClickCount\u00bb, (ue.count(\u00abacrStarsLinkWithPopoverClickCount\u00bb) || 0) + 1);                    }                });            });                          <\/p>\n<p>The Pure Rock Pro 3 Black features 6 high-performance copper heat pipes with nickel-plated base. As a result, this high-end cooler always keeps your CPU at peak performance, even on overclocked systems and demanding workstations.<br \/>The Pure Wings 3 120mm PWM fans and the Pure Rock Pro 3 Black are a perfect combination. Fan features optimized blades for maximum performance. The angles are adjusted for even more air pressure, adding to the extraordinary performance. A specially designed funnel-shaped air outlet maximizes airflow over the fins.<br \/>Despite being a dual-tower cooler, the compact design of the Pure Rock Pro 3 Black significantly increases compatibility with RAM and VRM coolers. The height of the front fan can be adjusted if necessary.<br \/>Installation is easier than ever with the Pure Rock Pro 3 Black. Its mounting kit is self-explanatory and easy to use, making docking the cooler a walk. Users of an AMD AM5 CPU can benefit from offset mounting to center the foundation on their CPU hot spots.<br \/>Powerful. Strong. Unshakable. The Pure Rock Pro 3 Black makes a statement not only in performance, but also in design. We make sure the cooler leaves a lasting impression on your PC. Despite its striking appearance, its lines are understated, perfectly combining power and elegance.<\/p>\n\n","protected":false},"excerpt":{"rendered":"<p> From the brand Gaming Componentes silenciosos Gaming Componentes silenciosos Product Dimensions \u200f : \u200e 13.89<\/p>","protected":false},"featured_media":26833,"comment_status":"open","ping_status":"closed","template":"","meta":[],"product_brand":[],"product_cat":[66],"product_tag":[1381,216,2008,2010,307,2700,1668,989,2002,2014,1997,2016,1378,1123,197,7900,2006,5963,1551,2022,163,1999,2568,2023,769,2012,2004,3152,2886],"class_list":{"0":"post-26832","1":"product","2":"type-product","3":"status-publish","4":"has-post-thumbnail","6":"product_cat-cpu-fan","7":"product_tag-120mm","8":"product_tag-air","9":"product_tag-amd-cpu-cooler","10":"product_tag-best-cpu-fan","11":"product_tag-black","12":"product_tag-capacity","13":"product_tag-cooler","14":"product_tag-cooling","15":"product_tag-cpu-air-cooler","16":"product_tag-cpu-cooling-fan","17":"product_tag-cpu-fan","18":"product_tag-cpu-fan-price","19":"product_tag-fans","20":"product_tag-heat","21":"product_tag-high","22":"product_tag-impressively","23":"product_tag-intel-cpu-fan","24":"product_tag-optimized","25":"product_tag-performance","26":"product_tag-pipes","27":"product_tag-pro","28":"product_tag-processor-fan","29":"product_tag-pure","30":"product_tag-pwm","31":"product_tag-quiet","32":"product_tag-quiet-cpu-cooler","33":"product_tag-rgb-cpu-cooler","34":"product_tag-rock","35":"product_tag-wings","37":"first","38":"instock","39":"sale","40":"shipping-taxable","41":"product-type-external"},"_links":{"self":[{"href":"https:\/\/comprasyconsejos.store\/en\/wp-json\/wp\/v2\/product\/26832","targetHints":{"allow":["GET"]}}],"collection":[{"href":"https:\/\/comprasyconsejos.store\/en\/wp-json\/wp\/v2\/product"}],"about":[{"href":"https:\/\/comprasyconsejos.store\/en\/wp-json\/wp\/v2\/types\/product"}],"replies":[{"embeddable":true,"href":"https:\/\/comprasyconsejos.store\/en\/wp-json\/wp\/v2\/comments?post=26832"}],"version-history":[{"count":0,"href":"https:\/\/comprasyconsejos.store\/en\/wp-json\/wp\/v2\/product\/26832\/revisions"}],"wp:featuredmedia":[{"embeddable":true,"href":"https:\/\/comprasyconsejos.store\/en\/wp-json\/wp\/v2\/media\/26833"}],"wp:attachment":[{"href":"https:\/\/comprasyconsejos.store\/en\/wp-json\/wp\/v2\/media?parent=26832"}],"wp:term":[{"taxonomy":"product_brand","embeddable":true,"href":"https:\/\/comprasyconsejos.store\/en\/wp-json\/wp\/v2\/product_brand?post=26832"},{"taxonomy":"product_cat","embeddable":true,"href":"https:\/\/comprasyconsejos.store\/en\/wp-json\/wp\/v2\/product_cat?post=26832"},{"taxonomy":"product_tag","embeddable":true,"href":"https:\/\/comprasyconsejos.store\/en\/wp-json\/wp\/v2\/product_tag?post=26832"}],"curies":[{"name":"wp","href":"https:\/\/api.w.org\/{rel}","templated":true}]}}