{"id":26871,"date":"2026-02-20T09:54:08","date_gmt":"2026-02-20T09:54:08","guid":{"rendered":"https:\/\/comprasyconsejos.store\/product\/pantum-m6500nw-multifunction-laser-printer-monochrome-printer-scanner-copier-wlan-airprint-a4-black-and-white-printer-22ppm\/"},"modified":"2026-02-20T09:54:14","modified_gmt":"2026-02-20T09:54:14","slug":"pantum-m6500nw-multifunction-laser-printer-monochrome-printer-scanner-copier-wlan-airprint-a4-black-and-white-printer-22ppm","status":"publish","type":"product","link":"https:\/\/comprasyconsejos.store\/en\/product\/pantum-m6500nw-multifunction-laser-printer-monochrome-printer-scanner-copier-wlan-airprint-a4-black-and-white-printer-22ppm\/","title":{"rendered":"PANTUM M6500NW Multifunction Laser Printer, Monochrome Printer, Scanner, Copier (WLAN, Airprint, A4, Black and White Printer) 22PPM"},"content":{"rendered":"<p>Price: <span style=\"color:#b12704\">\u20ac149.90<\/span><br \/><i><small>(as of Feb 20, 2026 09:54:08 UTC &#8211; <span class=\"wp_automatic_amazon_disclaimer\" title=\"Product prices and availability are accurate as of the date\/time indicated and are subject to change. Any price and availability information displayed on [relevant Amazon Site(s), as applicable] at the time of purchase will apply to the purchase of this product.\">Details<\/span>)<\/small><\/i><\/p>\n<p><a href=\"https:\/\/amazon.es\/dp\/B0B5Q2LCY7?tag=man008-21\"><img decoding=\"async\" src=\"https:\/\/valvepress.s3.amazonaws.com\/imgs\/buy_now.png\"><\/a><br \/>\n<\/p>\n<p>                                             From the brand   <\/p>\n<p>                                              <img decoding=\"async\" alt=\"\" src=\"https:\/\/images-na.ssl-images-amazon.com\/images\/G\/01\/x-locale\/common\/grey-pixel.gif\" class=\"a-lazy-loaded\" data-src=\"https:\/\/m.media-amazon.com\/images\/S\/aplus-media-library-service-media\/afc88212-d108-4feb-9627-dd77aa133cde.__CR0,0,1464,625_PT0_SX1464_V1___.jpg\"><img decoding=\"async\" alt=\"\" src=\"https:\/\/m.media-amazon.com\/images\/S\/aplus-media-library-service-media\/afc88212-d108-4feb-9627-dd77aa133cde.__CR0,0,1464,625_PT0_SX1464_V1___.jpg\">  <\/p>\n<h3> El deseo de PANTUM <\/h3>\n<p> En PANTUM, para nosotros, el medio ambiente nunca es una ocurrencia tard\u00eda. <\/p>\n<p> Estamos comprometidos a ayudarlo a tomar decisiones ambientales m\u00e1s inteligentes. <\/p>\n<p>                                              <img decoding=\"async\" alt=\"\" src=\"https:\/\/images-na.ssl-images-amazon.com\/images\/G\/01\/x-locale\/common\/grey-pixel.gif\" class=\"a-lazy-loaded\" data-src=\"https:\/\/m.media-amazon.com\/images\/S\/aplus-media-library-service-media\/473a8c73-32a3-45cd-af46-cdcc44573df1.__CR1267,617,1233,1543_PT0_SX362_V1___.jpg\"><img decoding=\"async\" alt=\"\" src=\"https:\/\/m.media-amazon.com\/images\/S\/aplus-media-library-service-media\/473a8c73-32a3-45cd-af46-cdcc44573df1.__CR1267,617,1233,1543_PT0_SX362_V1___.jpg\">  <\/p>\n<h3> L\u00cdNEA DE PRODUCTOS COMPLETA <\/h3>\n<p> Singe-function to Multi-function <\/p>\n<p> Mono to Color <\/p>\n<p> Hardware to Printing Solutions <\/p>\n<h3> B\/N Simplicidad Bluetooth&amp;WI-FI <\/h3>\n<p class=\"apm-brand-story-stores-link\">\n<h3> Impresi\u00f3n r\u00e1pida a doble cara B\/N <\/h3>\n<p class=\"apm-brand-story-stores-link\">\n<h3> Color Impresi\u00f3n a doble cara WIFI <\/h3>\n<p class=\"apm-brand-story-stores-link\">\n<p>                                              <img decoding=\"async\" alt=\"\" src=\"https:\/\/images-na.ssl-images-amazon.com\/images\/G\/01\/x-locale\/common\/grey-pixel.gif\" class=\"a-lazy-loaded\" data-src=\"https:\/\/m.media-amazon.com\/images\/S\/aplus-media-library-service-media\/3fe203b6-0f9e-4797-8d49-52eb4c24da70.__CR848,0,1303,600_PT0_SX315_V1___.jpg\"><img decoding=\"async\" alt=\"\" src=\"https:\/\/m.media-amazon.com\/images\/S\/aplus-media-library-service-media\/3fe203b6-0f9e-4797-8d49-52eb4c24da70.__CR848,0,1303,600_PT0_SX315_V1___.jpg\">  <\/p>\n<p> Pantum es una empresa internacional que dise\u00f1a, fabrica y vende impresoras l\u00e1ser y cartuchos de t\u00f3ner fabricados en China. <\/p>\n<p> Las impresoras l\u00e1ser de la marca Pantum cuentan con tecnolog\u00edas b\u00e1sicas avanzadas y amplios sistemas de patentes desarrollados de forma aut\u00f3noma. <\/p>\n<p> La empresa se ha fijado el objetivo de ofrecer a los usuariossoluciones de impresi\u00f3n confiables, asequibles y de ahorro energ\u00e9tico. <\/p>\n<p> Product Dimensions                                            \u200f                                            :                                            \u200e                                            22 x 33.7 x 17.9 cm; 4.8 kg   <br \/> Manufacturer                                            \u200f                                            :                                            \u200e                                            PANTUM   <br \/> ASIN                                            \u200f                                            :                                            \u200e                                            B0B5Q2LCY7   <br \/> Item model number                                            \u200f                                            :                                            \u200e                                            M6500NW   <br \/> Country\/Region of Origin                                            \u200f                                            :                                            \u200e                                            China   <br \/> Guaranteed software updates until                                            \u200f                                            :                                            \u200e                                            unknown   <br \/>  Customer reviews:                                                                                            4.4               4.4 out of 5 stars                                  (1,191)                                              var dpAcrHasRegisteredArcLinkClickAction;                    P.when(&#8216;A&#8217;, &#8216;ready&#8217;).execute(function(A) {                        if (dpAcrHasRegisteredArcLinkClickAction !== true) {                            dpAcrHasRegisteredArcLinkClickAction = true;                            A.declarative(                                &#8216;acrLink-click-metrics&#8217;, &#8216;click&#8217;,                                { \u00aballowLinkDefault\u00bb: true },                                function (event) {                                    if (window.ue) {                                        ue.count(\u00abacrLinkClickCount\u00bb, (ue.count(\u00abacrLinkClickCount\u00bb) || 0) + 1);                                    }                                }                            );                        }                    });                                             P.when(&#8216;A&#8217;, &#8216;cf&#8217;).execute(function(A) {                A.declarative(&#8216;acrStarsLink-click-metrics&#8217;, &#8216;click&#8217;, { \u00aballowLinkDefault\u00bb : true },  function(event){                    if(window.ue) {                        ue.count(\u00abacrStarsLinkWithPopoverClickCount\u00bb, (ue.count(\u00abacrStarsLinkWithPopoverClickCount\u00bb) || 0) + 1);                    }                });            });                          <\/p>\n<p>Wireless 3-in-1 allows you to print, copy, scan and double-sided print manually. Its black and white print speed is up to 20 pages per minute and is also equipped with USB 2.0, WI-FI and Bluetooth connectivity, ideal for home printing, corporate office, etc.<br \/>Wireless printing: print wirelessly from desktops, laptops, smartphones and tablets; connect to your device using WI-FI, Pantum APP, AirPrint and Mopria to print documents directly. Note: WI-FI only supports 2.4G.<br \/>Toner &#8211; PANTUM M6500NW laser printer is compatible with PANTUM PA-210 original toner cartridges (1600 pages). Professional toner technology to reduce environmental damage. Standard one year warranty from date of purchase.<br \/>Includes &#8211; Includes 700-page initial toner cartridge (5% coverage according to ISO\/IEC 19752), USB cable, power cable, driver installation disk, and user manual. Standard two-year warranty from date of purchase.<br \/>Printing &#8211; Start-up speed less than 7.8 seconds, laser, manual, resolution up to 1200x1200dpi, print A4, A5, A6 normal paper, envelopes, postcards, labels and custom sizes from 60 to 163 g\/m\u00b2.<\/p>\n\n","protected":false},"excerpt":{"rendered":"<p> From the brand El deseo de PANTUM En PANTUM, para nosotros, el medio ambiente nunca<\/p>","protected":false},"featured_media":26872,"comment_status":"open","ping_status":"closed","template":"","meta":[],"product_brand":[],"product_cat":[59],"product_tag":[7906,5527,1946,1954,307,2149,1951,1953,1978,7905,1977,2189,1948,1950,5525,1962,1955,1949,840,205,1952,1947,4782],"class_list":{"0":"post-26871","1":"product","2":"type-product","3":"status-publish","4":"has-post-thumbnail","6":"product_cat-printers-all-in-one","7":"product_tag-22ppm","8":"product_tag-airprint","9":"product_tag-all-in-one-printer","10":"product_tag-best-all-in-one-printer","11":"product_tag-black","12":"product_tag-copier","13":"product_tag-home-printer","14":"product_tag-ink-tank-printer","15":"product_tag-laser","16":"product_tag-m6500nw","17":"product_tag-monochrome","18":"product_tag-multifunction","19":"product_tag-multifunction-printer","20":"product_tag-office-printer","21":"product_tag-pantum","22":"product_tag-printer","23":"product_tag-printer-price","24":"product_tag-printer-scanner-copier","25":"product_tag-scanner","26":"product_tag-white","27":"product_tag-wifi-printer","28":"product_tag-wireless-printer","29":"product_tag-wlan","31":"first","32":"instock","33":"shipping-taxable","34":"product-type-external"},"_links":{"self":[{"href":"https:\/\/comprasyconsejos.store\/en\/wp-json\/wp\/v2\/product\/26871","targetHints":{"allow":["GET"]}}],"collection":[{"href":"https:\/\/comprasyconsejos.store\/en\/wp-json\/wp\/v2\/product"}],"about":[{"href":"https:\/\/comprasyconsejos.store\/en\/wp-json\/wp\/v2\/types\/product"}],"replies":[{"embeddable":true,"href":"https:\/\/comprasyconsejos.store\/en\/wp-json\/wp\/v2\/comments?post=26871"}],"version-history":[{"count":0,"href":"https:\/\/comprasyconsejos.store\/en\/wp-json\/wp\/v2\/product\/26871\/revisions"}],"wp:featuredmedia":[{"embeddable":true,"href":"https:\/\/comprasyconsejos.store\/en\/wp-json\/wp\/v2\/media\/26872"}],"wp:attachment":[{"href":"https:\/\/comprasyconsejos.store\/en\/wp-json\/wp\/v2\/media?parent=26871"}],"wp:term":[{"taxonomy":"product_brand","embeddable":true,"href":"https:\/\/comprasyconsejos.store\/en\/wp-json\/wp\/v2\/product_brand?post=26871"},{"taxonomy":"product_cat","embeddable":true,"href":"https:\/\/comprasyconsejos.store\/en\/wp-json\/wp\/v2\/product_cat?post=26871"},{"taxonomy":"product_tag","embeddable":true,"href":"https:\/\/comprasyconsejos.store\/en\/wp-json\/wp\/v2\/product_tag?post=26871"}],"curies":[{"name":"wp","href":"https:\/\/api.w.org\/{rel}","templated":true}]}}