{"id":26902,"date":"2026-02-20T10:11:15","date_gmt":"2026-02-20T10:11:15","guid":{"rendered":"https:\/\/comprasyconsejos.store\/product\/titan-army-240hz-1440p-gaming-monitor-24-5-inch-qhd-2560-x-1440-fast-ips-1ms-gtg-adaptive-sync-monitor-hdr500-123-srgb-adjustable-support-100100-vesa-hdmi-2-0-displayport-1-4-p2510s-plus\/"},"modified":"2026-02-20T10:11:21","modified_gmt":"2026-02-20T10:11:21","slug":"titan-army-240hz-1440p-gaming-monitor-24-5-inch-qhd-2560-x-1440-fast-ips-1ms-gtg-adaptive-sync-monitor-hdr500-123-srgb-adjustable-support-100100-vesa-hdmi-2-0-displayport-1-4-p2510s-plus","status":"publish","type":"product","link":"https:\/\/comprasyconsejos.store\/en\/product\/titan-army-240hz-1440p-gaming-monitor-24-5-inch-qhd-2560-x-1440-fast-ips-1ms-gtg-adaptive-sync-monitor-hdr500-123-srgb-adjustable-support-100100-vesa-hdmi-2-0-displayport-1-4-p2510s-plus\/","title":{"rendered":"TITAN ARMY 240Hz 1440P Gaming Monitor 24.5 Inch, QHD 2560 x 1440, Fast IPS 1ms GTG, Adaptive Sync Monitor, HDR500, 123% sRGB, Adjustable Support, 100*100 VESA, HDMI 2.0 DisplayPort 1.4 P2510S PLUS"},"content":{"rendered":"<p>Price: <span style=\"color:#b12704\"><del>\u20ac299.99<\/del> - \u20ac179.99<\/span><br \/><i><small>(as of Feb 20, 2026 10:11:15 UTC &#8211; <span class=\"wp_automatic_amazon_disclaimer\" title=\"Product prices and availability are accurate as of the date\/time indicated and are subject to change. Any price and availability information displayed on [relevant Amazon Site(s), as applicable] at the time of purchase will apply to the purchase of this product.\">Details<\/span>)<\/small><\/i><\/p>\n<p><a href=\"https:\/\/amazon.es\/dp\/B0F1XPJ5N8?tag=man008-21\"><img decoding=\"async\" src=\"https:\/\/valvepress.s3.amazonaws.com\/imgs\/buy_now.png\"><\/a><br \/>\n<\/p>\n<p>                                             From the brand   <\/p>\n<p>                                              <img decoding=\"async\" alt=\"El texto dice \u00abTITAN ARMY\u00bb. Imagen de marketing que muestra la pantalla de una nave espacial o espacial sobre un fondo espacial estrellado con una estrella central brillante\" src=\"https:\/\/images-na.ssl-images-amazon.com\/images\/G\/01\/x-locale\/common\/grey-pixel.gif\" class=\"a-lazy-loaded\" data-src=\"https:\/\/m.media-amazon.com\/images\/S\/aplus-media-library-service-media\/cb0692f6-c23e-40be-892a-8f5d825faf15.__CR0,0,1464,625_PT0_SX1464_V1___.png\"><img decoding=\"async\" alt=\"El texto dice \u00abTITAN ARMY\u00bb. Imagen de marketing que muestra la pantalla de una nave espacial o espacial sobre un fondo espacial estrellado con una estrella central brillante\" src=\"https:\/\/m.media-amazon.com\/images\/S\/aplus-media-library-service-media\/cb0692f6-c23e-40be-892a-8f5d825faf15.__CR0,0,1464,625_PT0_SX1464_V1___.png\">  <\/p>\n<h3> TITAN ARMY Gaming Monitor <\/h3>\n<h3> TITAN ARMY Gaming Monitor <\/h3>\n<p>                                              <img decoding=\"async\" alt=\"Texto: \u00abTITAN ARMY\u00bb. Material de marca corporativa que muestra papeler\u00eda roja y blanca con logotipos de premios de dise\u00f1o (iF y Red Dot) sobre fondo gris claro.\" src=\"https:\/\/images-na.ssl-images-amazon.com\/images\/G\/01\/x-locale\/common\/grey-pixel.gif\" class=\"a-lazy-loaded\" data-src=\"https:\/\/m.media-amazon.com\/images\/S\/aplus-media-library-service-media\/55f14898-74e7-4faf-b1c4-451806333eca.__CR0,0,362,453_PT0_SX362_V1___.jpg\"><img decoding=\"async\" alt=\"Texto: \u00abTITAN ARMY\u00bb. Material de marca corporativa que muestra papeler\u00eda roja y blanca con logotipos de premios de dise\u00f1o (iF y Red Dot) sobre fondo gris claro.\" src=\"https:\/\/m.media-amazon.com\/images\/S\/aplus-media-library-service-media\/55f14898-74e7-4faf-b1c4-451806333eca.__CR0,0,362,453_PT0_SX362_V1___.jpg\">  <\/p>\n<p>                                              <img decoding=\"async\" alt=\"Caracter\u00edsticas del servicio sobre fondo azul: \u00ab24 horas de respuesta r\u00e1pida en 24 horas\u00bb, \u00abPol\u00edtica de devoluci\u00f3n incondicional de 30 d\u00edas\u00bb, \u00ab12 meses de garant\u00eda de calidad\u00bb, \u00abservicio postventa y soporte t\u00e9cnico de por vida\u00bb.\" src=\"https:\/\/images-na.ssl-images-amazon.com\/images\/G\/01\/x-locale\/common\/grey-pixel.gif\" class=\"a-lazy-loaded\" data-src=\"https:\/\/m.media-amazon.com\/images\/S\/aplus-media-library-service-media\/b16d74fe-7850-4914-92d2-936efe132f02.__CR0,0,362,453_PT0_SX362_V1___.png\"><img decoding=\"async\" alt=\"Caracter\u00edsticas del servicio sobre fondo azul: \u00ab24 horas de respuesta r\u00e1pida en 24 horas\u00bb, \u00abPol\u00edtica de devoluci\u00f3n incondicional de 30 d\u00edas\u00bb, \u00ab12 meses de garant\u00eda de calidad\u00bb, \u00abservicio postventa y soporte t\u00e9cnico de por vida\u00bb.\" src=\"https:\/\/m.media-amazon.com\/images\/S\/aplus-media-library-service-media\/b16d74fe-7850-4914-92d2-936efe132f02.__CR0,0,362,453_PT0_SX362_V1___.png\">  <\/p>\n<p> Product Dimensions                                            \u200f                                            :                                            \u200e                                            55.77 x 22.88 x 49.51 cm; 5.75 kg   <br \/> Manufacturer                                            \u200f                                            :                                            \u200e                                            TITAN ARMY   <br \/> ASIN                                            \u200f                                            :                                            \u200e                                            B0F1XPJ5N8   <br \/> Item model number                                            \u200f                                            :                                            \u200e                                            P2510S PLUS   <br \/> Guaranteed software updates until                                            \u200f                                            :                                            \u200e                                            unknown   <br \/>  Customer reviews:                                                                                            4.5               4.5 out of 5 stars                                  (177)                                              var dpAcrHasRegisteredArcLinkClickAction;                    P.when(&#8216;A&#8217;, &#8216;ready&#8217;).execute(function(A) {                        if (dpAcrHasRegisteredArcLinkClickAction !== true) {                            dpAcrHasRegisteredArcLinkClickAction = true;                            A.declarative(                                &#8216;acrLink-click-metrics&#8217;, &#8216;click&#8217;,                                { \u00aballowLinkDefault\u00bb: true },                                function (event) {                                    if (window.ue) {                                        ue.count(\u00abacrLinkClickCount\u00bb, (ue.count(\u00abacrLinkClickCount\u00bb) || 0) + 1);                                    }                                }                            );                        }                    });                                             P.when(&#8216;A&#8217;, &#8216;cf&#8217;).execute(function(A) {                A.declarative(&#8216;acrStarsLink-click-metrics&#8217;, &#8216;click&#8217;, { \u00aballowLinkDefault\u00bb : true },  function(event){                    if(window.ue) {                        ue.count(\u00abacrStarsLinkWithPopoverClickCount\u00bb, (ue.count(\u00abacrStarsLinkWithPopoverClickCount\u00bb) || 0) + 1);                    }                });            });                          <\/p>\n<p>\u3010Ultra-fast Gaming Performance\u3011Equipped with a 24.5-inch FAST IPS panel, the P2510S PLUS offers a 240Hz refresh rate and an ultra-sensitive GTG response time of 1ms. The high refresh rate ensures smooth gameplay, while the fast response time eliminates motion blur, making it ideal for fast-paced competitive gaming. Whether you&#8217;re aiming precisely at FPS titles or reacting quickly in MOBA, this monitor keeps you ahead of the competition.<br \/>\u3010High Resolution &#038; Exceptional Color Accuracy\u3011The P2510S PLUS offers 2K QHD resolution (2560\u00d71440) with a pixel density of 120 PPI, providing crisp detail and crystal clear visuals. It covers 95% of the DCI-P3 gamut and reaches 123% of the sRGB color volume, ensuring vibrant, true-to-life colors. Factory calibrated with \u0394E<2 precision, ensures consistent and accurate color reproduction for both gaming and professional applications.<br \/>\u3010Professional-quality HDR500 images\u3011Experience enhanced realism with HDR500, which delivers a maximum brightness of 500 nits to enhance contrast and enrich light and shadow details. The P2510S PLUS includes several HDR modes (HDR Auto, HDR Gaming and HDR Cinema) that optimize images for different content. Whether gaming or watching movies, HDR ensures deeper blacks, brighter lights, and a more immersive visual experience.<br \/>\u3010Game+ Technology for Enhanced Gaming Advantage\u3011Designed for competitive games, the P2510S PLUS incorporates Game+ technology. Adaptive-Sync eliminates screen tearing and stuttering, while dynamic OD adjustment maintains a 1ms response time at different frame rates. Other game tools, such as night vision mode, dark balance, and customizable reticles, help you spot your enemies faster and stay in control.<br \/>\u3010Comfortable Viewing &#038; Ergonomic Design\u3011The P2510S PLUS, T\u00dcV certified for its low blue light level, reduces eye fatigue thanks to DC dimming technology. Its fully adjustable ergonomic stand offers height, tilt, swivel and pivot adjustments for a comfortable viewing experience whether gaming or working. It also supports VESA 100\u00d7100 mounting for flexible installation.<br \/>\u3010Multi-tasking and Custom Display Modes\u3011Thanks to the support of dual PIP\/PBP display, you can view content from two sources simultaneously. The monitor also features 12 preset viewing modes, such as FPS, RTS, sRGB and Movie Mode, ensuring optimized performance for every task.<\/p>\n\n","protected":false},"excerpt":{"rendered":"<p> From the brand TITAN ARMY Gaming Monitor TITAN ARMY Gaming Monitor Product Dimensions \u200f :<\/p>","protected":false},"featured_media":26903,"comment_status":"open","ping_status":"closed","template":"","meta":[],"product_brand":[],"product_cat":[52,54],"product_tag":[1295,1817,1822,1918,1298,1819,1821,1816,1824,247,876,7916,1823,1825,1099,137,617,6067,544,7917,584,703,1820,844,7918,1243,1818,1313,1098,200,6068,2342],"class_list":{"0":"post-26902","1":"product","2":"type-product","3":"status-publish","4":"has-post-thumbnail","6":"product_cat-2k-monitors","7":"product_cat-curved-monitors","8":"product_tag-1440p","9":"product_tag-1440p-monitor","10":"product_tag-144hz-2k-monitor","11":"product_tag-1ms","12":"product_tag-240hz","13":"product_tag-27-inch-2k-monitor","14":"product_tag-2k-gaming-monitor","15":"product_tag-2k-monitor","16":"product_tag-2k-monitor-price","17":"product_tag-adaptive","18":"product_tag-adjustable","19":"product_tag-army","20":"product_tag-best-2k-monitor","21":"product_tag-curved-2k-monitor","22":"product_tag-displayport","23":"product_tag-fast","24":"product_tag-gaming","25":"product_tag-gtg","26":"product_tag-hdmi","27":"product_tag-hdr500","28":"product_tag-inch","29":"product_tag-ips","30":"product_tag-ips-2k-monitor","31":"product_tag-monitor","32":"product_tag-p2510s","33":"product_tag-qhd","34":"product_tag-qhd-monitor","35":"product_tag-srgb","36":"product_tag-support","37":"product_tag-sync","38":"product_tag-titan","39":"product_tag-vesa","41":"first","42":"instock","43":"sale","44":"shipping-taxable","45":"product-type-external"},"_links":{"self":[{"href":"https:\/\/comprasyconsejos.store\/en\/wp-json\/wp\/v2\/product\/26902","targetHints":{"allow":["GET"]}}],"collection":[{"href":"https:\/\/comprasyconsejos.store\/en\/wp-json\/wp\/v2\/product"}],"about":[{"href":"https:\/\/comprasyconsejos.store\/en\/wp-json\/wp\/v2\/types\/product"}],"replies":[{"embeddable":true,"href":"https:\/\/comprasyconsejos.store\/en\/wp-json\/wp\/v2\/comments?post=26902"}],"version-history":[{"count":0,"href":"https:\/\/comprasyconsejos.store\/en\/wp-json\/wp\/v2\/product\/26902\/revisions"}],"wp:featuredmedia":[{"embeddable":true,"href":"https:\/\/comprasyconsejos.store\/en\/wp-json\/wp\/v2\/media\/26903"}],"wp:attachment":[{"href":"https:\/\/comprasyconsejos.store\/en\/wp-json\/wp\/v2\/media?parent=26902"}],"wp:term":[{"taxonomy":"product_brand","embeddable":true,"href":"https:\/\/comprasyconsejos.store\/en\/wp-json\/wp\/v2\/product_brand?post=26902"},{"taxonomy":"product_cat","embeddable":true,"href":"https:\/\/comprasyconsejos.store\/en\/wp-json\/wp\/v2\/product_cat?post=26902"},{"taxonomy":"product_tag","embeddable":true,"href":"https:\/\/comprasyconsejos.store\/en\/wp-json\/wp\/v2\/product_tag?post=26902"}],"curies":[{"name":"wp","href":"https:\/\/api.w.org\/{rel}","templated":true}]}}