{"id":26911,"date":"2026-02-20T10:13:41","date_gmt":"2026-02-20T10:13:41","guid":{"rendered":"https:\/\/comprasyconsejos.store\/product\/levoit-cordless-vacuum-cleaner-4-in-1-vacuum-cleaner-broom-with-anti-skid-technology-3-modes-and-up-to-50min-99-9-filtration-lightweight-and-led-light-powerful-for-pet-hair-dust-hard-floors\/"},"modified":"2026-02-20T10:13:45","modified_gmt":"2026-02-20T10:13:45","slug":"levoit-cordless-vacuum-cleaner-4-in-1-vacuum-cleaner-broom-with-anti-skid-technology-3-modes-and-up-to-50min-99-9-filtration-lightweight-and-led-light-powerful-for-pet-hair-dust-hard-floors","status":"publish","type":"product","link":"https:\/\/comprasyconsejos.store\/en\/product\/levoit-cordless-vacuum-cleaner-4-in-1-vacuum-cleaner-broom-with-anti-skid-technology-3-modes-and-up-to-50min-99-9-filtration-lightweight-and-led-light-powerful-for-pet-hair-dust-hard-floors\/","title":{"rendered":"LEVOIT Cordless Vacuum Cleaner, 4 in 1 Vacuum Cleaner Broom with Anti-Skid Technology, 3 Modes and up to 50min, 99.9% Filtration, Lightweight and LED Light, Powerful for Pet Hair, Dust, Hard Floors"},"content":{"rendered":"<p>Price: <span style=\"color:#b12704\"><del>\u20ac159.99<\/del> - \u20ac129.99<\/span><br \/><i><small>(as of Feb 20, 2026 10:13:41 UTC &#8211; <span class=\"wp_automatic_amazon_disclaimer\" title=\"Product prices and availability are accurate as of the date\/time indicated and are subject to change. Any price and availability information displayed on [relevant Amazon Site(s), as applicable] at the time of purchase will apply to the purchase of this product.\">Details<\/span>)<\/small><\/i><\/p>\n<p><a href=\"https:\/\/amazon.es\/dp\/B0DHZKVPD9?tag=man008-21\"><img decoding=\"async\" src=\"https:\/\/valvepress.s3.amazonaws.com\/imgs\/buy_now.png\"><\/a><br \/>\n<\/p>\n<p>                                             From the brand   <\/p>\n<p>                                              <img decoding=\"async\" alt=\"aplus content image\" src=\"https:\/\/images-na.ssl-images-amazon.com\/images\/G\/01\/x-locale\/common\/grey-pixel.gif\" class=\"a-lazy-loaded\" data-src=\"https:\/\/m.media-amazon.com\/images\/S\/aplus-media-library-service-media\/ff9adae2-112a-44a9-ba54-74f29a212cb9.__CR0,0,1464,625_PT0_SX1464_V1___.jpg\"><img decoding=\"async\" alt=\"aplus content image\" src=\"https:\/\/m.media-amazon.com\/images\/S\/aplus-media-library-service-media\/ff9adae2-112a-44a9-ba54-74f29a212cb9.__CR0,0,1464,625_PT0_SX1464_V1___.jpg\">  <\/p>\n<p>                                              <img decoding=\"async\" alt=\"aplus content image\" src=\"https:\/\/images-na.ssl-images-amazon.com\/images\/G\/01\/x-locale\/common\/grey-pixel.gif\" class=\"a-lazy-loaded\" data-src=\"https:\/\/m.media-amazon.com\/images\/S\/aplus-media-library-service-media\/6cf68239-083a-4472-ac77-6e4594399aa9.__CR0,0,1508,1887_PT0_SX362_V1___.jpg\"><img decoding=\"async\" alt=\"aplus content image\" src=\"https:\/\/m.media-amazon.com\/images\/S\/aplus-media-library-service-media\/6cf68239-083a-4472-ac77-6e4594399aa9.__CR0,0,1508,1887_PT0_SX362_V1___.jpg\">  <\/p>\n<h3> LEVOIT Hace Tu Vida Mejor <\/h3>\n<p class=\"apm-brand-story-stores-link\">\n<p>                                              <img decoding=\"async\" alt=\"aplus content image\" src=\"https:\/\/images-na.ssl-images-amazon.com\/images\/G\/01\/x-locale\/common\/grey-pixel.gif\" class=\"a-lazy-loaded\" data-src=\"https:\/\/m.media-amazon.com\/images\/S\/aplus-media-library-service-media\/d23698a9-2e50-47e3-aa7d-ae4b95dbff67.__CR0,0,1508,1887_PT0_SX362_V1___.jpg\"><img decoding=\"async\" alt=\"aplus content image\" src=\"https:\/\/m.media-amazon.com\/images\/S\/aplus-media-library-service-media\/d23698a9-2e50-47e3-aa7d-ae4b95dbff67.__CR0,0,1508,1887_PT0_SX362_V1___.jpg\">  <\/p>\n<h3> LEVOIT Hace Tu Vida Mejor <\/h3>\n<p class=\"apm-brand-story-stores-link\">\n<p>                                              <img decoding=\"async\" alt=\"\" src=\"https:\/\/images-na.ssl-images-amazon.com\/images\/G\/01\/x-locale\/common\/grey-pixel.gif\" class=\"a-lazy-loaded\" data-src=\"https:\/\/m.media-amazon.com\/images\/S\/aplus-media-library-service-media\/eff2ce52-195f-45b9-a6ec-edc27ed1703d.__CR0,0,315,145_PT0_SX315_V1___.jpg\"><img decoding=\"async\" alt=\"\" src=\"https:\/\/m.media-amazon.com\/images\/S\/aplus-media-library-service-media\/eff2ce52-195f-45b9-a6ec-edc27ed1703d.__CR0,0,315,145_PT0_SX315_V1___.jpg\">  <\/p>\n<p> Levoit transforma los espacios cotidianos en santuarios de bienestar, priorizando tu bienestar desde el suelo que pisas hasta el aire que respiras. <\/p>\n<p> Adoptamos un enfoque personal hacia el bienestar, desafiando los est\u00e1ndares de talla \u00fanica para ofrecer una experiencia personalizada respaldada por electrodom\u00e9sticos de primera calidad. <\/p>\n<p> Batteries                                            \u200f                                            :                                            \u200e                                            1 Lithium Ion batteries required. (included)   <br \/> Product Dimensions                                            \u200f                                            :                                            \u200e                                            110 x 19.5 x 25 cm; 2.79 kg   <br \/> Date First Available                                            \u200f                                            :                                            \u200e                                            5 Oct. 2024   <br \/> Manufacturer                                            \u200f                                            :                                            \u200e                                            LEVOIT   <br \/> ASIN                                            \u200f                                            :                                            \u200e                                            B0DHZKVPD9   <br \/> Item model number                                            \u200f                                            :                                            \u200e                                            LVAC-200-WEU   <br \/> Country of origin                                            \u200f                                            :                                            \u200e                                            China   <br \/>       Best Sellers Rank:  10,012 in Home &#038; Kitchen (See Top 100 in Home &#038; Kitchen)    61 in Stick Vacuums &#038; Electric Brooms      <br \/>  Customer reviews:                                                                                            4.6               4.6 out of 5 stars                                  (14,139)                                              var dpAcrHasRegisteredArcLinkClickAction;                    P.when(&#8216;A&#8217;, &#8216;ready&#8217;).execute(function(A) {                        if (dpAcrHasRegisteredArcLinkClickAction !== true) {                            dpAcrHasRegisteredArcLinkClickAction = true;                            A.declarative(                                &#8216;acrLink-click-metrics&#8217;, &#8216;click&#8217;,                                { \u00aballowLinkDefault\u00bb: true },                                function (event) {                                    if (window.ue) {                                        ue.count(\u00abacrLinkClickCount\u00bb, (ue.count(\u00abacrLinkClickCount\u00bb) || 0) + 1);                                    }                                }                            );                        }                    });                                             P.when(&#8216;A&#8217;, &#8216;cf&#8217;).execute(function(A) {                A.declarative(&#8216;acrStarsLink-click-metrics&#8217;, &#8216;click&#8217;, { \u00aballowLinkDefault\u00bb : true },  function(event){                    if(window.ue) {                        ue.count(\u00abacrStarsLinkWithPopoverClickCount\u00bb, (ue.count(\u00abacrStarsLinkWithPopoverClickCount\u00bb) || 0) + 1);                    }                });            });                          <\/p>\n<p>\u3010Anti-shedding Technology, Fast and Effective Cleaning\u3011The exclusive 2-in-1 roller, which integrates rubber and fabric strips, removes long hair and pet hair without tangles, long hair tangle rate<0.44%, ensuring a hands-free experience (TUV certified). \u3010Note: The LVAC-200 does not stand up\u3011<br \/>\u3010Long Lasting, Less Interruptions\u3011 The vacuum cleaner with removable battery that takes only 3-4 hours to recharge, offering 3 modes for 12-50 minutes. 12 min in Turbo mode, 20 min in medium mode and 30-50 min in Eco mode (50 min with nozzles for crevices and pet hair, 30 min with nozzle for floors).<br \/>\u3010Strong Suction Power\u3011Thanks to the brushless motor with a speed of 100,000 rpm, the vacuum cleaner sucks the waste into the container at once, does not clog the tube, and maintains good suction power for a long time. Cleaning performance for hard floors 99% (TUV Certified)<br \/>\u3010Special for Pet Owners\u3011Hair everywhere? Pet hair brush cleans pet hair on furniture, 5-stage filtration system captures 99.9% of particles down to 0.3 microns to achieve cleaner emissions. (Based on EN 60312-1:2017), suitable for pet owners and allergy sufferers<br \/>Lightweight and practical LED lighting: the vacuum cleaner weighs only 2.8 kg, making it easy to use. 3 powerful LED lights on the front of the main brush illuminate debris even in the darkest corners, and the body extends 180\u00b0, making it easy to get to the bottom of homes and kitchens!<br \/>\u3010Full Vacuum &#038; Low Maintenance\u3011 The more axial design of the container makes it easier to empty than traditional containers. 98% separation efficiency means you don&#8217;t need to clean the filter as often.<br \/>\u3010Multifunctional Vacuum Cleaner\u3011Equipped with 2-in-1 attachments for all cleaning needs, from floors to furniture and decorations. LEVOIT combines versatility and convenience to simplify your cleaning routine.<br \/>\u30103-Year Warranty\u3011LEVOIT offers 3 years warranty for the engine and 2 years lifetime after-sales service. For any questions, please contact our team at support.es@levoit.com. We&#8217;re here to help you<br \/>\u3010Package Contents\u3011Package Include:1 x Main Vacuum,1 x Long Pole,1 x Short Pole,1 x Suction Head,1 x 2 in 1 Groove Cleaning Tool,1 x Pet Hair Cleaning Tool,1 x Wall Mount,2 x Screws,2 x Wall Bracket,1 x Charger,1 x Filter,1 x User Manual.<\/p>\n\n","protected":false},"excerpt":{"rendered":"<p> From the brand LEVOIT Hace Tu Vida Mejor LEVOIT Hace Tu Vida Mejor Levoit transforma<\/p>","protected":false},"featured_media":26912,"comment_status":"open","ping_status":"closed","template":"","meta":[],"product_brand":[],"product_cat":[82],"product_tag":[7921,1838,7920,4561,2493,772,1473,3648,7922,7012,794,1839,1830,1833,1831,428,7919,248,956,1836,1083,4354,2545,1835,1832,385,2492,1837,1834],"class_list":{"0":"post-26911","1":"product","2":"type-product","3":"status-publish","4":"has-post-thumbnail","6":"product_cat-home-appliance","7":"product_tag-50min","8":"product_tag-air-conditioners","9":"product_tag-antiskid","10":"product_tag-broom","11":"product_tag-cleaner","12":"product_tag-cordless","13":"product_tag-dust","14":"product_tag-filtration","15":"product_tag-floors","16":"product_tag-hair","17":"product_tag-hard","18":"product_tag-home-appliance-deals","19":"product_tag-home-appliances","20":"product_tag-home-electronics","21":"product_tag-kitchen-appliances","22":"product_tag-led","23":"product_tag-levoit","24":"product_tag-light","25":"product_tag-lightweight","26":"product_tag-microwave-ovens","27":"product_tag-modes","28":"product_tag-pet","29":"product_tag-powerful","30":"product_tag-refrigerators","31":"product_tag-small-home-appliances","32":"product_tag-technology","33":"product_tag-vacuum","34":"product_tag-vacuum-cleaners","35":"product_tag-washing-machines","37":"first","38":"instock","39":"sale","40":"shipping-taxable","41":"product-type-external"},"_links":{"self":[{"href":"https:\/\/comprasyconsejos.store\/en\/wp-json\/wp\/v2\/product\/26911","targetHints":{"allow":["GET"]}}],"collection":[{"href":"https:\/\/comprasyconsejos.store\/en\/wp-json\/wp\/v2\/product"}],"about":[{"href":"https:\/\/comprasyconsejos.store\/en\/wp-json\/wp\/v2\/types\/product"}],"replies":[{"embeddable":true,"href":"https:\/\/comprasyconsejos.store\/en\/wp-json\/wp\/v2\/comments?post=26911"}],"version-history":[{"count":0,"href":"https:\/\/comprasyconsejos.store\/en\/wp-json\/wp\/v2\/product\/26911\/revisions"}],"wp:featuredmedia":[{"embeddable":true,"href":"https:\/\/comprasyconsejos.store\/en\/wp-json\/wp\/v2\/media\/26912"}],"wp:attachment":[{"href":"https:\/\/comprasyconsejos.store\/en\/wp-json\/wp\/v2\/media?parent=26911"}],"wp:term":[{"taxonomy":"product_brand","embeddable":true,"href":"https:\/\/comprasyconsejos.store\/en\/wp-json\/wp\/v2\/product_brand?post=26911"},{"taxonomy":"product_cat","embeddable":true,"href":"https:\/\/comprasyconsejos.store\/en\/wp-json\/wp\/v2\/product_cat?post=26911"},{"taxonomy":"product_tag","embeddable":true,"href":"https:\/\/comprasyconsejos.store\/en\/wp-json\/wp\/v2\/product_tag?post=26911"}],"curies":[{"name":"wp","href":"https:\/\/api.w.org\/{rel}","templated":true}]}}