{"id":26944,"date":"2026-02-20T10:33:43","date_gmt":"2026-02-20T10:33:43","guid":{"rendered":"https:\/\/comprasyconsejos.store\/product\/dogfish-ssd-60gb-sata3-2-5-inch-built-in-7mm-high-speed-state-drive-60gb\/"},"modified":"2026-02-20T10:33:44","modified_gmt":"2026-02-20T10:33:44","slug":"dogfish-ssd-60gb-sata3-2-5-inch-built-in-7mm-high-speed-state-drive-60gb","status":"publish","type":"product","link":"https:\/\/comprasyconsejos.store\/en\/product\/dogfish-ssd-60gb-sata3-2-5-inch-built-in-7mm-high-speed-state-drive-60gb\/","title":{"rendered":"Dogfish SSD 60GB SATA3 2.5 Inch Built-in 7MM High Speed State Drive (60GB)"},"content":{"rendered":"<p>Price: <span style=\"color:#b12704\">\u20ac31.00<\/span><br \/><i><small>(as of Feb 20, 2026 10:33:43 UTC &#8211; <span class=\"wp_automatic_amazon_disclaimer\" title=\"Product prices and availability are accurate as of the date\/time indicated and are subject to change. Any price and availability information displayed on [relevant Amazon Site(s), as applicable] at the time of purchase will apply to the purchase of this product.\">Details<\/span>)<\/small><\/i><\/p>\n<p><a href=\"https:\/\/amazon.es\/dp\/B07D3LW9R7?tag=man008-21\"><img decoding=\"async\" src=\"https:\/\/valvepress.s3.amazonaws.com\/imgs\/buy_now.png\"><\/a><br \/>\n<br \/>\n    <br \/><span>\u3010Sobre nosotros\u3011: <\/span><\/p>\n<p><span>Establecido en 2005, Dogfish se especializa en bancos de TI y discos SSD. Nuestra amplia gama de asociaciones incluye empresas de renombre mundial. Ofrecemos productos de buena calidad a precios competitivos. Conf\u00eda en nosotros y le recompensamos con la experiencia m\u00e1s agradable al comprar nuestro producto de alto rendimiento y servicios de primera clase. <\/span><\/p>\n<p><span>\u3010Detalles de velocidad\u3011: <\/span><\/p>\n<p><span>60 GB de lectura 400 MB\/s de escritura 180 MB\/s <\/span><br \/><span>120 GB de lectura 500 MB\/s de escritura 420 MB\/s <\/span><br \/><span>240 GB de lectura 550 MB\/s de escritura 450 MB\/s <\/span><br \/><span>500 GB de lectura 570 MB\/s de escritura 500 MB\/s <\/span><br \/><span>1 TB de lectura 580 MB\/s de escritura 530 MB\/s <\/span><\/p>\n<p><span>\u3010Nota: <\/span><\/p>\n<p><span>Cuanto mayor sea la capacidad de la SSD. Los datos anteriores tambi\u00e9n est\u00e1n relacionados con otros dispositivos de hardware de la computadora. Si las configuraciones de otros materiales son altas, la velocidad ser\u00e1 m\u00e1s r\u00e1pida. Pero si las configuraciones son bajas, la velocidad ser\u00e1 m\u00e1s lenta. <\/span><\/p>\n<p><span>\u3010Consejos: <\/span><\/p>\n<p><span>Todos nuestros discos duros s\u00f3lidos no transportan datos. Le sugerimos que descargue la versi\u00f3n pura del sistema para instalar desde el sitio web oficial, para evitar la intrusi\u00f3n de virus debido a una instalaci\u00f3n incorrecta. <\/span><\/p>\n<p> Is discontinued by manufacturer                                            \u200f                                            :                                            \u200e                                            No   <br \/> Product Dimensions                                            \u200f                                            :                                            \u200e                                            10 x 7 x 0.7 cm; 10 g   <br \/> Manufacturer                                            \u200f                                            :                                            \u200e                                            Dogfish   <br \/> ASIN                                            \u200f                                            :                                            \u200e                                            B07D3LW9R7   <br \/> Item model number                                            \u200f                                            :                                            \u200e                                            dogfish ssd   <br \/> Country of origin                                            \u200f                                            :                                            \u200e                                            China   <br \/> Guaranteed software updates until                                            \u200f                                            :                                            \u200e                                            unknown   <br \/>  Customer reviews:                                                                                            4.4               4.4 out of 5 stars                                  (1,604)                                              var dpAcrHasRegisteredArcLinkClickAction;                    P.when(&#8216;A&#8217;, &#8216;ready&#8217;).execute(function(A) {                        if (dpAcrHasRegisteredArcLinkClickAction !== true) {                            dpAcrHasRegisteredArcLinkClickAction = true;                            A.declarative(                                &#8216;acrLink-click-metrics&#8217;, &#8216;click&#8217;,                                { \u00aballowLinkDefault\u00bb: true },                                function (event) {                                    if (window.ue) {                                        ue.count(\u00abacrLinkClickCount\u00bb, (ue.count(\u00abacrLinkClickCount\u00bb) || 0) + 1);                                    }                                }                            );                        }                    });                                             P.when(&#8216;A&#8217;, &#8216;cf&#8217;).execute(function(A) {                A.declarative(&#8216;acrStarsLink-click-metrics&#8217;, &#8216;click&#8217;, { \u00aballowLinkDefault\u00bb : true },  function(event){                    if(window.ue) {                        ue.count(\u00abacrStarsLinkWithPopoverClickCount\u00bb, (ue.count(\u00abacrStarsLinkWithPopoverClickCount\u00bb) || 0) + 1);                    }                });            });                          <\/p>\n<p>If you use our ssd product on your computer, you will find that it is very fast. For example, it takes less than ten seconds to complete startup and display the desktop. And it takes half a minute to start a 3D game, but now it only takes several seconds.<br \/>Fewer trouble &#8211; computer malfunction is quite annoying, isn&#8217;t it? Dogfish SSD supports faulty block management, TRIM command, garbage collection technology and S.M.A.R.T. Monitoring system and ECC (error checking and correction) technology can provide optimized performance and increased security in data transmission.<br \/>Data security: You don&#8217;t have to worry about your data. Our ssd product adopts original flash memory chip and has passed compatibility and reliability tests. Our ssd product possesses an industrial average time to failure (MTTF) of 1.75M and various error correction technologies, which can achieve long-lasting reliability.<br \/>Three-year warranty: If there is any problem with the problem within three years of the date of purchase, we will replace a new one for free.<br \/>ECONOMICAL: You will find our SSD products perform excellently. And they are cheaper than most other similar products, because we have been producing this product for more than ten years. Meanwhile, we will continue to improve our products.<\/p>\n\n","protected":false},"excerpt":{"rendered":"<p> \u3010Sobre nosotros\u3011: Establecido en 2005, Dogfish se especializa en bancos de TI y discos SSD.<\/p>","protected":false},"featured_media":26945,"comment_status":"open","ping_status":"closed","template":"","meta":[],"product_brand":[],"product_cat":[81],"product_tag":[1455,1457,7936,1725,1468,1567,7935,795,1461,197,584,1459,1452,1465,1463,7665,198,513,1466,813],"class_list":{"0":"post-26944","1":"product","2":"type-product","3":"status-publish","4":"has-post-thumbnail","6":"product_cat-ssd-drive","7":"product_tag-1tb-ssd","8":"product_tag-512gb-ssd","9":"product_tag-60gb","10":"product_tag-7mm","11":"product_tag-best-ssd","12":"product_tag-builtin","13":"product_tag-dogfish","14":"product_tag-drive","15":"product_tag-gaming-ssd","16":"product_tag-high","17":"product_tag-inch","18":"product_tag-m-2-ssd","19":"product_tag-nvme-ssd","20":"product_tag-portable-ssd","21":"product_tag-sata-ssd","22":"product_tag-sata3","23":"product_tag-speed","24":"product_tag-ssd","25":"product_tag-ssd-price","26":"product_tag-state","28":"first","29":"instock","30":"shipping-taxable","31":"product-type-external"},"_links":{"self":[{"href":"https:\/\/comprasyconsejos.store\/en\/wp-json\/wp\/v2\/product\/26944","targetHints":{"allow":["GET"]}}],"collection":[{"href":"https:\/\/comprasyconsejos.store\/en\/wp-json\/wp\/v2\/product"}],"about":[{"href":"https:\/\/comprasyconsejos.store\/en\/wp-json\/wp\/v2\/types\/product"}],"replies":[{"embeddable":true,"href":"https:\/\/comprasyconsejos.store\/en\/wp-json\/wp\/v2\/comments?post=26944"}],"version-history":[{"count":0,"href":"https:\/\/comprasyconsejos.store\/en\/wp-json\/wp\/v2\/product\/26944\/revisions"}],"wp:featuredmedia":[{"embeddable":true,"href":"https:\/\/comprasyconsejos.store\/en\/wp-json\/wp\/v2\/media\/26945"}],"wp:attachment":[{"href":"https:\/\/comprasyconsejos.store\/en\/wp-json\/wp\/v2\/media?parent=26944"}],"wp:term":[{"taxonomy":"product_brand","embeddable":true,"href":"https:\/\/comprasyconsejos.store\/en\/wp-json\/wp\/v2\/product_brand?post=26944"},{"taxonomy":"product_cat","embeddable":true,"href":"https:\/\/comprasyconsejos.store\/en\/wp-json\/wp\/v2\/product_cat?post=26944"},{"taxonomy":"product_tag","embeddable":true,"href":"https:\/\/comprasyconsejos.store\/en\/wp-json\/wp\/v2\/product_tag?post=26944"}],"curies":[{"name":"wp","href":"https:\/\/api.w.org\/{rel}","templated":true}]}}