{"id":26949,"date":"2026-02-20T10:37:38","date_gmt":"2026-02-20T10:37:38","guid":{"rendered":"https:\/\/comprasyconsejos.store\/product\/lc-power-lc1200p-v3-1-pc-power-supply-1200w-80-plus-platinum-fully-modular-atx-3-1-pcie-5-1-135mm-ultra-quiet-fan-for-high-performance-gaming\/"},"modified":"2026-02-20T10:37:47","modified_gmt":"2026-02-20T10:37:47","slug":"lc-power-lc1200p-v3-1-pc-power-supply-1200w-80-plus-platinum-fully-modular-atx-3-1-pcie-5-1-135mm-ultra-quiet-fan-for-high-performance-gaming","status":"publish","type":"product","link":"https:\/\/comprasyconsejos.store\/en\/product\/lc-power-lc1200p-v3-1-pc-power-supply-1200w-80-plus-platinum-fully-modular-atx-3-1-pcie-5-1-135mm-ultra-quiet-fan-for-high-performance-gaming\/","title":{"rendered":"LC-POWER LC1200P V3.1 PC Power Supply 1200W 80 Plus Platinum Fully Modular &#8211; ATX 3.1, PCIe 5.1, 135mm Ultra Quiet Fan for High Performance Gaming"},"content":{"rendered":"<p>Price: <span style=\"color:#b12704\">\u20ac191.10<\/span><br \/><i><small>(as of Feb 20, 2026 10:37:38 UTC &#8211; <span class=\"wp_automatic_amazon_disclaimer\" title=\"Product prices and availability are accurate as of the date\/time indicated and are subject to change. Any price and availability information displayed on [relevant Amazon Site(s), as applicable] at the time of purchase will apply to the purchase of this product.\">Details<\/span>)<\/small><\/i><\/p>\n<p><a href=\"https:\/\/amazon.es\/dp\/B0FVLSLB31?tag=man008-21\"><img decoding=\"async\" src=\"https:\/\/valvepress.s3.amazonaws.com\/imgs\/buy_now.png\"><\/a><br \/>\n<\/p>\n<p>                                             Product Description   <\/p>\n<p>                                                                                                       <img decoding=\"async\" alt=\"aplus content image\" src=\"https:\/\/images-na.ssl-images-amazon.com\/images\/G\/01\/x-locale\/common\/grey-pixel.gif\" class=\"a-lazy-loaded\" data-src=\"https:\/\/m.media-amazon.com\/images\/S\/aplus-media-library-service-media\/86e3d3fa-a1a3-42bc-aef7-8b778f70a06a.__CR0,0,1464,600_PT0_SX1464_V1___.jpg\"><img decoding=\"async\" alt=\"aplus content image\" src=\"https:\/\/m.media-amazon.com\/images\/S\/aplus-media-library-service-media\/86e3d3fa-a1a3-42bc-aef7-8b778f70a06a.__CR0,0,1464,600_PT0_SX1464_V1___.jpg\">                                               <\/p>\n<p>                                                                                                       <img decoding=\"async\" alt=\"aplus content image\" src=\"https:\/\/images-na.ssl-images-amazon.com\/images\/G\/01\/x-locale\/common\/grey-pixel.gif\" class=\"a-lazy-loaded\" data-src=\"https:\/\/m.media-amazon.com\/images\/S\/aplus-media-library-service-media\/e74ff735-3fef-4b6c-9e64-6a7ff47c0a32.__CR0,0,1464,600_PT0_SX1464_V1___.jpg\"><img decoding=\"async\" alt=\"aplus content image\" src=\"https:\/\/m.media-amazon.com\/images\/S\/aplus-media-library-service-media\/e74ff735-3fef-4b6c-9e64-6a7ff47c0a32.__CR0,0,1464,600_PT0_SX1464_V1___.jpg\">                                               <\/p>\n<p>                                                                                                       <img decoding=\"async\" alt=\"aplus content image\" src=\"https:\/\/images-na.ssl-images-amazon.com\/images\/G\/01\/x-locale\/common\/grey-pixel.gif\" class=\"a-lazy-loaded\" data-src=\"https:\/\/m.media-amazon.com\/images\/S\/aplus-media-library-service-media\/a2eb0b58-6fab-4b02-8f80-68db3d207b6e.__CR0,0,1464,600_PT0_SX1464_V1___.jpg\"><img decoding=\"async\" alt=\"aplus content image\" src=\"https:\/\/m.media-amazon.com\/images\/S\/aplus-media-library-service-media\/a2eb0b58-6fab-4b02-8f80-68db3d207b6e.__CR0,0,1464,600_PT0_SX1464_V1___.jpg\">                                               <\/p>\n<p>                                                                                                       <img decoding=\"async\" alt=\"aplus content image\" src=\"https:\/\/images-na.ssl-images-amazon.com\/images\/G\/01\/x-locale\/common\/grey-pixel.gif\" class=\"a-lazy-loaded\" data-src=\"https:\/\/m.media-amazon.com\/images\/S\/aplus-media-library-service-media\/0b592a06-adeb-4f2b-8a62-295866d01e1c.__CR0,0,1464,600_PT0_SX1464_V1___.jpg\"><img decoding=\"async\" alt=\"aplus content image\" src=\"https:\/\/m.media-amazon.com\/images\/S\/aplus-media-library-service-media\/0b592a06-adeb-4f2b-8a62-295866d01e1c.__CR0,0,1464,600_PT0_SX1464_V1___.jpg\">                                               <\/p>\n<p>                                                                                                       <img decoding=\"async\" alt=\"El texto dice \u00abGesti\u00f3n de cables\u00bb y \u00abcompletamente modular\u00bb. Diagrama t\u00e9cnico que muestra el sistema de gesti\u00f3n de cables con m\u00faltiples paneles y puntos de conexi\u00f3n en blanco y negro.\" src=\"https:\/\/images-na.ssl-images-amazon.com\/images\/G\/01\/x-locale\/common\/grey-pixel.gif\" class=\"a-lazy-loaded\" data-src=\"https:\/\/m.media-amazon.com\/images\/S\/aplus-media-library-service-media\/00a1f112-1b02-4dde-bbc8-90ebb55e9a51.__CR0,0,1464,600_PT0_SX1464_V1___.jpg\"><img decoding=\"async\" alt=\"El texto dice \u00abGesti\u00f3n de cables\u00bb y \u00abcompletamente modular\u00bb. Diagrama t\u00e9cnico que muestra el sistema de gesti\u00f3n de cables con m\u00faltiples paneles y puntos de conexi\u00f3n en blanco y negro.\" src=\"https:\/\/m.media-amazon.com\/images\/S\/aplus-media-library-service-media\/00a1f112-1b02-4dde-bbc8-90ebb55e9a51.__CR0,0,1464,600_PT0_SX1464_V1___.jpg\">                                               <\/p>\n<p>                                                                                                       <img decoding=\"async\" alt=\"Botella de vidrio con tapa de corona en varios \u00e1ngulos sobre un fondo oscuro, que resalta el adornado dise\u00f1o de la botella y el detalle del tap\u00f3n en forma de corona.\" src=\"https:\/\/images-na.ssl-images-amazon.com\/images\/G\/01\/x-locale\/common\/grey-pixel.gif\" class=\"a-lazy-loaded\" data-src=\"https:\/\/m.media-amazon.com\/images\/S\/aplus-media-library-service-media\/faf49900-ac37-46ec-9697-9ff950b90fad.__CR0,0,1464,600_PT0_SX1464_V1___.jpg\"><img decoding=\"async\" alt=\"Botella de vidrio con tapa de corona en varios \u00e1ngulos sobre un fondo oscuro, que resalta el adornado dise\u00f1o de la botella y el detalle del tap\u00f3n en forma de corona.\" src=\"https:\/\/m.media-amazon.com\/images\/S\/aplus-media-library-service-media\/faf49900-ac37-46ec-9697-9ff950b90fad.__CR0,0,1464,600_PT0_SX1464_V1___.jpg\">                                               <\/p>\n<p>                                                                                                       <img decoding=\"async\" alt=\"aplus content image\" src=\"https:\/\/images-na.ssl-images-amazon.com\/images\/G\/01\/x-locale\/common\/grey-pixel.gif\" class=\"a-lazy-loaded\" data-src=\"https:\/\/m.media-amazon.com\/images\/S\/aplus-media-library-service-media\/d3bbdc44-a407-4e4d-a78b-290edf529bb9.__CR0,0,1464,600_PT0_SX1464_V1___.jpg\"><img decoding=\"async\" alt=\"aplus content image\" src=\"https:\/\/m.media-amazon.com\/images\/S\/aplus-media-library-service-media\/d3bbdc44-a407-4e4d-a78b-290edf529bb9.__CR0,0,1464,600_PT0_SX1464_V1___.jpg\">                                               <\/p>\n<p> Product Dimensions                                            \u200f                                            :                                            \u200e                                            18 x 15 x 8.6 cm; 3.74 kg   <br \/> Manufacturer                                            \u200f                                            :                                            \u200e                                            Lc-power   <br \/> ASIN                                            \u200f                                            :                                            \u200e                                            B0FVLSLB31   <br \/> Item model number                                            \u200f                                            :                                            \u200e                                            LC1200P V3.1   <br \/> Country\/Region of Origin                                            \u200f                                            :                                            \u200e                                            China   <br \/> Guaranteed software updates until                                            \u200f                                            :                                            \u200e                                            unknown   <br \/>  Customer reviews:                                                                                            5.0               5.0 out of 5 stars                                  (3)                                              var dpAcrHasRegisteredArcLinkClickAction;                    P.when(&#8216;A&#8217;, &#8216;ready&#8217;).execute(function(A) {                        if (dpAcrHasRegisteredArcLinkClickAction !== true) {                            dpAcrHasRegisteredArcLinkClickAction = true;                            A.declarative(                                &#8216;acrLink-click-metrics&#8217;, &#8216;click&#8217;,                                { \u00aballowLinkDefault\u00bb: true },                                function (event) {                                    if (window.ue) {                                        ue.count(\u00abacrLinkClickCount\u00bb, (ue.count(\u00abacrLinkClickCount\u00bb) || 0) + 1);                                    }                                }                            );                        }                    });                                             P.when(&#8216;A&#8217;, &#8216;cf&#8217;).execute(function(A) {                A.declarative(&#8216;acrStarsLink-click-metrics&#8217;, &#8216;click&#8217;, { \u00aballowLinkDefault\u00bb : true },  function(event){                    if(window.ue) {                        ue.count(\u00abacrStarsLinkWithPopoverClickCount\u00bb, (ue.count(\u00abacrStarsLinkWithPopoverClickCount\u00bb) || 0) + 1);                    }                });            });                          <\/p>\n<p>80 Plus Platinum efficiency: 80 Plus Platinum certified PC 1200W power supply with 92% efficiency, reducing energy consumption and heat. Compliant with ATX 3.1 and PCIe 5.1 standards, ideal for gaming and demanding applications. Optimized design for maximum savings.<br \/>Silent 135mm fan: 135mm fan with thermal control technology for ultra-quiet operation. Maintains efficient airflow even at full load, ensuring cool operation and no annoying noise.<br \/>Fully Modular Design: Fully modular wiring for a clean, custom installation. Just connect the wires you need, improving airflow and reducing clutter in your box. Includes black and extended flat cables.<br \/>High-end connections: Multiple connectors: 2x PCIe 5.1 12+4-pin, 8x PCIe 6+2-pin, 10x SATA and more. It powers next-generation NVIDIA and AMD graphics cards, with support for multi-GPU systems and demanding components.<br \/>Comprehensive Protection and Warranty: Advanced security systems: OVP, OCP, OPP, OTP, SCP, UVP. Meets CE and T\u00dcV standards, and includes extended warranty for maximum reliability. Perfect for dimmable and gaming power supplies.<\/p>\n\n","protected":false},"excerpt":{"rendered":"<p> Product Description Product Dimensions \u200f : \u200e 18 x 15 x 8.6 cm; 3.74 kg<\/p>","protected":false},"featured_media":26950,"comment_status":"open","ping_status":"closed","template":"","meta":[],"product_brand":[],"product_cat":[79],"product_tag":[3089,7940,1488,1490,1495,1458,1499,1500,910,1502,617,1494,197,7938,7937,1503,1492,1498,624,1551,1031,143,1485,824,769,1505,222,7939],"class_list":{"0":"post-26949","1":"product","2":"type-product","3":"status-publish","4":"has-post-thumbnail","6":"product_cat-pc-power-supply-unit","7":"product_tag-1200w","8":"product_tag-135mm","9":"product_tag-650w-psu","10":"product_tag-750w-psu","11":"product_tag-80-plus-gold-psu","12":"product_tag-atx","13":"product_tag-best-psu","14":"product_tag-computer-power-unit","15":"product_tag-fan","16":"product_tag-fully","17":"product_tag-gaming","18":"product_tag-gaming-power-supply","19":"product_tag-high","20":"product_tag-lc1200p","21":"product_tag-lcpower","22":"product_tag-modular","23":"product_tag-modular-psu","24":"product_tag-pc-power-supply-price","25":"product_tag-pcie","26":"product_tag-performance","27":"product_tag-platinum","28":"product_tag-power","29":"product_tag-power-supply","30":"product_tag-psu","31":"product_tag-quiet","32":"product_tag-supply","33":"product_tag-ultra","34":"product_tag-v3-1","36":"first","37":"instock","38":"shipping-taxable","39":"product-type-external"},"_links":{"self":[{"href":"https:\/\/comprasyconsejos.store\/en\/wp-json\/wp\/v2\/product\/26949","targetHints":{"allow":["GET"]}}],"collection":[{"href":"https:\/\/comprasyconsejos.store\/en\/wp-json\/wp\/v2\/product"}],"about":[{"href":"https:\/\/comprasyconsejos.store\/en\/wp-json\/wp\/v2\/types\/product"}],"replies":[{"embeddable":true,"href":"https:\/\/comprasyconsejos.store\/en\/wp-json\/wp\/v2\/comments?post=26949"}],"version-history":[{"count":0,"href":"https:\/\/comprasyconsejos.store\/en\/wp-json\/wp\/v2\/product\/26949\/revisions"}],"wp:featuredmedia":[{"embeddable":true,"href":"https:\/\/comprasyconsejos.store\/en\/wp-json\/wp\/v2\/media\/26950"}],"wp:attachment":[{"href":"https:\/\/comprasyconsejos.store\/en\/wp-json\/wp\/v2\/media?parent=26949"}],"wp:term":[{"taxonomy":"product_brand","embeddable":true,"href":"https:\/\/comprasyconsejos.store\/en\/wp-json\/wp\/v2\/product_brand?post=26949"},{"taxonomy":"product_cat","embeddable":true,"href":"https:\/\/comprasyconsejos.store\/en\/wp-json\/wp\/v2\/product_cat?post=26949"},{"taxonomy":"product_tag","embeddable":true,"href":"https:\/\/comprasyconsejos.store\/en\/wp-json\/wp\/v2\/product_tag?post=26949"}],"curies":[{"name":"wp","href":"https:\/\/api.w.org\/{rel}","templated":true}]}}