{"id":26967,"date":"2026-02-20T10:50:08","date_gmt":"2026-02-20T10:50:08","guid":{"rendered":"https:\/\/comprasyconsejos.store\/product\/asus-rog-strix-nvidia-geforce-rtx-3090-oc-edition-24gb-gddr6x-384-bit-19-5gbps-hdmi-2-1-displayport-1-4a-pcie-4-0-gaming-graphics-card-rog-strix-rtx3090-o24g-gaming\/"},"modified":"2026-02-20T10:50:16","modified_gmt":"2026-02-20T10:50:16","slug":"asus-rog-strix-nvidia-geforce-rtx-3090-oc-edition-24gb-gddr6x-384-bit-19-5gbps-hdmi-2-1-displayport-1-4a-pcie-4-0-gaming-graphics-card-rog-strix-rtx3090-o24g-gaming","status":"publish","type":"product","link":"https:\/\/comprasyconsejos.store\/en\/product\/asus-rog-strix-nvidia-geforce-rtx-3090-oc-edition-24gb-gddr6x-384-bit-19-5gbps-hdmi-2-1-displayport-1-4a-pcie-4-0-gaming-graphics-card-rog-strix-rtx3090-o24g-gaming\/","title":{"rendered":"Asus ROG Strix NVIDIA GeForce RTX 3090 OC Edition 24GB GDDR6X, 384-bit, 19.5Gbps, HDMI 2.1, DisplayPort 1.4a, PCIe 4.0, Gaming Graphics Card ROG-STRIX-RTX3090-O24G-GAMING"},"content":{"rendered":"<p>Price: <span style=\"color:#b12704\">\u20ac1,789.99<\/span><br \/><i><small>(as of Feb 20, 2026 10:50:08 UTC &#8211; <span class=\"wp_automatic_amazon_disclaimer\" title=\"Product prices and availability are accurate as of the date\/time indicated and are subject to change. Any price and availability information displayed on [relevant Amazon Site(s), as applicable] at the time of purchase will apply to the purchase of this product.\">Details<\/span>)<\/small><\/i><\/p>\n<p><a href=\"https:\/\/amazon.es\/dp\/B08HN51T8Q?tag=man008-21\"><img decoding=\"async\" src=\"https:\/\/valvepress.s3.amazonaws.com\/imgs\/buy_now.png\"><\/a><br \/>\n<\/p>\n<p>                                             From the manufacturer   <\/p>\n<p>                                                      <img decoding=\"async\" alt=\" \" src=\"https:\/\/images-na.ssl-images-amazon.com\/images\/G\/01\/x-locale\/common\/grey-pixel.gif\" class=\"a-spacing-mini a-lazy-loaded\" data-src=\"https:\/\/m.media-amazon.com\/images\/S\/aplus-media\/vc\/f79bf6db-ff6c-4b16-82c0-2d6dd3657d20.__CR0,0,300,400_PT0_SX300_V1___.jpg\"><img decoding=\"async\" alt=\" \" src=\"https:\/\/m.media-amazon.com\/images\/S\/aplus-media\/vc\/f79bf6db-ff6c-4b16-82c0-2d6dd3657d20.__CR0,0,300,400_PT0_SX300_V1___.jpg\">  <\/p>\n<p>                                                              <img decoding=\"async\" alt=\" \" src=\"https:\/\/images-na.ssl-images-amazon.com\/images\/G\/01\/x-locale\/common\/grey-pixel.gif\" class=\"a-spacing-mini a-lazy-loaded\" data-src=\"https:\/\/m.media-amazon.com\/images\/S\/aplus-media\/vc\/dc768f14-f128-4822-92e4-6692d56de1c0.__CR0,0,350,175_PT0_SX350_V1___.jpg\"><img decoding=\"async\" alt=\" \" src=\"https:\/\/m.media-amazon.com\/images\/S\/aplus-media\/vc\/dc768f14-f128-4822-92e4-6692d56de1c0.__CR0,0,350,175_PT0_SX350_V1___.jpg\">                                                                 <\/p>\n<p class=\"a-spacing-small a-size-small a-color-secondary\"> Establecida en 2006, Republic of Gamers (ROG) es la marca derivada de ASUS dedicada a crear el mejor hardware y software para gamers. Los productos ROG se conocen en todo el mundo por su grado de innovaci\u00f3n, rendimiento y calidad. <\/p>\n<h3 class=\"a-spacing-mini\"> ROG-STRIX-RTX3090-O24G-GAMING <\/h3>\n<p class=\"a-spacing-base\"> ROG Strix GeForce RTX 3090 con un rendimiento t\u00e9rmico dise\u00f1ado para arrasar en las clasificaciones. <\/p>\n<p>                                                          Multiprocesadores de Streaming NVIDIA Ampere: Los elementos fundamentalesde la GPU m\u00e1s r\u00e1pida y eficiente del mundo ofrecen el doblede rendimiento y consumen menos energ\u00eda que FP32.        N\u00facleos RT de 2.\u00aa gen.: El doble de rendimiento que los n\u00facleos RT de 1.\u00aaGen., adem\u00e1s de trazado de rayos y sombreado simult\u00e1neos para brindarte un rendimiento completamente nuevo.        N\u00facleos Tensor de 3.\u00aa gen.: Con soporte para resoluciones hasta 8K y algoritmos DLSS avanzados, estos n\u00facleos multiplican por dos el rendimiento gaming y ofrecen nuevas capacidades de IA.       Hemos mejorado los ventiladores Axial-tech con m\u00e1s aspas y rotaci\u00f3n inversa (ventilador central).       El dise\u00f1o de 2,9 ranuras ampl\u00eda la superficie de refrigeraci\u00f3n de la \u00faltima generaci\u00f3n para disponer todav\u00eda de m\u00e1s rango t\u00e9rmico.       Super Alloy Power II incluye chokes de aleaci\u00f3n de primera calidad, condensadores de pol\u00edmero s\u00f3lido y una serie de etapas de potencia de alta corriente.       GPU Tweak II permite ajustar el rendimiento, la temperatura y supervisar el sistema de forma intuitiva.       <\/p>\n<p class=\"apm-text-center\">\n                                                      <img decoding=\"async\" alt=\" \" src=\"https:\/\/images-na.ssl-images-amazon.com\/images\/G\/01\/x-locale\/common\/grey-pixel.gif\" class=\"a-spacing-mini a-lazy-loaded\" data-src=\"https:\/\/m.media-amazon.com\/images\/S\/aplus-media\/vc\/fc3cebd6-bf80-40c8-8555-68646322d3c1.__CR0,0,300,300_PT0_SX300_V1___.jpg\"><img decoding=\"async\" alt=\" \" src=\"https:\/\/m.media-amazon.com\/images\/S\/aplus-media\/vc\/fc3cebd6-bf80-40c8-8555-68646322d3c1.__CR0,0,300,300_PT0_SX300_V1___.jpg\">  <\/p>\n<p>                                                    Mejoras de la tecnolog\u00eda axial                                        <\/p>\n<p> Hemos optimizado el dise\u00f1o de nuestros ventiladores Axial-tech con un disipador provisto de m\u00e1s aletas y una superficie m\u00e1s grande. El n\u00famero de aspas ha aumentado en los tres ventiladores, con 13 en el ventilador central y 11 en los ventiladores auxiliares. El anillo de barrera de los ventiladores laterales se ha reducido para facilitar la entrada de aire lateral y optimizar la circulaci\u00f3n de aire a trav\u00e9s de la matriz de enfriamiento. Las aspas adicionales y el anillo de altura completa del ventilador central aumentan la presi\u00f3n est\u00e1tica sobre el difusor t\u00e9rmico. <\/p>\n<p class=\"apm-text-center\">\n                                                      <img decoding=\"async\" alt=\" \" src=\"https:\/\/images-na.ssl-images-amazon.com\/images\/G\/01\/x-locale\/common\/grey-pixel.gif\" class=\"a-spacing-mini a-lazy-loaded\" data-src=\"https:\/\/m.media-amazon.com\/images\/S\/aplus-media\/vc\/80787498-a473-4ada-8ba7-74406882fbc6.__CR0,0,300,300_PT0_SX300_V1___.jpg\"><img decoding=\"async\" alt=\" \" src=\"https:\/\/m.media-amazon.com\/images\/S\/aplus-media\/vc\/80787498-a473-4ada-8ba7-74406882fbc6.__CR0,0,300,300_PT0_SX300_V1___.jpg\">  <\/p>\n<p>                                                    Nuevas direcciones                                       <\/p>\n<p> Para reforzar los roles especializados del ventilador central y los auxiliares, hemos invertido la rotaci\u00f3n del ventilador central. Esto reduce las turbulencias en la matriz de enfriamiento y mejora el rendimiento t\u00e9rmico general de la tarjeta. <\/p>\n<p> La suma de estas innovaciones de refrigeraci\u00f3n da como resultado unas velocidades de ventilador m\u00e1s bajas, m\u00e1s rendimiento y ayuda a mantener la temperatura GPU por debajo de los 55 grados, momento en el que los ventiladores se detienen por completo. Algo ideal para los usuarios que desean un equipo silencioso. <\/p>\n<p class=\"apm-text-center\">\n                                                      <img decoding=\"async\" alt=\" \" src=\"https:\/\/images-na.ssl-images-amazon.com\/images\/G\/01\/x-locale\/common\/grey-pixel.gif\" class=\"a-spacing-mini a-lazy-loaded\" data-src=\"https:\/\/m.media-amazon.com\/images\/S\/aplus-media\/vc\/b3f70298-d6a1-4022-97fd-5edcc2a4f7f1.__CR0,0,300,300_PT0_SX300_V1___.jpg\"><img decoding=\"async\" alt=\" \" src=\"https:\/\/m.media-amazon.com\/images\/S\/aplus-media\/vc\/b3f70298-d6a1-4022-97fd-5edcc2a4f7f1.__CR0,0,300,300_PT0_SX300_V1___.jpg\">  <\/p>\n<p>                                                    MaxContact                                        <\/p>\n<p> Para mover la temperatura de la GPU al disipador de calor de la forma m\u00e1s eficiente posible, hemos utilizado un proceso de fabricaci\u00f3n que pule a nivel microsc\u00f3pico las superficies de contacto del difusor y mejora ostensiblemente la transferencia de temperatura. <\/p>\n<p> Dise\u00f1o de 2,9 ranuras <\/p>\n<p> El difusor de calor concentra el calor en unos caloductos que lo transportan a una matriz de aletas que se extiende a lo largo del perfil de 2,9 ranuras. El nuevo disipador ofrece el margen t\u00e9rmico necesario para lidiar con los requerimientos del nuevo chipset de alto rendimiento. <\/p>\n<p class=\"apm-text-center\">\n                                                      <img decoding=\"async\" alt=\" \" src=\"https:\/\/images-na.ssl-images-amazon.com\/images\/G\/01\/x-locale\/common\/grey-pixel.gif\" class=\"a-spacing-mini a-lazy-loaded\" data-src=\"https:\/\/m.media-amazon.com\/images\/S\/aplus-media\/vc\/23560e46-4aaa-4dbb-b7a5-1550c31ffd70.__CR0,0,300,300_PT0_SX300_V1___.jpg\"><img decoding=\"async\" alt=\" \" src=\"https:\/\/m.media-amazon.com\/images\/S\/aplus-media\/vc\/23560e46-4aaa-4dbb-b7a5-1550c31ffd70.__CR0,0,300,300_PT0_SX300_V1___.jpg\">  <\/p>\n<p>                                                    Componentes de primera calidad                                       <\/p>\n<p> Los condensadores, chokes y MOSFETs de alta gama tienen la capacidad de entregar cientos de vatios por milisegundo. Los componentes Super Alloy Power II se sueldan a la PCB con nuestro avanzado proceso de fabricaci\u00f3n automatizada Auto-Extreme. Los puntos de soldadura suaves y la eliminaci\u00f3n de errores humanos asegura que todas nuestras tarjetas gr\u00e1ficas cumplan con las rigurosas especificaciones de ROG. <\/p>\n<p class=\"apm-text-center\">\n                                                      <img decoding=\"async\" alt=\" \" src=\"https:\/\/images-na.ssl-images-amazon.com\/images\/G\/01\/x-locale\/common\/grey-pixel.gif\" class=\"a-spacing-mini a-lazy-loaded\" data-src=\"https:\/\/m.media-amazon.com\/images\/S\/aplus-media\/vc\/3e841868-8a71-4a55-a5cb-ee700cdf6e4b.__CR0,0,300,300_PT0_SX300_V1___.jpg\"><img decoding=\"async\" alt=\" \" src=\"https:\/\/m.media-amazon.com\/images\/S\/aplus-media\/vc\/3e841868-8a71-4a55-a5cb-ee700cdf6e4b.__CR0,0,300,300_PT0_SX300_V1___.jpg\">  <\/p>\n<p>                                                    FanConnect II                                        <\/p>\n<p> La parte trasera de las gr\u00e1ficas ROG Strix presenta dos conectores PWM FanConnect muy vers\u00e1tiles. Los ventiladores del chasis pueden conectarse directamente a la GPU y ajustarse a una curva basada en la temperatura de la CPU o la GPU, lo que proporciona una entrada o salida de aire adicional para las tareas 3D m\u00e1s exigentes. <\/p>\n<p class=\"apm-text-center\">\n                                                      <img decoding=\"async\" alt=\" \" src=\"https:\/\/images-na.ssl-images-amazon.com\/images\/G\/01\/x-locale\/common\/grey-pixel.gif\" class=\"a-spacing-mini a-lazy-loaded\" data-src=\"https:\/\/m.media-amazon.com\/images\/S\/aplus-media\/vc\/80d0284d-7f8f-4433-95ac-76cd7e9ef481.__CR0,0,300,300_PT0_SX300_V1___.jpg\"><img decoding=\"async\" alt=\" \" src=\"https:\/\/m.media-amazon.com\/images\/S\/aplus-media\/vc\/80d0284d-7f8f-4433-95ac-76cd7e9ef481.__CR0,0,300,300_PT0_SX300_V1___.jpg\">  <\/p>\n<p>                                                    Mejoras en la parte trasera                                       <\/p>\n<p> Al dar la vuelta a la tarjeta se revelan m\u00e1s mejoras. El amplio respiradero presente en la placa de refuerzo posterior y la PCB m\u00e1s corta permiten que el aire caliente escape hacia los extractores del chasis, en lugar de reciclarse de nuevo con el aire fr\u00edo. El soporte de la GPU refuerza la conexi\u00f3n cr\u00edtica entre la GPU y el difusor. El soporte de conexiones de acero inoxidable protege los puertos al tiempo que proporciona un proceso de montaje m\u00e1s seguro. Y el interruptor Dual Bios permite seleccionar los modos rendimiento y silencio sin tener que recurrir al software. <\/p>\n<p>                                                                      <img decoding=\"async\" alt=\" \" src=\"https:\/\/images-na.ssl-images-amazon.com\/images\/G\/01\/x-locale\/common\/grey-pixel.gif\" class=\"a-spacing-mini a-lazy-loaded\" data-src=\"https:\/\/m.media-amazon.com\/images\/S\/aplus-media\/vc\/948aa14c-1f68-44ad-ab41-d5506d9c9b9b.__CR0,0,300,300_PT0_SX300_V1___.jpg\"><img decoding=\"async\" alt=\" \" src=\"https:\/\/m.media-amazon.com\/images\/S\/aplus-media\/vc\/948aa14c-1f68-44ad-ab41-d5506d9c9b9b.__CR0,0,300,300_PT0_SX300_V1___.jpg\">  <\/p>\n<h3 class=\"a-spacing-mini\"> Arquitectura NVIDIA Ampere <\/h3>\n<p class=\"a-spacing-base\"> Con n\u00facleos de 2.\u00aa gen. para el Trazado de Rayos y Tensor de 3.\u00aa gen. La nueva arquitectura Ampere de NVIDIA ofrece al experiencia gaming definitiva. <\/p>\n<p>                                                                      <img decoding=\"async\" alt=\" \" src=\"https:\/\/images-na.ssl-images-amazon.com\/images\/G\/01\/x-locale\/common\/grey-pixel.gif\" class=\"a-spacing-mini a-lazy-loaded\" data-src=\"https:\/\/m.media-amazon.com\/images\/S\/aplus-media\/vc\/59927fac-941e-4731-8dc8-3609a73918ac.__CR0,0,300,300_PT0_SX300_V1___.jpg\"><img decoding=\"async\" alt=\" \" src=\"https:\/\/m.media-amazon.com\/images\/S\/aplus-media\/vc\/59927fac-941e-4731-8dc8-3609a73918ac.__CR0,0,300,300_PT0_SX300_V1___.jpg\">  <\/p>\n<h3 class=\"a-spacing-mini\"> RTX. It&#8217;s On. <\/h3>\n<p class=\"a-spacing-base\"> Experimenta como nunca antes los \u00e9xitos de taquilla actuales gracias a la fidelidad gr\u00e1fica del trazado de rayos en tiempo real y el rendimiento de IA que ofrece DLSS. <\/p>\n<p>                                                                      <img decoding=\"async\" alt=\" \" src=\"https:\/\/images-na.ssl-images-amazon.com\/images\/G\/01\/x-locale\/common\/grey-pixel.gif\" class=\"a-spacing-mini a-lazy-loaded\" data-src=\"https:\/\/m.media-amazon.com\/images\/S\/aplus-media\/vc\/dd6124be-2460-43f6-a7d5-3de478c4a145.__CR0,0,300,300_PT0_SX300_V1___.jpg\"><img decoding=\"async\" alt=\" \" src=\"https:\/\/m.media-amazon.com\/images\/S\/aplus-media\/vc\/dd6124be-2460-43f6-a7d5-3de478c4a145.__CR0,0,300,300_PT0_SX300_V1___.jpg\">  <\/p>\n<h3 class=\"a-spacing-mini\"> Aceleraci\u00f3n de la IA con DLSS <\/h3>\n<p class=\"a-spacing-base\"> NVIDIA DLSS es una innovadora t\u00e9cnica de renderizado de IA que aprovecha los n\u00facleos Tensor de la GeForce RTX para aumentar los fotogramas y producir una calidad de imagen espectacular. De esta forma, puedes llevar los ajustes y resoluciones al l\u00edmite y disfrutar de una experiencia visual incre\u00edble. Es la revoluci\u00f3n de la IA aplicada a los juegos. <\/p>\n<p>                                                                    <img decoding=\"async\" alt=\"\" src=\"https:\/\/images-na.ssl-images-amazon.com\/images\/G\/01\/x-locale\/common\/grey-pixel.gif\" class=\"a-lazy-loaded\" data-src=\"https:\/\/m.media-amazon.com\/images\/S\/aplus-media\/vc\/948aa14c-1f68-44ad-ab41-d5506d9c9b9b.__CR0,0,300,300_PT0_SX300_V1___.jpg\"><img decoding=\"async\" alt=\"\" src=\"https:\/\/m.media-amazon.com\/images\/S\/aplus-media\/vc\/948aa14c-1f68-44ad-ab41-d5506d9c9b9b.__CR0,0,300,300_PT0_SX300_V1___.jpg\">   <\/p>\n<p>                                                                    <img decoding=\"async\" alt=\"\" src=\"https:\/\/images-na.ssl-images-amazon.com\/images\/G\/01\/x-locale\/common\/grey-pixel.gif\" class=\"a-lazy-loaded\" data-src=\"https:\/\/m.media-amazon.com\/images\/S\/aplus-media\/vc\/59927fac-941e-4731-8dc8-3609a73918ac.__CR0,0,300,300_PT0_SX300_V1___.jpg\"><img decoding=\"async\" alt=\"\" src=\"https:\/\/m.media-amazon.com\/images\/S\/aplus-media\/vc\/59927fac-941e-4731-8dc8-3609a73918ac.__CR0,0,300,300_PT0_SX300_V1___.jpg\">   <\/p>\n<p>                                                                    <img decoding=\"async\" alt=\"\" src=\"https:\/\/images-na.ssl-images-amazon.com\/images\/G\/01\/x-locale\/common\/grey-pixel.gif\" class=\"a-lazy-loaded\" data-src=\"https:\/\/m.media-amazon.com\/images\/S\/aplus-media\/vc\/dd6124be-2460-43f6-a7d5-3de478c4a145.__CR0,0,300,300_PT0_SX300_V1___.jpg\"><img decoding=\"async\" alt=\"\" src=\"https:\/\/m.media-amazon.com\/images\/S\/aplus-media\/vc\/dd6124be-2460-43f6-a7d5-3de478c4a145.__CR0,0,300,300_PT0_SX300_V1___.jpg\">   <\/p>\n<p>                         Add To Basket  <\/p>\n<p>                         Add To Basket  <\/p>\n<p>                         Add To Basket  <\/p>\n<p>                             Customer Reviews  <\/p>\n<p>                    4.4 out of 5 stars  172  <\/p>\n<p>                    4.4 out of 5 stars  11  <\/p>\n<p>                    4.5 out of 5 stars  193  <\/p>\n<p>                    3.9 out of 5 stars  9  <\/p>\n<p>                             Price  <\/p>\n<p>                                    \u20ac1,789.99\u20ac1,789.99                  \u20ac1,879.99\u20ac1,879.99<br \/>\n                                            \u2014 no data<br \/>\n                                                       \u20ac1,789.99\u20ac1,789.99              <\/p>\n<p>                             Engine Clock<br \/>\n                                OC Mode &#8211; 1890 MHz (Boost Clock) Gaming Mode &#8211; 1860 MHz (Boost Clock)               OC Mode &#8211; 1725 MHz (Boost Clock) Gaming Mode &#8211; 1695 MHz (Boost Clock)               OC Mode &#8211; 1770 MHz (Boost Clock) Gaming Mode &#8211; 1740 MHz (Boost Clock)               OC Mode &#8211; 1725 MHz (Boost Clock) Gaming Mode &#8211; 1695 MHz (Boost Clock)              <\/p>\n<p>                             Fan Technology<br \/>\n                                Axial-tech Fan Design  Optimized Rotation                Axial-tech Fan Design Optimized Rotation                Axial-tech Fan Design Optimized Rotation                Axial-tech Fan Design Optimized Rotation               <\/p>\n<p>                             Thermal Technology<br \/>\n                                MaxContact Technology 2.9-slot Design               MaxContact Technology 2.9-slot Design               MaxContact Technology 2.7-slot Design               MaxContact Technology 2.7-slot Design              <\/p>\n<p>                             Interface<br \/>\n                                HDMI Output : Yes x 2 (Native) (HDMI 2.1) Display Port : Yes x 3 (Native) (DisplayPort 1.4a) HDCP Support : Yes (2.3)               HDMI Output : Yes x 2 (Native) (HDMI 2.1) Display Port : Yes x 3 (Native) (DisplayPort 1.4a) HDCP Support : Yes (2.3)               HDMI Output : Yes x 2 (Native) (HDMI 2.1) Display Port : Yes x 3 (Native) (DisplayPort 1.4a) HDCP Support : Yes (2.3)               HDMI Output : Yes x 2 (Native) (HDMI 2.1) Display Port : Yes x 3 (Native) (DisplayPort 1.4a) HDCP Support : Yes (2.3)              <\/p>\n<p>                             Dimension<br \/>\n                                12.53 \u00bb x 5.51 \u00bb x 2.27 \u00bb Inch 31.85 x 14.01 x 5.78 Centimeter               12.53 \u00bb x 5.51 \u00bb x 2.27 \u00bb Inch 31.85 x 14.01 x 5.78 Centimeter               11.81 \u00bb x 5 \u00bb x 2.04 \u00bb Inch 29.99 x 12.69 x 5.17 Centimeter               11.81 \u00bb x 5 \u00bb x 2.04 \u00bb Inch 29.99 x 12.69 x 5.17 Centimeter              <\/p>\n<p> Batteries                                            \u200f                                            :                                            \u200e                                            1 A batteries required.   <br \/> Language                                            \u200f                                            :                                            \u200e                                            English, English, English, English, English   <br \/> Product Dimensions                                            \u200f                                            :                                            \u200e                                            31.85 x 5.78 x 0.1 cm; 1.8 kg   <br \/> Manufacturer                                            \u200f                                            :                                            \u200e                                            Asus   <br \/> ASIN                                            \u200f                                            :                                            \u200e                                            B08HN51T8Q   <br \/> Item model number                                            \u200f                                            :                                            \u200e                                            90YV0F93-M0NM00   <br \/> Guaranteed software updates until                                            \u200f                                            :                                            \u200e                                            unknown   <br \/>  Customer reviews:                                                                                            4.4               4.4 out of 5 stars                                  (172)                                              var dpAcrHasRegisteredArcLinkClickAction;                    P.when(&#8216;A&#8217;, &#8216;ready&#8217;).execute(function(A) {                        if (dpAcrHasRegisteredArcLinkClickAction !== true) {                            dpAcrHasRegisteredArcLinkClickAction = true;                            A.declarative(                                &#8216;acrLink-click-metrics&#8217;, &#8216;click&#8217;,                                { \u00aballowLinkDefault\u00bb: true },                                function (event) {                                    if (window.ue) {                                        ue.count(\u00abacrLinkClickCount\u00bb, (ue.count(\u00abacrLinkClickCount\u00bb) || 0) + 1);                                    }                                }                            );                        }                    });                                             P.when(&#8216;A&#8217;, &#8216;cf&#8217;).execute(function(A) {                A.declarative(&#8216;acrStarsLink-click-metrics&#8217;, &#8216;click&#8217;, { \u00aballowLinkDefault\u00bb : true },  function(event){                    if(window.ue) {                        ue.count(\u00abacrStarsLinkWithPopoverClickCount\u00bb, (ue.count(\u00abacrStarsLinkWithPopoverClickCount\u00bb) || 0) + 1);                    }                });            });                          <\/p>\n<p>NVIDIA Ampere Streaming Multiprocessors: The core elements of the world&#8217;s fastest and most efficient GPU deliver twice the performance and consume less power than FP32.<br \/>2nd Gen RT Nuclei : Twice the performance of 1st Gen RT cores, plus simultaneous ray tracing and shading for all-new performance.<br \/>3rd Gen Tensor Cores : Experience twice the performance with structural lightness and AI algorithms as advanced as DLSS. With support for resolutions up to 8K, these cores dramatically increase gaming performance and offer new AI capabilities.<br \/>We have upgraded Axial-tech fans with more blades and reverse rotation (center fan).<br \/>The 2.9-slot design expands the cooling surface of the latest generation to provide even more thermal range.<br \/>Super Alloy Power II includes premium alloy chokes, solid polymer capacitors, and a series of high-current power stages.<br \/>GPU Tweak II lets you intuitively adjust performance, temperature and monitor your system.<\/p>\n\n","protected":false},"excerpt":{"rendered":"<p> From the manufacturer Establecida en 2006, Republic of Gamers (ROG) es la marca derivada de<\/p>","protected":false},"featured_media":26968,"comment_status":"open","ping_status":"closed","template":"","meta":[],"product_brand":[],"product_cat":[75],"product_tag":[1436,7945,601,7944,1432,1427,850,1433,1420,1099,964,617,1428,2584,620,599,644,1425,544,821,1426,624,1293,7946,621,1429,1430,1431,1294],"class_list":{"0":"post-26967","1":"product","2":"type-product","3":"status-publish","4":"has-post-thumbnail","6":"product_cat-graphics-cards","7":"product_tag-1-4a","8":"product_tag-19-5gbps","9":"product_tag-24gb","10":"product_tag-384bit","11":"product_tag-8gb-graphics-card","12":"product_tag-amd-radeon-gpu","13":"product_tag-asus","14":"product_tag-best-gpu","15":"product_tag-card","16":"product_tag-displayport","17":"product_tag-edition","18":"product_tag-gaming","19":"product_tag-gaming-graphics-card","20":"product_tag-gddr6x","21":"product_tag-geforce","22":"product_tag-gpu","23":"product_tag-graphics","24":"product_tag-graphics-card","25":"product_tag-hdmi","26":"product_tag-nvidia","27":"product_tag-nvidia-rtx-graphics-card","28":"product_tag-pcie","29":"product_tag-rog","30":"product_tag-rogstrixrtx3090o24ggaming","31":"product_tag-rtx","32":"product_tag-rtx-4060","33":"product_tag-rtx-4070","34":"product_tag-rtx-4080","35":"product_tag-strix","37":"first","38":"instock","39":"shipping-taxable","40":"product-type-external"},"_links":{"self":[{"href":"https:\/\/comprasyconsejos.store\/en\/wp-json\/wp\/v2\/product\/26967","targetHints":{"allow":["GET"]}}],"collection":[{"href":"https:\/\/comprasyconsejos.store\/en\/wp-json\/wp\/v2\/product"}],"about":[{"href":"https:\/\/comprasyconsejos.store\/en\/wp-json\/wp\/v2\/types\/product"}],"replies":[{"embeddable":true,"href":"https:\/\/comprasyconsejos.store\/en\/wp-json\/wp\/v2\/comments?post=26967"}],"version-history":[{"count":0,"href":"https:\/\/comprasyconsejos.store\/en\/wp-json\/wp\/v2\/product\/26967\/revisions"}],"wp:featuredmedia":[{"embeddable":true,"href":"https:\/\/comprasyconsejos.store\/en\/wp-json\/wp\/v2\/media\/26968"}],"wp:attachment":[{"href":"https:\/\/comprasyconsejos.store\/en\/wp-json\/wp\/v2\/media?parent=26967"}],"wp:term":[{"taxonomy":"product_brand","embeddable":true,"href":"https:\/\/comprasyconsejos.store\/en\/wp-json\/wp\/v2\/product_brand?post=26967"},{"taxonomy":"product_cat","embeddable":true,"href":"https:\/\/comprasyconsejos.store\/en\/wp-json\/wp\/v2\/product_cat?post=26967"},{"taxonomy":"product_tag","embeddable":true,"href":"https:\/\/comprasyconsejos.store\/en\/wp-json\/wp\/v2\/product_tag?post=26967"}],"curies":[{"name":"wp","href":"https:\/\/api.w.org\/{rel}","templated":true}]}}