{"id":26999,"date":"2026-02-20T11:07:18","date_gmt":"2026-02-20T11:07:18","guid":{"rendered":"https:\/\/comprasyconsejos.store\/product\/logitech-g-astro-a50-lightspeed-wireless-gaming-headset-base-5th-gen-pro-g-graphene-switching-between-3-systems-usb-c-xbox-ps5-pc-nintendo-switch-switch-2-bluetooth-black\/"},"modified":"2026-02-20T11:07:27","modified_gmt":"2026-02-20T11:07:27","slug":"logitech-g-astro-a50-lightspeed-wireless-gaming-headset-base-5th-gen-pro-g-graphene-switching-between-3-systems-usb-c-xbox-ps5-pc-nintendo-switch-switch-2-bluetooth-black","status":"publish","type":"product","link":"https:\/\/comprasyconsejos.store\/en\/product\/logitech-g-astro-a50-lightspeed-wireless-gaming-headset-base-5th-gen-pro-g-graphene-switching-between-3-systems-usb-c-xbox-ps5-pc-nintendo-switch-switch-2-bluetooth-black\/","title":{"rendered":"Logitech G Astro A50 Lightspeed Wireless Gaming Headset + Base (5th Gen), Pro-G Graphene, Switching Between 3 Systems, USB-C, Xbox, PS5, PC, Nintendo Switch, Switch 2, Bluetooth &#8211; Black"},"content":{"rendered":"<p>Price: <span style=\"color:#b12704\"><del>\u20ac339.00<\/del> - \u20ac254.32<\/span><br \/><i><small>(as of Feb 20, 2026 11:07:18 UTC &#8211; <span class=\"wp_automatic_amazon_disclaimer\" title=\"Product prices and availability are accurate as of the date\/time indicated and are subject to change. Any price and availability information displayed on [relevant Amazon Site(s), as applicable] at the time of purchase will apply to the purchase of this product.\">Details<\/span>)<\/small><\/i><\/p>\n<p><a href=\"https:\/\/amazon.es\/dp\/B0DBJ5PBLT?tag=man008-21\"><img decoding=\"async\" src=\"https:\/\/valvepress.s3.amazonaws.com\/imgs\/buy_now.png\"><\/a><br \/>\n<\/p>\n<p>                                             From the manufacturer   <\/p>\n<p>The video showcases the product in use.The video guides you through product setup.The video compares multiple products.The video shows the product being unpacked. Astro A50 LIGHTSPEED HS + Base Station Merchant video<\/p>\n<p>                                                                                     <img decoding=\"async\" alt=\"e\" src=\"https:\/\/m.media-amazon.com\/images\/S\/aplus-media-library-service-media\/bf9ebb4d-5eff-47ff-bb9d-7d5f0508529d.__CR0,0,1464,600_PT0_SX1464_V1___.jpg\">                                                    PLAYSYNC AUDIO: Xbox + PS5 + PC todo a la vez                                         <\/p>\n<p class=\"aplus-p3\"> La funci\u00f3n PLAYSYNC AUDIO para 3 sistemas te otorga el control. Toca para cambiar entre Xbox Serie X|S, PlayStation 5, Nintendo Switch, PC y m\u00e1s. <\/p>\n<p>                                                                                     <img decoding=\"async\" alt=\"e\" src=\"https:\/\/m.media-amazon.com\/images\/S\/aplus-media-library-service-media\/8091dc6a-c3a5-4d01-b72d-256c5dd28fc9.__CR0,0,1464,600_PT0_SX1464_V1___.jpg\">                                                    Micr\u00f3fono de 16 bits y 48 kHz                                         <\/p>\n<p class=\"aplus-p3\"> Suena como los profesionales. El micr\u00f3fono de varilla de alta resoluci\u00f3n de 16 bits y 48 kHz alcanza nuevos niveles de calidad de voz inal\u00e1mbrica. <\/p>\n<p>                                                                                     <img decoding=\"async\" alt=\"e\" src=\"https:\/\/m.media-amazon.com\/images\/S\/aplus-media-library-service-media\/ecf2b524-8d90-483e-aa73-cafe0946f162.__CR0,0,1464,600_PT0_SX1464_V1___.jpg\">                                                    Control avanzado con G HUB y la aplicaci\u00f3n                                         <\/p>\n<p class=\"aplus-p3\"> Controla el ecualizador de los auriculares, la configuraci\u00f3n del micr\u00f3fono, el bloqueador de ruido, el tono lateral y mucho m\u00e1s, mediante G Hub en el PC o la aplicaci\u00f3n Logitech G en iOS\/Android. <\/p>\n<p>                                                                                     <img decoding=\"async\" alt=\"e\" src=\"https:\/\/m.media-amazon.com\/images\/S\/aplus-media-library-service-media\/45036856-d049-4aa7-b45a-c3d6ee90b8fc.__CR0,0,1464,600_PT0_SX1464_V1___.jpg\">                                                    Conectar con audio de juego de Xbox Serie X|S                                         <\/p>\n<p class=\"aplus-p3\"> Con\u00e9ctalos a Xbox Series X|S mediante USB-C para disfrutar de audio inal\u00e1mbrico, comunicaciones de alta resoluci\u00f3n, mezcla del sonido de juego y chat, personalizaci\u00f3n con la aplicaci\u00f3n Logitech G. <\/p>\n<p>                                                                                     <img decoding=\"async\" alt=\"e\" src=\"https:\/\/m.media-amazon.com\/images\/S\/aplus-media-library-service-media\/69e086b4-9925-4345-b9cc-ab8ba4c275e6.__CR0,0,1464,600_PT0_SX1464_V1___.jpg\">                                                    Conectar con audio de juego de PlayStation 5                                         <\/p>\n<p class=\"aplus-p3\"> Con\u00e9ctalos a PS5 mediante USB-C para disfrutar de audio inal\u00e1mbrico, comunicaciones de alta resoluci\u00f3n, personalizaci\u00f3n con la aplicaci\u00f3n Logitech G y PlayStation 3D Audio. <\/p>\n<p>                                                                                     <img decoding=\"async\" alt=\"e\" src=\"https:\/\/m.media-amazon.com\/images\/S\/aplus-media-library-service-media\/ced9ffec-febd-4bb1-8c5f-f47f5990b6da.__CR0,0,1464,600_PT0_SX1464_V1___.jpg\">                                                    Conectar con audio de juego de PC                                         <\/p>\n<p class=\"aplus-p3\"> Con\u00e9ctalos al PC mediante USB-C para disfrutar de audio de 24 bits, comunicaciones de alta resoluci\u00f3n, mezcla del sonido de juego y chat, personalizaci\u00f3n con G HUB, Dolby Atmos y Windows Sonic. <\/p>\n<p>                                                                                     <img decoding=\"async\" alt=\"e\" src=\"https:\/\/m.media-amazon.com\/images\/S\/aplus-media-library-service-media\/6d832c45-0328-4211-ac92-b4bc58fceb3b.__CR0,0,1464,600_PT0_SX1464_V1___.jpg\">                                                    Conectar con audio de juego de Nintendo Switch                                         <\/p>\n<p class=\"aplus-p3\"> Con\u00e9ctalos a Nintendo Switch mediante USB-C para disfrutar de audio inal\u00e1mbrico, comunicaciones y personalizaci\u00f3n con la aplicaci\u00f3n Logitech G, entre otras funciones. <\/p>\n<p>                                                                                     <img decoding=\"async\" alt=\"e\" src=\"https:\/\/m.media-amazon.com\/images\/S\/aplus-media-library-service-media\/0ed7181e-a9ba-43ff-8a31-ea985d1f464c.__CR0,0,1464,600_PT0_SX1464_V1___.jpg\">                                                    Transductores PRO-G GRAPHENE                                         <\/p>\n<p class=\"aplus-p3\"> Escucha detalles y matices en campos de batalla abarrotados con los transductores de audio PRO-G GRAPHENE de 40 mm y la tecnolog\u00eda Live Edge. <\/p>\n<p>                                                                                     <img decoding=\"async\" alt=\"e\" src=\"https:\/\/m.media-amazon.com\/images\/S\/aplus-media-library-service-media\/7dae0653-7e81-4867-8d22-adf51240f148.__CR0,0,1464,600_PT0_SX1464_V1___.jpg\">                                                    Tecnolog\u00eda inal\u00e1mbrica LIGHTSPEED de 24 bits                                         <\/p>\n<p class=\"aplus-p3\"> Audio de juego envolvente y sin comprimir, a la velocidad de la luz. <\/p>\n<p>                                                                                     <img decoding=\"async\" alt=\"ee\" src=\"https:\/\/m.media-amazon.com\/images\/S\/aplus-media-library-service-media\/e254f9ef-bed0-4381-88e5-629ebde5d15f.__CR0,0,1464,600_PT0_SX1464_V1___.jpg\">                                                    El coraz\u00f3n del equipo de gaming definitivo                                         <\/p>\n<p class=\"aplus-p3\"> La estaci\u00f3n base est\u00e1 completamente equipada para el jugador multiplataforma, incluida una base de carga magn\u00e9tica inal\u00e1mbrica de clic. Los A50 siempre est\u00e1n listos para jugar. <\/p>\n<p>                                                                                     <img decoding=\"async\" alt=\"e\" src=\"https:\/\/m.media-amazon.com\/images\/S\/aplus-media-library-service-media\/0e4506ac-e60c-440a-89e8-74caab5990f3.__CR0,0,1464,600_PT0_SX1464_V1___.jpg\">                                                    Mezcla de dos dispositivos Bluetooth                                         <\/p>\n<p class=\"aplus-p3\"> Mezcla chat de Discord con audio de juego. La estaci\u00f3n base dispone de conectividad Bluetooth simult\u00e1nea con tu dispositivo m\u00f3vil. <\/p>\n<p>                                                                                     <img decoding=\"async\" alt=\"e\" src=\"https:\/\/m.media-amazon.com\/images\/S\/aplus-media-library-service-media\/c7003714-fac4-474c-aadd-613d899efb32.__CR0,0,1464,600_PT0_SX1464_V1___.jpg\">                                                    Equilibrio de juego y chat                                         <\/p>\n<p class=\"aplus-p3\"> Escucha a tu equipo con claridad y equilibra el volumen entre los canales de audio de juego y voz con el control integrado en el auricular*.  *Solo para Xbox Series X|S y PC. <\/p>\n<p>                                                                                     <img decoding=\"async\" alt=\"e\" src=\"https:\/\/m.media-amazon.com\/images\/S\/aplus-media-library-service-media\/73ef0460-3ac0-4587-bf1c-303d53a880a5.__CR0,0,1464,600_PT0_SX1464_V1___.jpg\">                                                    Procesador de se\u00f1ales digitales de 7 n\u00facleos                                         <\/p>\n<p class=\"aplus-p3\"> Extraordinario procesamiento de audio para un modelado avanzado del sonido de los juegos que se mantiene en los auriculares mientras cambias de sistema. <\/p>\n<p> Batteries                                            \u200f                                            :                                            \u200e                                            1 Lithium Polymer batteries required. (included)   <br \/> Product Dimensions                                            \u200f                                            :                                            \u200e                                            47.5 x 2.26 x 18.9 cm; 363 g   <br \/> Manufacturer                                            \u200f                                            :                                            \u200e                                            Logitech   <br \/> ASIN                                            \u200f                                            :                                            \u200e                                            B0DBJ5PBLT   <br \/> Item model number                                            \u200f                                            :                                            \u200e                                            939-002224   <br \/> Guaranteed software updates until                                            \u200f                                            :                                            \u200e                                            unknown   <br \/>  Customer reviews:                                                                                            4.3               4.3 out of 5 stars                                  (1,713)                                              var dpAcrHasRegisteredArcLinkClickAction;                    P.when(&#8216;A&#8217;, &#8216;ready&#8217;).execute(function(A) {                        if (dpAcrHasRegisteredArcLinkClickAction !== true) {                            dpAcrHasRegisteredArcLinkClickAction = true;                            A.declarative(                                &#8216;acrLink-click-metrics&#8217;, &#8216;click&#8217;,                                { \u00aballowLinkDefault\u00bb: true },                                function (event) {                                    if (window.ue) {                                        ue.count(\u00abacrLinkClickCount\u00bb, (ue.count(\u00abacrLinkClickCount\u00bb) || 0) + 1);                                    }                                }                            );                        }                    });                                             P.when(&#8216;A&#8217;, &#8216;cf&#8217;).execute(function(A) {                A.declarative(&#8216;acrStarsLink-click-metrics&#8217;, &#8216;click&#8217;, { \u00aballowLinkDefault\u00bb : true },  function(event){                    if(window.ue) {                        ue.count(\u00abacrStarsLinkWithPopoverClickCount\u00bb, (ue.count(\u00abacrStarsLinkWithPopoverClickCount\u00bb) || 0) + 1);                    }                });            });                          <\/p>\n<p>A50 gaming connect to 3 platforms at once via USB-C so you can switch between Xbox, PS5, PC\/Mac or Nintendo Switch\/Switch 2 using the built-in control on the headset<br \/>PRO-G GRAPHENE: unprecedented sharpness and response to deliver accurate sound separation, location and synchronization accuracy (40mm diameter with Live Edge technology)<br \/>LIGHTSPEED 24-BIT WIRELESS TECHNOLOGY &#8211; These wireless headphones with mic deliver immersive, uncompressed gaming sound at full speed<br \/>Broadcast Quality Microphone &#8211; Experience maximum articulation with the 48kHz full bandwidth reed microphone that reaches new levels in voice quality<br \/>Mix two Bluetooth devices: connect to your mobile device and mix your Discord communications or your music with your game audio<br \/>24 HOURS OF USE (at 78dB): the included base station&#8217;s magnetic charging dock ensures your A50s are always charged and ready to play<br \/>7-Core DSP: Extraordinary audio processing for advanced gaming sound modeling that is saved in the headset while switching systems.<br \/>Advanced control with G HUB and the Logitech G app: optimize your gaming audio experience with 10-band parametric EQ, microphone settings, noise blocker<\/p>\n\n","protected":false},"excerpt":{"rendered":"<p> From the manufacturer The video showcases the product in use.The video guides you through product<\/p>","protected":false},"featured_media":27000,"comment_status":"open","ping_status":"closed","template":"","meta":[],"product_brand":[],"product_cat":[48],"product_tag":[6761,7953,5767,4186,720,307,726,714,617,712,855,4005,711,717,859,748,2685,715,719,716,864,2469,718,1062,733,5639,188,226,713,1079],"class_list":{"0":"post-26999","1":"product","2":"type-product","3":"status-publish","4":"has-post-thumbnail","6":"product_cat-headsets","7":"product_tag-5th","8":"product_tag-a50","9":"product_tag-astro","10":"product_tag-base","11":"product_tag-best-headset","12":"product_tag-black","13":"product_tag-bluetooth","14":"product_tag-bluetooth-headset","15":"product_tag-gaming","16":"product_tag-gaming-headset","17":"product_tag-gen","18":"product_tag-graphene","19":"product_tag-headset","20":"product_tag-headset-with-mic","21":"product_tag-lightspeed","22":"product_tag-logitech","23":"product_tag-nintendo","24":"product_tag-noise-cancelling-headset","25":"product_tag-over-ear-headset","26":"product_tag-pc-headset","27":"product_tag-prog","28":"product_tag-ps5","29":"product_tag-rgb-gaming-headset","30":"product_tag-switch","31":"product_tag-switching","32":"product_tag-systems","33":"product_tag-usbc","34":"product_tag-wireless","35":"product_tag-wireless-headset","36":"product_tag-xbox","38":"first","39":"instock","40":"sale","41":"shipping-taxable","42":"product-type-external"},"_links":{"self":[{"href":"https:\/\/comprasyconsejos.store\/en\/wp-json\/wp\/v2\/product\/26999","targetHints":{"allow":["GET"]}}],"collection":[{"href":"https:\/\/comprasyconsejos.store\/en\/wp-json\/wp\/v2\/product"}],"about":[{"href":"https:\/\/comprasyconsejos.store\/en\/wp-json\/wp\/v2\/types\/product"}],"replies":[{"embeddable":true,"href":"https:\/\/comprasyconsejos.store\/en\/wp-json\/wp\/v2\/comments?post=26999"}],"version-history":[{"count":0,"href":"https:\/\/comprasyconsejos.store\/en\/wp-json\/wp\/v2\/product\/26999\/revisions"}],"wp:featuredmedia":[{"embeddable":true,"href":"https:\/\/comprasyconsejos.store\/en\/wp-json\/wp\/v2\/media\/27000"}],"wp:attachment":[{"href":"https:\/\/comprasyconsejos.store\/en\/wp-json\/wp\/v2\/media?parent=26999"}],"wp:term":[{"taxonomy":"product_brand","embeddable":true,"href":"https:\/\/comprasyconsejos.store\/en\/wp-json\/wp\/v2\/product_brand?post=26999"},{"taxonomy":"product_cat","embeddable":true,"href":"https:\/\/comprasyconsejos.store\/en\/wp-json\/wp\/v2\/product_cat?post=26999"},{"taxonomy":"product_tag","embeddable":true,"href":"https:\/\/comprasyconsejos.store\/en\/wp-json\/wp\/v2\/product_tag?post=26999"}],"curies":[{"name":"wp","href":"https:\/\/api.w.org\/{rel}","templated":true}]}}