{"id":27019,"date":"2026-02-20T11:17:17","date_gmt":"2026-02-20T11:17:17","guid":{"rendered":"https:\/\/comprasyconsejos.store\/product\/generico-wireless-bluetooth-mouse-black-quiet-mini-rechargeable-bluetooth-users-electronic-devices-office-home\/"},"modified":"2026-02-20T11:17:18","modified_gmt":"2026-02-20T11:17:18","slug":"generico-wireless-bluetooth-mouse-black-quiet-mini-rechargeable-bluetooth-users-electronic-devices-office-home","status":"publish","type":"product","link":"https:\/\/comprasyconsejos.store\/en\/product\/generico-wireless-bluetooth-mouse-black-quiet-mini-rechargeable-bluetooth-users-electronic-devices-office-home\/","title":{"rendered":"Gen\u00e9rico Wireless Bluetooth Mouse Black &#8211; Quiet, Mini, Rechargeable | Bluetooth | Users Electronic Devices | Office, Home"},"content":{"rendered":"<p>Price: <span style=\"color:#b12704\">\u20ac3.89<\/span><br \/><i><small>(as of Feb 20, 2026 11:17:17 UTC &#8211; <span class=\"wp_automatic_amazon_disclaimer\" title=\"Product prices and availability are accurate as of the date\/time indicated and are subject to change. Any price and availability information displayed on [relevant Amazon Site(s), as applicable] at the time of purchase will apply to the purchase of this product.\">Details<\/span>)<\/small><\/i><\/p>\n<p><a href=\"https:\/\/amazon.es\/dp\/B0G4JHKPSP?tag=man008-21\"><img decoding=\"async\" src=\"https:\/\/valvepress.s3.amazonaws.com\/imgs\/buy_now.png\"><\/a><br \/>\n<br \/>\n    <span>1 Pieza Rat\u00f3n Inal\u00e1mbrico Bluetooth Negro &#8211; Silencioso Mini, M\u00f3vil\/Tablet\/Port\u00e1til<\/span><br \/>Silent Wireless Bluetooth Mouse,1 Unit Black,Mini,Universal Portable Convenient and Practical<br \/>Wireless mouse for office and home multi-device, compatible, ideal for office and daily use<br \/>Bluetooth wireless, stable connection<br \/>Silent click,no noise disturbance<br \/>Mini size, portable for travel\/office<\/p>\n\n","protected":false},"excerpt":{"rendered":"<p> 1 Pieza Rat\u00f3n Inal\u00e1mbrico Bluetooth Negro &#8211; Silencioso Mini, M\u00f3vil\/Tablet\/Port\u00e1tilSilent Wireless Bluetooth Mouse,1 Unit Black,Mini,Universal<\/p>","protected":false},"featured_media":27020,"comment_status":"open","ping_status":"closed","template":"","meta":[],"product_brand":[],"product_cat":[50],"product_tag":[765,307,726,759,756,242,2766,761,758,6547,626,215,767,585,769,1149,763,760,764,762,1722,226,757],"class_list":{"0":"post-27019","1":"product","2":"type-product","3":"status-publish","4":"has-post-thumbnail","6":"product_cat-mouse","7":"product_tag-best-gaming-mouse","8":"product_tag-black","9":"product_tag-bluetooth","10":"product_tag-bluetooth-mouse","11":"product_tag-computer-mouse","12":"product_tag-devices","13":"product_tag-electronic","14":"product_tag-ergonomic-mouse","15":"product_tag-gaming-mouse","16":"product_tag-generico","17":"product_tag-home","18":"product_tag-mini","19":"product_tag-mouse","20":"product_tag-office","21":"product_tag-quiet","22":"product_tag-rechargeable","23":"product_tag-rechargeable-mouse","24":"product_tag-rgb-mouse","25":"product_tag-silent-mouse","26":"product_tag-usb-mouse","27":"product_tag-users","28":"product_tag-wireless","29":"product_tag-wireless-mouse","31":"first","32":"instock","33":"shipping-taxable","34":"product-type-external"},"_links":{"self":[{"href":"https:\/\/comprasyconsejos.store\/en\/wp-json\/wp\/v2\/product\/27019","targetHints":{"allow":["GET"]}}],"collection":[{"href":"https:\/\/comprasyconsejos.store\/en\/wp-json\/wp\/v2\/product"}],"about":[{"href":"https:\/\/comprasyconsejos.store\/en\/wp-json\/wp\/v2\/types\/product"}],"replies":[{"embeddable":true,"href":"https:\/\/comprasyconsejos.store\/en\/wp-json\/wp\/v2\/comments?post=27019"}],"version-history":[{"count":0,"href":"https:\/\/comprasyconsejos.store\/en\/wp-json\/wp\/v2\/product\/27019\/revisions"}],"wp:featuredmedia":[{"embeddable":true,"href":"https:\/\/comprasyconsejos.store\/en\/wp-json\/wp\/v2\/media\/27020"}],"wp:attachment":[{"href":"https:\/\/comprasyconsejos.store\/en\/wp-json\/wp\/v2\/media?parent=27019"}],"wp:term":[{"taxonomy":"product_brand","embeddable":true,"href":"https:\/\/comprasyconsejos.store\/en\/wp-json\/wp\/v2\/product_brand?post=27019"},{"taxonomy":"product_cat","embeddable":true,"href":"https:\/\/comprasyconsejos.store\/en\/wp-json\/wp\/v2\/product_cat?post=27019"},{"taxonomy":"product_tag","embeddable":true,"href":"https:\/\/comprasyconsejos.store\/en\/wp-json\/wp\/v2\/product_tag?post=27019"}],"curies":[{"name":"wp","href":"https:\/\/api.w.org\/{rel}","templated":true}]}}