{"id":27023,"date":"2026-02-20T11:23:41","date_gmt":"2026-02-20T11:23:41","guid":{"rendered":"https:\/\/comprasyconsejos.store\/product\/macally-xmouse-ambidextrous-optical-usb-mouse-1200-dpi-white\/"},"modified":"2026-02-20T11:23:44","modified_gmt":"2026-02-20T11:23:44","slug":"macally-xmouse-ambidextrous-optical-usb-mouse-1200-dpi-white","status":"publish","type":"product","link":"https:\/\/comprasyconsejos.store\/en\/product\/macally-xmouse-ambidextrous-optical-usb-mouse-1200-dpi-white\/","title":{"rendered":"Macally XMOUSE Ambidextrous Optical USB Mouse 1200 DPI, White"},"content":{"rendered":"<p>Price: <span style=\"color:#b12704\">\u20ac32.95<\/span><br \/><i><small>(as of Feb 20, 2026 11:23:41 UTC &#8211; <span class=\"wp_automatic_amazon_disclaimer\" title=\"Product prices and availability are accurate as of the date\/time indicated and are subject to change. Any price and availability information displayed on [relevant Amazon Site(s), as applicable] at the time of purchase will apply to the purchase of this product.\">Details<\/span>)<\/small><\/i><\/p>\n<p><a href=\"https:\/\/amazon.es\/dp\/B07FTKQ97Q?tag=man008-21\"><img decoding=\"async\" src=\"https:\/\/valvepress.s3.amazonaws.com\/imgs\/buy_now.png\"><\/a><br \/>\n<br \/>\n<br \/> Is discontinued by manufacturer                                            \u200f                                            :                                            \u200e                                            No   <br \/> Product Dimensions                                            \u200f                                            :                                            \u200e                                            16.51 x 6.35 x 3.05 cm; 132 g   <br \/> Manufacturer                                            \u200f                                            :                                            \u200e                                            Mace Group Inc \/ Macally Peripherals   <br \/> ASIN                                            \u200f                                            :                                            \u200e                                            B07FTKQ97Q   <br \/> Item model number                                            \u200f                                            :                                            \u200e                                            XMOUSE   <br \/> Guaranteed software updates until                                            \u200f                                            :                                            \u200e                                            unknown   <br \/>  Customer reviews:                                                                                            4.6               4.6 out of 5 stars                                  (1,126)                                              var dpAcrHasRegisteredArcLinkClickAction;                    P.when(&#8216;A&#8217;, &#8216;ready&#8217;).execute(function(A) {                        if (dpAcrHasRegisteredArcLinkClickAction !== true) {                            dpAcrHasRegisteredArcLinkClickAction = true;                            A.declarative(                                &#8216;acrLink-click-metrics&#8217;, &#8216;click&#8217;,                                { \u00aballowLinkDefault\u00bb: true },                                function (event) {                                    if (window.ue) {                                        ue.count(\u00abacrLinkClickCount\u00bb, (ue.count(\u00abacrLinkClickCount\u00bb) || 0) + 1);                                    }                                }                            );                        }                    });                                             P.when(&#8216;A&#8217;, &#8216;cf&#8217;).execute(function(A) {                A.declarative(&#8216;acrStarsLink-click-metrics&#8217;, &#8216;click&#8217;, { \u00aballowLinkDefault\u00bb : true },  function(event){                    if(window.ue) {                        ue.count(\u00abacrStarsLinkWithPopoverClickCount\u00bb, (ue.count(\u00abacrStarsLinkWithPopoverClickCount\u00bb) || 0) + 1);                    }                });            });                          <\/p>\n<p>Elegante, vers\u00e1til y ambidiestro: el elegante mouse Mac tiene un dise\u00f1o ergon\u00f3mico y ambidiestro que ser\u00e1 c\u00f3modo de usar durante largas horas de trabajo mientras que es una soluci\u00f3n fiable que no arruinar\u00e1 el banco.<br \/>Esenciales b\u00e1sicos: este mouse USB es el compa\u00f1ero perfecto para cualquier espacio de trabajo. A diferencia de otros ratones que tienen un mont\u00f3n de botones innecesarios que nunca se utilizar\u00e1n, el nuestro est\u00e1 construido con un simple clic izquierdo, clic derecho y dise\u00f1o de rueda de desplazamiento que es f\u00e1cil de usar.<br \/>Control preciso y preciso del cursor: el r\u00e1pido mouse para PC tiene una clasificaci\u00f3n de 1200 DPI, lo que permite un movimiento preciso, r\u00e1pido y suave del cursor con precisi\u00f3n milim\u00e9trica.<br \/>Plug &#038; Play\/Amplia compatibilidad: no se necesitan controladores ni software para utilizar el mouse con cable. Siempre y cuando tengas un puerto USB, funcionar\u00e1 muy bien como un mouse MacBook o computadora Windows o mouse para port\u00e1til. Mac OSx 10.1 o posterior o Windows XP, Vista \/7\/8\/10.<br \/>Nos esforzamos por la excelencia tanto en nuestros productos como en el servicio al cliente. Por lo tanto, con la compra del mouse con cable USB, tambi\u00e9n recibir\u00e1s hasta 2 a\u00f1os de garant\u00eda, soporte de por vida y devoluciones f\u00e1ciles.<\/p>\n\n","protected":false},"excerpt":{"rendered":"<p> Is discontinued by manufacturer \u200f : \u200e No Product Dimensions \u200f : \u200e 16.51 x<\/p>","protected":false},"featured_media":27024,"comment_status":"open","ping_status":"closed","template":"","meta":[],"product_brand":[],"product_cat":[89],"product_tag":[777,776,785,893,778,782,784,775,783,7536,767,780,891,779,781,133,205,7956],"class_list":{"0":"post-27023","1":"product","2":"type-product","3":"status-publish","4":"has-post-thumbnail","6":"product_cat-all-in-one-pcs","7":"product_tag-all-in-one-desktop","8":"product_tag-all-in-one-pc","9":"product_tag-all-in-one-pc-price","10":"product_tag-ambidextrous","11":"product_tag-apple-imac","12":"product_tag-best-all-in-one-computer","13":"product_tag-compact-pc","14":"product_tag-dpi","15":"product_tag-gaming-all-in-one-pc","16":"product_tag-macally","17":"product_tag-mouse","18":"product_tag-office-all-in-one-pc","19":"product_tag-optical","20":"product_tag-slim-all-in-one-pc","21":"product_tag-touchscreen-all-in-one-pc","22":"product_tag-usb","23":"product_tag-white","24":"product_tag-xmouse","26":"first","27":"instock","28":"shipping-taxable","29":"product-type-external"},"_links":{"self":[{"href":"https:\/\/comprasyconsejos.store\/en\/wp-json\/wp\/v2\/product\/27023","targetHints":{"allow":["GET"]}}],"collection":[{"href":"https:\/\/comprasyconsejos.store\/en\/wp-json\/wp\/v2\/product"}],"about":[{"href":"https:\/\/comprasyconsejos.store\/en\/wp-json\/wp\/v2\/types\/product"}],"replies":[{"embeddable":true,"href":"https:\/\/comprasyconsejos.store\/en\/wp-json\/wp\/v2\/comments?post=27023"}],"version-history":[{"count":0,"href":"https:\/\/comprasyconsejos.store\/en\/wp-json\/wp\/v2\/product\/27023\/revisions"}],"wp:featuredmedia":[{"embeddable":true,"href":"https:\/\/comprasyconsejos.store\/en\/wp-json\/wp\/v2\/media\/27024"}],"wp:attachment":[{"href":"https:\/\/comprasyconsejos.store\/en\/wp-json\/wp\/v2\/media?parent=27023"}],"wp:term":[{"taxonomy":"product_brand","embeddable":true,"href":"https:\/\/comprasyconsejos.store\/en\/wp-json\/wp\/v2\/product_brand?post=27023"},{"taxonomy":"product_cat","embeddable":true,"href":"https:\/\/comprasyconsejos.store\/en\/wp-json\/wp\/v2\/product_cat?post=27023"},{"taxonomy":"product_tag","embeddable":true,"href":"https:\/\/comprasyconsejos.store\/en\/wp-json\/wp\/v2\/product_tag?post=27023"}],"curies":[{"name":"wp","href":"https:\/\/api.w.org\/{rel}","templated":true}]}}