{"id":27038,"date":"2026-02-20T11:33:02","date_gmt":"2026-02-20T11:33:02","guid":{"rendered":"https:\/\/comprasyconsejos.store\/product\/offtek-32gb-ram-memory-replacement-for-hp-compaq-pavilion-gaming-tg01-0019ur-ddr4-21300-pc4-2666-non-ecc-desktop-memory\/"},"modified":"2026-02-20T11:33:04","modified_gmt":"2026-02-20T11:33:04","slug":"offtek-32gb-ram-memory-replacement-for-hp-compaq-pavilion-gaming-tg01-0019ur-ddr4-21300-pc4-2666-non-ecc-desktop-memory","status":"publish","type":"product","link":"https:\/\/comprasyconsejos.store\/en\/product\/offtek-32gb-ram-memory-replacement-for-hp-compaq-pavilion-gaming-tg01-0019ur-ddr4-21300-pc4-2666-non-ecc-desktop-memory\/","title":{"rendered":"OFFTEK 32GB RAM Memory Replacement for HP-Compaq Pavilion Gaming TG01-0019ur (DDR4-21300 (PC4-2666) &#8211; Non-ECC) Desktop Memory"},"content":{"rendered":"<p>Price: <span style=\"color:#b12704\">\u20ac326.92<\/span><br \/><i><small>(as of Feb 20, 2026 11:33:02 UTC &#8211; <span class=\"wp_automatic_amazon_disclaimer\" title=\"Product prices and availability are accurate as of the date\/time indicated and are subject to change. Any price and availability information displayed on [relevant Amazon Site(s), as applicable] at the time of purchase will apply to the purchase of this product.\">Details<\/span>)<\/small><\/i><\/p>\n<p><a href=\"https:\/\/amazon.es\/dp\/B08Q4L9LS1?tag=man008-21\"><img decoding=\"async\" src=\"https:\/\/valvepress.s3.amazonaws.com\/imgs\/buy_now.png\"><\/a><br \/>\n<\/p>\n<p>                                             Product Description   <\/p>\n<p>                                                         <img decoding=\"async\" alt=\"Logotipo Offtek\" src=\"https:\/\/images-na.ssl-images-amazon.com\/images\/G\/01\/x-locale\/common\/grey-pixel.gif\" class=\"a-lazy-loaded\" data-src=\"https:\/\/m.media-amazon.com\/images\/S\/aplus-media-library-service-media\/1a73099e-7d7a-457f-82be-60816771ebf7.__CR0,0,600,180_PT0_SX600_V1___.png\"><img decoding=\"async\" alt=\"Logotipo Offtek\" src=\"https:\/\/m.media-amazon.com\/images\/S\/aplus-media-library-service-media\/1a73099e-7d7a-457f-82be-60816771ebf7.__CR0,0,600,180_PT0_SX600_V1___.png\">      <\/p>\n<p>                                                  <img decoding=\"async\" alt=\"M\u00f3dulo de computadora de escritorio Offtek instalado en la ranura RAM de la placa base\" src=\"https:\/\/images-na.ssl-images-amazon.com\/images\/G\/01\/x-locale\/common\/grey-pixel.gif\" class=\"a-lazy-loaded\" data-src=\"https:\/\/m.media-amazon.com\/images\/S\/aplus-media-library-service-media\/f83bb058-6d26-47e8-bf60-947bc9807278.__CR0,0,970,300_PT0_SX970_V1___.png\"><img decoding=\"async\" alt=\"M\u00f3dulo de computadora de escritorio Offtek instalado en la ranura RAM de la placa base\" src=\"https:\/\/m.media-amazon.com\/images\/S\/aplus-media-library-service-media\/f83bb058-6d26-47e8-bf60-947bc9807278.__CR0,0,970,300_PT0_SX970_V1___.png\">  <\/p>\n<h3> Memoria de escritorio OFFTEK <\/h3>\n<p> La forma f\u00e1cil de potenciar su PC <\/p>\n<p>                                                      <img decoding=\"async\" alt=\"La memoria de la computadora de escritorio Offtek est\u00e1 instalada en el escritorio en primer plano.\" src=\"https:\/\/images-na.ssl-images-amazon.com\/images\/G\/01\/x-locale\/common\/grey-pixel.gif\" class=\"a-spacing-mini a-lazy-loaded\" data-src=\"https:\/\/m.media-amazon.com\/images\/S\/aplus-media-library-service-media\/52a00d8e-13b0-4ec7-9c09-da877157a191.__CR39,0,303,303_PT0_SX300_V1___.png\"><img decoding=\"async\" alt=\"La memoria de la computadora de escritorio Offtek est\u00e1 instalada en el escritorio en primer plano.\" src=\"https:\/\/m.media-amazon.com\/images\/S\/aplus-media-library-service-media\/52a00d8e-13b0-4ec7-9c09-da877157a191.__CR39,0,303,303_PT0_SX300_V1___.png\">  <\/p>\n<h3 class=\"a-spacing-mini\"> La forma f\u00e1cil de aumentar el rendimiento <\/h3>\n<p>                                           \u00bfTu PC es lenta?                                     <\/p>\n<p class=\"a-spacing-base\"> Los m\u00f3dulos de memoria est\u00e1n dise\u00f1ados para aumentar el rendimiento de las computadoras. <\/p>\n<p class=\"a-spacing-base\"> Las memorias de escritorio har\u00e1n que su PC funcione m\u00e1s r\u00e1pido y m\u00e1s f\u00e1cil que nunca. <\/p>\n<p>                                                         \u00bfPor qu\u00e9 deber\u00eda actualizar mi PC?                                        Mejorar el rendimiento general de la m\u00e1quina.       Permitir una mayor multitarea       Extiende la vida de la m\u00e1quina       Produzca tiempos de inicio m\u00e1s r\u00e1pidos       Disminuci\u00f3n de la latencia en los juegos.       Productividad incrementada       <\/p>\n<p class=\"apm-text-center\">\n                                                      <img decoding=\"async\" alt=\"Mano instalando un m\u00f3dulo de la computadora de escritorio en la ranura dentro de la computadora\" src=\"https:\/\/images-na.ssl-images-amazon.com\/images\/G\/01\/x-locale\/common\/grey-pixel.gif\" class=\"a-spacing-mini a-lazy-loaded\" data-src=\"https:\/\/m.media-amazon.com\/images\/S\/aplus-media-library-service-media\/82860101-66ec-4fcf-8495-404bf394241b.__CR0,0,300,300_PT0_SX300_V1___.png\"><img decoding=\"async\" alt=\"Mano instalando un m\u00f3dulo de la computadora de escritorio en la ranura dentro de la computadora\" src=\"https:\/\/m.media-amazon.com\/images\/S\/aplus-media-library-service-media\/82860101-66ec-4fcf-8495-404bf394241b.__CR0,0,300,300_PT0_SX300_V1___.png\">  <\/p>\n<p>                                                    Instalaci\u00f3n Plug and Play                                       <\/p>\n<p> No hay configuraci\u00f3n, no hay que esperar a que las cosas se actualicen y guarden. Es simplemente Plug and Play. <\/p>\n<p> Agregar memoria es la actualizaci\u00f3n m\u00e1s f\u00e1cil y econ\u00f3mica disponible para su m\u00e1quina para obtener el mejor aumento de rendimiento. <\/p>\n<p class=\"apm-text-center\">\n                                                      <img decoding=\"async\" alt=\"Dos hombres mirando una imagen de alta resoluci\u00f3n en la pantalla de una computadora de escritorio\" src=\"https:\/\/images-na.ssl-images-amazon.com\/images\/G\/01\/x-locale\/common\/grey-pixel.gif\" class=\"a-spacing-mini a-lazy-loaded\" data-src=\"https:\/\/m.media-amazon.com\/images\/S\/aplus-media-library-service-media\/e868777b-6714-4c53-8267-bc5cc441652d.__CR0,0,300,300_PT0_SX300_V1___.png\"><img decoding=\"async\" alt=\"Dos hombres mirando una imagen de alta resoluci\u00f3n en la pantalla de una computadora de escritorio\" src=\"https:\/\/m.media-amazon.com\/images\/S\/aplus-media-library-service-media\/e868777b-6714-4c53-8267-bc5cc441652d.__CR0,0,300,300_PT0_SX300_V1___.png\">  <\/p>\n<p>                                                    Multitarea con facilidad                                       <\/p>\n<p> Al agregar RAM adicional, no solo extiende la vida \u00fatil de la m\u00e1quina, sino que tambi\u00e9n mejora la capacidad de la PC para ejecutar m\u00faltiples aplicaciones. <\/p>\n<p> La memoria Offtek le permitir\u00e1 ejecutar f\u00e1cilmente aplicaciones con uso intensivo de datos. <\/p>\n<p class=\"apm-text-center\">\n                                                      <img decoding=\"async\" alt=\"wafer en silicona comprobada en el laboratorio\" src=\"https:\/\/images-na.ssl-images-amazon.com\/images\/G\/01\/x-locale\/common\/grey-pixel.gif\" class=\"a-spacing-mini a-lazy-loaded\" data-src=\"https:\/\/m.media-amazon.com\/images\/S\/aplus-media-library-service-media\/c06373e1-e9d1-4108-ba01-1c7119900027.__CR0,0,300,300_PT0_SX300_V1___.png\"><img decoding=\"async\" alt=\"wafer en silicona comprobada en el laboratorio\" src=\"https:\/\/m.media-amazon.com\/images\/S\/aplus-media-library-service-media\/c06373e1-e9d1-4108-ba01-1c7119900027.__CR0,0,300,300_PT0_SX300_V1___.png\">  <\/p>\n<p>                                                    M\u00f3dulos de la m\u00e1s alta calidad                                       <\/p>\n<p> Como ocurre con la mayor\u00eda de las cosas, no todos las memorias son iguales. En Offtek, hacemos un esfuerzo adicional para asegurarnos de que las actualizaciones de ram que proporcionamos sean de primera calidad y pasen por rigurosos controles de calidad antes de que se nos d\u00e9 permiso para enviar a nuestros clientes. <\/p>\n<p>                                                  <img decoding=\"async\" alt=\"Logotipo de la marca Offtek Simply Memory\" src=\"https:\/\/images-na.ssl-images-amazon.com\/images\/G\/01\/x-locale\/common\/grey-pixel.gif\" class=\"a-lazy-loaded\" data-src=\"https:\/\/m.media-amazon.com\/images\/S\/aplus-media-library-service-media\/e2556606-907d-4d4d-9cae-0d5ba0d4fc66.__CR0,0,300,300_PT0_SX300_V1___.png\"><img decoding=\"async\" alt=\"Logotipo de la marca Offtek Simply Memory\" src=\"https:\/\/m.media-amazon.com\/images\/S\/aplus-media-library-service-media\/e2556606-907d-4d4d-9cae-0d5ba0d4fc66.__CR0,0,300,300_PT0_SX300_V1___.png\">  <\/p>\n<h3 class=\"a-spacing-mini\"> \u00bfPor qu\u00e9 offtek deber\u00eda ser su primera opci\u00f3n para la memoria RAM? <\/h3>\n<p> Con m\u00e1s de 21 a\u00f1os de experiencia en la industria de la memoria, Offtek ha proporcionado actualizaciones de memoria a m\u00e1s de 750.000 clientes. Queremos que todos nuestros clientes se sientan c\u00f3modos haciendo pedidos con nosotros y creemos que al brindar un soporte al cliente excepcional, nuestros clientes seguir\u00e1n siendo clientes leales y nos recomendar\u00e1n con sus amigos y sus familias. <\/p>\n<p> Product Dimensions                                            \u200f                                            :                                            \u200e                                            17.53 x 1.27 x 4.83 cm; 9.07 g   <br \/> Manufacturer                                            \u200f                                            :                                            \u200e                                            Offtek   <br \/> ASIN                                            \u200f                                            :                                            \u200e                                            B08Q4L9LS1   <br \/> Manufacturer reference                                            \u200f                                            :                                            \u200e                                            1935021-HP-32768   <br \/> Country\/Region of Origin                                            \u200f                                            :                                            \u200e                                            Hong Kong   <br \/> Guaranteed software updates until                                            \u200f                                            :                                            \u200e                                            unknown   <\/p>\n<p>Easy installation. RAM is one of the easiest ways to upgrade your machine. No software or operating system update is required. (Plug &#038; Play). Installation Guides OFFTEK.<br \/>Improve the overall performance of the machine. Faster commissioning times. Increased productivity. Increased multitasking. Prolongs machine life.<br \/>Limited Lifetime Warranty &#8211; Make sure your memory lasts a lifetime. Our limited lifetime warranty ensures that if your memory fails, we will replace or repair it free of charge as long as it remains manufactured.<br \/>The OFFTEK memory is made with premium components. Module-level testing ensures long-term reliability backed by over 25 years of memory experience.<br \/>100% Compatibility: Each memory product designed specifically for your machine is individually tested to ensure 100% reliability and compatibility with your computer and operating system.<\/p>\n\n","protected":false},"excerpt":{"rendered":"<p> Product Description Memoria de escritorio OFFTEK La forma f\u00e1cil de potenciar su PC La forma<\/p>","protected":false},"featured_media":27039,"comment_status":"open","ping_status":"closed","template":"","meta":[],"product_brand":[],"product_cat":[90],"product_tag":[902,613,611,6106,787,617,607,604,609,606,612,608,6103,511,2382,6101,6104,6107,605,587,2878,610,7961],"class_list":{"0":"post-27038","1":"product","2":"type-product","3":"status-publish","4":"has-post-thumbnail","6":"product_cat-gaming-pcs","7":"product_tag-32gb","8":"product_tag-best-gaming-pc","9":"product_tag-custom-gaming-pc","10":"product_tag-ddr421300","11":"product_tag-desktop","12":"product_tag-gaming","13":"product_tag-gaming-desktop","14":"product_tag-gaming-pc","15":"product_tag-gaming-pc-16gb-ram","16":"product_tag-gaming-pc-rtx","17":"product_tag-gaming-pc-ssd","18":"product_tag-high-end-gaming-pc","19":"product_tag-hpcompaq","20":"product_tag-memory","21":"product_tag-nonecc","22":"product_tag-offtek","23":"product_tag-pavilion","24":"product_tag-pc42666","25":"product_tag-prebuilt-gaming-pc","26":"product_tag-ram","27":"product_tag-replacement","28":"product_tag-rgb-gaming-pc","29":"product_tag-tg010019ur","31":"first","32":"instock","33":"shipping-taxable","34":"product-type-external"},"_links":{"self":[{"href":"https:\/\/comprasyconsejos.store\/en\/wp-json\/wp\/v2\/product\/27038","targetHints":{"allow":["GET"]}}],"collection":[{"href":"https:\/\/comprasyconsejos.store\/en\/wp-json\/wp\/v2\/product"}],"about":[{"href":"https:\/\/comprasyconsejos.store\/en\/wp-json\/wp\/v2\/types\/product"}],"replies":[{"embeddable":true,"href":"https:\/\/comprasyconsejos.store\/en\/wp-json\/wp\/v2\/comments?post=27038"}],"version-history":[{"count":0,"href":"https:\/\/comprasyconsejos.store\/en\/wp-json\/wp\/v2\/product\/27038\/revisions"}],"wp:featuredmedia":[{"embeddable":true,"href":"https:\/\/comprasyconsejos.store\/en\/wp-json\/wp\/v2\/media\/27039"}],"wp:attachment":[{"href":"https:\/\/comprasyconsejos.store\/en\/wp-json\/wp\/v2\/media?parent=27038"}],"wp:term":[{"taxonomy":"product_brand","embeddable":true,"href":"https:\/\/comprasyconsejos.store\/en\/wp-json\/wp\/v2\/product_brand?post=27038"},{"taxonomy":"product_cat","embeddable":true,"href":"https:\/\/comprasyconsejos.store\/en\/wp-json\/wp\/v2\/product_cat?post=27038"},{"taxonomy":"product_tag","embeddable":true,"href":"https:\/\/comprasyconsejos.store\/en\/wp-json\/wp\/v2\/product_tag?post=27038"}],"curies":[{"name":"wp","href":"https:\/\/api.w.org\/{rel}","templated":true}]}}