{"id":27070,"date":"2026-02-20T11:45:37","date_gmt":"2026-02-20T11:45:37","guid":{"rendered":"https:\/\/comprasyconsejos.store\/product\/gigabyte-aero-x16-2wh-gaming-laptop-16-165hz-wqxga-ryzen-ai-9-hx-370-rtx-5070-32gb-ddr5-1tb-gen4-ssd-win-11-home-2-year-warranty-copilot-pc-aero-x16-2wha3esc64ah\/"},"modified":"2026-02-20T11:45:40","modified_gmt":"2026-02-20T11:45:40","slug":"gigabyte-aero-x16-2wh-gaming-laptop-16-165hz-wqxga-ryzen-ai-9-hx-370-rtx-5070-32gb-ddr5-1tb-gen4-ssd-win-11-home-2-year-warranty-copilot-pc-aero-x16-2wha3esc64ah","status":"publish","type":"product","link":"https:\/\/comprasyconsejos.store\/en\/product\/gigabyte-aero-x16-2wh-gaming-laptop-16-165hz-wqxga-ryzen-ai-9-hx-370-rtx-5070-32gb-ddr5-1tb-gen4-ssd-win-11-home-2-year-warranty-copilot-pc-aero-x16-2wha3esc64ah\/","title":{"rendered":"GIGABYTE Aero X16 2WH Gaming Laptop &#8211; 16&#8243;, 165Hz WQXGA, Ryzen AI 9 HX 370, RTX 5070, 32GB DDR5, 1TB Gen4 SSD, Win 11 Home, 2 Year Warranty, Copilot+ PC, Aero X16 2WHA3ESC64AH"},"content":{"rendered":"<p>Price: <span style=\"color:#b12704\"><del>\u20ac1,999.00<\/del> - \u20ac1,849.00<\/span><br \/><i><small>(as of Feb 20, 2026 11:45:37 UTC &#8211; <span class=\"wp_automatic_amazon_disclaimer\" title=\"Product prices and availability are accurate as of the date\/time indicated and are subject to change. Any price and availability information displayed on [relevant Amazon Site(s), as applicable] at the time of purchase will apply to the purchase of this product.\">Details<\/span>)<\/small><\/i><\/p>\n<p><a href=\"https:\/\/amazon.es\/dp\/B0F4KTTHR9?tag=man008-21\"><img decoding=\"async\" src=\"https:\/\/valvepress.s3.amazonaws.com\/imgs\/buy_now.png\"><\/a><br \/>\n<\/p>\n<p>                                             From the manufacturer   <\/p>\n<p>                                                  <img decoding=\"async\" alt=\"Image\" src=\"https:\/\/images-na.ssl-images-amazon.com\/images\/G\/01\/x-locale\/common\/grey-pixel.gif\" class=\"a-lazy-loaded\" data-src=\"https:\/\/m.media-amazon.com\/images\/S\/aplus-media-library-service-media\/004da706-6ab3-41de-9202-359332bf3b1a.__CR2,0,1196,370_PT0_SX970_V1___.jpeg\"><img decoding=\"async\" alt=\"Image\" src=\"https:\/\/m.media-amazon.com\/images\/S\/aplus-media-library-service-media\/004da706-6ab3-41de-9202-359332bf3b1a.__CR2,0,1196,370_PT0_SX970_V1___.jpeg\">  <\/p>\n<p>                                                  <img decoding=\"async\" alt=\"GIGABYTE AERO X16 2WHA3ESC64AH\" src=\"https:\/\/images-na.ssl-images-amazon.com\/images\/G\/01\/x-locale\/common\/grey-pixel.gif\" class=\"a-lazy-loaded\" data-src=\"https:\/\/m.media-amazon.com\/images\/S\/aplus-media-library-service-media\/f5ece293-7c8c-4358-a4d9-317732688631.__CR0,0,1200,1200_PT0_SX300_V1___.png\"><img decoding=\"async\" alt=\"GIGABYTE AERO X16 2WHA3ESC64AH\" src=\"https:\/\/m.media-amazon.com\/images\/S\/aplus-media-library-service-media\/f5ece293-7c8c-4358-a4d9-317732688631.__CR0,0,1200,1200_PT0_SX300_V1___.png\">  <\/p>\n<h3 class=\"a-spacing-mini\"> GIGABYTE AERO X16 2WHA3ESC64AH <\/h3>\n<p> Combinando las \u00faltimas GPU AMD Ryzen AI de la serie 300 y NVIDIA GeForce RTX de la serie 50, el AERO X16 ofrece un rendimiento potente en un dise\u00f1o elegante. Con una pantalla QHD de 165Hz y GiMATE AI, es perfecto para jugar y trabajar de manera creativa sobre la marcha. <\/p>\n<p class=\"apm-text-center\">\n                                                      <img decoding=\"async\" alt=\"Comienza la Era de la IA con Copilot+ PC\" src=\"https:\/\/images-na.ssl-images-amazon.com\/images\/G\/01\/x-locale\/common\/grey-pixel.gif\" class=\"a-spacing-mini a-lazy-loaded\" data-src=\"https:\/\/m.media-amazon.com\/images\/S\/aplus-media-library-service-media\/58eec1d0-90f9-4699-bf76-106b44991ebe.__CR0,0,1200,1200_PT0_SX300_V1___.jpeg\"><img decoding=\"async\" alt=\"Comienza la Era de la IA con Copilot+ PC\" src=\"https:\/\/m.media-amazon.com\/images\/S\/aplus-media-library-service-media\/58eec1d0-90f9-4699-bf76-106b44991ebe.__CR0,0,1200,1200_PT0_SX300_V1___.jpeg\">  <\/p>\n<p>                                                    Comienza la Era de la IA con Copilot+ PC                                       <\/p>\n<p> El AERO X16 revoluciona la productividad y la creatividad con la experiencia de Copilot+ PC. Impulsado por una NPU que ofrece hasta 50 TOPS de rendimiento de IA, mejora la eficiencia como nunca antes. Con una tecla dedicada de Copilot, accede a Microsoft Copilot al instante para obtener respuestas, descubrir soluciones y crear de maneras innovadoras. Desbloquea funciones impulsadas por IA como Cocreate, Subt\u00edtulos en Vivo y Recall, transformando la forma en que trabajas, te conectas y expresas ideas. <\/p>\n<p class=\"apm-text-center\">\n                                                      <img decoding=\"async\" alt=\"Procesador AMD Ryzen AI 300 Series\" src=\"https:\/\/images-na.ssl-images-amazon.com\/images\/G\/01\/x-locale\/common\/grey-pixel.gif\" class=\"a-spacing-mini a-lazy-loaded\" data-src=\"https:\/\/m.media-amazon.com\/images\/S\/aplus-media-library-service-media\/646e5094-eb8a-4674-be0f-8b6ab7cef729.__CR0,0,1200,1200_PT0_SX300_V1___.jpeg\"><img decoding=\"async\" alt=\"Procesador AMD Ryzen AI 300 Series\" src=\"https:\/\/m.media-amazon.com\/images\/S\/aplus-media-library-service-media\/646e5094-eb8a-4674-be0f-8b6ab7cef729.__CR0,0,1200,1200_PT0_SX300_V1___.jpeg\">  <\/p>\n<p>                                                    Procesador AMD Ryzen AI 300 Series                                       <\/p>\n<p> Los procesadores AMD Ryzen 300 Series ofrecen mejoras de pr\u00f3xima generaci\u00f3n en rendimiento, experiencias de IA y gr\u00e1ficos. Con la arquitectura innovadora, ofrece un rendimiento de CPU, GPU y NPU de primer nivel con una excepcional capacidad de respuesta y un r\u00e1pido multitasking en productividad, entretenimiento y creaci\u00f3n de contenido. Impulsado por los procesadores AMD Ryzen AI, AERO X16 da vida a una nueva experiencia de PC con IA y la lleva al siguiente nivel. <\/p>\n<p class=\"apm-text-center\">\n                                                      <img decoding=\"async\" alt=\"GPU de la serie RTX 50 avanzada\" src=\"https:\/\/images-na.ssl-images-amazon.com\/images\/G\/01\/x-locale\/common\/grey-pixel.gif\" class=\"a-spacing-mini a-lazy-loaded\" data-src=\"https:\/\/m.media-amazon.com\/images\/S\/aplus-media-library-service-media\/999e8c5d-829d-4822-90cc-f8c57ba6688c.__CR0,0,1200,1200_PT0_SX300_V1___.jpeg\"><img decoding=\"async\" alt=\"GPU de la serie RTX 50 avanzada\" src=\"https:\/\/m.media-amazon.com\/images\/S\/aplus-media-library-service-media\/999e8c5d-829d-4822-90cc-f8c57ba6688c.__CR0,0,1200,1200_PT0_SX300_V1___.jpeg\">  <\/p>\n<p>                                                    GPU de la serie RTX 50 avanzada                                       <\/p>\n<p> Impulsadas por NVIDIA Blackwell, las GPU para port\u00e1tiles de la serie GeForce RTX 50 ofrecen un rendimiento innovador para jugadores y creadores. Con potencia de IA avanzada, la serie RTX 50 desbloquea nuevas experiencias y fidelidad gr\u00e1fica de siguiente nivel. NVIDIA DLSS 4 mejora el rendimiento y los visuales, mientras que NVIDIA Studio eleva los flujos de trabajo creativos, lo que permite a los usuarios lograr resultados impresionantes en gaming y creaci\u00f3n de contenido. <\/p>\n<p class=\"apm-text-center\">\n                                                      <img decoding=\"async\" alt=\"Impresionante pantalla QHD de 16\u201d\" src=\"https:\/\/images-na.ssl-images-amazon.com\/images\/G\/01\/x-locale\/common\/grey-pixel.gif\" class=\"a-spacing-mini a-lazy-loaded\" data-src=\"https:\/\/m.media-amazon.com\/images\/S\/aplus-media-library-service-media\/7b9c7e7d-2abb-46ea-af4d-59c6d2620bdd.__CR0,0,1200,1200_PT0_SX300_V1___.jpeg\"><img decoding=\"async\" alt=\"Impresionante pantalla QHD de 16\u201d\" src=\"https:\/\/m.media-amazon.com\/images\/S\/aplus-media-library-service-media\/7b9c7e7d-2abb-46ea-af4d-59c6d2620bdd.__CR0,0,1200,1200_PT0_SX300_V1___.jpeg\">  <\/p>\n<p>                                                    Impresionante pantalla QHD de 16\u201d                                       <\/p>\n<p> Experimenta visuales impresionantes en la pantalla WQXGA QHD de 16 pulgadas (2560&#215;1600), que ofrece una precisi\u00f3n de color del 100% sRGB con validaci\u00f3n Pantone para colores fieles a la realidad. La tasa de refresco de 165Hz garantiza un juego ultra suave, mientras que la relaci\u00f3n de aspecto de 16:10 y la relaci\u00f3n pantalla-cuerpo del 92% ofrecen una experiencia de visualizaci\u00f3n inmersiva y expansiva. Ya sea jugando o creando, la visi\u00f3n ilimitada del AERO X16 da vida a cada detalle con una precisi\u00f3n asombrosa. <\/p>\n<p class=\"apm-text-center\">\n                                                      <img decoding=\"async\" alt=\"Dise\u00f1o Slim. Juega en Cualquier Lugar\" src=\"https:\/\/images-na.ssl-images-amazon.com\/images\/G\/01\/x-locale\/common\/grey-pixel.gif\" class=\"a-spacing-mini a-lazy-loaded\" data-src=\"https:\/\/m.media-amazon.com\/images\/S\/aplus-media-library-service-media\/3c59a9c6-58d9-4ec5-adf8-32d15186e2c0.__CR0,0,1200,1200_PT0_SX300_V1___.jpeg\"><img decoding=\"async\" alt=\"Dise\u00f1o Slim. Juega en Cualquier Lugar\" src=\"https:\/\/m.media-amazon.com\/images\/S\/aplus-media-library-service-media\/3c59a9c6-58d9-4ec5-adf8-32d15186e2c0.__CR0,0,1200,1200_PT0_SX300_V1___.jpeg\">  <\/p>\n<p>                                                    Dise\u00f1o Slim. Juega en Cualquier Lugar                                       <\/p>\n<p> El AERO X16 combina potencia y portabilidad con su perfil ultra delgado de 16.75 mm y un dise\u00f1o ligero de 1.9 kg, asegurando un rendimiento de primer nivel sin compromisos. Con m\u00e1s de 12 horas de duraci\u00f3n de la bater\u00eda y soporte para carga r\u00e1pida, puedes desatar tu creatividad, disfrutar de juegos inmersivos o mantenerte productivo en cualquier momento y lugar. Experimenta una verdadera movilidad sin l\u00edmites. <\/p>\n<p class=\"apm-text-center\">\n                                                      <img decoding=\"async\" alt=\"GiMATE, Tu Agente Personal de IA\" src=\"https:\/\/images-na.ssl-images-amazon.com\/images\/G\/01\/x-locale\/common\/grey-pixel.gif\" class=\"a-spacing-mini a-lazy-loaded\" data-src=\"https:\/\/m.media-amazon.com\/images\/S\/aplus-media-library-service-media\/1de929e3-1052-4629-a97a-f7539c29a3bd.__CR0,0,1200,1200_PT0_SX300_V1___.jpeg\"><img decoding=\"async\" alt=\"GiMATE, Tu Agente Personal de IA\" src=\"https:\/\/m.media-amazon.com\/images\/S\/aplus-media-library-service-media\/1de929e3-1052-4629-a97a-f7539c29a3bd.__CR0,0,1200,1200_PT0_SX300_V1___.jpeg\">  <\/p>\n<p>                                                    GiMATE, Tu Agente Personal de IA                                       <\/p>\n<p> GiMATE, un agente de IA innovador para el control fluido de hardware y software, ocupa un lugar central en la nueva l\u00ednea de productos, redefiniendo el gaming, la creaci\u00f3n y la productividad en la era de la IA. Desde la cancelaci\u00f3n de ruido impulsada por IA hasta los ajustes de ventilador basados en escenarios y la generaci\u00f3n avanzada de im\u00e1genes, GiMATE optimiza tu experiencia en cualquier momento y lugar. Presiona la tecla GiMATE y habla; deja que GiMATE te ofrezca la asistencia m\u00e1s personalizada para cada tarea. <\/p>\n<p class=\"apm-text-center\">\n                                                      <img decoding=\"async\" alt=\"Windforce Infinity\" src=\"https:\/\/images-na.ssl-images-amazon.com\/images\/G\/01\/x-locale\/common\/grey-pixel.gif\" class=\"a-spacing-mini a-lazy-loaded\" data-src=\"https:\/\/m.media-amazon.com\/images\/S\/aplus-media-library-service-media\/22da2c34-972b-4f7c-bdd8-9c0d73b66a9d.__CR0,0,1200,1200_PT0_SX300_V1___.jpeg\"><img decoding=\"async\" alt=\"Windforce Infinity\" src=\"https:\/\/m.media-amazon.com\/images\/S\/aplus-media-library-service-media\/22da2c34-972b-4f7c-bdd8-9c0d73b66a9d.__CR0,0,1200,1200_PT0_SX300_V1___.jpeg\">  <\/p>\n<p>                                                    Windforce Infinity                                       <\/p>\n<p> Gracias a la tecnolog\u00eda de enfriamiento WINDFORCE Infinity, el AERO X16 crea flujos de aire de alta eficiencia t\u00e9rmica dentro de su chasis superdelgado. Con sus flujos de aire tridimensionales y dise\u00f1o de toque helado, maneja de manera eficiente el calor durante sesiones de juego intensas o tareas exigentes. Disfruta de largas sesiones de juego, edici\u00f3n o multitarea con menos ruido y un sistema fresco y c\u00f3modo. <\/p>\n<p class=\"apm-text-center\">\n                                                      <img decoding=\"async\" alt=\"Audio Dolby Atmos Inmersivo\" src=\"https:\/\/images-na.ssl-images-amazon.com\/images\/G\/01\/x-locale\/common\/grey-pixel.gif\" class=\"a-spacing-mini a-lazy-loaded\" data-src=\"https:\/\/m.media-amazon.com\/images\/S\/aplus-media-library-service-media\/0ac7c496-339c-4cbb-ad25-fbf704aa0536.__CR0,0,1200,1200_PT0_SX300_V1___.jpeg\"><img decoding=\"async\" alt=\"Audio Dolby Atmos Inmersivo\" src=\"https:\/\/m.media-amazon.com\/images\/S\/aplus-media-library-service-media\/0ac7c496-339c-4cbb-ad25-fbf704aa0536.__CR0,0,1200,1200_PT0_SX300_V1___.jpeg\">  <\/p>\n<p>                                                    Audio Dolby Atmos Inmersivo                                       <\/p>\n<p> Impulsado por la tecnolog\u00eda Dolby Atmos, el AERO X16 ofrece un impresionante sonido envolvente virtual de 5.1.2 canales, mejorando la inmersi\u00f3n espacial para una experiencia de audio ultra-realista. Ya sea que est\u00e9s jugando, creando contenido o disfrutando de pel\u00edculas y m\u00fasica, siente cada detalle con una claridad y profundidad asombrosas. Eleva tus sentidos auditivos y sum\u00e9rgete en el sonido como nunca antes. Crea tu cine personal sobre la marcha. <\/p>\n<p class=\"apm-text-center\">\n                                                      <img decoding=\"async\" alt=\"Teclado Golden Curve\" src=\"https:\/\/images-na.ssl-images-amazon.com\/images\/G\/01\/x-locale\/common\/grey-pixel.gif\" class=\"a-spacing-mini a-lazy-loaded\" data-src=\"https:\/\/m.media-amazon.com\/images\/S\/aplus-media-library-service-media\/fa1c06ac-c0bb-4876-a28b-e1bfca3cc8d8.__CR0,0,1200,1200_PT0_SX300_V1___.jpeg\"><img decoding=\"async\" alt=\"Teclado Golden Curve\" src=\"https:\/\/m.media-amazon.com\/images\/S\/aplus-media-library-service-media\/fa1c06ac-c0bb-4876-a28b-e1bfca3cc8d8.__CR0,0,1200,1200_PT0_SX300_V1___.jpeg\">  <\/p>\n<p>                                                    Teclado Golden Curve                                       <\/p>\n<p> Con el teclado Golden Curve que cuenta con teclas m\u00e1s grandes y una curva de fuerza optimizada que alcanza el punto dulce dorado, el AERO X16 ofrece una experiencia c\u00f3moda y silenciosa tanto para gaming como para productividad. Combinado con un touchpad ampliado, ofrece un control en el dispositivo de mejor clase, asegurando una navegaci\u00f3n sin interrupciones para todas tus necesidades port\u00e1tiles. <\/p>\n<p> Batteries                                            \u200f                                            :                                            \u200e                                            1 Lithium Polymer batteries required. (included)   <br \/> Manufacturer                                            \u200f                                            :                                            \u200e                                            Gigabyte   <br \/> ASIN                                            \u200f                                            :                                            \u200e                                            B0F4KTTHR9   <br \/> Item model number                                            \u200f                                            :                                            \u200e                                            GIGABYTE AERO X16 2WHA3ESC64AH   <br \/> Country of origin                                            \u200f                                            :                                            \u200e                                            China   <br \/> Guaranteed software updates until                                            \u200f                                            :                                            \u200e                                            unknown   <br \/>  Customer reviews:                                                                                            5.0               5.0 out of 5 stars                                  (2)                                              var dpAcrHasRegisteredArcLinkClickAction;                    P.when(&#8216;A&#8217;, &#8216;ready&#8217;).execute(function(A) {                        if (dpAcrHasRegisteredArcLinkClickAction !== true) {                            dpAcrHasRegisteredArcLinkClickAction = true;                            A.declarative(                                &#8216;acrLink-click-metrics&#8217;, &#8216;click&#8217;,                                { \u00aballowLinkDefault\u00bb: true },                                function (event) {                                    if (window.ue) {                                        ue.count(\u00abacrLinkClickCount\u00bb, (ue.count(\u00abacrLinkClickCount\u00bb) || 0) + 1);                                    }                                }                            );                        }                    });                                             P.when(&#8216;A&#8217;, &#8216;cf&#8217;).execute(function(A) {                A.declarative(&#8216;acrStarsLink-click-metrics&#8217;, &#8216;click&#8217;, { \u00aballowLinkDefault\u00bb : true },  function(event){                    if(window.ue) {                        ue.count(\u00abacrStarsLinkWithPopoverClickCount\u00bb, (ue.count(\u00abacrStarsLinkWithPopoverClickCount\u00bb) || 0) + 1);                    }                });            });                          <\/p>\n<p>Windows 11<br \/>AMD Ryzen AI 9 HX 370 Processor<br \/>GPUs for NVIDIA GeForce RTX 5070 Laptops<br \/>16.0&#8243; 16:10 WQXGA (2560&#215;1600) 165Hz IPS Display<br \/>WINDFORCE Infinity Cooling<br \/>Over 12 hours of battery life<br \/>Supports Dolby Atmos, Type-C USB4, DDR5 memory, Mux Switch technology<\/p>\n\n","protected":false},"excerpt":{"rendered":"<p> From the manufacturer GIGABYTE AERO X16 2WHA3ESC64AH Combinando las \u00faltimas GPU AMD Ryzen AI de<\/p>","protected":false},"featured_media":27071,"comment_status":"open","ping_status":"closed","template":"","meta":[],"product_brand":[],"product_cat":[86],"product_tag":[526,3745,602,7965,7966,902,6081,520,983,623,617,519,524,521,525,522,1118,1581,523,626,159,528,527,621,531,513,725,586,4036,4664,1128],"class_list":{"0":"post-27070","1":"product","2":"type-product","3":"status-publish","4":"has-post-thumbnail","6":"product_cat-gaming-laptop","7":"product_tag-144hz-gaming-laptop","8":"product_tag-165hz","9":"product_tag-1tb","10":"product_tag-2wh","11":"product_tag-2wha3esc64ah","12":"product_tag-32gb","13":"product_tag-aero","14":"product_tag-best-gaming-laptop","15":"product_tag-copilot","16":"product_tag-ddr5","17":"product_tag-gaming","18":"product_tag-gaming-laptop","19":"product_tag-gaming-laptop-16gb-ram","20":"product_tag-gaming-laptop-rtx","21":"product_tag-gaming-laptop-ssd","22":"product_tag-gaming-laptop-under-budget","23":"product_tag-gen4","24":"product_tag-gigabyte","25":"product_tag-high-performance-laptop","26":"product_tag-home","27":"product_tag-laptop","28":"product_tag-portable-gaming-laptop","29":"product_tag-rgb-gaming-laptop","30":"product_tag-rtx","31":"product_tag-ryzen","32":"product_tag-ssd","33":"product_tag-warranty","34":"product_tag-win","35":"product_tag-wqxga","36":"product_tag-x16","37":"product_tag-year","39":"first","40":"instock","41":"sale","42":"shipping-taxable","43":"product-type-external"},"_links":{"self":[{"href":"https:\/\/comprasyconsejos.store\/en\/wp-json\/wp\/v2\/product\/27070","targetHints":{"allow":["GET"]}}],"collection":[{"href":"https:\/\/comprasyconsejos.store\/en\/wp-json\/wp\/v2\/product"}],"about":[{"href":"https:\/\/comprasyconsejos.store\/en\/wp-json\/wp\/v2\/types\/product"}],"replies":[{"embeddable":true,"href":"https:\/\/comprasyconsejos.store\/en\/wp-json\/wp\/v2\/comments?post=27070"}],"version-history":[{"count":0,"href":"https:\/\/comprasyconsejos.store\/en\/wp-json\/wp\/v2\/product\/27070\/revisions"}],"wp:featuredmedia":[{"embeddable":true,"href":"https:\/\/comprasyconsejos.store\/en\/wp-json\/wp\/v2\/media\/27071"}],"wp:attachment":[{"href":"https:\/\/comprasyconsejos.store\/en\/wp-json\/wp\/v2\/media?parent=27070"}],"wp:term":[{"taxonomy":"product_brand","embeddable":true,"href":"https:\/\/comprasyconsejos.store\/en\/wp-json\/wp\/v2\/product_brand?post=27070"},{"taxonomy":"product_cat","embeddable":true,"href":"https:\/\/comprasyconsejos.store\/en\/wp-json\/wp\/v2\/product_cat?post=27070"},{"taxonomy":"product_tag","embeddable":true,"href":"https:\/\/comprasyconsejos.store\/en\/wp-json\/wp\/v2\/product_tag?post=27070"}],"curies":[{"name":"wp","href":"https:\/\/api.w.org\/{rel}","templated":true}]}}