{"id":27127,"date":"2026-02-20T12:12:01","date_gmt":"2026-02-20T12:12:01","guid":{"rendered":"https:\/\/comprasyconsejos.store\/product\/tp-link-archer-ax55-pro-wifi6-vpn-ax3000-router-2402mbps-574mbps-1-x-2-5gbps-wan-lan-port-4-x-gigabit-ports-1-x-usb-3-0-port-openwrt\/"},"modified":"2026-02-20T12:12:02","modified_gmt":"2026-02-20T12:12:02","slug":"tp-link-archer-ax55-pro-wifi6-vpn-ax3000-router-2402mbps-574mbps-1-x-2-5gbps-wan-lan-port-4-x-gigabit-ports-1-x-usb-3-0-port-openwrt","status":"publish","type":"product","link":"https:\/\/comprasyconsejos.store\/en\/product\/tp-link-archer-ax55-pro-wifi6-vpn-ax3000-router-2402mbps-574mbps-1-x-2-5gbps-wan-lan-port-4-x-gigabit-ports-1-x-usb-3-0-port-openwrt\/","title":{"rendered":"TP-Link Archer AX55 Pro WiFi6 VPN AX3000 Router (2402Mbps + 574Mbps), 1 x 2.5Gbps WAN\/LAN Port, 4 x Gigabit Ports, 1 x USB 3.0 Port, OpenWRT"},"content":{"rendered":"<p>Price: <span style=\"color:#b12704\">\u20ac84.30<\/span><br \/><i><small>(as of Feb 20, 2026 12:12:01 UTC &#8211; <span class=\"wp_automatic_amazon_disclaimer\" title=\"Product prices and availability are accurate as of the date\/time indicated and are subject to change. Any price and availability information displayed on [relevant Amazon Site(s), as applicable] at the time of purchase will apply to the purchase of this product.\">Details<\/span>)<\/small><\/i><\/p>\n<p><a href=\"https:\/\/amazon.es\/dp\/B0BNYT4764?tag=man008-21\"><img decoding=\"async\" src=\"https:\/\/valvepress.s3.amazonaws.com\/imgs\/buy_now.png\"><\/a><br \/>\n<\/p>\n<p>                                             From the manufacturer   <\/p>\n<p>                                                                             <img decoding=\"async\" alt=\"Archer AX55 Pro\" src=\"https:\/\/images-na.ssl-images-amazon.com\/images\/G\/01\/x-locale\/common\/grey-pixel.gif\" class=\"a-spacing-base a-lazy-loaded\" data-src=\"https:\/\/m.media-amazon.com\/images\/S\/aplus-media-library-service-media\/9ab20569-4f69-4736-98d8-4036b6f47141.__CR0,0,1940,1200_PT0_SX970_V1___.jpg\"><img decoding=\"async\" alt=\"Archer AX55 Pro\" src=\"https:\/\/m.media-amazon.com\/images\/S\/aplus-media-library-service-media\/9ab20569-4f69-4736-98d8-4036b6f47141.__CR0,0,1940,1200_PT0_SX970_V1___.jpg\">                                                                    <\/p>\n<p>                                                      <img decoding=\"async\" alt=\"Archer AX55 Pro\" src=\"https:\/\/images-na.ssl-images-amazon.com\/images\/G\/01\/x-locale\/common\/grey-pixel.gif\" class=\"a-spacing-mini a-lazy-loaded\" data-src=\"https:\/\/m.media-amazon.com\/images\/S\/aplus-media-library-service-media\/434f720a-105a-4f14-91ca-045ca017dafb.__CR0,0,300,300_PT0_SX300_V1___.jpg\"><img decoding=\"async\" alt=\"Archer AX55 Pro\" src=\"https:\/\/m.media-amazon.com\/images\/S\/aplus-media-library-service-media\/434f720a-105a-4f14-91ca-045ca017dafb.__CR0,0,300,300_PT0_SX300_V1___.jpg\">  <\/p>\n<h3 class=\"a-spacing-mini\"> Router Wi-Fi 6 AX3000 Multi-Gigabit <\/h3>\n<p>                                           Archer AX55 Pro                                     <\/p>\n<p class=\"a-spacing-base\"> El Archer AX55 Pro es el enrutador TP-Link equipado con Wi-Fi Standard 6 802.11ax, desarrollado para llevar su conexi\u00f3n a los m\u00e1s altos niveles de estabilidad y potencia en escenarios de alta densidad. El sistema de ventilaci\u00f3n futurista cubre una gran \u00e1rea del dispositivo y evita el sobrecalentamiento del router, liberando toda la potencia del Wi-Fi. Adem\u00e1s de velocidades inal\u00e1mbricas extraordinarias, el Archer AX55 Pro tambi\u00e9n ofrece conexiones por cable Multi-Gigabit: un puerto de 2.5Gbps y otro de 1Gbps aprovechan al m\u00e1ximo las velocidades gigabit de su ISP local <\/p>\n<p>                                           Tecnolog\u00eda EasyMesh                                     <\/p>\n<p class=\"a-spacing-base\"> El Archer AX55 Pro cuenta con soporte EasyMesh para redes unificadas sin interrupciones de se\u00f1al: ampl\u00eda su red al combinar un extensor de rango compatible con EasyMesh con su router. <\/p>\n<p>                                                         Especificaciones t\u00e9cnicas:                                        Est\u00e1ndar Wi-Fi 802.11ax       Wi-Fi Dual Band AX3000: hasta 2.402Mbps en 5GHz + 574Mbps en 2.4GHz       Puertos: 1 WAN\/LAN 2.5Gbps + 1 WAN\/LAN 1Gbps + 3 LAN Gigabit + 1 USB 3.0       4 antenas externas High Power FEM        Compatible IPv4 &#8211; IPv6       Encriptaci\u00f3n WPA3       <\/p>\n<p class=\"apm-text-center\">\n                                                      <img decoding=\"async\" alt=\"Router Wi-Fi 6 TP-Link Archer AX18\" src=\"https:\/\/images-na.ssl-images-amazon.com\/images\/G\/01\/x-locale\/common\/grey-pixel.gif\" class=\"a-spacing-mini a-lazy-loaded\" data-src=\"https:\/\/m.media-amazon.com\/images\/S\/aplus-media-library-service-media\/7146b9ab-eda4-4dca-8630-0cca02dee2ee.__CR0,0,300,300_PT0_SX300_V1___.png\"><img decoding=\"async\" alt=\"Router Wi-Fi 6 TP-Link Archer AX18\" src=\"https:\/\/m.media-amazon.com\/images\/S\/aplus-media-library-service-media\/7146b9ab-eda4-4dca-8630-0cca02dee2ee.__CR0,0,300,300_PT0_SX300_V1___.png\">  <\/p>\n<p> El est\u00e1ndar Wi-Fi 6 &#8211; 802.11ax implementa nuevas tecnolog\u00edas que permiten a Archer AX55 Pro gestionar tr\u00e1fico de datos de alta intensidad, alcanzando velocidades combinadas de hasta 3000 Mbps (hasta 2402 Mbps en 5GHz y 574 Mbps en 2.4GHz) <\/p>\n<p class=\"apm-text-center\">\n                                                      <img decoding=\"async\" alt=\"AX55\" src=\"https:\/\/images-na.ssl-images-amazon.com\/images\/G\/01\/x-locale\/common\/grey-pixel.gif\" class=\"a-spacing-mini a-lazy-loaded\" data-src=\"https:\/\/m.media-amazon.com\/images\/S\/aplus-media-library-service-media\/8d7546d1-a4f8-4215-9913-296ed3b6b169.__CR0,0,300,300_PT0_SX300_V1___.png\"><img decoding=\"async\" alt=\"AX55\" src=\"https:\/\/m.media-amazon.com\/images\/S\/aplus-media-library-service-media\/8d7546d1-a4f8-4215-9913-296ed3b6b169.__CR0,0,300,300_PT0_SX300_V1___.png\">  <\/p>\n<p> El Archer AX55 Pro est\u00e1 equipado con HE160 que duplica el ancho de banda para transferir m\u00e1s datos. La tecnolog\u00eda MU-MIMO permite gestionar simult\u00e1neamente m\u00faltiples transmisiones de datos a varios dispositivos, mientras que la tecnolog\u00eda OFDMA aumenta la capacidad de la red, ideal para escenarios de alta densidad de tr\u00e1fico. <\/p>\n<p class=\"apm-text-center\">\n                                                      <img decoding=\"async\" alt=\"AX55\" src=\"https:\/\/images-na.ssl-images-amazon.com\/images\/G\/01\/x-locale\/common\/grey-pixel.gif\" class=\"a-spacing-mini a-lazy-loaded\" data-src=\"https:\/\/m.media-amazon.com\/images\/S\/aplus-media-library-service-media\/2b59e53a-f29d-4b03-8a92-244ea448f53f.__CR0,0,300,300_PT0_SX300_V1___.png\"><img decoding=\"async\" alt=\"AX55\" src=\"https:\/\/m.media-amazon.com\/images\/S\/aplus-media-library-service-media\/2b59e53a-f29d-4b03-8a92-244ea448f53f.__CR0,0,300,300_PT0_SX300_V1___.png\">  <\/p>\n<p> El Archer AX55 Pro est\u00e1 equipado con 4 antenas de alta ganancia con tecnolog\u00eda FEM de alta potencia y 4T4R para una se\u00f1al potente y estable en toda la casa. La tecnolog\u00eda Beamforming concentra la se\u00f1al en los lugares donde se encuentran los dispositivos conectados, mejorando la eficiencia del inetra red. <\/p>\n<p class=\"apm-text-center\">\n                                                      <img decoding=\"async\" alt=\"Archer AX55 Pro\" src=\"https:\/\/images-na.ssl-images-amazon.com\/images\/G\/01\/x-locale\/common\/grey-pixel.gif\" class=\"a-spacing-mini a-lazy-loaded\" data-src=\"https:\/\/m.media-amazon.com\/images\/S\/aplus-media-library-service-media\/45ed8f01-b378-40c0-9f21-6e894ace1a86.__CR0,0,300,300_PT0_SX300_V1___.jpg\"><img decoding=\"async\" alt=\"Archer AX55 Pro\" src=\"https:\/\/m.media-amazon.com\/images\/S\/aplus-media-library-service-media\/45ed8f01-b378-40c0-9f21-6e894ace1a86.__CR0,0,300,300_PT0_SX300_V1___.jpg\">  <\/p>\n<p> El Archer AX55 Pro est\u00e1 equipado con 1 puerto WAN\/LAN Gigabit Gigabit, 1 puerto WAN\/LAN Gigabit, 1 puerto USB 3.0, m\u00e1s 3 puertos Gigabit LAN para una red ultrarr\u00e1pida. <\/p>\n<p class=\"apm-text-center\">\n                                                      <img decoding=\"async\" alt=\"Archer AX18\" src=\"https:\/\/images-na.ssl-images-amazon.com\/images\/G\/01\/x-locale\/common\/grey-pixel.gif\" class=\"a-spacing-mini a-lazy-loaded\" data-src=\"https:\/\/m.media-amazon.com\/images\/S\/aplus-media-library-service-media\/cd32a8ee-99c2-4ddd-819d-c77cff458976.__CR0,0,300,300_PT0_SX300_V1___.png\"><img decoding=\"async\" alt=\"Archer AX18\" src=\"https:\/\/m.media-amazon.com\/images\/S\/aplus-media-library-service-media\/cd32a8ee-99c2-4ddd-819d-c77cff458976.__CR0,0,300,300_PT0_SX300_V1___.png\">  <\/p>\n<p> El Archer AX55 Pro est\u00e1 equipado con el est\u00e1ndar WPA3 para un cifrado de red m\u00e1s eficaz, mientras que HomeShield protege los dispositivos conectados a la red de peligros en l\u00ednea, como ataques DDoS, sitios maliciosos, intentos de intrusi\u00f3n, creando un entorno de red seguro para sus datos. <\/p>\n<p class=\"apm-text-center\">\n                                                      <img decoding=\"async\" alt=\"Archer AX18\" src=\"https:\/\/images-na.ssl-images-amazon.com\/images\/G\/01\/x-locale\/common\/grey-pixel.gif\" class=\"a-spacing-mini a-lazy-loaded\" data-src=\"https:\/\/m.media-amazon.com\/images\/S\/aplus-media-library-service-media\/64112148-4380-494d-9ef4-4dadd8d68851.__CR0,0,300,300_PT0_SX300_V1___.png\"><img decoding=\"async\" alt=\"Archer AX18\" src=\"https:\/\/m.media-amazon.com\/images\/S\/aplus-media-library-service-media\/64112148-4380-494d-9ef4-4dadd8d68851.__CR0,0,300,300_PT0_SX300_V1___.png\">  <\/p>\n<p> Instale y configure Archer AX55 Pro de forma r\u00e1pida e intuitiva a trav\u00e9s de la interfaz web o la aplicaci\u00f3n Tether, disponible para dispositivos Android e iOS. <\/p>\n<p>                         Add To Basket  <\/p>\n<p>                         Add To Basket  <\/p>\n<p>                         Add To Basket  <\/p>\n<p>                         Add To Basket  <\/p>\n<p>                             Customer Reviews  <\/p>\n<p>                    4.4 out of 5 stars  3,328  <\/p>\n<p>                    4.5 out of 5 stars  190  <\/p>\n<p>                    4.5 out of 5 stars  4,204  <\/p>\n<p>                    4.2 out of 5 stars  468  <\/p>\n<p>                             Price  <\/p>\n<p>                                    \u20ac78.90\u20ac78.90                  \u20ac84.30\u20ac84.30                  \u20ac59.99\u20ac59.99                  \u20ac99.99\u20ac99.99              <\/p>\n<p>                             Est\u00e1ndar Wi-Fi<br \/>\n                                Wi-Fi 6 802.11ax               Wi-Fi 6 802.11ax               Wi-Fi 6 802.11ax               Wi-Fi 6 802.11ax              <\/p>\n<p>                             Velocidad Wi-Fi<br \/>\n                                Dual Band AX3000               Dual Band AX3000               Dual Band AX3000               Dual Band AX5400              <\/p>\n<p>                             Soporte EasyMesh\/OneMesh  <\/p>\n<p>                                              \u2713<\/p>\n<p>                                              \u2713<\/p>\n<p>                                              \u2713<\/p>\n<p>                                              \u2713<\/p>\n<p>                             Seguridad<br \/>\n                                WPA3 HomeShield                WPA3 HomeShield                WPA3 HomeShield                WPA3 HomeShield               <\/p>\n<p>                             Puertos Gigabit<br \/>\n                                1 WAN + 4 LAN               1 2,5 G LAN-WAN + 1 LAN-WAN + 3 LAN               1 WAN + 4 LAN               1 2,5 G LAN-WAN + 1 LAN-WAN + 3 LAN              <\/p>\n<p>                             Puerto USB<br \/>\n                                1 unidad               1 unidad               &#8211;  no data<br \/>\n                                                            1 unidad              <\/p>\n<p> Language                                            \u200f                                            :                                            \u200e                                            English   <br \/> Product Dimensions                                            \u200f                                            :                                            \u200e                                            2.79 x 24.64 x 16.51 cm; 880 g   <br \/> Manufacturer                                            \u200f                                            :                                            \u200e                                            TP-LINK   <br \/> ASIN                                            \u200f                                            :                                            \u200e                                            B0BNYT4764   <br \/> Item model number                                            \u200f                                            :                                            \u200e                                            Archer AX55 Pro   <br \/> Country of origin                                            \u200f                                            :                                            \u200e                                            China   <br \/> Guaranteed software updates until                                            \u200f                                            :                                            \u200e                                            unknown   <br \/>  Customer reviews:                                                                                            4.5               4.5 out of 5 stars                                  (190)                                              var dpAcrHasRegisteredArcLinkClickAction;                    P.when(&#8216;A&#8217;, &#8216;ready&#8217;).execute(function(A) {                        if (dpAcrHasRegisteredArcLinkClickAction !== true) {                            dpAcrHasRegisteredArcLinkClickAction = true;                            A.declarative(                                &#8216;acrLink-click-metrics&#8217;, &#8216;click&#8217;,                                { \u00aballowLinkDefault\u00bb: true },                                function (event) {                                    if (window.ue) {                                        ue.count(\u00abacrLinkClickCount\u00bb, (ue.count(\u00abacrLinkClickCount\u00bb) || 0) + 1);                                    }                                }                            );                        }                    });                                             P.when(&#8216;A&#8217;, &#8216;cf&#8217;).execute(function(A) {                A.declarative(&#8216;acrStarsLink-click-metrics&#8217;, &#8216;click&#8217;, { \u00aballowLinkDefault\u00bb : true },  function(event){                    if(window.ue) {                        ue.count(\u00abacrStarsLinkWithPopoverClickCount\u00bb, (ue.count(\u00abacrStarsLinkWithPopoverClickCount\u00bb) || 0) + 1);                    }                });            });                          <\/p>\n<p>Faster Dual-Band AX3000 Wi-Fi &#8211; Up to 3.0Gbps Wi-Fi (2402Mbps + 574Mbps) for faster search, streaming and downloads all at the same time.<br \/>2.5G MULTIGABIT PORT &#8211; 1 x 2.5Gbps WAN\/LAN port + 1 x 1Gbps WAN\/LAN port + 3 x Gigabit LAN ports + 1 x USB 3.0 port to ensure maximum flexibility and increased performance.<br \/>Maximized coverage: 4 high-gain antennas with Beamforming ensure ample coverage.<br \/>Connect more devices: OFDMA technology multiplies the capacity to allow simultaneous transmissions to more devices.<br \/>VPN client support: Allow devices on your home network to access remote VPN servers without installing VPN software on each device<br \/>TP-Link HomeShield: Enhanced security that protects against the latest cyber threats.<br \/>Compatible with TP-Link OneMesh: Create a flexible whole-house WiFi network with the Archer AX55 Pro by adding a OneMesh-compatible extender.<br \/>ALEXA COMPATIBLE &#8211; Control your router with voice commands and simplify your life with Amazon Alexa.<\/p>\n\n","protected":false},"excerpt":{"rendered":"<p> From the manufacturer Router Wi-Fi 6 AX3000 Multi-Gigabit Archer AX55 Pro El Archer AX55 Pro<\/p>","protected":false},"featured_media":27128,"comment_status":"open","ping_status":"closed","template":"","meta":[],"product_brand":[],"product_cat":[71],"product_tag":[3385,2309,2219,2080,2868,2221,3295,2084,2078,2079,1092,2081,2083,2082,4956,153,382,163,2088,2085,2447,133,2306,7547,2076,5308,2077],"class_list":{"0":"post-27127","1":"product","2":"type-product","3":"status-publish","4":"has-post-thumbnail","6":"product_cat-wifi-routers","7":"product_tag-2-5gbps","8":"product_tag-2402mbps","9":"product_tag-574mbps","10":"product_tag-5ghz-router","11":"product_tag-archer","12":"product_tag-ax3000","13":"product_tag-ax55","14":"product_tag-best-wifi-router","15":"product_tag-dual-band-router","16":"product_tag-gaming-wifi-router","17":"product_tag-gigabit","18":"product_tag-high-speed-router","19":"product_tag-home-wifi-router","20":"product_tag-mesh-wifi-router","21":"product_tag-openwrt","22":"product_tag-port","23":"product_tag-ports","24":"product_tag-pro","25":"product_tag-router","26":"product_tag-router-price","27":"product_tag-tplink","28":"product_tag-usb","29":"product_tag-vpn","30":"product_tag-wanlan","31":"product_tag-wifi-router","32":"product_tag-wifi6","33":"product_tag-wireless-router","35":"first","36":"instock","37":"shipping-taxable","38":"product-type-external"},"_links":{"self":[{"href":"https:\/\/comprasyconsejos.store\/en\/wp-json\/wp\/v2\/product\/27127","targetHints":{"allow":["GET"]}}],"collection":[{"href":"https:\/\/comprasyconsejos.store\/en\/wp-json\/wp\/v2\/product"}],"about":[{"href":"https:\/\/comprasyconsejos.store\/en\/wp-json\/wp\/v2\/types\/product"}],"replies":[{"embeddable":true,"href":"https:\/\/comprasyconsejos.store\/en\/wp-json\/wp\/v2\/comments?post=27127"}],"version-history":[{"count":0,"href":"https:\/\/comprasyconsejos.store\/en\/wp-json\/wp\/v2\/product\/27127\/revisions"}],"wp:featuredmedia":[{"embeddable":true,"href":"https:\/\/comprasyconsejos.store\/en\/wp-json\/wp\/v2\/media\/27128"}],"wp:attachment":[{"href":"https:\/\/comprasyconsejos.store\/en\/wp-json\/wp\/v2\/media?parent=27127"}],"wp:term":[{"taxonomy":"product_brand","embeddable":true,"href":"https:\/\/comprasyconsejos.store\/en\/wp-json\/wp\/v2\/product_brand?post=27127"},{"taxonomy":"product_cat","embeddable":true,"href":"https:\/\/comprasyconsejos.store\/en\/wp-json\/wp\/v2\/product_cat?post=27127"},{"taxonomy":"product_tag","embeddable":true,"href":"https:\/\/comprasyconsejos.store\/en\/wp-json\/wp\/v2\/product_tag?post=27127"}],"curies":[{"name":"wp","href":"https:\/\/api.w.org\/{rel}","templated":true}]}}