{"id":27140,"date":"2026-02-20T12:14:54","date_gmt":"2026-02-20T12:14:54","guid":{"rendered":"https:\/\/comprasyconsejos.store\/product\/thermal-grizzly-hydronaut-thermoconductive-paste-high-performance-grease-extensive-cooling-and-water-cooling-systems-for-all-cpu-and-gpu-heatsinks-4g-2ml\/"},"modified":"2026-02-20T12:14:59","modified_gmt":"2026-02-20T12:14:59","slug":"thermal-grizzly-hydronaut-thermoconductive-paste-high-performance-grease-extensive-cooling-and-water-cooling-systems-for-all-cpu-and-gpu-heatsinks-4g-2ml","status":"publish","type":"product","link":"https:\/\/comprasyconsejos.store\/en\/product\/thermal-grizzly-hydronaut-thermoconductive-paste-high-performance-grease-extensive-cooling-and-water-cooling-systems-for-all-cpu-and-gpu-heatsinks-4g-2ml\/","title":{"rendered":"Thermal Grizzly &#8211; Hydronaut &#8211; Thermoconductive paste High performance grease Extensive cooling and water cooling systems for all CPU and GPU heatsinks (4g\/2ml)"},"content":{"rendered":"<p>Price: <span style=\"color:#b12704\"><del>\u20ac15.89<\/del> - \u20ac13.47<\/span><br \/><i><small>(as of Feb 20, 2026 12:14:55 UTC &#8211; <span class=\"wp_automatic_amazon_disclaimer\" title=\"Product prices and availability are accurate as of the date\/time indicated and are subject to change. Any price and availability information displayed on [relevant Amazon Site(s), as applicable] at the time of purchase will apply to the purchase of this product.\">Details<\/span>)<\/small><\/i><\/p>\n<p><a href=\"https:\/\/amazon.es\/dp\/B00ZJSXE2Y?tag=man008-21\"><img decoding=\"async\" src=\"https:\/\/valvepress.s3.amazonaws.com\/imgs\/buy_now.png\"><\/a><br \/>\n<\/p>\n<p>                                             Product Description   <\/p>\n<p>                                                                                                       <img decoding=\"async\" alt=\"el bol\u00edgrafo con aer\u00f3grafo t\u00e9rmico - negro\" src=\"https:\/\/images-na.ssl-images-amazon.com\/images\/G\/01\/x-locale\/common\/grey-pixel.gif\" class=\"a-lazy-loaded\" data-src=\"https:\/\/m.media-amazon.com\/images\/S\/aplus-media-library-service-media\/3c130802-95f5-4661-97ea-0d188121e9df.__CR0,0,2928,1200_PT0_SX1464_V1___.png\"><img decoding=\"async\" alt=\"el bol\u00edgrafo con aer\u00f3grafo t\u00e9rmico - negro\" src=\"https:\/\/m.media-amazon.com\/images\/S\/aplus-media-library-service-media\/3c130802-95f5-4661-97ea-0d188121e9df.__CR0,0,2928,1200_PT0_SX1464_V1___.png\">                                                 Thermal Grizzly Hydronaut                                             Especialmente dise\u00f1ado para superficies t\u00e9rmicas grandes                                        <\/p>\n<p class=\"aplus-p2 aplus-module-2-description\"> Optimizada para disipadores medianos y grandes, Hydronaut ofrece un rendimiento constante de alto nivel. Perfecta para refrigeraci\u00f3n l\u00edquida y sistemas que requieren m\u00e1xima disipaci\u00f3n. <\/p>\n<p class=\"aplus-p2 aplus-module-2-description\"> Disponible en 1g | 1.5ml | 3ml | 10ml <\/p>\n<p>                                                                                                       <img decoding=\"async\" alt=\"un primer plano de la placa base con la CPU y su z\u00f3calo en la placa base.\" src=\"https:\/\/images-na.ssl-images-amazon.com\/images\/G\/01\/x-locale\/common\/grey-pixel.gif\" class=\"a-lazy-loaded\" data-src=\"https:\/\/m.media-amazon.com\/images\/S\/aplus-media-library-service-media\/42eba39f-e7e6-4f83-a8b7-9f2c383328f8.__CR0,0,2928,1200_PT0_SX1464_V1___.png\"><img decoding=\"async\" alt=\"un primer plano de la placa base con la CPU y su z\u00f3calo en la placa base.\" src=\"https:\/\/m.media-amazon.com\/images\/S\/aplus-media-library-service-media\/42eba39f-e7e6-4f83-a8b7-9f2c383328f8.__CR0,0,2928,1200_PT0_SX1464_V1___.png\">                                                                                    Aplicaci\u00f3n flexible sin curado                                        <\/p>\n<p class=\"aplus-p2 aplus-module-2-description\"> La pasta Hydronaut, libre de silicona, permite una aplicaci\u00f3n flexible y sencilla sin necesidad de curado. Mantiene el sistema de refrigeraci\u00f3n eficiente y la pasta estable y duradera. <\/p>\n<p>                                                                                                       <img decoding=\"async\" alt=\"el cielo es negro\" src=\"https:\/\/images-na.ssl-images-amazon.com\/images\/G\/01\/x-locale\/common\/grey-pixel.gif\" class=\"a-lazy-loaded\" data-src=\"https:\/\/m.media-amazon.com\/images\/S\/aplus-media-library-service-media\/434061aa-9c6e-4536-a4b4-9890d763908b.__CR0,0,2928,1200_PT0_SX1464_V1___.png\"><img decoding=\"async\" alt=\"el cielo es negro\" src=\"https:\/\/m.media-amazon.com\/images\/S\/aplus-media-library-service-media\/434061aa-9c6e-4536-a4b4-9890d763908b.__CR0,0,2928,1200_PT0_SX1464_V1___.png\">                                                                                    Herramientas de aplicaci\u00f3n                                        <\/p>\n<p class=\"aplus-p2 aplus-module-2-description\"> Hydronaut 1.5ml viene con un aplicador para facilitar el uso. <\/p>\n<h3>\n<p class=\"aplus-question aplus-p1\"> Mi pasta t\u00e9rmica es dif\u00edcil de aplicar o se desprende de la superficie. \u00bfQu\u00e9 puedo hacer? <\/p>\n<\/h3>\n<p class=\"aplus-answer aplus-p2\"> Aseg\u00farese de que la superficie est\u00e9 completamente limpia y libre de grasa antes de la aplicaci\u00f3n. La pasta t\u00e9rmica debe estar al menos a temperatura ambiente. Aplique la pasta muy lentamente durante la aplicaci\u00f3n. <\/p>\n<h3>\n<p class=\"aplus-question aplus-p1\"> \u00bfCu\u00e1nto tiempo es utilizable la pasta t\u00e9rmica Thermal Grizzly despu\u00e9s de abrirla? <\/p>\n<\/h3>\n<p class=\"aplus-answer aplus-p2\"> Con un almacenamiento y embalaje adecuados, la pasta t\u00e9rmica puede usarse durante al menos 3 a\u00f1os sin problemas, y a menudo mucho m\u00e1s tiempo. <\/p>\n<h3>\n<p class=\"aplus-question aplus-p1\"> \u00bfPor qu\u00e9 no encuentro el valor de conductividad t\u00e9rmica en el envase? <\/p>\n<\/h3>\n<p class=\"aplus-answer aplus-p2\"> Los valores de conductividad t\u00e9rmica var\u00edan considerablemente seg\u00fan factores como la presi\u00f3n de contacto, la temperatura y la superficie. Por lo tanto, no se proporcionan valores espec\u00edficos en el envase. <\/p>\n<h3>\n<p class=\"aplus-question aplus-p1\"> \u00bfDebo almacenar la pasta t\u00e9rmica en su envase original despu\u00e9s de usarla? <\/p>\n<\/h3>\n<p class=\"aplus-answer aplus-p2\"> El envase de Thermal Grizzly est\u00e1 especialmente recubierto en el interior para proteger la jeringa y su contenido de la radiaci\u00f3n UV y las influencias ambientales. Recomendamos almacenarla en su envase original. <\/p>\n<p>                                                            Aplicaci\u00f3n de la pasta t\u00e9rmica Thermal Grizzly                                            <img decoding=\"async\" alt=\"una computadora que se limpia con un cepillo\" src=\"https:\/\/images-na.ssl-images-amazon.com\/images\/G\/01\/x-locale\/common\/grey-pixel.gif\" class=\"a-lazy-loaded\" data-src=\"https:\/\/m.media-amazon.com\/images\/S\/aplus-media-library-service-media\/d01a4fc9-52d9-4434-9c61-c63bb91ff5e7.__CR0,252,3936,2119_PT0_SX650_V1___.jpg\"><img decoding=\"async\" alt=\"una computadora que se limpia con un cepillo\" src=\"https:\/\/m.media-amazon.com\/images\/S\/aplus-media-library-service-media\/d01a4fc9-52d9-4434-9c61-c63bb91ff5e7.__CR0,252,3936,2119_PT0_SX650_V1___.jpg\">                                            Aplicar una peque\u00f1a cantidad de pasta en la CPU                                         <\/p>\n<p class=\"aplus-p3\"> La superficie debe estar limpia y libre de grasa. Se recomienda utilizar TG Remove o TG Cleaning Wipes. La pasta debe aplicarse a temperatura ambiente. <\/p>\n<p>                                           <img decoding=\"async\" alt=\"Hydronaut\" src=\"https:\/\/images-na.ssl-images-amazon.com\/images\/G\/01\/x-locale\/common\/grey-pixel.gif\" class=\"a-lazy-loaded\" data-src=\"https:\/\/m.media-amazon.com\/images\/S\/aplus-media-library-service-media\/8bfe33de-8a4a-492c-b973-7128b0992427.__CR0,252,3936,2119_PT0_SX650_V1___.jpg\"><img decoding=\"async\" alt=\"Hydronaut\" src=\"https:\/\/m.media-amazon.com\/images\/S\/aplus-media-library-service-media\/8bfe33de-8a4a-492c-b973-7128b0992427.__CR0,252,3936,2119_PT0_SX650_V1___.jpg\">                                            Extender la pasta t\u00e9rmica                                         <\/p>\n<p class=\"aplus-p3\"> Es importante extender la pasta muy lentamente. En una CPU Intel o AMD, un solo movimiento deber\u00eda durar unos 3 segundos. Cuanto m\u00e1s lento sea el movimiento, m\u00e1s uniforme ser\u00e1 la aplicaci\u00f3n. <\/p>\n<h3 class=\"a-size-extra-large a-spacing-base a-text-center\"> Detalles t\u00e9cnicos Hydronaut <\/h3>\n<p>                                                        Temperatura de funcionamiento:                                    -200\u00b0C a +350\u00b0C                                        Densidad:                                    2,6 g\/cm\u00b3                                                         Conductividad el\u00e9ctrica:                                    0 pS\/m                                        Viscosidad:                                    140 &#8211; 190 Pa\u22c5s                     <\/p>\n<p> Is discontinued by manufacturer                                            \u200f                                            :                                            \u200e                                            No   <br \/> Product Dimensions                                            \u200f                                            :                                            \u200e                                            55.88 x 29.21 x 55.88 cm; 3.9 g   <br \/> Date First Available                                            \u200f                                            :                                            \u200e                                            13 Jun. 2015   <br \/> Manufacturer                                            \u200f                                            :                                            \u200e                                            Thermal Grizzly   <br \/> ASIN                                            \u200f                                            :                                            \u200e                                            B00ZJSXE2Y   <br \/> Item model number                                            \u200f                                            :                                            \u200e                                            TG-H-015-R   <br \/>       Best Sellers Rank:  16,379 in Computers (See Top 100 in Computers)    95 in Thermal Paste      <br \/>  Customer reviews:                                                                                            4.7               4.7 out of 5 stars                                  (1,516)                                              var dpAcrHasRegisteredArcLinkClickAction;                    P.when(&#8216;A&#8217;, &#8216;ready&#8217;).execute(function(A) {                        if (dpAcrHasRegisteredArcLinkClickAction !== true) {                            dpAcrHasRegisteredArcLinkClickAction = true;                            A.declarative(                                &#8216;acrLink-click-metrics&#8217;, &#8216;click&#8217;,                                { \u00aballowLinkDefault\u00bb: true },                                function (event) {                                    if (window.ue) {                                        ue.count(\u00abacrLinkClickCount\u00bb, (ue.count(\u00abacrLinkClickCount\u00bb) || 0) + 1);                                    }                                }                            );                        }                    });                                             P.when(&#8216;A&#8217;, &#8216;cf&#8217;).execute(function(A) {                A.declarative(&#8216;acrStarsLink-click-metrics&#8217;, &#8216;click&#8217;, { \u00aballowLinkDefault\u00bb : true },  function(event){                    if(window.ue) {                        ue.count(\u00abacrStarsLinkWithPopoverClickCount\u00bb, (ue.count(\u00abacrStarsLinkWithPopoverClickCount\u00bb) || 0) + 1);                    }                });            });                          <\/p>\n<p>Thanks to its excellent thermal conductivity, the hydronaut can also be used in the overclocking sector, but it has been specially developed for users with large heat sinks looking for a quality product with an attractive price\/performance ratio, for example for their water cooling system.<br \/>The convenient syringe makes this wax paste very easy to apply and goes exactly where it should. CPU &#038; Cooling, GPU, LEDs, Heat Sink Ribbed Plates<br \/>Perfectly conducts heat, safe, does not integrate with the processor. Thermal resistance 0.0076 K\/W<br \/>Compatible not only with computers or laptops, but also with PS 3 4 or 5 Xbox 360 One and X Series! Perfectly dissipates heat from Macbooks.<br \/>The thermal paste of the hydronaut does not harden and has great long-term stability. The paste does not need hardener, does not contain silicone and does not conduct electricity!<\/p>\n\n","protected":false},"excerpt":{"rendered":"<p> Product Description Thermal Grizzly Hydronaut Especialmente dise\u00f1ado para superficies t\u00e9rmicas grandes Optimizada para disipadores medianos<\/p>","protected":false},"featured_media":27141,"comment_status":"open","ping_status":"closed","template":"","meta":[],"product_brand":[],"product_cat":[67],"product_tag":[7985,2039,989,598,2045,2034,6996,599,2055,3715,2043,3301,197,2038,6994,2056,1551,5639,2053,2035,2036,2033,2041,2048,6995,735],"class_list":{"0":"post-27140","1":"product","2":"type-product","3":"status-publish","4":"has-post-thumbnail","6":"product_cat-thermal-paste","7":"product_tag-4g2ml","8":"product_tag-best-thermal-paste","9":"product_tag-cooling","10":"product_tag-cpu","11":"product_tag-cpu-cooling-paste","12":"product_tag-cpu-thermal-paste","13":"product_tag-extensive","14":"product_tag-gpu","15":"product_tag-grease","16":"product_tag-grizzly","17":"product_tag-heat-sink-paste","18":"product_tag-heatsinks","19":"product_tag-high","20":"product_tag-high-performance-thermal-paste","21":"product_tag-hydronaut","22":"product_tag-paste","23":"product_tag-performance","24":"product_tag-systems","25":"product_tag-thermal","26":"product_tag-thermal-compound","27":"product_tag-thermal-grease","28":"product_tag-thermal-paste","29":"product_tag-thermal-paste-for-gaming-pc","30":"product_tag-thermal-paste-price","31":"product_tag-thermoconductive","32":"product_tag-water","34":"first","35":"instock","36":"sale","37":"shipping-taxable","38":"product-type-external"},"_links":{"self":[{"href":"https:\/\/comprasyconsejos.store\/en\/wp-json\/wp\/v2\/product\/27140","targetHints":{"allow":["GET"]}}],"collection":[{"href":"https:\/\/comprasyconsejos.store\/en\/wp-json\/wp\/v2\/product"}],"about":[{"href":"https:\/\/comprasyconsejos.store\/en\/wp-json\/wp\/v2\/types\/product"}],"replies":[{"embeddable":true,"href":"https:\/\/comprasyconsejos.store\/en\/wp-json\/wp\/v2\/comments?post=27140"}],"version-history":[{"count":0,"href":"https:\/\/comprasyconsejos.store\/en\/wp-json\/wp\/v2\/product\/27140\/revisions"}],"wp:featuredmedia":[{"embeddable":true,"href":"https:\/\/comprasyconsejos.store\/en\/wp-json\/wp\/v2\/media\/27141"}],"wp:attachment":[{"href":"https:\/\/comprasyconsejos.store\/en\/wp-json\/wp\/v2\/media?parent=27140"}],"wp:term":[{"taxonomy":"product_brand","embeddable":true,"href":"https:\/\/comprasyconsejos.store\/en\/wp-json\/wp\/v2\/product_brand?post=27140"},{"taxonomy":"product_cat","embeddable":true,"href":"https:\/\/comprasyconsejos.store\/en\/wp-json\/wp\/v2\/product_cat?post=27140"},{"taxonomy":"product_tag","embeddable":true,"href":"https:\/\/comprasyconsejos.store\/en\/wp-json\/wp\/v2\/product_tag?post=27140"}],"curies":[{"name":"wp","href":"https:\/\/api.w.org\/{rel}","templated":true}]}}