{"id":27165,"date":"2026-02-20T12:19:45","date_gmt":"2026-02-20T12:19:45","guid":{"rendered":"https:\/\/comprasyconsejos.store\/product\/hp-officejet-pro-9720e-professional-all-in-one-ink-printer-print-up-to-a3-and-automatic-duplex-printing-up-to-a4-wi-fi-3-months-instant-ink-print-with-hp\/"},"modified":"2026-02-20T12:20:00","modified_gmt":"2026-02-20T12:20:00","slug":"hp-officejet-pro-9720e-professional-all-in-one-ink-printer-print-up-to-a3-and-automatic-duplex-printing-up-to-a4-wi-fi-3-months-instant-ink-print-with-hp","status":"publish","type":"product","link":"https:\/\/comprasyconsejos.store\/en\/product\/hp-officejet-pro-9720e-professional-all-in-one-ink-printer-print-up-to-a3-and-automatic-duplex-printing-up-to-a4-wi-fi-3-months-instant-ink-print-with-hp\/","title":{"rendered":"HP OfficeJet Pro 9720e Professional All-in-One Ink Printer, Print up to A3 and Automatic Duplex Printing up to A4, Wi-Fi, 3 Months Instant Ink Print with HP+"},"content":{"rendered":"<p>Price: <span style=\"color:#b12704\">\u20ac179.00<\/span><br \/><i><small>(as of Feb 20, 2026 12:19:45 UTC &#8211; <span class=\"wp_automatic_amazon_disclaimer\" title=\"Product prices and availability are accurate as of the date\/time indicated and are subject to change. Any price and availability information displayed on [relevant Amazon Site(s), as applicable] at the time of purchase will apply to the purchase of this product.\">Details<\/span>)<\/small><\/i><\/p>\n<p><a href=\"https:\/\/amazon.es\/dp\/B0CQ2JVQKC?tag=man008-21\"><img decoding=\"async\" src=\"https:\/\/valvepress.s3.amazonaws.com\/imgs\/buy_now.png\"><\/a><br \/>\n<\/p>\n<p>                                             From the brand   <\/p>\n<p>                                              <img decoding=\"async\" alt=\"El texto dice \u00abHP\u00bb. Serie de im\u00e1genes que muestran pantallas promocionales de ordenadores port\u00e1tiles con texto y gr\u00e1ficos visibles en segundo plano.\" src=\"https:\/\/images-na.ssl-images-amazon.com\/images\/G\/01\/x-locale\/common\/grey-pixel.gif\" class=\"a-lazy-loaded\" data-src=\"https:\/\/m.media-amazon.com\/images\/S\/aplus-media-library-service-media\/102e14ad-497b-424b-82df-0446120ca9e6.__CR0,0,1464,625_PT0_SX1464_V1___.jpg\"><img decoding=\"async\" alt=\"El texto dice \u00abHP\u00bb. Serie de im\u00e1genes que muestran pantallas promocionales de ordenadores port\u00e1tiles con texto y gr\u00e1ficos visibles en segundo plano.\" src=\"https:\/\/m.media-amazon.com\/images\/S\/aplus-media-library-service-media\/102e14ad-497b-424b-82df-0446120ca9e6.__CR0,0,1464,625_PT0_SX1464_V1___.jpg\">  <\/p>\n<p>                                              <img decoding=\"async\" alt=\"aplus content image\" src=\"https:\/\/images-na.ssl-images-amazon.com\/images\/G\/01\/x-locale\/common\/grey-pixel.gif\" class=\"a-lazy-loaded\" data-src=\"https:\/\/m.media-amazon.com\/images\/S\/aplus-media-library-service-media\/6bb1dc71-5983-430e-8ce0-8b26745898d2.__CR0,0,362,453_PT0_SX362_V1___.jpg\"><img decoding=\"async\" alt=\"aplus content image\" src=\"https:\/\/m.media-amazon.com\/images\/S\/aplus-media-library-service-media\/6bb1dc71-5983-430e-8ce0-8b26745898d2.__CR0,0,362,453_PT0_SX362_V1___.jpg\">  <\/p>\n<p>                                              <img decoding=\"async\" alt=\"aplus content image\" src=\"https:\/\/images-na.ssl-images-amazon.com\/images\/G\/01\/x-locale\/common\/grey-pixel.gif\" class=\"a-lazy-loaded\" data-src=\"https:\/\/m.media-amazon.com\/images\/S\/aplus-media-library-service-media\/929b9c70-305c-4f6b-ab59-a44059ce65ab.__CR0,0,362,453_PT0_SX362_V1___.jpg\"><img decoding=\"async\" alt=\"aplus content image\" src=\"https:\/\/m.media-amazon.com\/images\/S\/aplus-media-library-service-media\/929b9c70-305c-4f6b-ab59-a44059ce65ab.__CR0,0,362,453_PT0_SX362_V1___.jpg\">  <\/p>\n<p>                                              <img decoding=\"async\" alt=\"aplus content image\" src=\"https:\/\/images-na.ssl-images-amazon.com\/images\/G\/01\/x-locale\/common\/grey-pixel.gif\" class=\"a-lazy-loaded\" data-src=\"https:\/\/m.media-amazon.com\/images\/S\/aplus-media-library-service-media\/58a8a11f-4f58-4abd-bc86-59eeac2b5596.__CR0,0,362,453_PT0_SX362_V1___.jpg\"><img decoding=\"async\" alt=\"aplus content image\" src=\"https:\/\/m.media-amazon.com\/images\/S\/aplus-media-library-service-media\/58a8a11f-4f58-4abd-bc86-59eeac2b5596.__CR0,0,362,453_PT0_SX362_V1___.jpg\">  <\/p>\n<p> Batteries                                            \u200f                                            :                                            \u200e                                            1 AA batteries required.   <br \/> Is discontinued by manufacturer                                            \u200f                                            :                                            \u200e                                            No   <br \/> Language                                            \u200f                                            :                                            \u200e                                            Italian   <br \/> Product Dimensions                                            \u200f                                            :                                            \u200e                                            44.5 x 58.1 x 30.6 cm; 14.6 kg   <br \/> Manufacturer                                            \u200f                                            :                                            \u200e                                            HP   <br \/> ASIN                                            \u200f                                            :                                            \u200e                                            B0CQ2JVQKC   <br \/> Item model number                                            \u200f                                            :                                            \u200e                                            53N95B#629   <br \/> Country of origin                                            \u200f                                            :                                            \u200e                                            China   <br \/> Guaranteed software updates until                                            \u200f                                            :                                            \u200e                                            unknown   <br \/>  Customer reviews:                                                                                            3.9               3.9 out of 5 stars                                  (5,726)                                              var dpAcrHasRegisteredArcLinkClickAction;                    P.when(&#8216;A&#8217;, &#8216;ready&#8217;).execute(function(A) {                        if (dpAcrHasRegisteredArcLinkClickAction !== true) {                            dpAcrHasRegisteredArcLinkClickAction = true;                            A.declarative(                                &#8216;acrLink-click-metrics&#8217;, &#8216;click&#8217;,                                { \u00aballowLinkDefault\u00bb: true },                                function (event) {                                    if (window.ue) {                                        ue.count(\u00abacrLinkClickCount\u00bb, (ue.count(\u00abacrLinkClickCount\u00bb) || 0) + 1);                                    }                                }                            );                        }                    });                                             P.when(&#8216;A&#8217;, &#8216;cf&#8217;).execute(function(A) {                A.declarative(&#8216;acrStarsLink-click-metrics&#8217;, &#8216;click&#8217;, { \u00aballowLinkDefault\u00bb : true },  function(event){                    if(window.ue) {                        ue.count(\u00abacrStarsLinkWithPopoverClickCount\u00bb, (ue.count(\u00abacrStarsLinkWithPopoverClickCount\u00bb) || 0) + 1);                    }                });            });                          <\/p>\n<p>BEST CHOICE FOR SMBs &#038; HOME OFFICE; Print, scan, copy black &#038; white and colour; print speed is up to 34 ppm black and 34 ppm colour<br \/>35-sheet Auto Document Feeder, Automatic Duplex Printing, Dual-Band Wi-Fi with Auto-Reset, Wi-Fi Direct, Ethernet, HP Smart App, Touchscreen, USB 2.0 and Apple AirPrint<br \/>DISCOVER HP+, the smartest printing solution; CONVENIENT: the printer automatically requests ink before it runs out; SAFE and SIMPLE: It is safer and allows you to be more productive by managing everything easily, even from mobile, thanks to the HP Smart app; SUSTAINABLE: use eco-designed cartridges, +84% of Original HP Ink cartridges contain recycled plastic<br \/>With HP+ GET 1 YEAR ADDITIONAL WARRANTY AND 6 MONTHS OF INSTANT INK INCLUDED WITH HP+; Instant Ink is a service that delivers cartridges to you home before you run out of them. Includes ink, shipping and recycling from just \u20ac1.79\/month<br \/>Compatible with Original HP 937 Cyan (4S6W2NE), HP 937 Magenta (4S6W3NE), HP 937 Yellow (4S6W4NE), HP 937 Black (4S6W5NE), HP 937 CMYK 4-Pack (6C402NE)<br \/>Buy your HP OfficeJet Pro printer and get 6 months of free printing when signing up for HP Instant Ink. Valid from 17\/12\/2025 to 30\/04\/2026<\/p>\n\n","protected":false},"excerpt":{"rendered":"<p> From the brand Batteries \u200f : \u200e 1 AA batteries required. Is discontinued by manufacturer<\/p>","protected":false},"featured_media":27166,"comment_status":"open","ping_status":"closed","template":"","meta":[],"product_brand":[],"product_cat":[60],"product_tag":[7988,895,1963,1990,1982,1979,1989,1983,1986,1980,3834,2150,1987,3853,1984,1985,1958,1962,2276,163,814,1991,1988,543],"class_list":{"0":"post-27165","1":"product","2":"type-product","3":"status-publish","4":"has-post-thumbnail","6":"product_cat-scanners","7":"product_tag-9720e","8":"product_tag-allinone","9":"product_tag-automatic","10":"product_tag-best-scanner","11":"product_tag-document-scanner","12":"product_tag-duplex","13":"product_tag-fast-document-scanner","14":"product_tag-flatbed-scanner","15":"product_tag-high-resolution-scanner","16":"product_tag-ink","17":"product_tag-instant","18":"product_tag-months","19":"product_tag-office-scanner","20":"product_tag-officejet","21":"product_tag-photo-scanner","22":"product_tag-portable-scanner","23":"product_tag-print","24":"product_tag-printer","25":"product_tag-printing","26":"product_tag-pro","27":"product_tag-professional","28":"product_tag-scanner-price","29":"product_tag-usb-scanner","30":"product_tag-wifi","32":"first","33":"instock","34":"shipping-taxable","35":"product-type-external"},"_links":{"self":[{"href":"https:\/\/comprasyconsejos.store\/en\/wp-json\/wp\/v2\/product\/27165","targetHints":{"allow":["GET"]}}],"collection":[{"href":"https:\/\/comprasyconsejos.store\/en\/wp-json\/wp\/v2\/product"}],"about":[{"href":"https:\/\/comprasyconsejos.store\/en\/wp-json\/wp\/v2\/types\/product"}],"replies":[{"embeddable":true,"href":"https:\/\/comprasyconsejos.store\/en\/wp-json\/wp\/v2\/comments?post=27165"}],"version-history":[{"count":0,"href":"https:\/\/comprasyconsejos.store\/en\/wp-json\/wp\/v2\/product\/27165\/revisions"}],"wp:featuredmedia":[{"embeddable":true,"href":"https:\/\/comprasyconsejos.store\/en\/wp-json\/wp\/v2\/media\/27166"}],"wp:attachment":[{"href":"https:\/\/comprasyconsejos.store\/en\/wp-json\/wp\/v2\/media?parent=27165"}],"wp:term":[{"taxonomy":"product_brand","embeddable":true,"href":"https:\/\/comprasyconsejos.store\/en\/wp-json\/wp\/v2\/product_brand?post=27165"},{"taxonomy":"product_cat","embeddable":true,"href":"https:\/\/comprasyconsejos.store\/en\/wp-json\/wp\/v2\/product_cat?post=27165"},{"taxonomy":"product_tag","embeddable":true,"href":"https:\/\/comprasyconsejos.store\/en\/wp-json\/wp\/v2\/product_tag?post=27165"}],"curies":[{"name":"wp","href":"https:\/\/api.w.org\/{rel}","templated":true}]}}