{"id":27177,"date":"2026-02-20T12:21:46","date_gmt":"2026-02-20T12:21:46","guid":{"rendered":"https:\/\/comprasyconsejos.store\/product\/hp-deskjet-4320-wireless-color-inkjet-multifunction-printer-auto-document-feeder-adf-dual-band-wi-fi-smart-app-6-months-instant-ink-included-black\/"},"modified":"2026-02-20T12:21:50","modified_gmt":"2026-02-20T12:21:50","slug":"hp-deskjet-4320-wireless-color-inkjet-multifunction-printer-auto-document-feeder-adf-dual-band-wi-fi-smart-app-6-months-instant-ink-included-black","status":"publish","type":"product","link":"https:\/\/comprasyconsejos.store\/en\/product\/hp-deskjet-4320-wireless-color-inkjet-multifunction-printer-auto-document-feeder-adf-dual-band-wi-fi-smart-app-6-months-instant-ink-included-black\/","title":{"rendered":"HP DeskJet 4320, Wireless Color Inkjet Multifunction Printer, Auto Document Feeder (ADF), Dual-Band Wi\u2011Fi, Smart App, 6 Months Instant Ink Included, Black"},"content":{"rendered":"<p>Price: <span style=\"color:#b12704\">\u20ac59.00<\/span><br \/><i><small>(as of Feb 20, 2026 12:21:46 UTC &#8211; <span class=\"wp_automatic_amazon_disclaimer\" title=\"Product prices and availability are accurate as of the date\/time indicated and are subject to change. Any price and availability information displayed on [relevant Amazon Site(s), as applicable] at the time of purchase will apply to the purchase of this product.\">Details<\/span>)<\/small><\/i><\/p>\n<p><a href=\"https:\/\/amazon.es\/dp\/B0FCSVV6X7?tag=man008-21\"><img decoding=\"async\" src=\"https:\/\/valvepress.s3.amazonaws.com\/imgs\/buy_now.png\"><\/a><br \/>\n<\/p>\n<p>                                             From the manufacturer   <\/p>\n<p>                                                                                                       <img decoding=\"async\" alt=\"aplus content image\" src=\"https:\/\/images-na.ssl-images-amazon.com\/images\/G\/01\/x-locale\/common\/grey-pixel.gif\" class=\"a-lazy-loaded\" data-src=\"https:\/\/m.media-amazon.com\/images\/S\/aplus-media-library-service-media\/fab607e7-1768-43b9-be5d-90b6fe2066fd.__CR0,0,1464,600_PT0_SX1464_V1___.jpg\"><img decoding=\"async\" alt=\"aplus content image\" src=\"https:\/\/m.media-amazon.com\/images\/S\/aplus-media-library-service-media\/fab607e7-1768-43b9-be5d-90b6fe2066fd.__CR0,0,1464,600_PT0_SX1464_V1___.jpg\">                                               <\/p>\n<p>The video showcases the product in use.The video guides you through product setup.The video compares multiple products.The video shows the product being unpacked. HP DeskJet 4300 Merchant video<\/p>\n<p>                                                                                                       <img decoding=\"async\" alt=\"El texto dice \u00abDescripci\u00f3n\u00bb. Foto del producto de lo que parece ser una impresora o dispositivo electr\u00f3nico negro sobre un fondo azul y blanco.\" src=\"https:\/\/images-na.ssl-images-amazon.com\/images\/G\/01\/x-locale\/common\/grey-pixel.gif\" class=\"a-lazy-loaded\" data-src=\"https:\/\/m.media-amazon.com\/images\/S\/aplus-media-library-service-media\/99271b27-8c4a-4a6b-81f1-f711ddc92367.__CR0,0,1464,600_PT0_SX1464_V1___.jpg\"><img decoding=\"async\" alt=\"El texto dice \u00abDescripci\u00f3n\u00bb. Foto del producto de lo que parece ser una impresora o dispositivo electr\u00f3nico negro sobre un fondo azul y blanco.\" src=\"https:\/\/m.media-amazon.com\/images\/S\/aplus-media-library-service-media\/99271b27-8c4a-4a6b-81f1-f711ddc92367.__CR0,0,1464,600_PT0_SX1464_V1___.jpg\">                                               <\/p>\n<p>                                                                                  <img decoding=\"async\" alt=\"El texto dice \u00abServicio HP Instant Ink\u00bb y \u00abAhorra tiempo y dinero\u00bb. Muestra a alguien escaneando un documento con un dispositivo rojo contra una superficie estampada.\" src=\"https:\/\/m.media-amazon.com\/images\/S\/aplus-media-library-service-media\/f042fbab-c2fe-4c9b-939d-8804be64a367.__CR0,0,1464,600_PT0_SX1464_V1___.jpg\">       <\/p>\n<p>                                                                                  <img decoding=\"async\" alt=\"aplus content image\" src=\"https:\/\/m.media-amazon.com\/images\/S\/aplus-media-library-service-media\/0221a1f3-8a4e-4e23-b970-d70543d98af3.__CR0,0,1464,600_PT0_SX1464_V1___.jpg\">       <\/p>\n<p>                                                                                  <img decoding=\"async\" alt=\"El texto dice \u00abLa aplicaci\u00f3n de impresi\u00f3n m\u00e1s f\u00e1cil de usar\u00bb. Los componentes mec\u00e1nicos o t\u00e9cnicos se muestran en color gris claro sobre fondo blanco.\" src=\"https:\/\/m.media-amazon.com\/images\/S\/aplus-media-library-service-media\/88422b86-ec80-40f2-852a-3f0877fb90e2.__CR0,0,1464,600_PT0_SX1464_V1___.jpg\">       <\/p>\n<p>                                                                                  <img decoding=\"async\" alt=\"aplus content image\" src=\"https:\/\/m.media-amazon.com\/images\/S\/aplus-media-library-service-media\/4cfa5151-0d34-4d0c-a167-a84c0848e7be.__CR0,0,1464,600_PT0_SX1464_V1___.jpg\">       <\/p>\n<p>                                                                                  <img decoding=\"async\" alt=\"El texto dice \u00abDeskJet fabricados con el menos un 70% de pl\u00e1stico reciclado\u00bb. Imagen promocional de una impresora HP que muestra una impresora con un mensaje de reciclaje en espa\u00f1ol.\" src=\"https:\/\/m.media-amazon.com\/images\/S\/aplus-media-library-service-media\/91378f79-0c3b-46e0-9c07-c96aff31b361.__CR0,0,1464,600_PT0_SX1464_V1___.jpg\">       <\/p>\n<p>                                                                                  <img decoding=\"async\" alt=\"El texto dice \u00abCompatible con HP 308 y HP 308e\u00bb. La imagen del producto muestra tres cartuchos de tinta de impresora HP modelo 308 sobre un fondo geom\u00e9trico azul.\" src=\"https:\/\/m.media-amazon.com\/images\/S\/aplus-media-library-service-media\/419e7b9f-dcce-4d06-9609-e0ac15decf08.__CR0,1,1464,600_PT0_SX1464_V1___.jpg\">       <\/p>\n<p>                                                                                                       <img decoding=\"async\" alt=\"P\u00e1gina de documento t\u00e9cnico o manual con varios p\u00e1rrafos de texto y secciones de encabezado o resaltadas en azul.\" src=\"https:\/\/images-na.ssl-images-amazon.com\/images\/G\/01\/x-locale\/common\/grey-pixel.gif\" class=\"a-lazy-loaded\" data-src=\"https:\/\/m.media-amazon.com\/images\/S\/aplus-media-library-service-media\/c1869159-c073-43fe-b168-06a55ef616d4.__CR0,0,1464,600_PT0_SX1464_V1___.jpg\"><img decoding=\"async\" alt=\"P\u00e1gina de documento t\u00e9cnico o manual con varios p\u00e1rrafos de texto y secciones de encabezado o resaltadas en azul.\" src=\"https:\/\/m.media-amazon.com\/images\/S\/aplus-media-library-service-media\/c1869159-c073-43fe-b168-06a55ef616d4.__CR0,0,1464,600_PT0_SX1464_V1___.jpg\">                                               <\/p>\n<p> Language                                            \u200f                                            :                                            \u200e                                            Italian   <br \/> Product Dimensions                                            \u200f                                            :                                            \u200e                                            33.2 x 42.8 x 20 cm; 4.44 kg   <br \/> Manufacturer                                            \u200f                                            :                                            \u200e                                            HP   <br \/> ASIN                                            \u200f                                            :                                            \u200e                                            B0FCSVV6X7   <br \/> Item model number                                            \u200f                                            :                                            \u200e                                            A24HMB#629   <br \/> Country of origin                                            \u200f                                            :                                            \u200e                                            China   <br \/> Guaranteed software updates until                                            \u200f                                            :                                            \u200e                                            unknown   <br \/>  Customer reviews:                                                                                            4.1               4.1 out of 5 stars                                  (153)                                              var dpAcrHasRegisteredArcLinkClickAction;                    P.when(&#8216;A&#8217;, &#8216;ready&#8217;).execute(function(A) {                        if (dpAcrHasRegisteredArcLinkClickAction !== true) {                            dpAcrHasRegisteredArcLinkClickAction = true;                            A.declarative(                                &#8216;acrLink-click-metrics&#8217;, &#8216;click&#8217;,                                { \u00aballowLinkDefault\u00bb: true },                                function (event) {                                    if (window.ue) {                                        ue.count(\u00abacrLinkClickCount\u00bb, (ue.count(\u00abacrLinkClickCount\u00bb) || 0) + 1);                                    }                                }                            );                        }                    });                                             P.when(&#8216;A&#8217;, &#8216;cf&#8217;).execute(function(A) {                A.declarative(&#8216;acrStarsLink-click-metrics&#8217;, &#8216;click&#8217;, { \u00aballowLinkDefault\u00bb : true },  function(event){                    if(window.ue) {                        ue.count(\u00abacrStarsLinkWithPopoverClickCount\u00bb, (ue.count(\u00abacrStarsLinkWithPopoverClickCount\u00bb) || 0) + 1);                    }                });            });                          <\/p>\n<p>Advanced features and easy connection: Print, copy, scan and send mobile fax. Dual-band Wi-Fi with self-healing ensures a stable connection from any device<br \/>Convenience with Instant Ink: Compatible with HP Instant Ink, the automatic ink replenishment service that sends cartridges directly to your home<br \/>Full control with the HP Smart app: Easily print, scan and manage your printer from your smartphone, tablet or computer with the HP Smart app<br \/>Print quality and good performance: Speed up to 7.5 ppm in black and 5.5 ppm in colour, with copy resolution up to 300 x 300 dpi<br \/>Intuitive panel and ADF feeder: Buttoned LCD control panel and 35-sheet ADF automatic document feeder for faster scans<br \/>Buy your HP DeskJet printer and get 6 months of free printing when signing up for HP Instant Ink. Valid from 17\/12\/2025 to 30\/04\/2026<br \/>Compatible with Original HP 308 Ink Cartridges (Black, Tri-Color, and Combo Pack), designed to deliver crisp prints and reliable performance<\/p>\n\n","protected":false},"excerpt":{"rendered":"<p> From the manufacturer The video showcases the product in use.The video guides you through product<\/p>","protected":false},"featured_media":27178,"comment_status":"open","ping_status":"closed","template":"","meta":[],"product_brand":[],"product_cat":[58],"product_tag":[5078,2224,731,1973,307,1967,1975,312,1968,2147,1996,1693,1972,1971,5751,415,1980,1961,3834,1964,1974,2150,2189,1970,1962,1593,543,226,1969],"class_list":{"0":"post-27177","1":"product","2":"type-product","3":"status-publish","4":"has-post-thumbnail","6":"product_cat-laser-printers","7":"product_tag-adf","8":"product_tag-app","9":"product_tag-auto","10":"product_tag-best-laser-printer","11":"product_tag-black","12":"product_tag-black-and-white-laser-printer","13":"product_tag-business-laser-printer","14":"product_tag-color","15":"product_tag-color-laser-printer","16":"product_tag-deskjet","17":"product_tag-document","18":"product_tag-dualband","19":"product_tag-duplex-laser-printer","20":"product_tag-fast-laser-printer","21":"product_tag-feeder","22":"product_tag-included","23":"product_tag-ink","24":"product_tag-inkjet","25":"product_tag-instant","26":"product_tag-laser-printer","27":"product_tag-laser-printer-price","28":"product_tag-months","29":"product_tag-multifunction","30":"product_tag-office-laser-printer","31":"product_tag-printer","32":"product_tag-smart","33":"product_tag-wifi","34":"product_tag-wireless","35":"product_tag-wireless-laser-printer","37":"first","38":"instock","39":"shipping-taxable","40":"product-type-external"},"_links":{"self":[{"href":"https:\/\/comprasyconsejos.store\/en\/wp-json\/wp\/v2\/product\/27177","targetHints":{"allow":["GET"]}}],"collection":[{"href":"https:\/\/comprasyconsejos.store\/en\/wp-json\/wp\/v2\/product"}],"about":[{"href":"https:\/\/comprasyconsejos.store\/en\/wp-json\/wp\/v2\/types\/product"}],"replies":[{"embeddable":true,"href":"https:\/\/comprasyconsejos.store\/en\/wp-json\/wp\/v2\/comments?post=27177"}],"version-history":[{"count":0,"href":"https:\/\/comprasyconsejos.store\/en\/wp-json\/wp\/v2\/product\/27177\/revisions"}],"wp:featuredmedia":[{"embeddable":true,"href":"https:\/\/comprasyconsejos.store\/en\/wp-json\/wp\/v2\/media\/27178"}],"wp:attachment":[{"href":"https:\/\/comprasyconsejos.store\/en\/wp-json\/wp\/v2\/media?parent=27177"}],"wp:term":[{"taxonomy":"product_brand","embeddable":true,"href":"https:\/\/comprasyconsejos.store\/en\/wp-json\/wp\/v2\/product_brand?post=27177"},{"taxonomy":"product_cat","embeddable":true,"href":"https:\/\/comprasyconsejos.store\/en\/wp-json\/wp\/v2\/product_cat?post=27177"},{"taxonomy":"product_tag","embeddable":true,"href":"https:\/\/comprasyconsejos.store\/en\/wp-json\/wp\/v2\/product_tag?post=27177"}],"curies":[{"name":"wp","href":"https:\/\/api.w.org\/{rel}","templated":true}]}}