{"id":27198,"date":"2026-02-20T12:27:55","date_gmt":"2026-02-20T12:27:55","guid":{"rendered":"https:\/\/comprasyconsejos.store\/product\/lenovo-legion-24-10-fhd-23-8-gaming-monitor-ips-240hz-0-5ms-169-hdmi-2-1-dp-1-4-amd-freesync-premium-vesa-adaptive-sync-vesa-mount-100mm-tilt-height-pivot-swivel-adjustment-black\/"},"modified":"2026-02-20T12:28:10","modified_gmt":"2026-02-20T12:28:10","slug":"lenovo-legion-24-10-fhd-23-8-gaming-monitor-ips-240hz-0-5ms-169-hdmi-2-1-dp-1-4-amd-freesync-premium-vesa-adaptive-sync-vesa-mount-100mm-tilt-height-pivot-swivel-adjustment-black","status":"publish","type":"product","link":"https:\/\/comprasyconsejos.store\/en\/product\/lenovo-legion-24-10-fhd-23-8-gaming-monitor-ips-240hz-0-5ms-169-hdmi-2-1-dp-1-4-amd-freesync-premium-vesa-adaptive-sync-vesa-mount-100mm-tilt-height-pivot-swivel-adjustment-black\/","title":{"rendered":"Lenovo Legion 24-10- FHD 23.8&#8243; Gaming Monitor (IPS, 240Hz, 0.5ms, 16:9, HDMI 2.1 &#8211; DP 1.4, AMD FreeSync Premium, VESA Adaptive Sync, VESA Mount 100mm, Tilt\/Height\/Pivot\/Swivel Adjustment) Black"},"content":{"rendered":"<p>Price: <span style=\"color:#b12704\"><del>\u20ac159.99<\/del> - \u20ac129.00<\/span><br \/><i><small>(as of Feb 20, 2026 12:27:55 UTC &#8211; <span class=\"wp_automatic_amazon_disclaimer\" title=\"Product prices and availability are accurate as of the date\/time indicated and are subject to change. Any price and availability information displayed on [relevant Amazon Site(s), as applicable] at the time of purchase will apply to the purchase of this product.\">Details<\/span>)<\/small><\/i><\/p>\n<p><a href=\"https:\/\/amazon.es\/dp\/B0FLQ8KQC7?tag=man008-21\"><img decoding=\"async\" src=\"https:\/\/valvepress.s3.amazonaws.com\/imgs\/buy_now.png\"><\/a><br \/>\n<\/p>\n<p>                                             From the manufacturer   <\/p>\n<p>                                                                     Monitor Lenovo Legion 24-10  &#8211; Potencia tu experiencia gamer                                            <img decoding=\"async\" alt=\"aplus content image\" src=\"https:\/\/images-na.ssl-images-amazon.com\/images\/G\/01\/x-locale\/common\/grey-pixel.gif\" class=\"a-lazy-loaded\" data-src=\"https:\/\/m.media-amazon.com\/images\/S\/aplus-media-library-service-media\/200ff681-01af-43b9-9abe-619d872ecf2d.__CR0,0,1464,600_PT0_SX1464_V1___.jpg\"><img decoding=\"async\" alt=\"aplus content image\" src=\"https:\/\/m.media-amazon.com\/images\/S\/aplus-media-library-service-media\/200ff681-01af-43b9-9abe-619d872ecf2d.__CR0,0,1464,600_PT0_SX1464_V1___.jpg\">                                               <\/p>\n<p>                                                                                                       <img decoding=\"async\" alt=\"aplus content image\" src=\"https:\/\/images-na.ssl-images-amazon.com\/images\/G\/01\/x-locale\/common\/grey-pixel.gif\" class=\"a-lazy-loaded\" data-src=\"https:\/\/m.media-amazon.com\/images\/S\/aplus-media-library-service-media\/f70cc2d5-c418-4887-8a2f-a987e9ca3dbf.__CR0,0,1464,600_PT0_SX1464_V1___.jpg\"><img decoding=\"async\" alt=\"aplus content image\" src=\"https:\/\/m.media-amazon.com\/images\/S\/aplus-media-library-service-media\/f70cc2d5-c418-4887-8a2f-a987e9ca3dbf.__CR0,0,1464,600_PT0_SX1464_V1___.jpg\">                                               <\/p>\n<p>                                                                                                                  <img decoding=\"async\" alt=\"aplus content image\" src=\"https:\/\/m.media-amazon.com\/images\/S\/aplus-media-library-service-media\/291148d6-d9a7-432b-9d55-4790c284d60b.__CR0,0,1464,600_PT0_SX1464_V1___.jpg\">                                                    <img decoding=\"async\" alt=\"aplus content image\" src=\"https:\/\/m.media-amazon.com\/images\/S\/aplus-media-library-service-media\/59d58d3f-7ebf-4171-98ac-de66316db689.__CR0,0,1464,600_PT0_SX1464_V1___.jpg\">                                                    <img decoding=\"async\" alt=\"El texto dice \u00abTecnolog\u00edas de secuencia\u00bb sobre un fondo oscuro con una configuraci\u00f3n de juego iluminada que muestra efectos de iluminaci\u00f3n en rojo y azul.\" src=\"https:\/\/m.media-amazon.com\/images\/S\/aplus-media-library-service-media\/772ba4b9-44ff-4eb8-8847-426c5ee23880.__CR0,0,1464,600_PT0_SX1464_V1___.jpg\">                                                    <img decoding=\"async\" alt=\"aplus content image\" src=\"https:\/\/m.media-amazon.com\/images\/S\/aplus-media-library-service-media\/d6d1b3d1-85a8-44a0-b374-cb4800d3c25a.__CR0,0,1464,600_PT0_SX1464_V1___.jpg\"><br \/>\n                            1 Juego ultrafluido <\/p>\n<p>                            2 Pantalla FHD 23.8&#8243;  <\/p>\n<p>                            3 Tasa de refresco 240 Hz <\/p>\n<p>                            4 Soporte ergon\u00f3mico <\/p>\n<p>                                                                                                                <img decoding=\"async\" alt=\"El texto dice \u00abLEGION\u00bb. Un anuncio espectacular al estilo de un juego con fondo azul oscuro que muestra fotos de productos iluminadas y textos de marketing.\" src=\"https:\/\/m.media-amazon.com\/images\/S\/aplus-media-library-service-media\/3932af9f-447a-4121-bd7a-348a72bd53f8.__CR0,0,1464,600_PT0_SX1464_V1___.jpg\">                                                    <img decoding=\"async\" alt=\"El texto dice \u00abLEGION\u00bb y \u00abConexiones sin l\u00edmites\u00bb. Serie de monitores para videojuegos que muestran vibrantes escenas de juego de color p\u00farpura y azul con efectos de iluminaci\u00f3n din\u00e1micos.\" src=\"https:\/\/m.media-amazon.com\/images\/S\/aplus-media-library-service-media\/e324e3c7-1463-4d4f-8d90-5d7bb215233b.__CR0,0,1464,600_PT0_SX1464_V1___.jpg\">                                                    <img decoding=\"async\" alt=\"aplus content image\" src=\"https:\/\/m.media-amazon.com\/images\/S\/aplus-media-library-service-media\/cb8577e3-05b3-4f7c-94d6-f4a75faaa188.__CR0,0,1464,600_PT0_SX1464_V1___.png\"><br \/>\n                            1 Lenovo Artery <\/p>\n<p>                            2 Puertos vers\u00e1tiles <\/p>\n<p>                            3 Sostenible <\/p>\n<p>                                                                                                       <img decoding=\"async\" alt=\"aplus content image\" src=\"https:\/\/images-na.ssl-images-amazon.com\/images\/G\/01\/x-locale\/common\/grey-pixel.gif\" class=\"a-lazy-loaded\" data-src=\"https:\/\/m.media-amazon.com\/images\/S\/aplus-media-library-service-media\/fc0766cf-d118-41eb-9ecb-2f67568e33f6.__CR0,0,1464,600_PT0_SX1464_V1___.jpg\"><img decoding=\"async\" alt=\"aplus content image\" src=\"https:\/\/m.media-amazon.com\/images\/S\/aplus-media-library-service-media\/fc0766cf-d118-41eb-9ecb-2f67568e33f6.__CR0,0,1464,600_PT0_SX1464_V1___.jpg\">                                               <\/p>\n<h3 class=\"a-size-extra-large a-spacing-base a-text-center\"> Especificaciones especiales <\/h3>\n<p>                                                        Tama\u00f1o de la pantalla                                     23,8&#8243;                                        Panel                                     IPS                                        Relaci\u00f3n de aspecto                                     16:9                                        Resoluci\u00f3n                                     1920&#215;1080                                        \u00c1ngulo de visi\u00f3n                                     178\u00b0 \/ 178\u00b0 (H\/V)                                         Tiempo de respuesta                                     0,5 ms (MPRT) \/ 1 ms (Nivel 4) \/ 2 ms (Nivel 3) \/ 3 ms (Nivel 2) \/ 4 ms (Nivel 1)                                        Soporte de color                                     16,7 millones                                        Frecuencia de actualizaci\u00f3n                                     240 Hz                                                         Brillo                                     300 cd\/m\u00b2                                        Relaci\u00f3n de contraste                                     1000:1                                        Superficie de pantalla                                     Antideslumbrante                                        Soporte                                     Capacidad de inclinaci\u00f3n, giro, pivote y ajuste de altura                                        Conectividad                                    2 HDMI 2.1 TMDS, 1 DP 1.4 (HBR3)                                        Protecci\u00f3n visual                                    Eyesafe Display 2.0, T\u00dcV Low Blue Light (soluci\u00f3n de hardware)                                        Tecnolog\u00eda de sincronizaci\u00f3n                                    AMD FreeSync Premium &#8211; VESA Adaptive Sync                                        Cumple con                                    Nivel de eficiencia energ\u00e9tica de la UE (Nivel E)                     <\/p>\n<p> Product Dimensions                                            \u200f                                            :                                            \u200e                                            21.4 x 54.04 x 54.33 cm; 5 kg   <br \/> Manufacturer                                            \u200f                                            :                                            \u200e                                            Lenovo   <br \/> ASIN                                            \u200f                                            :                                            \u200e                                            B0FLQ8KQC7   <br \/> Item model number                                            \u200f                                            :                                            \u200e                                            68C4GAC4EU   <br \/> Guaranteed software updates until                                            \u200f                                            :                                            \u200e                                            unknown   <br \/>  Customer reviews:                                                                                            4.0               4.0 out of 5 stars                                  (5)                                              var dpAcrHasRegisteredArcLinkClickAction;                    P.when(&#8216;A&#8217;, &#8216;ready&#8217;).execute(function(A) {                        if (dpAcrHasRegisteredArcLinkClickAction !== true) {                            dpAcrHasRegisteredArcLinkClickAction = true;                            A.declarative(                                &#8216;acrLink-click-metrics&#8217;, &#8216;click&#8217;,                                { \u00aballowLinkDefault\u00bb: true },                                function (event) {                                    if (window.ue) {                                        ue.count(\u00abacrLinkClickCount\u00bb, (ue.count(\u00abacrLinkClickCount\u00bb) || 0) + 1);                                    }                                }                            );                        }                    });                                             P.when(&#8216;A&#8217;, &#8216;cf&#8217;).execute(function(A) {                A.declarative(&#8216;acrStarsLink-click-metrics&#8217;, &#8216;click&#8217;, { \u00aballowLinkDefault\u00bb : true },  function(event){                    if(window.ue) {                        ue.count(\u00abacrStarsLinkWithPopoverClickCount\u00bb, (ue.count(\u00abacrStarsLinkWithPopoverClickCount\u00bb) || 0) + 1);                    }                });            });                          <\/p>\n<p>Visuals to the limit: Take the lead in gaming and other content with the 23.8&#8243; Full HD IPS display and enjoy greater clarity and visual breadth thanks to its 16:9 aspect ratio and ultra-thin 3-edge design<br \/>More speed, greater detail: Experience a 240Hz refresh rate and response time of only 0.5ms, and leave behind annoying stuttering and image distortions for greater efficiency without distractions<br \/>Dynamic connectivity: Power your gaming or content creation equipment with its 2 HDMI 2.1 ports, DP 1.4 port and 3.5mm audio output, and enjoy fast, stable simultaneous connections with other devices<br \/>Hyper-real colors: Let your imagination run wild with the wide color coverage of 99% sRGB and 118% sRGB color area ratio and capture your ideas or enjoy images with FHD resolution<br \/>Full fluidity: AMD FreeSync Premium and VESA Adaptive Sync give you smoother performance and tear elimination, boosting your accuracy and responsiveness<\/p>\n\n","protected":false},"excerpt":{"rendered":"<p> From the manufacturer Monitor Lenovo Legion 24-10 &#8211; Potencia tu experiencia gamer 1 Juego ultrafluido<\/p>","protected":false},"featured_media":27199,"comment_status":"open","ping_status":"closed","template":"","meta":[],"product_brand":[],"product_cat":[55],"product_tag":[2336,5642,1934,1936,1298,1935,1939,1802,247,1815,530,1940,307,1784,639,1922,617,1933,544,703,1937,5271,1054,844,1923,1035,1938,200,7993,2342],"class_list":{"0":"post-27198","1":"product","2":"type-product","3":"status-publish","4":"has-post-thumbnail","6":"product_cat-gaming-monitors","7":"product_tag-0-5ms","8":"product_tag-100mm","9":"product_tag-144hz-gaming-monitor","10":"product_tag-1ms-gaming-monitor","11":"product_tag-240hz","12":"product_tag-240hz-gaming-monitor","13":"product_tag-27-inch-gaming-monitor","14":"product_tag-4k-gaming-monitor","15":"product_tag-adaptive","16":"product_tag-adjustment","17":"product_tag-amd","18":"product_tag-best-gaming-monitor","19":"product_tag-black","20":"product_tag-curved-gaming-monitor","21":"product_tag-fhd","22":"product_tag-freesync","23":"product_tag-gaming","24":"product_tag-gaming-monitor","25":"product_tag-hdmi","26":"product_tag-ips","27":"product_tag-ips-gaming-monitor","28":"product_tag-legion","29":"product_tag-lenovo","30":"product_tag-monitor","31":"product_tag-mount","32":"product_tag-premium","33":"product_tag-rgb-gaming-monitor","34":"product_tag-sync","35":"product_tag-tiltheightpivotswivel","36":"product_tag-vesa","38":"first","39":"instock","40":"sale","41":"shipping-taxable","42":"product-type-external"},"_links":{"self":[{"href":"https:\/\/comprasyconsejos.store\/en\/wp-json\/wp\/v2\/product\/27198","targetHints":{"allow":["GET"]}}],"collection":[{"href":"https:\/\/comprasyconsejos.store\/en\/wp-json\/wp\/v2\/product"}],"about":[{"href":"https:\/\/comprasyconsejos.store\/en\/wp-json\/wp\/v2\/types\/product"}],"replies":[{"embeddable":true,"href":"https:\/\/comprasyconsejos.store\/en\/wp-json\/wp\/v2\/comments?post=27198"}],"version-history":[{"count":0,"href":"https:\/\/comprasyconsejos.store\/en\/wp-json\/wp\/v2\/product\/27198\/revisions"}],"wp:featuredmedia":[{"embeddable":true,"href":"https:\/\/comprasyconsejos.store\/en\/wp-json\/wp\/v2\/media\/27199"}],"wp:attachment":[{"href":"https:\/\/comprasyconsejos.store\/en\/wp-json\/wp\/v2\/media?parent=27198"}],"wp:term":[{"taxonomy":"product_brand","embeddable":true,"href":"https:\/\/comprasyconsejos.store\/en\/wp-json\/wp\/v2\/product_brand?post=27198"},{"taxonomy":"product_cat","embeddable":true,"href":"https:\/\/comprasyconsejos.store\/en\/wp-json\/wp\/v2\/product_cat?post=27198"},{"taxonomy":"product_tag","embeddable":true,"href":"https:\/\/comprasyconsejos.store\/en\/wp-json\/wp\/v2\/product_tag?post=27198"}],"curies":[{"name":"wp","href":"https:\/\/api.w.org\/{rel}","templated":true}]}}