{"id":27222,"date":"2026-02-20T12:38:31","date_gmt":"2026-02-20T12:38:31","guid":{"rendered":"https:\/\/comprasyconsejos.store\/product\/samsung-32-odyssey-oled-g8-uhd-monitor-3840-x-2160-169-240hz-0-03ms-freesync-premium-pro-g-sync-compatible-anti-glare-burn-in-safeguard-eye-saver-mode-flicker-free-ls32dg802suxen-2025\/"},"modified":"2026-02-20T12:38:35","modified_gmt":"2026-02-20T12:38:35","slug":"samsung-32-odyssey-oled-g8-uhd-monitor-3840-x-2160-169-240hz-0-03ms-freesync-premium-pro-g-sync-compatible-anti-glare-burn-in-safeguard-eye-saver-mode-flicker-free-ls32dg802suxen-2025","status":"publish","type":"product","link":"https:\/\/comprasyconsejos.store\/en\/product\/samsung-32-odyssey-oled-g8-uhd-monitor-3840-x-2160-169-240hz-0-03ms-freesync-premium-pro-g-sync-compatible-anti-glare-burn-in-safeguard-eye-saver-mode-flicker-free-ls32dg802suxen-2025\/","title":{"rendered":"Samsung 32&#8243; Odyssey OLED G8 UHD Monitor 3840 x 2160, 16:9, 240Hz, 0.03ms, FreeSync Premium Pro, G-Sync Compatible, Anti-Glare, Burn-in Safeguard, Eye Saver Mode, Flicker Free, LS32DG802SUXEN, 2025"},"content":{"rendered":"<p>Price: <span style=\"color:#b12704\">\u20ac519.00<\/span><br \/><i><small>(as of Feb 20, 2026 12:38:31 UTC &#8211; <span class=\"wp_automatic_amazon_disclaimer\" title=\"Product prices and availability are accurate as of the date\/time indicated and are subject to change. Any price and availability information displayed on [relevant Amazon Site(s), as applicable] at the time of purchase will apply to the purchase of this product.\">Details<\/span>)<\/small><\/i><\/p>\n<p><a href=\"https:\/\/amazon.es\/dp\/B0D3FF5QL2?tag=man008-21\"><img decoding=\"async\" src=\"https:\/\/valvepress.s3.amazonaws.com\/imgs\/buy_now.png\"><\/a><br \/>\n<\/p>\n<p>                                             From the manufacturer   <\/p>\n<p>                                                                                                                                                                                                                        OLED en resoluci\u00f3n 4K                                             Experimenta un mundo m\u00e1s brillante y detallado    <\/p>\n<p class=\"aplus-p2\"> El contenido cobra vida en OLED 4K. Las im\u00e1genes brillantes resplandecen con 250 nits (t\u00edpicos) de brillo y un espectro m\u00e1s amplio de colores, sombras y contrastes. El procesador NQ8 AI Gen3 tambi\u00e9n escala resoluciones inferiores a casi 4K, para que obtengas im\u00e1genes de mayor calidad a trav\u00e9s del Gaming Hub y las aplicaciones Smart TV. <\/p>\n<p>                                            <img decoding=\"async\" alt=\" \" src=\"https:\/\/m.media-amazon.com\/images\/S\/aplus-media-library-service-media\/fc8b7e5b-e338-449b-9448-b99b8dffb72a.__CR0,0,800,600_PT0_SX800_V1___.jpg\">                                                               Niveles de negro profundo                                             Sum\u00e9rgete en las sombras con niveles de negro m\u00e1s puros    <\/p>\n<p class=\"aplus-p2\"> Descubre todos los secretos con una expresi\u00f3n infinita. Observa colores negros y oscuros reales en pantalla sin sangrado de luz de p\u00edxeles para una expresi\u00f3n suprema del color y la profundidad en cada juego. <\/p>\n<p>                                            <img decoding=\"async\" alt=\" \" src=\"https:\/\/m.media-amazon.com\/images\/S\/aplus-media-library-service-media\/a5b3d0c5-02ce-495f-b0b6-bf639816190d.__CR0,0,800,600_PT0_SX800_V1___.jpg\">                                                               OLED sin reflejos                                             Enfoque sin distracciones    <\/p>\n<p class=\"aplus-p2\"> La tecnolog\u00eda Glare Free reduce significativamente el resplandor de las fuentes de luz externas, por lo que la experiencia de negro y color de la pantalla OLED se presenta sin distracciones. Con una pantalla un 54% menos brillante que las pel\u00edculas antirreflejos convencionales, podr\u00e1s ver los entornos de juego al completo y dominar a tus enemigos.\u00b9 <\/p>\n<p>                                            <img decoding=\"async\" alt=\" \" src=\"https:\/\/m.media-amazon.com\/images\/S\/aplus-media-library-service-media\/8f5d84b8-ec8c-4c20-af6f-ce6f0a1b2157.__CR0,0,800,600_PT0_SX800_V1___.jpg\">                                                                 Sistema de refrigeraci\u00f3n din\u00e1mica                                             Samsung OLED Safeguard+ para proteger tu pantalla    <\/p>\n<p class=\"aplus-p2\"> Por primera vez, se ha aplicado un tubo de calor pulsante en el monitor para evitar que se queme. El sistema de refrigeraci\u00f3n din\u00e1mica evapora y condensa un refrigerante para difundir el calor 5 veces mejor que el antiguo m\u00e9todo de l\u00e1minas de grafito, reduciendo la temperatura en el n\u00facleo.\u00b9 <\/p>\n<p>The video showcases the product in use.The video guides you through product setup.The video compares multiple products.The video shows the product being unpacked.<\/p>\n<p>                                                                                              Sistema de modulaci\u00f3n t\u00e9rmica    <\/p>\n<p class=\"aplus-p2\"> Los algoritmos predicen la temperatura de la superficie y controlan autom\u00e1ticamente el brillo en consecuencia para reducir el calor. \u00b2 \u00b3 <\/p>\n<p>                                            <img decoding=\"async\" alt=\" \" src=\"https:\/\/m.media-amazon.com\/images\/S\/aplus-media-library-service-media\/b3b32bd4-2ca2-4e00-990b-20b554f481fa.__CR0,0,800,600_PT0_SX800_V1___.jpg\">                                                               Supera a tus oponentes a gran velocidad                                             Frecuencia de actualizaci\u00f3n de 240 Hz y tiempo de respuesta de 0,03 ms (GtG)    <\/p>\n<p class=\"aplus-p2\"> Esquiva, contrarresta y enfr\u00e9ntate m\u00e1s r\u00e1pido que el resto con la tecnolog\u00eda OLED, que ofrece un tiempo de respuesta (GtG) casi instant\u00e1neo de 0,03 ms. Adel\u00e1ntate a los otros jugadores con las conexiones HDMI 2.1 y DisplayPort, que ofrecen una frecuencia de actualizaci\u00f3n de 240 Hz en resoluci\u00f3n UHD. Cada milisegundo cuenta a la hora de enfrentarse a los mejores. \u2074 \u2075 \u2076 <\/p>\n<p>                                            <img decoding=\"async\" alt=\" \" src=\"https:\/\/m.media-amazon.com\/images\/S\/aplus-media-library-service-media\/f68de190-d303-4baa-bb90-d05f1217c450.__CR0,0,800,600_PT0_SX800_V1___.jpg\">                         <\/p>\n<p>                                                                     Compatible con G-Sync: Sum\u00e9rjete en una acci\u00f3n fluida sin interrupciones                                            <img decoding=\"async\" alt=\" \" src=\"https:\/\/images-na.ssl-images-amazon.com\/images\/G\/01\/x-locale\/common\/grey-pixel.gif\" class=\"a-lazy-loaded\" data-src=\"https:\/\/m.media-amazon.com\/images\/S\/aplus-media-library-service-media\/a4427157-e929-4bec-ae57-ec5777b1d699.__CR0,0,1464,600_PT0_SX1464_V1___.jpg\"><img decoding=\"async\" alt=\" \" src=\"https:\/\/m.media-amazon.com\/images\/S\/aplus-media-library-service-media\/a4427157-e929-4bec-ae57-ec5777b1d699.__CR0,0,1464,600_PT0_SX1464_V1___.jpg\">                                         <\/p>\n<p class=\"aplus-description aplus-container-3 aplus-p1\"> La compatibilidad con G-Sync mantiene la GPU y el panel sincronizados para eliminar el entrecortamiento, el retardo de la pantalla y los desgarros de imagen. Acci\u00f3n r\u00e1pida y escenas de juego complejas estables y sin interrupciones con AMD FreeSync Premium Pro para mayor ventaja competitiva. \u2077 \u2078 <\/p>\n<p>                                                                                              <img decoding=\"async\" alt=\"monitor samsung; samsung monitor\" src=\"https:\/\/images-na.ssl-images-amazon.com\/images\/G\/01\/x-locale\/common\/grey-pixel.gif\" class=\"a-lazy-loaded\" data-src=\"https:\/\/m.media-amazon.com\/images\/S\/aplus-media-library-service-media\/c84bbafe-7b9e-4317-9006-2293996ae702.__CR0,0,650,350_PT0_SX650_V1___.jpg\"><img decoding=\"async\" alt=\"monitor samsung; samsung monitor\" src=\"https:\/\/m.media-amazon.com\/images\/S\/aplus-media-library-service-media\/c84bbafe-7b9e-4317-9006-2293996ae702.__CR0,0,650,350_PT0_SX650_V1___.jpg\">                                            Gaming Hub con IA: La uni\u00f3n de los juegos                                         <\/p>\n<p class=\"aplus-p3\"> Gaming Hub proporciona acceso instant\u00e1neo a tus plataformas de streaming y consolas de juegos, sin descargas. El procesador NQ8 AI Gen3 de Samsung potencia la capacidad de respuesta de los juegos, permitiendo un escalado de IA a casi 4K para disfrutar de experiencias m\u00e1s envolventes.\u2079 \u00b9\u2070 \u00b9\u00b9 \u00b9\u00b2 \u00b9\u00b3 \u00b9\u2074 <\/p>\n<p>                                           <img decoding=\"async\" alt=\"monitor samsung; samsung monitor\" src=\"https:\/\/images-na.ssl-images-amazon.com\/images\/G\/01\/x-locale\/common\/grey-pixel.gif\" class=\"a-lazy-loaded\" data-src=\"https:\/\/m.media-amazon.com\/images\/S\/aplus-media-library-service-media\/0adf6de4-cb28-416d-a985-5af065facecd.__CR0,0,650,350_PT0_SX650_V1___.jpg\"><img decoding=\"async\" alt=\"monitor samsung; samsung monitor\" src=\"https:\/\/m.media-amazon.com\/images\/S\/aplus-media-library-service-media\/0adf6de4-cb28-416d-a985-5af065facecd.__CR0,0,650,350_PT0_SX650_V1___.jpg\">                                            Aplicaciones de Smart TV con IA                                         <\/p>\n<p class=\"aplus-p3\"> Utiliza el Odyssey OLED G8 como televisor adicional para tomarte un descanso. Ponte al d\u00eda con los programas en streaming y contenidos incluidos a trav\u00e9s de Samsung TV, sin descargas ni registros, con escalado a casi 4K impulsado por el procesador NQ8 AI Gen3. \u00b9\u2075 \u00b9\u2076 \u00b9\u2077 <\/p>\n<p>                                                                     Amplificador de voz activo Pro: La IA eleva el audio para un di\u00e1logo claro                                            <img decoding=\"async\" alt=\" \" src=\"https:\/\/images-na.ssl-images-amazon.com\/images\/G\/01\/x-locale\/common\/grey-pixel.gif\" class=\"a-lazy-loaded\" data-src=\"https:\/\/m.media-amazon.com\/images\/S\/aplus-media-library-service-media\/b755751f-4e07-4de3-b584-9b1579a7d42c.__CR0,0,1464,600_PT0_SX1464_V1___.jpg\"><img decoding=\"async\" alt=\" \" src=\"https:\/\/m.media-amazon.com\/images\/S\/aplus-media-library-service-media\/b755751f-4e07-4de3-b584-9b1579a7d42c.__CR0,0,1464,600_PT0_SX1464_V1___.jpg\">                                         <\/p>\n<p class=\"aplus-description aplus-container-3 aplus-p1\"> Los altavoces integrados llevan los juegos al siguiente nivel sin cables ni equipos externos. Active Voice Amplifier Pro utiliza IA para analizar el ruido de fondo y mejorar las voces. Ahora es m\u00e1s f\u00e1cil o\u00edr los di\u00e1logos en tus contenidos favoritos, como pel\u00edculas y deportes en directo. \u00b9\u2078 <\/p>\n<h3 class=\"a-text-center aplus-h1 a-text-bold\"> Elige tu monitor de gaming <\/h3>\n<p>                         Add To Basket  <\/p>\n<p>                         Add To Basket  <\/p>\n<p>                         Add To Basket  <\/p>\n<p>                                     Customer Reviews  <\/p>\n<p>                    4.4 out of 5 stars  221  <\/p>\n<p>                    4.3 out of 5 stars  210  <\/p>\n<p>                    4.6 out of 5 stars  53  <\/p>\n<p>                    4.5 out of 5 stars  649  <\/p>\n<p>                    4.2 out of 5 stars  1,104  <\/p>\n<p>                                     Price  <\/p>\n<p>                                                        \u2014    <\/p>\n<p>                                                        \u20ac853.86\u20ac853.86     <\/p>\n<p>                                                        \u20ac300.94\u20ac300.94     <\/p>\n<p>                                                        \u20ac211.96\u20ac211.96     <\/p>\n<p>                                                        \u2014    <\/p>\n<p>                                     Pulgadas  <\/p>\n<p>                                                32&#8243;    <\/p>\n<p>                                                49\u2033    <\/p>\n<p>                                                27&#8243;    <\/p>\n<p>                                                32\u2033    <\/p>\n<p>                                                49\u2033    <\/p>\n<p>                                     Resoluci\u00f3n  <\/p>\n<p>                                                4K (3840 x 2160)    <\/p>\n<p>                                                DQHD (5120 x 1440)    <\/p>\n<p>                                                FHD (1920 x 1080)    <\/p>\n<p>                                                QHD (2560 x 1440)    <\/p>\n<p>                                                DQHD (5120 x 1440)    <\/p>\n<p>                                     Curvatura  <\/p>\n<p>                                                &#8211;    <\/p>\n<p>                                                1000R    <\/p>\n<p>                                                1000R    <\/p>\n<p>                                                1000R    <\/p>\n<p>                                                1000R    <\/p>\n<p>                                     Tasa de refresco  <\/p>\n<p>                                                240 Hz    <\/p>\n<p>                                                240 Hz    <\/p>\n<p>                                                165 Hz    <\/p>\n<p>                                                165 Hz    <\/p>\n<p>                                                240 Hz    <\/p>\n<p>                                     Tiempo de respuesta  <\/p>\n<p>                                                0,03 ms (GtG)    <\/p>\n<p>                                                0,03 ms    <\/p>\n<p>                                                1 ms    <\/p>\n<p>                                                1 ms    <\/p>\n<p>                                                1 ms    <\/p>\n<p class=\"description\"> \u00b9 Basado en resultados de pruebas internas.\u00b2 Cuando el ajuste \u00abAjustar brillo del logotipo\u00bb est\u00e1 en \u00abApagado\u00bb o \u00abBajo\u00bb, la modulaci\u00f3n t\u00e9rmica s\u00f3lo est\u00e1 activa en los modos de imagen preestablecidos. \u00b3 Cuando el ajuste \u00abAjustar brillo del logotipo\u00bb est\u00e1 en \u00abAlto\u00bb, la modulaci\u00f3n t\u00e9rmica est\u00e1 siempre activa.\u2074 Basado en GtG medido en condiciones de prueba internas. Los resultados pueden variar seg\u00fan el contenido y la configuraci\u00f3n del monitor. \u2075 GtG (Gray to Gray) mide el tiempo que tarda un p\u00edxel del monitor en cambiar de un valor de gris a otro. \u2076 La frecuencia de actualizaci\u00f3n y el tiempo de respuesta pueden variar en funci\u00f3n del rendimiento de la fuente de entrada.\u2077 Im\u00e1genes de pantalla simuladas con fines ilustrativos. \u2078 La aplicaci\u00f3n del logotipo G-Sync en el paquete y el producto puede variar en funci\u00f3n del momento de la compra.\u2079 Gaming Hub est\u00e1 disponible en un n\u00famero limitado de pa\u00edses, y la disponibilidad de la aplicaci\u00f3n var\u00eda seg\u00fan el pa\u00eds. \u00b9\u2070 El acceso a Gaming Hub est\u00e1 incluido. Es posible que sea necesario suscribirse para acceder a los contenidos ofrecidos por terceros en la plataforma Gaming Hub.\u00b9\u00b9 Es posible que se necesite un mando distinto en funci\u00f3n del juego espec\u00edfico de Gaming Hub. \u00b9\u00b2 El aumento de AI s\u00f3lo est\u00e1 disponible en el modo de prioridad PQ. \u00b9\u00b3 La interfaz de usuario est\u00e1 sujeta a cambios sin previo aviso. \u00b9\u2074 El acceso a toda la gama de funciones inteligentes, como los servicios basados en red, las aplicaciones (incluidos los juegos y los servicios de streaming) y la funcionalidad de hogar inteligente, requiere una Samsung Account. Sin iniciar sesi\u00f3n, la funcionalidad est\u00e1 limitada a dispositivos externos, por ejemplo, a trav\u00e9s de HDMI. \u00b9\u2075 La disponibilidad de la aplicaci\u00f3n puede variar seg\u00fan el pa\u00eds y es posible que se requieran suscripciones independientes. \u00b9\u2076 Requiere conexi\u00f3n a Internet y no incluye sintonizador de TV. \u00b9\u2077 Samsung TV Plus y Universal Guide pueden no estar disponibles en algunas regiones.\u00b9\u2078 Active Voice Amplifier Pro s\u00f3lo est\u00e1 disponible en las aplicaciones integradas de Smart TV. <\/p>\n<p> Batteries                                            \u200f                                            :                                            \u200e                                            1 Lithium Ion batteries required. (included)   <br \/> Product Dimensions                                            \u200f                                            :                                            \u200e                                            26.35 x 71.97 x 58.46 cm; 8.4 kg   <br \/> Manufacturer                                            \u200f                                            :                                            \u200e                                            Samsung   <br \/> ASIN                                            \u200f                                            :                                            \u200e                                            B0D3FF5QL2   <br \/> Item model number                                            \u200f                                            :                                            \u200e                                            LS32DG802SUXEN   <br \/> Guaranteed software updates until                                            \u200f                                            :                                            \u200e                                            unknown   <br \/>  Customer reviews:                                                                                            4.4               4.4 out of 5 stars                                  (221)                                              var dpAcrHasRegisteredArcLinkClickAction;                    P.when(&#8216;A&#8217;, &#8216;ready&#8217;).execute(function(A) {                        if (dpAcrHasRegisteredArcLinkClickAction !== true) {                            dpAcrHasRegisteredArcLinkClickAction = true;                            A.declarative(                                &#8216;acrLink-click-metrics&#8217;, &#8216;click&#8217;,                                { \u00aballowLinkDefault\u00bb: true },                                function (event) {                                    if (window.ue) {                                        ue.count(\u00abacrLinkClickCount\u00bb, (ue.count(\u00abacrLinkClickCount\u00bb) || 0) + 1);                                    }                                }                            );                        }                    });                                             P.when(&#8216;A&#8217;, &#8216;cf&#8217;).execute(function(A) {                A.declarative(&#8216;acrStarsLink-click-metrics&#8217;, &#8216;click&#8217;, { \u00aballowLinkDefault\u00bb : true },  function(event){                    if(window.ue) {                        ue.count(\u00abacrStarsLinkWithPopoverClickCount\u00bb, (ue.count(\u00abacrStarsLinkWithPopoverClickCount\u00bb) || 0) + 1);                    }                });            });                          <\/p>\n<p>OLED in 4K resolution: Brilliant images with 250 nits (standard) and a wider spectrum of colors, shadows and contrasts. The NQ8 AI Gen3 processor also improves lower resolutions to nearly 4K, so you can get higher quality images through Gaming Hub and Smart TV.<br \/>DEEP BLACK LEVELS: Enjoy true blacks and darks on screen without losing light for supreme color and depth expression in every game.<br \/>Glare-free OLED &#8211; Glare Free technology significantly reduces glare from external light sources, so the color and black experience of the OLED display will be sublime. With a display that&#8217;s 54% less bright than a conventional anti-glare, you can see full game views and defeat your enemies.<br \/>240Hz Refresh Rate &#038; 0.03ms Response Time (GtG): Dodge, counterattack and attack faster than others with OLED technology, which delivers a near-instantaneous response rate (GtG) of 0.03ms. Get ahead of your competition with HDMI 2.1 and DisplayPort connections, delivering a 360Hz refresh rate in UHD resolution. Every millisecond counts when you face the best.<br \/>AMD FreeSync Premium Pro: Variable Refresh Rate (VRR) support with AMD FreeSync Premium Pro keeps the GPU and panel in sync to eliminate interruptions, screen lag and image cuts. Complex, fast-acting gameplay scenes are stable and uninterrupted for a competitive edge.<\/p>\n\n","protected":false},"excerpt":{"rendered":"<p> From the manufacturer OLED en resoluci\u00f3n 4K Experimenta un mundo m\u00e1s brillante y detallado El<\/p>","protected":false},"featured_media":27223,"comment_status":"open","ping_status":"closed","template":"","meta":[],"product_brand":[],"product_cat":[53],"product_tag":[1299,1298,1804,1801,1802,1805,1803,1799,1807,3436,1806,7271,201,1796,1927,2537,1922,1304,7995,738,844,2915,884,1035,163,1808,7272,249,1797,684,1800],"class_list":{"0":"post-27222","1":"product","2":"type-product","3":"status-publish","4":"has-post-thumbnail","6":"product_cat-4k-monitors","7":"product_tag-0-03ms","8":"product_tag-240hz","9":"product_tag-32-inch-4k-monitor","10":"product_tag-3840x2160-monitor","11":"product_tag-4k-gaming-monitor","12":"product_tag-4k-hdr-monitor","13":"product_tag-4k-ips-monitor","14":"product_tag-4k-monitor","15":"product_tag-4k-monitor-price","16":"product_tag-antiglare","17":"product_tag-best-4k-monitor","18":"product_tag-burnin","19":"product_tag-compatible","20":"product_tag-eye","21":"product_tag-flicker","22":"product_tag-free","23":"product_tag-freesync","24":"product_tag-gsync","25":"product_tag-ls32dg802suxen","26":"product_tag-mode","27":"product_tag-monitor","28":"product_tag-odyssey","29":"product_tag-oled","30":"product_tag-premium","31":"product_tag-pro","32":"product_tag-professional-4k-monitor","33":"product_tag-safeguard","34":"product_tag-samsung","35":"product_tag-saver","36":"product_tag-uhd","37":"product_tag-uhd-monitor","39":"first","40":"instock","41":"shipping-taxable","42":"product-type-external"},"_links":{"self":[{"href":"https:\/\/comprasyconsejos.store\/en\/wp-json\/wp\/v2\/product\/27222","targetHints":{"allow":["GET"]}}],"collection":[{"href":"https:\/\/comprasyconsejos.store\/en\/wp-json\/wp\/v2\/product"}],"about":[{"href":"https:\/\/comprasyconsejos.store\/en\/wp-json\/wp\/v2\/types\/product"}],"replies":[{"embeddable":true,"href":"https:\/\/comprasyconsejos.store\/en\/wp-json\/wp\/v2\/comments?post=27222"}],"version-history":[{"count":0,"href":"https:\/\/comprasyconsejos.store\/en\/wp-json\/wp\/v2\/product\/27222\/revisions"}],"wp:featuredmedia":[{"embeddable":true,"href":"https:\/\/comprasyconsejos.store\/en\/wp-json\/wp\/v2\/media\/27223"}],"wp:attachment":[{"href":"https:\/\/comprasyconsejos.store\/en\/wp-json\/wp\/v2\/media?parent=27222"}],"wp:term":[{"taxonomy":"product_brand","embeddable":true,"href":"https:\/\/comprasyconsejos.store\/en\/wp-json\/wp\/v2\/product_brand?post=27222"},{"taxonomy":"product_cat","embeddable":true,"href":"https:\/\/comprasyconsejos.store\/en\/wp-json\/wp\/v2\/product_cat?post=27222"},{"taxonomy":"product_tag","embeddable":true,"href":"https:\/\/comprasyconsejos.store\/en\/wp-json\/wp\/v2\/product_tag?post=27222"}],"curies":[{"name":"wp","href":"https:\/\/api.w.org\/{rel}","templated":true}]}}