{"id":27228,"date":"2026-02-20T12:44:00","date_gmt":"2026-02-20T12:44:00","guid":{"rendered":"https:\/\/comprasyconsejos.store\/product\/msi-pro-mp275pg-e14-27-inch-professional-fhd-monitor-1920x1080-ips-144hz-1ms-hdr-ready-eye-care-built-in-speaker-hdmi-2-0-dp-1-2a-tilt-adjustable-height-vesa-stand-black\/"},"modified":"2026-02-20T12:44:00","modified_gmt":"2026-02-20T12:44:00","slug":"msi-pro-mp275pg-e14-27-inch-professional-fhd-monitor-1920x1080-ips-144hz-1ms-hdr-ready-eye-care-built-in-speaker-hdmi-2-0-dp-1-2a-tilt-adjustable-height-vesa-stand-black","status":"publish","type":"product","link":"https:\/\/comprasyconsejos.store\/en\/product\/msi-pro-mp275pg-e14-27-inch-professional-fhd-monitor-1920x1080-ips-144hz-1ms-hdr-ready-eye-care-built-in-speaker-hdmi-2-0-dp-1-2a-tilt-adjustable-height-vesa-stand-black\/","title":{"rendered":"MSI Pro MP275PG E14 27-Inch Professional FHD Monitor, 1920&#215;1080 IPS, 144Hz, 1ms, HDR Ready, Eye Care, Built-in Speaker, HDMI 2.0, DP 1.2a, Tilt Adjustable, Height, VESA Stand, Black"},"content":{"rendered":"<p>Price: <span style=\"color:#b12704\"><del>\u20ac179.00<\/del> - \u20ac128.95<\/span><br \/><i><small>(as of Feb 20, 2026 12:44:00 UTC &#8211; <span class=\"wp_automatic_amazon_disclaimer\" title=\"Product prices and availability are accurate as of the date\/time indicated and are subject to change. Any price and availability information displayed on [relevant Amazon Site(s), as applicable] at the time of purchase will apply to the purchase of this product.\">Details<\/span>)<\/small><\/i><\/p>\n<p><a href=\"https:\/\/amazon.es\/dp\/B0FJRG2RR2?tag=man008-21\"><img decoding=\"async\" src=\"https:\/\/valvepress.s3.amazonaws.com\/imgs\/buy_now.png\"><\/a><br \/>\n<\/p>\n<p>                                             From the manufacturer   <\/p>\n<p>                                                  <img decoding=\"async\" alt=\"The Slim, Sleek and Smooth 144Hz Business Monitor\" src=\"https:\/\/images-na.ssl-images-amazon.com\/images\/G\/01\/x-locale\/common\/grey-pixel.gif\" class=\"a-lazy-loaded\" data-src=\"https:\/\/m.media-amazon.com\/images\/S\/aplus-media-library-service-media\/f4593775-4156-47c0-bcd5-8e043728f5ca.__CR0,0,1940,600_PT0_SX970_V1___.jpg\"><img decoding=\"async\" alt=\"The Slim, Sleek and Smooth 144Hz Business Monitor\" src=\"https:\/\/m.media-amazon.com\/images\/S\/aplus-media-library-service-media\/f4593775-4156-47c0-bcd5-8e043728f5ca.__CR0,0,1940,600_PT0_SX970_V1___.jpg\">  <\/p>\n<p>                                                      <img decoding=\"async\" alt=\"PRO MP275PG E14\" src=\"https:\/\/images-na.ssl-images-amazon.com\/images\/G\/01\/x-locale\/common\/grey-pixel.gif\" class=\"a-spacing-mini a-lazy-loaded\" data-src=\"https:\/\/m.media-amazon.com\/images\/S\/aplus-media-library-service-media\/6176cac4-7765-4d2e-bc2c-1d973dcebcf5.__CR0,0,600,800_PT0_SX300_V1___.jpg\"><img decoding=\"async\" alt=\"PRO MP275PG E14\" src=\"https:\/\/m.media-amazon.com\/images\/S\/aplus-media-library-service-media\/6176cac4-7765-4d2e-bc2c-1d973dcebcf5.__CR0,0,600,800_PT0_SX300_V1___.jpg\">  <\/p>\n<p>                                                              <img decoding=\"async\" alt=\"MSI: For Gamers &amp;amp; Creators\" src=\"https:\/\/images-na.ssl-images-amazon.com\/images\/G\/01\/x-locale\/common\/grey-pixel.gif\" class=\"a-spacing-mini a-lazy-loaded\" data-src=\"https:\/\/m.media-amazon.com\/images\/S\/aplus-media-library-service-media\/6faa1f28-7fa5-4dca-9dc5-f88c204cd82b.__CR0,0,350,175_PT0_SX350_V1___.png\"><img decoding=\"async\" alt=\"MSI: For Gamers &amp;amp; Creators\" src=\"https:\/\/m.media-amazon.com\/images\/S\/aplus-media-library-service-media\/6faa1f28-7fa5-4dca-9dc5-f88c204cd82b.__CR0,0,350,175_PT0_SX350_V1___.png\">                                          MSI: For Gamers &amp; Creators                                 <\/p>\n<p class=\"a-spacing-small a-size-small a-color-secondary\"> MSI is one of the most trusted names in gaming and esports with countless hours and significant resources invested into premier esports leagues and tier-1 gaming teams. By supporting and working with the best of the best, MSI is able to integrate competitive gaming knowledge and aspirations with technological innovation to create new products that shatter today&#8217;s performance limits. <\/p>\n<h3 class=\"a-spacing-mini\"> PRO MP275PG E14 <\/h3>\n<p>                                          The Slim, Sleek and Smooth 144Hz Business Monitor                                     <\/p>\n<p class=\"a-spacing-base\"> El monitor MSI PRO MP275PG E14 PerfectEdge cuenta con un dise\u00f1o sin marco en los cuatro lados y una tasa de refresco de 144 Hz para ofrecer a los usuarios una experiencia visual m\u00e1s fluida y envolvente.  Equipado con una base compacta, tecnolog\u00eda EyesErgo y hardware f\u00e1cil de usar, como MSI Power Link, el PRO MP275PG E14 marca el comienzo de una nueva era de monitores para el lugar de trabajo optimizados para la comodidad y la productividad. <\/p>\n<p>                                                          Panel IPS Full HD de 27&#8243; con relaci\u00f3n de contraste de 1500:1       Certificado T\u00dcV Rheinland Eye Comfort Anti-parpadeo y reducci\u00f3n de la luz azul       Entretenimiento de alta calidad con una tasa de refresco m\u00e1s fluida de 144 Hz       Eye-Q Check Asistencia para la productividad       Dise\u00f1o ajustable en 4 direcciones y compatible con VESA       Actualizaci\u00f3n del firmware       Compatibilidad con Adaptive Sync       Conectividad HDMI 2.0 (HDMI-CEC), DisplayPort 1.2a y D-Sub      <\/p>\n<p class=\"apm-text-center\">\n                                                      <img decoding=\"async\" alt=\"144 Hz, listo para jugar\" src=\"https:\/\/images-na.ssl-images-amazon.com\/images\/G\/01\/x-locale\/common\/grey-pixel.gif\" class=\"a-lazy-loaded\" data-src=\"https:\/\/m.media-amazon.com\/images\/S\/aplus-media-library-service-media\/6caf855a-55c6-41c9-b988-b55dabc9b794.__CR0,0,2000,2000_PT0_SX220_V1___.jpg\"><img decoding=\"async\" alt=\"144 Hz, listo para jugar\" src=\"https:\/\/m.media-amazon.com\/images\/S\/aplus-media-library-service-media\/6caf855a-55c6-41c9-b988-b55dabc9b794.__CR0,0,2000,2000_PT0_SX220_V1___.jpg\">  <\/p>\n<p>                                                    144 Hz, listo para jugar                                     <\/p>\n<p class=\"a-size-small\">\n<p>Disfruta de todas las prestaciones de un monitor con una alta frecuencia de actualizaci\u00f3n de 144 Hz. Disfruta de una multitarea fluida, una experiencia de juego ultrafluida y unas im\u00e1genes generadas por IA muy fluidas. Ideal tanto para creadores como para gamers e innovadores, este nivel de rendimiento ofrece una experiencia visual v\u00edvida y precisa.<\/p>\n<p>HDR Ready se puede activar para proporcionar un contraste mejorado.<\/p>\n<p class=\"apm-text-center\">\n                                                      <img decoding=\"async\" alt=\"Dise\u00f1o PerfectEdge\" src=\"https:\/\/images-na.ssl-images-amazon.com\/images\/G\/01\/x-locale\/common\/grey-pixel.gif\" class=\"a-lazy-loaded\" data-src=\"https:\/\/m.media-amazon.com\/images\/S\/aplus-media-library-service-media\/89dd7569-ede3-4ed4-9fc6-c6671bdadbeb.__CR0,0,2000,2000_PT0_SX220_V1___.jpg\"><img decoding=\"async\" alt=\"Dise\u00f1o PerfectEdge\" src=\"https:\/\/m.media-amazon.com\/images\/S\/aplus-media-library-service-media\/89dd7569-ede3-4ed4-9fc6-c6671bdadbeb.__CR0,0,2000,2000_PT0_SX220_V1___.jpg\">  <\/p>\n<p>                                                    Dise\u00f1o PerfectEdge                                     <\/p>\n<p class=\"a-size-small\">\n<p>El monitor PRO MP275PG E14 cuenta con un dise\u00f1o PerfectEdge (sin marco en los cuatro lados) que lo hace un 37,5 % m\u00e1s delgado que los monitores est\u00e1ndar. Con una alta relaci\u00f3n pantalla-cuerpo del 92 %, ofrece una experiencia visual m\u00e1s inmersiva con menos distracciones.<\/p>\n<p>Este dise\u00f1o no solo aumenta la productividad, sino que tambi\u00e9n permite configuraciones multidisplay sin fisuras, lo que proporciona una experiencia inmersiva tanto para el trabajo como para los juegos ligeros.<\/p>\n<p class=\"apm-text-center\">\n                                                      <img decoding=\"async\" alt=\"Altavoces integrados\" src=\"https:\/\/images-na.ssl-images-amazon.com\/images\/G\/01\/x-locale\/common\/grey-pixel.gif\" class=\"a-lazy-loaded\" data-src=\"https:\/\/m.media-amazon.com\/images\/S\/aplus-media-library-service-media\/fa54ee7a-4258-4008-867c-a64e812c7149.__CR0,0,2000,2000_PT0_SX220_V1___.jpg\"><img decoding=\"async\" alt=\"Altavoces integrados\" src=\"https:\/\/m.media-amazon.com\/images\/S\/aplus-media-library-service-media\/fa54ee7a-4258-4008-867c-a64e812c7149.__CR0,0,2000,2000_PT0_SX220_V1___.jpg\">  <\/p>\n<p>                                                    Altavoces integrados                                     <\/p>\n<p class=\"a-size-small\">\n<p>Dos altavoces integrados (2 W) proporcionan una c\u00f3moda salida de audio para archivos de sonido\/m\u00fasica, asistir a conferencias en l\u00ednea o editar v\u00eddeos sin necesidad de altavoces externos ni auriculares.<\/p>\n<p class=\"apm-text-center\">\n                                                      <img decoding=\"async\" alt=\"Comodidad ocular superior\" src=\"https:\/\/images-na.ssl-images-amazon.com\/images\/G\/01\/x-locale\/common\/grey-pixel.gif\" class=\"a-lazy-loaded\" data-src=\"https:\/\/m.media-amazon.com\/images\/S\/aplus-media-library-service-media\/dffc6ec3-1695-41f8-a487-35ae16458f22.__CR0,0,2000,2000_PT0_SX220_V1___.jpg\"><img decoding=\"async\" alt=\"Comodidad ocular superior\" src=\"https:\/\/m.media-amazon.com\/images\/S\/aplus-media-library-service-media\/dffc6ec3-1695-41f8-a487-35ae16458f22.__CR0,0,2000,2000_PT0_SX220_V1___.jpg\">  <\/p>\n<p>                                                    Comodidad ocular superior                                     <\/p>\n<p class=\"a-size-small\">\n<p>Mant\u00e9n la concentraci\u00f3n y reduce la fatiga ocular con funciones integradas dise\u00f1adas para ayudar a mejorar la productividad en el trabajo:<\/p>\n<p>  Less Blue Light emplea una tecnolog\u00eda de filtro basada en software, al tiempo que conserva una paleta de colores vivos con un nivel de detalle sin concesiones. Tecnolog\u00eda Less Blue Light* Panel antirreflejos** Superficie antirreflejos  <\/p>\n<p>*Certificado T\u00dcV Rheinland Low Blue Light (soluci\u00f3n de software) Q 50680153, 16-06-2025<\/p>\n<p>**Certificado T\u00dcV Rheinland Flicker Free Q 50680153, 16-06-2025<\/p>\n<p class=\"apm-text-center\">\n                                                      <img decoding=\"async\" alt=\"Soporte ergon\u00f3mico\" src=\"https:\/\/images-na.ssl-images-amazon.com\/images\/G\/01\/x-locale\/common\/grey-pixel.gif\" class=\"a-lazy-loaded\" data-src=\"https:\/\/m.media-amazon.com\/images\/S\/aplus-media-library-service-media\/b748aeda-d2dd-4ab5-8975-06809deb1769.__CR0,0,2000,2000_PT0_SX220_V1___.jpg\"><img decoding=\"async\" alt=\"Soporte ergon\u00f3mico\" src=\"https:\/\/m.media-amazon.com\/images\/S\/aplus-media-library-service-media\/b748aeda-d2dd-4ab5-8975-06809deb1769.__CR0,0,2000,2000_PT0_SX220_V1___.jpg\">  <\/p>\n<p>                                                    Soporte ergon\u00f3mico                                     <\/p>\n<p class=\"a-size-small\">\n<p>Cuenta con un soporte minimalista de color negro mate ajustable en 4 direcciones que admite la visualizaci\u00f3n en orientaci\u00f3n vertical y horizontal:<\/p>\n<p>  Giro: -90\u00b0\\~90\u00b0 Rotaci\u00f3n: -45\u00b0\\~45\u00b0 Inclinaci\u00f3n: -5\u00b0\\~20\u00b0 Altura: 0\\~130 mm      <\/p>\n<p class=\"apm-text-center\">\n                                                      <img decoding=\"async\" alt=\"Dise\u00f1o montable en mini PC\" src=\"https:\/\/images-na.ssl-images-amazon.com\/images\/G\/01\/x-locale\/common\/grey-pixel.gif\" class=\"a-lazy-loaded\" data-src=\"https:\/\/m.media-amazon.com\/images\/S\/aplus-media-library-service-media\/cc644322-8914-4435-a461-8e7349b6f917.__CR0,0,2000,2000_PT0_SX220_V1___.jpg\"><img decoding=\"async\" alt=\"Dise\u00f1o montable en mini PC\" src=\"https:\/\/m.media-amazon.com\/images\/S\/aplus-media-library-service-media\/cc644322-8914-4435-a461-8e7349b6f917.__CR0,0,2000,2000_PT0_SX220_V1___.jpg\">  <\/p>\n<p>                                                    Dise\u00f1o montable en mini PC                                     <\/p>\n<p class=\"a-size-small\">\n<p>El dise\u00f1o del soporte montable para mini PC hace que el monitor sea compatible con la mini PC de la serie Cubi de MSI, lo que permite una configuraci\u00f3n de escritorio invisible.<\/p>\n<p class=\"apm-text-center\">\n                                                      <img decoding=\"async\" alt=\"MSI Power Link\" src=\"https:\/\/images-na.ssl-images-amazon.com\/images\/G\/01\/x-locale\/common\/grey-pixel.gif\" class=\"a-lazy-loaded\" data-src=\"https:\/\/m.media-amazon.com\/images\/S\/aplus-media-library-service-media\/9b0281e4-44e4-4011-ac99-7614e8014cdc.__CR0,0,2000,2000_PT0_SX220_V1___.jpg\"><img decoding=\"async\" alt=\"MSI Power Link\" src=\"https:\/\/m.media-amazon.com\/images\/S\/aplus-media-library-service-media\/9b0281e4-44e4-4011-ac99-7614e8014cdc.__CR0,0,2000,2000_PT0_SX220_V1___.jpg\">  <\/p>\n<p>                                                    MSI Power Link                                     <\/p>\n<p class=\"a-size-small\">\n<p>El MSI PRO MP275PG E14 admite un soporte VESA est\u00e1ndar de 100 mm* y es compatible con el mini PC de la serie MSI Cubi para una configuraci\u00f3n de escritorio invisible.<\/p>\n<p>MSI Power Link con HDMI CEC permite encender el mini PC MSI con el bot\u00f3n del monitor, lo que mejora la eficiencia y la experiencia del usuario.<\/p>\n<p>*Disfruta de un escritorio m\u00e1s limpio y una gesti\u00f3n de cables superior con el brazo VESA MT81 de MSI (no incluido).<\/p>\n<p class=\"apm-text-center\">\n                                                      <img decoding=\"async\" alt=\"Varios puertos de E\/S\" src=\"https:\/\/images-na.ssl-images-amazon.com\/images\/G\/01\/x-locale\/common\/grey-pixel.gif\" class=\"a-lazy-loaded\" data-src=\"https:\/\/m.media-amazon.com\/images\/S\/aplus-media-library-service-media\/1e6021ca-ad38-417d-ad3d-f2b9ca04df4d.__CR0,0,2000,2000_PT0_SX220_V1___.jpg\"><img decoding=\"async\" alt=\"Varios puertos de E\/S\" src=\"https:\/\/m.media-amazon.com\/images\/S\/aplus-media-library-service-media\/1e6021ca-ad38-417d-ad3d-f2b9ca04df4d.__CR0,0,2000,2000_PT0_SX220_V1___.jpg\">  <\/p>\n<p>                                                    Varios puertos de E\/S                                     <\/p>\n<p class=\"a-size-small\">\n<p>Nuestro monitor profesional est\u00e1 dise\u00f1ado para mantenerte conectado y mejorar tu productividad con una variedad de puertos de entrada. Tanto si est\u00e1s trabajando como si te est\u00e1s entreteniendo, las vers\u00e1tiles opciones de conectividad garantizan una integraci\u00f3n perfecta con todos tus dispositivos.<\/p>\n<p>  HDMI 2.0 (1920 x 1080\/144 Hz, HDMI-CEC para consolas) DisplayPort 1.2a (1920 x 1080\/144 Hz) D-Sub (VGA) (1920 x 1080\/60 Hz)      <\/p>\n<p> Product Dimensions                                            \u200f                                            :                                            \u200e                                            61.17 x 53.97 x 22.69 cm; 9.01 kg   <br \/> Manufacturer                                            \u200f                                            :                                            \u200e                                            MSI   <br \/> ASIN                                            \u200f                                            :                                            \u200e                                            B0FJRG2RR2   <br \/> Item model number                                            \u200f                                            :                                            \u200e                                            PRO MP275PG E14   <br \/> Country of origin                                            \u200f                                            :                                            \u200e                                            Spain   <br \/> Guaranteed software updates until                                            \u200f                                            :                                            \u200e                                            unknown   <br \/>  Customer reviews:                                                                                            4.5               4.5 out of 5 stars                                  (1,301)                                              var dpAcrHasRegisteredArcLinkClickAction;                    P.when(&#8216;A&#8217;, &#8216;ready&#8217;).execute(function(A) {                        if (dpAcrHasRegisteredArcLinkClickAction !== true) {                            dpAcrHasRegisteredArcLinkClickAction = true;                            A.declarative(                                &#8216;acrLink-click-metrics&#8217;, &#8216;click&#8217;,                                { \u00aballowLinkDefault\u00bb: true },                                function (event) {                                    if (window.ue) {                                        ue.count(\u00abacrLinkClickCount\u00bb, (ue.count(\u00abacrLinkClickCount\u00bb) || 0) + 1);                                    }                                }                            );                        }                    });                                             P.when(&#8216;A&#8217;, &#8216;cf&#8217;).execute(function(A) {                A.declarative(&#8216;acrStarsLink-click-metrics&#8217;, &#8216;click&#8217;, { \u00aballowLinkDefault\u00bb : true },  function(event){                    if(window.ue) {                        ue.count(\u00abacrStarsLinkWithPopoverClickCount\u00bb, (ue.count(\u00abacrStarsLinkWithPopoverClickCount\u00bb) || 0) + 1);                    }                });            });                          <\/p>\n<p>27&#8243; FHD PANEL: The PRO MP275PG E14 features a 27-inch IPS panel 178\u00b0 wide viewing angle with Full-HD 1920 x 1080 pixel resolution; a high refresh rate of 144Hz MPRT of 1ms enhances the daily viewing experience<br \/>IMAGE QUALITY: The PRO MP275PG E14 supports a 116% 6-bit+FRC sRGB ior color gamut, 16.7 million colors, 300 nits of brightness, and a high contrast ratio of 1500:1; MSI Display Kit App unlocks additional screen settings<br \/>BLUE LIGHT REDUCTION: Features certified by T\u00dcV Rheinland Eye Comfort include less blue light filters and anti-flicker technology; employs anti-glare treatment, presets and Eye-Q Check functionality<br \/>SIMPLE AND AT THE TIME FLEXIBLE: The monitor comes with 100mm VESA mounts for wall or arm mounting e.g. MSI VESA Arm mt81, while the mount is an ergonomic tilt adjustable stand<br \/>MULTIPLE CONNECTIVITY: Supports three connectivity options with HDMI 2.0 ports 1920 x 1080\/144Hz, HDMI-CEC for consoles, DisplayPort 1.2a, and D-Sub 1920 x 1080\/60 Hz, Adaptive Sync compatible; includes Kensington lock<\/p>\n\n","protected":false},"excerpt":{"rendered":"<p> From the manufacturer MSI: For Gamers &amp; Creators MSI is one of the most trusted<\/p>","protected":false},"featured_media":27229,"comment_status":"open","ping_status":"closed","template":"","meta":[],"product_brand":[],"product_cat":[52,54],"product_tag":[3953,1817,853,1822,704,1918,1819,1768,1821,1816,1824,876,1823,307,1567,2183,1825,3857,1796,639,544,1813,1569,703,1820,844,7996,1262,163,814,1818,625,1930,227,1183,2342],"class_list":{"0":"post-27228","1":"product","2":"type-product","3":"status-publish","4":"has-post-thumbnail","6":"product_cat-2k-monitors","7":"product_cat-curved-monitors","8":"product_tag-1-2a","9":"product_tag-1440p-monitor","10":"product_tag-144hz","11":"product_tag-144hz-2k-monitor","12":"product_tag-1920x1080","13":"product_tag-1ms","14":"product_tag-27-inch-2k-monitor","15":"product_tag-27inch","16":"product_tag-2k-gaming-monitor","17":"product_tag-2k-monitor","18":"product_tag-2k-monitor-price","19":"product_tag-adjustable","20":"product_tag-best-2k-monitor","21":"product_tag-black","22":"product_tag-builtin","23":"product_tag-care","24":"product_tag-curved-2k-monitor","25":"product_tag-e14","26":"product_tag-eye","27":"product_tag-fhd","28":"product_tag-hdmi","29":"product_tag-hdr","30":"product_tag-height","31":"product_tag-ips","32":"product_tag-ips-2k-monitor","33":"product_tag-monitor","34":"product_tag-mp275pg","35":"product_tag-msi","36":"product_tag-pro","37":"product_tag-professional","38":"product_tag-qhd-monitor","39":"product_tag-ready","40":"product_tag-speaker","41":"product_tag-stand","42":"product_tag-tilt","43":"product_tag-vesa","45":"first","46":"instock","47":"sale","48":"shipping-taxable","49":"product-type-external"},"_links":{"self":[{"href":"https:\/\/comprasyconsejos.store\/en\/wp-json\/wp\/v2\/product\/27228","targetHints":{"allow":["GET"]}}],"collection":[{"href":"https:\/\/comprasyconsejos.store\/en\/wp-json\/wp\/v2\/product"}],"about":[{"href":"https:\/\/comprasyconsejos.store\/en\/wp-json\/wp\/v2\/types\/product"}],"replies":[{"embeddable":true,"href":"https:\/\/comprasyconsejos.store\/en\/wp-json\/wp\/v2\/comments?post=27228"}],"version-history":[{"count":0,"href":"https:\/\/comprasyconsejos.store\/en\/wp-json\/wp\/v2\/product\/27228\/revisions"}],"wp:featuredmedia":[{"embeddable":true,"href":"https:\/\/comprasyconsejos.store\/en\/wp-json\/wp\/v2\/media\/27229"}],"wp:attachment":[{"href":"https:\/\/comprasyconsejos.store\/en\/wp-json\/wp\/v2\/media?parent=27228"}],"wp:term":[{"taxonomy":"product_brand","embeddable":true,"href":"https:\/\/comprasyconsejos.store\/en\/wp-json\/wp\/v2\/product_brand?post=27228"},{"taxonomy":"product_cat","embeddable":true,"href":"https:\/\/comprasyconsejos.store\/en\/wp-json\/wp\/v2\/product_cat?post=27228"},{"taxonomy":"product_tag","embeddable":true,"href":"https:\/\/comprasyconsejos.store\/en\/wp-json\/wp\/v2\/product_tag?post=27228"}],"curies":[{"name":"wp","href":"https:\/\/api.w.org\/{rel}","templated":true}]}}