{"id":27239,"date":"2026-02-20T12:50:35","date_gmt":"2026-02-20T12:50:35","guid":{"rendered":"https:\/\/comprasyconsejos.store\/product\/tatybo-wireless-gaming-headset-for-pc-ps5-ps4-wireless-gaming-headset-with-2-4ghzbluetooth-5-3-dual-mode-7-1-surround-sound-40hr-duration\/"},"modified":"2026-02-20T12:50:44","modified_gmt":"2026-02-20T12:50:44","slug":"tatybo-wireless-gaming-headset-for-pc-ps5-ps4-wireless-gaming-headset-with-2-4ghzbluetooth-5-3-dual-mode-7-1-surround-sound-40hr-duration","status":"publish","type":"product","link":"https:\/\/comprasyconsejos.store\/en\/product\/tatybo-wireless-gaming-headset-for-pc-ps5-ps4-wireless-gaming-headset-with-2-4ghzbluetooth-5-3-dual-mode-7-1-surround-sound-40hr-duration\/","title":{"rendered":"Tatybo Wireless Gaming Headset for PC\/PS5\/PS4, Wireless Gaming Headset with 2.4GHz+Bluetooth 5.3 Dual Mode, 7.1 Surround Sound, 40Hr+ Duration"},"content":{"rendered":"<p>Price: <span style=\"color:#b12704\">\u20ac37.99<\/span><br \/><i><small>(as of Feb 20, 2026 12:50:36 UTC &#8211; <span class=\"wp_automatic_amazon_disclaimer\" title=\"Product prices and availability are accurate as of the date\/time indicated and are subject to change. Any price and availability information displayed on [relevant Amazon Site(s), as applicable] at the time of purchase will apply to the purchase of this product.\">Details<\/span>)<\/small><\/i><\/p>\n<p><a href=\"https:\/\/amazon.es\/dp\/B0CSFKZRGF?tag=man008-21\"><img decoding=\"async\" src=\"https:\/\/valvepress.s3.amazonaws.com\/imgs\/buy_now.png\"><\/a><br \/>\n<\/p>\n<p>                                             From the brand   <\/p>\n<p>                                              <img decoding=\"async\" alt=\"\" src=\"https:\/\/images-na.ssl-images-amazon.com\/images\/G\/01\/x-locale\/common\/grey-pixel.gif\" class=\"a-lazy-loaded\" data-src=\"https:\/\/m.media-amazon.com\/images\/S\/aplus-media-library-service-media\/7f55110b-82e6-4ba5-a0e6-0366a3e8e587.__CR0,0,1464,625_PT0_SX1464_V1___.jpg\"><img decoding=\"async\" alt=\"\" src=\"https:\/\/m.media-amazon.com\/images\/S\/aplus-media-library-service-media\/7f55110b-82e6-4ba5-a0e6-0366a3e8e587.__CR0,0,1464,625_PT0_SX1464_V1___.jpg\">  <\/p>\n<h3> Tatybo <\/h3>\n<p> Marca Profesional De Fabricaci\u00f3n De Cascos Gaming <\/p>\n<p>                                              <img decoding=\"async\" alt=\"\" src=\"https:\/\/images-na.ssl-images-amazon.com\/images\/G\/01\/x-locale\/common\/grey-pixel.gif\" class=\"a-lazy-loaded\" data-src=\"https:\/\/m.media-amazon.com\/images\/S\/aplus-media-library-service-media\/86bff227-3c5d-4fa9-9d3f-e78a0aa392c8.__CR0,0,315,145_PT0_SX315_V1___.jpg\"><img decoding=\"async\" alt=\"\" src=\"https:\/\/m.media-amazon.com\/images\/S\/aplus-media-library-service-media\/86bff227-3c5d-4fa9-9d3f-e78a0aa392c8.__CR0,0,315,145_PT0_SX315_V1___.jpg\">  <\/p>\n<p> Tatybo <\/p>\n<\/p>\n<p>Transmite el concepto de \u00abEmpower With Sound\u00bb, manteniendo siempre la tecnolog\u00eda m\u00e1s puntera en cada auricular de juego, y se compromete a dar a cada jugador y aficionado de todo el mundo la experiencia de juego definitiva, crear auriculares de juego profesionales de alta calidad que todo el mundo pueda tener.Sus productos se corresponden con todas las plataformas de equipos de juegos, como PS4, PS5, Xbox, PC y MAC, etc.     <\/p>\n<h3> Cascos Gaming Profesionales <\/h3>\n<p>                                                         \u00bfNuestros productos son de alta calidad?                                       <\/p>\n<p> La marca Tatybo adopta un dise\u00f1o de circuito de alta tecnolog\u00eda y mano de obra fina.Cada auricular no solo se ha sometido a pruebas t\u00e9cnicas profesionales, sino que tambi\u00e9n ha invitado a muchos jugadores a probar el producto para maximizar el rendimiento del producto y la mejor experiencia. <\/p>\n<p>                                                         \u00bfC\u00f3mo empezamos?                                       <\/p>\n<p> El Sr. Tang y sus socios establecieron una marca de perif\u00e9ricos de juegos profesionales y la llamaron en honor a su primer ID de juego \u00abTatybo\u00bb. La misi\u00f3n de la marca es simple: Crea auriculares gaming c\u00f3modos y de alta calidad para todas las edades. <\/p>\n<p> Batteries                                            \u200f                                            :                                            \u200e                                            1 D batteries required. (included)   <br \/> Language                                            \u200f                                            :                                            \u200e                                            Japanese   <br \/> Package Dimensions                                            \u200f                                            :                                            \u200e                                            21.3 x 20.4 x 10.2 cm; 530 g   <br \/> Manufacturer                                            \u200f                                            :                                            \u200e                                            Tatybo   <br \/> ASIN                                            \u200f                                            :                                            \u200e                                            B0CSFKZRGF   <br \/> Item model number                                            \u200f                                            :                                            \u200e                                            WT01   <br \/> Guaranteed software updates until                                            \u200f                                            :                                            \u200e                                            unknown   <br \/>  Customer reviews:                                                                                            4.4               4.4 out of 5 stars                                  (669)                                              var dpAcrHasRegisteredArcLinkClickAction;                    P.when(&#8216;A&#8217;, &#8216;ready&#8217;).execute(function(A) {                        if (dpAcrHasRegisteredArcLinkClickAction !== true) {                            dpAcrHasRegisteredArcLinkClickAction = true;                            A.declarative(                                &#8216;acrLink-click-metrics&#8217;, &#8216;click&#8217;,                                { \u00aballowLinkDefault\u00bb: true },                                function (event) {                                    if (window.ue) {                                        ue.count(\u00abacrLinkClickCount\u00bb, (ue.count(\u00abacrLinkClickCount\u00bb) || 0) + 1);                                    }                                }                            );                        }                    });                                             P.when(&#8216;A&#8217;, &#8216;cf&#8217;).execute(function(A) {                A.declarative(&#8216;acrStarsLink-click-metrics&#8217;, &#8216;click&#8217;, { \u00aballowLinkDefault\u00bb : true },  function(event){                    if(window.ue) {                        ue.count(\u00abacrStarsLinkWithPopoverClickCount\u00bb, (ue.count(\u00abacrStarsLinkWithPopoverClickCount\u00bb) || 0) + 1);                    }                });            });                          <\/p>\n<p>\ud83d\udc4d\u3010Ultra-low Latency\u3011The wireless gaming headset combines high-performance 2.4GHz lossless wireless technology and Bluetooth 5.3 high-speed data transmission technology to bring you ultra-low latency gaming experience. With less than 20ms latency and a stable connection, you can enjoy immersive gaming with unified audio and graphics.<br \/>\u2764\u30107.1 Lossless Audio Quality\u3011Wireless gaming headset uses the state-of-the-art 2.4GHz chip to achieve lossless audio transmission, combining with 7.1 channels to deliver every detail with superior accuracy and fidelity.<br \/>\ud83c\udf84\u3010Long Battery Life\u3011The large capacity battery ensures that the wireless gaming headset lasts more than 40 hours and can be quickly charged in 3 hours to get a true wireless freedom experience. The extra thick padding of the headphones can effectively reduce the pressure on the head and provide a comfortable wearing experience.<br \/>\u2764\u3010Noise Cancelling Microphone\u3011Wireless headphones are equipped with a flexible and detachable omnidirectional noise reduction microphone, which can provide high-end noise reduction function, improve communication quality, and ensure barrier-free communication with teammates. The detachable microphone connects when needed and can be easily muted with the mute button.<br \/>\u2764\u3010Compatible with Multiple Gaming Devices\u3011The wireless headphones offer three connection options: Bluetooth + 2.4GHz USB transmitter + wired audio cable, ensuring wide compatibility. 2.4G 2 in 1 USB transmitter is suitable for PS4, PS5, PC, Switch and mobile devices; Bluetooth mode is suitable for mobile phones, Mac, laptops, etc.; 3.5mm wired mode<br \/>\ud83c\udf1fNote 1: In wireless mode, this headset is not compatible with Xbox series.<br \/>\ud83c\udf1fNote 2: When inserting the microphone, follow the mark of the microphone on the body. Do not insert it into the 3.5mm interface hole by mistake, it may cause the headset to turn off.<br \/>\ud83c\udf1fBluetooth cannot directly support PS5, PS4 and PC, and an additional Bluetooth USB adapter is required (not included). It is recommended to use 2.4G mode.<\/p>\n\n","protected":false},"excerpt":{"rendered":"<p> From the brand Tatybo Marca Profesional De Fabricaci\u00f3n De Cascos Gaming Tatybo Transmite el concepto<\/p>","protected":false},"featured_media":27240,"comment_status":"open","ping_status":"closed","template":"","meta":[],"product_brand":[],"product_cat":[61],"product_tag":[8002,8003,1880,298,7304,617,1881,1875,1883,711,1884,738,1878,8001,1876,869,868,7202,1879,1882,226,1877],"class_list":{"0":"post-27239","1":"product","2":"type-product","3":"status-publish","4":"has-post-thumbnail","6":"product_cat-games-entertainment","7":"product_tag-2-4ghzbluetooth","8":"product_tag-40hr","9":"product_tag-console-games","10":"product_tag-dual","11":"product_tag-duration","12":"product_tag-gaming","13":"product_tag-gaming-accessories","14":"product_tag-gaming-consoles","15":"product_tag-gaming-controllers","16":"product_tag-headset","17":"product_tag-home-gaming-system","18":"product_tag-mode","19":"product_tag-nintendo-console","20":"product_tag-pcps5ps4","21":"product_tag-playstation-console","22":"product_tag-sound","23":"product_tag-surround","24":"product_tag-tatybo","25":"product_tag-video-games","26":"product_tag-vr-headset","27":"product_tag-wireless","28":"product_tag-xbox-console","30":"first","31":"instock","32":"shipping-taxable","33":"product-type-external"},"_links":{"self":[{"href":"https:\/\/comprasyconsejos.store\/en\/wp-json\/wp\/v2\/product\/27239","targetHints":{"allow":["GET"]}}],"collection":[{"href":"https:\/\/comprasyconsejos.store\/en\/wp-json\/wp\/v2\/product"}],"about":[{"href":"https:\/\/comprasyconsejos.store\/en\/wp-json\/wp\/v2\/types\/product"}],"replies":[{"embeddable":true,"href":"https:\/\/comprasyconsejos.store\/en\/wp-json\/wp\/v2\/comments?post=27239"}],"version-history":[{"count":0,"href":"https:\/\/comprasyconsejos.store\/en\/wp-json\/wp\/v2\/product\/27239\/revisions"}],"wp:featuredmedia":[{"embeddable":true,"href":"https:\/\/comprasyconsejos.store\/en\/wp-json\/wp\/v2\/media\/27240"}],"wp:attachment":[{"href":"https:\/\/comprasyconsejos.store\/en\/wp-json\/wp\/v2\/media?parent=27239"}],"wp:term":[{"taxonomy":"product_brand","embeddable":true,"href":"https:\/\/comprasyconsejos.store\/en\/wp-json\/wp\/v2\/product_brand?post=27239"},{"taxonomy":"product_cat","embeddable":true,"href":"https:\/\/comprasyconsejos.store\/en\/wp-json\/wp\/v2\/product_cat?post=27239"},{"taxonomy":"product_tag","embeddable":true,"href":"https:\/\/comprasyconsejos.store\/en\/wp-json\/wp\/v2\/product_tag?post=27239"}],"curies":[{"name":"wp","href":"https:\/\/api.w.org\/{rel}","templated":true}]}}