{"id":27323,"date":"2026-02-20T13:49:05","date_gmt":"2026-02-20T13:49:05","guid":{"rendered":"https:\/\/comprasyconsejos.store\/product\/jbl-tune-680-nc-auriculares-supraaurales-inalambricos-ligeros-con-cancelacion-de-ruido-adaptativa-bluetooth-6-0-y-76-horas-de-bateria-google-fast-pair-microsoft-swift-pair-negro\/"},"modified":"2026-02-20T13:49:09","modified_gmt":"2026-02-20T13:49:09","slug":"jbl-tune-680-nc-auriculares-supraaurales-inalambricos-ligeros-con-cancelacion-de-ruido-adaptativa-bluetooth-6-0-y-76-horas-de-bateria-google-fast-pair-microsoft-swift-pair-negro","status":"publish","type":"product","link":"https:\/\/comprasyconsejos.store\/en\/product\/jbl-tune-680-nc-auriculares-supraaurales-inalambricos-ligeros-con-cancelacion-de-ruido-adaptativa-bluetooth-6-0-y-76-horas-de-bateria-google-fast-pair-microsoft-swift-pair-negro\/","title":{"rendered":"JBL Tune 680 NC, Auriculares supraaurales inal\u00e1mbricos Ligeros con cancelaci\u00f3n de Ruido adaptativa, Bluetooth 6.0 y 76 Horas de bater\u00eda, Google Fast Pair, Microsoft Swift Pair, Negro"},"content":{"rendered":"<p>Price: <span style=\"color:#b12704\"><del>\u20ac99.99<\/del> - \u20ac94.17<\/span><br \/><i><small>(as of Feb 20, 2026 13:49:05 UTC &#8211; <span class=\"wp_automatic_amazon_disclaimer\" title=\"Product prices and availability are accurate as of the date\/time indicated and are subject to change. Any price and availability information displayed on [relevant Amazon Site(s), as applicable] at the time of purchase will apply to the purchase of this product.\">Details<\/span>)<\/small><\/i><\/p>\n<p><a href=\"https:\/\/amazon.es\/dp\/B0FV3RWWWF?tag=man008-21\"><img decoding=\"async\" src=\"https:\/\/valvepress.s3.amazonaws.com\/imgs\/buy_now.png\"><\/a><br \/>\n<\/p>\n<p>                                             From the manufacturer   <\/p>\n<p>                                                                                                       <img decoding=\"async\" alt=\"aplus content image\" src=\"https:\/\/images-na.ssl-images-amazon.com\/images\/G\/01\/x-locale\/common\/grey-pixel.gif\" class=\"a-lazy-loaded\" data-src=\"https:\/\/m.media-amazon.com\/images\/S\/aplus-media-library-service-media\/5adfa682-74dd-4dc3-ac44-8323e6c39a01.__CR0,0,1464,600_PT0_SX1464_V1___.jpg\"><img decoding=\"async\" alt=\"aplus content image\" src=\"https:\/\/m.media-amazon.com\/images\/S\/aplus-media-library-service-media\/5adfa682-74dd-4dc3-ac44-8323e6c39a01.__CR0,0,1464,600_PT0_SX1464_V1___.jpg\">                                               <\/p>\n<p>                                                                                                       <img decoding=\"async\" alt=\"aplus content image\" src=\"https:\/\/images-na.ssl-images-amazon.com\/images\/G\/01\/x-locale\/common\/grey-pixel.gif\" class=\"a-lazy-loaded\" data-src=\"https:\/\/m.media-amazon.com\/images\/S\/aplus-media-library-service-media\/0a13f304-1d4f-4232-ae53-dcecce507911.__CR0,0,1464,600_PT0_SX1464_V1___.jpg\"><img decoding=\"async\" alt=\"aplus content image\" src=\"https:\/\/m.media-amazon.com\/images\/S\/aplus-media-library-service-media\/0a13f304-1d4f-4232-ae53-dcecce507911.__CR0,0,1464,600_PT0_SX1464_V1___.jpg\">                                               <\/p>\n<p>                                                                                                       <img decoding=\"async\" alt=\"aplus content image\" src=\"https:\/\/images-na.ssl-images-amazon.com\/images\/G\/01\/x-locale\/common\/grey-pixel.gif\" class=\"a-lazy-loaded\" data-src=\"https:\/\/m.media-amazon.com\/images\/S\/aplus-media-library-service-media\/2c7b88b2-29a3-41c5-b8f0-ecd68cb93902.__CR0,0,1464,600_PT0_SX1464_V1___.jpg\"><img decoding=\"async\" alt=\"aplus content image\" src=\"https:\/\/m.media-amazon.com\/images\/S\/aplus-media-library-service-media\/2c7b88b2-29a3-41c5-b8f0-ecd68cb93902.__CR0,0,1464,600_PT0_SX1464_V1___.jpg\">                                               <\/p>\n<p>                                                                                  <img decoding=\"async\" alt=\"aplus content image\" src=\"https:\/\/m.media-amazon.com\/images\/S\/aplus-media-library-service-media\/11d3e477-5f17-4cde-bb85-7b213d6c2901.__CR0,0,1464,600_PT0_SX1464_V1___.jpg\">       <\/p>\n<p>                                                                                  <img decoding=\"async\" alt=\"aplus content image\" src=\"https:\/\/m.media-amazon.com\/images\/S\/aplus-media-library-service-media\/1cdd41f7-7cae-4c70-b959-a5cdbaca3c7c.__CR0,0,1464,600_PT0_SX1464_V1___.jpg\">       <\/p>\n<p>                                                                                  <img decoding=\"async\" alt=\"aplus content image\" src=\"https:\/\/m.media-amazon.com\/images\/S\/aplus-media-library-service-media\/dec58fb7-ca87-4fa6-b1dc-b3aa8577e676.__CR0,0,1464,600_PT0_SX1464_V1___.jpg\">       <\/p>\n<p>                                                                                  <img decoding=\"async\" alt=\"aplus content image\" src=\"https:\/\/m.media-amazon.com\/images\/S\/aplus-media-library-service-media\/0f0c72dc-6fee-44cf-b60d-d45ca138baad.__CR0,0,1464,600_PT0_SX1464_V1___.jpg\">       <\/p>\n<p>                                                                                  <img decoding=\"async\" alt=\"El texto dice \u00abCONTENIDO DE LA CAJA:\u00bb seguido de vi\u00f1etas; p\u00e1gina del manual t\u00e9cnico o de instrucciones con fondo verde.\" src=\"https:\/\/m.media-amazon.com\/images\/S\/aplus-media-library-service-media\/5484c7de-f2f8-4336-b393-01ab8fc6d0e9.__CR0,0,1464,600_PT0_SX1464_V1___.jpg\">       <\/p>\n<p>                                                                                                       <img decoding=\"async\" alt=\"aplus content image\" src=\"https:\/\/images-na.ssl-images-amazon.com\/images\/G\/01\/x-locale\/common\/grey-pixel.gif\" class=\"a-lazy-loaded\" data-src=\"https:\/\/m.media-amazon.com\/images\/S\/aplus-media-library-service-media\/7f12cab3-c815-42d4-8798-939ca70207bb.__CR0,0,1464,600_PT0_SX1464_V1___.jpg\"><img decoding=\"async\" alt=\"aplus content image\" src=\"https:\/\/m.media-amazon.com\/images\/S\/aplus-media-library-service-media\/7f12cab3-c815-42d4-8798-939ca70207bb.__CR0,0,1464,600_PT0_SX1464_V1___.jpg\">                                               <\/p>\n<h3 class=\"a-text-center aplus-heading aplus-h1 a-text-bold\"> Descubre toda la gama <\/h3>\n<p class=\"aplus-p3 a-text-bold\"> Bluetooth <\/p>\n<p class=\"aplus-p3\"> Bluetooth 6.0 <\/p>\n<p class=\"aplus-p3 a-text-bold\"> Bluetooth <\/p>\n<p class=\"aplus-p3\"> Bluetooth 5.3 <\/p>\n<p class=\"aplus-p3 a-text-bold\"> Bluetooth <\/p>\n<p class=\"aplus-p3\"> Bluetooth 6.0 <\/p>\n<p class=\"aplus-p3 a-text-bold\"> Autonom\u00eda <\/p>\n<p class=\"aplus-p3\"> Hasta 76 horas <\/p>\n<p class=\"aplus-p3 a-text-bold\"> Autonom\u00eda <\/p>\n<p class=\"aplus-p3\"> Hasta 70 horas <\/p>\n<p class=\"aplus-p3 a-text-bold\"> Autonom\u00eda <\/p>\n<p class=\"aplus-p3\"> Hasta 76 horas <\/p>\n<p class=\"aplus-p3 a-text-bold\"> Cancelaci\u00f3n de ruido <\/p>\n<p class=\"aplus-p3\"> Si <\/p>\n<p class=\"aplus-p3 a-text-bold\"> Cancelaci\u00f3n de ruido <\/p>\n<p class=\"aplus-p3\"> Si <\/p>\n<p class=\"aplus-p3 a-text-bold\"> Cancelaci\u00f3n de ruido <\/p>\n<p class=\"aplus-p3\"> No <\/p>\n<p class=\"aplus-p3 a-text-bold\"> Conexi\u00f3n multipunto <\/p>\n<p class=\"aplus-p3\"> Si <\/p>\n<p class=\"aplus-p3 a-text-bold\"> Conexi\u00f3n multipunto <\/p>\n<p class=\"aplus-p3\"> Si <\/p>\n<p class=\"aplus-p3 a-text-bold\"> Conexi\u00f3n multipunto <\/p>\n<p class=\"aplus-p3\"> Si <\/p>\n<p class=\"aplus-p3 a-text-bold\"> Google Fast Pair <\/p>\n<p class=\"aplus-p3\"> Si <\/p>\n<p class=\"aplus-p3 a-text-bold\"> Google Fast Pair <\/p>\n<p class=\"aplus-p3\"> No <\/p>\n<p class=\"aplus-p3 a-text-bold\"> Google Fast Pair <\/p>\n<p class=\"aplus-p3\"> Si <\/p>\n<p> Product Dimensions                                            \u200f                                            :                                            \u200e                                            20.5 x 4.8 x 22.3 cm; 158.76 g   <br \/> Manufacturer                                            \u200f                                            :                                            \u200e                                            JBL   <br \/> ASIN                                            \u200f                                            :                                            \u200e                                            B0FV3RWWWF   <br \/> Item model number                                            \u200f                                            :                                            \u200e                                            JBLT680NCBLK   <br \/> Country\/Region of Origin                                            \u200f                                            :                                            \u200e                                            China   <br \/> Guaranteed software updates until                                            \u200f                                            :                                            \u200e                                            unknown   <br \/>  Customer reviews:                                                                                            4.4               4.4 out of 5 stars                                  (12)                                              var dpAcrHasRegisteredArcLinkClickAction;                    P.when(&#8216;A&#8217;, &#8216;ready&#8217;).execute(function(A) {                        if (dpAcrHasRegisteredArcLinkClickAction !== true) {                            dpAcrHasRegisteredArcLinkClickAction = true;                            A.declarative(                                &#8216;acrLink-click-metrics&#8217;, &#8216;click&#8217;,                                { \u00aballowLinkDefault\u00bb: true },                                function (event) {                                    if (window.ue) {                                        ue.count(\u00abacrLinkClickCount\u00bb, (ue.count(\u00abacrLinkClickCount\u00bb) || 0) + 1);                                    }                                }                            );                        }                    });                                             P.when(&#8216;A&#8217;, &#8216;cf&#8217;).execute(function(A) {                A.declarative(&#8216;acrStarsLink-click-metrics&#8217;, &#8216;click&#8217;, { \u00aballowLinkDefault\u00bb : true },  function(event){                    if(window.ue) {                        ue.count(\u00abacrStarsLinkWithPopoverClickCount\u00bb, (ue.count(\u00abacrStarsLinkWithPopoverClickCount\u00bb) || 0) + 1);                    }                });            });                          <\/p>\n<p>Sonido JBL Pure Bass: la curva de sonido inteligente JBL reduce la distorsi\u00f3n y ofrece un sonido n\u00edtido, mientras que el sonido espacial de JBL imita la experiencia de sonido de la m\u00fasica en directo<br \/>Dise\u00f1o c\u00f3modo: hechos con materiales ligeros, almohadillas suaves y una banda de sujeci\u00f3n acolchada para que los lleves c\u00f3modamente durante largos periodos de tiempo<br \/>C\u00e9ntrate en tu m\u00fasica: la cancelaci\u00f3n de ruido adaptativa elimina las distracciones, mientras que las tecnolog\u00edas Smart Ambient y TalkThru realzan los sonidos del entorno o las voces<br \/>Para una diversi\u00f3n prolongada: los Tune 680 NC ofrecen una duraci\u00f3n de bater\u00eda de hasta 76 horas con carga r\u00e1pida; adem\u00e1s, sonido espacial de JBL imita la experiencia de sonido de la m\u00fasica en directo<br \/>Contenido de env\u00edo: 1x JBL Auriculares Supraaurales Inal\u00e1mbricos Tune 680 NC en negro, 1 x Cable de carga USB-C, 1x Cable de audio extra\u00edble, 1x Gu\u00eda de inicio r\u00e1pida<\/p>\n\n","protected":false},"excerpt":{"rendered":"<p> From the manufacturer Descubre toda la gama Bluetooth Bluetooth 6.0 Bluetooth Bluetooth 5.3 Bluetooth Bluetooth<\/p>","protected":false},"featured_media":27324,"comment_status":"open","ping_status":"closed","template":"","meta":[],"product_brand":[],"product_cat":[48],"product_tag":[4458,5580,4028,720,726,714,8023,3994,137,712,254,711,717,7136,4211,5053,8022,825,3998,715,719,3500,716,718,5120,7135,894,5054,713],"class_list":{"0":"post-27323","1":"product","2":"type-product","3":"status-publish","4":"has-post-thumbnail","6":"product_cat-headsets","7":"product_tag-adaptativa","8":"product_tag-auriculares","9":"product_tag-bateria","10":"product_tag-best-headset","11":"product_tag-bluetooth","12":"product_tag-bluetooth-headset","13":"product_tag-cancelacion","14":"product_tag-con","15":"product_tag-fast","16":"product_tag-gaming-headset","17":"product_tag-google","18":"product_tag-headset","19":"product_tag-headset-with-mic","20":"product_tag-horas","21":"product_tag-inalambricos","22":"product_tag-jbl","23":"product_tag-ligeros","24":"product_tag-microsoft","25":"product_tag-negro","26":"product_tag-noise-cancelling-headset","27":"product_tag-over-ear-headset","28":"product_tag-pair","29":"product_tag-pc-headset","30":"product_tag-rgb-gaming-headset","31":"product_tag-ruido","32":"product_tag-supraaurales","33":"product_tag-swift","34":"product_tag-tune","35":"product_tag-wireless-headset","37":"first","38":"instock","39":"sale","40":"shipping-taxable","41":"product-type-external"},"_links":{"self":[{"href":"https:\/\/comprasyconsejos.store\/en\/wp-json\/wp\/v2\/product\/27323","targetHints":{"allow":["GET"]}}],"collection":[{"href":"https:\/\/comprasyconsejos.store\/en\/wp-json\/wp\/v2\/product"}],"about":[{"href":"https:\/\/comprasyconsejos.store\/en\/wp-json\/wp\/v2\/types\/product"}],"replies":[{"embeddable":true,"href":"https:\/\/comprasyconsejos.store\/en\/wp-json\/wp\/v2\/comments?post=27323"}],"version-history":[{"count":0,"href":"https:\/\/comprasyconsejos.store\/en\/wp-json\/wp\/v2\/product\/27323\/revisions"}],"wp:featuredmedia":[{"embeddable":true,"href":"https:\/\/comprasyconsejos.store\/en\/wp-json\/wp\/v2\/media\/27324"}],"wp:attachment":[{"href":"https:\/\/comprasyconsejos.store\/en\/wp-json\/wp\/v2\/media?parent=27323"}],"wp:term":[{"taxonomy":"product_brand","embeddable":true,"href":"https:\/\/comprasyconsejos.store\/en\/wp-json\/wp\/v2\/product_brand?post=27323"},{"taxonomy":"product_cat","embeddable":true,"href":"https:\/\/comprasyconsejos.store\/en\/wp-json\/wp\/v2\/product_cat?post=27323"},{"taxonomy":"product_tag","embeddable":true,"href":"https:\/\/comprasyconsejos.store\/en\/wp-json\/wp\/v2\/product_tag?post=27323"}],"curies":[{"name":"wp","href":"https:\/\/api.w.org\/{rel}","templated":true}]}}