{"id":27330,"date":"2026-02-20T13:51:07","date_gmt":"2026-02-20T13:51:07","guid":{"rendered":"https:\/\/comprasyconsejos.store\/product\/redragon-k585-diti-one-hand-rgb-mechanical-gaming-keyboard-type-c-wired-professional-gaming-keyboard-with-7-integrated-macro-keys-detachable-wrist-rest-42-keys-us-layout\/"},"modified":"2026-02-20T13:51:12","modified_gmt":"2026-02-20T13:51:12","slug":"redragon-k585-diti-one-hand-rgb-mechanical-gaming-keyboard-type-c-wired-professional-gaming-keyboard-with-7-integrated-macro-keys-detachable-wrist-rest-42-keys-us-layout","status":"publish","type":"product","link":"https:\/\/comprasyconsejos.store\/en\/product\/redragon-k585-diti-one-hand-rgb-mechanical-gaming-keyboard-type-c-wired-professional-gaming-keyboard-with-7-integrated-macro-keys-detachable-wrist-rest-42-keys-us-layout\/","title":{"rendered":"Redragon K585 DITI &#8211; One Hand RGB Mechanical Gaming Keyboard, Type-C Wired Professional Gaming Keyboard with 7 Integrated Macro Keys, Detachable Wrist Rest, 42 Keys, US Layout"},"content":{"rendered":"<p>Price: <span style=\"color:#b12704\">\u20ac49.99<\/span><br \/><i><small>(as of Feb 20, 2026 13:51:07 UTC &#8211; <span class=\"wp_automatic_amazon_disclaimer\" title=\"Product prices and availability are accurate as of the date\/time indicated and are subject to change. Any price and availability information displayed on [relevant Amazon Site(s), as applicable] at the time of purchase will apply to the purchase of this product.\">Details<\/span>)<\/small><\/i><\/p>\n<p><a href=\"https:\/\/amazon.es\/dp\/B07NBJVH4G?tag=man008-21\"><img decoding=\"async\" src=\"https:\/\/valvepress.s3.amazonaws.com\/imgs\/buy_now.png\"><\/a><br \/>\n<\/p>\n<p>                                             Product Description   <\/p>\n<p>                                                                             <img decoding=\"async\" alt=\"teclado mecanico gaming gamer juego razer espa\u00f1ol pc ordenador cherry mars logitech \" src=\"https:\/\/images-na.ssl-images-amazon.com\/images\/G\/01\/x-locale\/common\/grey-pixel.gif\" class=\"a-spacing-base a-lazy-loaded\" data-src=\"https:\/\/m.media-amazon.com\/images\/S\/aplus-media\/sc\/753ec9f4-17fa-414d-b7e6-5c2a3604a1c0.__CR0,0,970,600_PT0_SX970_V1___.jpg\"><img decoding=\"async\" alt=\"teclado mecanico gaming gamer juego razer espa\u00f1ol pc ordenador cherry mars logitech \" src=\"https:\/\/m.media-amazon.com\/images\/S\/aplus-media\/sc\/753ec9f4-17fa-414d-b7e6-5c2a3604a1c0.__CR0,0,970,600_PT0_SX970_V1___.jpg\">                                                                       <\/p>\n<p>                                                      <img decoding=\"async\" alt=\"teclado mecanico gaming gamer juego razer espa\u00f1ol pc ordenador cherry mars logitech \" src=\"https:\/\/images-na.ssl-images-amazon.com\/images\/G\/01\/x-locale\/common\/grey-pixel.gif\" class=\"a-spacing-mini a-lazy-loaded\" data-src=\"https:\/\/m.media-amazon.com\/images\/S\/aplus-media\/sc\/a857538f-eb51-473c-a839-5ebee106656b.__CR0,0,300,400_PT0_SX300_V1___.jpg\"><img decoding=\"async\" alt=\"teclado mecanico gaming gamer juego razer espa\u00f1ol pc ordenador cherry mars logitech \" src=\"https:\/\/m.media-amazon.com\/images\/S\/aplus-media\/sc\/a857538f-eb51-473c-a839-5ebee106656b.__CR0,0,300,400_PT0_SX300_V1___.jpg\">  <\/p>\n<p>                                                              <img decoding=\"async\" alt=\"redragon perif\u00e9ricos raton teclado auricular pack gaming gamer juego videojuego \" src=\"https:\/\/images-na.ssl-images-amazon.com\/images\/G\/01\/x-locale\/common\/grey-pixel.gif\" class=\"a-spacing-mini a-lazy-loaded\" data-src=\"https:\/\/m.media-amazon.com\/images\/S\/aplus-media\/sc\/73bc9af7-460c-4586-befb-6edde905a05d.__CR0,0,350,175_PT0_SX350_V1___.jpg\"><img decoding=\"async\" alt=\"redragon perif\u00e9ricos raton teclado auricular pack gaming gamer juego videojuego \" src=\"https:\/\/m.media-amazon.com\/images\/S\/aplus-media\/sc\/73bc9af7-460c-4586-befb-6edde905a05d.__CR0,0,350,175_PT0_SX350_V1___.jpg\">                                                                 <\/p>\n<p class=\"a-spacing-small a-size-small a-color-secondary\"> Redragon es una marca de alto valor dentro de los perif\u00e9ricos para gaming. Nos dedicamos a producir equipamiento de alta gama para jugadores. Con m\u00e1s de 20 a\u00f1os de experiencia en fabricaci\u00f3n de estos productos, Redragon innova d\u00eda a d\u00eda en dise\u00f1o y calidad. <\/p>\n<h3 class=\"a-spacing-mini\"> Redragon DITI K585 RGB <\/h3>\n<p>                                          Teclado mec\u00e1nico para juegos de una mano                                     <\/p>\n<p class=\"a-spacing-base\"> Buscando m\u00e1s formas de personalizaci\u00f3n para los gamers, presentamos el Redragon DITI, un teclado para una sola mano dise\u00f1ado para quienes buscan m\u00e1s espacio en su escritorio, m\u00e1s comodidad y mayor facilidad para transportar. El DITI siempre estar\u00e1 disponible en cualquier arena de torneo o en todas las horas de tus juegos favoritos. <\/p>\n<p class=\"a-spacing-base\"> Incluye como componente extra un puerto USB Pass Through para que puedas conectar tu rat\u00f3n directamente al DITI. <\/p>\n<p>                                                          Tipo Interruptor: Outemu Blue Box , t\u00e1ctil con click audible, fuerza de actuaci\u00f3n 50 gr. Totalmente intercambiables.       Matriz: 100% Anti-Ghosting con Full Key Roll-over       Construcci\u00f3n: Pl\u00e1stico ABS reforzado y placa de acero       Extras: Teclas moldeadas por inyecci\u00f3n doble disparo y grabadas con l\u00e1ser., removedor de teclas. USB adicional (Pass Through)      <\/p>\n<h3 class=\"a-spacing-small\"> Caracter\u00edsticas Premium <\/h3>\n<p class=\"apm-text-center\">\n                                                      <img decoding=\"async\" alt=\"teclado mecanico gaming gamer juego razer espa\u00f1ol pc ordenador cherry mars logitech \" src=\"https:\/\/images-na.ssl-images-amazon.com\/images\/G\/01\/x-locale\/common\/grey-pixel.gif\" class=\"a-spacing-mini a-lazy-loaded\" data-src=\"https:\/\/m.media-amazon.com\/images\/S\/aplus-media\/sc\/bab45e3e-bffe-4f28-9c87-097c97650c36.__CR0,0,1500,1500_PT0_SX300_V1___.jpg\"><img decoding=\"async\" alt=\"teclado mecanico gaming gamer juego razer espa\u00f1ol pc ordenador cherry mars logitech \" src=\"https:\/\/m.media-amazon.com\/images\/S\/aplus-media\/sc\/bab45e3e-bffe-4f28-9c87-097c97650c36.__CR0,0,1500,1500_PT0_SX300_V1___.jpg\">  <\/p>\n<p>                                                    Interruptores intercambiables                                       <\/p>\n<p> Interruptores mec\u00e1nicos Outemu Box avanzados, dise\u00f1ados para rendimiento, capacidad de respuesta y durabilidad  demostrados. <\/p>\n<p class=\"apm-text-center\">\n                                                      <img decoding=\"async\" alt=\"teclado mecanico gaming gamer juego razer espa\u00f1ol pc ordenador cherry mars logitech \" src=\"https:\/\/images-na.ssl-images-amazon.com\/images\/G\/01\/x-locale\/common\/grey-pixel.gif\" class=\"a-spacing-mini a-lazy-loaded\" data-src=\"https:\/\/m.media-amazon.com\/images\/S\/aplus-media\/sc\/6ffa5e6e-ac69-4479-9d0e-90d956784971.__CR0,0,1500,1500_PT0_SX300_V1___.jpg\"><img decoding=\"async\" alt=\"teclado mecanico gaming gamer juego razer espa\u00f1ol pc ordenador cherry mars logitech \" src=\"https:\/\/m.media-amazon.com\/images\/S\/aplus-media\/sc\/6ffa5e6e-ac69-4479-9d0e-90d956784971.__CR0,0,1500,1500_PT0_SX300_V1___.jpg\">  <\/p>\n<p>                                                    Software descargable                                       <\/p>\n<p> El software independiente del Redragon DITI nos permite configurar a gusto y confort del usuario la iluminaci\u00f3n y teclas macro de nuestro perif\u00e9rico. No olvidemos que podemos guardar perfiles dentro de la memoria incorporada dentro del teclado. <\/p>\n<p class=\"apm-text-center\">\n                                                      <img decoding=\"async\" alt=\"teclado mecanico gaming gamer juego razer espa\u00f1ol pc ordenador cherry mars logitech \" src=\"https:\/\/images-na.ssl-images-amazon.com\/images\/G\/01\/x-locale\/common\/grey-pixel.gif\" class=\"a-spacing-mini a-lazy-loaded\" data-src=\"https:\/\/m.media-amazon.com\/images\/S\/aplus-media\/sc\/1e0fe638-758a-42a8-8f58-235e75ad73ef.__CR0,0,1080,1080_PT0_SX300_V1___.jpg\"><img decoding=\"async\" alt=\"teclado mecanico gaming gamer juego razer espa\u00f1ol pc ordenador cherry mars logitech \" src=\"https:\/\/m.media-amazon.com\/images\/S\/aplus-media\/sc\/1e0fe638-758a-42a8-8f58-235e75ad73ef.__CR0,0,1080,1080_PT0_SX300_V1___.jpg\">  <\/p>\n<p>                                                    Protecci\u00f3n Anti salpicaduras y anti polvo                                       <\/p>\n<p> Su estructura real anti salpicaduras protege al usuario de derrames accidentales sobre nuestro perif\u00e9rico, drenando el l\u00edquido por la parte posterior de la base del teclado. <\/p>\n<p>                                                                      <img decoding=\"async\" alt=\"teclado mecanico gaming gamer juego razer espa\u00f1ol pc ordenador cherry mars logitech \" src=\"https:\/\/images-na.ssl-images-amazon.com\/images\/G\/01\/x-locale\/common\/grey-pixel.gif\" class=\"a-spacing-mini a-lazy-loaded\" data-src=\"https:\/\/m.media-amazon.com\/images\/S\/aplus-media\/sc\/5775ea22-6f5e-4ef6-ba02-d3bc53a29b71.__CR0,0,1080,1080_PT0_SX300_V1___.jpg\"><img decoding=\"async\" alt=\"teclado mecanico gaming gamer juego razer espa\u00f1ol pc ordenador cherry mars logitech \" src=\"https:\/\/m.media-amazon.com\/images\/S\/aplus-media\/sc\/5775ea22-6f5e-4ef6-ba02-d3bc53a29b71.__CR0,0,1080,1080_PT0_SX300_V1___.jpg\">  <\/p>\n<h3 class=\"a-spacing-mini\"> Fabricado para durar <\/h3>\n<p class=\"a-spacing-base\"> La construcci\u00f3n del teclado est\u00e1 realizada sobre ABS reforzado y placa de acero, combinado con teclas moldeadas por inyecci\u00f3n l\u00e1ser de doble disparo y posteriormente grabadas, generan un producto durable y de excelente calidad, ideal para uso intensivo. <\/p>\n<p class=\"a-spacing-base\"> Su cable de conexi\u00f3n es de tipo USB type C enchapado en oro y con filtro para evitar las interferencias. <\/p>\n<p>                                                                      <img decoding=\"async\" alt=\"teclado mecanico gaming gamer juego razer espa\u00f1ol pc ordenador cherry mars logitech \" src=\"https:\/\/images-na.ssl-images-amazon.com\/images\/G\/01\/x-locale\/common\/grey-pixel.gif\" class=\"a-spacing-mini a-lazy-loaded\" data-src=\"https:\/\/m.media-amazon.com\/images\/S\/aplus-media\/sc\/4e2b7cfd-ed57-4067-9e6d-7d8bd32f2e70.__CR0,0,1080,1080_PT0_SX300_V1___.jpg\"><img decoding=\"async\" alt=\"teclado mecanico gaming gamer juego razer espa\u00f1ol pc ordenador cherry mars logitech \" src=\"https:\/\/m.media-amazon.com\/images\/S\/aplus-media\/sc\/4e2b7cfd-ed57-4067-9e6d-7d8bd32f2e70.__CR0,0,1080,1080_PT0_SX300_V1___.jpg\">  <\/p>\n<h3 class=\"a-spacing-mini\"> Outemu Blue Box <\/h3>\n<p class=\"a-spacing-base\"> El coraz\u00f3n de los teclados Redragon est\u00e1 equipado con tecnolog\u00eda Outemu, en este caso, los switches Outemu Blue, de click audible y con activaci\u00f3n al ejercer s\u00f3lo 50 gramos de fuerza sobre la tecla, hacen del Kumara un teclado que acompa\u00f1a cualquier escritura o juego. <\/p>\n<p>                                                                      <img decoding=\"async\" alt=\"teclado mecanico gaming gamer juego razer espa\u00f1ol pc ordenador cherry mars logitech \" src=\"https:\/\/images-na.ssl-images-amazon.com\/images\/G\/01\/x-locale\/common\/grey-pixel.gif\" class=\"a-spacing-mini a-lazy-loaded\" data-src=\"https:\/\/m.media-amazon.com\/images\/S\/aplus-media\/sc\/b7570c50-7dc5-415c-938c-5a12abd804de.__CR0,0,1080,1080_PT0_SX300_V1___.jpg\"><img decoding=\"async\" alt=\"teclado mecanico gaming gamer juego razer espa\u00f1ol pc ordenador cherry mars logitech \" src=\"https:\/\/m.media-amazon.com\/images\/S\/aplus-media\/sc\/b7570c50-7dc5-415c-938c-5a12abd804de.__CR0,0,1080,1080_PT0_SX300_V1___.jpg\">  <\/p>\n<h3 class=\"a-spacing-mini\"> Iluminaci\u00f3n RGB <\/h3>\n<p class=\"a-spacing-base\"> La iluminaci\u00f3n del DITI K-585 RGB consta de teclas retroiluminadas configurables mediante software independiente para el gusto y comodidad del usuario, con posibilidades de guardar perfiles dentro de la memoria interna del teclado, logrando un resultado \u00f3ptimo basado en sus necesidades. <\/p>\n<p>                                                                      <img decoding=\"async\" alt=\"teclado mecanico gaming gamer juego razer espa\u00f1ol pc ordenador cherry mars logitech \" src=\"https:\/\/images-na.ssl-images-amazon.com\/images\/G\/01\/x-locale\/common\/grey-pixel.gif\" class=\"a-spacing-mini a-lazy-loaded\" data-src=\"https:\/\/m.media-amazon.com\/images\/S\/aplus-media\/sc\/b479b874-0875-4223-afa1-60a9b776d6a4.__CR0,0,1080,1080_PT0_SX300_V1___.jpg\"><img decoding=\"async\" alt=\"teclado mecanico gaming gamer juego razer espa\u00f1ol pc ordenador cherry mars logitech \" src=\"https:\/\/m.media-amazon.com\/images\/S\/aplus-media\/sc\/b479b874-0875-4223-afa1-60a9b776d6a4.__CR0,0,1080,1080_PT0_SX300_V1___.jpg\">  <\/p>\n<h3 class=\"a-spacing-mini\"> Bloqueo de Windows y Tecla Funcion <\/h3>\n<p class=\"a-spacing-base\"> El DITI est\u00e1 provisto de teclas macros organizadas para un r\u00e1pido acceso y configurables por medio de su software, podr\u00e1s personalizarlas a tu comodidad y guardarlas en los perfiles. Siempre tendr\u00e1s tus configuraciones al alcance de la mano. <\/p>\n<p>                                                                    <img decoding=\"async\" alt=\"\" src=\"https:\/\/images-na.ssl-images-amazon.com\/images\/G\/01\/x-locale\/common\/grey-pixel.gif\" class=\"a-lazy-loaded\" data-src=\"https:\/\/m.media-amazon.com\/images\/S\/aplus-media\/sc\/5775ea22-6f5e-4ef6-ba02-d3bc53a29b71.__CR0,0,1080,1080_PT0_SX300_V1___.jpg\"><img decoding=\"async\" alt=\"\" src=\"https:\/\/m.media-amazon.com\/images\/S\/aplus-media\/sc\/5775ea22-6f5e-4ef6-ba02-d3bc53a29b71.__CR0,0,1080,1080_PT0_SX300_V1___.jpg\">   <\/p>\n<p>\n                                                             Construcci\u00f3n   <\/p>\n<p>                                                                    <img decoding=\"async\" alt=\"\" src=\"https:\/\/images-na.ssl-images-amazon.com\/images\/G\/01\/x-locale\/common\/grey-pixel.gif\" class=\"a-lazy-loaded\" data-src=\"https:\/\/m.media-amazon.com\/images\/S\/aplus-media\/sc\/4e2b7cfd-ed57-4067-9e6d-7d8bd32f2e70.__CR0,0,1080,1080_PT0_SX300_V1___.jpg\"><img decoding=\"async\" alt=\"\" src=\"https:\/\/m.media-amazon.com\/images\/S\/aplus-media\/sc\/4e2b7cfd-ed57-4067-9e6d-7d8bd32f2e70.__CR0,0,1080,1080_PT0_SX300_V1___.jpg\">   <\/p>\n<p>\n                                                           Interruptores   <\/p>\n<p>                                                                    <img decoding=\"async\" alt=\"\" src=\"https:\/\/images-na.ssl-images-amazon.com\/images\/G\/01\/x-locale\/common\/grey-pixel.gif\" class=\"a-lazy-loaded\" data-src=\"https:\/\/m.media-amazon.com\/images\/S\/aplus-media\/sc\/b7570c50-7dc5-415c-938c-5a12abd804de.__CR0,0,1080,1080_PT0_SX300_V1___.jpg\"><img decoding=\"async\" alt=\"\" src=\"https:\/\/m.media-amazon.com\/images\/S\/aplus-media\/sc\/b7570c50-7dc5-415c-938c-5a12abd804de.__CR0,0,1080,1080_PT0_SX300_V1___.jpg\">   <\/p>\n<p>\n                                                           RGB   <\/p>\n<p>                                                                    <img decoding=\"async\" alt=\"\" src=\"https:\/\/images-na.ssl-images-amazon.com\/images\/G\/01\/x-locale\/common\/grey-pixel.gif\" class=\"a-lazy-loaded\" data-src=\"https:\/\/m.media-amazon.com\/images\/S\/aplus-media\/sc\/b479b874-0875-4223-afa1-60a9b776d6a4.__CR0,0,1080,1080_PT0_SX300_V1___.jpg\"><img decoding=\"async\" alt=\"\" src=\"https:\/\/m.media-amazon.com\/images\/S\/aplus-media\/sc\/b479b874-0875-4223-afa1-60a9b776d6a4.__CR0,0,1080,1080_PT0_SX300_V1___.jpg\">   <\/p>\n<p>\n                                                           Teclas Macro   <\/p>\n<p>                                                                             <img decoding=\"async\" alt=\"retroiluminado rgb usb led barato tfue ducky economico ps4 luces membrana racer silencioso swich \" src=\"https:\/\/images-na.ssl-images-amazon.com\/images\/G\/01\/x-locale\/common\/grey-pixel.gif\" class=\"a-spacing-base a-lazy-loaded\" data-src=\"https:\/\/m.media-amazon.com\/images\/S\/aplus-media\/sc\/dcab9eb4-2c7f-4da1-b947-8bcc287ce278.__CR0,0,970,600_PT0_SX970_V1___.jpg\"><img decoding=\"async\" alt=\"retroiluminado rgb usb led barato tfue ducky economico ps4 luces membrana racer silencioso swich \" src=\"https:\/\/m.media-amazon.com\/images\/S\/aplus-media\/sc\/dcab9eb4-2c7f-4da1-b947-8bcc287ce278.__CR0,0,970,600_PT0_SX970_V1___.jpg\">                                                                    <\/p>\n<p> Batteries                                            \u200f                                            :                                            \u200e                                            1 Lithium Polymer batteries required.   <br \/> Is discontinued by manufacturer                                            \u200f                                            :                                            \u200e                                            No   <br \/> Product Dimensions                                            \u200f                                            :                                            \u200e                                            27.94 x 5.08 x 22.86 cm; 589.67 g   <br \/> Manufacturer                                            \u200f                                            :                                            \u200e                                            Redragon   <br \/> ASIN                                            \u200f                                            :                                            \u200e                                            B07NBJVH4G   <br \/> Item model number                                            \u200f                                            :                                            \u200e                                            K585 WIRED   <br \/> Country of origin                                            \u200f                                            :                                            \u200e                                            China   <br \/> Guaranteed software updates until                                            \u200f                                            :                                            \u200e                                            unknown   <br \/>  Customer reviews:                                                                                            4.3               4.3 out of 5 stars                                  (6,995)                                              var dpAcrHasRegisteredArcLinkClickAction;                    P.when(&#8216;A&#8217;, &#8216;ready&#8217;).execute(function(A) {                        if (dpAcrHasRegisteredArcLinkClickAction !== true) {                            dpAcrHasRegisteredArcLinkClickAction = true;                            A.declarative(                                &#8216;acrLink-click-metrics&#8217;, &#8216;click&#8217;,                                { \u00aballowLinkDefault\u00bb: true },                                function (event) {                                    if (window.ue) {                                        ue.count(\u00abacrLinkClickCount\u00bb, (ue.count(\u00abacrLinkClickCount\u00bb) || 0) + 1);                                    }                                }                            );                        }                    });                                             P.when(&#8216;A&#8217;, &#8216;cf&#8217;).execute(function(A) {                A.declarative(&#8216;acrStarsLink-click-metrics&#8217;, &#8216;click&#8217;, { \u00aballowLinkDefault\u00bb : true },  function(event){                    if(window.ue) {                        ue.count(\u00abacrStarsLinkWithPopoverClickCount\u00bb, (ue.count(\u00abacrStarsLinkWithPopoverClickCount\u00bb) || 0) + 1);                    }                });            });                          <\/p>\n<p>US ANSI QWERTY layout<br \/>SLIM &#038; TACTICAL &#8211; The K585 keyboard eliminates extra keys and preserves the most useful ones in a slim, portable design. All keyboard action keys are in a comfortable place. No need to worry about pressing wrong keys.<br \/>Improved Hot-Swap &#8211; The upgraded socket is now available on the Redragon one-handed keyboard, with more ways to modify and more fun. Redragon iconic blue switches offer an audible click with a clear tactile response and an original mechanical feel.<br \/>PLAY TO WIN &#8211; With 7 programmable macro keys, linking multiple commands and activating them instantly is simple and fast. Assign one or more keystrokes to any macro key to save precious time in the middle of battle.<br \/>LIGHT IT YOUR WAY &#8211; 5 RGB backlight modes with 16.8 million colors can be selected. Glorious and amazing lighting effects allow the light of victory to wreak havoc in the dark.<br \/>USB THROUGH PORT &#8211; Located for uninterrupted gaming and ready for your mouse, headphone adapter or other USB device.<br \/>Form and function: ergonomically designed with a detachable wrist rest section connected by magnets, the wrist rest offers great support to make your use more comfortable.<\/p>\n\n","protected":false},"excerpt":{"rendered":"<p> Product Description Redragon es una marca de alto valor dentro de los perif\u00e9ricos para gaming.<\/p>","protected":false},"featured_media":27331,"comment_status":"open","ping_status":"closed","template":"","meta":[],"product_brand":[],"product_cat":[49],"product_tag":[746,743,747,1091,8025,617,740,2743,2258,8024,518,1007,4013,2817,1227,739,744,814,1080,951,885,742,745,381,750,741,950],"class_list":{"0":"post-27330","1":"product","2":"type-product","3":"status-publish","4":"has-post-thumbnail","6":"product_cat-keyboards","7":"product_tag-backlit-keyboard","8":"product_tag-bluetooth-keyboard","9":"product_tag-compact-keyboard","10":"product_tag-detachable","11":"product_tag-diti","12":"product_tag-gaming","13":"product_tag-gaming-keyboard","14":"product_tag-hand","15":"product_tag-integrated","16":"product_tag-k585","17":"product_tag-keyboard","18":"product_tag-keys","19":"product_tag-layout","20":"product_tag-macro","21":"product_tag-mechanical","22":"product_tag-mechanical-keyboard","23":"product_tag-office-keyboard","24":"product_tag-professional","25":"product_tag-redragon","26":"product_tag-rest","27":"product_tag-rgb","28":"product_tag-rgb-keyboard","29":"product_tag-silent-keyboard","30":"product_tag-typec","31":"product_tag-wired","32":"product_tag-wireless-keyboard","33":"product_tag-wrist","35":"first","36":"instock","37":"shipping-taxable","38":"product-type-external"},"_links":{"self":[{"href":"https:\/\/comprasyconsejos.store\/en\/wp-json\/wp\/v2\/product\/27330","targetHints":{"allow":["GET"]}}],"collection":[{"href":"https:\/\/comprasyconsejos.store\/en\/wp-json\/wp\/v2\/product"}],"about":[{"href":"https:\/\/comprasyconsejos.store\/en\/wp-json\/wp\/v2\/types\/product"}],"replies":[{"embeddable":true,"href":"https:\/\/comprasyconsejos.store\/en\/wp-json\/wp\/v2\/comments?post=27330"}],"version-history":[{"count":0,"href":"https:\/\/comprasyconsejos.store\/en\/wp-json\/wp\/v2\/product\/27330\/revisions"}],"wp:featuredmedia":[{"embeddable":true,"href":"https:\/\/comprasyconsejos.store\/en\/wp-json\/wp\/v2\/media\/27331"}],"wp:attachment":[{"href":"https:\/\/comprasyconsejos.store\/en\/wp-json\/wp\/v2\/media?parent=27330"}],"wp:term":[{"taxonomy":"product_brand","embeddable":true,"href":"https:\/\/comprasyconsejos.store\/en\/wp-json\/wp\/v2\/product_brand?post=27330"},{"taxonomy":"product_cat","embeddable":true,"href":"https:\/\/comprasyconsejos.store\/en\/wp-json\/wp\/v2\/product_cat?post=27330"},{"taxonomy":"product_tag","embeddable":true,"href":"https:\/\/comprasyconsejos.store\/en\/wp-json\/wp\/v2\/product_tag?post=27330"}],"curies":[{"name":"wp","href":"https:\/\/api.w.org\/{rel}","templated":true}]}}