{"id":27344,"date":"2026-02-20T14:00:01","date_gmt":"2026-02-20T14:00:01","guid":{"rendered":"https:\/\/comprasyconsejos.store\/product\/i-tec-usb-3-0-usb-c-thunderbolt-3x-4k-docking-statio\/"},"modified":"2026-02-20T14:00:02","modified_gmt":"2026-02-20T14:00:02","slug":"i-tec-usb-3-0-usb-c-thunderbolt-3x-4k-docking-statio","status":"publish","type":"product","link":"https:\/\/comprasyconsejos.store\/en\/product\/i-tec-usb-3-0-usb-c-thunderbolt-3x-4k-docking-statio\/","title":{"rendered":"I-Tec USB 3.0 \/ USB-C\/Thunderbolt 3X 4K Docking STATIO"},"content":{"rendered":"<p>Price: <span style=\"color:#b12704\">\u20ac190.80<\/span><br \/><i><small>(as of Feb 20, 2026 14:00:01 UTC &#8211; <span class=\"wp_automatic_amazon_disclaimer\" title=\"Product prices and availability are accurate as of the date\/time indicated and are subject to change. Any price and availability information displayed on [relevant Amazon Site(s), as applicable] at the time of purchase will apply to the purchase of this product.\">Details<\/span>)<\/small><\/i><\/p>\n<p><a href=\"https:\/\/amazon.es\/dp\/B09778RG77?tag=man008-21\"><img decoding=\"async\" src=\"https:\/\/valvepress.s3.amazonaws.com\/imgs\/buy_now.png\"><\/a><br \/>\n<\/p>\n<p>                                             Product Description   <\/p>\n<p>                                                                             <img decoding=\"async\" alt=\"Prueba\" src=\"https:\/\/images-na.ssl-images-amazon.com\/images\/G\/01\/x-locale\/common\/grey-pixel.gif\" class=\"a-spacing-base a-lazy-loaded\" data-src=\"https:\/\/m.media-amazon.com\/images\/S\/aplus-media-library-service-media\/e23033fc-e6bd-45a0-bd9a-d2fa828f4f45.__CR0,4,2560,1584_PT0_SX970_V1___.jpg\"><img decoding=\"async\" alt=\"Prueba\" src=\"https:\/\/m.media-amazon.com\/images\/S\/aplus-media-library-service-media\/e23033fc-e6bd-45a0-bd9a-d2fa828f4f45.__CR0,4,2560,1584_PT0_SX970_V1___.jpg\">                                                                    <\/p>\n<p>                                                                             <img decoding=\"async\" alt=\"Prueba\" src=\"https:\/\/images-na.ssl-images-amazon.com\/images\/G\/01\/x-locale\/common\/grey-pixel.gif\" class=\"a-spacing-base a-lazy-loaded\" data-src=\"https:\/\/m.media-amazon.com\/images\/S\/aplus-media-library-service-media\/05c8fa65-afaf-457a-9e37-aa1d54c3d548.__CR0,3,1794,1110_PT0_SX970_V1___.jpg\"><img decoding=\"async\" alt=\"Prueba\" src=\"https:\/\/m.media-amazon.com\/images\/S\/aplus-media-library-service-media\/05c8fa65-afaf-457a-9e37-aa1d54c3d548.__CR0,3,1794,1110_PT0_SX970_V1___.jpg\">                                                                    <\/p>\n<p>                                                                             <img decoding=\"async\" alt=\"Prueba\" src=\"https:\/\/images-na.ssl-images-amazon.com\/images\/G\/01\/x-locale\/common\/grey-pixel.gif\" class=\"a-spacing-base a-lazy-loaded\" data-src=\"https:\/\/m.media-amazon.com\/images\/S\/aplus-media-library-service-media\/144e68e1-ca3d-4d30-b938-c95131847ad3.__CR0,3,1794,1110_PT0_SX970_V1___.jpg\"><img decoding=\"async\" alt=\"Prueba\" src=\"https:\/\/m.media-amazon.com\/images\/S\/aplus-media-library-service-media\/144e68e1-ca3d-4d30-b938-c95131847ad3.__CR0,3,1794,1110_PT0_SX970_V1___.jpg\">                                                                    <\/p>\n<p>                                                                             <img decoding=\"async\" alt=\"B078JC1F6L\" src=\"https:\/\/images-na.ssl-images-amazon.com\/images\/G\/01\/x-locale\/common\/grey-pixel.gif\" class=\"a-spacing-base a-lazy-loaded\" data-src=\"https:\/\/m.media-amazon.com\/images\/S\/aplus-media-library-service-media\/e33bdd07-62d5-4cb2-87f6-e4b62c0c1203.__CR0,3,1794,1110_PT0_SX970_V1___.jpg\"><img decoding=\"async\" alt=\"B078JC1F6L\" src=\"https:\/\/m.media-amazon.com\/images\/S\/aplus-media-library-service-media\/e33bdd07-62d5-4cb2-87f6-e4b62c0c1203.__CR0,3,1794,1110_PT0_SX970_V1___.jpg\">                                                                    <\/p>\n<p> Una potente estaci\u00f3n de acoplamiento profesional que admite la salida de hasta tres monitores externos con una resoluci\u00f3n de hasta 4K. El replicador de puertos se puede utilizar con pr\u00e1cticamente cualquier ordenador port\u00e1til, ya que admite la conexi\u00f3n a todos los puertos populares: USB 3.0, USB-C y Thunderbolt\u00bb 3\/4, al mismo tiempo que soporta todos los sistemas operativos actuales m\u00e1s populares. Sin embargo, la conexi\u00f3n a tres monitores solo es posible si el port\u00e1til tiene un puerto Thunderbolt\u00bb 3\/4 o un puerto USB-C que admite la transmisi\u00f3n de v\u00eddeo (USB-C DP Alt Mode). <\/p>\n<p> Numerosos puertos USB (incluidos los que admiten velocidades de hasta 10 Gbps), una conexi\u00f3n fiable y r\u00e1pida a la red corporativa gracias al puerto LAN integrado y la compatibilidad con la instalaci\u00f3n detr\u00e1s del monitor hacen de esta estaci\u00f3n de acoplamiento el compa\u00f1ero ideal para los verdaderos profesionales. Por supuesto, es compatible con la carga de su ordenador port\u00e1til o tableta de hasta 100 W. <\/p>\n<p> Conexi\u00f3n de hasta 3 monitores externos en resoluciones de hasta 4K*Salida de potencia: hasta 100W2 DisplayPort y 3 puertos HDMI disponibles*3 USB 3.1 y 2 puertos USB-C permiten conectar f\u00e1cilmente sus dispositivos USB y perif\u00e9ricos (dos puertos admiten una velocidad de 10 Gbps). con soporte para 10 \/100\/1000 Mbps Conector combinado para audio y micr\u00f3fonoEl candado Kensington ofrece protecci\u00f3n contra robos, especialmente en entornos de oficina compartidos o \u00e1reas p\u00fablicasEl interruptor de alimentaci\u00f3n de la estaci\u00f3n de acoplamiento permite un ahorro m\u00e1ximo de energ\u00eda. La estaci\u00f3n de acoplamiento admite un soporte VESA para una instalaci\u00f3n vertical inteligente detr\u00e1s de un monitor compatible con VESACompatible con Windows 10, macOS, Android y Linux <\/p>\n<p> *El puerto HDMI 3 solo funciona cuando est\u00e1 conectado a un ordenador port\u00e1til con puerto Thunderbolt\u00bb 3\/4 o un puerto USB-C que admite la transmisi\u00f3n de v\u00eddeo (llamado USB-C DP Alt Mode) <\/p>\n<p> Si la estaci\u00f3n de acoplamiento est\u00e1 conectada a trav\u00e9s de USB 3.0, no es compatible con la carga de ordenadores port\u00e1tiles y tabletas. <\/p>\n<p> Batteries                                            \u200f                                            :                                            \u200e                                            1 Lithium Ion batteries required.   <br \/> Language                                            \u200f                                            :                                            \u200e                                            English, English, English, English   <br \/> Product Dimensions                                            \u200f                                            :                                            \u200e                                            50 x 50 x 28 cm; 1.04 kg   <br \/> Manufacturer                                            \u200f                                            :                                            \u200e                                            I-TEC DOCKING STATIONS   <br \/> ASIN                                            \u200f                                            :                                            \u200e                                            B09778RG77   <br \/> Item model number                                            \u200f                                            :                                            \u200e                                            CATRIPLEDOCKPDPRO   <br \/> Country of origin                                            \u200f                                            :                                            \u200e                                            China   <br \/>  Customer reviews:                                                                                            3.9               3.9 out of 5 stars                                  (17)                                              var dpAcrHasRegisteredArcLinkClickAction;                    P.when(&#8216;A&#8217;, &#8216;ready&#8217;).execute(function(A) {                        if (dpAcrHasRegisteredArcLinkClickAction !== true) {                            dpAcrHasRegisteredArcLinkClickAction = true;                            A.declarative(                                &#8216;acrLink-click-metrics&#8217;, &#8216;click&#8217;,                                { \u00aballowLinkDefault\u00bb: true },                                function (event) {                                    if (window.ue) {                                        ue.count(\u00abacrLinkClickCount\u00bb, (ue.count(\u00abacrLinkClickCount\u00bb) || 0) + 1);                                    }                                }                            );                        }                    });                                             P.when(&#8216;A&#8217;, &#8216;cf&#8217;).execute(function(A) {                A.declarative(&#8216;acrStarsLink-click-metrics&#8217;, &#8216;click&#8217;, { \u00aballowLinkDefault\u00bb : true },  function(event){                    if(window.ue) {                        ue.count(\u00abacrStarsLinkWithPopoverClickCount\u00bb, (ue.count(\u00abacrStarsLinkWithPopoverClickCount\u00bb) || 0) + 1);                    }                });            });                          <\/p>\n<p>Electronic Device Docking Station<br \/>Installation required<br \/>Optimal quality product<\/p>\n\n","protected":false},"excerpt":{"rendered":"<p> Product Description Una potente estaci\u00f3n de acoplamiento profesional que admite la salida de hasta tres<\/p>","protected":false},"featured_media":27345,"comment_status":"open","ping_status":"closed","template":"","meta":[],"product_brand":[],"product_cat":[89],"product_tag":[777,776,785,778,782,784,1264,783,6055,780,779,8029,781,133,8028],"class_list":{"0":"post-27344","1":"product","2":"type-product","3":"status-publish","4":"has-post-thumbnail","6":"product_cat-all-in-one-pcs","7":"product_tag-all-in-one-desktop","8":"product_tag-all-in-one-pc","9":"product_tag-all-in-one-pc-price","10":"product_tag-apple-imac","11":"product_tag-best-all-in-one-computer","12":"product_tag-compact-pc","13":"product_tag-docking","14":"product_tag-gaming-all-in-one-pc","15":"product_tag-itec","16":"product_tag-office-all-in-one-pc","17":"product_tag-slim-all-in-one-pc","18":"product_tag-statio","19":"product_tag-touchscreen-all-in-one-pc","20":"product_tag-usb","21":"product_tag-usbcthunderbolt","23":"first","24":"instock","25":"shipping-taxable","26":"product-type-external"},"_links":{"self":[{"href":"https:\/\/comprasyconsejos.store\/en\/wp-json\/wp\/v2\/product\/27344","targetHints":{"allow":["GET"]}}],"collection":[{"href":"https:\/\/comprasyconsejos.store\/en\/wp-json\/wp\/v2\/product"}],"about":[{"href":"https:\/\/comprasyconsejos.store\/en\/wp-json\/wp\/v2\/types\/product"}],"replies":[{"embeddable":true,"href":"https:\/\/comprasyconsejos.store\/en\/wp-json\/wp\/v2\/comments?post=27344"}],"version-history":[{"count":0,"href":"https:\/\/comprasyconsejos.store\/en\/wp-json\/wp\/v2\/product\/27344\/revisions"}],"wp:featuredmedia":[{"embeddable":true,"href":"https:\/\/comprasyconsejos.store\/en\/wp-json\/wp\/v2\/media\/27345"}],"wp:attachment":[{"href":"https:\/\/comprasyconsejos.store\/en\/wp-json\/wp\/v2\/media?parent=27344"}],"wp:term":[{"taxonomy":"product_brand","embeddable":true,"href":"https:\/\/comprasyconsejos.store\/en\/wp-json\/wp\/v2\/product_brand?post=27344"},{"taxonomy":"product_cat","embeddable":true,"href":"https:\/\/comprasyconsejos.store\/en\/wp-json\/wp\/v2\/product_cat?post=27344"},{"taxonomy":"product_tag","embeddable":true,"href":"https:\/\/comprasyconsejos.store\/en\/wp-json\/wp\/v2\/product_tag?post=27344"}],"curies":[{"name":"wp","href":"https:\/\/api.w.org\/{rel}","templated":true}]}}