{"id":27402,"date":"2026-02-20T14:38:58","date_gmt":"2026-02-20T14:38:58","guid":{"rendered":"https:\/\/comprasyconsejos.store\/product\/belkin-boostcharge-dual-usb-c-wall-charger-with-pps-60w-usb-charger-for-iphone-16-15-and-ipad-samsung-galaxy-and-google-pixel-compatible-with-usb-c-to-lightning-cables-and-usb-c-to-usb-c-cables\/"},"modified":"2026-02-20T14:39:02","modified_gmt":"2026-02-20T14:39:02","slug":"belkin-boostcharge-dual-usb-c-wall-charger-with-pps-60w-usb-charger-for-iphone-16-15-and-ipad-samsung-galaxy-and-google-pixel-compatible-with-usb-c-to-lightning-cables-and-usb-c-to-usb-c-cables","status":"publish","type":"product","link":"https:\/\/comprasyconsejos.store\/en\/product\/belkin-boostcharge-dual-usb-c-wall-charger-with-pps-60w-usb-charger-for-iphone-16-15-and-ipad-samsung-galaxy-and-google-pixel-compatible-with-usb-c-to-lightning-cables-and-usb-c-to-usb-c-cables\/","title":{"rendered":"Belkin BoostCharge Dual USB-C Wall Charger with PPS 60W, USB Charger for iPhone 16, 15 and iPad, Samsung Galaxy and Google Pixel, Compatible with USB-C to Lightning Cables and USB-C to USB-C Cables"},"content":{"rendered":"<p>Price: <span style=\"color:#b12704\"><del>\u20ac39.99<\/del> - \u20ac23.47<\/span><br \/><i><small>(as of Feb 20, 2026 14:38:58 UTC &#8211; <span class=\"wp_automatic_amazon_disclaimer\" title=\"Product prices and availability are accurate as of the date\/time indicated and are subject to change. Any price and availability information displayed on [relevant Amazon Site(s), as applicable] at the time of purchase will apply to the purchase of this product.\">Details<\/span>)<\/small><\/i><\/p>\n<p><a href=\"https:\/\/amazon.es\/dp\/B0C4FYH4YM?tag=man008-21\"><img decoding=\"async\" src=\"https:\/\/valvepress.s3.amazonaws.com\/imgs\/buy_now.png\"><\/a><br \/>\n<\/p>\n<p>                                             From the brand   <\/p>\n<p>                                              <img decoding=\"async\" alt=\"\" src=\"https:\/\/images-na.ssl-images-amazon.com\/images\/G\/01\/x-locale\/common\/grey-pixel.gif\" class=\"a-lazy-loaded\" data-src=\"https:\/\/m.media-amazon.com\/images\/S\/aplus-media-library-service-media\/ea734791-a61f-4d75-8f66-ac72c3bf9f44.__CR0,0,1464,625_PT0_SX1464_V1___.jpg\"><img decoding=\"async\" alt=\"\" src=\"https:\/\/m.media-amazon.com\/images\/S\/aplus-media-library-service-media\/ea734791-a61f-4d75-8f66-ac72c3bf9f44.__CR0,0,1464,625_PT0_SX1464_V1___.jpg\">  <\/p>\n<p>                                              <img decoding=\"async\" alt=\"\" src=\"https:\/\/images-na.ssl-images-amazon.com\/images\/G\/01\/x-locale\/common\/grey-pixel.gif\" class=\"a-lazy-loaded\" data-src=\"https:\/\/m.media-amazon.com\/images\/S\/aplus-media-library-service-media\/de5376f1-744c-4455-a893-c5f184f88639.__CR0,0,630,290_PT0_SX315_V1___.jpg\"><img decoding=\"async\" alt=\"\" src=\"https:\/\/m.media-amazon.com\/images\/S\/aplus-media-library-service-media\/de5376f1-744c-4455-a893-c5f184f88639.__CR0,0,630,290_PT0_SX315_V1___.jpg\">  <\/p>\n<p> En Belkin, el dise\u00f1o centrado en el ser humano y la atenci\u00f3n al detalle son el n\u00facleo de nuestro negocio. Han pasado 40 a\u00f1os desde que somos l\u00edderes en el mercado y pioneros en innovaci\u00f3n para que todos puedan vivir su d\u00eda al 100% y disfrutar plenamente de sus dispositivos conectados. Ahora es posible gracias a nuestra gama de soluciones de alimentaci\u00f3n, protecci\u00f3n, conectividad, audio y productividad. <\/p>\n<p>                                              <img decoding=\"async\" alt=\"Claim de carga m\u00f3vil\" src=\"https:\/\/images-na.ssl-images-amazon.com\/images\/G\/01\/x-locale\/common\/grey-pixel.gif\" class=\"a-lazy-loaded\" data-src=\"https:\/\/m.media-amazon.com\/images\/S\/aplus-media-library-service-media\/a2a11afe-2bc7-4609-ac1a-08afdf2c0a3b.__CR0,0,1782,2230_PT0_SX362_V1___.png\"><img decoding=\"async\" alt=\"Claim de carga m\u00f3vil\" src=\"https:\/\/m.media-amazon.com\/images\/S\/aplus-media-library-service-media\/a2a11afe-2bc7-4609-ac1a-08afdf2c0a3b.__CR0,0,1782,2230_PT0_SX362_V1___.png\">  <\/p>\n<h3> UltraCharge 25 W <\/h3>\n<p class=\"apm-brand-story-stores-link\">\n<h3> Accesorios magn\u00e9ticos y MagSafe <\/h3>\n<p class=\"apm-brand-story-stores-link\">\n<h3> Auriculares y auriculares <\/h3>\n<p class=\"apm-brand-story-stores-link\">\n<h3>  Estaciones de acoplamiento y centros <\/h3>\n<p class=\"apm-brand-story-stores-link\">\n<h3> Cargadores de corriente y coche <\/h3>\n<p class=\"apm-brand-story-stores-link\">\n<h3> Cargadores inal\u00e1mbricos <\/h3>\n<h3> Bater\u00edas externas <\/h3>\n<h3> Protectores de pantalla <\/h3>\n<p class=\"apm-brand-story-stores-link\">\n<h3>  Cables de datos\/carga <\/h3>\n<p class=\"apm-brand-story-stores-link\">\n<h3> Bombas de pararrayos <\/h3>\n<p>                                              <img decoding=\"async\" alt=\"Sustainability_FR\" src=\"https:\/\/images-na.ssl-images-amazon.com\/images\/G\/01\/x-locale\/common\/grey-pixel.gif\" class=\"a-lazy-loaded\" data-src=\"https:\/\/m.media-amazon.com\/images\/S\/aplus-media-library-service-media\/7486b157-b76e-4ec1-b8fc-16ef7d54e843.__CR0,0,724,906_PT0_SX362_V1___.jpg\"><img decoding=\"async\" alt=\"Sustainability_FR\" src=\"https:\/\/m.media-amazon.com\/images\/S\/aplus-media-library-service-media\/7486b157-b76e-4ec1-b8fc-16ef7d54e843.__CR0,0,724,906_PT0_SX362_V1___.jpg\">  <\/p>\n<p> Batteries                                            \u200f                                            :                                            \u200e                                            1 AA batteries required.   <br \/> Is discontinued by manufacturer                                            \u200f                                            :                                            \u200e                                            No   <br \/> Language                                            \u200f                                            :                                            \u200e                                            Italian   <br \/> Date First Available                                            \u200f                                            :                                            \u200e                                            23 May 2023   <br \/> Manufacturer                                            \u200f                                            :                                            \u200e                                            Belkin   <br \/> ASIN                                            \u200f                                            :                                            \u200e                                            B0C4FYH4YM   <br \/> Item model number                                            \u200f                                            :                                            \u200e                                            WCB010vfWH   <br \/> Country of origin                                            \u200f                                            :                                            \u200e                                            China   <br \/>       Best Sellers Rank:  126 in Mobile Phone Mains Chargers       <br \/>  Customer reviews:                                                                                            4.8               4.8 out of 5 stars                                  (802)                                              var dpAcrHasRegisteredArcLinkClickAction;                    P.when(&#8216;A&#8217;, &#8216;ready&#8217;).execute(function(A) {                        if (dpAcrHasRegisteredArcLinkClickAction !== true) {                            dpAcrHasRegisteredArcLinkClickAction = true;                            A.declarative(                                &#8216;acrLink-click-metrics&#8217;, &#8216;click&#8217;,                                { \u00aballowLinkDefault\u00bb: true },                                function (event) {                                    if (window.ue) {                                        ue.count(\u00abacrLinkClickCount\u00bb, (ue.count(\u00abacrLinkClickCount\u00bb) || 0) + 1);                                    }                                }                            );                        }                    });                                             P.when(&#8216;A&#8217;, &#8216;cf&#8217;).execute(function(A) {                A.declarative(&#8216;acrStarsLink-click-metrics&#8217;, &#8216;click&#8217;, { \u00aballowLinkDefault\u00bb : true },  function(event){                    if(window.ue) {                        ue.count(\u00abacrStarsLinkWithPopoverClickCount\u00bb, (ue.count(\u00abacrStarsLinkWithPopoverClickCount\u00bb) || 0) + 1);                    }                });            });                          <\/p>\n<p>FAST CHARGING TECHNOLOGIES: 30W PD function for Apple fast charging and Samsung Super Fast Charging. You will charge your device from 0-50% in 24 minutes. Programmable Current Supply (PPS) dynamically adjusts the output voltage.<br \/>SIMULTANEOUS CHARGING: Built-in PD 3.1 USB-IF certified PPS technology and 2 USB-C ports that can charge two devices at once. Provides fast and safe charging to any compatible device.<br \/>OPTIMIZED FOR MOST DEVICES: Belkin designed this USB-C wall charger to offer wide compatibility, but it&#8217;s optimized for Samsung and Apple devices as well as laptops and tablets.<br \/>DURABLE AND EXTREMELY PORTABLE: It has been created with durability as the main axis of its design and is not only very compact, it also presents a very light, elegant and slim profile.<br \/>2 YEAR PRODUCT WARRANTY: Includes 2 years product warranty and connected equipment (CEW) warranty up to 2000 euros. Your Apple and Samsung devices properly connected to the charger will be protected.<\/p>\n\n","protected":false},"excerpt":{"rendered":"<p> From the brand En Belkin, el dise\u00f1o centrado en el ser humano y la atenci\u00f3n<\/p>","protected":false},"featured_media":27403,"comment_status":"open","ping_status":"closed","template":"","meta":[],"product_brand":[],"product_cat":[104],"product_tag":[300,8044,8045,190,152,201,298,165,254,162,147,3004,3003,3015,3008,3007,3010,3011,3000,3001,3013,3016,3014,3005,3002,3009,3017,3006,181,171,6980,3012,249,133,188,134],"class_list":{"0":"post-27402","1":"product","2":"type-product","3":"status-publish","4":"has-post-thumbnail","6":"product_cat-apple-iphone","7":"product_tag-60w","8":"product_tag-belkin","9":"product_tag-boostcharge","10":"product_tag-cables","11":"product_tag-charger","12":"product_tag-compatible","13":"product_tag-dual","14":"product_tag-galaxy","15":"product_tag-google","16":"product_tag-ipad","17":"product_tag-iphone","18":"product_tag-iphone-13-accessories","19":"product_tag-iphone-14-case","20":"product_tag-iphone-adapter","21":"product_tag-iphone-battery-pack","22":"product_tag-iphone-cable","23":"product_tag-iphone-camera-lens","24":"product_tag-iphone-car-mount","25":"product_tag-iphone-case","26":"product_tag-iphone-charger","27":"product_tag-iphone-earbuds","28":"product_tag-iphone-gaming-controller","29":"product_tag-iphone-magsafe","30":"product_tag-iphone-pro-max-case","31":"product_tag-iphone-screen-protector","32":"product_tag-iphone-tempered-glass","33":"product_tag-iphone-tripod","34":"product_tag-iphone-wireless-charger","35":"product_tag-lightning","36":"product_tag-pixel","37":"product_tag-pps","38":"product_tag-refurbished-iphone","39":"product_tag-samsung","40":"product_tag-usb","41":"product_tag-usbc","42":"product_tag-wall","44":"first","45":"instock","46":"sale","47":"shipping-taxable","48":"product-type-external"},"_links":{"self":[{"href":"https:\/\/comprasyconsejos.store\/en\/wp-json\/wp\/v2\/product\/27402","targetHints":{"allow":["GET"]}}],"collection":[{"href":"https:\/\/comprasyconsejos.store\/en\/wp-json\/wp\/v2\/product"}],"about":[{"href":"https:\/\/comprasyconsejos.store\/en\/wp-json\/wp\/v2\/types\/product"}],"replies":[{"embeddable":true,"href":"https:\/\/comprasyconsejos.store\/en\/wp-json\/wp\/v2\/comments?post=27402"}],"version-history":[{"count":0,"href":"https:\/\/comprasyconsejos.store\/en\/wp-json\/wp\/v2\/product\/27402\/revisions"}],"wp:featuredmedia":[{"embeddable":true,"href":"https:\/\/comprasyconsejos.store\/en\/wp-json\/wp\/v2\/media\/27403"}],"wp:attachment":[{"href":"https:\/\/comprasyconsejos.store\/en\/wp-json\/wp\/v2\/media?parent=27402"}],"wp:term":[{"taxonomy":"product_brand","embeddable":true,"href":"https:\/\/comprasyconsejos.store\/en\/wp-json\/wp\/v2\/product_brand?post=27402"},{"taxonomy":"product_cat","embeddable":true,"href":"https:\/\/comprasyconsejos.store\/en\/wp-json\/wp\/v2\/product_cat?post=27402"},{"taxonomy":"product_tag","embeddable":true,"href":"https:\/\/comprasyconsejos.store\/en\/wp-json\/wp\/v2\/product_tag?post=27402"}],"curies":[{"name":"wp","href":"https:\/\/api.w.org\/{rel}","templated":true}]}}