{"id":27413,"date":"2026-02-20T14:45:50","date_gmt":"2026-02-20T14:45:50","guid":{"rendered":"https:\/\/comprasyconsejos.store\/product\/loolinn-drone-with-camera-gift-for-kids-8-mini-rc-drone-with-video-and-photos-safe-to-fly-21-minutes-flight-time-three-batteries-included-c0-gift-from-santa-claus\/"},"modified":"2026-02-20T14:45:59","modified_gmt":"2026-02-20T14:45:59","slug":"loolinn-drone-with-camera-gift-for-kids-8-mini-rc-drone-with-video-and-photos-safe-to-fly-21-minutes-flight-time-three-batteries-included-c0-gift-from-santa-claus","status":"publish","type":"product","link":"https:\/\/comprasyconsejos.store\/en\/product\/loolinn-drone-with-camera-gift-for-kids-8-mini-rc-drone-with-video-and-photos-safe-to-fly-21-minutes-flight-time-three-batteries-included-c0-gift-from-santa-claus\/","title":{"rendered":"Loolinn | Drone with Camera, Gift for Kids (8+) &#8211; Mini RC Drone with Video and Photos, Safe to Fly, 21 Minutes Flight Time, Three Batteries Included, C0 (Gift from Santa Claus)"},"content":{"rendered":"<p>Price: <span style=\"color:#b12704\">\u20ac84.99<\/span><br \/><i><small>(as of Feb 20, 2026 14:45:50 UTC &#8211; <span class=\"wp_automatic_amazon_disclaimer\" title=\"Product prices and availability are accurate as of the date\/time indicated and are subject to change. Any price and availability information displayed on [relevant Amazon Site(s), as applicable] at the time of purchase will apply to the purchase of this product.\">Details<\/span>)<\/small><\/i><\/p>\n<p><a href=\"https:\/\/amazon.es\/dp\/B0927S2343?tag=man008-21\"><img decoding=\"async\" src=\"https:\/\/valvepress.s3.amazonaws.com\/imgs\/buy_now.png\"><\/a><br \/>\n<\/p>\n<p>                                             Product Description   <\/p>\n<h3 class=\"a-text-center aplus-container-3 aplus-h1 a-text-bold\"> Loolinn | Dron con C\u00e1mara para Ni\u00f1os &#8211; Ideal para Navidad (Mayores de 8 a\u00f1os) <\/h3>\n<p>The video showcases the product in use.The video guides you through product setup.The video compares multiple products.The video shows the product being unpacked. Drones con C\u00e1mara para Ni\u00f1os Merchant video<\/p>\n<p class=\"aplus-description aplus-container-3 aplus-p1\"> Especialmente dise\u00f1ado para ni\u00f1os (Mayores de 8 a\u00f1os). Este dron es ideal para que los ni\u00f1os exploren y aprendan a volarlo <\/p>\n<p>                                                                <img decoding=\"async\" alt=\"Peque\u00f1o dron cuadric\u00f3ptero verde y negro flotando en una sala de estar con un \u00e1rbol de Navidad. Se ve a los ni\u00f1os tirados en el suelo en primer plano\" src=\"https:\/\/images-na.ssl-images-amazon.com\/images\/G\/01\/x-locale\/common\/grey-pixel.gif\" class=\"a-lazy-loaded\" data-src=\"https:\/\/m.media-amazon.com\/images\/S\/aplus-media-library-service-media\/ae15974c-9a2b-48a8-98a5-4a238c0d0ccb.__CR0,0,800,600_PT0_SX800_V1___.jpg\"><img decoding=\"async\" alt=\"Peque\u00f1o dron cuadric\u00f3ptero verde y negro flotando en una sala de estar con un \u00e1rbol de Navidad. Se ve a los ni\u00f1os tirados en el suelo en primer plano\" src=\"https:\/\/m.media-amazon.com\/images\/S\/aplus-media-library-service-media\/ae15974c-9a2b-48a8-98a5-4a238c0d0ccb.__CR0,0,800,600_PT0_SX800_V1___.jpg\">                                                                          <\/p>\n<h3 class=\"aplus-h1 aplus-module-1-heading a-text-bold\"> Gran Regalo para Ni\u00f1os <\/h3>\n<p class=\"aplus-p2 aplus-module-1-description\"> Especialmente dise\u00f1ado para que los ni\u00f1os vuelen un dron. Este dron con capacidad de video es ideal para que los ni\u00f1os aprendan a volar un dron, tambi\u00e9n ser\u00eda un gran regalo para el cumplea\u00f1os o la Navidad de un ni\u00f1o. <\/p>\n<h3 class=\"aplus-h1 aplus-module-1-heading a-text-bold\"> C\u00e1mara Ajustable <\/h3>\n<p class=\"aplus-p2 aplus-module-1-description\"> Este dron para ni\u00f1os est\u00e1 equipado con una c\u00e1mara ajustable. Puede orientarse manualmente y le permite capturar im\u00e1genes y grabar videos f\u00e1cilmente. <\/p>\n<p>                                           <img decoding=\"async\" alt=\"Peque\u00f1o dron cuadric\u00f3ptero negro que se cierne sobre un tel\u00e9fono inteligente mostrando a ni\u00f1os emocionados. Ilustra la funcionalidad de la c\u00e1mara de un dron\" src=\"https:\/\/images-na.ssl-images-amazon.com\/images\/G\/01\/x-locale\/common\/grey-pixel.gif\" class=\"a-lazy-loaded\" data-src=\"https:\/\/m.media-amazon.com\/images\/S\/aplus-media-library-service-media\/a694a033-77bc-480a-a7db-5479d89c3871.__CR0,0,800,600_PT0_SX800_V1___.jpg\"><img decoding=\"async\" alt=\"Peque\u00f1o dron cuadric\u00f3ptero negro que se cierne sobre un tel\u00e9fono inteligente mostrando a ni\u00f1os emocionados. Ilustra la funcionalidad de la c\u00e1mara de un dron\" src=\"https:\/\/m.media-amazon.com\/images\/S\/aplus-media-library-service-media\/a694a033-77bc-480a-a7db-5479d89c3871.__CR0,0,800,600_PT0_SX800_V1___.jpg\">          <\/p>\n<p>                                                                <img decoding=\"async\" alt=\"con h\u00e9lices verdes iluminadas por LED junto a un jarr\u00f3n de cer\u00e1mica blanca con flores. El dron tiene un dise\u00f1o compacto con rotores visibles y un\" src=\"https:\/\/images-na.ssl-images-amazon.com\/images\/G\/01\/x-locale\/common\/grey-pixel.gif\" class=\"a-lazy-loaded\" data-src=\"https:\/\/m.media-amazon.com\/images\/S\/aplus-media-library-service-media\/be4e7149-1bcf-4bc7-9581-2d953848df45.__CR0,0,800,600_PT0_SX800_V1___.jpg\"><img decoding=\"async\" alt=\"con h\u00e9lices verdes iluminadas por LED junto a un jarr\u00f3n de cer\u00e1mica blanca con flores. El dron tiene un dise\u00f1o compacto con rotores visibles y un\" src=\"https:\/\/m.media-amazon.com\/images\/S\/aplus-media-library-service-media\/be4e7149-1bcf-4bc7-9581-2d953848df45.__CR0,0,800,600_PT0_SX800_V1___.jpg\">                                                                          <\/p>\n<h3 class=\"aplus-h1 aplus-module-1-heading a-text-bold\"> Seguro Para Volar <\/h3>\n<p class=\"aplus-p2 aplus-module-1-description\"> El dron incluye un protector de seguridad en las h\u00e9lices que evita lesiones por las palas giratorias. Es seguro para que jueguen los ni\u00f1os. <\/p>\n<h3 class=\"aplus-h1 aplus-module-1-heading a-text-bold\"> F\u00e1cil De Volar <\/h3>\n<p class=\"aplus-p2 aplus-module-1-description\"> Es muy f\u00e1cil volarlo. Puede dejar que sus hijos, incluso sin ninguna experiencia de vuelo con drones, lo hagan sin preocupaciones. <\/p>\n<p>                                           <img decoding=\"async\" alt=\"Peque\u00f1o minidron amarillo y negro flotando en interiores, con interfaz de control remoto y coloridos elementos de juego en segundo plano\" src=\"https:\/\/images-na.ssl-images-amazon.com\/images\/G\/01\/x-locale\/common\/grey-pixel.gif\" class=\"a-lazy-loaded\" data-src=\"https:\/\/m.media-amazon.com\/images\/S\/aplus-media-library-service-media\/72cee80f-b4cc-49a5-9273-8da81b4488e5.__CR0,0,800,600_PT0_SX800_V1___.jpg\"><img decoding=\"async\" alt=\"Peque\u00f1o minidron amarillo y negro flotando en interiores, con interfaz de control remoto y coloridos elementos de juego en segundo plano\" src=\"https:\/\/m.media-amazon.com\/images\/S\/aplus-media-library-service-media\/72cee80f-b4cc-49a5-9273-8da81b4488e5.__CR0,0,800,600_PT0_SX800_V1___.jpg\">          <\/p>\n<p>                                                                                                                                                                                                               <img decoding=\"async\" alt=\"Tres dispositivos rectangulares negros con luces LED azules, que se muestran sobre una superficie de madera. Cerca hay gafas, una planta verde y un objeto amarillo.\" src=\"https:\/\/m.media-amazon.com\/images\/S\/aplus-media-library-service-media\/8450ae57-799e-480a-bb4a-4a56b36b14a7.__CR0,0,800,600_PT0_SX800_V1___.jpg\">                                                                                Viene Con Tres Bater\u00edas    <\/p>\n<p class=\"aplus-p2\"> Se incluyen tres bater\u00edas con este dron con c\u00e1mara con un tiempo de vuelo total de alrededor de 21 minutos (7 minutos \/ por bater\u00eda). Tiempo m\u00e1s que suficiente para divertirse. <\/p>\n<p>                                                              <img decoding=\"async\" alt=\"Varios drones peque\u00f1os y coloridos que vuelan en forma de arco. A la derecha se muestra un gr\u00e1fico del indicador de velocidad.\" src=\"https:\/\/m.media-amazon.com\/images\/S\/aplus-media-library-service-media\/4bee3954-ce98-46d1-bd1c-7694423d5d3b.__CR0,0,800,600_PT0_SX800_V1___.jpg\">                                                                                Tres Velocidades Diferentes    <\/p>\n<p class=\"aplus-p2\"> Configuraciones de tres velocidades para pilotos con diferentes habilidades de vuelo. Puede ajustar la velocidad en funci\u00f3n de su experiencia. <\/p>\n<p>                                                              <img decoding=\"async\" alt=\"Imagen compuesta de un ni\u00f1o patinando, un dron volador y un tel\u00e9fono inteligente que muestra los controles del dron y\" src=\"https:\/\/m.media-amazon.com\/images\/S\/aplus-media-library-service-media\/046c2354-f5e4-425f-8579-8e8c0db90966.__CR0,0,800,600_PT0_SX800_V1___.jpg\">                                                                                Ruta De Vuelo Inteligente    <\/p>\n<p class=\"aplus-p2\"> Este dron admite la funci\u00f3n para personalizar su ruta de vuelo: dibuje una ruta\/trayectoria con el dedo usando la aplicaci\u00f3n y volar\u00e1 por la ruta que acaba de establecer. <\/p>\n<p>                                                                                                       <img decoding=\"async\" alt=\"con tem\u00e1tica navide\u00f1a con ni\u00f1os y regalos. Se ven el sombrero de Pap\u00e1 Noel, el su\u00e9ter rojo y los regalos envueltos. \u00c1rbol de Navidad en segundo plano.\" src=\"https:\/\/images-na.ssl-images-amazon.com\/images\/G\/01\/x-locale\/common\/grey-pixel.gif\" class=\"a-lazy-loaded\" data-src=\"https:\/\/m.media-amazon.com\/images\/S\/aplus-media-library-service-media\/efaa8c4b-4767-4451-8a61-9f08f16691b7.__CR0,0,1464,600_PT0_SX1464_V1___.jpg\"><img decoding=\"async\" alt=\"con tem\u00e1tica navide\u00f1a con ni\u00f1os y regalos. Se ven el sombrero de Pap\u00e1 Noel, el su\u00e9ter rojo y los regalos envueltos. \u00c1rbol de Navidad en segundo plano.\" src=\"https:\/\/m.media-amazon.com\/images\/S\/aplus-media-library-service-media\/efaa8c4b-4767-4451-8a61-9f08f16691b7.__CR0,0,1464,600_PT0_SX1464_V1___.jpg\">                                                                                    Un Gran Regalo de Navidad para Ni\u00f1os                                                                                       <\/p>\n<p> Batteries                                            \u200f                                            :                                            \u200e                                            3 Lithium Ion batteries required. (included)   <br \/> Is discontinued by manufacturer                                            \u200f                                            :                                            \u200e                                            No   <br \/> Product Dimensions                                            \u200f                                            :                                            \u200e                                            13.8 x 11.5 x 3.2 cm; 65.8 g   <br \/> Date First Available                                            \u200f                                            :                                            \u200e                                            20 Jun. 2021   <br \/> Manufacturer                                            \u200f                                            :                                            \u200e                                            Loolinn   <br \/> ASIN                                            \u200f                                            :                                            \u200e                                            B0927S2343   <br \/> Item model number                                            \u200f                                            :                                            \u200e                                            Loolinn &#8211; U61   <br \/> Country of origin                                            \u200f                                            :                                            \u200e                                            China   <br \/>       Best Sellers Rank:  38,041 in Toys &#038; Games (See Top 100 in Toys &#038; Games)    178 in Remote &#038; App-Controlled Drones      <br \/>  Customer reviews:                                                                                            4.4               4.4 out of 5 stars                                  (1,124)                                              var dpAcrHasRegisteredArcLinkClickAction;                    P.when(&#8216;A&#8217;, &#8216;ready&#8217;).execute(function(A) {                        if (dpAcrHasRegisteredArcLinkClickAction !== true) {                            dpAcrHasRegisteredArcLinkClickAction = true;                            A.declarative(                                &#8216;acrLink-click-metrics&#8217;, &#8216;click&#8217;,                                { \u00aballowLinkDefault\u00bb: true },                                function (event) {                                    if (window.ue) {                                        ue.count(\u00abacrLinkClickCount\u00bb, (ue.count(\u00abacrLinkClickCount\u00bb) || 0) + 1);                                    }                                }                            );                        }                    });                                             P.when(&#8216;A&#8217;, &#8216;cf&#8217;).execute(function(A) {                A.declarative(&#8216;acrStarsLink-click-metrics&#8217;, &#8216;click&#8217;, { \u00aballowLinkDefault\u00bb : true },  function(event){                    if(window.ue) {                        ue.count(\u00abacrStarsLinkWithPopoverClickCount\u00bb, (ue.count(\u00abacrStarsLinkWithPopoverClickCount\u00bb) || 0) + 1);                    }                });            });                          <\/p>\n<p>\ud83c\udf81\u3010Great Drone for Kids Beginner\u3011&#8211; Specially designed for kids to fly a drone. This video capability drone is great for kids to learn to fly a drone, also would be a great gift for a child&#8217;s birthday or Christmas.<br \/>\ud83c\udf81\u3010 Good Quality Camera \u3011&#8211; This kids drone has an adjustable camera. It can be manually oriented and allows you to capture images and record videos easily.<br \/>\ud83c\udf81\u3010Safe to Fly\u3011&#8211;The drone includes a safety guard on the propellers that prevents injury from the spinning blades. It is safe for children to play.<br \/>\ud83c\udf81\u3010Come with THREE Batteries\u3011&#8211; Three batteries are included with this small drone with camera. Its total flying time is around 21 minutes (7 minutes \/ per battery), which is more than enough time for lots of fun.<br \/>\ud83c\udf81\u3010 24-Month Warranty\u3011&#8211; We offer a full 24-month warranty. If your kids are not satisfied with this drone, we will be happy to give you a full refund or arrange a replacement. We assure you that your kids will love it!<\/p>\n\n","protected":false},"excerpt":{"rendered":"<p> Product Description Loolinn | Dron con C\u00e1mara para Ni\u00f1os &#8211; Ideal para Navidad (Mayores de<\/p>","protected":false},"featured_media":27414,"comment_status":"open","ping_status":"closed","template":"","meta":[],"product_brand":[],"product_cat":[98],"product_tag":[1254,2845,681,8048,2854,2852,2855,2853,2842,2844,2848,2846,2850,2838,2849,3044,3824,2839,2840,2236,2843,415,1169,5730,215,2851,7014,4169,2841,2847,430,8047,3101,2230],"class_list":{"0":"post-27413","1":"product","2":"type-product","3":"status-publish","4":"has-post-thumbnail","6":"product_cat-drones","7":"product_tag-batteries","8":"product_tag-beginner-drone","9":"product_tag-camera","10":"product_tag-claus","11":"product_tag-dji-drone","12":"product_tag-dji-mavic","13":"product_tag-dji-mini-2","14":"product_tag-drone","15":"product_tag-drone-accessories","16":"product_tag-drone-battery","17":"product_tag-drone-gimbal","18":"product_tag-drone-propellers","19":"product_tag-drone-spare-parts","20":"product_tag-drone-with-camera","21":"product_tag-drones-under-200","22":"product_tag-flight","23":"product_tag-fly","24":"product_tag-foldable-drone","25":"product_tag-fpv-drone","26":"product_tag-gift","27":"product_tag-hd-drone","28":"product_tag-included","29":"product_tag-kids","30":"product_tag-loolinn","31":"product_tag-mini","32":"product_tag-mini-drone","33":"product_tag-minutes","34":"product_tag-photos","35":"product_tag-quadcopter","36":"product_tag-remote-control-drone","37":"product_tag-safe","38":"product_tag-santa","39":"product_tag-time","40":"product_tag-video","42":"first","43":"instock","44":"shipping-taxable","45":"product-type-external"},"_links":{"self":[{"href":"https:\/\/comprasyconsejos.store\/en\/wp-json\/wp\/v2\/product\/27413","targetHints":{"allow":["GET"]}}],"collection":[{"href":"https:\/\/comprasyconsejos.store\/en\/wp-json\/wp\/v2\/product"}],"about":[{"href":"https:\/\/comprasyconsejos.store\/en\/wp-json\/wp\/v2\/types\/product"}],"replies":[{"embeddable":true,"href":"https:\/\/comprasyconsejos.store\/en\/wp-json\/wp\/v2\/comments?post=27413"}],"version-history":[{"count":0,"href":"https:\/\/comprasyconsejos.store\/en\/wp-json\/wp\/v2\/product\/27413\/revisions"}],"wp:featuredmedia":[{"embeddable":true,"href":"https:\/\/comprasyconsejos.store\/en\/wp-json\/wp\/v2\/media\/27414"}],"wp:attachment":[{"href":"https:\/\/comprasyconsejos.store\/en\/wp-json\/wp\/v2\/media?parent=27413"}],"wp:term":[{"taxonomy":"product_brand","embeddable":true,"href":"https:\/\/comprasyconsejos.store\/en\/wp-json\/wp\/v2\/product_brand?post=27413"},{"taxonomy":"product_cat","embeddable":true,"href":"https:\/\/comprasyconsejos.store\/en\/wp-json\/wp\/v2\/product_cat?post=27413"},{"taxonomy":"product_tag","embeddable":true,"href":"https:\/\/comprasyconsejos.store\/en\/wp-json\/wp\/v2\/product_tag?post=27413"}],"curies":[{"name":"wp","href":"https:\/\/api.w.org\/{rel}","templated":true}]}}