{"id":27424,"date":"2026-02-20T14:47:46","date_gmt":"2026-02-20T14:47:46","guid":{"rendered":"https:\/\/comprasyconsejos.store\/product\/external-cd-dvd-reader-external-dvd-burner-with-usb-3-0-and-type-cexternal-usb-cd-dvd-rw-driveexternal-dvd-reader-for-laptoppclaptopwindows-11-10-8-1-xp-linux-macosimacmacbook-white\/"},"modified":"2026-02-20T14:47:52","modified_gmt":"2026-02-20T14:47:52","slug":"external-cd-dvd-reader-external-dvd-burner-with-usb-3-0-and-type-cexternal-usb-cd-dvd-rw-driveexternal-dvd-reader-for-laptoppclaptopwindows-11-10-8-1-xp-linux-macosimacmacbook-white","status":"publish","type":"product","link":"https:\/\/comprasyconsejos.store\/en\/product\/external-cd-dvd-reader-external-dvd-burner-with-usb-3-0-and-type-cexternal-usb-cd-dvd-rw-driveexternal-dvd-reader-for-laptoppclaptopwindows-11-10-8-1-xp-linux-macosimacmacbook-white\/","title":{"rendered":"External CD\/DVD Reader, External DVD Burner with USB 3.0 and Type-C,External USB CD\/DVD-RW Drive,External DVD Reader for Laptop,PC,Laptop,Windows 11\/10\/8.1\/XP\/Linux\/MacOS,iMac,Macbook White"},"content":{"rendered":"<p>Price: <span style=\"color:#b12704\">\u20ac20.59<\/span><br \/><i><small>(as of Feb 20, 2026 14:47:46 UTC &#8211; <span class=\"wp_automatic_amazon_disclaimer\" title=\"Product prices and availability are accurate as of the date\/time indicated and are subject to change. Any price and availability information displayed on [relevant Amazon Site(s), as applicable] at the time of purchase will apply to the purchase of this product.\">Details<\/span>)<\/small><\/i><\/p>\n<p><a href=\"https:\/\/amazon.es\/dp\/B0C1SGFL5B?tag=man008-21\"><img decoding=\"async\" src=\"https:\/\/valvepress.s3.amazonaws.com\/imgs\/buy_now.png\"><\/a><br \/>\n<\/p>\n<p>                                             Product Description   <\/p>\n<p>                                                                             <img decoding=\"async\" alt=\"Unidad externa de CD DVD para port\u00e1til conectada a MacBook. El producto cuenta con conectividad USB, dise\u00f1o compacto y compatibilidad con varios dispositivos, como se muestra en los iconos\" src=\"https:\/\/images-na.ssl-images-amazon.com\/images\/G\/01\/x-locale\/common\/grey-pixel.gif\" class=\"a-spacing-base a-lazy-loaded\" data-src=\"https:\/\/m.media-amazon.com\/images\/S\/aplus-media-library-service-media\/738668c6-91d6-49f4-9d2c-043d5b6dab2f.__CR0,0,970,600_PT0_SX970_V1___.jpg\"><img decoding=\"async\" alt=\"Unidad externa de CD DVD para port\u00e1til conectada a MacBook. El producto cuenta con conectividad USB, dise\u00f1o compacto y compatibilidad con varios dispositivos, como se muestra en los iconos\" src=\"https:\/\/m.media-amazon.com\/images\/S\/aplus-media-library-service-media\/738668c6-91d6-49f4-9d2c-043d5b6dab2f.__CR0,0,970,600_PT0_SX970_V1___.jpg\">                                         <\/p>\n<h3 class=\"a-spacing-mini\"> Lector CD\/DVD Externo soporta Macbook, PC y Windows <\/h3>\n<p class=\"a-spacing-base\"> Puede ver pel\u00edculas, jugar juegos y escuchar m\u00fasica. Tambi\u00e9n puede transferir archivos, copiar pel\u00edculas a CD \/ DVD, instalar software y hacer discos de copia de Seguridad. <\/p>\n<p>                                                                             <img decoding=\"async\" alt=\"Plug and Play\" src=\"https:\/\/images-na.ssl-images-amazon.com\/images\/G\/01\/x-locale\/common\/grey-pixel.gif\" class=\"a-spacing-base a-lazy-loaded\" data-src=\"https:\/\/m.media-amazon.com\/images\/S\/aplus-media-library-service-media\/096a3846-4fcf-4f98-8d25-8f1b632e2f3c.__CR0,0,970,600_PT0_SX970_V1___.jpg\"><img decoding=\"async\" alt=\"Plug and Play\" src=\"https:\/\/m.media-amazon.com\/images\/S\/aplus-media-library-service-media\/096a3846-4fcf-4f98-8d25-8f1b632e2f3c.__CR0,0,970,600_PT0_SX970_V1___.jpg\">                                                                    <\/p>\n<p>                                                  <img decoding=\"async\" alt=\"Unidad \u00f3ptica USB 3.0 externa con un diagrama de especificaciones de velocidad que muestra capacidades de 8 y 24 veces, con un dise\u00f1o delgado en negro\" src=\"https:\/\/images-na.ssl-images-amazon.com\/images\/G\/01\/x-locale\/common\/grey-pixel.gif\" class=\"a-lazy-loaded\" data-src=\"https:\/\/m.media-amazon.com\/images\/S\/aplus-media-library-service-media\/c417e12d-9fa2-4fd2-8e78-679581ca2a58.__CR0,0,970,300_PT0_SX970_V1___.jpg\"><img decoding=\"async\" alt=\"Unidad \u00f3ptica USB 3.0 externa con un diagrama de especificaciones de velocidad que muestra capacidades de 8 y 24 veces, con un dise\u00f1o delgado en negro\" src=\"https:\/\/m.media-amazon.com\/images\/S\/aplus-media-library-service-media\/c417e12d-9fa2-4fd2-8e78-679581ca2a58.__CR0,0,970,300_PT0_SX970_V1___.jpg\">  <\/p>\n<p>                                                                             <img decoding=\"async\" alt=\"Amplia compatibilidad\" src=\"https:\/\/images-na.ssl-images-amazon.com\/images\/G\/01\/x-locale\/common\/grey-pixel.gif\" class=\"a-spacing-base a-lazy-loaded\" data-src=\"https:\/\/m.media-amazon.com\/images\/S\/aplus-media-library-service-media\/6e44c108-a127-4874-b623-6e6d5afb0f58.__CR0,0,970,600_PT0_SX970_V1___.jpg\"><img decoding=\"async\" alt=\"Amplia compatibilidad\" src=\"https:\/\/m.media-amazon.com\/images\/S\/aplus-media-library-service-media\/6e44c108-a127-4874-b623-6e6d5afb0f58.__CR0,0,970,600_PT0_SX970_V1___.jpg\">                                                                    <\/p>\n<p>                                                  <img decoding=\"async\" alt=\"una mujer sentada en un sof\u00e1 junto a un port\u00e1til.\" src=\"https:\/\/images-na.ssl-images-amazon.com\/images\/G\/01\/x-locale\/common\/grey-pixel.gif\" class=\"a-lazy-loaded\" data-src=\"https:\/\/m.media-amazon.com\/images\/S\/aplus-media-library-service-media\/9dc463f8-3895-4d76-89fc-1053601e6c16.__CR0,0,970,300_PT0_SX970_V1___.jpg\"><img decoding=\"async\" alt=\"una mujer sentada en un sof\u00e1 junto a un port\u00e1til.\" src=\"https:\/\/m.media-amazon.com\/images\/S\/aplus-media-library-service-media\/9dc463f8-3895-4d76-89fc-1053601e6c16.__CR0,0,970,300_PT0_SX970_V1___.jpg\">  <\/p>\n<p class=\"apm-text-center\">\n                                                      <img decoding=\"async\" alt=\"Dise\u00f1o compacto port\u00e1til\" src=\"https:\/\/images-na.ssl-images-amazon.com\/images\/G\/01\/x-locale\/common\/grey-pixel.gif\" class=\"a-spacing-mini a-lazy-loaded\" data-src=\"https:\/\/m.media-amazon.com\/images\/S\/aplus-media-library-service-media\/e9f42b27-0f4c-419f-93d4-fb02b149dd60.__CR0,0,300,300_PT0_SX300_V1___.jpg\"><img decoding=\"async\" alt=\"Dise\u00f1o compacto port\u00e1til\" src=\"https:\/\/m.media-amazon.com\/images\/S\/aplus-media-library-service-media\/e9f42b27-0f4c-419f-93d4-fb02b149dd60.__CR0,0,300,300_PT0_SX300_V1___.jpg\">  <\/p>\n<p class=\"apm-text-center\">\n                                                      <img decoding=\"async\" alt=\"Ordenador port\u00e1til conectado a una unidad de CD\/DVD externa. La pantalla muestra la ventana del explorador de archivos. Superposici\u00f3n de texto: \u00abEncuentra r\u00e1pidamente\" src=\"https:\/\/images-na.ssl-images-amazon.com\/images\/G\/01\/x-locale\/common\/grey-pixel.gif\" class=\"a-spacing-mini a-lazy-loaded\" data-src=\"https:\/\/m.media-amazon.com\/images\/S\/aplus-media-library-service-media\/0ae193cc-66e0-4745-bd98-458fe179167a.__CR0,0,300,300_PT0_SX300_V1___.jpg\"><img decoding=\"async\" alt=\"Ordenador port\u00e1til conectado a una unidad de CD\/DVD externa. La pantalla muestra la ventana del explorador de archivos. Superposici\u00f3n de texto: \u00abEncuentra r\u00e1pidamente\" src=\"https:\/\/m.media-amazon.com\/images\/S\/aplus-media-library-service-media\/0ae193cc-66e0-4745-bd98-458fe179167a.__CR0,0,300,300_PT0_SX300_V1___.jpg\">  <\/p>\n<p class=\"apm-text-center\">\n                                                      <img decoding=\"async\" alt=\"Conexi\u00f3n correcta\" src=\"https:\/\/images-na.ssl-images-amazon.com\/images\/G\/01\/x-locale\/common\/grey-pixel.gif\" class=\"a-spacing-mini a-lazy-loaded\" data-src=\"https:\/\/m.media-amazon.com\/images\/S\/aplus-media-library-service-media\/4ec1cc9f-d6b7-4032-92ca-155dd256ef6f.__CR0,0,300,300_PT0_SX300_V1___.jpg\"><img decoding=\"async\" alt=\"Conexi\u00f3n correcta\" src=\"https:\/\/m.media-amazon.com\/images\/S\/aplus-media-library-service-media\/4ec1cc9f-d6b7-4032-92ca-155dd256ef6f.__CR0,0,300,300_PT0_SX300_V1___.jpg\">  <\/p>\n<p> Product Dimensions                                            \u200f                                            :                                            \u200e                                            14.3 x 14.2 x 1.8 cm; 270 g   <br \/> Manufacturer                                            \u200f                                            :                                            \u200e                                            Aumdie   <br \/> ASIN                                            \u200f                                            :                                            \u200e                                            B0C1SGFL5B   <br \/> Item model number                                            \u200f                                            :                                            \u200e                                            BT681   <br \/> Country of origin                                            \u200f                                            :                                            \u200e                                            China   <br \/> Guaranteed software updates until                                            \u200f                                            :                                            \u200e                                            unknown   <br \/>  Customer reviews:                                                                                            4.2               4.2 out of 5 stars                                  (409)                                              var dpAcrHasRegisteredArcLinkClickAction;                    P.when(&#8216;A&#8217;, &#8216;ready&#8217;).execute(function(A) {                        if (dpAcrHasRegisteredArcLinkClickAction !== true) {                            dpAcrHasRegisteredArcLinkClickAction = true;                            A.declarative(                                &#8216;acrLink-click-metrics&#8217;, &#8216;click&#8217;,                                { \u00aballowLinkDefault\u00bb: true },                                function (event) {                                    if (window.ue) {                                        ue.count(\u00abacrLinkClickCount\u00bb, (ue.count(\u00abacrLinkClickCount\u00bb) || 0) + 1);                                    }                                }                            );                        }                    });                                             P.when(&#8216;A&#8217;, &#8216;cf&#8217;).execute(function(A) {                A.declarative(&#8216;acrStarsLink-click-metrics&#8217;, &#8216;click&#8217;, { \u00aballowLinkDefault\u00bb : true },  function(event){                    if(window.ue) {                        ue.count(\u00abacrStarsLinkWithPopoverClickCount\u00bb, (ue.count(\u00abacrStarsLinkWithPopoverClickCount\u00bb) || 0) + 1);                    }                });            });                          <\/p>\n<p>\u3010USB3.0 External CD DVD Reader\u3011- External cd reader for laptop with high-speed USB3.0 interface, the data transmission speed is faster (up to 5Gbps), the performance is stable, and the failure tolerance capacity is strong. Also backwards compatible with USB2.0 and USB1.0. Powered by USB only, no external power supplies needed.<br \/>\u3010Plug and Play\u3011-Easy to use. An advantageous external CD\/DVD burner is powered by a USB port. No external drives or power supplies required. The DVD driver can be detected by simply inserting the driver into the USB port. You can easily use CD \/ DVD driver for writer \/ recorder to play your movies\/enjoy music\/burn \/ rip discs\/ install the software\/ system\/ download games or record your precious memories and save photos.<br \/>\u3010Wide compatibility\u3011- The external DVD drive has a Type-C adapter that supports different devices. Compatible with Windows 2000\/2003\/xp\/7\/8\/10\/11, Vista and all versions of Mac OS,Apple MacBook Air and MacBook Pro. In addition, the burner and burner driver can be read and stored in different formats. CD-R, CD-R. W,CD-ROM,DVD-R,DVD-RW,DVD-Ram,DVD-RW. (Note: External dvd reader is not compatible with TV, tablets, car players, Chromebook, Blu-ray)(Not supported: m1 chip and m2 chip)<br \/>\u3010Modern &#038; Portable Design\u3011-This ultra-slim external CD drive for laptop comes standard with an eject button so you never have to worry about your disc getting stuck inside this external CD\/DVD drive. It has a sleek, lightweight and shock-resistant design. Built-in cable design, you can easily store it in your bag and carry it everywhere.<br \/>\u3010100% Warranty Service\u3011-3 years of experience in manufacturing external floppy drive for professional pc ensure reliable quality and professional customer service. Please feel free to contact us for help or a free replacement if there is any problem after purchase, you don&#8217;t have to worry about the limited time return window.<\/p>\n\n","protected":false},"excerpt":{"rendered":"<p> Product Description Lector CD\/DVD Externo soporta Macbook, PC y Windows Puede ver pel\u00edculas, jugar juegos<\/p>","protected":false},"featured_media":27425,"comment_status":"open","ping_status":"closed","template":"","meta":[],"product_brand":[],"product_cat":[70],"product_tag":[8052,2109,2128,2123,3938,2117,8050,2121,2119,2111,1476,2105,2101,2113,8051,2107,1421,8049,133,2115,2103,205],"class_list":{"0":"post-27424","1":"product","2":"type-product","3":"status-publish","4":"has-post-thumbnail","6":"product_cat-disc-drives","7":"product_tag-11108-1xplinuxmacosimacmacbook","8":"product_tag-blu-ray-drive","9":"product_tag-burner","10":"product_tag-cddvd","11":"product_tag-cddvdrw","12":"product_tag-disc-drive-for-laptop","13":"product_tag-driveexternal","14":"product_tag-dvd","15":"product_tag-dvd-drive-price","16":"product_tag-dvd-writer","17":"product_tag-external","18":"product_tag-external-cd-drive","19":"product_tag-external-dvd-drive","20":"product_tag-external-optical-drive","21":"product_tag-laptoppclaptopwindows","22":"product_tag-portable-disc-drive","23":"product_tag-reader","24":"product_tag-typecexternal","25":"product_tag-usb","26":"product_tag-usb-cd-writer","27":"product_tag-usb-dvd-drive","28":"product_tag-white","30":"first","31":"instock","32":"shipping-taxable","33":"product-type-external"},"_links":{"self":[{"href":"https:\/\/comprasyconsejos.store\/en\/wp-json\/wp\/v2\/product\/27424","targetHints":{"allow":["GET"]}}],"collection":[{"href":"https:\/\/comprasyconsejos.store\/en\/wp-json\/wp\/v2\/product"}],"about":[{"href":"https:\/\/comprasyconsejos.store\/en\/wp-json\/wp\/v2\/types\/product"}],"replies":[{"embeddable":true,"href":"https:\/\/comprasyconsejos.store\/en\/wp-json\/wp\/v2\/comments?post=27424"}],"version-history":[{"count":0,"href":"https:\/\/comprasyconsejos.store\/en\/wp-json\/wp\/v2\/product\/27424\/revisions"}],"wp:featuredmedia":[{"embeddable":true,"href":"https:\/\/comprasyconsejos.store\/en\/wp-json\/wp\/v2\/media\/27425"}],"wp:attachment":[{"href":"https:\/\/comprasyconsejos.store\/en\/wp-json\/wp\/v2\/media?parent=27424"}],"wp:term":[{"taxonomy":"product_brand","embeddable":true,"href":"https:\/\/comprasyconsejos.store\/en\/wp-json\/wp\/v2\/product_brand?post=27424"},{"taxonomy":"product_cat","embeddable":true,"href":"https:\/\/comprasyconsejos.store\/en\/wp-json\/wp\/v2\/product_cat?post=27424"},{"taxonomy":"product_tag","embeddable":true,"href":"https:\/\/comprasyconsejos.store\/en\/wp-json\/wp\/v2\/product_tag?post=27424"}],"curies":[{"name":"wp","href":"https:\/\/api.w.org\/{rel}","templated":true}]}}