{"id":27432,"date":"2026-02-20T14:49:34","date_gmt":"2026-02-20T14:49:34","guid":{"rendered":"https:\/\/comprasyconsejos.store\/product\/tp-link-usb-3-0-sd-micro-sd-memory-card-reader-with-portable-design-for-tf-sdxc-sdhc-ms-mmc-msxc-up-to-200mb-s-simultaneous-read-write-compatible-with-windows-and-mac-os\/"},"modified":"2026-02-20T14:49:35","modified_gmt":"2026-02-20T14:49:35","slug":"tp-link-usb-3-0-sd-micro-sd-memory-card-reader-with-portable-design-for-tf-sdxc-sdhc-ms-mmc-msxc-up-to-200mb-s-simultaneous-read-write-compatible-with-windows-and-mac-os","status":"publish","type":"product","link":"https:\/\/comprasyconsejos.store\/en\/product\/tp-link-usb-3-0-sd-micro-sd-memory-card-reader-with-portable-design-for-tf-sdxc-sdhc-ms-mmc-msxc-up-to-200mb-s-simultaneous-read-write-compatible-with-windows-and-mac-os\/","title":{"rendered":"TP-Link USB 3.0 SD\/Micro SD Memory Card Reader with Portable Design for TF, SDXC, SDHC, MS, MMC, MSXC, Up to 200MB\/s, Simultaneous Read\/Write, Compatible with Windows and Mac OS"},"content":{"rendered":"<p>Price: <span style=\"color:#b12704\"><del>\u20ac14.99<\/del> - \u20ac11.99<\/span><br \/><i><small>(as of Feb 20, 2026 14:49:34 UTC &#8211; <span class=\"wp_automatic_amazon_disclaimer\" title=\"Product prices and availability are accurate as of the date\/time indicated and are subject to change. Any price and availability information displayed on [relevant Amazon Site(s), as applicable] at the time of purchase will apply to the purchase of this product.\">Details<\/span>)<\/small><\/i><\/p>\n<p><a href=\"https:\/\/amazon.es\/dp\/B0DS6BG58V?tag=man008-21\"><img decoding=\"async\" src=\"https:\/\/valvepress.s3.amazonaws.com\/imgs\/buy_now.png\"><\/a><br \/>\n<\/p>\n<p>                                             From the manufacturer   <\/p>\n<p>                                                                                                       <img decoding=\"async\" alt=\"aplus content image\" src=\"https:\/\/images-na.ssl-images-amazon.com\/images\/G\/01\/x-locale\/common\/grey-pixel.gif\" class=\"a-lazy-loaded\" data-src=\"https:\/\/m.media-amazon.com\/images\/S\/aplus-media-library-service-media\/2e48ae9e-1a91-4482-b743-f25e00e72f36.__CR0,0,1464,600_PT0_SX1464_V1___.jpg\"><img decoding=\"async\" alt=\"aplus content image\" src=\"https:\/\/m.media-amazon.com\/images\/S\/aplus-media-library-service-media\/2e48ae9e-1a91-4482-b743-f25e00e72f36.__CR0,0,1464,600_PT0_SX1464_V1___.jpg\">                                               <\/p>\n<p>                                                                                                       <img decoding=\"async\" alt=\"aplus content image\" src=\"https:\/\/images-na.ssl-images-amazon.com\/images\/G\/01\/x-locale\/common\/grey-pixel.gif\" class=\"a-lazy-loaded\" data-src=\"https:\/\/m.media-amazon.com\/images\/S\/aplus-media-library-service-media\/bfbf4e8e-6386-4120-97d1-c5711f5d66b5.__CR0,0,1464,600_PT0_SX1464_V1___.jpg\"><img decoding=\"async\" alt=\"aplus content image\" src=\"https:\/\/m.media-amazon.com\/images\/S\/aplus-media-library-service-media\/bfbf4e8e-6386-4120-97d1-c5711f5d66b5.__CR0,0,1464,600_PT0_SX1464_V1___.jpg\">                                               <\/p>\n<p>                                                                     Transmisi\u00f3n Ultrarr\u00e1pida a 5 Gbps con USB 3.0                                            <img decoding=\"async\" alt=\"aplus content image\" src=\"https:\/\/images-na.ssl-images-amazon.com\/images\/G\/01\/x-locale\/common\/grey-pixel.gif\" class=\"a-lazy-loaded\" data-src=\"https:\/\/m.media-amazon.com\/images\/S\/aplus-media-library-service-media\/67206af7-453e-4549-9759-bef064e03a91.__CR0,0,1464,600_PT0_SX1464_V1___.jpg\"><img decoding=\"async\" alt=\"aplus content image\" src=\"https:\/\/m.media-amazon.com\/images\/S\/aplus-media-library-service-media\/67206af7-453e-4549-9759-bef064e03a91.__CR0,0,1464,600_PT0_SX1464_V1___.jpg\">                                               <\/p>\n<p>                                                                     Lectura\/Escritura Simult\u00e1nea de Dos Tarjetas UHS-I                                            <img decoding=\"async\" alt=\"aplus content image\" src=\"https:\/\/images-na.ssl-images-amazon.com\/images\/G\/01\/x-locale\/common\/grey-pixel.gif\" class=\"a-lazy-loaded\" data-src=\"https:\/\/m.media-amazon.com\/images\/S\/aplus-media-library-service-media\/f4001c98-d5b6-4f21-bc25-d61dec9b88b8.__CR0,0,1464,600_PT0_SX1464_V1___.jpg\"><img decoding=\"async\" alt=\"aplus content image\" src=\"https:\/\/m.media-amazon.com\/images\/S\/aplus-media-library-service-media\/f4001c98-d5b6-4f21-bc25-d61dec9b88b8.__CR0,0,1464,600_PT0_SX1464_V1___.jpg\">                                               <\/p>\n<p>                                                                                                       <img decoding=\"async\" alt=\"aplus content image\" src=\"https:\/\/images-na.ssl-images-amazon.com\/images\/G\/01\/x-locale\/common\/grey-pixel.gif\" class=\"a-lazy-loaded\" data-src=\"https:\/\/m.media-amazon.com\/images\/S\/aplus-media-library-service-media\/d26950b0-c584-4043-9fd6-a885a3c75934.__CR0,0,1464,600_PT0_SX1464_V1___.jpg\"><img decoding=\"async\" alt=\"aplus content image\" src=\"https:\/\/m.media-amazon.com\/images\/S\/aplus-media-library-service-media\/d26950b0-c584-4043-9fd6-a885a3c75934.__CR0,0,1464,600_PT0_SX1464_V1___.jpg\">                                                                                    Cable Trenzado de 15 cm                                        <\/p>\n<p class=\"aplus-p2 aplus-module-2-description\"> El cable trenzado flexible puede liberar m\u00e1s espacio y no ocupa otras ubicaciones de puerto para un mejor rendimiento de uso. <\/p>\n<p>                                                                                                       <img decoding=\"async\" alt=\"aplus content image\" src=\"https:\/\/images-na.ssl-images-amazon.com\/images\/G\/01\/x-locale\/common\/grey-pixel.gif\" class=\"a-lazy-loaded\" data-src=\"https:\/\/m.media-amazon.com\/images\/S\/aplus-media-library-service-media\/17d40c41-6e3b-40dc-a863-a1395a94d81a.__CR0,0,1464,600_PT0_SX1464_V1___.jpg\"><img decoding=\"async\" alt=\"aplus content image\" src=\"https:\/\/m.media-amazon.com\/images\/S\/aplus-media-library-service-media\/17d40c41-6e3b-40dc-a863-a1395a94d81a.__CR0,0,1464,600_PT0_SX1464_V1___.jpg\">                                                                                    Plug &amp; Play con Compatibilidad Total                                        <\/p>\n<p class=\"aplus-p2 aplus-module-2-description\"> Con\u00e9ctalo y util\u00edzalo sin necesidad de drivers en tus dispositivos USB-C como ordenadores de sobremesa, port\u00e1tiles, tel\u00e9fonos y tables compatibles con Mac OS, Windows, iPadOS, iOS, Android, Linux y Chrome OS. <\/p>\n<p>                                                                                                       <img decoding=\"async\" alt=\"aplus content image\" src=\"https:\/\/images-na.ssl-images-amazon.com\/images\/G\/01\/x-locale\/common\/grey-pixel.gif\" class=\"a-lazy-loaded\" data-src=\"https:\/\/m.media-amazon.com\/images\/S\/aplus-media-library-service-media\/f6d694b4-02e4-4ce3-8b10-757676ab81a6.__CR0,0,1464,600_PT0_SX1464_V1___.jpg\"><img decoding=\"async\" alt=\"aplus content image\" src=\"https:\/\/m.media-amazon.com\/images\/S\/aplus-media-library-service-media\/f6d694b4-02e4-4ce3-8b10-757676ab81a6.__CR0,0,1464,600_PT0_SX1464_V1___.jpg\">                                                                                    Dise\u00f1o Compacto y Resistente                                        <\/p>\n<p class=\"aplus-p2 aplus-module-2-description\"> La carcasa de aleaci\u00f3n de aluminio y el cable trenzado hacen que UA430 sea m\u00e1s resistente, su dise\u00f1o compacto mejora la portabilidad. <\/p>\n<p> Product Dimensions                                            \u200f                                            :                                            \u200e                                            4.8 x 3.4 x 1.1 cm; 30 g   <br \/> Manufacturer                                            \u200f                                            :                                            \u200e                                            TP-Link   <br \/> ASIN                                            \u200f                                            :                                            \u200e                                            B0DS6BG58V   <br \/> Item model number                                            \u200f                                            :                                            \u200e                                            UA430   <br \/> Country of origin                                            \u200f                                            :                                            \u200e                                            China   <br \/> Guaranteed software updates until                                            \u200f                                            :                                            \u200e                                            unknown   <br \/>  Customer reviews:                                                                                            4.7               4.7 out of 5 stars                                  (2,490)                                              var dpAcrHasRegisteredArcLinkClickAction;                    P.when(&#8216;A&#8217;, &#8216;ready&#8217;).execute(function(A) {                        if (dpAcrHasRegisteredArcLinkClickAction !== true) {                            dpAcrHasRegisteredArcLinkClickAction = true;                            A.declarative(                                &#8216;acrLink-click-metrics&#8217;, &#8216;click&#8217;,                                { \u00aballowLinkDefault\u00bb: true },                                function (event) {                                    if (window.ue) {                                        ue.count(\u00abacrLinkClickCount\u00bb, (ue.count(\u00abacrLinkClickCount\u00bb) || 0) + 1);                                    }                                }                            );                        }                    });                                             P.when(&#8216;A&#8217;, &#8216;cf&#8217;).execute(function(A) {                A.declarative(&#8216;acrStarsLink-click-metrics&#8217;, &#8216;click&#8217;, { \u00aballowLinkDefault\u00bb : true },  function(event){                    if(window.ue) {                        ue.count(\u00abacrStarsLinkWithPopoverClickCount\u00bb, (ue.count(\u00abacrStarsLinkWithPopoverClickCount\u00bb) || 0) + 1);                    }                });            });                          <\/p>\n<p>Support SD and microSD cards: UA430 supports SD, SDHC, SDXC, microSD, microSDHC and microSDXC cards up to 2TB.<br \/>Fast Data Transfer with USB 3.0: With USB 3.0, transfer speeds up to 5Gbps.<br \/>High Efficiency UHS-I &#8211; Transfer speeds up to 200MB\/s for fast data access.<br \/>Simultaneous reading and writing: Simultaneous access to SD and microSD cards, ideal for photo downloads and video editing.<br \/>UNIVERSAL COMPATIBILITY &#8211; Compatible with Windows, Mac OS, Android, Linux and more. Plug &#038; Play without complicated installations.<br \/>DURABLE AND PRACTICAL &#8211; Braided cable and aluminum housing provide stability and mobility.<\/p>\n\n","protected":false},"excerpt":{"rendered":"<p> From the manufacturer Transmisi\u00f3n Ultrarr\u00e1pida a 5 Gbps con USB 3.0 Lectura\/Escritura Simult\u00e1nea de Dos<\/p>","protected":false},"featured_media":27433,"comment_status":"open","ping_status":"closed","template":"","meta":[],"product_brand":[],"product_cat":[72],"product_tag":[8053,1420,201,939,2110,2116,2114,774,511,2118,2603,4848,2112,290,1421,2378,2601,3404,2602,6745,2447,133,2108,2104,2120,2102,537,2106],"class_list":{"0":"post-27432","1":"product","2":"type-product","3":"status-publish","4":"has-post-thumbnail","6":"product_cat-wifi-sticks","7":"product_tag-200mbs","8":"product_tag-card","9":"product_tag-compatible","10":"product_tag-design","11":"product_tag-dual-band-wifi-adapter","12":"product_tag-high-speed-wifi-usb","13":"product_tag-laptop-wifi-adapter","14":"product_tag-mac","15":"product_tag-memory","16":"product_tag-mini-wifi-adapter","17":"product_tag-mmc","18":"product_tag-msxc","19":"product_tag-pc-wifi-adapter","20":"product_tag-portable","21":"product_tag-reader","22":"product_tag-readwrite","23":"product_tag-sdhc","24":"product_tag-sdmicro","25":"product_tag-sdxc","26":"product_tag-simultaneous","27":"product_tag-tplink","28":"product_tag-usb","29":"product_tag-usb-wifi-dongle","30":"product_tag-wifi-stick","31":"product_tag-wifi-stick-price","32":"product_tag-wifi-usb-adapter","33":"product_tag-windows","34":"product_tag-wireless-usb-adapter","36":"first","37":"instock","38":"sale","39":"shipping-taxable","40":"product-type-external"},"_links":{"self":[{"href":"https:\/\/comprasyconsejos.store\/en\/wp-json\/wp\/v2\/product\/27432","targetHints":{"allow":["GET"]}}],"collection":[{"href":"https:\/\/comprasyconsejos.store\/en\/wp-json\/wp\/v2\/product"}],"about":[{"href":"https:\/\/comprasyconsejos.store\/en\/wp-json\/wp\/v2\/types\/product"}],"replies":[{"embeddable":true,"href":"https:\/\/comprasyconsejos.store\/en\/wp-json\/wp\/v2\/comments?post=27432"}],"version-history":[{"count":0,"href":"https:\/\/comprasyconsejos.store\/en\/wp-json\/wp\/v2\/product\/27432\/revisions"}],"wp:featuredmedia":[{"embeddable":true,"href":"https:\/\/comprasyconsejos.store\/en\/wp-json\/wp\/v2\/media\/27433"}],"wp:attachment":[{"href":"https:\/\/comprasyconsejos.store\/en\/wp-json\/wp\/v2\/media?parent=27432"}],"wp:term":[{"taxonomy":"product_brand","embeddable":true,"href":"https:\/\/comprasyconsejos.store\/en\/wp-json\/wp\/v2\/product_brand?post=27432"},{"taxonomy":"product_cat","embeddable":true,"href":"https:\/\/comprasyconsejos.store\/en\/wp-json\/wp\/v2\/product_cat?post=27432"},{"taxonomy":"product_tag","embeddable":true,"href":"https:\/\/comprasyconsejos.store\/en\/wp-json\/wp\/v2\/product_tag?post=27432"}],"curies":[{"name":"wp","href":"https:\/\/api.w.org\/{rel}","templated":true}]}}