{"id":27450,"date":"2026-02-20T15:03:04","date_gmt":"2026-02-20T15:03:04","guid":{"rendered":"https:\/\/comprasyconsejos.store\/product\/noctua-nt-h1-3-5g-sw-edition-thermal-paste-for-computers-with-spatula-and-cleaning-wipes\/"},"modified":"2026-02-20T15:03:06","modified_gmt":"2026-02-20T15:03:06","slug":"noctua-nt-h1-3-5g-sw-edition-thermal-paste-for-computers-with-spatula-and-cleaning-wipes","status":"publish","type":"product","link":"https:\/\/comprasyconsejos.store\/en\/product\/noctua-nt-h1-3-5g-sw-edition-thermal-paste-for-computers-with-spatula-and-cleaning-wipes\/","title":{"rendered":"Noctua NT-H1 3.5g SW Edition, Thermal Paste for Computers with Spatula and Cleaning Wipes"},"content":{"rendered":"<p>Price: <span style=\"color:#b12704\">\u20ac10.90<\/span><br \/><i><small>(as of Feb 20, 2026 15:03:04 UTC &#8211; <span class=\"wp_automatic_amazon_disclaimer\" title=\"Product prices and availability are accurate as of the date\/time indicated and are subject to change. Any price and availability information displayed on [relevant Amazon Site(s), as applicable] at the time of purchase will apply to the purchase of this product.\">Details<\/span>)<\/small><\/i><\/p>\n<p><a href=\"https:\/\/amazon.es\/dp\/B0B1DMJQZ1?tag=man008-21\"><img decoding=\"async\" src=\"https:\/\/valvepress.s3.amazonaws.com\/imgs\/buy_now.png\"><\/a><br \/>\n<\/p>\n<p>                                             Product Description   <\/p>\n<p>                                                         <img decoding=\"async\" alt=\"un cartel con un libro y un libro\" src=\"https:\/\/images-na.ssl-images-amazon.com\/images\/G\/01\/x-locale\/common\/grey-pixel.gif\" class=\"a-lazy-loaded\" data-src=\"https:\/\/m.media-amazon.com\/images\/S\/aplus-media-library-service-media\/e54a002f-4f15-492f-9620-73e2e1a8e7a3.__CR0,0,600,180_PT0_SX600_V1___.jpg\"><img decoding=\"async\" alt=\"un cartel con un libro y un libro\" src=\"https:\/\/m.media-amazon.com\/images\/S\/aplus-media-library-service-media\/e54a002f-4f15-492f-9620-73e2e1a8e7a3.__CR0,0,600,180_PT0_SX600_V1___.jpg\">      <\/p>\n<p>                                                                             <img decoding=\"async\" alt=\"NT-H1 3.5g SW Edition header\" src=\"https:\/\/images-na.ssl-images-amazon.com\/images\/G\/01\/x-locale\/common\/grey-pixel.gif\" class=\"a-spacing-base a-lazy-loaded\" data-src=\"https:\/\/m.media-amazon.com\/images\/S\/aplus-media-library-service-media\/898b4244-4a4f-41a9-a5d8-f0ed875549c6.__CR0,0,970,600_PT0_SX970_V1___.jpg\"><img decoding=\"async\" alt=\"NT-H1 3.5g SW Edition header\" src=\"https:\/\/m.media-amazon.com\/images\/S\/aplus-media-library-service-media\/898b4244-4a4f-41a9-a5d8-f0ed875549c6.__CR0,0,970,600_PT0_SX970_V1___.jpg\">                                                                     <\/p>\n<p class=\"a-spacing-base\"> El NT-H1 de Noctua es un famoso compuesto t\u00e9rmico h\u00edbrido que ha recibido m\u00e1s de 150 galardones y recomendaciones de sitios web y revistas internacionales especializadas. Gracias a su excelente rendimiento, su facilidad de uso y magn\u00edfica estabilidad prolongada, se ha consolidado como uno de los favoritos para los overclockers y aficionados del todo el mundo. Ya sea refrigeraci\u00f3n mediante agua o aire, aplicaciones de CPU o GPU, sistemas de overcloking o silenciosos: El NT-H1 es una pasta excepcional con la que se garantizan unos resultados \u00f3ptimos. La edici\u00f3n SW (esp\u00e1tula y toallitas) incluye una esp\u00e1tula para los usuarios que prefieran extender manualmente la pasta antes de instalar el disipador, as\u00ed como tres toallitas limpiadoras NA-CW1 para la limpieza antes de la aplicaci\u00f3n, que permiten retirar la pasta f\u00e1cilmente. <\/p>\n<p>                                                  <img decoding=\"async\" alt=\"NT-H1 3.5g SW Edition\" src=\"https:\/\/images-na.ssl-images-amazon.com\/images\/G\/01\/x-locale\/common\/grey-pixel.gif\" class=\"a-lazy-loaded\" data-src=\"https:\/\/m.media-amazon.com\/images\/S\/aplus-media-library-service-media\/d5d5f15e-e8eb-47d7-addf-f0a169a13e6d.__CR0,0,300,300_PT0_SX300_V1___.jpg\"><img decoding=\"async\" alt=\"NT-H1 3.5g SW Edition\" src=\"https:\/\/m.media-amazon.com\/images\/S\/aplus-media-library-service-media\/d5d5f15e-e8eb-47d7-addf-f0a169a13e6d.__CR0,0,300,300_PT0_SX300_V1___.jpg\">  <\/p>\n<h3 class=\"a-spacing-mini\"> Con un rendimiento merecedor de galardones <\/h3>\n<p> Instalado junto con los magn\u00edficos disipadores de CPU de Noctua desde 2007, el NT-H1 ha demostrado su magn\u00edfico rendimiento en innumerables ensayos y pruebas. Siendo uno de los m\u00e1s elegidos entre los overclockers y aficionados del hardward de todo el mundo, se ha establecido como una referencia entre los materiales de interfaz t\u00e9rmica (TIM) de primera calidad. <\/p>\n<p class=\"apm-text-center\">\n                                                      <img decoding=\"async\" alt=\"SW (Spatula &amp;amp;amp; Wipes) Edition\" src=\"https:\/\/images-na.ssl-images-amazon.com\/images\/G\/01\/x-locale\/common\/grey-pixel.gif\" class=\"a-lazy-loaded\" data-src=\"https:\/\/m.media-amazon.com\/images\/S\/aplus-media-library-service-media\/92629de3-1250-4431-b6e7-a39beb86639f.__CR0,0,220,220_PT0_SX220_V1___.jpg\"><img decoding=\"async\" alt=\"SW (Spatula &amp;amp;amp; Wipes) Edition\" src=\"https:\/\/m.media-amazon.com\/images\/S\/aplus-media-library-service-media\/92629de3-1250-4431-b6e7-a39beb86639f.__CR0,0,220,220_PT0_SX220_V1___.jpg\">  <\/p>\n<p>                                                    Edici\u00f3n SW (esp\u00e1tula y toallitas)                                     <\/p>\n<p class=\"a-size-small\"> La edici\u00f3n SW (esp\u00e1tula y toallitas) incluye una esp\u00e1tula para los usuarios que prefieran extender manualmente la pasta antes de instalar el disipador, as\u00ed como tres toallitas limpiadoras NA-CW1 para la limpieza antes de la aplicaci\u00f3n, que permiten retirar la pasta f\u00e1cilmente. <\/p>\n<p class=\"apm-text-center\">\n                                                      <img decoding=\"async\" alt=\"Not electrically conductive, non-corroding\" src=\"https:\/\/images-na.ssl-images-amazon.com\/images\/G\/01\/x-locale\/common\/grey-pixel.gif\" class=\"a-lazy-loaded\" data-src=\"https:\/\/m.media-amazon.com\/images\/S\/aplus-media-library-service-media\/49747fbe-6913-4f4e-8b15-2a334f9ebcfd.__CR0,0,220,220_PT0_SX220_V1___.jpg\"><img decoding=\"async\" alt=\"Not electrically conductive, non-corroding\" src=\"https:\/\/m.media-amazon.com\/images\/S\/aplus-media-library-service-media\/49747fbe-6913-4f4e-8b15-2a334f9ebcfd.__CR0,0,220,220_PT0_SX220_V1___.jpg\">  <\/p>\n<p>                                                    No conduce la electricidad, resistente a la corrosi\u00f3n                                     <\/p>\n<p class=\"a-size-small\"> Mientras que algunas almohadillas y compuestos t\u00e9rmicos de alta calidad tienen riesgo de uso debido a su conductividad el\u00e9ctrica o propiedades corrosivas, no existe ning\u00fan riesgo de cortocircuito con el NT-H1 y su uso con cualquier tipo de CPU es totalmente seguro, independientemente de si est\u00e1 fabricado en cobre o aluminio y de si est\u00e1 chapado en n\u00edquel o no. <\/p>\n<p class=\"apm-text-center\">\n                                                      <img decoding=\"async\" alt=\"Excellent long-term stability\" src=\"https:\/\/images-na.ssl-images-amazon.com\/images\/G\/01\/x-locale\/common\/grey-pixel.gif\" class=\"a-lazy-loaded\" data-src=\"https:\/\/m.media-amazon.com\/images\/S\/aplus-media-library-service-media\/bf9376d4-b172-4ae0-9383-603c80b19179.__CR0,0,220,220_PT0_SX220_V1___.jpg\"><img decoding=\"async\" alt=\"Excellent long-term stability\" src=\"https:\/\/m.media-amazon.com\/images\/S\/aplus-media-library-service-media\/bf9376d4-b172-4ae0-9383-603c80b19179.__CR0,0,220,220_PT0_SX220_V1___.jpg\">  <\/p>\n<p>                                                    Magn\u00edfica estabilidad prolongada                                     <\/p>\n<p class=\"a-size-small\"> La f\u00f3rmula \u00fanica del NT-H1 es muy estable a lo largo del tiempo, incluso tras largos periodos de uso. Puede conservarse a temperatura ambiente durante, al menos, 3 a\u00f1os y, debido a las caracter\u00edsticas excepcionales del compuesto (de secado, de ciclo t\u00e9rmico, etc.), puede utilizarse sobre la CPU durante 5 a\u00f1os o m\u00e1s. <\/p>\n<p class=\"apm-text-center\">\n                                                      <img decoding=\"async\" alt=\"3.5g package for 3-20 applications 3.5g package for 3-20 applications\" src=\"https:\/\/images-na.ssl-images-amazon.com\/images\/G\/01\/x-locale\/common\/grey-pixel.gif\" class=\"a-lazy-loaded\" data-src=\"https:\/\/m.media-amazon.com\/images\/S\/aplus-media-library-service-media\/7ffc3dc5-10df-4072-8e3e-df9908623c90.__CR0,0,220,220_PT0_SX220_V1___.jpg\"><img decoding=\"async\" alt=\"3.5g package for 3-20 applications 3.5g package for 3-20 applications\" src=\"https:\/\/m.media-amazon.com\/images\/S\/aplus-media-library-service-media\/7ffc3dc5-10df-4072-8e3e-df9908623c90.__CR0,0,220,220_PT0_SX220_V1___.jpg\">  <\/p>\n<p>                                                    Pack de 3.5 g para 3-20 aplicaciones                                     <\/p>\n<p class=\"a-size-small\"> Suficiente para 3-20 aplicaciones aproximadamente (dependiendo del tama\u00f1o de la CPU o GPU, es decir, unas 3 aplicaciones para CPU de gran tama\u00f1o, como la TR4, y unas 20 para peque\u00f1as CPU como la LGA1151), el pack cl\u00e1sico de 3.5 g es id\u00f3neo para la mayor\u00eda de los usuarios que \u00fanicamente instalan disipadores de vez en cuando. <\/p>\n<p>                                                  <img decoding=\"async\" alt=\"banner\" src=\"https:\/\/images-na.ssl-images-amazon.com\/images\/G\/01\/x-locale\/common\/grey-pixel.gif\" class=\"a-lazy-loaded\" data-src=\"https:\/\/m.media-amazon.com\/images\/S\/aplus-media-library-service-media\/49698f5e-0e84-42d7-a684-b2bec0a698c1.__CR0,0,970,300_PT0_SX970_V1___.jpg\"><img decoding=\"async\" alt=\"banner\" src=\"https:\/\/m.media-amazon.com\/images\/S\/aplus-media-library-service-media\/49698f5e-0e84-42d7-a684-b2bec0a698c1.__CR0,0,970,300_PT0_SX970_V1___.jpg\">  <\/p>\n<h3> No conduce la electricidad, resistente a la corrosi\u00f3n <\/h3>\n<p> Mientras que algunas almohadillas y compuestos t\u00e9rmicos de alta calidad tienen riesgo de uso debido a su conductividad el\u00e9ctrica o propiedades corrosivas, no existe ning\u00fan riesgo de cortocircuito con el NT-H1 y su uso con cualquier tipo de CPU es totalmente seguro. <\/p>\n<p>                         Add To Basket  <\/p>\n<p>                         Add To Basket  <\/p>\n<p>                         Add To Basket  <\/p>\n<p>                         Add To Basket  <\/p>\n<p>                         Add To Basket  <\/p>\n<p>                         Add To Basket  <\/p>\n<p>                             Customer Reviews  <\/p>\n<p>                    4.7 out of 5 stars  30,971  <\/p>\n<p>                    4.7 out of 5 stars  2,828  <\/p>\n<p>                    4.8 out of 5 stars  3,984  <\/p>\n<p>                    4.7 out of 5 stars  10,591  <\/p>\n<p>                    4.7 out of 5 stars  2,383  <\/p>\n<p>                    4.6 out of 5 stars  4,879  <\/p>\n<p>                             Price  <\/p>\n<p>                                    \u20ac9.90\u20ac9.90                  \u20ac10.90\u20ac10.90                  \u20ac16.90\u20ac16.90                  \u20ac13.90\u20ac13.90                  \u20ac27.90\u20ac27.90                  \u20ac7.90\u20ac7.90        <\/p>\n<p>                             Descripci\u00f3n:<br \/>\n                                Famoso compuesto t\u00e9rmico de calidad superior                Famoso compuesto t\u00e9rmico de calidad superior                Famoso compuesto t\u00e9rmico de calidad superior                Compuesto t\u00e9rmico optimizado de segunda generaci\u00f3n                Compuesto t\u00e9rmico optimizado de segunda generaci\u00f3n                Toallitas limpiadoras para retirar la pasta t\u00e9rmica        <\/p>\n<p>                             Peso\/tama\u00f1o:<br \/>\n                                3.5g                3.5g                10g                3.5g                10g                15x12cm        <\/p>\n<p>                             Volumen:<br \/>\n                                1,4 ml                1,4 ml                4,0 ml                1,2 ml                3,6 ml                &#8211;  no data<\/p>\n<p>                             Densidad:<br \/>\n                                2,49 g\/cm\u00b3                2,49 g\/cm\u00b3                2,49 g\/cm\u00b3                2.81 g\/cm\u00b3                2.81 g\/cm\u00b3                &#8211;  no data<\/p>\n<p>                             Toallitas NA-CW1:<br \/>\n                                &#8211;  no data<br \/>\n                                                            Se incluyen 3 unidades                &#8211;  no data<br \/>\n                                                            Se incluyen 3 unidades                Se incluyen 10 unidades                Se incluyen 20 unidades        <\/p>\n<p>                             Esp\u00e1tula incluida:<br \/>\n                                X<br \/>\n                                              \u2713<br \/>\n                                                        X               X               X               X        <\/p>\n<p> Language                                            \u200f                                            :                                            \u200e                                            English   <br \/> Product Dimensions                                            \u200f                                            :                                            \u200e                                            13 x 8.5 x 1.6 cm; 4 g   <br \/> Manufacturer                                            \u200f                                            :                                            \u200e                                            Noctua   <br \/> ASIN                                            \u200f                                            :                                            \u200e                                            B0B1DMJQZ1   <br \/> Item model number                                            \u200f                                            :                                            \u200e                                            NT-H135g   <br \/> Country of origin                                            \u200f                                            :                                            \u200e                                            Taiwan   <br \/> Guaranteed software updates until                                            \u200f                                            :                                            \u200e                                            unknown   <br \/>  Customer reviews:                                                                                            4.7               4.7 out of 5 stars                                  (2,828)                                              var dpAcrHasRegisteredArcLinkClickAction;                    P.when(&#8216;A&#8217;, &#8216;ready&#8217;).execute(function(A) {                        if (dpAcrHasRegisteredArcLinkClickAction !== true) {                            dpAcrHasRegisteredArcLinkClickAction = true;                            A.declarative(                                &#8216;acrLink-click-metrics&#8217;, &#8216;click&#8217;,                                { \u00aballowLinkDefault\u00bb: true },                                function (event) {                                    if (window.ue) {                                        ue.count(\u00abacrLinkClickCount\u00bb, (ue.count(\u00abacrLinkClickCount\u00bb) || 0) + 1);                                    }                                }                            );                        }                    });                                             P.when(&#8216;A&#8217;, &#8216;cf&#8217;).execute(function(A) {                A.declarative(&#8216;acrStarsLink-click-metrics&#8217;, &#8216;click&#8217;, { \u00aballowLinkDefault\u00bb : true },  function(event){                    if(window.ue) {                        ue.count(\u00abacrStarsLinkWithPopoverClickCount\u00bb, (ue.count(\u00abacrStarsLinkWithPopoverClickCount\u00bb) || 0) + 1);                    }                });            });                          <\/p>\n<p>Famous premium thermal compound for optimal heat transfer between CPU or GPU and heatsink; over 150 awards and recommendations<br \/>SW Edition (Spatula and Wipes) with spatula for easy spread of paste and three NA-CW1 cleaning wipes (no more thermal paste cleaner required).<br \/>In liquid or air cooling systems (custom systems (DIY) or integral systems (AIO)) it can significantly reduce the temperature compared to the standard paste on AMD Ryzen and Intel Core CPUs, Nvidia GeForce GPUs, PS4\/PS5, Xbox, laptops, etc.<br \/>Superb Noctua quality combined with excellent long-term stability: up to 3 years recommended shelf life, up to 5 years recommended usage time on the CPU or GPU.<br \/>3.5g pack for 3-20 applications (depending on CPU size, e.g. 3 applications for TR4, 15 for AM4 or LGA1700, 20 for LGA1200)<\/p>\n\n","protected":false},"excerpt":{"rendered":"<p> Product Description El NT-H1 de Noctua es un famoso compuesto t\u00e9rmico h\u00edbrido que ha recibido<\/p>","protected":false},"featured_media":27451,"comment_status":"open","ping_status":"closed","template":"","meta":[],"product_brand":[],"product_cat":[67],"product_tag":[3466,2039,2547,903,2045,2034,964,2043,2038,4080,8061,2056,3586,2053,2035,2036,2033,2041,2048,2950],"class_list":{"0":"post-27450","1":"product","2":"type-product","3":"status-publish","4":"has-post-thumbnail","6":"product_cat-thermal-paste","7":"product_tag-3-5g","8":"product_tag-best-thermal-paste","9":"product_tag-cleaning","10":"product_tag-computers","11":"product_tag-cpu-cooling-paste","12":"product_tag-cpu-thermal-paste","13":"product_tag-edition","14":"product_tag-heat-sink-paste","15":"product_tag-high-performance-thermal-paste","16":"product_tag-noctua","17":"product_tag-nth1","18":"product_tag-paste","19":"product_tag-spatula","20":"product_tag-thermal","21":"product_tag-thermal-compound","22":"product_tag-thermal-grease","23":"product_tag-thermal-paste","24":"product_tag-thermal-paste-for-gaming-pc","25":"product_tag-thermal-paste-price","26":"product_tag-wipes","28":"first","29":"instock","30":"shipping-taxable","31":"product-type-external"},"_links":{"self":[{"href":"https:\/\/comprasyconsejos.store\/en\/wp-json\/wp\/v2\/product\/27450","targetHints":{"allow":["GET"]}}],"collection":[{"href":"https:\/\/comprasyconsejos.store\/en\/wp-json\/wp\/v2\/product"}],"about":[{"href":"https:\/\/comprasyconsejos.store\/en\/wp-json\/wp\/v2\/types\/product"}],"replies":[{"embeddable":true,"href":"https:\/\/comprasyconsejos.store\/en\/wp-json\/wp\/v2\/comments?post=27450"}],"version-history":[{"count":0,"href":"https:\/\/comprasyconsejos.store\/en\/wp-json\/wp\/v2\/product\/27450\/revisions"}],"wp:featuredmedia":[{"embeddable":true,"href":"https:\/\/comprasyconsejos.store\/en\/wp-json\/wp\/v2\/media\/27451"}],"wp:attachment":[{"href":"https:\/\/comprasyconsejos.store\/en\/wp-json\/wp\/v2\/media?parent=27450"}],"wp:term":[{"taxonomy":"product_brand","embeddable":true,"href":"https:\/\/comprasyconsejos.store\/en\/wp-json\/wp\/v2\/product_brand?post=27450"},{"taxonomy":"product_cat","embeddable":true,"href":"https:\/\/comprasyconsejos.store\/en\/wp-json\/wp\/v2\/product_cat?post=27450"},{"taxonomy":"product_tag","embeddable":true,"href":"https:\/\/comprasyconsejos.store\/en\/wp-json\/wp\/v2\/product_tag?post=27450"}],"curies":[{"name":"wp","href":"https:\/\/api.w.org\/{rel}","templated":true}]}}