{"id":27455,"date":"2026-02-20T15:08:54","date_gmt":"2026-02-20T15:08:54","guid":{"rendered":"https:\/\/comprasyconsejos.store\/product\/lanberg-fan-120-mm-for-rack-19-230v-metal-grille-black\/"},"modified":"2026-02-20T15:08:54","modified_gmt":"2026-02-20T15:08:54","slug":"lanberg-fan-120-mm-for-rack-19-230v-metal-grille-black","status":"publish","type":"product","link":"https:\/\/comprasyconsejos.store\/en\/product\/lanberg-fan-120-mm-for-rack-19-230v-metal-grille-black\/","title":{"rendered":"LANBERG Fan 120 MM for Rack 19 230V Metal Grille Black"},"content":{"rendered":"<p>Price: <span style=\"color:#b12704\">\u20ac9.29<\/span><br \/><i><small>(as of Feb 20, 2026 15:08:54 UTC &#8211; <span class=\"wp_automatic_amazon_disclaimer\" title=\"Product prices and availability are accurate as of the date\/time indicated and are subject to change. Any price and availability information displayed on [relevant Amazon Site(s), as applicable] at the time of purchase will apply to the purchase of this product.\">Details<\/span>)<\/small><\/i><\/p>\n<p><a href=\"https:\/\/amazon.es\/dp\/B01GJZM66K?tag=man008-21\"><img decoding=\"async\" src=\"https:\/\/valvepress.s3.amazonaws.com\/imgs\/buy_now.png\"><\/a><br \/>\n<\/p>\n<p>                                             From the manufacturer   <\/p>\n<p>                                                                             <img decoding=\"async\" alt=\"LANBERG\" src=\"https:\/\/images-na.ssl-images-amazon.com\/images\/G\/01\/x-locale\/common\/grey-pixel.gif\" class=\"a-spacing-base a-lazy-loaded\" data-src=\"https:\/\/m.media-amazon.com\/images\/S\/aplus-media\/sota\/3f583f0d-d7b3-4235-ad61-ffa36e558903.__CR0,0,970,600_PT0_SX970_V1___.jpg\"><img decoding=\"async\" alt=\"LANBERG\" src=\"https:\/\/m.media-amazon.com\/images\/S\/aplus-media\/sota\/3f583f0d-d7b3-4235-ad61-ffa36e558903.__CR0,0,970,600_PT0_SX970_V1___.jpg\">                                         <\/p>\n<h3 class=\"a-spacing-mini\"> Lanberg &#8211; perif\u00e9ricos para el desarrollo de redes activas y pasivas <\/h3>\n<p class=\"a-spacing-base\"> Lanberg es, en particular, un productor experimentado y responsable de soluciones profesionales del segmento de redes. Una marca internacional, Lanberg, se enfoca, con gran atenci\u00f3n a los detalles, en la calidad y la flexibilidad, mientras crea nuevas soluciones de productos. Los productos que se introducen en el mercado son siempre una respuesta a una demanda real, del segmento de soluciones profesionales. <\/p>\n<p class=\"a-spacing-base\"> Actualmente, su oferta crea una soluci\u00f3n integral para usuarios del segmento profesional, instaladores de TI y salas de servidores dise\u00f1adas para SMB. Est\u00e1n constantemente ampliando su gama en el segmento SOHO, enriqueciendo la oferta con productos como: enrutadores, tarjetas de interfaz de red (NIC) y conmutadores. Adem\u00e1s de una amplia gama de gabinetes y chasis de servidor, Lanberg ofrece soluciones, como cableado estructurado, incluidos LAN y cables de conexi\u00f3n, as\u00ed como herramientas para construir infraestructuras de red LAN. Por \u00faltimo, pero no menos importante, tambi\u00e9n est\u00e1n especializados en la distribuci\u00f3n de cables y extensores de alimentaci\u00f3n, USB, VGA, DVI, HDMI, Jack, SCART, DisplayPort, ATA, SATA, as\u00ed como varios tipos de adaptadores. <\/p>\n<p>                                                  <img decoding=\"async\" alt=\"lanberg\" src=\"https:\/\/images-na.ssl-images-amazon.com\/images\/G\/01\/x-locale\/common\/grey-pixel.gif\" class=\"a-lazy-loaded\" data-src=\"https:\/\/m.media-amazon.com\/images\/S\/aplus-media\/sota\/3253bbab-4684-4f2d-827b-b75e84d64341.__CR0,0,970,300_PT0_SX970_V1___.jpg\"><img decoding=\"async\" alt=\"lanberg\" src=\"https:\/\/m.media-amazon.com\/images\/S\/aplus-media\/sota\/3253bbab-4684-4f2d-827b-b75e84d64341.__CR0,0,970,300_PT0_SX970_V1___.jpg\">  <\/p>\n<p> Los productos de la marca Lanberg han demostrado su val\u00eda en centros de datos, vigilancia, sistemas de alarma, as\u00ed como telecomunicaciones, redes de acceso y cientos de oficinas y salas de servidores privadas o corporativas. <\/p>\n<h3 class=\"a-spacing-small\"> CATEGORIAS <\/h3>\n<p class=\"apm-text-center\">\n                                                      <img decoding=\"async\" alt=\"Lanberg\" src=\"https:\/\/images-na.ssl-images-amazon.com\/images\/G\/01\/x-locale\/common\/grey-pixel.gif\" class=\"a-lazy-loaded\" data-src=\"https:\/\/m.media-amazon.com\/images\/S\/aplus-media\/sota\/d78b7456-bb7e-4838-be92-31e65a8b38aa.__CR0,0,220,220_PT0_SX220_V1___.jpg\"><img decoding=\"async\" alt=\"Lanberg\" src=\"https:\/\/m.media-amazon.com\/images\/S\/aplus-media\/sota\/d78b7456-bb7e-4838-be92-31e65a8b38aa.__CR0,0,220,220_PT0_SX220_V1___.jpg\">  <\/p>\n<p>                                                    GABINETES RACK DE 19 \u00bb Y CHASIS DE SERVIDOR                                    <\/p>\n<p class=\"apm-text-center\">\n                                                      <img decoding=\"async\" alt=\"Lanberg\" src=\"https:\/\/images-na.ssl-images-amazon.com\/images\/G\/01\/x-locale\/common\/grey-pixel.gif\" class=\"a-lazy-loaded\" data-src=\"https:\/\/m.media-amazon.com\/images\/S\/aplus-media\/sota\/c0e41c37-93ae-4297-8dd5-091d5663a985.__CR0,0,220,220_PT0_SX220_V1___.jpg\"><img decoding=\"async\" alt=\"Lanberg\" src=\"https:\/\/m.media-amazon.com\/images\/S\/aplus-media\/sota\/c0e41c37-93ae-4297-8dd5-091d5663a985.__CR0,0,220,220_PT0_SX220_V1___.jpg\">  <\/p>\n<p>                                                    ACCESORIOS PARA ARMARIOS RACK DE 19 \u00bb                                    <\/p>\n<p class=\"apm-text-center\">\n                                                      <img decoding=\"async\" alt=\"Lanberg\" src=\"https:\/\/images-na.ssl-images-amazon.com\/images\/G\/01\/x-locale\/common\/grey-pixel.gif\" class=\"a-lazy-loaded\" data-src=\"https:\/\/m.media-amazon.com\/images\/S\/aplus-media\/sota\/f5221a2c-6af8-4128-b428-f74ecdaaf63b.__CR0,0,220,220_PT0_SX220_V1___.jpg\"><img decoding=\"async\" alt=\"Lanberg\" src=\"https:\/\/m.media-amazon.com\/images\/S\/aplus-media\/sota\/f5221a2c-6af8-4128-b428-f74ecdaaf63b.__CR0,0,220,220_PT0_SX220_V1___.jpg\">  <\/p>\n<p>                                                    REDES INFORM\u00c1TICAS ACTIVAS                                    <\/p>\n<p class=\"apm-text-center\">\n                                                      <img decoding=\"async\" alt=\"Lanberg\" src=\"https:\/\/images-na.ssl-images-amazon.com\/images\/G\/01\/x-locale\/common\/grey-pixel.gif\" class=\"a-lazy-loaded\" data-src=\"https:\/\/m.media-amazon.com\/images\/S\/aplus-media\/sota\/b5caf70c-20f6-4e8b-a4e9-81fbe0b7a17f.__CR0,0,220,220_PT0_SX220_V1___.jpg\"><img decoding=\"async\" alt=\"Lanberg\" src=\"https:\/\/m.media-amazon.com\/images\/S\/aplus-media\/sota\/b5caf70c-20f6-4e8b-a4e9-81fbe0b7a17f.__CR0,0,220,220_PT0_SX220_V1___.jpg\">  <\/p>\n<p>                                                    ADAPTADORES, TARJETAS DE EXTENSI\u00d3N Y RANURAS PARA PC                                    <\/p>\n<p class=\"apm-text-center\">\n                                                      <img decoding=\"async\" alt=\"Lanberg\" src=\"https:\/\/images-na.ssl-images-amazon.com\/images\/G\/01\/x-locale\/common\/grey-pixel.gif\" class=\"a-lazy-loaded\" data-src=\"https:\/\/m.media-amazon.com\/images\/S\/aplus-media\/sota\/4f4068d8-e5d4-4128-a12e-289a8304f6c6.__CR0,0,220,220_PT0_SX220_V1___.jpg\"><img decoding=\"async\" alt=\"Lanberg\" src=\"https:\/\/m.media-amazon.com\/images\/S\/aplus-media\/sota\/4f4068d8-e5d4-4128-a12e-289a8304f6c6.__CR0,0,220,220_PT0_SX220_V1___.jpg\">  <\/p>\n<p>                                                    LATIGUILLOS DE FIBRA \u00d3PTICA, ADAPTADORES Y PIGTAILS                                    <\/p>\n<p class=\"apm-text-center\">\n                                                      <img decoding=\"async\" alt=\"Lanberg\" src=\"https:\/\/images-na.ssl-images-amazon.com\/images\/G\/01\/x-locale\/common\/grey-pixel.gif\" class=\"a-lazy-loaded\" data-src=\"https:\/\/m.media-amazon.com\/images\/S\/aplus-media\/sota\/09e89b8a-e7ec-4c18-b296-41f787f2286b.__CR0,0,220,220_PT0_SX220_V1___.jpg\"><img decoding=\"async\" alt=\"Lanberg\" src=\"https:\/\/m.media-amazon.com\/images\/S\/aplus-media\/sota\/09e89b8a-e7ec-4c18-b296-41f787f2286b.__CR0,0,220,220_PT0_SX220_V1___.jpg\">  <\/p>\n<p>                                                    PARA EL HOGAR                                    <\/p>\n<p class=\"apm-text-center\">\n                                                      <img decoding=\"async\" alt=\"Lanberg\" src=\"https:\/\/images-na.ssl-images-amazon.com\/images\/G\/01\/x-locale\/common\/grey-pixel.gif\" class=\"a-lazy-loaded\" data-src=\"https:\/\/m.media-amazon.com\/images\/S\/aplus-media\/sota\/a00dfc2c-c6ad-4e07-a59a-ef9ea12ffdcd.__CR0,0,220,220_PT0_SX220_V1___.jpg\"><img decoding=\"async\" alt=\"Lanberg\" src=\"https:\/\/m.media-amazon.com\/images\/S\/aplus-media\/sota\/a00dfc2c-c6ad-4e07-a59a-ef9ea12ffdcd.__CR0,0,220,220_PT0_SX220_V1___.jpg\">  <\/p>\n<p>                                                    CABLES LAN Y LATIGUILLOS                                    <\/p>\n<p class=\"apm-text-center\">\n                                                      <img decoding=\"async\" alt=\"Lanberg\" src=\"https:\/\/images-na.ssl-images-amazon.com\/images\/G\/01\/x-locale\/common\/grey-pixel.gif\" class=\"a-lazy-loaded\" data-src=\"https:\/\/m.media-amazon.com\/images\/S\/aplus-media\/sota\/9b8e7151-7ea4-4a56-a774-32e31993de4f.__CR0,0,220,220_PT0_SX220_V1___.jpg\"><img decoding=\"async\" alt=\"Lanberg\" src=\"https:\/\/m.media-amazon.com\/images\/S\/aplus-media\/sota\/9b8e7151-7ea4-4a56-a774-32e31993de4f.__CR0,0,220,220_PT0_SX220_V1___.jpg\">  <\/p>\n<p>                                                    CAJA DE HERRAMIENTAS DE RED                                    <\/p>\n<p class=\"apm-text-center\">\n                                                      <img decoding=\"async\" alt=\"Lanberg\" src=\"https:\/\/images-na.ssl-images-amazon.com\/images\/G\/01\/x-locale\/common\/grey-pixel.gif\" class=\"a-lazy-loaded\" data-src=\"https:\/\/m.media-amazon.com\/images\/S\/aplus-media\/sota\/d396d689-3c93-4d89-a684-3044ab94142e.__CR0,0,220,220_PT0_SX220_V1___.jpg\"><img decoding=\"async\" alt=\"Lanberg\" src=\"https:\/\/m.media-amazon.com\/images\/S\/aplus-media\/sota\/d396d689-3c93-4d89-a684-3044ab94142e.__CR0,0,220,220_PT0_SX220_V1___.jpg\">  <\/p>\n<p>                                                    ORGANIZADORES Y ACCESORIOS                                    <\/p>\n<p class=\"apm-text-center\">\n                                                      <img decoding=\"async\" alt=\"Lanberg\" src=\"https:\/\/images-na.ssl-images-amazon.com\/images\/G\/01\/x-locale\/common\/grey-pixel.gif\" class=\"a-lazy-loaded\" data-src=\"https:\/\/m.media-amazon.com\/images\/S\/aplus-media\/sota\/79322be5-af5a-431e-be31-744992ae9421.__CR0,0,220,220_PT0_SX220_V1___.jpg\"><img decoding=\"async\" alt=\"Lanberg\" src=\"https:\/\/m.media-amazon.com\/images\/S\/aplus-media\/sota\/79322be5-af5a-431e-be31-744992ae9421.__CR0,0,220,220_PT0_SX220_V1___.jpg\">  <\/p>\n<p>                                                    PANELES DE CONEXI\u00d3N Y KEYSTONES                                    <\/p>\n<p class=\"apm-text-center\">\n                                                      <img decoding=\"async\" alt=\"Lanberg\" src=\"https:\/\/images-na.ssl-images-amazon.com\/images\/G\/01\/x-locale\/common\/grey-pixel.gif\" class=\"a-lazy-loaded\" data-src=\"https:\/\/m.media-amazon.com\/images\/S\/aplus-media\/sota\/7364292b-dc12-4afb-988d-503a6c363ae6.__CR0,0,220,220_PT0_SX220_V1___.jpg\"><img decoding=\"async\" alt=\"Lanberg\" src=\"https:\/\/m.media-amazon.com\/images\/S\/aplus-media\/sota\/7364292b-dc12-4afb-988d-503a6c363ae6.__CR0,0,220,220_PT0_SX220_V1___.jpg\">  <\/p>\n<p>                                                    CABLES PERIF\u00c9RICOS Y DE ALIMENTACI\u00d3N                                    <\/p>\n<p class=\"apm-text-center\">\n                                                      <img decoding=\"async\" alt=\"Lanberg\" src=\"https:\/\/images-na.ssl-images-amazon.com\/images\/G\/01\/x-locale\/common\/grey-pixel.gif\" class=\"a-lazy-loaded\" data-src=\"https:\/\/m.media-amazon.com\/images\/S\/aplus-media\/sota\/00067631-e6ad-44b7-b54a-89f0a45328ef.__CR0,0,220,220_PT0_SX220_V1___.jpg\"><img decoding=\"async\" alt=\"Lanberg\" src=\"https:\/\/m.media-amazon.com\/images\/S\/aplus-media\/sota\/00067631-e6ad-44b7-b54a-89f0a45328ef.__CR0,0,220,220_PT0_SX220_V1___.jpg\">  <\/p>\n<p>                                                    MULTIPLES Y CABLES DE EXTENSI\u00d3N                                    <\/p>\n<p> Batteries                                            \u200f                                            :                                            \u200e                                            1 AAAA batteries required. (included)   <br \/> Product Dimensions                                            \u200f                                            :                                            \u200e                                            3.8 x 12 x 12 cm; 480 g   <br \/> Manufacturer                                            \u200f                                            :                                            \u200e                                            Lanberg   <br \/> ASIN                                            \u200f                                            :                                            \u200e                                            B01GJZM66K   <br \/> Item model number                                            \u200f                                            :                                            \u200e                                            AK-1501-B   <br \/> Country of origin                                            \u200f                                            :                                            \u200e                                            China   <br \/> Guaranteed software updates until                                            \u200f                                            :                                            \u200e                                            unknown   <br \/>  Customer reviews:                                                                                            4.6               4.6 out of 5 stars                                  (28)                                              var dpAcrHasRegisteredArcLinkClickAction;                    P.when(&#8216;A&#8217;, &#8216;ready&#8217;).execute(function(A) {                        if (dpAcrHasRegisteredArcLinkClickAction !== true) {                            dpAcrHasRegisteredArcLinkClickAction = true;                            A.declarative(                                &#8216;acrLink-click-metrics&#8217;, &#8216;click&#8217;,                                { \u00aballowLinkDefault\u00bb: true },                                function (event) {                                    if (window.ue) {                                        ue.count(\u00abacrLinkClickCount\u00bb, (ue.count(\u00abacrLinkClickCount\u00bb) || 0) + 1);                                    }                                }                            );                        }                    });                                             P.when(&#8216;A&#8217;, &#8216;cf&#8217;).execute(function(A) {                A.declarative(&#8216;acrStarsLink-click-metrics&#8217;, &#8216;click&#8217;, { \u00aballowLinkDefault\u00bb : true },  function(event){                    if(window.ue) {                        ue.count(\u00abacrStarsLinkWithPopoverClickCount\u00bb, (ue.count(\u00abacrStarsLinkWithPopoverClickCount\u00bb) || 0) + 1);                    }                });            });                          <\/p>\n<p>Rack Fan<br \/>Colour: black<br \/>Input voltage: 230V<br \/>Easy to install<\/p>\n\n","protected":false},"excerpt":{"rendered":"<p> From the manufacturer Lanberg &#8211; perif\u00e9ricos para el desarrollo de redes activas y pasivas Lanberg<\/p>","protected":false},"featured_media":27456,"comment_status":"open","ping_status":"closed","template":"","meta":[],"product_brand":[],"product_cat":[65],"product_tag":[2003,2005,6075,2013,307,1998,2015,2009,910,3929,2011,8062,2343,2000,2007,2732,2001],"class_list":{"0":"post-27455","1":"product","2":"type-product","3":"status-publish","4":"has-post-thumbnail","6":"product_cat-case-fan","7":"product_tag-120mm-case-fan","8":"product_tag-140mm-case-fan","9":"product_tag-230v","10":"product_tag-best-case-fan","11":"product_tag-black","12":"product_tag-case-fan","13":"product_tag-computer-cooling-fan","14":"product_tag-cooling-fan-for-pc","15":"product_tag-fan","16":"product_tag-grille","17":"product_tag-high-airflow-case-fan","18":"product_tag-lanberg","19":"product_tag-metal","20":"product_tag-pc-case-fan","21":"product_tag-quiet-case-fan","22":"product_tag-rack","23":"product_tag-rgb-case-fan","25":"first","26":"instock","27":"shipping-taxable","28":"product-type-external"},"_links":{"self":[{"href":"https:\/\/comprasyconsejos.store\/en\/wp-json\/wp\/v2\/product\/27455","targetHints":{"allow":["GET"]}}],"collection":[{"href":"https:\/\/comprasyconsejos.store\/en\/wp-json\/wp\/v2\/product"}],"about":[{"href":"https:\/\/comprasyconsejos.store\/en\/wp-json\/wp\/v2\/types\/product"}],"replies":[{"embeddable":true,"href":"https:\/\/comprasyconsejos.store\/en\/wp-json\/wp\/v2\/comments?post=27455"}],"version-history":[{"count":0,"href":"https:\/\/comprasyconsejos.store\/en\/wp-json\/wp\/v2\/product\/27455\/revisions"}],"wp:featuredmedia":[{"embeddable":true,"href":"https:\/\/comprasyconsejos.store\/en\/wp-json\/wp\/v2\/media\/27456"}],"wp:attachment":[{"href":"https:\/\/comprasyconsejos.store\/en\/wp-json\/wp\/v2\/media?parent=27455"}],"wp:term":[{"taxonomy":"product_brand","embeddable":true,"href":"https:\/\/comprasyconsejos.store\/en\/wp-json\/wp\/v2\/product_brand?post=27455"},{"taxonomy":"product_cat","embeddable":true,"href":"https:\/\/comprasyconsejos.store\/en\/wp-json\/wp\/v2\/product_cat?post=27455"},{"taxonomy":"product_tag","embeddable":true,"href":"https:\/\/comprasyconsejos.store\/en\/wp-json\/wp\/v2\/product_tag?post=27455"}],"curies":[{"name":"wp","href":"https:\/\/api.w.org\/{rel}","templated":true}]}}