{"id":27491,"date":"2026-02-20T15:57:18","date_gmt":"2026-02-20T15:57:18","guid":{"rendered":"https:\/\/comprasyconsejos.store\/product\/gigabyte-g25f2-gaming-monitor-24-5-fhd-1920x1080-200hz-1ms-300cd-m%c2%b2-displayhdr-10-hdmi-2-0-displayport-1-4\/"},"modified":"2026-02-20T15:57:23","modified_gmt":"2026-02-20T15:57:23","slug":"gigabyte-g25f2-gaming-monitor-24-5-fhd-1920x1080-200hz-1ms-300cd-m%c2%b2-displayhdr-10-hdmi-2-0-displayport-1-4","status":"publish","type":"product","link":"https:\/\/comprasyconsejos.store\/en\/product\/gigabyte-g25f2-gaming-monitor-24-5-fhd-1920x1080-200hz-1ms-300cd-m%c2%b2-displayhdr-10-hdmi-2-0-displayport-1-4\/","title":{"rendered":"GIGABYTE G25F2 Gaming Monitor 24.5&#8243; FHD &#8211; 1920&#215;1080, 200Hz, 1ms, 300CD\/m\u00b2, DisplayHDR 10, HDMI 2.0, DisplayPort 1.4"},"content":{"rendered":"<p>Price: <span style=\"color:#b12704\"><del>\u20ac129.00<\/del> - \u20ac99.99<\/span><br \/><i><small>(as of Feb 20, 2026 15:57:18 UTC &#8211; <span class=\"wp_automatic_amazon_disclaimer\" title=\"Product prices and availability are accurate as of the date\/time indicated and are subject to change. Any price and availability information displayed on [relevant Amazon Site(s), as applicable] at the time of purchase will apply to the purchase of this product.\">Details<\/span>)<\/small><\/i><\/p>\n<p><a href=\"https:\/\/amazon.es\/dp\/B0F4ZSDLC6?tag=man008-21\"><img decoding=\"async\" src=\"https:\/\/valvepress.s3.amazonaws.com\/imgs\/buy_now.png\"><\/a><br \/>\n<\/p>\n<p>                                             From the manufacturer   <\/p>\n<p>                                                  <img decoding=\"async\" alt=\"Image\" src=\"https:\/\/images-na.ssl-images-amazon.com\/images\/G\/01\/x-locale\/common\/grey-pixel.gif\" class=\"a-lazy-loaded\" data-src=\"https:\/\/m.media-amazon.com\/images\/S\/aplus-media-library-service-media\/7014dc03-0099-4d52-8121-418288652778.__CR2,0,1196,370_PT0_SX970_V1___.jpeg\"><img decoding=\"async\" alt=\"Image\" src=\"https:\/\/m.media-amazon.com\/images\/S\/aplus-media-library-service-media\/7014dc03-0099-4d52-8121-418288652778.__CR2,0,1196,370_PT0_SX970_V1___.jpeg\">  <\/p>\n<p>                                                  <img decoding=\"async\" alt=\"G25F2\" src=\"https:\/\/images-na.ssl-images-amazon.com\/images\/G\/01\/x-locale\/common\/grey-pixel.gif\" class=\"a-lazy-loaded\" data-src=\"https:\/\/m.media-amazon.com\/images\/S\/aplus-media-library-service-media\/daeb01d3-507a-49eb-a9f8-e44cdcc38b00.__CR0,0,1200,1200_PT0_SX300_V1___.png\"><img decoding=\"async\" alt=\"G25F2\" src=\"https:\/\/m.media-amazon.com\/images\/S\/aplus-media-library-service-media\/daeb01d3-507a-49eb-a9f8-e44cdcc38b00.__CR0,0,1200,1200_PT0_SX300_V1___.png\">  <\/p>\n<h3 class=\"a-spacing-mini\"> G25F2 <\/h3>\n<p> Con la pantalla FHD, una tasa de refresco de 200Hz y un tiempo de respuesta de 1ms, el GIGABYTE G25F2 te sumerge en los detalles del juego. Con un 120% de color sRGB, una profundidad de color de 8 bits, AMD FreeSync Premium y tecnolog\u00eda Eyesafe 2.0, ofrece una experiencia de visualizaci\u00f3n sin parpadeos sin forzar la vista, y ofrece una combinaci\u00f3n atractiva de calidad y asequibilidad. <\/p>\n<p class=\"apm-text-center\">\n                                                      <img decoding=\"async\" alt=\"FHD con 200Hz\" src=\"https:\/\/images-na.ssl-images-amazon.com\/images\/G\/01\/x-locale\/common\/grey-pixel.gif\" class=\"a-spacing-mini a-lazy-loaded\" data-src=\"https:\/\/m.media-amazon.com\/images\/S\/aplus-media-library-service-media\/1d88ddc1-fceb-44a6-a9f9-5e6e723f4967.__CR0,0,1200,1200_PT0_SX300_V1___.jpeg\"><img decoding=\"async\" alt=\"FHD con 200Hz\" src=\"https:\/\/m.media-amazon.com\/images\/S\/aplus-media-library-service-media\/1d88ddc1-fceb-44a6-a9f9-5e6e723f4967.__CR0,0,1200,1200_PT0_SX300_V1___.jpeg\">  <\/p>\n<p>                                                    FHD con 200Hz                                       <\/p>\n<p> El G25F2 ofrece una frecuencia de actualizaci\u00f3n ultrarr\u00e1pida de 200Hz, resoluci\u00f3n FHD y tecnolog\u00eda AMD FreeSync Premium, brind\u00e1ndote una jugabilidad suave como la mantequilla. Cada cuadro se muestra a la perfecci\u00f3n. Ya no tienes que soportar el desgarro de pantalla y el parpadeo: el G25F2 se encarga de eso. <\/p>\n<p class=\"apm-text-center\">\n                                                      <img decoding=\"async\" alt=\"Tiempo de Respuesta de 1 ms\" src=\"https:\/\/images-na.ssl-images-amazon.com\/images\/G\/01\/x-locale\/common\/grey-pixel.gif\" class=\"a-spacing-mini a-lazy-loaded\" data-src=\"https:\/\/m.media-amazon.com\/images\/S\/aplus-media-library-service-media\/5621ef61-a36f-4b98-abb6-f919c8d05c6d.__CR0,0,1200,1200_PT0_SX300_V1___.jpeg\"><img decoding=\"async\" alt=\"Tiempo de Respuesta de 1 ms\" src=\"https:\/\/m.media-amazon.com\/images\/S\/aplus-media-library-service-media\/5621ef61-a36f-4b98-abb6-f919c8d05c6d.__CR0,0,1200,1200_PT0_SX300_V1___.jpeg\">  <\/p>\n<p>                                                    Tiempo de Respuesta de 1 ms                                       <\/p>\n<p> Mant\u00e9n la clave de la victoria con el tiempo de respuesta ultra bajo de 1 ms del G25F2. El tiempo de respuesta r\u00e1pido ofrece im\u00e1genes precisas y sin borrosidad, evitando el retraso, y te pondr\u00e1 por delante de tu. Cada milisegundo cuenta en una feroz batalla <\/p>\n<p class=\"apm-text-center\">\n                                                      <img decoding=\"async\" alt=\"Amplia Gama de Colores\" src=\"https:\/\/images-na.ssl-images-amazon.com\/images\/G\/01\/x-locale\/common\/grey-pixel.gif\" class=\"a-spacing-mini a-lazy-loaded\" data-src=\"https:\/\/m.media-amazon.com\/images\/S\/aplus-media-library-service-media\/599bef1f-ec22-4f1e-906b-0489ca901520.__CR0,0,1200,1200_PT0_SX300_V1___.jpeg\"><img decoding=\"async\" alt=\"Amplia Gama de Colores\" src=\"https:\/\/m.media-amazon.com\/images\/S\/aplus-media-library-service-media\/599bef1f-ec22-4f1e-906b-0489ca901520.__CR0,0,1200,1200_PT0_SX300_V1___.jpeg\">  <\/p>\n<p>                                                    Amplia Gama de Colores                                       <\/p>\n<p> El monitor G25F2 cuenta con una vibrante pantalla de colores con una relaci\u00f3n de contraste de 1000:1, que soporta un 120% de la gama de colores sRGB y una profundidad de color de 8 bits. Combinado con tecnolog\u00eda lista para HDR <\/p>\n<p class=\"apm-text-center\">\n                                                      <img decoding=\"async\" alt=\"Personalizado para un Comodidad \u00d3ptima\" src=\"https:\/\/images-na.ssl-images-amazon.com\/images\/G\/01\/x-locale\/common\/grey-pixel.gif\" class=\"a-spacing-mini a-lazy-loaded\" data-src=\"https:\/\/m.media-amazon.com\/images\/S\/aplus-media-library-service-media\/d7518af4-261d-4471-aad2-37502c9c4731.__CR0,0,1200,1200_PT0_SX300_V1___.jpeg\"><img decoding=\"async\" alt=\"Personalizado para un Comodidad \u00d3ptima\" src=\"https:\/\/m.media-amazon.com\/images\/S\/aplus-media-library-service-media\/d7518af4-261d-4471-aad2-37502c9c4731.__CR0,0,1200,1200_PT0_SX300_V1___.jpeg\">  <\/p>\n<p>                                                    Personalizado para un Comodidad \u00d3ptima                                       <\/p>\n<p> Dise\u00f1amos productos con la comodidad y experiencia de los clientes como prioridad. Nuestros monitores cuentan con ajustes de inclinaci\u00f3n flexibles, lo que te permite encontrar el \u00e1ngulo de visi\u00f3n perfecto mientras reduces la tensi\u00f3n en tu cuello y hombros para una experiencia m\u00e1s c\u00f3moda e inmersiva. <\/p>\n<p class=\"apm-text-center\">\n                                                      <img decoding=\"async\" alt=\"Protege tus ojos\" src=\"https:\/\/images-na.ssl-images-amazon.com\/images\/G\/01\/x-locale\/common\/grey-pixel.gif\" class=\"a-spacing-mini a-lazy-loaded\" data-src=\"https:\/\/m.media-amazon.com\/images\/S\/aplus-media-library-service-media\/eba24877-88b4-4637-8f11-d5486faa8c51.__CR0,0,1200,1200_PT0_SX300_V1___.jpeg\"><img decoding=\"async\" alt=\"Protege tus ojos\" src=\"https:\/\/m.media-amazon.com\/images\/S\/aplus-media-library-service-media\/eba24877-88b4-4637-8f11-d5486faa8c51.__CR0,0,1200,1200_PT0_SX300_V1___.jpeg\">  <\/p>\n<p>                                                    Protege tus ojos                                       <\/p>\n<p> El G25F2 est\u00e1 equipado con la tecnolog\u00eda Eyesafe 2.0, que minimiza la luz azul de alta energ\u00eda mientras preserva un rendimiento de color vibrante. Esta tecnolog\u00eda avanzada ayuda a reducir la tensi\u00f3n ocular y la fatiga, asegurando una experiencia de visualizaci\u00f3n m\u00e1s c\u00f3moda sin comprometer la precisi\u00f3n del color, lo que te permite sumergirte en el juego con protecci\u00f3n ocular. <\/p>\n<p class=\"apm-text-center\">\n                                                      <img decoding=\"async\" alt=\"Mejora tu experiencia de juego\" src=\"https:\/\/images-na.ssl-images-amazon.com\/images\/G\/01\/x-locale\/common\/grey-pixel.gif\" class=\"a-spacing-mini a-lazy-loaded\" data-src=\"https:\/\/m.media-amazon.com\/images\/S\/aplus-media-library-service-media\/b97157b3-d4c5-4585-a82e-d81c97bf0d11.__CR0,0,1200,1200_PT0_SX300_V1___.jpeg\"><img decoding=\"async\" alt=\"Mejora tu experiencia de juego\" src=\"https:\/\/m.media-amazon.com\/images\/S\/aplus-media-library-service-media\/b97157b3-d4c5-4585-a82e-d81c97bf0d11.__CR0,0,1200,1200_PT0_SX300_V1___.jpeg\">  <\/p>\n<p>                                                    Mejora tu experiencia de juego                                       <\/p>\n<p> Desata todo tu potencial de juego con funciones esenciales como Black Equalizer para una visibilidad mejorada en escenas oscuras, Game Assist para una punter\u00eda precisa, OSD Sidekick para ajustes de control sin esfuerzo, y as\u00ed sucesivamente. Conquista los juegos con las caracter\u00edsticas del monitor gaming de GIGABYTE. <\/p>\n<p> Product Dimensions                                            \u200f                                            :                                            \u200e                                            18.75 x 55.69 x 49.83 cm; 4.34 kg   <br \/> Manufacturer                                            \u200f                                            :                                            \u200e                                            Gigabyte   <br \/> ASIN                                            \u200f                                            :                                            \u200e                                            B0F4ZSDLC6   <br \/> Item model number                                            \u200f                                            :                                            \u200e                                            G25F2 EK   <br \/> Guaranteed software updates until                                            \u200f                                            :                                            \u200e                                            unknown   <br \/>  Customer reviews:                                                                                            4.6               4.6 out of 5 stars                                  (28)                                              var dpAcrHasRegisteredArcLinkClickAction;                    P.when(&#8216;A&#8217;, &#8216;ready&#8217;).execute(function(A) {                        if (dpAcrHasRegisteredArcLinkClickAction !== true) {                            dpAcrHasRegisteredArcLinkClickAction = true;                            A.declarative(                                &#8216;acrLink-click-metrics&#8217;, &#8216;click&#8217;,                                { \u00aballowLinkDefault\u00bb: true },                                function (event) {                                    if (window.ue) {                                        ue.count(\u00abacrLinkClickCount\u00bb, (ue.count(\u00abacrLinkClickCount\u00bb) || 0) + 1);                                    }                                }                            );                        }                    });                                             P.when(&#8216;A&#8217;, &#8216;cf&#8217;).execute(function(A) {                A.declarative(&#8216;acrStarsLink-click-metrics&#8217;, &#8216;click&#8217;, { \u00aballowLinkDefault\u00bb : true },  function(event){                    if(window.ue) {                        ue.count(\u00abacrStarsLinkWithPopoverClickCount\u00bb, (ue.count(\u00abacrStarsLinkWithPopoverClickCount\u00bb) || 0) + 1);                    }                });            });                          <\/p>\n<p>24.5&#8243; SuperSpeed IPS Panel with FHD resolution<br \/>200Hz refresh rate, 1ms response time<br \/>Color Saturation: 120% sRGB<br \/>Ergonomic design: Tilt adjustments<br \/>Supports AMD FreeSync Premium, HDR Ready, Eyesafe 2.0<\/p>\n\n","protected":false},"excerpt":{"rendered":"<p> From the manufacturer G25F2 Con la pantalla FHD, una tasa de refresco de 200Hz y<\/p>","protected":false},"featured_media":27492,"comment_status":"open","ping_status":"closed","template":"","meta":[],"product_brand":[],"product_cat":[55],"product_tag":[1934,704,1918,1936,3639,1935,1939,7373,1802,1940,1784,3624,1099,639,8070,617,1933,1581,544,1937,844,1938],"class_list":{"0":"post-27491","1":"product","2":"type-product","3":"status-publish","4":"has-post-thumbnail","6":"product_cat-gaming-monitors","7":"product_tag-144hz-gaming-monitor","8":"product_tag-1920x1080","9":"product_tag-1ms","10":"product_tag-1ms-gaming-monitor","11":"product_tag-200hz","12":"product_tag-240hz-gaming-monitor","13":"product_tag-27-inch-gaming-monitor","14":"product_tag-300cdm","15":"product_tag-4k-gaming-monitor","16":"product_tag-best-gaming-monitor","17":"product_tag-curved-gaming-monitor","18":"product_tag-displayhdr","19":"product_tag-displayport","20":"product_tag-fhd","21":"product_tag-g25f2","22":"product_tag-gaming","23":"product_tag-gaming-monitor","24":"product_tag-gigabyte","25":"product_tag-hdmi","26":"product_tag-ips-gaming-monitor","27":"product_tag-monitor","28":"product_tag-rgb-gaming-monitor","30":"first","31":"instock","32":"sale","33":"shipping-taxable","34":"product-type-external"},"_links":{"self":[{"href":"https:\/\/comprasyconsejos.store\/en\/wp-json\/wp\/v2\/product\/27491","targetHints":{"allow":["GET"]}}],"collection":[{"href":"https:\/\/comprasyconsejos.store\/en\/wp-json\/wp\/v2\/product"}],"about":[{"href":"https:\/\/comprasyconsejos.store\/en\/wp-json\/wp\/v2\/types\/product"}],"replies":[{"embeddable":true,"href":"https:\/\/comprasyconsejos.store\/en\/wp-json\/wp\/v2\/comments?post=27491"}],"version-history":[{"count":0,"href":"https:\/\/comprasyconsejos.store\/en\/wp-json\/wp\/v2\/product\/27491\/revisions"}],"wp:featuredmedia":[{"embeddable":true,"href":"https:\/\/comprasyconsejos.store\/en\/wp-json\/wp\/v2\/media\/27492"}],"wp:attachment":[{"href":"https:\/\/comprasyconsejos.store\/en\/wp-json\/wp\/v2\/media?parent=27491"}],"wp:term":[{"taxonomy":"product_brand","embeddable":true,"href":"https:\/\/comprasyconsejos.store\/en\/wp-json\/wp\/v2\/product_brand?post=27491"},{"taxonomy":"product_cat","embeddable":true,"href":"https:\/\/comprasyconsejos.store\/en\/wp-json\/wp\/v2\/product_cat?post=27491"},{"taxonomy":"product_tag","embeddable":true,"href":"https:\/\/comprasyconsejos.store\/en\/wp-json\/wp\/v2\/product_tag?post=27491"}],"curies":[{"name":"wp","href":"https:\/\/api.w.org\/{rel}","templated":true}]}}