{"id":27504,"date":"2026-02-20T16:08:25","date_gmt":"2026-02-20T16:08:25","guid":{"rendered":"https:\/\/comprasyconsejos.store\/product\/msi-mpg-272urx-qd-oled-26-5-4k-uhd-gaming-monitor-oled-panel-3840-x-2160-quantum-dotel-gen3-240hz-0-03ms-99-dci-p3-%ce%b4e%e2%89%a42-displayhdr-true-black-400-kvm-dp-2-1a-hdmi-2-1\/"},"modified":"2026-02-20T16:08:31","modified_gmt":"2026-02-20T16:08:31","slug":"msi-mpg-272urx-qd-oled-26-5-4k-uhd-gaming-monitor-oled-panel-3840-x-2160-quantum-dotel-gen3-240hz-0-03ms-99-dci-p3-%ce%b4e%e2%89%a42-displayhdr-true-black-400-kvm-dp-2-1a-hdmi-2-1","status":"publish","type":"product","link":"https:\/\/comprasyconsejos.store\/en\/product\/msi-mpg-272urx-qd-oled-26-5-4k-uhd-gaming-monitor-oled-panel-3840-x-2160-quantum-dotel-gen3-240hz-0-03ms-99-dci-p3-%ce%b4e%e2%89%a42-displayhdr-true-black-400-kvm-dp-2-1a-hdmi-2-1\/","title":{"rendered":"MSI MPG 272URX QD-OLED 26.5&#8243; 4K UHD Gaming Monitor \u2013 OLED Panel 3840 x 2160 Quantum Dot,EL Gen3, 240Hz \/ 0.03ms, 99% DCI-P3, \u0394E\u22642, DisplayHDR True Black 400, KVM, DP 2.1a, HDMI 2.1, USB Type-C"},"content":{"rendered":"<p>Price: <span style=\"color:#b12704\"><del>\u20ac1,199.00<\/del> - \u20ac699.95<\/span><br \/><i><small>(as of Feb 20, 2026 16:08:25 UTC &#8211; <span class=\"wp_automatic_amazon_disclaimer\" title=\"Product prices and availability are accurate as of the date\/time indicated and are subject to change. Any price and availability information displayed on [relevant Amazon Site(s), as applicable] at the time of purchase will apply to the purchase of this product.\">Details<\/span>)<\/small><\/i><\/p>\n<p><a href=\"https:\/\/amazon.es\/dp\/B0DQCQN2XR?tag=man008-21\"><img decoding=\"async\" src=\"https:\/\/valvepress.s3.amazonaws.com\/imgs\/buy_now.png\"><\/a><br \/>\n<\/p>\n<p>                                             From the manufacturer   <\/p>\n<p>                                                  <img decoding=\"async\" alt=\"Colores m\u00e1s vivos, negros sublimes\" src=\"https:\/\/images-na.ssl-images-amazon.com\/images\/G\/01\/x-locale\/common\/grey-pixel.gif\" class=\"a-lazy-loaded\" data-src=\"https:\/\/m.media-amazon.com\/images\/S\/aplus-media\/vc\/bf733b85-3e15-44a1-ae83-19a6b0960ae6.__CR0,0,1940,600_PT0_SX970_V1___.jpg\"><img decoding=\"async\" alt=\"Colores m\u00e1s vivos, negros sublimes\" src=\"https:\/\/m.media-amazon.com\/images\/S\/aplus-media\/vc\/bf733b85-3e15-44a1-ae83-19a6b0960ae6.__CR0,0,1940,600_PT0_SX970_V1___.jpg\">  <\/p>\n<p>                                                      <img decoding=\"async\" alt=\"MPG 272URX QD-OLED\" src=\"https:\/\/images-na.ssl-images-amazon.com\/images\/G\/01\/x-locale\/common\/grey-pixel.gif\" class=\"a-spacing-mini a-lazy-loaded\" data-src=\"https:\/\/m.media-amazon.com\/images\/S\/aplus-media\/vc\/7cdcca05-b897-4c73-932e-60ff060b6017.__CR0,0,600,800_PT0_SX300_V1___.jpg\"><img decoding=\"async\" alt=\"MPG 272URX QD-OLED\" src=\"https:\/\/m.media-amazon.com\/images\/S\/aplus-media\/vc\/7cdcca05-b897-4c73-932e-60ff060b6017.__CR0,0,600,800_PT0_SX300_V1___.jpg\">  <\/p>\n<p>                                                              <img decoding=\"async\" alt=\"MSI: For Gamers &amp;amp; Creators\" src=\"https:\/\/images-na.ssl-images-amazon.com\/images\/G\/01\/x-locale\/common\/grey-pixel.gif\" class=\"a-spacing-mini a-lazy-loaded\" data-src=\"https:\/\/m.media-amazon.com\/images\/S\/aplus-media\/vc\/114fa35d-9063-4a70-a19b-1a84ab6eba49.__CR0,0,350,175_PT0_SX350_V1___.png\"><img decoding=\"async\" alt=\"MSI: For Gamers &amp;amp; Creators\" src=\"https:\/\/m.media-amazon.com\/images\/S\/aplus-media\/vc\/114fa35d-9063-4a70-a19b-1a84ab6eba49.__CR0,0,350,175_PT0_SX350_V1___.png\">                                          MSI: For Gamers &amp; Creators                                 <\/p>\n<p class=\"a-spacing-small a-size-small a-color-secondary\"> MSI es una de las marcas m\u00e1s reconocidas en el mundo del juego y los deportes electr\u00f3nicos. Hemos invertido innumerables horas y recursos para asistir a las mayores ligas de eSport y equipos de nivel 1. Al trabajar con los mejores, MSI puede combinar sus conocimientos de competici\u00f3n de juegos con sus aspiraciones para crear nuevos productos que puedan llevar el rendimiento a niveles nunca antes alcanzados. <\/p>\n<h3 class=\"a-spacing-mini\"> MPG 272URX QD-OLED <\/h3>\n<p>                                          Colores m\u00e1s vivos, negros sublimes                                     <\/p>\n<p class=\"a-spacing-base\"> Con un panel QD-OLED de 26.5 pulgadas UHD (3860 x 2160) con una frecuencia de actualizaci\u00f3n ultra alta de 240 Hz y un tiempo de respuesta ultra reducido de 0,03 ms, el MPG 272URX QD-OLED ofrece una ventaja competitiva y una calidad de imagen excepcional.  El MPG 272URX QD-OLED incorpora Quantum Dot, una amplia gama de colores (1,07 md de colores, 138,2% sRGB \/ 99% DCI-P3), contraste din\u00e1mico y brillo VESA DisplayHDR True Black 400, as\u00ed como un pie ajustable de 4 ejes. <\/p>\n<p>                                                          Losa QD-OLED 26.5&#8243; UHD (3840 x 2160)       Frecuencia de actualizaci\u00f3n ultra alta de 240 Hz, tiempo de respuesta ultra bajo de 0,03 ms (GtG)       1.07 mil millones de colores (10 bits) con una gama excepcional (DCI-P3 99%) y precisi\u00f3n (Delta E&lt;= 2)       Certificado VESA DisplayHDR True Black 400       OLED Care 2.0 y MSI Gaming Intelligence AI       Funci\u00f3n KVM con PiP\/PbP y Modo Consola       Pie de soporte ajustable de 4 ejes y Mystic Light       Puertos de visualizaci\u00f3n HDMI 2.1, DP 2.1a y USB Type-C      <\/p>\n<p class=\"apm-text-center\">\n                                                      <img decoding=\"async\" alt=\"Una impresionante losa QD-OLED\" src=\"https:\/\/images-na.ssl-images-amazon.com\/images\/G\/01\/x-locale\/common\/grey-pixel.gif\" class=\"a-lazy-loaded\" data-src=\"https:\/\/m.media-amazon.com\/images\/S\/aplus-media\/vc\/acb36dfa-105b-4539-8d9b-bd752e05769e.__CR0,0,2000,2000_PT0_SX220_V1___.jpg\"><img decoding=\"async\" alt=\"Una impresionante losa QD-OLED\" src=\"https:\/\/m.media-amazon.com\/images\/S\/aplus-media\/vc\/acb36dfa-105b-4539-8d9b-bd752e05769e.__CR0,0,2000,2000_PT0_SX220_V1___.jpg\">  <\/p>\n<p>                                                    Una impresionante losa QD-OLED                                     <\/p>\n<p class=\"a-size-small\"> La losa OLED Tandem de 5 capas con tecnolog\u00eda EL Gen 3 representa una innovaci\u00f3n revolucionaria en la visualizaci\u00f3n, ya que reduce el consumo de energ\u00eda y mantiene el pico de 1000 nits del HDR gracias a su estructura en t\u00e1ndem de 5 capas. Con la tecnolog\u00eda EL Gen 3, estos avances mejoran colectivamente la eficiencia luminosa hasta un 30%. El azulejo mantiene niveles de brillo constantes, incluso a una alta densidad de p\u00edxeles de 166 PPI, lo que garantiza un rendimiento fiable. <\/p>\n<p class=\"apm-text-center\">\n                                                      <img decoding=\"async\" alt=\"Frecuencia de actualizaci\u00f3n de 240 Hz y tiempo de respuesta de 0,03 ms (GtG)\" src=\"https:\/\/images-na.ssl-images-amazon.com\/images\/G\/01\/x-locale\/common\/grey-pixel.gif\" class=\"a-lazy-loaded\" data-src=\"https:\/\/m.media-amazon.com\/images\/S\/aplus-media\/vc\/d081ad5d-6fbd-4dd6-b304-9e36cace3ed3.__CR0,0,2000,2000_PT0_SX220_V1___.jpg\"><img decoding=\"async\" alt=\"Frecuencia de actualizaci\u00f3n de 240 Hz y tiempo de respuesta de 0,03 ms (GtG)\" src=\"https:\/\/m.media-amazon.com\/images\/S\/aplus-media\/vc\/d081ad5d-6fbd-4dd6-b304-9e36cace3ed3.__CR0,0,2000,2000_PT0_SX220_V1___.jpg\">  <\/p>\n<p>                                                    Frecuencia de actualizaci\u00f3n de 240 Hz y tiempo de respuesta de 0,03 ms (GtG)                                     <\/p>\n<p class=\"a-size-small\"> Experimente un desplazamiento y un seguimiento m\u00e1s fluidos con una frecuencia de actualizaci\u00f3n extremadamente alta de 240 Hz y libere todo el potencial de su tarjeta gr\u00e1fica. El tiempo de respuesta de 0,03 ms (GtG) reduce dr\u00e1sticamente el desenfoque en la pantalla y es esencial para los juegos que se desarrollan a un ritmo r\u00e1pido. <\/p>\n<p class=\"apm-text-center\">\n                                                      <img decoding=\"async\" alt=\"DisplayPort 2.1 (UHBR20)\" src=\"https:\/\/images-na.ssl-images-amazon.com\/images\/G\/01\/x-locale\/common\/grey-pixel.gif\" class=\"a-lazy-loaded\" data-src=\"https:\/\/m.media-amazon.com\/images\/S\/aplus-media\/vc\/58d07bae-2f85-408e-9543-e6fa7e5af19d.__CR0,0,2000,2000_PT0_SX220_V1___.jpg\"><img decoding=\"async\" alt=\"DisplayPort 2.1 (UHBR20)\" src=\"https:\/\/m.media-amazon.com\/images\/S\/aplus-media\/vc\/58d07bae-2f85-408e-9543-e6fa7e5af19d.__CR0,0,2000,2000_PT0_SX220_V1___.jpg\">  <\/p>\n<p>                                                    DisplayPort 2.1 (UHBR20)                                     <\/p>\n<p class=\"a-size-small\"> El DisplayPort 2.1a (UHBR20) ofrece una mayor estabilidad, calidad y compatibilidad con hardware del futuro, aumentando el ancho de banda de transmisi\u00f3n de un solo canal de 8,1 Gb\/s a 20 Gb\/s hasta un total de 80 Gb\/s, 2,5 veces m\u00e1s que con DisplayPort 1.4a. DisplayPort 2.1a (UHBR20) satisface las necesidades de alta frecuencia de actualizaci\u00f3n a altas resoluciones, admitiendo directamente 4K a 240Hz sin DSC y habilitando DSR y DLDSR. <\/p>\n<p class=\"apm-text-center\">\n                                                      <img decoding=\"async\" alt=\"Certificado VESA DisplayHDR True Black 400\" src=\"https:\/\/images-na.ssl-images-amazon.com\/images\/G\/01\/x-locale\/common\/grey-pixel.gif\" class=\"a-lazy-loaded\" data-src=\"https:\/\/m.media-amazon.com\/images\/S\/aplus-media\/vc\/7ac361f4-9a40-4283-848e-0505345ad691.__CR0,0,2000,2000_PT0_SX220_V1___.jpg\"><img decoding=\"async\" alt=\"Certificado VESA DisplayHDR True Black 400\" src=\"https:\/\/m.media-amazon.com\/images\/S\/aplus-media\/vc\/7ac361f4-9a40-4283-848e-0505345ad691.__CR0,0,2000,2000_PT0_SX220_V1___.jpg\">  <\/p>\n<p>                                                    Certificado VESA DisplayHDR True Black 400                                     <\/p>\n<p class=\"a-size-small\"> Las pantallas con certificaci\u00f3n VESA DisplayHDR True Black 400 ofrecen un rango de brillo cada vez mayor y detalles de alta calidad en zonas m\u00e1s oscuras. Disfruta de un contraste din\u00e1mico realista gracias al p\u00edxel dimming OLED que reproduce el funcionamiento del ojo humano en el mundo real: Brillo: 250 nits en general (1000 nits en el pico HDR) Relaci\u00f3n de contraste nativo: 1 500.000:1 <\/p>\n<p class=\"apm-text-center\">\n                                                      <img decoding=\"async\" alt=\"Pel\u00edcula exclusiva de grafeno y radiador\" src=\"https:\/\/images-na.ssl-images-amazon.com\/images\/G\/01\/x-locale\/common\/grey-pixel.gif\" class=\"a-lazy-loaded\" data-src=\"https:\/\/m.media-amazon.com\/images\/S\/aplus-media\/vc\/8b651048-2385-46a2-a277-c6f64e1a7073.__CR0,0,2000,2000_PT0_SX220_V1___.jpg\"><img decoding=\"async\" alt=\"Pel\u00edcula exclusiva de grafeno y radiador\" src=\"https:\/\/m.media-amazon.com\/images\/S\/aplus-media\/vc\/8b651048-2385-46a2-a277-c6f64e1a7073.__CR0,0,2000,2000_PT0_SX220_V1___.jpg\">  <\/p>\n<p>                                                    Pel\u00edcula exclusiva de grafeno y radiador                                     <\/p>\n<p class=\"a-size-small\"> Las nuevas losas QD-OLED cuentan con una pel\u00edcula de grafeno para una conductividad t\u00e9rmica excepcional. Gracias a los radiadores exclusivos, la pantalla funciona sin ventilador, lo que permite una disipaci\u00f3n eficiente del calor. <\/p>\n<p class=\"apm-text-center\">\n                                                      <img decoding=\"async\" alt=\"MSI OLED Care 2.0\" src=\"https:\/\/images-na.ssl-images-amazon.com\/images\/G\/01\/x-locale\/common\/grey-pixel.gif\" class=\"a-lazy-loaded\" data-src=\"https:\/\/m.media-amazon.com\/images\/S\/aplus-media\/vc\/3fad25f4-cd49-46be-acc1-3b32f0795463.__CR0,0,2000,2000_PT0_SX220_V1___.jpg\"><img decoding=\"async\" alt=\"MSI OLED Care 2.0\" src=\"https:\/\/m.media-amazon.com\/images\/S\/aplus-media\/vc\/3fad25f4-cd49-46be-acc1-3b32f0795463.__CR0,0,2000,2000_PT0_SX220_V1___.jpg\">  <\/p>\n<p>                                                    MSI OLED Care 2.0                                     <\/p>\n<p class=\"a-size-small\"> MSI OLED Care 2.0 reduce dr\u00e1sticamente el riesgo de quemado de la pantalla OLED:  Pixel shifting (movimiento) Protecci\u00f3n de la losa (actualizaci\u00f3n) Detecci\u00f3n de imagen est\u00e1tica (oscurecimiento) MSI Gaming Intelligence ofrece una gran cantidad de funciones de juego inteligentes como Smart Crosshair, Optix Scope y AI Vision para una experiencia de juego mejorada. <\/p>\n<p class=\"apm-text-center\">\n                                                      <img decoding=\"async\" alt=\"Caracter\u00edsticas pr\u00e1cticas\" src=\"https:\/\/images-na.ssl-images-amazon.com\/images\/G\/01\/x-locale\/common\/grey-pixel.gif\" class=\"a-lazy-loaded\" data-src=\"https:\/\/m.media-amazon.com\/images\/S\/aplus-media\/vc\/c1813fe9-86dc-4f7e-ae9f-6f4a8aeb73be.__CR0,0,2000,2000_PT0_SX220_V1___.jpg\"><img decoding=\"async\" alt=\"Caracter\u00edsticas pr\u00e1cticas\" src=\"https:\/\/m.media-amazon.com\/images\/S\/aplus-media\/vc\/c1813fe9-86dc-4f7e-ae9f-6f4a8aeb73be.__CR0,0,2000,2000_PT0_SX220_V1___.jpg\">  <\/p>\n<p>                                                    Caracter\u00edsticas pr\u00e1cticas                                     <\/p>\n<p class=\"a-size-small\"> Con MSI Mystic Light, los efectos de luz del monitor se pueden sincronizar f\u00e1cilmente con otros dispositivos compatibles con Mystic Light. La tecnolog\u00eda KVM permite que dos sistemas independientes se conecten simult\u00e1neamente a un solo conjunto de pantalla\/teclado\/mouse, y se admite en la vista PiP (Picture in Picture) y PbP (Picture by Picture). <\/p>\n<p class=\"apm-text-center\">\n                                                      <img decoding=\"async\" alt=\"Conectividad de primer nivel\" src=\"https:\/\/images-na.ssl-images-amazon.com\/images\/G\/01\/x-locale\/common\/grey-pixel.gif\" class=\"a-lazy-loaded\" data-src=\"https:\/\/m.media-amazon.com\/images\/S\/aplus-media\/vc\/636509c1-5b94-4f57-854d-b3eef31a0832.__CR0,0,2000,2000_PT0_SX220_V1___.jpg\"><img decoding=\"async\" alt=\"Conectividad de primer nivel\" src=\"https:\/\/m.media-amazon.com\/images\/S\/aplus-media\/vc\/636509c1-5b94-4f57-854d-b3eef31a0832.__CR0,0,2000,2000_PT0_SX220_V1___.jpg\">  <\/p>\n<p>                                                    Conectividad de primer nivel                                     <\/p>\n<p class=\"a-size-small\"> Un concentrador USB incorporado se puede activar a trav\u00e9s de un cable USB tipo B (incluido)  2 x USB 3.2 Tipo-A 1 x USB 3.2 Tipo-B. Puertos de visualizaci\u00f3n:  DisplayPort 2.1a: 3840 x 2160 (240 Hz m\u00e1x.) 2 x HDMI 2.1: 3840 x 2160 (240 Hz m\u00e1x.) USB tipo C: 3840 x 2160 (240 Hz m\u00e1x. DP alt.) con potencia de alimentaci\u00f3n de 98 W  <\/p>\n<p> Language                                            \u200f                                            :                                            \u200e                                            English   <br \/> Product Dimensions                                            \u200f                                            :                                            \u200e                                            61 x 43 x 25 cm; 8.1 kg   <br \/> Manufacturer                                            \u200f                                            :                                            \u200e                                            MSI   <br \/> ASIN                                            \u200f                                            :                                            \u200e                                            B0DQCQN2XR   <br \/> Item model number                                            \u200f                                            :                                            \u200e                                            9S6-3CD79A-015   <br \/> Country\/Region of Origin                                            \u200f                                            :                                            \u200e                                            Spain   <br \/> Guaranteed software updates until                                            \u200f                                            :                                            \u200e                                            unknown   <br \/>  Customer reviews:                                                                                            4.6               4.6 out of 5 stars                                  (75)                                              var dpAcrHasRegisteredArcLinkClickAction;                    P.when(&#8216;A&#8217;, &#8216;ready&#8217;).execute(function(A) {                        if (dpAcrHasRegisteredArcLinkClickAction !== true) {                            dpAcrHasRegisteredArcLinkClickAction = true;                            A.declarative(                                &#8216;acrLink-click-metrics&#8217;, &#8216;click&#8217;,                                { \u00aballowLinkDefault\u00bb: true },                                function (event) {                                    if (window.ue) {                                        ue.count(\u00abacrLinkClickCount\u00bb, (ue.count(\u00abacrLinkClickCount\u00bb) || 0) + 1);                                    }                                }                            );                        }                    });                                             P.when(&#8216;A&#8217;, &#8216;cf&#8217;).execute(function(A) {                A.declarative(&#8216;acrStarsLink-click-metrics&#8217;, &#8216;click&#8217;, { \u00aballowLinkDefault\u00bb : true },  function(event){                    if(window.ue) {                        ue.count(\u00abacrStarsLinkWithPopoverClickCount\u00bb, (ue.count(\u00abacrStarsLinkWithPopoverClickCount\u00bb) || 0) + 1);                    }                });            });                          <\/p>\n<p>QD-OLED-The MSI MPG 272URX QD-OLED gaming monitor is equipped with a 5-layer tandem OLED panel with EL Gen 3 technology, which improves efficiency by up to 30%; this monitor delivers amazing clarity with 166 PPI and ensures reliable performance<br \/>26.5&#8243; UHD, 10-BITS COLOR &#8211; One Quantum Dot OLED panel displays 1.07 billion colors (10-bit, 99% DCI-P3) with extreme Delta E \u22642 color accuracy; VESA DisplayHDR True Black 400 certified (native contrast ratio 1500000:1) and up to 1000 nit<br \/>240HZ COOLING RATE, 0.03MS RESPONSE TIME &#8211; A high refresh rate of 240Hz is complemented by an incredibly low response time of 0.03ms (GtG) for an amazing VESA ClearMR 13000 rating; Graphene heatsink<br \/>SMART GAMING &#8211; MSI GI software includes OLED Care 2.0 to prevent burnout, AI (Smart Crosshair) compatible software, console modes, and gaming assistance; KVM 1.0 support, PiP\/PbP; RGB lighting and adjustable support<br \/>GUARD CONNECTIVITY: interface options for PC, Mac, consoles and laptops (all UHD\/240Hz) include DisplayPort 2.1a, HDMI 2.1 CEC and USB Type-C ports with Power Delivery (98W); includes a USB hub with 1 USB 3.2 Gen1 port<\/p>\n\n","protected":false},"excerpt":{"rendered":"<p> From the manufacturer MSI: For Gamers &amp; Creators MSI es una de las marcas m\u00e1s<\/p>","protected":false},"featured_media":27505,"comment_status":"open","ping_status":"closed","template":"","meta":[],"product_brand":[],"product_cat":[53],"product_tag":[1299,2587,1298,8072,1804,1801,1802,1805,1803,1799,1807,1806,307,1305,3624,8073,617,960,544,4837,844,1660,1262,884,1033,1808,4808,5871,685,381,684,1800,133,8074],"class_list":{"0":"post-27504","1":"product","2":"type-product","3":"status-publish","4":"has-post-thumbnail","6":"product_cat-4k-monitors","7":"product_tag-0-03ms","8":"product_tag-2-1a","9":"product_tag-240hz","10":"product_tag-272urx","11":"product_tag-32-inch-4k-monitor","12":"product_tag-3840x2160-monitor","13":"product_tag-4k-gaming-monitor","14":"product_tag-4k-hdr-monitor","15":"product_tag-4k-ips-monitor","16":"product_tag-4k-monitor","17":"product_tag-4k-monitor-price","18":"product_tag-best-4k-monitor","19":"product_tag-black","20":"product_tag-dcip3","21":"product_tag-displayhdr","22":"product_tag-dotel","23":"product_tag-gaming","24":"product_tag-gen3","25":"product_tag-hdmi","26":"product_tag-kvm","27":"product_tag-monitor","28":"product_tag-mpg","29":"product_tag-msi","30":"product_tag-oled","31":"product_tag-panel","32":"product_tag-professional-4k-monitor","33":"product_tag-qdoled","34":"product_tag-quantum","35":"product_tag-true","36":"product_tag-typec","37":"product_tag-uhd","38":"product_tag-uhd-monitor","39":"product_tag-usb","40":"product_tag-e2","42":"first","43":"instock","44":"sale","45":"shipping-taxable","46":"product-type-external"},"_links":{"self":[{"href":"https:\/\/comprasyconsejos.store\/en\/wp-json\/wp\/v2\/product\/27504","targetHints":{"allow":["GET"]}}],"collection":[{"href":"https:\/\/comprasyconsejos.store\/en\/wp-json\/wp\/v2\/product"}],"about":[{"href":"https:\/\/comprasyconsejos.store\/en\/wp-json\/wp\/v2\/types\/product"}],"replies":[{"embeddable":true,"href":"https:\/\/comprasyconsejos.store\/en\/wp-json\/wp\/v2\/comments?post=27504"}],"version-history":[{"count":0,"href":"https:\/\/comprasyconsejos.store\/en\/wp-json\/wp\/v2\/product\/27504\/revisions"}],"wp:featuredmedia":[{"embeddable":true,"href":"https:\/\/comprasyconsejos.store\/en\/wp-json\/wp\/v2\/media\/27505"}],"wp:attachment":[{"href":"https:\/\/comprasyconsejos.store\/en\/wp-json\/wp\/v2\/media?parent=27504"}],"wp:term":[{"taxonomy":"product_brand","embeddable":true,"href":"https:\/\/comprasyconsejos.store\/en\/wp-json\/wp\/v2\/product_brand?post=27504"},{"taxonomy":"product_cat","embeddable":true,"href":"https:\/\/comprasyconsejos.store\/en\/wp-json\/wp\/v2\/product_cat?post=27504"},{"taxonomy":"product_tag","embeddable":true,"href":"https:\/\/comprasyconsejos.store\/en\/wp-json\/wp\/v2\/product_tag?post=27504"}],"curies":[{"name":"wp","href":"https:\/\/api.w.org\/{rel}","templated":true}]}}