{"id":27512,"date":"2026-02-20T16:13:51","date_gmt":"2026-02-20T16:13:51","guid":{"rendered":"https:\/\/comprasyconsejos.store\/product\/asus-tuf-gaming-vg27aqa1a-27-wqhd-2560x1440-overclock-170hz-above-144hz-extreme-low-motion-blur-freesync-premium-1ms-mprt-shadow-boost-hdr-displaywidget-lite\/"},"modified":"2026-02-20T16:13:59","modified_gmt":"2026-02-20T16:13:59","slug":"asus-tuf-gaming-vg27aqa1a-27-wqhd-2560x1440-overclock-170hz-above-144hz-extreme-low-motion-blur-freesync-premium-1ms-mprt-shadow-boost-hdr-displaywidget-lite","status":"publish","type":"product","link":"https:\/\/comprasyconsejos.store\/en\/product\/asus-tuf-gaming-vg27aqa1a-27-wqhd-2560x1440-overclock-170hz-above-144hz-extreme-low-motion-blur-freesync-premium-1ms-mprt-shadow-boost-hdr-displaywidget-lite\/","title":{"rendered":"ASUS TUF Gaming VG27AQA1A &#8211; 27&#8243; WQHD (2560&#215;1440), Overclock 170Hz (above 144Hz), Extreme Low Motion Blur, Freesync Premium, 1ms (MPRT), Shadow Boost, HDR, DisplayWidget Lite"},"content":{"rendered":"<p>Price: <span style=\"color:#b12704\">\u20ac191.90<\/span><br \/><i><small>(as of Feb 20, 2026 16:13:51 UTC &#8211; <span class=\"wp_automatic_amazon_disclaimer\" title=\"Product prices and availability are accurate as of the date\/time indicated and are subject to change. Any price and availability information displayed on [relevant Amazon Site(s), as applicable] at the time of purchase will apply to the purchase of this product.\">Details<\/span>)<\/small><\/i><\/p>\n<p><a href=\"https:\/\/amazon.es\/dp\/B0BSXBCS3C?tag=man008-21\"><img decoding=\"async\" src=\"https:\/\/valvepress.s3.amazonaws.com\/imgs\/buy_now.png\"><\/a><br \/>\n<\/p>\n<p>                                             From the brand   <\/p>\n<p>                                              <img decoding=\"async\" alt=\"Brandstory04\" src=\"https:\/\/images-na.ssl-images-amazon.com\/images\/G\/01\/x-locale\/common\/grey-pixel.gif\" class=\"a-lazy-loaded\" data-src=\"https:\/\/m.media-amazon.com\/images\/S\/aplus-media-library-service-media\/0429a6be-6f82-41b9-8988-862794575549.__CR0,0,1464,625_PT0_SX1464_V1___.jpg\"><img decoding=\"async\" alt=\"Brandstory04\" src=\"https:\/\/m.media-amazon.com\/images\/S\/aplus-media-library-service-media\/0429a6be-6f82-41b9-8988-862794575549.__CR0,0,1464,625_PT0_SX1464_V1___.jpg\">  <\/p>\n<h3> Productos Populares <\/h3>\n<p class=\"apm-brand-story-stores-link\">\n<h3> Placa base ASUS <\/h3>\n<p class=\"apm-brand-story-stores-link\">\n<h3> Monitores ASUS <\/h3>\n<p class=\"apm-brand-story-stores-link\">\n<h3> Tarjetas gr\u00e1ficas ASUS <\/h3>\n<p class=\"apm-brand-story-stores-link\">\n<p>                                              <img decoding=\"async\" alt=\"\" src=\"https:\/\/images-na.ssl-images-amazon.com\/images\/G\/01\/x-locale\/common\/grey-pixel.gif\" class=\"a-lazy-loaded\" data-src=\"https:\/\/m.media-amazon.com\/images\/S\/aplus-media-library-service-media\/2e33e00c-8464-4af1-9625-76a7c6b937d6.__CR0,0,362,453_PT0_SX362_V1___.jpg\"><img decoding=\"async\" alt=\"\" src=\"https:\/\/m.media-amazon.com\/images\/S\/aplus-media-library-service-media\/2e33e00c-8464-4af1-9625-76a7c6b937d6.__CR0,0,362,453_PT0_SX362_V1___.jpg\">  <\/p>\n<h3> Premios <\/h3>\n<p> Is discontinued by manufacturer                                            \u200f                                            :                                            \u200e                                            No   <br \/> Language                                            \u200f                                            :                                            \u200e                                            English, English, English, English   <br \/> Product Dimensions                                            \u200f                                            :                                            \u200e                                            5.1 x 61.5 x 53.4 cm; 4.65 kg   <br \/> Manufacturer                                            \u200f                                            :                                            \u200e                                            ASUS   <br \/> ASIN                                            \u200f                                            :                                            \u200e                                            B0BSXBCS3C   <br \/> Item model number                                            \u200f                                            :                                            \u200e                                            90LM05Z0-B05370   <br \/> Guaranteed software updates until                                            \u200f                                            :                                            \u200e                                            unknown   <br \/>  Customer reviews:                                                                                            4.3               4.3 out of 5 stars                                  (316)                                              var dpAcrHasRegisteredArcLinkClickAction;                    P.when(&#8216;A&#8217;, &#8216;ready&#8217;).execute(function(A) {                        if (dpAcrHasRegisteredArcLinkClickAction !== true) {                            dpAcrHasRegisteredArcLinkClickAction = true;                            A.declarative(                                &#8216;acrLink-click-metrics&#8217;, &#8216;click&#8217;,                                { \u00aballowLinkDefault\u00bb: true },                                function (event) {                                    if (window.ue) {                                        ue.count(\u00abacrLinkClickCount\u00bb, (ue.count(\u00abacrLinkClickCount\u00bb) || 0) + 1);                                    }                                }                            );                        }                    });                                             P.when(&#8216;A&#8217;, &#8216;cf&#8217;).execute(function(A) {                A.declarative(&#8216;acrStarsLink-click-metrics&#8217;, &#8216;click&#8217;, { \u00aballowLinkDefault\u00bb : true },  function(event){                    if(window.ue) {                        ue.count(\u00abacrStarsLinkWithPopoverClickCount\u00bb, (ue.count(\u00abacrStarsLinkWithPopoverClickCount\u00bb) || 0) + 1);                    }                });            });                          <\/p>\n<p>Monitor Gaming WQHD (2560 x 1440) de 27 pulgadas con overclocking a una tasa de refresco de 170 Hz, dise\u00f1ado para jugadores profesionales y experiencia de juego envolvente<br \/>Tiempo de respuesta de 1 ms (MPRT) para un juego fluido, y tecnolog\u00eda ASUS Extreme Low Motion Blur (ELMB ) para reducir a\u00fan m\u00e1s el efecto de ghosting y el desenfoque de movimiento<br \/>FreeSync Premium ofrece una experiencia de juego fluida y sin tearing al activar VRR (tasa de refresco variable) por defecto<br \/>La tecnolog\u00eda de alto rango din\u00e1mico (HDR) admite el formato HDR-10 para realzar las zonas claras y oscuras<\/p>\n\n","protected":false},"excerpt":{"rendered":"<p> From the brand Productos Populares Placa base ASUS Monitores ASUS Tarjetas gr\u00e1ficas ASUS Premios Is<\/p>","protected":false},"featured_media":27513,"comment_status":"open","ping_status":"closed","template":"","meta":[],"product_brand":[],"product_cat":[52,54],"product_tag":[1817,853,1822,3755,1918,2265,1819,1821,1816,1824,850,1823,2339,1727,1825,1306,1470,1922,617,1813,1820,3977,2338,2267,8076,1035,1818,2340,851,8075,2099],"class_list":{"0":"post-27512","1":"product","2":"type-product","3":"status-publish","4":"has-post-thumbnail","6":"product_cat-2k-monitors","7":"product_cat-curved-monitors","8":"product_tag-1440p-monitor","9":"product_tag-144hz","10":"product_tag-144hz-2k-monitor","11":"product_tag-170hz","12":"product_tag-1ms","13":"product_tag-2560x1440","14":"product_tag-27-inch-2k-monitor","15":"product_tag-2k-gaming-monitor","16":"product_tag-2k-monitor","17":"product_tag-2k-monitor-price","18":"product_tag-asus","19":"product_tag-best-2k-monitor","20":"product_tag-blur","21":"product_tag-boost","22":"product_tag-curved-2k-monitor","23":"product_tag-displaywidget","24":"product_tag-extreme","25":"product_tag-freesync","26":"product_tag-gaming","27":"product_tag-hdr","28":"product_tag-ips-2k-monitor","29":"product_tag-lite","30":"product_tag-motion","31":"product_tag-mprt","32":"product_tag-overclock","33":"product_tag-premium","34":"product_tag-qhd-monitor","35":"product_tag-shadow","36":"product_tag-tuf","37":"product_tag-vg27aqa1a","38":"product_tag-wqhd","40":"first","41":"instock","42":"shipping-taxable","43":"product-type-external"},"_links":{"self":[{"href":"https:\/\/comprasyconsejos.store\/en\/wp-json\/wp\/v2\/product\/27512","targetHints":{"allow":["GET"]}}],"collection":[{"href":"https:\/\/comprasyconsejos.store\/en\/wp-json\/wp\/v2\/product"}],"about":[{"href":"https:\/\/comprasyconsejos.store\/en\/wp-json\/wp\/v2\/types\/product"}],"replies":[{"embeddable":true,"href":"https:\/\/comprasyconsejos.store\/en\/wp-json\/wp\/v2\/comments?post=27512"}],"version-history":[{"count":0,"href":"https:\/\/comprasyconsejos.store\/en\/wp-json\/wp\/v2\/product\/27512\/revisions"}],"wp:featuredmedia":[{"embeddable":true,"href":"https:\/\/comprasyconsejos.store\/en\/wp-json\/wp\/v2\/media\/27513"}],"wp:attachment":[{"href":"https:\/\/comprasyconsejos.store\/en\/wp-json\/wp\/v2\/media?parent=27512"}],"wp:term":[{"taxonomy":"product_brand","embeddable":true,"href":"https:\/\/comprasyconsejos.store\/en\/wp-json\/wp\/v2\/product_brand?post=27512"},{"taxonomy":"product_cat","embeddable":true,"href":"https:\/\/comprasyconsejos.store\/en\/wp-json\/wp\/v2\/product_cat?post=27512"},{"taxonomy":"product_tag","embeddable":true,"href":"https:\/\/comprasyconsejos.store\/en\/wp-json\/wp\/v2\/product_tag?post=27512"}],"curies":[{"name":"wp","href":"https:\/\/api.w.org\/{rel}","templated":true}]}}