{"id":27521,"date":"2026-02-20T16:16:53","date_gmt":"2026-02-20T16:16:53","guid":{"rendered":"https:\/\/comprasyconsejos.store\/product\/taurus-citrus-glass-juicer-double-way-rotation-30-w-1-liter-0-decibels-plastic-multicolor\/"},"modified":"2026-02-20T16:17:02","modified_gmt":"2026-02-20T16:17:02","slug":"taurus-citrus-glass-juicer-double-way-rotation-30-w-1-liter-0-decibels-plastic-multicolor","status":"publish","type":"product","link":"https:\/\/comprasyconsejos.store\/en\/product\/taurus-citrus-glass-juicer-double-way-rotation-30-w-1-liter-0-decibels-plastic-multicolor\/","title":{"rendered":"Taurus Citrus Glass Juicer, Double-Way Rotation, 30 W, 1 Liter, 0 Decibels, Plastic, Multicolor"},"content":{"rendered":"<p>Price: <span style=\"color:#b12704\"><del>\u20ac29.99<\/del> - \u20ac23.99<\/span><br \/><i><small>(as of Feb 20, 2026 16:16:54 UTC &#8211; <span class=\"wp_automatic_amazon_disclaimer\" title=\"Product prices and availability are accurate as of the date\/time indicated and are subject to change. Any price and availability information displayed on [relevant Amazon Site(s), as applicable] at the time of purchase will apply to the purchase of this product.\">Details<\/span>)<\/small><\/i><\/p>\n<p><a href=\"https:\/\/amazon.es\/dp\/B074K753Q8?tag=man008-21\"><img decoding=\"async\" src=\"https:\/\/valvepress.s3.amazonaws.com\/imgs\/buy_now.png\"><\/a><br \/>\n<\/p>\n<p>                                             From the brand   <\/p>\n<p>                                              <img decoding=\"async\" alt=\"El texto dice \u00abtauro\u00bb. Escena de encimera de cocina con licuadora y utensilios para preparar alimentos en un ambiente moderno y luminoso.\" src=\"https:\/\/images-na.ssl-images-amazon.com\/images\/G\/01\/x-locale\/common\/grey-pixel.gif\" class=\"a-lazy-loaded\" data-src=\"https:\/\/m.media-amazon.com\/images\/S\/aplus-media-library-service-media\/ab9cba4b-8fcc-46c2-aac7-41506b7be4e7.__CR0,0,1464,625_PT0_SX1464_V1___.jpg\"><img decoding=\"async\" alt=\"El texto dice \u00abtauro\u00bb. Escena de encimera de cocina con licuadora y utensilios para preparar alimentos en un ambiente moderno y luminoso.\" src=\"https:\/\/m.media-amazon.com\/images\/S\/aplus-media-library-service-media\/ab9cba4b-8fcc-46c2-aac7-41506b7be4e7.__CR0,0,1464,625_PT0_SX1464_V1___.jpg\">  <\/p>\n<p>                                              <img decoding=\"async\" alt=\"\" src=\"https:\/\/images-na.ssl-images-amazon.com\/images\/G\/01\/x-locale\/common\/grey-pixel.gif\" class=\"a-lazy-loaded\" data-src=\"https:\/\/m.media-amazon.com\/images\/S\/aplus-media-library-service-media\/8c51877c-5429-4124-a99b-bae3acb06828.__CR0,0,315,145_PT0_SX315_V1___.jpg\"><img decoding=\"async\" alt=\"\" src=\"https:\/\/m.media-amazon.com\/images\/S\/aplus-media-library-service-media\/8c51877c-5429-4124-a99b-bae3acb06828.__CR0,0,315,145_PT0_SX315_V1___.jpg\">  <\/p>\n<p> INNOVACI\u00d3N QUE SIMPLIFICA TU VIDA <\/p>\n<p> Taurus combina dise\u00f1o, funcionalidad y calidad para ofrecer soluciones que marcan la diferencia. Desde 1962 trabajamos d\u00eda a d\u00eda con un \u00fanico objetivo: Hacer tu vida en el hogar m\u00e1s sencilla y c\u00f3moda. Por ello apostamos por la innovaci\u00f3n y la sostenibilidad en el desarrollo de nuestros electrodom\u00e9sticos. <\/p>\n<p>                                              <img decoding=\"async\" alt=\"de acero inoxidable con tarro de cristal que contiene batido verde. Recipientes port\u00e1tiles adicionales para mezclar visibles en la encimera con los ingredientes cerca\" src=\"https:\/\/images-na.ssl-images-amazon.com\/images\/G\/01\/x-locale\/common\/grey-pixel.gif\" class=\"a-lazy-loaded\" data-src=\"https:\/\/m.media-amazon.com\/images\/S\/aplus-media-library-service-media\/6f78f765-97ae-4839-9c38-5993eab8fb49.__CR0,0,362,453_PT0_SX362_V1___.jpg\"><img decoding=\"async\" alt=\"de acero inoxidable con tarro de cristal que contiene batido verde. Recipientes port\u00e1tiles adicionales para mezclar visibles en la encimera con los ingredientes cerca\" src=\"https:\/\/m.media-amazon.com\/images\/S\/aplus-media-library-service-media\/6f78f765-97ae-4839-9c38-5993eab8fb49.__CR0,0,362,453_PT0_SX362_V1___.jpg\">  <\/p>\n<h3> Tu aliado en la cocina <\/h3>\n<p class=\"apm-brand-story-stores-link\">\n<p>                                              <img decoding=\"async\" alt=\"El texto dice \u00abHOGAR\u00bb. Serie de im\u00e1genes que muestran la colocaci\u00f3n y el funcionamiento de un dispositivo rob\u00f3tico de limpieza en superficies de suelo.\" src=\"https:\/\/images-na.ssl-images-amazon.com\/images\/G\/01\/x-locale\/common\/grey-pixel.gif\" class=\"a-lazy-loaded\" data-src=\"https:\/\/m.media-amazon.com\/images\/S\/aplus-media-library-service-media\/b05a7527-0a8c-45c8-9454-efe1d12446e6.__CR0,0,362,453_PT0_SX362_V1___.jpg\"><img decoding=\"async\" alt=\"El texto dice \u00abHOGAR\u00bb. Serie de im\u00e1genes que muestran la colocaci\u00f3n y el funcionamiento de un dispositivo rob\u00f3tico de limpieza en superficies de suelo.\" src=\"https:\/\/m.media-amazon.com\/images\/S\/aplus-media-library-service-media\/b05a7527-0a8c-45c8-9454-efe1d12446e6.__CR0,0,362,453_PT0_SX362_V1___.jpg\">  <\/p>\n<h3> Tecnolog\u00eda y eficiencia <\/h3>\n<p class=\"apm-brand-story-stores-link\">\n<p>                                              <img decoding=\"async\" alt=\"El texto dice \u00abCLIMATIZACI\u00d3N\u00bb. Vista interior de la habitaci\u00f3n que muestra el ventilador de techo y la l\u00e1mpara en un entorno moderno y minimalista con paredes neutras.\" src=\"https:\/\/images-na.ssl-images-amazon.com\/images\/G\/01\/x-locale\/common\/grey-pixel.gif\" class=\"a-lazy-loaded\" data-src=\"https:\/\/m.media-amazon.com\/images\/S\/aplus-media-library-service-media\/fc444072-2f8b-4d47-8cd3-2ba7e71867dd.__CR0,0,362,453_PT0_SX362_V1___.jpg\"><img decoding=\"async\" alt=\"El texto dice \u00abCLIMATIZACI\u00d3N\u00bb. Vista interior de la habitaci\u00f3n que muestra el ventilador de techo y la l\u00e1mpara en un entorno moderno y minimalista con paredes neutras.\" src=\"https:\/\/m.media-amazon.com\/images\/S\/aplus-media-library-service-media\/fc444072-2f8b-4d47-8cd3-2ba7e71867dd.__CR0,0,362,453_PT0_SX362_V1___.jpg\">  <\/p>\n<h3> Confort y dise\u00f1o de la mano <\/h3>\n<p class=\"apm-brand-story-stores-link\">\n<p> Batteries                                            \u200f                                            :                                            \u200e                                            1 AA batteries required.   <br \/> Is discontinued by manufacturer                                            \u200f                                            :                                            \u200e                                            No   <br \/> Language                                            \u200f                                            :                                            \u200e                                            English, English, English, English, English   <br \/> Product Dimensions                                            \u200f                                            :                                            \u200e                                            17.5 x 17.6 x 17.6 cm; 1.1 kg   <br \/> Date First Available                                            \u200f                                            :                                            \u200e                                            3 Aug. 2017   <br \/> Manufacturer                                            \u200f                                            :                                            \u200e                                            TAURUS ES   <br \/> ASIN                                            \u200f                                            :                                            \u200e                                            B074K753Q8   <br \/> Item model number                                            \u200f                                            :                                            \u200e                                            Citrus Glass   <br \/> Country of origin                                            \u200f                                            :                                            \u200e                                            China   <br \/>       Best Sellers Rank:  1,545 in Home &#038; Kitchen (See Top 100 in Home &#038; Kitchen)    6 in Electric Citrus Juicers      <br \/>  Customer reviews:                                                                                            4.0               4.0 out of 5 stars                                  (1,588)                                              var dpAcrHasRegisteredArcLinkClickAction;                    P.when(&#8216;A&#8217;, &#8216;ready&#8217;).execute(function(A) {                        if (dpAcrHasRegisteredArcLinkClickAction !== true) {                            dpAcrHasRegisteredArcLinkClickAction = true;                            A.declarative(                                &#8216;acrLink-click-metrics&#8217;, &#8216;click&#8217;,                                { \u00aballowLinkDefault\u00bb: true },                                function (event) {                                    if (window.ue) {                                        ue.count(\u00abacrLinkClickCount\u00bb, (ue.count(\u00abacrLinkClickCount\u00bb) || 0) + 1);                                    }                                }                            );                        }                    });                                             P.when(&#8216;A&#8217;, &#8216;cf&#8217;).execute(function(A) {                A.declarative(&#8216;acrStarsLink-click-metrics&#8217;, &#8216;click&#8217;, { \u00aballowLinkDefault\u00bb : true },  function(event){                    if(window.ue) {                        ue.count(\u00abacrStarsLinkWithPopoverClickCount\u00bb, (ue.count(\u00abacrStarsLinkWithPopoverClickCount\u00bb) || 0) + 1);                    }                });            });                          <\/p>\n<p>[EFFICIENT POWER] Juicer with 30W power, ideal for extracting maximum juice quickly and effortlessly.<br \/>\u3010LARGE CAPACITY TANK\u3011It has a 1 litre graduated glass jug with enough capacity to prepare several servings of juice in a single extraction.<br \/>[DUAL ROTATION STEERING\u3011 Dual direction rotation system, which maximizes juice extraction for better fruit use.<br \/>\u3010PULP REGULATOR FILTER\u3011 Adjust the amount of pulp in your juice thanks to the pulp regulator, to adapt it to your preference. In addition, it has 2 cones of different size suitable for all types of citrus, oranges, lemons, grapefruits..<br \/>\u3010EASY CLEANING AND STORAGE\u3011 Detachable design, with dishwasher safe pitcher and cones, plus convenient storage inside the jug itself. All parts are BPA free.<\/p>\n\n","protected":false},"excerpt":{"rendered":"<p> From the brand INNOVACI\u00d3N QUE SIMPLIFICA TU VIDA Taurus combina dise\u00f1o, funcionalidad y calidad para<\/p>","protected":false},"featured_media":27522,"comment_status":"open","ping_status":"closed","template":"","meta":[],"product_brand":[],"product_cat":[82],"product_tag":[1838,8078,8082,8080,1677,1839,1830,1833,8079,1831,8081,1836,4133,1145,1835,3070,1832,8077,1837,1834],"class_list":{"0":"post-27521","1":"product","2":"type-product","3":"status-publish","4":"has-post-thumbnail","6":"product_cat-home-appliance","7":"product_tag-air-conditioners","8":"product_tag-citrus","9":"product_tag-decibels","10":"product_tag-doubleway","11":"product_tag-glass","12":"product_tag-home-appliance-deals","13":"product_tag-home-appliances","14":"product_tag-home-electronics","15":"product_tag-juicer","16":"product_tag-kitchen-appliances","17":"product_tag-liter","18":"product_tag-microwave-ovens","19":"product_tag-multicolor","20":"product_tag-plastic","21":"product_tag-refrigerators","22":"product_tag-rotation","23":"product_tag-small-home-appliances","24":"product_tag-taurus","25":"product_tag-vacuum-cleaners","26":"product_tag-washing-machines","28":"first","29":"instock","30":"sale","31":"shipping-taxable","32":"product-type-external"},"_links":{"self":[{"href":"https:\/\/comprasyconsejos.store\/en\/wp-json\/wp\/v2\/product\/27521","targetHints":{"allow":["GET"]}}],"collection":[{"href":"https:\/\/comprasyconsejos.store\/en\/wp-json\/wp\/v2\/product"}],"about":[{"href":"https:\/\/comprasyconsejos.store\/en\/wp-json\/wp\/v2\/types\/product"}],"replies":[{"embeddable":true,"href":"https:\/\/comprasyconsejos.store\/en\/wp-json\/wp\/v2\/comments?post=27521"}],"version-history":[{"count":0,"href":"https:\/\/comprasyconsejos.store\/en\/wp-json\/wp\/v2\/product\/27521\/revisions"}],"wp:featuredmedia":[{"embeddable":true,"href":"https:\/\/comprasyconsejos.store\/en\/wp-json\/wp\/v2\/media\/27522"}],"wp:attachment":[{"href":"https:\/\/comprasyconsejos.store\/en\/wp-json\/wp\/v2\/media?parent=27521"}],"wp:term":[{"taxonomy":"product_brand","embeddable":true,"href":"https:\/\/comprasyconsejos.store\/en\/wp-json\/wp\/v2\/product_brand?post=27521"},{"taxonomy":"product_cat","embeddable":true,"href":"https:\/\/comprasyconsejos.store\/en\/wp-json\/wp\/v2\/product_cat?post=27521"},{"taxonomy":"product_tag","embeddable":true,"href":"https:\/\/comprasyconsejos.store\/en\/wp-json\/wp\/v2\/product_tag?post=27521"}],"curies":[{"name":"wp","href":"https:\/\/api.w.org\/{rel}","templated":true}]}}